{"id":4860,"date":"2022-07-19T11:14:59","date_gmt":"2022-07-19T11:14:59","guid":{"rendered":"https:\/\/www.hadleygroup.com\/?page_id=4860"},"modified":"2023-02-23T09:02:14","modified_gmt":"2023-02-23T09:02:14","slug":"rolvormen-aluminium-profielen","status":"publish","type":"page","link":"https:\/\/www.hadleygroup.com\/nl\/rolvormen-op-maat\/rolvormen-aluminium-profielen\/","title":{"rendered":"Rolvormen van aluminium profielen"},"content":{"rendered":"<background-video inline-template :autoplay=\"true\" video=\"\"> \n<section class=\"wp-block-stradigi-gutenberg-hero g-hero container-fluid p-0 g-hero--has-overlay\" style=\"background-image:url(&quot;https:\/\/www.hadleygroup.com\/app\/uploads\/2022\/04\/DSC_1507.jpg&quot;)\" data-youtube-url=\"\"><div class=\"g-hero--filter\"><\/div><div class=\"g-hero__container container\"><div class=\"g-hero__wrap\"><h1 class=\"g-hero__heading\">Rolvormen van aluminium profielen<\/h1><div class=\"g-hero__body\"><div class=\"g-hero__body__text\"><p>Aluminium is een perfect materiaal om te rolvormen. Steeds meer bedrijven kiezen voor een gerolvormd profiel van aluminium. Het is namelijk een uitstekend materiaal om te innoveren en invulling te geven aan ambities op het gebied van duurzaamheid.<\/p><\/div><div class=\"g-hero__body__buttons\"><\/div><\/div><\/div><div class=\"g-hero__chevron__container d-none d-lg-block\"><i class=\"fas fa-chevron-down fa-3x scrollDown\"><\/i><\/div><\/div><\/section>\n <\/background-video>\n\n<div class=\"JB-1 h-section-background\">\n<section class=\"wp-block-stradigi-gutenberg-fixed-spacer g-spacer g-spacer--size-medium\"><\/section>\n<\/div>\n\n<section class=\"JB-1 h-section-background g-text\"><div class=\"container\"><div class=\"row\"><div class=\"col-lg-8\"><div class=\"g-text__bodytext\">\n<p>Aluminium geeft uw ontwerpers bovendien een grote vrijheid van ontwerpen. Bijkomend voordeel is dat de eigenschappen en structuur van het aluminium door het rolvormen sterk verbeteren. De engineers van Hadley bespreken graag de mogelijkheden met u.<\/p>\n<\/div><\/div><\/div><\/div><\/section>\n\n<div class=\"JB-1 h-section-background\">\n<section class=\"wp-block-stradigi-gutenberg-text-image g-text-image\"><div class=\"container\"><div class=\"g-text-image__row row\"><div data-translate=\"true\" class=\"order-2 offset-xl-1 col-md-3\"><div class=\"g-text-image__content\"><\/div><\/div><article data-translate=\"true\" class=\"order-1 col-md-9 col-xl-8\"><div class=\"g-text-image__sidenote\"><div class=\"g-text-image__frame-wrapper\"><iframe src=\"https:\/\/player.vimeo.com\/video\/726940907?&amp;autoplay=0&amp;loop=1&amp;byline=0&amp;title=0\"><\/iframe><\/div><\/div><\/article><\/div><\/div><\/section>\n<\/div>\n\n<div class=\"JB-1 h-section-background\">\n<section class=\"wp-block-stradigi-gutenberg-fixed-spacer g-spacer g-spacer--size-klein g-spacer--size-small\"><\/section>\n<\/div>\n\n<section class=\"JB-1 h-section-background g-text\"><div class=\"container\"><div class=\"row\"><div class=\"col-lg-8\"><div class=\"g-text__title\">\n<h2 class=\"wp-block-heading\">Aluminium rolvormen inclusief in-line bewerkingen<\/h2>\n<\/div><\/div><\/div><\/div><\/section>\n\n<section class=\"JB-1 h-section-background g-text\"><div class=\"container\"><div class=\"row\"><div class=\"col-lg-8\"><div class=\"g-text__bodytext\">\n<p>Bij rolvormen maken we een aluminium profiel uit bandmateriaal. Dat gebeurt in een continu proces. Het aluminium rolt door verschillende stations met rollensets die het profiel in de gewenste vorm walsen. Tijdens dit proces kunnen er meerdere bewerkingen gelijktijdig plaatsvinden, zoals doordrukken, snijden, decoreren, perforeren en buigen. Daardoor zijn er geen of nauwelijks nabewerkingen nodig. <\/p>\n<\/div><\/div><\/div><\/div><\/section>\n\n<div class=\"JB-1 h-section-background\">\n<section class=\"wp-block-stradigi-gutenberg-text-cta g-text\"><div class=\"container\"><div class=\"row\"><div class=\"col-lg-8\"><div class=\"g-text__bodytext\"><p>Rolvormen onderscheidt zich daarmee van productietechnieken als extruderen of kanten\/zetten. Dit bespaart productietijd. We kunnen producten daardoor snel leveren. In grote series, steeds met dezelfde specificaties en (hoge) nauwkeurigheid.<\/p><\/div><a href=\"https:\/\/www.hadleygroup.com\/nl\/rolvormen-op-maat\/\" class=\"c-button g-text__button\">Lees meer over de voordelen van rolvormen<i class=\"fas fa-sm fa-chevron-right\"><\/i><\/a><\/div><\/div><\/div><\/section>\n<\/div>\n\n<div class=\"JB-1 h-section-background\">\n<section class=\"wp-block-stradigi-gutenberg-fixed-spacer g-spacer g-spacer--size-klein g-spacer--size-small\"><\/section>\n<\/div>\n\n\n<section class=\"wp-block-stradigi-gutenberg-banner g-banner container-fluid p-0 jarallax g-banner--size-medium\" style=\"background-image:url(&quot;https:\/\/www.hadleygroup.com\/app\/uploads\/2022\/04\/DSC_1112.jpg&quot;)\"><div class=\"g-banner__container container\"><div class=\"g-banner__wrap\"><div class=\"g-banner__body\"><div class=\"g-banner__body__buttons\"><\/div><\/div><\/div><\/div><\/section>\n\n\n<section class=\"JB-1 h-section-background g-text\"><div class=\"container\"><div class=\"row\"><div class=\"col-lg-8\"><div class=\"g-text__title\">\n<h2 class=\"wp-block-heading\">De sterke punten van aluminium<\/h2>\n<\/div><\/div><\/div><\/div><\/section>\n\n<section class=\"JB-1 h-section-background g-text\"><div class=\"container\"><div class=\"row\"><div class=\"col-lg-8\"><div class=\"g-text__bodytext\">\n<p>Aluminium is goed bewerkbaar, makkelijk te lassen en er zijn veel oppervlaktebehandelingen mogelijk. Daarnaast heeft aluminium een aantal andere sterke punten:<\/p>\n<\/div><\/div><\/div><\/div><\/section>\n\n<section class=\"JB-1 h-section-background g-text\"><div class=\"container\"><div class=\"row\"><div class=\"col-lg-8\"><div class=\"g-text__bodytext\">\n<ul class=\"wp-block-list\">\n<li>Aluminium is een licht metaal, het weegt ongeveer een derde van staal<\/li>\n\n\n\n<li>Het is sterk; dit vormt een ijzersterke combinatie met het lichte gewicht<\/li>\n\n\n\n<li>Het is weerbestendig<\/li>\n\n\n\n<li>Duurzaam: aluminium is een van de meest voorkomende elementen op aarde en daarom ruim aanwezig. Bovendien is het makkelijk te recyclen.<\/li>\n\n\n\n<li>Het is van nature mooi! Een anodiseer-en lakbehandeling kan het verder verfraaien en beschermen.<\/li>\n<\/ul>\n<\/div><\/div><\/div><\/div><\/section>\n\n<div class=\"JB-1 h-section-background\">\n<section class=\"wp-block-stradigi-gutenberg-fixed-spacer g-spacer g-spacer--size-klein g-spacer--size-small\"><\/section>\n<\/div>\n\n<div class=\"JB-1 h-section-background\">\n<section class=\"wp-block-stradigi-gutenberg-text-image g-text-image\"><div class=\"container\"><div class=\"g-text-image__row row\"><div data-translate=\"true\" class=\"order-1 col-md-5\"><div class=\"g-text-image__content\"><section class=\"JB-1 h-section-background g-text\"><div class=\"container\"><div class=\"row\"><div class=\"col-lg-8\"><div class=\"g-text__title\">\n<h2 class=\"wp-block-heading\">Het verspanen van aluminium<\/h2>\n<\/div><\/div><\/div><\/div><\/section>\n\n<section class=\"JB-1 h-section-background g-text\"><div class=\"container\"><div class=\"row\"><div class=\"col-lg-8\"><div class=\"g-text__bodytext\">\n<p>Aluminium is over het algemeen makkelijker te verspanen dan staal, omdat het een zachter materiaal is. Bij het verspanen van aluminium is over het algemeen 2 tot 3 keer minder vermogen nodig dan bij staal of een metaal van vergelijkbare sterkte. Met rolvormen brengen we het aluminium in koude toestand tot de gewenste vorm. Doordat het verspanen relatief eenvoudig gaat, is het proces sneller dan bijvoorbeeld bij staal. Bijkomend voordeel is dat het vervormen in koude toestand ertoe leidt dat het aluminium er sterker door wordt.<\/p>\n<\/div><\/div><\/div><\/div><\/section><\/div><\/div><article data-translate=\"true\" class=\"order-2 col-md-7 offset-xl-1 col-xl-6\"><div class=\"g-text-image__sidenote\"><img decoding=\"async\" class=\"g-text-image__image\" src=\"https:\/\/www.hadleygroup.com\/app\/uploads\/2022\/04\/DSC_1386-1024x681.jpg\" alt=\"dsc_1386-2\"\/><\/div><\/article><\/div><\/div><\/section>\n<\/div>\n\n<div class=\"JB-1 h-section-background\">\n<section class=\"wp-block-stradigi-gutenberg-fixed-spacer g-spacer g-spacer--size-klein g-spacer--size-small\"><\/section>\n<\/div>\n\n<section class=\"JB-1 h-section-background g-text\"><div class=\"container\"><div class=\"row\"><div class=\"col-lg-8\"><div class=\"g-text__title\">\n<h2 class=\"wp-block-heading\">Wij adviseren over de juiste aluminiumlegering<\/h2>\n<\/div><\/div><\/div><\/div><\/section>\n\n<section class=\"JB-1 h-section-background g-text\"><div class=\"container\"><div class=\"row\"><div class=\"col-lg-8\"><div class=\"g-text__bodytext\">\n<p>Er zijn veel verschillende aluminiumlegeringen op de markt. Iedere legering heeft zijn eigen kenmerken en sterke kanten. De ene aluminiumlegering heeft een hoge materiaalsterkte, een andere is zeer slijtvast en een derde blinkt letterlijk uit in esthetische kwaliteiten. Het is afhankelijk van uw wensen wat de beste keuze voor uw product is. Ook de vormbaarheid van een legering speelt daarbij een belangrijke rol. Onze engineers bekijken graag samen met u wat de beste oplossing is voor uw product.<\/p>\n<\/div><\/div><\/div><\/div><\/section>\n\n<div class=\"JB-1 h-section-background\">\n<section class=\"wp-block-stradigi-gutenberg-fixed-spacer g-spacer g-spacer--size-klein g-spacer--size-small\"><\/section>\n<\/div>\n\n<section class=\"JB-1 h-section-background g-text\"><div class=\"container\"><div class=\"row\"><div class=\"col-lg-8\"><div class=\"g-text__title\">\n<h2 class=\"wp-block-heading\">Gerolvormde aluminium profielen in vele markten thuis<\/h2>\n<\/div><\/div><\/div><\/div><\/section>\n\n<section class=\"JB-1 h-section-background g-text\"><div class=\"container\"><div class=\"row\"><div class=\"col-lg-8\"><div class=\"g-text__bodytext\">\n<p>Onze aluminium profielen voelen zich in veel producten thuis. Soms zijn ze zichtbaar, soms onzichtbaar. Toepassingen bevinden zich onder meer in:<\/p>\n<\/div><\/div><\/div><\/div><\/section>\n\n<section class=\"JB-1 h-section-background g-text\"><div class=\"container\"><div class=\"row\"><div class=\"col-lg-8\"><div class=\"g-text__bodytext\">\n<ul class=\"wp-block-list\">\n<li><a href=\"https:\/\/www.hadleygroup.com\/nl\/rolvormen-op-maat\/automotive\/\" target=\"_blank\" rel=\"noreferrer noopener\">Automotive<\/a>, lichte, sterke en mooie materialen zijn hier een must, net zoals een hoge mate van consistentie en nauwkeurigheid. Gerolvormde aluminium profielen passen perfect bij deze eisen. Hadley Group is\u00a0IATF 16949 gecertificeerd.<\/li>\n\n\n\n<li><a href=\"https:\/\/www.hadleygroup.com\/nl\/rolvormen-op-maat\/detailhandel-en-fulfilment\/\" target=\"_blank\" rel=\"noreferrer noopener\">Detailhandel en Fulfilment<\/a>, zoals transportbanden, sporen en op maat gemaakte componenten voor geautomatiseerde order picking.<\/li>\n\n\n\n<li><a href=\"https:\/\/www.hadleygroup.com\/nl\/rolvormen-op-maat\/landbouw\/\" target=\"_blank\" rel=\"noreferrer noopener\">Landbouw<\/a>, zoals metalen wijngaard palen en landbouwmachines.<\/li>\n\n\n\n<li><a href=\"https:\/\/www.hadleygroup.com\/nl\/rolvormen-op-maat\/industrie\/\" target=\"_blank\" rel=\"noreferrer noopener\">Industrie<\/a>, wij produceren onderdelen om voordelen te bereiken, zoals gewichts- en tijdbesparing.<\/li>\n\n\n\n<li><a href=\"https:\/\/www.hadleygroup.com\/nl\/rolvormen-op-maat\/zonne-energie\/\" target=\"_blank\" rel=\"noreferrer noopener\">Zonne-energie<\/a>, voor de ondersteuningssystemen voor op het dak, op de grond of in het water<\/li>\n<\/ul>\n<\/div><\/div><\/div><\/div><\/section>\n\n<div class=\"JB-1 h-section-background\">\n<section class=\"wp-block-stradigi-gutenberg-fixed-spacer g-spacer g-spacer--size-klein g-spacer--size-small\"><\/section>\n<\/div>\n\n\n<section class=\"wp-block-stradigi-gutenberg-banner g-banner container-fluid p-0 jarallax g-banner--size-medium\" style=\"background-image:url(&quot;https:\/\/www.hadleygroup.com\/app\/uploads\/2022\/04\/DSC_1038.jpg&quot;)\"><div class=\"g-banner__container container\"><div class=\"g-banner__wrap\"><div class=\"g-banner__body\"><div class=\"g-banner__body__buttons\"><\/div><\/div><\/div><\/div><\/section>\n\n\n<div class=\"JB-1 h-section-background\">\n<section class=\"wp-block-stradigi-gutenberg-fixed-spacer g-spacer g-spacer--size-small\"><\/section>\n<\/div>\n\n<section class=\"JB-1 h-section-background g-text\"><div class=\"container\"><div class=\"row\"><div class=\"col-lg-8\"><div class=\"g-text__title\">\n<h2 class=\"wp-block-heading\">De sterke punten van Hadley<\/h2>\n<\/div><\/div><\/div><\/div><\/section>\n\n<section class=\"JB-1 h-section-background g-text\"><div class=\"container\"><div class=\"row\"><div class=\"col-lg-8\"><div class=\"g-text__bodytext\">\n<p>Hadley Group is wereldwijd specialist en technisch markleider in rolvormen. We hebben productiefaciliteiten in Groot-Brittanni\u00eb, Nederland, Duitsland, Tsjechi\u00eb en Slowakijeen zijn ook in Azi\u00eb en het Midden-Oosten actief. Onze aluminium rolvormenhebben een hoge kwaliteit en rendement:<\/p>\n<\/div><\/div><\/div><\/div><\/section>\n\n<section class=\"JB-1 h-section-background g-text\"><div class=\"container\"><div class=\"row\"><div class=\"col-lg-8\"><div class=\"g-text__bodytext\">\n<ul class=\"wp-block-list\">\n<li>We rolvormen profielen met dunne wanden van 0,3 mm tot 8 mm en een breedte tot 1,3 m.<\/li>\n\n\n\n<li>We hanteren en garanderen hoge maattoleranties, vanaf \u00b1 0,05 mm.<\/li>\n\n\n\n<li>We kennen de kwaliteitseisen die branches stellen aan profielen. We kunnen meetrapportages, kleurtests en SpC-rapportages leveren.<\/li>\n\n\n\n<li>Onze engineers denken graag vanaf een vroegtijdig stadium met u mee. Zij kennen de mogelijkheden van aluminium rolvormen en kunnen samen met u tot de beste oplossing voor u en uw klanten komen. Vroegtijdige samenwerking levert naast nieuwe inzichten vaak ook kostenbesparingen op.<\/li>\n\n\n\n<li>Meer dan 50 technici en ingenieurs werken dagelijks aan&nbsp;<a href=\"https:\/\/www.hadleygroup.com\/nl\/rolvormen-op-maat\/hadley-group-technology\/\" target=\"_blank\" rel=\"noreferrer noopener\">onderzoek en ontwikkeling<\/a>. We ontwerpen en ontwikkelen onze machines en gereedschappen zelf<\/li>\n<\/ul>\n<\/div><\/div><\/div><\/div><\/section>\n\n<div class=\"JB-1 h-section-background\">\n<section class=\"wp-block-stradigi-gutenberg-sidenote g-sidenote\"><div class=\"container\"><div class=\"g-sidenote__row row\"><div class=\"col-lg-5\"><div class=\"g-sidenote__content\"><section class=\"JB-1 h-section-background g-text\"><div class=\"container\"><div class=\"row\"><div class=\"col-lg-8\"><div class=\"g-text__title\">\n<h2 class=\"wp-block-heading\">Heeft u een vraag?<\/h2>\n<\/div><\/div><\/div><\/div><\/section>\n\n<section class=\"JB-1 h-section-background g-text\"><div class=\"container\"><div class=\"row\"><div class=\"col-lg-8\"><div class=\"g-text__bodytext\">\n<p>Met Hadley kiest u voor kwaliteit, snelheid en kostenefficiency. En voor samenwerking, een partnership. Bent u daarin ge\u00efnteresseerd en wilt u meer weten over(complexe)aluminium gerolvormde profielen of een afspraak maken? <\/p>\n<\/div><\/div><\/div><\/div><\/section><\/div><\/div><article class=\"col-md-7 offset-xl-1 col-xl-6\"><div class=\"g-sidenote__sidenote\" style=\"background-image:url(&quot;https:\/\/www.hadleygroup.com\/app\/uploads\/2022\/06\/Werken-bij-Hadley-Group-1024x542.jpg&quot;)\"><h3 class=\"g-sidenote__sidenote-subtitle\">Wij komen graag met u in contact<\/h3><div class=\"g-sidenote__sidenote-content\"><p>Hoe eerder u ons in het proces opneemt, hoe meer u kunt profiteren van onze expertise.<\/p><\/div><a href=\"https:\/\/www.hadleygroup.com\/nl\/contact\/\" class=\"c-button g-sidenote__sidenote-cta\">Contact<i class=\"fas fa-sm fa-chevron-right\"><\/i><\/a><\/div><\/article><\/div><\/div><\/section>\n<\/div>\n\n<div class=\"JB-1 h-section-background\">\n<section class=\"wp-block-stradigi-gutenberg-fixed-spacer g-spacer g-spacer--size-small\"><\/section>\n<\/div>","protected":false},"excerpt":{"rendered":"<p>Aluminium geeft uw ontwerpers bovendien een grote vrijheid van ontwerpen. Bijkomend voordeel is dat de eigenschappen en structuur van het\u2026 <a href=\"https:\/\/www.hadleygroup.com\/nl\/rolvormen-op-maat\/rolvormen-aluminium-profielen\/\">&#8230;<\/a><\/p>\n","protected":false},"author":3,"featured_media":0,"parent":1793,"menu_order":0,"comment_status":"closed","ping_status":"closed","template":"","meta":{"_acf_changed":false,"footnotes":""},"categories":[7],"class_list":["post-4860","page","type-page","status-publish","hentry","category-geen-onderdeel-van-een-categorie"],"acf":[],"yoast_head":"<!-- This site is optimized with the Yoast SEO Premium plugin v25.1 (Yoast SEO v26.3) - https:\/\/yoast.com\/wordpress\/plugins\/seo\/ -->\n<title>Aluminium gerolvormde profielen - Hadley Group<\/title>\n<meta name=\"description\" content=\"Aluminium is een perfect materiaal om uw profiel te rolvormen. Duurzaam, sterk, licht \u00e9n mooi!\" \/>\n<meta name=\"robots\" content=\"index, follow, max-snippet:-1, max-image-preview:large, max-video-preview:-1\" \/>\n<link rel=\"canonical\" href=\"https:\/\/www.hadleygroup.com\/nl\/rolvormen-op-maat\/rolvormen-aluminium-profielen\/\" \/>\n<meta property=\"og:locale\" content=\"nl_NL\" \/>\n<meta property=\"og:type\" content=\"article\" \/>\n<meta property=\"og:title\" content=\"Rolvormen van aluminium profielen\" \/>\n<meta property=\"og:description\" content=\"Aluminium is een perfect materiaal om uw profiel te rolvormen. Duurzaam, sterk, licht \u00e9n mooi!\" \/>\n<meta property=\"og:url\" content=\"https:\/\/www.hadleygroup.com\/nl\/rolvormen-op-maat\/rolvormen-aluminium-profielen\/\" \/>\n<meta property=\"og:site_name\" content=\"Hadley Group\" \/>\n<meta property=\"article:publisher\" content=\"https:\/\/www.facebook.com\/HadleyGroupGlobal\" \/>\n<meta property=\"article:modified_time\" content=\"2023-02-23T09:02:14+00:00\" \/>\n<meta property=\"og:image\" content=\"https:\/\/www.hadleygroup.com\/app\/uploads\/2022\/04\/DSC_1386-1024x681.jpg\" \/>\n<meta name=\"twitter:card\" content=\"summary_large_image\" \/>\n<meta name=\"twitter:site\" content=\"@hadley_group\" \/>\n<meta name=\"twitter:label1\" content=\"Est. reading time\" \/>\n\t<meta name=\"twitter:data1\" content=\"4 minutes\" \/>\n<script type=\"application\/ld+json\" class=\"yoast-schema-graph\">{\"@context\":\"https:\/\/schema.org\",\"@graph\":[{\"@type\":\"WebPage\",\"@id\":\"https:\/\/www.hadleygroup.com\/nl\/rolvormen-op-maat\/rolvormen-aluminium-profielen\/\",\"url\":\"https:\/\/www.hadleygroup.com\/nl\/rolvormen-op-maat\/rolvormen-aluminium-profielen\/\",\"name\":\"Aluminium gerolvormde profielen - Hadley Group\",\"isPartOf\":{\"@id\":\"https:\/\/www.hadleygroup.com\/nl\/#website\"},\"primaryImageOfPage\":{\"@id\":\"https:\/\/www.hadleygroup.com\/nl\/rolvormen-op-maat\/rolvormen-aluminium-profielen\/#primaryimage\"},\"image\":{\"@id\":\"https:\/\/www.hadleygroup.com\/nl\/rolvormen-op-maat\/rolvormen-aluminium-profielen\/#primaryimage\"},\"thumbnailUrl\":\"https:\/\/www.hadleygroup.com\/app\/uploads\/2022\/04\/DSC_1386-1024x681.jpg\",\"datePublished\":\"2022-07-19T11:14:59+00:00\",\"dateModified\":\"2023-02-23T09:02:14+00:00\",\"description\":\"Aluminium is een perfect materiaal om uw profiel te rolvormen. Duurzaam, sterk, licht \u00e9n mooi!\",\"breadcrumb\":{\"@id\":\"https:\/\/www.hadleygroup.com\/nl\/rolvormen-op-maat\/rolvormen-aluminium-profielen\/#breadcrumb\"},\"inLanguage\":\"nl-NL\",\"potentialAction\":[{\"@type\":\"ReadAction\",\"target\":[\"https:\/\/www.hadleygroup.com\/nl\/rolvormen-op-maat\/rolvormen-aluminium-profielen\/\"]}]},{\"@type\":\"ImageObject\",\"inLanguage\":\"nl-NL\",\"@id\":\"https:\/\/www.hadleygroup.com\/nl\/rolvormen-op-maat\/rolvormen-aluminium-profielen\/#primaryimage\",\"url\":\"https:\/\/www.hadleygroup.com\/app\/uploads\/2022\/04\/DSC_1386-1024x681.jpg\",\"contentUrl\":\"https:\/\/www.hadleygroup.com\/app\/uploads\/2022\/04\/DSC_1386-1024x681.jpg\"},{\"@type\":\"BreadcrumbList\",\"@id\":\"https:\/\/www.hadleygroup.com\/nl\/rolvormen-op-maat\/rolvormen-aluminium-profielen\/#breadcrumb\",\"itemListElement\":[{\"@type\":\"ListItem\",\"position\":1,\"name\":\"Home\",\"item\":\"https:\/\/www.hadleygroup.com\/nl\/\"},{\"@type\":\"ListItem\",\"position\":2,\"name\":\"Rolvormen van aluminium profielen\"}]},{\"@type\":\"WebSite\",\"@id\":\"https:\/\/www.hadleygroup.com\/nl\/#website\",\"url\":\"https:\/\/www.hadleygroup.com\/nl\/\",\"name\":\"Hadley Group\",\"description\":\"Shaping the Future in Metal\",\"publisher\":{\"@id\":\"https:\/\/www.hadleygroup.com\/nl\/#organization\"},\"potentialAction\":[{\"@type\":\"SearchAction\",\"target\":{\"@type\":\"EntryPoint\",\"urlTemplate\":\"https:\/\/www.hadleygroup.com\/nl\/?s={search_term_string}\"},\"query-input\":{\"@type\":\"PropertyValueSpecification\",\"valueRequired\":true,\"valueName\":\"search_term_string\"}}],\"inLanguage\":\"nl-NL\"},{\"@type\":\"Organization\",\"@id\":\"https:\/\/www.hadleygroup.com\/nl\/#organization\",\"name\":\"Hadley Group\",\"url\":\"https:\/\/www.hadleygroup.com\/nl\/\",\"logo\":{\"@type\":\"ImageObject\",\"inLanguage\":\"nl-NL\",\"@id\":\"https:\/\/www.hadleygroup.com\/nl\/#\/schema\/logo\/image\/\",\"url\":\"https:\/\/www.hadleygroup.com\/app\/uploads\/2023\/01\/Hadley-Group-logo.jpg\",\"contentUrl\":\"https:\/\/www.hadleygroup.com\/app\/uploads\/2023\/01\/Hadley-Group-logo.jpg\",\"width\":1280,\"height\":300,\"caption\":\"Hadley Group\"},\"image\":{\"@id\":\"https:\/\/www.hadleygroup.com\/nl\/#\/schema\/logo\/image\/\"},\"sameAs\":[\"https:\/\/www.facebook.com\/HadleyGroupGlobal\",\"https:\/\/x.com\/hadley_group\",\"https:\/\/www.youtube.com\/@HadleyGroupSmethwick\",\"https:\/\/www.linkedin.com\/company\/hadley-group-\/\"]}]}<\/script>\n<!-- \/ Yoast SEO Premium plugin. -->","yoast_head_json":{"title":"Aluminium gerolvormde profielen - Hadley Group","description":"Aluminium is een perfect materiaal om uw profiel te rolvormen. Duurzaam, sterk, licht \u00e9n mooi!","robots":{"index":"index","follow":"follow","max-snippet":"max-snippet:-1","max-image-preview":"max-image-preview:large","max-video-preview":"max-video-preview:-1"},"canonical":"https:\/\/www.hadleygroup.com\/nl\/rolvormen-op-maat\/rolvormen-aluminium-profielen\/","og_locale":"nl_NL","og_type":"article","og_title":"Rolvormen van aluminium profielen","og_description":"Aluminium is een perfect materiaal om uw profiel te rolvormen. Duurzaam, sterk, licht \u00e9n mooi!","og_url":"https:\/\/www.hadleygroup.com\/nl\/rolvormen-op-maat\/rolvormen-aluminium-profielen\/","og_site_name":"Hadley Group","article_publisher":"https:\/\/www.facebook.com\/HadleyGroupGlobal","article_modified_time":"2023-02-23T09:02:14+00:00","og_image":[{"url":"https:\/\/www.hadleygroup.com\/app\/uploads\/2022\/04\/DSC_1386-1024x681.jpg","type":"","width":"","height":""}],"twitter_card":"summary_large_image","twitter_site":"@hadley_group","twitter_misc":{"Est. reading time":"4 minutes"},"schema":{"@context":"https:\/\/schema.org","@graph":[{"@type":"WebPage","@id":"https:\/\/www.hadleygroup.com\/nl\/rolvormen-op-maat\/rolvormen-aluminium-profielen\/","url":"https:\/\/www.hadleygroup.com\/nl\/rolvormen-op-maat\/rolvormen-aluminium-profielen\/","name":"Aluminium gerolvormde profielen - Hadley Group","isPartOf":{"@id":"https:\/\/www.hadleygroup.com\/nl\/#website"},"primaryImageOfPage":{"@id":"https:\/\/www.hadleygroup.com\/nl\/rolvormen-op-maat\/rolvormen-aluminium-profielen\/#primaryimage"},"image":{"@id":"https:\/\/www.hadleygroup.com\/nl\/rolvormen-op-maat\/rolvormen-aluminium-profielen\/#primaryimage"},"thumbnailUrl":"https:\/\/www.hadleygroup.com\/app\/uploads\/2022\/04\/DSC_1386-1024x681.jpg","datePublished":"2022-07-19T11:14:59+00:00","dateModified":"2023-02-23T09:02:14+00:00","description":"Aluminium is een perfect materiaal om uw profiel te rolvormen. Duurzaam, sterk, licht \u00e9n mooi!","breadcrumb":{"@id":"https:\/\/www.hadleygroup.com\/nl\/rolvormen-op-maat\/rolvormen-aluminium-profielen\/#breadcrumb"},"inLanguage":"nl-NL","potentialAction":[{"@type":"ReadAction","target":["https:\/\/www.hadleygroup.com\/nl\/rolvormen-op-maat\/rolvormen-aluminium-profielen\/"]}]},{"@type":"ImageObject","inLanguage":"nl-NL","@id":"https:\/\/www.hadleygroup.com\/nl\/rolvormen-op-maat\/rolvormen-aluminium-profielen\/#primaryimage","url":"https:\/\/www.hadleygroup.com\/app\/uploads\/2022\/04\/DSC_1386-1024x681.jpg","contentUrl":"https:\/\/www.hadleygroup.com\/app\/uploads\/2022\/04\/DSC_1386-1024x681.jpg"},{"@type":"BreadcrumbList","@id":"https:\/\/www.hadleygroup.com\/nl\/rolvormen-op-maat\/rolvormen-aluminium-profielen\/#breadcrumb","itemListElement":[{"@type":"ListItem","position":1,"name":"Home","item":"https:\/\/www.hadleygroup.com\/nl\/"},{"@type":"ListItem","position":2,"name":"Rolvormen van aluminium profielen"}]},{"@type":"WebSite","@id":"https:\/\/www.hadleygroup.com\/nl\/#website","url":"https:\/\/www.hadleygroup.com\/nl\/","name":"Hadley Group","description":"Shaping the Future in Metal","publisher":{"@id":"https:\/\/www.hadleygroup.com\/nl\/#organization"},"potentialAction":[{"@type":"SearchAction","target":{"@type":"EntryPoint","urlTemplate":"https:\/\/www.hadleygroup.com\/nl\/?s={search_term_string}"},"query-input":{"@type":"PropertyValueSpecification","valueRequired":true,"valueName":"search_term_string"}}],"inLanguage":"nl-NL"},{"@type":"Organization","@id":"https:\/\/www.hadleygroup.com\/nl\/#organization","name":"Hadley Group","url":"https:\/\/www.hadleygroup.com\/nl\/","logo":{"@type":"ImageObject","inLanguage":"nl-NL","@id":"https:\/\/www.hadleygroup.com\/nl\/#\/schema\/logo\/image\/","url":"https:\/\/www.hadleygroup.com\/app\/uploads\/2023\/01\/Hadley-Group-logo.jpg","contentUrl":"https:\/\/www.hadleygroup.com\/app\/uploads\/2023\/01\/Hadley-Group-logo.jpg","width":1280,"height":300,"caption":"Hadley Group"},"image":{"@id":"https:\/\/www.hadleygroup.com\/nl\/#\/schema\/logo\/image\/"},"sameAs":["https:\/\/www.facebook.com\/HadleyGroupGlobal","https:\/\/x.com\/hadley_group","https:\/\/www.youtube.com\/@HadleyGroupSmethwick","https:\/\/www.linkedin.com\/company\/hadley-group-\/"]}]}},"_links":{"self":[{"href":"https:\/\/www.hadleygroup.com\/nl\/wp-json\/wp\/v2\/pages\/4860","targetHints":{"allow":["GET"]}}],"collection":[{"href":"https:\/\/www.hadleygroup.com\/nl\/wp-json\/wp\/v2\/pages"}],"about":[{"href":"https:\/\/www.hadleygroup.com\/nl\/wp-json\/wp\/v2\/types\/page"}],"author":[{"embeddable":true,"href":"https:\/\/www.hadleygroup.com\/nl\/wp-json\/wp\/v2\/users\/3"}],"replies":[{"embeddable":true,"href":"https:\/\/www.hadleygroup.com\/nl\/wp-json\/wp\/v2\/comments?post=4860"}],"version-history":[{"count":13,"href":"https:\/\/www.hadleygroup.com\/nl\/wp-json\/wp\/v2\/pages\/4860\/revisions"}],"predecessor-version":[{"id":7365,"href":"https:\/\/www.hadleygroup.com\/nl\/wp-json\/wp\/v2\/pages\/4860\/revisions\/7365"}],"up":[{"embeddable":true,"href":"https:\/\/www.hadleygroup.com\/nl\/wp-json\/wp\/v2\/pages\/1793"}],"wp:attachment":[{"href":"https:\/\/www.hadleygroup.com\/nl\/wp-json\/wp\/v2\/media?parent=4860"}],"wp:term":[{"taxonomy":"category","embeddable":true,"href":"https:\/\/www.hadleygroup.com\/nl\/wp-json\/wp\/v2\/categories?post=4860"}],"curies":[{"name":"wp","href":"https:\/\/api.w.org\/{rel}","templated":true}]}}