{"id":5144,"date":"2022-07-26T07:50:54","date_gmt":"2022-07-26T07:50:54","guid":{"rendered":"https:\/\/www.hadleygroup.com\/?page_id=5144"},"modified":"2023-02-23T09:20:22","modified_gmt":"2023-02-23T09:20:22","slug":"laminage-de-profiles-en-aluminium","status":"publish","type":"page","link":"https:\/\/www.hadleygroup.com\/fr\/profilage-sur-mesure\/laminage-de-profiles-en-aluminium\/","title":{"rendered":"Laminage de profil\u00e9s en aluminium"},"content":{"rendered":"<background-video inline-template :autoplay=\"true\" video=\"\"> \n<section class=\"wp-block-stradigi-gutenberg-hero g-hero container-fluid p-0 g-hero--has-overlay\" style=\"background-image:url(&quot;https:\/\/www.hadleygroup.com\/app\/uploads\/2022\/04\/DSC_1507.jpg&quot;)\" data-youtube-url=\"\"><div class=\"g-hero--filter\"><\/div><div class=\"g-hero__container container\"><div class=\"g-hero__wrap\"><h1 class=\"g-hero__heading\"><strong>Laminage de profil\u00e9s en aluminium<\/strong><\/h1><div class=\"g-hero__body\"><div class=\"g-hero__body__text\"><p>Les sp\u00e9cialisations approfondies dont dispose Hadley vous garantissent des tol\u00e9rances de fabrication de \u00b1 0,05 mm. Gr\u00e2ce \u00e0 nos connaissances technologiques sp\u00e9cifiques du processus de laminage, nous pouvons parfaitement vous conseiller sur toutes les possibilit\u00e9s existantes en mati\u00e8re de\u00a0<strong>profil\u00e9s en aluminium<\/strong>.<\/p><\/div><div class=\"g-hero__body__buttons\"><\/div><\/div><\/div><div class=\"g-hero__chevron__container d-none d-lg-block\"><i class=\"fas fa-chevron-down fa-3x scrollDown\"><\/i><\/div><\/div><\/section>\n <\/background-video>\n\n<div class=\"JB-1 h-section-background\">\n<section class=\"wp-block-stradigi-gutenberg-fixed-spacer g-spacer g-spacer--size-moyen g-spacer--size-medium\"><\/section>\n<\/div>\n\n<section class=\"JB-1 h-section-background g-text\"><div class=\"container\"><div class=\"row\"><div class=\"col-lg-8\"><div class=\"g-text__title\">\n<h2 class=\"wp-block-heading\">Ing\u00e9nierie collaborative pour votre profil\u00e9 en aluminium<\/h2>\n<\/div><\/div><\/div><\/div><\/section>\n\n<section class=\"JB-1 h-section-background g-text\"><div class=\"container\"><div class=\"row\"><div class=\"col-lg-8\"><div class=\"g-text__bodytext\">\n<p>Nos ing\u00e9nieurs sont en mesure d\u2019\u00e9tudier avec vous au pr\u00e9alable vos souhaits sp\u00e9cifiques en mati\u00e8re de profil\u00e9s en aluminium. Par ce fait, nous contribuons ensemble \u00e0 la fonctionnalit\u00e9 et \u00e0 la faisabilit\u00e9 de vos profil\u00e9s, ce qui vous procure de nouvelles id\u00e9es et vous permet \u00e9galement de r\u00e9duire vos co\u00fbts.<\/p>\n<\/div><\/div><\/div><\/div><\/section>\n\n<div class=\"JB-1 h-section-background\">\n<section class=\"wp-block-stradigi-gutenberg-text-image g-text-image\"><div class=\"container\"><div class=\"g-text-image__row row\"><div data-translate=\"true\" class=\"order-2 offset-xl-1 col-md-3\"><div class=\"g-text-image__content\"><\/div><\/div><article data-translate=\"true\" class=\"order-1 col-md-9 col-xl-8\"><div class=\"g-text-image__sidenote\"><div class=\"g-text-image__frame-wrapper\"><iframe src=\"https:\/\/www.youtube.com\/embed\/TmalAaXwCBk?controls=0&amp;autoplay=0&amp;playlist=TmalAaXwCBk&amp;loop=1\"><\/iframe><\/div><\/div><\/article><\/div><\/div><\/section>\n<\/div>\n\n<div class=\"JB-1 h-section-background\">\n<section class=\"wp-block-stradigi-gutenberg-fixed-spacer g-spacer g-spacer--size-petit g-spacer--size-klein g-spacer--size-small\"><\/section>\n<\/div>\n\n<section class=\"JB-1 h-section-background g-text\"><div class=\"container\"><div class=\"row\"><div class=\"col-lg-8\"><div class=\"g-text__title\">\n<h2 class=\"wp-block-heading\">Laminage de profil\u00e9s en aluminium et usinage int\u00e9gr\u00e9 dans la production<\/h2>\n<\/div><\/div><\/div><\/div><\/section>\n\n<section class=\"JB-1 h-section-background g-text\"><div class=\"container\"><div class=\"row\"><div class=\"col-lg-8\"><div class=\"g-text__bodytext\">\n<p>Le laminage de profil\u00e9s en aluminium est la fabrication, en un processus continu, d\u2019un profil\u00e9 en aluminium \u00e0 partir d&#8217;une bande de mat\u00e9riau. Le profil\u00e9 en aluminium passe par plusieurs stations de jeux de galets \u00e0 travers lesquels le profil\u00e9 prend forme. <\/p>\n<\/div><\/div><\/div><\/div><\/section>\n\n<section class=\"JB-1 h-section-background g-text\"><div class=\"container\"><div class=\"row\"><div class=\"col-lg-8\"><div class=\"g-text__bodytext\">\n<p>Lors du laminage, plusieurs usinages simultan\u00e9s peuvent \u00eatre ex\u00e9cut\u00e9s en ligne, comme des empreintes, des d\u00e9coupages, des d\u00e9corations, des perforations, des pliages, etc. Le laminage de profil\u00e9s en aluminium se distingue ainsi d\u2019autres techniques de production telles que l\u2019extrusion ou le pliage \u00e0 la presse.<\/p>\n<\/div><\/div><\/div><\/div><\/section>\n\n<section class=\"JB-1 h-section-background g-image\"><div class=\"container\"><div class=\"row\"><div class=\"col-lg-8\"><div class=\"g-image__image-wrapper\">\n<figure class=\"wp-block-image size-large\"><img loading=\"lazy\" decoding=\"async\" width=\"1024\" height=\"432\" src=\"https:\/\/www.hadleygroup.com\/app\/uploads\/2022\/08\/Cold-roll-forming-process-Hadley-Group-1024x432.png\" alt=\"Roulage \u00e0 froid Hadley\" class=\"wp-image-5574\" srcset=\"https:\/\/www.hadleygroup.com\/app\/uploads\/2022\/08\/Cold-roll-forming-process-Hadley-Group-1024x432.png 1024w, https:\/\/www.hadleygroup.com\/app\/uploads\/2022\/08\/Cold-roll-forming-process-Hadley-Group-300x127.png 300w, https:\/\/www.hadleygroup.com\/app\/uploads\/2022\/08\/Cold-roll-forming-process-Hadley-Group-768x324.png 768w, https:\/\/www.hadleygroup.com\/app\/uploads\/2022\/08\/Cold-roll-forming-process-Hadley-Group-1536x648.png 1536w, https:\/\/www.hadleygroup.com\/app\/uploads\/2022\/08\/Cold-roll-forming-process-Hadley-Group.png 1920w\" sizes=\"auto, (max-width: 1024px) 100vw, 1024px\" \/><\/figure>\n<\/div><\/div><\/div><\/div><\/section>\n\n<div class=\"JB-1 h-section-background\">\n<section class=\"wp-block-stradigi-gutenberg-fixed-spacer g-spacer g-spacer--size-petit g-spacer--size-klein g-spacer--size-small\"><\/section>\n<\/div>\n\n\n<section class=\"wp-block-stradigi-gutenberg-banner g-banner container-fluid p-0 jarallax g-banner--size-medium\" style=\"background-image:url(&quot;https:\/\/www.hadleygroup.com\/app\/uploads\/2022\/07\/UltraSTEEL-technologie-du-Hadley-Group.jpg&quot;)\"><div class=\"g-banner__container container\"><div class=\"g-banner__wrap\"><div class=\"g-banner__body\"><div class=\"g-banner__body__buttons\"><\/div><\/div><\/div><\/div><\/section>\n\n\n<div class=\"JB-1 h-section-background\">\n<section class=\"wp-block-stradigi-gutenberg-fixed-spacer g-spacer g-spacer--size-small\"><\/section>\n<\/div>\n\n<div class=\"JB-1 h-section-background\">\n<section class=\"wp-block-stradigi-gutenberg-cta-one g-cta-one\"><div class=\"container\"><div class=\"g-cta-one__row row\"><div class=\"col-sm-12 col-lg-8\"><h2 class=\"g-cta-one__title\"><h2 class=\"g-cta-one__title\">Souhaitez-vous en savoir plus sur notre technique de laminage?<\/h2><\/h2><div class=\"g-cta-one__content\"><p>\u00cates-vous int\u00e9ress\u00e9 par nos profil\u00e9s lamin\u00e9s en aluminium ? Laissez-nous vos coordonn\u00e9es et nous prendrons\u00a0contact\u00a0avec vous dans les 48 heures.<\/p><\/div><div class=\"g-cta-one__buttons\"><a href=\"https:\/\/www.hadleygroup.com\/fr\/contact\/\" class=\"g-cta-one__button-primary\">Contactez-nous<i class=\"fas fa-sm fa-chevron-right\"><\/i><\/a><\/div><\/div><\/div><\/div><\/section>\n<\/div>\n\n<div class=\"JB-1 h-section-background\">\n<section class=\"wp-block-stradigi-gutenberg-fixed-spacer g-spacer g-spacer--size-small\"><\/section>\n<\/div>","protected":false},"excerpt":{"rendered":"<p>Ing\u00e9nierie collaborative pour votre profil\u00e9 en aluminium Nos ing\u00e9nieurs sont en mesure d\u2019\u00e9tudier avec vous au pr\u00e9alable vos souhaits sp\u00e9cifiques\u2026 <a href=\"https:\/\/www.hadleygroup.com\/fr\/profilage-sur-mesure\/laminage-de-profiles-en-aluminium\/\">&#8230;<\/a><\/p>\n","protected":false},"author":3,"featured_media":0,"parent":1813,"menu_order":0,"comment_status":"closed","ping_status":"closed","template":"","meta":{"_acf_changed":false,"footnotes":""},"categories":[4],"class_list":["post-5144","page","type-page","status-publish","hentry","category-non-classifiee"],"acf":[],"yoast_head":"<!-- This site is optimized with the Yoast SEO Premium plugin v25.1 (Yoast SEO v26.3) - https:\/\/yoast.com\/wordpress\/plugins\/seo\/ -->\n<title>Laminage de profil\u00e9s en aluminium - Hadley Group<\/title>\n<meta name=\"description\" content=\"Sp\u00e9cialiste mondial des profil\u00e9s lamines d\u2019aluminium. Des profil\u00e9s lamin\u00e9s \u00e0 divers secteurs, tels que l\u2019automobile, le b\u00e2timent et l\u2019industrie.\" \/>\n<meta name=\"robots\" content=\"index, follow, max-snippet:-1, max-image-preview:large, max-video-preview:-1\" \/>\n<link rel=\"canonical\" href=\"https:\/\/www.hadleygroup.com\/fr\/profilage-sur-mesure\/laminage-de-profiles-en-aluminium\/\" \/>\n<meta property=\"og:locale\" content=\"fr_FR\" \/>\n<meta property=\"og:type\" content=\"article\" \/>\n<meta property=\"og:title\" content=\"Laminage de profil\u00e9s en aluminium\" \/>\n<meta property=\"og:description\" content=\"Sp\u00e9cialiste mondial des profil\u00e9s lamines d\u2019aluminium. Des profil\u00e9s lamin\u00e9s \u00e0 divers secteurs, tels que l\u2019automobile, le b\u00e2timent et l\u2019industrie.\" \/>\n<meta property=\"og:url\" content=\"https:\/\/www.hadleygroup.com\/fr\/profilage-sur-mesure\/laminage-de-profiles-en-aluminium\/\" \/>\n<meta property=\"og:site_name\" content=\"Hadley Group\" \/>\n<meta property=\"article:publisher\" content=\"https:\/\/www.facebook.com\/HadleyGroupGlobal\" \/>\n<meta property=\"article:modified_time\" content=\"2023-02-23T09:20:22+00:00\" \/>\n<meta property=\"og:image\" content=\"https:\/\/www.hadleygroup.com\/app\/uploads\/2022\/08\/Cold-roll-forming-process-Hadley-Group-1024x432.png\" \/>\n<meta name=\"twitter:card\" content=\"summary_large_image\" \/>\n<meta name=\"twitter:site\" content=\"@hadley_group\" \/>\n<meta name=\"twitter:label1\" content=\"Est. reading time\" \/>\n\t<meta name=\"twitter:data1\" content=\"2 minutes\" \/>\n<script type=\"application\/ld+json\" class=\"yoast-schema-graph\">{\"@context\":\"https:\/\/schema.org\",\"@graph\":[{\"@type\":\"WebPage\",\"@id\":\"https:\/\/www.hadleygroup.com\/fr\/profilage-sur-mesure\/laminage-de-profiles-en-aluminium\/\",\"url\":\"https:\/\/www.hadleygroup.com\/fr\/profilage-sur-mesure\/laminage-de-profiles-en-aluminium\/\",\"name\":\"Laminage de profil\u00e9s en aluminium - Hadley Group\",\"isPartOf\":{\"@id\":\"https:\/\/www.hadleygroup.com\/fr\/#website\"},\"primaryImageOfPage\":{\"@id\":\"https:\/\/www.hadleygroup.com\/fr\/profilage-sur-mesure\/laminage-de-profiles-en-aluminium\/#primaryimage\"},\"image\":{\"@id\":\"https:\/\/www.hadleygroup.com\/fr\/profilage-sur-mesure\/laminage-de-profiles-en-aluminium\/#primaryimage\"},\"thumbnailUrl\":\"https:\/\/www.hadleygroup.com\/app\/uploads\/2022\/08\/Cold-roll-forming-process-Hadley-Group-1024x432.png\",\"datePublished\":\"2022-07-26T07:50:54+00:00\",\"dateModified\":\"2023-02-23T09:20:22+00:00\",\"description\":\"Sp\u00e9cialiste mondial des profil\u00e9s lamines d\u2019aluminium. Des profil\u00e9s lamin\u00e9s \u00e0 divers secteurs, tels que l\u2019automobile, le b\u00e2timent et l\u2019industrie.\",\"breadcrumb\":{\"@id\":\"https:\/\/www.hadleygroup.com\/fr\/profilage-sur-mesure\/laminage-de-profiles-en-aluminium\/#breadcrumb\"},\"inLanguage\":\"fr-FR\",\"potentialAction\":[{\"@type\":\"ReadAction\",\"target\":[\"https:\/\/www.hadleygroup.com\/fr\/profilage-sur-mesure\/laminage-de-profiles-en-aluminium\/\"]}]},{\"@type\":\"ImageObject\",\"inLanguage\":\"fr-FR\",\"@id\":\"https:\/\/www.hadleygroup.com\/fr\/profilage-sur-mesure\/laminage-de-profiles-en-aluminium\/#primaryimage\",\"url\":\"https:\/\/www.hadleygroup.com\/app\/uploads\/2022\/08\/Cold-roll-forming-process-Hadley-Group-1024x432.png\",\"contentUrl\":\"https:\/\/www.hadleygroup.com\/app\/uploads\/2022\/08\/Cold-roll-forming-process-Hadley-Group-1024x432.png\"},{\"@type\":\"BreadcrumbList\",\"@id\":\"https:\/\/www.hadleygroup.com\/fr\/profilage-sur-mesure\/laminage-de-profiles-en-aluminium\/#breadcrumb\",\"itemListElement\":[{\"@type\":\"ListItem\",\"position\":1,\"name\":\"Home\",\"item\":\"https:\/\/www.hadleygroup.com\/fr\/\"},{\"@type\":\"ListItem\",\"position\":2,\"name\":\"Laminage de profil\u00e9s en aluminium\"}]},{\"@type\":\"WebSite\",\"@id\":\"https:\/\/www.hadleygroup.com\/fr\/#website\",\"url\":\"https:\/\/www.hadleygroup.com\/fr\/\",\"name\":\"Hadley Group\",\"description\":\"Shaping the Future in Metal\",\"publisher\":{\"@id\":\"https:\/\/www.hadleygroup.com\/fr\/#organization\"},\"potentialAction\":[{\"@type\":\"SearchAction\",\"target\":{\"@type\":\"EntryPoint\",\"urlTemplate\":\"https:\/\/www.hadleygroup.com\/fr\/?s={search_term_string}\"},\"query-input\":{\"@type\":\"PropertyValueSpecification\",\"valueRequired\":true,\"valueName\":\"search_term_string\"}}],\"inLanguage\":\"fr-FR\"},{\"@type\":\"Organization\",\"@id\":\"https:\/\/www.hadleygroup.com\/fr\/#organization\",\"name\":\"Hadley Group\",\"url\":\"https:\/\/www.hadleygroup.com\/fr\/\",\"logo\":{\"@type\":\"ImageObject\",\"inLanguage\":\"fr-FR\",\"@id\":\"https:\/\/www.hadleygroup.com\/fr\/#\/schema\/logo\/image\/\",\"url\":\"https:\/\/www.hadleygroup.com\/app\/uploads\/2023\/01\/Hadley-Group-logo.jpg\",\"contentUrl\":\"https:\/\/www.hadleygroup.com\/app\/uploads\/2023\/01\/Hadley-Group-logo.jpg\",\"width\":1280,\"height\":300,\"caption\":\"Hadley Group\"},\"image\":{\"@id\":\"https:\/\/www.hadleygroup.com\/fr\/#\/schema\/logo\/image\/\"},\"sameAs\":[\"https:\/\/www.facebook.com\/HadleyGroupGlobal\",\"https:\/\/x.com\/hadley_group\",\"https:\/\/www.youtube.com\/@HadleyGroupSmethwick\",\"https:\/\/www.linkedin.com\/company\/hadley-group-\/\"]}]}<\/script>\n<!-- \/ Yoast SEO Premium plugin. -->","yoast_head_json":{"title":"Laminage de profil\u00e9s en aluminium - Hadley Group","description":"Sp\u00e9cialiste mondial des profil\u00e9s lamines d\u2019aluminium. Des profil\u00e9s lamin\u00e9s \u00e0 divers secteurs, tels que l\u2019automobile, le b\u00e2timent et l\u2019industrie.","robots":{"index":"index","follow":"follow","max-snippet":"max-snippet:-1","max-image-preview":"max-image-preview:large","max-video-preview":"max-video-preview:-1"},"canonical":"https:\/\/www.hadleygroup.com\/fr\/profilage-sur-mesure\/laminage-de-profiles-en-aluminium\/","og_locale":"fr_FR","og_type":"article","og_title":"Laminage de profil\u00e9s en aluminium","og_description":"Sp\u00e9cialiste mondial des profil\u00e9s lamines d\u2019aluminium. Des profil\u00e9s lamin\u00e9s \u00e0 divers secteurs, tels que l\u2019automobile, le b\u00e2timent et l\u2019industrie.","og_url":"https:\/\/www.hadleygroup.com\/fr\/profilage-sur-mesure\/laminage-de-profiles-en-aluminium\/","og_site_name":"Hadley Group","article_publisher":"https:\/\/www.facebook.com\/HadleyGroupGlobal","article_modified_time":"2023-02-23T09:20:22+00:00","og_image":[{"url":"https:\/\/www.hadleygroup.com\/app\/uploads\/2022\/08\/Cold-roll-forming-process-Hadley-Group-1024x432.png","type":"","width":"","height":""}],"twitter_card":"summary_large_image","twitter_site":"@hadley_group","twitter_misc":{"Est. reading time":"2 minutes"},"schema":{"@context":"https:\/\/schema.org","@graph":[{"@type":"WebPage","@id":"https:\/\/www.hadleygroup.com\/fr\/profilage-sur-mesure\/laminage-de-profiles-en-aluminium\/","url":"https:\/\/www.hadleygroup.com\/fr\/profilage-sur-mesure\/laminage-de-profiles-en-aluminium\/","name":"Laminage de profil\u00e9s en aluminium - Hadley Group","isPartOf":{"@id":"https:\/\/www.hadleygroup.com\/fr\/#website"},"primaryImageOfPage":{"@id":"https:\/\/www.hadleygroup.com\/fr\/profilage-sur-mesure\/laminage-de-profiles-en-aluminium\/#primaryimage"},"image":{"@id":"https:\/\/www.hadleygroup.com\/fr\/profilage-sur-mesure\/laminage-de-profiles-en-aluminium\/#primaryimage"},"thumbnailUrl":"https:\/\/www.hadleygroup.com\/app\/uploads\/2022\/08\/Cold-roll-forming-process-Hadley-Group-1024x432.png","datePublished":"2022-07-26T07:50:54+00:00","dateModified":"2023-02-23T09:20:22+00:00","description":"Sp\u00e9cialiste mondial des profil\u00e9s lamines d\u2019aluminium. Des profil\u00e9s lamin\u00e9s \u00e0 divers secteurs, tels que l\u2019automobile, le b\u00e2timent et l\u2019industrie.","breadcrumb":{"@id":"https:\/\/www.hadleygroup.com\/fr\/profilage-sur-mesure\/laminage-de-profiles-en-aluminium\/#breadcrumb"},"inLanguage":"fr-FR","potentialAction":[{"@type":"ReadAction","target":["https:\/\/www.hadleygroup.com\/fr\/profilage-sur-mesure\/laminage-de-profiles-en-aluminium\/"]}]},{"@type":"ImageObject","inLanguage":"fr-FR","@id":"https:\/\/www.hadleygroup.com\/fr\/profilage-sur-mesure\/laminage-de-profiles-en-aluminium\/#primaryimage","url":"https:\/\/www.hadleygroup.com\/app\/uploads\/2022\/08\/Cold-roll-forming-process-Hadley-Group-1024x432.png","contentUrl":"https:\/\/www.hadleygroup.com\/app\/uploads\/2022\/08\/Cold-roll-forming-process-Hadley-Group-1024x432.png"},{"@type":"BreadcrumbList","@id":"https:\/\/www.hadleygroup.com\/fr\/profilage-sur-mesure\/laminage-de-profiles-en-aluminium\/#breadcrumb","itemListElement":[{"@type":"ListItem","position":1,"name":"Home","item":"https:\/\/www.hadleygroup.com\/fr\/"},{"@type":"ListItem","position":2,"name":"Laminage de profil\u00e9s en aluminium"}]},{"@type":"WebSite","@id":"https:\/\/www.hadleygroup.com\/fr\/#website","url":"https:\/\/www.hadleygroup.com\/fr\/","name":"Hadley Group","description":"Shaping the Future in Metal","publisher":{"@id":"https:\/\/www.hadleygroup.com\/fr\/#organization"},"potentialAction":[{"@type":"SearchAction","target":{"@type":"EntryPoint","urlTemplate":"https:\/\/www.hadleygroup.com\/fr\/?s={search_term_string}"},"query-input":{"@type":"PropertyValueSpecification","valueRequired":true,"valueName":"search_term_string"}}],"inLanguage":"fr-FR"},{"@type":"Organization","@id":"https:\/\/www.hadleygroup.com\/fr\/#organization","name":"Hadley Group","url":"https:\/\/www.hadleygroup.com\/fr\/","logo":{"@type":"ImageObject","inLanguage":"fr-FR","@id":"https:\/\/www.hadleygroup.com\/fr\/#\/schema\/logo\/image\/","url":"https:\/\/www.hadleygroup.com\/app\/uploads\/2023\/01\/Hadley-Group-logo.jpg","contentUrl":"https:\/\/www.hadleygroup.com\/app\/uploads\/2023\/01\/Hadley-Group-logo.jpg","width":1280,"height":300,"caption":"Hadley Group"},"image":{"@id":"https:\/\/www.hadleygroup.com\/fr\/#\/schema\/logo\/image\/"},"sameAs":["https:\/\/www.facebook.com\/HadleyGroupGlobal","https:\/\/x.com\/hadley_group","https:\/\/www.youtube.com\/@HadleyGroupSmethwick","https:\/\/www.linkedin.com\/company\/hadley-group-\/"]}]}},"_links":{"self":[{"href":"https:\/\/www.hadleygroup.com\/fr\/wp-json\/wp\/v2\/pages\/5144","targetHints":{"allow":["GET"]}}],"collection":[{"href":"https:\/\/www.hadleygroup.com\/fr\/wp-json\/wp\/v2\/pages"}],"about":[{"href":"https:\/\/www.hadleygroup.com\/fr\/wp-json\/wp\/v2\/types\/page"}],"author":[{"embeddable":true,"href":"https:\/\/www.hadleygroup.com\/fr\/wp-json\/wp\/v2\/users\/3"}],"replies":[{"embeddable":true,"href":"https:\/\/www.hadleygroup.com\/fr\/wp-json\/wp\/v2\/comments?post=5144"}],"version-history":[{"count":11,"href":"https:\/\/www.hadleygroup.com\/fr\/wp-json\/wp\/v2\/pages\/5144\/revisions"}],"predecessor-version":[{"id":7371,"href":"https:\/\/www.hadleygroup.com\/fr\/wp-json\/wp\/v2\/pages\/5144\/revisions\/7371"}],"up":[{"embeddable":true,"href":"https:\/\/www.hadleygroup.com\/fr\/wp-json\/wp\/v2\/pages\/1813"}],"wp:attachment":[{"href":"https:\/\/www.hadleygroup.com\/fr\/wp-json\/wp\/v2\/media?parent=5144"}],"wp:term":[{"taxonomy":"category","embeddable":true,"href":"https:\/\/www.hadleygroup.com\/fr\/wp-json\/wp\/v2\/categories?post=5144"}],"curies":[{"name":"wp","href":"https:\/\/api.w.org\/{rel}","templated":true}]}}