{"id":4303,"date":"2022-03-18T09:52:50","date_gmt":"2022-03-18T09:52:50","guid":{"rendered":"https:\/\/www.hadleygroup.com\/?page_id=4303"},"modified":"2022-09-09T09:12:35","modified_gmt":"2022-09-09T09:12:35","slug":"nouvelles","status":"publish","type":"page","link":"https:\/\/www.hadleygroup.com\/fr\/a-propos-de-nous\/nouvelles\/","title":{"rendered":"Nouvelles"},"content":{"rendered":"","protected":false},"excerpt":{"rendered":"","protected":false},"author":3,"featured_media":0,"parent":4189,"menu_order":0,"comment_status":"closed","ping_status":"closed","template":"views\/archive-news.blade.php","meta":{"_acf_changed":false,"footnotes":""},"categories":[99],"class_list":["post-4303","page","type-page","status-publish","hentry","category-about-us-news-fr"],"acf":[],"yoast_head":"<!-- This site is optimized with the Yoast SEO Premium plugin v25.1 (Yoast SEO v26.3) - https:\/\/yoast.com\/wordpress\/plugins\/seo\/ -->\n<title>Lire les nouvelles de notre entreprise - Hadley Group<\/title>\n<meta name=\"description\" content=\"Ici, vous trouverez les derni\u00e8res nouvelles et d\u00e9veloppements au sein du groupe Hadley. Vous voulez plus d&#039;informations? N&#039;h\u00e9sitez pas \u00e0 nous contacter\" \/>\n<meta name=\"robots\" content=\"index, follow, max-snippet:-1, max-image-preview:large, max-video-preview:-1\" \/>\n<link rel=\"canonical\" href=\"https:\/\/www.hadleygroup.com\/fr\/a-propos-de-nous\/nouvelles\/\" \/>\n<meta property=\"og:locale\" content=\"fr_FR\" \/>\n<meta property=\"og:type\" content=\"article\" \/>\n<meta property=\"og:title\" content=\"Nouvelles\" \/>\n<meta property=\"og:description\" content=\"Ici, vous trouverez les derni\u00e8res nouvelles et d\u00e9veloppements au sein du groupe Hadley. Vous voulez plus d&#039;informations? N&#039;h\u00e9sitez pas \u00e0 nous contacter\" \/>\n<meta property=\"og:url\" content=\"https:\/\/www.hadleygroup.com\/fr\/a-propos-de-nous\/nouvelles\/\" \/>\n<meta property=\"og:site_name\" content=\"Hadley Group\" \/>\n<meta property=\"article:publisher\" content=\"https:\/\/www.facebook.com\/HadleyGroupGlobal\" \/>\n<meta property=\"article:modified_time\" content=\"2022-09-09T09:12:35+00:00\" \/>\n<meta property=\"og:image\" content=\"https:\/\/www.hadleygroup.com\/app\/uploads\/2023\/01\/Hadley-Group-logo.jpg\" \/>\n\t<meta property=\"og:image:width\" content=\"1280\" \/>\n\t<meta property=\"og:image:height\" content=\"300\" \/>\n\t<meta property=\"og:image:type\" content=\"image\/jpeg\" \/>\n<meta name=\"twitter:card\" content=\"summary_large_image\" \/>\n<meta name=\"twitter:site\" content=\"@hadley_group\" \/>\n<script type=\"application\/ld+json\" class=\"yoast-schema-graph\">{\"@context\":\"https:\/\/schema.org\",\"@graph\":[{\"@type\":\"WebPage\",\"@id\":\"https:\/\/www.hadleygroup.com\/fr\/a-propos-de-nous\/nouvelles\/\",\"url\":\"https:\/\/www.hadleygroup.com\/fr\/a-propos-de-nous\/nouvelles\/\",\"name\":\"Lire les nouvelles de notre entreprise - Hadley Group\",\"isPartOf\":{\"@id\":\"https:\/\/www.hadleygroup.com\/fr\/#website\"},\"datePublished\":\"2022-03-18T09:52:50+00:00\",\"dateModified\":\"2022-09-09T09:12:35+00:00\",\"description\":\"Ici, vous trouverez les derni\u00e8res nouvelles et d\u00e9veloppements au sein du groupe Hadley. Vous voulez plus d'informations? N'h\u00e9sitez pas \u00e0 nous contacter\",\"breadcrumb\":{\"@id\":\"https:\/\/www.hadleygroup.com\/fr\/a-propos-de-nous\/nouvelles\/#breadcrumb\"},\"inLanguage\":\"fr-FR\",\"potentialAction\":[{\"@type\":\"ReadAction\",\"target\":[\"https:\/\/www.hadleygroup.com\/fr\/a-propos-de-nous\/nouvelles\/\"]}]},{\"@type\":\"BreadcrumbList\",\"@id\":\"https:\/\/www.hadleygroup.com\/fr\/a-propos-de-nous\/nouvelles\/#breadcrumb\",\"itemListElement\":[{\"@type\":\"ListItem\",\"position\":1,\"name\":\"Home\",\"item\":\"https:\/\/www.hadleygroup.com\/fr\/\"},{\"@type\":\"ListItem\",\"position\":2,\"name\":\"\u00c0 propos de nous\",\"item\":\"https:\/\/www.hadleygroup.com\/fr\/a-propos-de-nous\/\"},{\"@type\":\"ListItem\",\"position\":3,\"name\":\"Nouvelles\"}]},{\"@type\":\"WebSite\",\"@id\":\"https:\/\/www.hadleygroup.com\/fr\/#website\",\"url\":\"https:\/\/www.hadleygroup.com\/fr\/\",\"name\":\"Hadley Group\",\"description\":\"Shaping the Future in Metal\",\"publisher\":{\"@id\":\"https:\/\/www.hadleygroup.com\/fr\/#organization\"},\"potentialAction\":[{\"@type\":\"SearchAction\",\"target\":{\"@type\":\"EntryPoint\",\"urlTemplate\":\"https:\/\/www.hadleygroup.com\/fr\/?s={search_term_string}\"},\"query-input\":{\"@type\":\"PropertyValueSpecification\",\"valueRequired\":true,\"valueName\":\"search_term_string\"}}],\"inLanguage\":\"fr-FR\"},{\"@type\":\"Organization\",\"@id\":\"https:\/\/www.hadleygroup.com\/fr\/#organization\",\"name\":\"Hadley Group\",\"url\":\"https:\/\/www.hadleygroup.com\/fr\/\",\"logo\":{\"@type\":\"ImageObject\",\"inLanguage\":\"fr-FR\",\"@id\":\"https:\/\/www.hadleygroup.com\/fr\/#\/schema\/logo\/image\/\",\"url\":\"https:\/\/www.hadleygroup.com\/app\/uploads\/2023\/01\/Hadley-Group-logo.jpg\",\"contentUrl\":\"https:\/\/www.hadleygroup.com\/app\/uploads\/2023\/01\/Hadley-Group-logo.jpg\",\"width\":1280,\"height\":300,\"caption\":\"Hadley Group\"},\"image\":{\"@id\":\"https:\/\/www.hadleygroup.com\/fr\/#\/schema\/logo\/image\/\"},\"sameAs\":[\"https:\/\/www.facebook.com\/HadleyGroupGlobal\",\"https:\/\/x.com\/hadley_group\",\"https:\/\/www.youtube.com\/@HadleyGroupSmethwick\",\"https:\/\/www.linkedin.com\/company\/hadley-group-\/\"]}]}<\/script>\n<!-- \/ Yoast SEO Premium plugin. -->","yoast_head_json":{"title":"Lire les nouvelles de notre entreprise - Hadley Group","description":"Ici, vous trouverez les derni\u00e8res nouvelles et d\u00e9veloppements au sein du groupe Hadley. Vous voulez plus d'informations? N'h\u00e9sitez pas \u00e0 nous contacter","robots":{"index":"index","follow":"follow","max-snippet":"max-snippet:-1","max-image-preview":"max-image-preview:large","max-video-preview":"max-video-preview:-1"},"canonical":"https:\/\/www.hadleygroup.com\/fr\/a-propos-de-nous\/nouvelles\/","og_locale":"fr_FR","og_type":"article","og_title":"Nouvelles","og_description":"Ici, vous trouverez les derni\u00e8res nouvelles et d\u00e9veloppements au sein du groupe Hadley. Vous voulez plus d'informations? N'h\u00e9sitez pas \u00e0 nous contacter","og_url":"https:\/\/www.hadleygroup.com\/fr\/a-propos-de-nous\/nouvelles\/","og_site_name":"Hadley Group","article_publisher":"https:\/\/www.facebook.com\/HadleyGroupGlobal","article_modified_time":"2022-09-09T09:12:35+00:00","og_image":[{"width":1280,"height":300,"url":"https:\/\/www.hadleygroup.com\/app\/uploads\/2023\/01\/Hadley-Group-logo.jpg","type":"image\/jpeg"}],"twitter_card":"summary_large_image","twitter_site":"@hadley_group","schema":{"@context":"https:\/\/schema.org","@graph":[{"@type":"WebPage","@id":"https:\/\/www.hadleygroup.com\/fr\/a-propos-de-nous\/nouvelles\/","url":"https:\/\/www.hadleygroup.com\/fr\/a-propos-de-nous\/nouvelles\/","name":"Lire les nouvelles de notre entreprise - Hadley Group","isPartOf":{"@id":"https:\/\/www.hadleygroup.com\/fr\/#website"},"datePublished":"2022-03-18T09:52:50+00:00","dateModified":"2022-09-09T09:12:35+00:00","description":"Ici, vous trouverez les derni\u00e8res nouvelles et d\u00e9veloppements au sein du groupe Hadley. Vous voulez plus d'informations? N'h\u00e9sitez pas \u00e0 nous contacter","breadcrumb":{"@id":"https:\/\/www.hadleygroup.com\/fr\/a-propos-de-nous\/nouvelles\/#breadcrumb"},"inLanguage":"fr-FR","potentialAction":[{"@type":"ReadAction","target":["https:\/\/www.hadleygroup.com\/fr\/a-propos-de-nous\/nouvelles\/"]}]},{"@type":"BreadcrumbList","@id":"https:\/\/www.hadleygroup.com\/fr\/a-propos-de-nous\/nouvelles\/#breadcrumb","itemListElement":[{"@type":"ListItem","position":1,"name":"Home","item":"https:\/\/www.hadleygroup.com\/fr\/"},{"@type":"ListItem","position":2,"name":"\u00c0 propos de nous","item":"https:\/\/www.hadleygroup.com\/fr\/a-propos-de-nous\/"},{"@type":"ListItem","position":3,"name":"Nouvelles"}]},{"@type":"WebSite","@id":"https:\/\/www.hadleygroup.com\/fr\/#website","url":"https:\/\/www.hadleygroup.com\/fr\/","name":"Hadley Group","description":"Shaping the Future in Metal","publisher":{"@id":"https:\/\/www.hadleygroup.com\/fr\/#organization"},"potentialAction":[{"@type":"SearchAction","target":{"@type":"EntryPoint","urlTemplate":"https:\/\/www.hadleygroup.com\/fr\/?s={search_term_string}"},"query-input":{"@type":"PropertyValueSpecification","valueRequired":true,"valueName":"search_term_string"}}],"inLanguage":"fr-FR"},{"@type":"Organization","@id":"https:\/\/www.hadleygroup.com\/fr\/#organization","name":"Hadley Group","url":"https:\/\/www.hadleygroup.com\/fr\/","logo":{"@type":"ImageObject","inLanguage":"fr-FR","@id":"https:\/\/www.hadleygroup.com\/fr\/#\/schema\/logo\/image\/","url":"https:\/\/www.hadleygroup.com\/app\/uploads\/2023\/01\/Hadley-Group-logo.jpg","contentUrl":"https:\/\/www.hadleygroup.com\/app\/uploads\/2023\/01\/Hadley-Group-logo.jpg","width":1280,"height":300,"caption":"Hadley Group"},"image":{"@id":"https:\/\/www.hadleygroup.com\/fr\/#\/schema\/logo\/image\/"},"sameAs":["https:\/\/www.facebook.com\/HadleyGroupGlobal","https:\/\/x.com\/hadley_group","https:\/\/www.youtube.com\/@HadleyGroupSmethwick","https:\/\/www.linkedin.com\/company\/hadley-group-\/"]}]}},"_links":{"self":[{"href":"https:\/\/www.hadleygroup.com\/fr\/wp-json\/wp\/v2\/pages\/4303","targetHints":{"allow":["GET"]}}],"collection":[{"href":"https:\/\/www.hadleygroup.com\/fr\/wp-json\/wp\/v2\/pages"}],"about":[{"href":"https:\/\/www.hadleygroup.com\/fr\/wp-json\/wp\/v2\/types\/page"}],"author":[{"embeddable":true,"href":"https:\/\/www.hadleygroup.com\/fr\/wp-json\/wp\/v2\/users\/3"}],"replies":[{"embeddable":true,"href":"https:\/\/www.hadleygroup.com\/fr\/wp-json\/wp\/v2\/comments?post=4303"}],"version-history":[{"count":1,"href":"https:\/\/www.hadleygroup.com\/fr\/wp-json\/wp\/v2\/pages\/4303\/revisions"}],"predecessor-version":[{"id":4304,"href":"https:\/\/www.hadleygroup.com\/fr\/wp-json\/wp\/v2\/pages\/4303\/revisions\/4304"}],"up":[{"embeddable":true,"href":"https:\/\/www.hadleygroup.com\/fr\/wp-json\/wp\/v2\/pages\/4189"}],"wp:attachment":[{"href":"https:\/\/www.hadleygroup.com\/fr\/wp-json\/wp\/v2\/media?parent=4303"}],"wp:term":[{"taxonomy":"category","embeddable":true,"href":"https:\/\/www.hadleygroup.com\/fr\/wp-json\/wp\/v2\/categories?post=4303"}],"curies":[{"name":"wp","href":"https:\/\/api.w.org\/{rel}","templated":true}]}}