{"id":4213,"date":"2022-02-08T10:57:31","date_gmt":"2022-02-08T10:57:31","guid":{"rendered":"https:\/\/www.hadleygroup.com\/accueil\/"},"modified":"2025-09-08T11:48:10","modified_gmt":"2025-09-08T11:48:10","slug":"accueil","status":"publish","type":"page","link":"https:\/\/www.hadleygroup.com\/fr\/","title":{"rendered":"Accueil"},"content":{"rendered":"\n<section class=\"wp-block-stradigi-gutenberg-hero-slider g-hero container-fluid p-0\"><section class=\"wp-block-stradigi-gutenberg-hero g-hero container-fluid p-0 g-hero--has-overlay\"><div class=\"swiper js-hero-slider__slider g-hero__slider\"><div class=\"swiper-wrapper g-hero__slider-wrapper\"><div class=\"swiper-slide g-hero__slider-slide\" style=\"background-image:url(https:\/\/www.hadleygroup.com\/app\/uploads\/2025\/01\/Screenshot-2025-01-31-152839-scaled.jpg)\"><figure class=\"g-hero__slider-slide-wrapper\"><div class=\"g-hero__slider-slide-overlay\"><\/div><div class=\"g-hero__container container\"><div class=\"g-hero__wrap\"><h1 class=\"g-hero__heading\"><strong>Fa\u00e7onner l&#8217;avenir du m\u00e9tal<\/strong><\/h1><div class=\"g-hero__body\"><div class=\"g-hero__body__buttons\"><a href=\"https:\/\/www.hadleygroup.com\/fr\/contact\/\" class=\"c-button\">Contactez-nous<i class=\"fas fa-sm fa-chevron-right\"><\/i><\/a><a href=\"https:\/\/www.hadleygroup.com\/fr\/a-propos-de-nous\/sites-et-distribution\/\" class=\"c-button\">Trouvez-nous<i class=\"fas fa-sm fa-chevron-right\"><\/i><\/a><\/div><\/div><\/div><\/div><\/figure><\/div><div class=\"swiper-slide g-hero__slider-slide\" style=\"background-image:url(https:\/\/www.hadleygroup.com\/app\/uploads\/2025\/01\/Screenshot-2025-01-31-124632-scaled.jpg)\"><figure class=\"g-hero__slider-slide-wrapper\"><div class=\"g-hero__slider-slide-overlay\"><\/div><div class=\"g-hero__container container\"><div class=\"g-hero__wrap\"><h2 class=\"g-hero__heading\"><strong>Construction accr\u00e9dit\u00e9e  <\/strong><\/h2><div class=\"g-hero__body\"><div class=\"g-hero__body__text\"><p>T\u00e9l\u00e9chargez les certificats de notre syst\u00e8me, de nos processus et de notre gestion de BOPAS, NHBC &amp; LABC et bien d&#8217;autres encore.  <\/p><\/div><div class=\"g-hero__body__buttons\"><a href=\"https:\/\/www.hadleygroup.com\/modern-methods-construction\/mmc-accreditations-and-certificates\/\" class=\"c-button\">Accr\u00e9ditations HadleyFRAME  <i class=\"fas fa-sm fa-chevron-right\"><\/i><\/a><\/div><\/div><\/div><\/div><\/figure><\/div><div class=\"swiper-slide g-hero__slider-slide\" style=\"background-image:url(https:\/\/www.hadleygroup.com\/app\/uploads\/2025\/01\/Rapid-Prototyping-scaled.jpg)\"><figure class=\"g-hero__slider-slide-wrapper\"><div class=\"g-hero__slider-slide-overlay\"><\/div><div class=\"g-hero__container container\"><div class=\"g-hero__wrap\"><h2 class=\"g-hero__heading\"><strong>Prototypage rapide<\/strong><\/h2><div class=\"g-hero__body\"><div class=\"g-hero__body__text\"><p>L&#8217;industrie 4.0 exige une optimisation continue des syst\u00e8mes, ce qui r\u00e9duit consid\u00e9rablement la fen\u00eatre de d\u00e9veloppement. En travaillant avec nous, vous pourrez donner vie \u00e0 votre solution au rythme dont vous avez besoin.   <\/p><\/div><div class=\"g-hero__body__buttons\"><a href=\"https:\/\/www.hadleygroup.com\/custom-roll-forming\/rapid-prototyping-for-cold-rolled-metal-profiles\/\" class=\"c-button\">En savoir plus<i class=\"fas fa-sm fa-chevron-right\"><\/i><\/a><\/div><\/div><\/div><\/div><\/figure><\/div><div class=\"swiper-slide g-hero__slider-slide\" style=\"background-image:url(https:\/\/www.hadleygroup.com\/app\/uploads\/2025\/01\/Automotive-hero-scaled.jpg)\"><figure class=\"g-hero__slider-slide-wrapper\"><div class=\"g-hero__slider-slide-overlay\"><\/div><div class=\"g-hero__container container\"><div class=\"g-hero__wrap\"><h2 class=\"g-hero__heading\"><strong>Fabrication de 110 mod\u00e8les de voitures dans le monde entier<\/strong><\/h2><div class=\"g-hero__body\"><div class=\"g-hero__body__buttons\"><a href=\"https:\/\/www.hadleygroup.com\/fr\/profilage-sur-mesure\/automobile\/\" class=\"c-button\">En savoir plus<i class=\"fas fa-sm fa-chevron-right\"><\/i><\/a><\/div><\/div><\/div><\/div><\/figure><\/div><div class=\"swiper-pagination\"><\/div><\/div><\/div><\/section><\/section>\n<div class=\"JB h-section-background h-section-background--is-light\">\n<section class=\"wp-block-stradigi-gutenberg-fixed-spacer g-spacer g-spacer--size-small\"><\/section>\n<\/div><section class=\"JB h-section-background h-section-background--is-light g-text\"><div class=\"container\"><div class=\"row\"><div class=\"col-lg-8\"><div class=\"g-text__title\">\n<h6 class=\"wp-block-heading\">Vous pouvez int\u00e9grer le groupe Hadley \u00e0 votre projet d\u00e8s le d\u00e9part, en tirant parti de notre expertise en mati\u00e8re de technologie de profilage \u00e0 froid. Nos \u00e9quipes de conception internes vont de la conception d&#8217;outillage pour nos processus de production \u00e0 des ing\u00e9nieurs en structure d\u00e9sireux de maximiser la gestion des d\u00e9chets et le d\u00e9veloppement durable.<\/h6>\n<\/div><\/div><\/div><\/div><\/section><section class=\"JB h-section-background h-section-background--is-light g-text\"><div class=\"container\"><div class=\"row\"><div class=\"col-lg-8\"><div class=\"g-text__bodytext\">\n<p>Nous travaillons avec des clients issus d&#8217;un large \u00e9ventail de march\u00e9s et de secteurs o\u00f9 les performances des profil\u00e9s en acier et d&#8217;autres composants peuvent \u00eatre am\u00e9lior\u00e9es gr\u00e2ce \u00e0 l&#8217;utilisation du <a href=\"https:\/\/www.hadleygroup.com\/fr\/profilage-a-froid\/\">profilage \u00e0 froid<\/a> et de la technologie de fabrication <a href=\"https:\/\/www.hadleygroup.com\/fr\/ultrasteel\/\">UltraSTEEL\u00ae<\/a>.<br\/><br\/>Les principaux secteurs concern\u00e9s sont l&#8217;industrie de la construction, o\u00f9 nos produits ont des applications structurelles et non structurelles, le secteur automobile, o\u00f9 nous fournissons des composants tr\u00e8s complexes offrant des \u00e9conomies de poids appr\u00e9ciables, et le secteur de la vente au d\u00e9tail, o\u00f9 des tol\u00e9rances serr\u00e9es et une qualit\u00e9 constante sont primordiales pour une robotique efficace.  <\/p>\n<\/div><\/div><\/div><\/div><\/section><div class=\"JB h-section-background h-section-background--is-light\">\n<section class=\"wp-block-stradigi-gutenberg-fixed-spacer g-spacer g-spacer--size-small\"><\/section>\n<\/div><div class=\"JB h-section-background h-section-background--is-light\">\n<section class=\"wp-block-stradigi-gutenberg-double-sidenote g-sidenote\"><div class=\"container\"><div class=\"g-sidenote__row row\"><div class=\"col-lg-8\"><h2 class=\"g-sidenote__title h-heading h-heading--size-undefined\">Step into our business&#8230;<\/h2><div class=\"g-sidenote__bodytext\"><\/div><\/div><\/div><div class=\"g-sidenote__row row\"><article class=\"col-lg-6\"><div class=\"g-sidenote__sidenote\" style=\"background-image:url(&quot;https:\/\/www.hadleygroup.com\/app\/uploads\/2024\/01\/DSC_4373-1024x681.jpg&quot;)\"><div class=\"g-sidenote__sidenote-content\"><p><strong>Building Systems<br\/><\/strong>Structural and Building Products for your construction projects<\/p><\/div><a href=\"https:\/\/www.hadleygroup.com\/modern-methods-construction\/steel-frame-contractor\/\" class=\"c-button g-sidenote__sidenote-cta\">HadleyFRAME<i class=\"fas fa-sm fa-chevron-right\"><\/i><\/a><\/div><\/article><article class=\"col-lg-6\"><div class=\"g-sidenote__sidenote\" style=\"background-image:url(&quot;https:\/\/www.hadleygroup.com\/app\/uploads\/2023\/08\/Automated-Warehouse-image-1024x585.jpg&quot;)\"><div class=\"g-sidenote__sidenote-content\"><p><strong>Roll forming<\/strong><br\/>Custom roll formed steel profiles for your unique products<\/p><\/div><a href=\"https:\/\/www.hadleygroup.com\/fr\/profilage-sur-mesure\/\" class=\"c-button g-sidenote__sidenote-cta\">Custom Roll Forming<i class=\"fas fa-sm fa-chevron-right\"><\/i><\/a><\/div><\/article><\/div><\/div><\/section>\n<\/div><div class=\"JB h-section-background h-section-background--is-light\">\n<section class=\"wp-block-stradigi-gutenberg-fixed-spacer g-spacer g-spacer--size-medium\"><\/section>\n<\/div><div class=\"JB-1 h-section-background\">\n<section class=\"wp-block-stradigi-gutenberg-fixed-spacer g-spacer g-spacer--size-small\"><\/section>\n<\/div><div class=\"JB-1 h-section-background\">\n<section class=\"wp-block-stradigi-gutenberg-cta-one g-cta-one\"><div class=\"container\"><div class=\"g-cta-one__row row\"><div class=\"col-sm-12 col-lg-8\"><h2 class=\"g-cta-one__title h-heading h-heading--size-undefined\">We are growing<\/h2><div class=\"g-cta-one__content\"><p><strong>Looking to build an exciting future with a forward thinking, globally active company whose ambitions match your own?<\/strong><br><br>Interested in engineering, sales, admin, management or a host of other potential career paths? The opportunities that exist within Hadley\u2019s are many and varied and our training and apprenticeship programmes are designed to bring the best out of you.<br><br>Whether you are looking for your first job or your next challenge, we have a variety of roles available. <\/p><\/div><div class=\"g-cta-one__buttons\"><a href=\"https:\/\/www.hadleygroup.com\/fr\/carrieres\/\" class=\"g-cta-one__button-primary\">Careers<i class=\"fas fa-sm fa-chevron-right\"><\/i><\/a><a href=\"https:\/\/www.hadleygroup.com\/fr\/a-propos-de-nous\/sites-et-distribution\/\" class=\"g-cta-one__button-secondary\">Locations<i class=\"fas fa-sm fa-chevron-right\"><\/i><\/a><\/div><\/div><\/div><\/div><\/section>\n<\/div><div class=\"JB-1 h-section-background\">\n<section class=\"wp-block-stradigi-gutenberg-fixed-spacer g-spacer g-spacer--size-small\"><\/section>\n<\/div>\n<section class=\"wp-block-stradigi-gutenberg-banner g-banner container-fluid p-0 jarallax g-banner--has-overlay g-banner--size-large\" style=\"background-image:url(&quot;https:\/\/www.hadleygroup.com\/app\/uploads\/2022\/04\/DSC_1589.jpg&quot;)\"><div class=\"g-banner__container container\"><div class=\"g-banner__wrap\"><h2 class=\"g-banner__heading h-heading h-heading--size-undefined\">Project spotlight <\/h2><div class=\"g-banner__body\"><div class=\"g-banner__body__buttons\"><\/div><\/div><\/div><\/div><\/section>\n<div class=\"JB-1 h-section-background\">\n<section class=\"wp-block-stradigi-gutenberg-fixed-spacer g-spacer g-spacer--size-medium\"><\/section>\n<\/div><section class=\"JB-1 h-section-background g-text\"><div class=\"container\"><div class=\"row\"><div class=\"col-lg-8\"><div class=\"g-text__title\">\n<h2 class=\"wp-block-heading\">HadleyFRAME \u00e0 Hatfield<\/h2>\n<\/div><\/div><\/div><\/div><\/section><div class=\"JB-1 h-section-background\">\n<section class=\"wp-block-stradigi-gutenberg-text-image g-text-image\"><div class=\"container\"><div class=\"g-text-image__row row\"><div data-translate=\"true\" class=\"order-1 col-md-5\"><div class=\"g-text-image__content\"><section class=\"JB-1 h-section-background g-text\"><div class=\"container\"><div class=\"row\"><div class=\"col-lg-8\"><div class=\"g-text__bodytext\">\n<p>La r\u00e9sidence pour retrait\u00e9s Bonds de Lichfield, construite par Pegasus Life, se trouve au c\u0153ur d&#8217;une ville cath\u00e9drale dynamique. La construction de trois immeubles d&#8217;habitation sur un site compact, nich\u00e9 au milieu des r\u00e9sidents et des commerces locaux, a n\u00e9cessit\u00e9 une conception r\u00e9fl\u00e9chie du programme.<br\/><br\/>Ce b\u00e2timent moderne s&#8217;int\u00e9grera confortablement dans le quartier, offrant aux r\u00e9sidents un espace de vie paisible et efficace au c\u0153ur d&#8217;une communaut\u00e9 prosp\u00e8re.<\/p>\n<\/div><\/div><\/div><\/div><\/section><\/div><\/div><article data-translate=\"true\" class=\"order-2 col-md-7 offset-xl-1 col-xl-6\"><div class=\"g-text-image__sidenote g-backend-outline\"><span class=\"a-lines__white-line\"><\/span><span class=\"a-lines__red-line\"><\/span><div class=\"g-text-image__frame-wrapper\"><iframe src=\"https:\/\/player.vimeo.com\/video\/786539361?&amp;autoplay=0&amp;loop=1&amp;byline=0&amp;title=0\"><\/iframe><\/div><\/div><\/article><\/div><\/div><\/section>\n<\/div><div class=\"JB-1 h-section-background\">\n<section class=\"wp-block-stradigi-gutenberg-fixed-spacer g-spacer g-spacer--size-small\"><\/section>\n<\/div><section class=\"JB-1 h-section-background g-text\"><div class=\"container\"><div class=\"row\"><div class=\"col-lg-8\"><div class=\"g-text__title\">\n<h5 class=\"wp-block-heading\">Int\u00e9ress\u00e9 par la construction hors site pr\u00e9-panneaux? <\/h5>\n<\/div><\/div><\/div><\/div><\/section><div class=\"JB-1 h-section-background\">\n<section class=\"wp-block-stradigi-gutenberg-cta-one g-cta-one\"><div class=\"container\"><div class=\"g-cta-one__row row\"><div class=\"col-sm-12 col-lg-8\"><h2 class=\"g-cta-one__title h-heading h-heading--size-undefined\"><\/h2><div class=\"g-cta-one__content\"><p><\/p><\/div><div class=\"g-cta-one__buttons\"><a href=\"https:\/\/www.hadleygroup.com\/modern-methods-construction\/\" class=\"g-cta-one__button-primary\">Go to HadleyFRAME<i class=\"fas fa-sm fa-chevron-right\"><\/i><\/a><a href=\"https:\/\/www.hadleygroup.com\/sfs-construction\/\" class=\"g-cta-one__button-secondary\">See our load-bearing stick-built option<i class=\"fas fa-sm fa-chevron-right\"><\/i><\/a><\/div><\/div><\/div><\/div><\/section>\n<\/div><div class=\"JB-1 h-section-background\">\n<section class=\"wp-block-stradigi-gutenberg-fixed-spacer g-spacer g-spacer--size-large\"><\/section>\n<\/div>","protected":false},"excerpt":{"rendered":"<p>Vous pouvez int\u00e9grer le groupe Hadley \u00e0 votre projet d\u00e8s le d\u00e9part, en tirant parti de notre expertise en mati\u00e8re\u2026 <a href=\"https:\/\/www.hadleygroup.com\/fr\/\">&#8230;<\/a><\/p>\n","protected":false},"author":1,"featured_media":0,"parent":0,"menu_order":0,"comment_status":"closed","ping_status":"closed","template":"views\/template-homepage.blade.php","meta":{"_acf_changed":false,"footnotes":""},"categories":[],"class_list":["post-4213","page","type-page","status-publish","hentry"],"acf":[],"yoast_head":"<!-- This site is optimized with the Yoast SEO Premium plugin v25.1 (Yoast SEO v26.3) - https:\/\/yoast.com\/wordpress\/plugins\/seo\/ -->\n<title>Profil\u00e9s de laminage et produits de construction<\/title>\n<meta name=\"description\" content=\"Votre producteur de qualit\u00e9 sup\u00e9rieure de profil\u00e9s lamin\u00e9s \u00e0 froid avec des tol\u00e9rances de \u00b1 0,05 mm, ainsi que de produits de construction pour les projets de construction. Contactez nous !\" \/>\n<meta name=\"robots\" content=\"index, follow, max-snippet:-1, max-image-preview:large, max-video-preview:-1\" \/>\n<link rel=\"canonical\" href=\"https:\/\/www.hadleygroup.com\/fr\/\" \/>\n<meta property=\"og:locale\" content=\"fr_FR\" \/>\n<meta property=\"og:type\" content=\"article\" \/>\n<meta property=\"og:title\" content=\"Accueil\" \/>\n<meta property=\"og:description\" content=\"Votre producteur de qualit\u00e9 sup\u00e9rieure de profil\u00e9s lamin\u00e9s \u00e0 froid avec des tol\u00e9rances de \u00b1 0,05 mm, ainsi que de produits de construction pour les projets de construction. Contactez nous !\" \/>\n<meta property=\"og:url\" content=\"https:\/\/www.hadleygroup.com\/fr\/\" \/>\n<meta property=\"og:site_name\" content=\"Hadley Group\" \/>\n<meta property=\"article:publisher\" content=\"https:\/\/www.facebook.com\/HadleyGroupGlobal\" \/>\n<meta property=\"article:modified_time\" content=\"2025-09-08T11:48:10+00:00\" \/>\n<meta property=\"og:image\" content=\"https:\/\/www.hadleygroup.com\/app\/uploads\/2023\/01\/Hadley-Group-logo.jpg\" \/>\n\t<meta property=\"og:image:width\" content=\"1280\" \/>\n\t<meta property=\"og:image:height\" content=\"300\" \/>\n\t<meta property=\"og:image:type\" content=\"image\/jpeg\" \/>\n<meta name=\"twitter:card\" content=\"summary_large_image\" \/>\n<meta name=\"twitter:site\" content=\"@hadley_group\" \/>\n<meta name=\"twitter:label1\" content=\"Est. reading time\" \/>\n\t<meta name=\"twitter:data1\" content=\"2 minutes\" \/>\n<script type=\"application\/ld+json\" class=\"yoast-schema-graph\">{\"@context\":\"https:\/\/schema.org\",\"@graph\":[{\"@type\":\"WebPage\",\"@id\":\"https:\/\/www.hadleygroup.com\/fr\/\",\"url\":\"https:\/\/www.hadleygroup.com\/fr\/\",\"name\":\"Profil\u00e9s de laminage et produits de construction\",\"isPartOf\":{\"@id\":\"https:\/\/www.hadleygroup.com\/fr\/#website\"},\"datePublished\":\"2022-02-08T10:57:31+00:00\",\"dateModified\":\"2025-09-08T11:48:10+00:00\",\"description\":\"Votre producteur de qualit\u00e9 sup\u00e9rieure de profil\u00e9s lamin\u00e9s \u00e0 froid avec des tol\u00e9rances de \u00b1 0,05 mm, ainsi que de produits de construction pour les projets de construction. Contactez nous !\",\"breadcrumb\":{\"@id\":\"https:\/\/www.hadleygroup.com\/fr\/#breadcrumb\"},\"inLanguage\":\"fr-FR\",\"potentialAction\":[{\"@type\":\"ReadAction\",\"target\":[\"https:\/\/www.hadleygroup.com\/fr\/\"]}]},{\"@type\":\"BreadcrumbList\",\"@id\":\"https:\/\/www.hadleygroup.com\/fr\/#breadcrumb\",\"itemListElement\":[{\"@type\":\"ListItem\",\"position\":1,\"name\":\"Home\",\"item\":\"https:\/\/www.hadleygroup.com\/fr\/\"},{\"@type\":\"ListItem\",\"position\":2,\"name\":\"Accueil\"}]},{\"@type\":\"WebSite\",\"@id\":\"https:\/\/www.hadleygroup.com\/fr\/#website\",\"url\":\"https:\/\/www.hadleygroup.com\/fr\/\",\"name\":\"Hadley Group\",\"description\":\"Shaping the Future in Metal\",\"publisher\":{\"@id\":\"https:\/\/www.hadleygroup.com\/fr\/#organization\"},\"potentialAction\":[{\"@type\":\"SearchAction\",\"target\":{\"@type\":\"EntryPoint\",\"urlTemplate\":\"https:\/\/www.hadleygroup.com\/fr\/?s={search_term_string}\"},\"query-input\":{\"@type\":\"PropertyValueSpecification\",\"valueRequired\":true,\"valueName\":\"search_term_string\"}}],\"inLanguage\":\"fr-FR\"},{\"@type\":\"Organization\",\"@id\":\"https:\/\/www.hadleygroup.com\/fr\/#organization\",\"name\":\"Hadley Group\",\"url\":\"https:\/\/www.hadleygroup.com\/fr\/\",\"logo\":{\"@type\":\"ImageObject\",\"inLanguage\":\"fr-FR\",\"@id\":\"https:\/\/www.hadleygroup.com\/fr\/#\/schema\/logo\/image\/\",\"url\":\"https:\/\/www.hadleygroup.com\/app\/uploads\/2023\/01\/Hadley-Group-logo.jpg\",\"contentUrl\":\"https:\/\/www.hadleygroup.com\/app\/uploads\/2023\/01\/Hadley-Group-logo.jpg\",\"width\":1280,\"height\":300,\"caption\":\"Hadley Group\"},\"image\":{\"@id\":\"https:\/\/www.hadleygroup.com\/fr\/#\/schema\/logo\/image\/\"},\"sameAs\":[\"https:\/\/www.facebook.com\/HadleyGroupGlobal\",\"https:\/\/x.com\/hadley_group\",\"https:\/\/www.youtube.com\/@HadleyGroupSmethwick\",\"https:\/\/www.linkedin.com\/company\/hadley-group-\/\"]}]}<\/script>\n<!-- \/ Yoast SEO Premium plugin. -->","yoast_head_json":{"title":"Profil\u00e9s de laminage et produits de construction","description":"Votre producteur de qualit\u00e9 sup\u00e9rieure de profil\u00e9s lamin\u00e9s \u00e0 froid avec des tol\u00e9rances de \u00b1 0,05 mm, ainsi que de produits de construction pour les projets de construction. Contactez nous !","robots":{"index":"index","follow":"follow","max-snippet":"max-snippet:-1","max-image-preview":"max-image-preview:large","max-video-preview":"max-video-preview:-1"},"canonical":"https:\/\/www.hadleygroup.com\/fr\/","og_locale":"fr_FR","og_type":"article","og_title":"Accueil","og_description":"Votre producteur de qualit\u00e9 sup\u00e9rieure de profil\u00e9s lamin\u00e9s \u00e0 froid avec des tol\u00e9rances de \u00b1 0,05 mm, ainsi que de produits de construction pour les projets de construction. Contactez nous !","og_url":"https:\/\/www.hadleygroup.com\/fr\/","og_site_name":"Hadley Group","article_publisher":"https:\/\/www.facebook.com\/HadleyGroupGlobal","article_modified_time":"2025-09-08T11:48:10+00:00","og_image":[{"width":1280,"height":300,"url":"https:\/\/www.hadleygroup.com\/app\/uploads\/2023\/01\/Hadley-Group-logo.jpg","type":"image\/jpeg"}],"twitter_card":"summary_large_image","twitter_site":"@hadley_group","twitter_misc":{"Est. reading time":"2 minutes"},"schema":{"@context":"https:\/\/schema.org","@graph":[{"@type":"WebPage","@id":"https:\/\/www.hadleygroup.com\/fr\/","url":"https:\/\/www.hadleygroup.com\/fr\/","name":"Profil\u00e9s de laminage et produits de construction","isPartOf":{"@id":"https:\/\/www.hadleygroup.com\/fr\/#website"},"datePublished":"2022-02-08T10:57:31+00:00","dateModified":"2025-09-08T11:48:10+00:00","description":"Votre producteur de qualit\u00e9 sup\u00e9rieure de profil\u00e9s lamin\u00e9s \u00e0 froid avec des tol\u00e9rances de \u00b1 0,05 mm, ainsi que de produits de construction pour les projets de construction. Contactez nous !","breadcrumb":{"@id":"https:\/\/www.hadleygroup.com\/fr\/#breadcrumb"},"inLanguage":"fr-FR","potentialAction":[{"@type":"ReadAction","target":["https:\/\/www.hadleygroup.com\/fr\/"]}]},{"@type":"BreadcrumbList","@id":"https:\/\/www.hadleygroup.com\/fr\/#breadcrumb","itemListElement":[{"@type":"ListItem","position":1,"name":"Home","item":"https:\/\/www.hadleygroup.com\/fr\/"},{"@type":"ListItem","position":2,"name":"Accueil"}]},{"@type":"WebSite","@id":"https:\/\/www.hadleygroup.com\/fr\/#website","url":"https:\/\/www.hadleygroup.com\/fr\/","name":"Hadley Group","description":"Shaping the Future in Metal","publisher":{"@id":"https:\/\/www.hadleygroup.com\/fr\/#organization"},"potentialAction":[{"@type":"SearchAction","target":{"@type":"EntryPoint","urlTemplate":"https:\/\/www.hadleygroup.com\/fr\/?s={search_term_string}"},"query-input":{"@type":"PropertyValueSpecification","valueRequired":true,"valueName":"search_term_string"}}],"inLanguage":"fr-FR"},{"@type":"Organization","@id":"https:\/\/www.hadleygroup.com\/fr\/#organization","name":"Hadley Group","url":"https:\/\/www.hadleygroup.com\/fr\/","logo":{"@type":"ImageObject","inLanguage":"fr-FR","@id":"https:\/\/www.hadleygroup.com\/fr\/#\/schema\/logo\/image\/","url":"https:\/\/www.hadleygroup.com\/app\/uploads\/2023\/01\/Hadley-Group-logo.jpg","contentUrl":"https:\/\/www.hadleygroup.com\/app\/uploads\/2023\/01\/Hadley-Group-logo.jpg","width":1280,"height":300,"caption":"Hadley Group"},"image":{"@id":"https:\/\/www.hadleygroup.com\/fr\/#\/schema\/logo\/image\/"},"sameAs":["https:\/\/www.facebook.com\/HadleyGroupGlobal","https:\/\/x.com\/hadley_group","https:\/\/www.youtube.com\/@HadleyGroupSmethwick","https:\/\/www.linkedin.com\/company\/hadley-group-\/"]}]}},"_links":{"self":[{"href":"https:\/\/www.hadleygroup.com\/fr\/wp-json\/wp\/v2\/pages\/4213","targetHints":{"allow":["GET"]}}],"collection":[{"href":"https:\/\/www.hadleygroup.com\/fr\/wp-json\/wp\/v2\/pages"}],"about":[{"href":"https:\/\/www.hadleygroup.com\/fr\/wp-json\/wp\/v2\/types\/page"}],"author":[{"embeddable":true,"href":"https:\/\/www.hadleygroup.com\/fr\/wp-json\/wp\/v2\/users\/1"}],"replies":[{"embeddable":true,"href":"https:\/\/www.hadleygroup.com\/fr\/wp-json\/wp\/v2\/comments?post=4213"}],"version-history":[{"count":12,"href":"https:\/\/www.hadleygroup.com\/fr\/wp-json\/wp\/v2\/pages\/4213\/revisions"}],"predecessor-version":[{"id":16301,"href":"https:\/\/www.hadleygroup.com\/fr\/wp-json\/wp\/v2\/pages\/4213\/revisions\/16301"}],"wp:attachment":[{"href":"https:\/\/www.hadleygroup.com\/fr\/wp-json\/wp\/v2\/media?parent=4213"}],"wp:term":[{"taxonomy":"category","embeddable":true,"href":"https:\/\/www.hadleygroup.com\/fr\/wp-json\/wp\/v2\/categories?post=4213"}],"curies":[{"name":"wp","href":"https:\/\/api.w.org\/{rel}","templated":true}]}}