{"id":4196,"date":"2022-04-02T17:45:33","date_gmt":"2022-04-02T17:45:33","guid":{"rendered":"https:\/\/www.hadleygroup.com\/a-propos-de-nous\/conseil-dadministration\/"},"modified":"2025-09-08T11:44:24","modified_gmt":"2025-09-08T11:44:24","slug":"conseil-dadministration","status":"publish","type":"page","link":"https:\/\/www.hadleygroup.com\/fr\/a-propos-de-nous\/conseil-dadministration\/","title":{"rendered":"Conseil d&#8217;administration"},"content":{"rendered":"<background-video inline-template :autoplay=\"true\" video=\"\"> \n<section class=\"wp-block-stradigi-gutenberg-hero g-hero container-fluid p-0 g-hero--has-overlay\" style=\"background-image:url(&quot;https:\/\/www.hadleygroup.com\/app\/uploads\/2022\/04\/DSC_1344.1.jpg&quot;)\" data-youtube-url=\"\"><div class=\"g-hero--filter\"><\/div><div class=\"g-hero__container container\"><div class=\"g-hero__wrap\"><h1 class=\"g-hero__heading\">Board of Directors<\/h1><div class=\"g-hero__body\"><div class=\"g-hero__body__text\"><p><\/p><\/div><div class=\"g-hero__body__buttons\"><\/div><\/div><\/div><\/div><\/section>\n <\/background-video><div class=\"JB-1 h-section-background\">\n<section class=\"wp-block-stradigi-gutenberg-fixed-spacer g-spacer g-spacer--size-medium\"><\/section>\n<\/div><div class=\"JB-1 h-section-background\">\n<section class=\"wp-block-stradigi-gutenberg-text-image g-text-image\"><div class=\"container\"><div class=\"g-text-image__row row\"><div data-translate=\"true\" class=\"order-2 col-md-7 col-lg-7 offset-lg-1 col-xl-8\"><div class=\"g-text-image__content\"><section class=\"JB-1 h-section-background g-text\"><div class=\"container\"><div class=\"row\"><div class=\"col-lg-8\"><div class=\"g-text__title\">\n<h5 class=\"wp-block-heading has-medium-font-size\"><strong><strong>Stewart R Towe<\/strong><\/strong> CBE DL<\/h5>\n<\/div><\/div><\/div><\/div><\/section>\n\n<section class=\"JB-1 h-section-background g-text\"><div class=\"container\"><div class=\"row\"><div class=\"col-lg-8\"><div class=\"g-text__bodytext\">\n<p>Pr\u00e9sident du groupe ex\u00e9cutif<\/p>\n<\/div><\/div><\/div><\/div><\/section>\n\n<section class=\"JB-1 h-section-background g-text\"><div class=\"container\"><div class=\"row\"><div class=\"col-lg-8\"><div class=\"g-text__bodytext\">\n<p class=\"has-small-font-size\">Stewart Towe a rejoint la soci\u00e9t\u00e9 en 1976 en tant que comptable du groupe. Il est nomm\u00e9 au Directoire en 1978, prenant la responsabilit\u00e9 du d\u00e9veloppement commercial et financier du Groupe, et finalise le rachat de l&#8217;entreprise \u00e0 la famille Hadley en avril 2006. En tant que pr\u00e9sident ex\u00e9cutif du groupe, Stewart continuera de promouvoir, de piloter et de soutenir l&#8217;intention strat\u00e9gique du groupe. Stewart est \u00e9troitement impliqu\u00e9 dans la communaut\u00e9 locale et a occup\u00e9 des postes tels que High Sheriff of the West Midlands; sous-lieutenant, West Midlands\u00a0; pro-chancelier, Universit\u00e9 de Wolverhampton; et pr\u00e9sident, Black Country LEP. Il est m\u00e9c\u00e8ne du Prince&#8217;s Trust et a \u00e9t\u00e9 gouverneur dans un certain nombre d&#8217;\u00e9coles, d&#8217;acad\u00e9mies et d&#8217;universit\u00e9s de la r\u00e9gion.<\/p>\n<\/div><\/div><\/div><\/div><\/section><\/div><\/div><article data-translate=\"true\" class=\"order-1 col-md-5 col-lg-4 col-xl-3\"><div class=\"g-text-image__sidenote g-backend-outline\"><span class=\"a-lines__white-line\"><\/span><span class=\"a-lines__red-line\"><\/span><img decoding=\"async\" class=\"g-text-image__image\" src=\"https:\/\/www.hadleygroup.com\/app\/uploads\/2022\/05\/Stewart-Towe_180302_083116-1024x683.jpg\" alt=\"stewart-towe_180302_083116-2\"\/><\/div><\/article><\/div><\/div><\/section>\n<\/div><div class=\"JB-1 h-section-background\">\n<section class=\"wp-block-stradigi-gutenberg-text-image g-text-image\"><div class=\"container\"><div class=\"g-text-image__row row\"><div data-translate=\"true\" class=\"order-2 col-md-7 col-lg-7 offset-lg-1 col-xl-8\"><div class=\"g-text-image__content\"><section class=\"JB-1 h-section-background g-text\"><div class=\"container\"><div class=\"row\"><div class=\"col-lg-8\"><div class=\"g-text__title\">\n<h5 class=\"wp-block-heading has-medium-font-size\"><strong>Ben Towe<\/strong> CEng, MBA, IMechE, MCMI<\/h5>\n<\/div><\/div><\/div><\/div><\/section>\n\n<section class=\"JB-1 h-section-background g-text\"><div class=\"container\"><div class=\"row\"><div class=\"col-lg-8\"><div class=\"g-text__bodytext\">\n<p>Directeur G\u00e9n\u00e9ral du Groupe<\/p>\n<\/div><\/div><\/div><\/div><\/section>\n\n<section class=\"JB-1 h-section-background g-text\"><div class=\"container\"><div class=\"row\"><div class=\"col-lg-8\"><div class=\"g-text__bodytext\">\n<p class=\"has-small-font-size\">Rejoignant le groupe Hadley en janvier 2006 en tant qu&#8217;ing\u00e9nieur d&#8217;assistance \u00e0 la fabrication, Ben a rapidement \u00e9volu\u00e9 vers le r\u00f4le de directeur de Hadley Group Technology, rejoignant le conseil d&#8217;administration principal en 2011 et promu directeur g\u00e9n\u00e9ral du groupe en 2018. En 2021, il est devenu l&#8217;actionnaire de contr\u00f4le, garantissant un leadership multig\u00e9n\u00e9rationnel et un h\u00e9ritage familial o\u00f9 il continue \u00e0 conduire la croissance et le d\u00e9veloppement du Groupe Hadley. En 2024, il est \u00e9lu pr\u00e9sident de la Light Steel Frame Association.  <\/p>\n<\/div><\/div><\/div><\/div><\/section><\/div><\/div><article data-translate=\"true\" class=\"order-1 col-md-5 col-lg-4 col-xl-3\"><div class=\"g-text-image__sidenote g-backend-outline\"><span class=\"a-lines__white-line\"><\/span><span class=\"a-lines__red-line\"><\/span><img decoding=\"async\" class=\"g-text-image__image\" src=\"https:\/\/www.hadleygroup.com\/app\/uploads\/2022\/05\/Ben-Towe.jpg\" alt=\"ben-towe-2\"\/><\/div><\/article><\/div><\/div><\/section>\n<\/div><div class=\"JB-1 h-section-background\">\n<section class=\"wp-block-stradigi-gutenberg-text-image g-text-image\"><div class=\"container\"><div class=\"g-text-image__row row\"><div data-translate=\"true\" class=\"order-2 col-md-7 col-lg-7 offset-lg-1 col-xl-8\"><div class=\"g-text-image__content\"><section class=\"JB-1 h-section-background g-text\"><div class=\"container\"><div class=\"row\"><div class=\"col-lg-8\"><div class=\"g-text__title\">\n<h5 class=\"wp-block-heading has-medium-font-size\"><strong><strong><strong>Michael Castellucci<\/strong><\/strong><\/strong> BEng (Hons) PhD<\/h5>\n<\/div><\/div><\/div><\/div><\/section>\n\n<section class=\"JB-1 h-section-background g-text\"><div class=\"container\"><div class=\"row\"><div class=\"col-lg-8\"><div class=\"g-text__bodytext\">\n<p>Directeur Ing\u00e9nierie Groupe<\/p>\n<\/div><\/div><\/div><\/div><\/section>\n\n<section class=\"JB-1 h-section-background g-text\"><div class=\"container\"><div class=\"row\"><div class=\"col-lg-8\"><div class=\"g-text__bodytext\">\n<p class=\"has-small-font-size\">Michael Castellucci a rejoint le groupe Hadley en 1994 pour entreprendre des recherches sur l&#8217;augmentation des performances des produits lamin\u00e9s \u00e0 froid gr\u00e2ce \u00e0 des m\u00e9thodes et technologies alternatives. En 1999, il a obtenu un doctorat pour ce travail et a occup\u00e9 divers postes techniques et de recherche avant d&#8217;\u00eatre nomm\u00e9 directeur technique en 2008 et de rejoindre le conseil d&#8217;administration en 2011. En tant que directeur de l&#8217;ing\u00e9nierie du groupe, Michael assume la responsabilit\u00e9 de toutes les fonctions techniques et op\u00e9rationnelles au sein du groupe.<\/p>\n<\/div><\/div><\/div><\/div><\/section><\/div><\/div><article data-translate=\"true\" class=\"order-1 col-md-5 col-lg-4 col-xl-3\"><div class=\"g-text-image__sidenote g-backend-outline\"><span class=\"a-lines__white-line\"><\/span><span class=\"a-lines__red-line\"><\/span><img decoding=\"async\" class=\"g-text-image__image\" src=\"https:\/\/www.hadleygroup.com\/app\/uploads\/2022\/05\/Mike-Castelluci-1024x683.jpg\" alt=\"mike-castelluci-2\"\/><\/div><\/article><\/div><\/div><\/section>\n<\/div><div class=\"JB-1 h-section-background\">\n<section class=\"wp-block-stradigi-gutenberg-text-image g-text-image\"><div class=\"container\"><div class=\"g-text-image__row row\"><div data-translate=\"true\" class=\"order-2 col-md-7 col-lg-7 offset-lg-1 col-xl-8\"><div class=\"g-text-image__content\"><section class=\"JB-1 h-section-background g-text\"><div class=\"container\"><div class=\"row\"><div class=\"col-lg-8\"><div class=\"g-text__title\">\n<h5 class=\"wp-block-heading has-medium-font-size\"><strong><strong><strong><strong>Jonathan Jaggar<\/strong><\/strong><\/strong><\/strong> BA (Hons), MBA, MCIPS<\/h5>\n<\/div><\/div><\/div><\/div><\/section>\n\n<section class=\"JB-1 h-section-background g-text\"><div class=\"container\"><div class=\"row\"><div class=\"col-lg-8\"><div class=\"g-text__bodytext\">\n<p>Directeur Commercial Groupe<\/p>\n<\/div><\/div><\/div><\/div><\/section>\n\n<section class=\"JB-1 h-section-background g-text\"><div class=\"container\"><div class=\"row\"><div class=\"col-lg-8\"><div class=\"g-text__bodytext\">\n<p class=\"has-small-font-size\">En 2015, Jonathan Jaggar a \u00e9t\u00e9 nomm\u00e9 au conseil d&#8217;administration du groupe Hadley, assumant la responsabilit\u00e9 principale de la formulation et de l&#8217;ex\u00e9cution de la vision strat\u00e9gique \u00e0 long terme de l&#8217;entreprise, en accord avec ses objectifs commerciaux g\u00e9n\u00e9raux. Son r\u00f4le consiste \u00e0 am\u00e9liorer les flux de revenus de l&#8217;entreprise gr\u00e2ce \u00e0 la supervision strat\u00e9gique des ventes, du marketing, des initiatives de d\u00e9veloppement commercial et des processus d&#8217;approvisionnement. Cette approche strat\u00e9gique est con\u00e7ue pour amplifier la pr\u00e9sence sur le march\u00e9, favoriser l&#8217;engagement des clients et accro\u00eetre la rentabilit\u00e9 en int\u00e9grant harmonieusement les objectifs commerciaux \u00e0 la planification strat\u00e9gique. Gr\u00e2ce \u00e0 ces efforts, il assure la croissance durable du groupe Hadley et garantit son avantage concurrentiel dans l&#8217;industrie.   <\/p>\n<\/div><\/div><\/div><\/div><\/section>\n\n<section class=\"JB-1 h-section-background g-text\"><div class=\"container\"><div class=\"row\"><div class=\"col-lg-8\"><div class=\"g-text__bodytext\">\n<p><\/p>\n<\/div><\/div><\/div><\/div><\/section>\n\n<section class=\"JB-1 h-section-background g-text\"><div class=\"container\"><div class=\"row\"><div class=\"col-lg-8\"><div class=\"g-text__bodytext\">\n<p class=\"has-small-font-size\">Avant de rejoindre le groupe Hadley, Jonathan a occup\u00e9 divers postes de direction, notamment en tant que directeur ex\u00e9cutif chez Umeco plc au Royaume-Uni et chez Cytec Inc. aux \u00c9tats-Unis. Son dernier poste \u00e9tait celui de pr\u00e9sident de l&#8217;entreprise Process Materials, bas\u00e9e en Californie (\u00c9tats-Unis). Cette activit\u00e9 est l&#8217;un des principaux fournisseurs de l&#8217;industrie a\u00e9rospatiale mondiale, desservant les fabricants d&#8217;\u00e9quipement d&#8217;origine et de niveau 1, tout en fournissant l&#8217;ensemble du march\u00e9 \u00e0 forte croissance des mat\u00e9riaux composites.  <\/p>\n<\/div><\/div><\/div><\/div><\/section><\/div><\/div><article data-translate=\"true\" class=\"order-1 col-md-5 col-lg-4 col-xl-3\"><div class=\"g-text-image__sidenote g-backend-outline\"><span class=\"a-lines__white-line\"><\/span><span class=\"a-lines__red-line\"><\/span><img decoding=\"async\" class=\"g-text-image__image\" src=\"https:\/\/www.hadleygroup.com\/app\/uploads\/2024\/10\/Jonathan-Jaggar-web.jpg\" alt=\"jonathan-jaggar-web\"\/><\/div><\/article><\/div><\/div><\/section>\n<\/div><div class=\"JB-1 h-section-background\">\n<section class=\"wp-block-stradigi-gutenberg-text-image g-text-image\"><div class=\"container\"><div class=\"g-text-image__row row\"><div data-translate=\"true\" class=\"order-2 col-md-7 col-lg-7 offset-lg-1 col-xl-8\"><div class=\"g-text-image__content\"><section class=\"JB-1 h-section-background g-text\"><div class=\"container\"><div class=\"row\"><div class=\"col-lg-8\"><div class=\"g-text__title\">\n<h5 class=\"wp-block-heading has-medium-font-size\"><strong>Matt Trump<\/strong> FCA<\/h5>\n<\/div><\/div><\/div><\/div><\/section>\n\n<section class=\"JB-1 h-section-background g-text\"><div class=\"container\"><div class=\"row\"><div class=\"col-lg-8\"><div class=\"g-text__bodytext\">\n<p>Directeur financier du groupe<\/p>\n<\/div><\/div><\/div><\/div><\/section>\n\n<section class=\"JB-1 h-section-background g-text\"><div class=\"container\"><div class=\"row\"><div class=\"col-lg-8\"><div class=\"g-text__bodytext\">\n<p class=\"has-small-font-size\">Tout en obtenant son Chartership dans la pratique publique, Matt a acquis une riche exp\u00e9rience en mati\u00e8re d&#8217;audit, de fusions et d&#8217;acquisitions. Il a rejoint le groupe Hadley en 2013 et a assum\u00e9 l&#8217;ensemble des responsabilit\u00e9s financi\u00e8res. Par la suite, apr\u00e8s deux ann\u00e9es de collaboration fructueuse avec le conseil d&#8217;administration, Matt a assum\u00e9 le poste de directeur financier du groupe en 2024, aidant l&#8217;entreprise \u00e0 atteindre ses objectifs de croissance.  <\/p>\n<\/div><\/div><\/div><\/div><\/section><\/div><\/div><article data-translate=\"true\" class=\"order-1 col-md-5 col-lg-4 col-xl-3\"><div class=\"g-text-image__sidenote g-backend-outline\"><span class=\"a-lines__white-line\"><\/span><span class=\"a-lines__red-line\"><\/span><img decoding=\"async\" class=\"g-text-image__image\" src=\"https:\/\/www.hadleygroup.com\/app\/uploads\/2024\/05\/Mathew-Trump-1024x725.jpg\" alt=\"mathew-trump\"\/><\/div><\/article><\/div><\/div><\/section>\n<\/div><section class=\"JB-1 h-section-background g-text\"><div class=\"container\"><div class=\"row\"><div class=\"col-lg-8\"><div class=\"g-text__bodytext\">\n<p><\/p>\n<\/div><\/div><\/div><\/div><\/section><div class=\"JB-1 h-section-background\">\n<section class=\"wp-block-stradigi-gutenberg-fixed-spacer g-spacer g-spacer--size-large\"><\/section>\n<\/div>","protected":false},"excerpt":{"rendered":"","protected":false},"author":3,"featured_media":0,"parent":4189,"menu_order":0,"comment_status":"closed","ping_status":"closed","template":"","meta":{"_acf_changed":false,"footnotes":""},"categories":[124],"class_list":["post-4196","page","type-page","status-publish","hentry","category-a-propos-de-nous"],"acf":[],"yoast_head":"<!-- This site is optimized with the Yoast SEO Premium plugin v25.1 (Yoast SEO v26.3) - https:\/\/yoast.com\/wordpress\/plugins\/seo\/ -->\n<title>Conseil d&#039;administration - Hadley Group<\/title>\n<meta name=\"description\" content=\"Consultez les informations sur le conseil d&#039;administration du groupe Hadley - Ben Towe, Stewart R Towe, Michael Castellucci, Richard Neale et Jonathan Jaggar.\" \/>\n<meta name=\"robots\" content=\"index, follow, max-snippet:-1, max-image-preview:large, max-video-preview:-1\" \/>\n<link rel=\"canonical\" href=\"https:\/\/www.hadleygroup.com\/fr\/a-propos-de-nous\/conseil-dadministration\/\" \/>\n<meta property=\"og:locale\" content=\"fr_FR\" \/>\n<meta property=\"og:type\" content=\"article\" \/>\n<meta property=\"og:title\" content=\"Conseil d&#039;administration\" \/>\n<meta property=\"og:description\" content=\"Consultez les informations sur le conseil d&#039;administration du groupe Hadley - Ben Towe, Stewart R Towe, Michael Castellucci, Richard Neale et Jonathan Jaggar.\" \/>\n<meta property=\"og:url\" content=\"https:\/\/www.hadleygroup.com\/fr\/a-propos-de-nous\/conseil-dadministration\/\" \/>\n<meta property=\"og:site_name\" content=\"Hadley Group\" \/>\n<meta property=\"article:publisher\" content=\"https:\/\/www.facebook.com\/HadleyGroupGlobal\" \/>\n<meta property=\"article:modified_time\" content=\"2025-09-08T11:44:24+00:00\" \/>\n<meta property=\"og:image\" content=\"https:\/\/www.hadleygroup.com\/app\/uploads\/2022\/05\/Stewart-Towe_180302_083116-1024x683.jpg\" \/>\n<meta name=\"twitter:card\" content=\"summary_large_image\" \/>\n<meta name=\"twitter:site\" content=\"@hadley_group\" \/>\n<meta name=\"twitter:label1\" content=\"Est. reading time\" \/>\n\t<meta name=\"twitter:data1\" content=\"3 minutes\" \/>\n<script type=\"application\/ld+json\" class=\"yoast-schema-graph\">{\"@context\":\"https:\/\/schema.org\",\"@graph\":[{\"@type\":\"WebPage\",\"@id\":\"https:\/\/www.hadleygroup.com\/fr\/a-propos-de-nous\/conseil-dadministration\/\",\"url\":\"https:\/\/www.hadleygroup.com\/fr\/a-propos-de-nous\/conseil-dadministration\/\",\"name\":\"Conseil d'administration - Hadley Group\",\"isPartOf\":{\"@id\":\"https:\/\/www.hadleygroup.com\/fr\/#website\"},\"primaryImageOfPage\":{\"@id\":\"https:\/\/www.hadleygroup.com\/fr\/a-propos-de-nous\/conseil-dadministration\/#primaryimage\"},\"image\":{\"@id\":\"https:\/\/www.hadleygroup.com\/fr\/a-propos-de-nous\/conseil-dadministration\/#primaryimage\"},\"thumbnailUrl\":\"https:\/\/www.hadleygroup.com\/app\/uploads\/2022\/05\/Stewart-Towe_180302_083116-1024x683.jpg\",\"datePublished\":\"2022-04-02T17:45:33+00:00\",\"dateModified\":\"2025-09-08T11:44:24+00:00\",\"description\":\"Consultez les informations sur le conseil d'administration du groupe Hadley - Ben Towe, Stewart R Towe, Michael Castellucci, Richard Neale et Jonathan Jaggar.\",\"breadcrumb\":{\"@id\":\"https:\/\/www.hadleygroup.com\/fr\/a-propos-de-nous\/conseil-dadministration\/#breadcrumb\"},\"inLanguage\":\"fr-FR\",\"potentialAction\":[{\"@type\":\"ReadAction\",\"target\":[\"https:\/\/www.hadleygroup.com\/fr\/a-propos-de-nous\/conseil-dadministration\/\"]}]},{\"@type\":\"ImageObject\",\"inLanguage\":\"fr-FR\",\"@id\":\"https:\/\/www.hadleygroup.com\/fr\/a-propos-de-nous\/conseil-dadministration\/#primaryimage\",\"url\":\"https:\/\/www.hadleygroup.com\/app\/uploads\/2022\/05\/Stewart-Towe_180302_083116-1024x683.jpg\",\"contentUrl\":\"https:\/\/www.hadleygroup.com\/app\/uploads\/2022\/05\/Stewart-Towe_180302_083116-1024x683.jpg\"},{\"@type\":\"BreadcrumbList\",\"@id\":\"https:\/\/www.hadleygroup.com\/fr\/a-propos-de-nous\/conseil-dadministration\/#breadcrumb\",\"itemListElement\":[{\"@type\":\"ListItem\",\"position\":1,\"name\":\"Home\",\"item\":\"https:\/\/www.hadleygroup.com\/fr\/\"},{\"@type\":\"ListItem\",\"position\":2,\"name\":\"\u00c0 propos de nous\",\"item\":\"https:\/\/www.hadleygroup.com\/fr\/a-propos-de-nous\/\"},{\"@type\":\"ListItem\",\"position\":3,\"name\":\"Conseil d&#8217;administration\"}]},{\"@type\":\"WebSite\",\"@id\":\"https:\/\/www.hadleygroup.com\/fr\/#website\",\"url\":\"https:\/\/www.hadleygroup.com\/fr\/\",\"name\":\"Hadley Group\",\"description\":\"Shaping the Future in Metal\",\"publisher\":{\"@id\":\"https:\/\/www.hadleygroup.com\/fr\/#organization\"},\"potentialAction\":[{\"@type\":\"SearchAction\",\"target\":{\"@type\":\"EntryPoint\",\"urlTemplate\":\"https:\/\/www.hadleygroup.com\/fr\/?s={search_term_string}\"},\"query-input\":{\"@type\":\"PropertyValueSpecification\",\"valueRequired\":true,\"valueName\":\"search_term_string\"}}],\"inLanguage\":\"fr-FR\"},{\"@type\":\"Organization\",\"@id\":\"https:\/\/www.hadleygroup.com\/fr\/#organization\",\"name\":\"Hadley Group\",\"url\":\"https:\/\/www.hadleygroup.com\/fr\/\",\"logo\":{\"@type\":\"ImageObject\",\"inLanguage\":\"fr-FR\",\"@id\":\"https:\/\/www.hadleygroup.com\/fr\/#\/schema\/logo\/image\/\",\"url\":\"https:\/\/www.hadleygroup.com\/app\/uploads\/2023\/01\/Hadley-Group-logo.jpg\",\"contentUrl\":\"https:\/\/www.hadleygroup.com\/app\/uploads\/2023\/01\/Hadley-Group-logo.jpg\",\"width\":1280,\"height\":300,\"caption\":\"Hadley Group\"},\"image\":{\"@id\":\"https:\/\/www.hadleygroup.com\/fr\/#\/schema\/logo\/image\/\"},\"sameAs\":[\"https:\/\/www.facebook.com\/HadleyGroupGlobal\",\"https:\/\/x.com\/hadley_group\",\"https:\/\/www.youtube.com\/@HadleyGroupSmethwick\",\"https:\/\/www.linkedin.com\/company\/hadley-group-\/\"]}]}<\/script>\n<!-- \/ Yoast SEO Premium plugin. -->","yoast_head_json":{"title":"Conseil d'administration - Hadley Group","description":"Consultez les informations sur le conseil d'administration du groupe Hadley - Ben Towe, Stewart R Towe, Michael Castellucci, Richard Neale et Jonathan Jaggar.","robots":{"index":"index","follow":"follow","max-snippet":"max-snippet:-1","max-image-preview":"max-image-preview:large","max-video-preview":"max-video-preview:-1"},"canonical":"https:\/\/www.hadleygroup.com\/fr\/a-propos-de-nous\/conseil-dadministration\/","og_locale":"fr_FR","og_type":"article","og_title":"Conseil d'administration","og_description":"Consultez les informations sur le conseil d'administration du groupe Hadley - Ben Towe, Stewart R Towe, Michael Castellucci, Richard Neale et Jonathan Jaggar.","og_url":"https:\/\/www.hadleygroup.com\/fr\/a-propos-de-nous\/conseil-dadministration\/","og_site_name":"Hadley Group","article_publisher":"https:\/\/www.facebook.com\/HadleyGroupGlobal","article_modified_time":"2025-09-08T11:44:24+00:00","og_image":[{"url":"https:\/\/www.hadleygroup.com\/app\/uploads\/2022\/05\/Stewart-Towe_180302_083116-1024x683.jpg","type":"","width":"","height":""}],"twitter_card":"summary_large_image","twitter_site":"@hadley_group","twitter_misc":{"Est. reading time":"3 minutes"},"schema":{"@context":"https:\/\/schema.org","@graph":[{"@type":"WebPage","@id":"https:\/\/www.hadleygroup.com\/fr\/a-propos-de-nous\/conseil-dadministration\/","url":"https:\/\/www.hadleygroup.com\/fr\/a-propos-de-nous\/conseil-dadministration\/","name":"Conseil d'administration - Hadley Group","isPartOf":{"@id":"https:\/\/www.hadleygroup.com\/fr\/#website"},"primaryImageOfPage":{"@id":"https:\/\/www.hadleygroup.com\/fr\/a-propos-de-nous\/conseil-dadministration\/#primaryimage"},"image":{"@id":"https:\/\/www.hadleygroup.com\/fr\/a-propos-de-nous\/conseil-dadministration\/#primaryimage"},"thumbnailUrl":"https:\/\/www.hadleygroup.com\/app\/uploads\/2022\/05\/Stewart-Towe_180302_083116-1024x683.jpg","datePublished":"2022-04-02T17:45:33+00:00","dateModified":"2025-09-08T11:44:24+00:00","description":"Consultez les informations sur le conseil d'administration du groupe Hadley - Ben Towe, Stewart R Towe, Michael Castellucci, Richard Neale et Jonathan Jaggar.","breadcrumb":{"@id":"https:\/\/www.hadleygroup.com\/fr\/a-propos-de-nous\/conseil-dadministration\/#breadcrumb"},"inLanguage":"fr-FR","potentialAction":[{"@type":"ReadAction","target":["https:\/\/www.hadleygroup.com\/fr\/a-propos-de-nous\/conseil-dadministration\/"]}]},{"@type":"ImageObject","inLanguage":"fr-FR","@id":"https:\/\/www.hadleygroup.com\/fr\/a-propos-de-nous\/conseil-dadministration\/#primaryimage","url":"https:\/\/www.hadleygroup.com\/app\/uploads\/2022\/05\/Stewart-Towe_180302_083116-1024x683.jpg","contentUrl":"https:\/\/www.hadleygroup.com\/app\/uploads\/2022\/05\/Stewart-Towe_180302_083116-1024x683.jpg"},{"@type":"BreadcrumbList","@id":"https:\/\/www.hadleygroup.com\/fr\/a-propos-de-nous\/conseil-dadministration\/#breadcrumb","itemListElement":[{"@type":"ListItem","position":1,"name":"Home","item":"https:\/\/www.hadleygroup.com\/fr\/"},{"@type":"ListItem","position":2,"name":"\u00c0 propos de nous","item":"https:\/\/www.hadleygroup.com\/fr\/a-propos-de-nous\/"},{"@type":"ListItem","position":3,"name":"Conseil d&#8217;administration"}]},{"@type":"WebSite","@id":"https:\/\/www.hadleygroup.com\/fr\/#website","url":"https:\/\/www.hadleygroup.com\/fr\/","name":"Hadley Group","description":"Shaping the Future in Metal","publisher":{"@id":"https:\/\/www.hadleygroup.com\/fr\/#organization"},"potentialAction":[{"@type":"SearchAction","target":{"@type":"EntryPoint","urlTemplate":"https:\/\/www.hadleygroup.com\/fr\/?s={search_term_string}"},"query-input":{"@type":"PropertyValueSpecification","valueRequired":true,"valueName":"search_term_string"}}],"inLanguage":"fr-FR"},{"@type":"Organization","@id":"https:\/\/www.hadleygroup.com\/fr\/#organization","name":"Hadley Group","url":"https:\/\/www.hadleygroup.com\/fr\/","logo":{"@type":"ImageObject","inLanguage":"fr-FR","@id":"https:\/\/www.hadleygroup.com\/fr\/#\/schema\/logo\/image\/","url":"https:\/\/www.hadleygroup.com\/app\/uploads\/2023\/01\/Hadley-Group-logo.jpg","contentUrl":"https:\/\/www.hadleygroup.com\/app\/uploads\/2023\/01\/Hadley-Group-logo.jpg","width":1280,"height":300,"caption":"Hadley Group"},"image":{"@id":"https:\/\/www.hadleygroup.com\/fr\/#\/schema\/logo\/image\/"},"sameAs":["https:\/\/www.facebook.com\/HadleyGroupGlobal","https:\/\/x.com\/hadley_group","https:\/\/www.youtube.com\/@HadleyGroupSmethwick","https:\/\/www.linkedin.com\/company\/hadley-group-\/"]}]}},"_links":{"self":[{"href":"https:\/\/www.hadleygroup.com\/fr\/wp-json\/wp\/v2\/pages\/4196","targetHints":{"allow":["GET"]}}],"collection":[{"href":"https:\/\/www.hadleygroup.com\/fr\/wp-json\/wp\/v2\/pages"}],"about":[{"href":"https:\/\/www.hadleygroup.com\/fr\/wp-json\/wp\/v2\/types\/page"}],"author":[{"embeddable":true,"href":"https:\/\/www.hadleygroup.com\/fr\/wp-json\/wp\/v2\/users\/3"}],"replies":[{"embeddable":true,"href":"https:\/\/www.hadleygroup.com\/fr\/wp-json\/wp\/v2\/comments?post=4196"}],"version-history":[{"count":10,"href":"https:\/\/www.hadleygroup.com\/fr\/wp-json\/wp\/v2\/pages\/4196\/revisions"}],"predecessor-version":[{"id":16214,"href":"https:\/\/www.hadleygroup.com\/fr\/wp-json\/wp\/v2\/pages\/4196\/revisions\/16214"}],"up":[{"embeddable":true,"href":"https:\/\/www.hadleygroup.com\/fr\/wp-json\/wp\/v2\/pages\/4189"}],"wp:attachment":[{"href":"https:\/\/www.hadleygroup.com\/fr\/wp-json\/wp\/v2\/media?parent=4196"}],"wp:term":[{"taxonomy":"category","embeddable":true,"href":"https:\/\/www.hadleygroup.com\/fr\/wp-json\/wp\/v2\/categories?post=4196"}],"curies":[{"name":"wp","href":"https:\/\/api.w.org\/{rel}","templated":true}]}}