{"id":4183,"date":"2022-05-13T07:49:05","date_gmt":"2022-05-13T07:49:05","guid":{"rendered":"https:\/\/www.hadleygroup.com\/carrieres\/programme-dapprentissage\/"},"modified":"2025-09-08T11:44:24","modified_gmt":"2025-09-08T11:44:24","slug":"programme-dapprentissage","status":"publish","type":"page","link":"https:\/\/www.hadleygroup.com\/fr\/carrieres\/programme-dapprentissage\/","title":{"rendered":"Programme d&#8217;apprentissage"},"content":{"rendered":"<section class=\"JB-1 h-section-background g-html\"><div class=\"container\"><div class=\"row\"><div class=\"col-12\"><div class=\"g-html__content-wrap\">\n<section class=\"wp-block-stradigi-gutenberg-hero g-hero container-fluid p-0 g-hero--has-overlay\" style=\"background-image:url(\" data-youtube-url=\"\" https:=\"\"><div class=\"g-hero--filter\"><\/div><div class=\"g-hero__container container\"><div class=\"g-hero__wrap\"><h1 class=\"g-hero__heading\">Apprentissages du Groupe Hadley<\/h1><div class=\"g-hero__body\"><div class=\"g-hero__body__text\"><p><\/p><\/div><div class=\"g-hero__body__buttons\"><\/div><\/div><\/div><div class=\"g-hero__chevron__container d-none d-lg-block\"><i class=\"fas fa-chevron-down fa-3x scrollDown\"><\/i><\/div><\/div><\/section>\n<\/div><\/div><\/div><\/div><\/section><div class=\"JB-1 h-section-background\">\n<section class=\"wp-block-stradigi-gutenberg-fixed-spacer g-spacer g-spacer--size-medium\"><\/section>\n<\/div><div class=\"JB-1 h-section-background\">\n<section class=\"wp-block-stradigi-gutenberg-text-image g-text-image\"><div class=\"container\"><div class=\"g-text-image__row row\"><div data-translate=\"true\" class=\"order-2 offset-xl-1 col-md-5\"><div class=\"g-text-image__content\">\n<section class=\"JB-1 h-section-background g-text\"><div class=\"container\"><div class=\"row\"><div class=\"col-lg-8\"><div class=\"g-text__bodytext\">\n<p class=\"has-medium-font-size\">Les apprentissages ont jou\u00e9 un r\u00f4le important dans la croissance de notre entreprise au cours des 25 derni\u00e8res ann\u00e9es et nous restons d\u00e9termin\u00e9s \u00e0 exploiter et \u00e0 d\u00e9velopper les jeunes talents gr\u00e2ce \u00e0 nos programmes d&#8217;apprentissage \u00e9largis.<\/p>\n<\/div><\/div><\/div><\/div><\/section>\n<\/div><\/div><article data-translate=\"true\" class=\"order-1 col-md-7 col-xl-6\"><div class=\"g-text-image__sidenote\"><img decoding=\"async\" class=\"g-text-image__image\" src=\"https:\/\/www.hadleygroup.com\/app\/uploads\/2022\/05\/V2_No-crop-Production-Career-Path-with-new-email-address.png\" alt=\"v2_no-crop-production-career-path-with-new-email-address\"\/><\/div><\/article><\/div><\/div><\/section>\n<\/div><div class=\"JB-1 h-section-background\">\n<section class=\"wp-block-stradigi-gutenberg-subtitle g-text g-text--text-aligns-left\"><div class=\"container\"><div class=\"row\"><div class=\"col-md-10 col-lg-8\"><div class=\"g-text__subtitle\"><strong>Production Apprenticeship<\/strong><\/div><\/div><\/div><\/div><\/section>\n<\/div><section class=\"JB-1 h-section-background g-text\"><div class=\"container\"><div class=\"row\"><div class=\"col-lg-8\"><div class=\"g-text__bodytext\">\n<p>Un programme de deux ans sp\u00e9cialis\u00e9 directement dans les domaines de la production, y compris la maintenance et la fabrication d&#8217;outils, permettant de d\u00e9velopper une vari\u00e9t\u00e9 de comp\u00e9tences. Ce programme est id\u00e9al pour les apprentis qui pr\u00e9f\u00e8rent une approche pratique.<\/p>\n<\/div><\/div><\/div><\/div><\/section><div class=\"JB-1 h-section-background\">\n<section class=\"wp-block-stradigi-gutenberg-subtitle g-text g-text--text-aligns-left\"><div class=\"container\"><div class=\"row\"><div class=\"col-md-10 col-lg-8\"><div class=\"g-text__subtitle\"><strong>Technical Apprenticeship<\/strong><\/div><\/div><\/div><\/div><\/section>\n<\/div><section class=\"JB-1 h-section-background g-text\"><div class=\"container\"><div class=\"row\"><div class=\"col-lg-8\"><div class=\"g-text__bodytext\">\n<p>Ce programme de quatre ans comprend une formation en cours d&#8217;emploi et en dehors de celui-ci afin de d\u00e9velopper les comp\u00e9tences techniques de base requises pour occuper des postes qualifi\u00e9s ou professionnels dans les domaines suivants : gestion de la fabrication, conception (machines-outils et produits), maintenance, usinage, fabrication d&#8217;outils, achats, ventes et production.<\/p>\n<\/div><\/div><\/div><\/div><\/section><div class=\"JB-1 h-section-background\">\n<section class=\"wp-block-stradigi-gutenberg-subtitle g-text g-text--text-aligns-left\"><div class=\"container\"><div class=\"row\"><div class=\"col-md-10 col-lg-8\"><div class=\"g-text__subtitle\"><strong>Commercial Apprenticeship<\/strong><\/div><\/div><\/div><\/div><\/section>\n<\/div><section class=\"JB-1 h-section-background g-text\"><div class=\"container\"><div class=\"row\"><div class=\"col-lg-8\"><div class=\"g-text__bodytext\">\n<p>Un programme de deux ou trois ans qui comprend des aspects de l&#8217;administration commerciale, du service \u00e0 la client\u00e8le, de l&#8217;approvisionnement, des ressources humaines et de la vente, menant \u00e9ventuellement \u00e0 un poste dans l&#8217;une de ces disciplines.<\/p>\n<\/div><\/div><\/div><\/div><\/section><div class=\"JB-1 h-section-background\">\n<section class=\"wp-block-stradigi-gutenberg-subtitle g-text g-text--text-aligns-left\"><div class=\"container\"><div class=\"row\"><div class=\"col-md-10 col-lg-8\"><div class=\"g-text__subtitle\"><strong>These programmes offer:<\/strong><\/div><\/div><\/div><\/div><\/section>\n<\/div><section class=\"JB-1 h-section-background g-text\"><div class=\"container\"><div class=\"row\"><div class=\"col-lg-8\"><div class=\"g-text__bodytext\">\n<ul class=\"wp-block-list\">\n<li>Un emploi imm\u00e9diat avec un salaire comp\u00e9titif<\/li>\n\n\n\n<li>une formation en alternance de 6 \u00e0 9 mois dans un \u00e9tablissement d&#8217;enseignement sup\u00e9rieur ou un organisme de formation local.<\/li>\n\n\n\n<li>une formation structur\u00e9e avec des qualifications reconnues<\/li>\n\n\n\n<li>un emploi \u00e0 temps plein \u00e0 l&#8217;issue du programme.<\/li>\n\n\n\n<li>une formation continue en fonction des aspirations professionnelles futures.<\/li>\n<\/ul>\n<\/div><\/div><\/div><\/div><\/section><div class=\"JB-1 h-section-background\">\n<section class=\"wp-block-stradigi-gutenberg-text-cta g-text\"><div class=\"container\"><div class=\"row\"><div class=\"col-lg-8\"><div class=\"g-text__bodytext\"><p>Please send any recruitment\/HR related queries to:\u00a0<a href=\"mailto:recruitment@hadleygroup.com\">recruitment@hadleygroup.com<\/a><\/p><\/div><a href=\"https:\/\/www.hadleygroup.com\/app\/uploads\/2022\/05\/Apprentice-Application-Form__22Febv2_updated__kd7.pdf\" class=\"c-button g-text__button\">Download the Application form<i class=\"fas fa-sm fa-chevron-right\"><\/i><\/a><\/div><\/div><\/div><\/section>\n<\/div><div class=\"JB-1 h-section-background\">\n<section class=\"wp-block-stradigi-gutenberg-fixed-spacer g-spacer g-spacer--size-medium\"><\/section>\n<\/div><section class=\"JB-1 h-section-background g-text\"><div class=\"container\"><div class=\"row\"><div class=\"col-lg-8\"><div class=\"g-text__bodytext\">\n<p><\/p>\n<\/div><\/div><\/div><\/div><\/section>","protected":false},"excerpt":{"rendered":"<p>Apprentissages du Groupe Hadley Un programme de deux ans sp\u00e9cialis\u00e9 directement dans les domaines de la production, y compris la\u2026 <a href=\"https:\/\/www.hadleygroup.com\/fr\/carrieres\/programme-dapprentissage\/\">&#8230;<\/a><\/p>\n","protected":false},"author":3,"featured_media":0,"parent":4170,"menu_order":0,"comment_status":"closed","ping_status":"closed","template":"","meta":{"_acf_changed":false,"footnotes":""},"categories":[],"class_list":["post-4183","page","type-page","status-publish","hentry"],"acf":[],"yoast_head":"<!-- This site is optimized with the Yoast SEO Premium plugin v25.1 (Yoast SEO v26.3) - https:\/\/yoast.com\/wordpress\/plugins\/seo\/ -->\n<title>Programme d&#039;apprentissage - Hadley Group<\/title>\n<meta name=\"description\" content=\"Nous restons d\u00e9termin\u00e9s \u00e0 exploiter et \u00e0 d\u00e9velopper les jeunes talents gr\u00e2ce \u00e0 nos programmes d&#039;apprentissage de plus en plus \u00e9tendus. Boostez votre carri\u00e8re chez Hadley !\" \/>\n<meta name=\"robots\" content=\"index, follow, max-snippet:-1, max-image-preview:large, max-video-preview:-1\" \/>\n<link rel=\"canonical\" href=\"https:\/\/www.hadleygroup.com\/fr\/carrieres\/programme-dapprentissage\/\" \/>\n<meta property=\"og:locale\" content=\"fr_FR\" \/>\n<meta property=\"og:type\" content=\"article\" \/>\n<meta property=\"og:title\" content=\"Programme d&#039;apprentissage\" \/>\n<meta property=\"og:description\" content=\"Nous restons d\u00e9termin\u00e9s \u00e0 exploiter et \u00e0 d\u00e9velopper les jeunes talents gr\u00e2ce \u00e0 nos programmes d&#039;apprentissage de plus en plus \u00e9tendus. Boostez votre carri\u00e8re chez Hadley !\" \/>\n<meta property=\"og:url\" content=\"https:\/\/www.hadleygroup.com\/fr\/carrieres\/programme-dapprentissage\/\" \/>\n<meta property=\"og:site_name\" content=\"Hadley Group\" \/>\n<meta property=\"article:publisher\" content=\"https:\/\/www.facebook.com\/HadleyGroupGlobal\" \/>\n<meta property=\"article:modified_time\" content=\"2025-09-08T11:44:24+00:00\" \/>\n<meta property=\"og:image\" content=\"https:\/\/www.hadleygroup.com\/app\/uploads\/2022\/05\/V2_No-crop-Production-Career-Path-with-new-email-address.png\" \/>\n<meta name=\"twitter:card\" content=\"summary_large_image\" \/>\n<meta name=\"twitter:site\" content=\"@hadley_group\" \/>\n<meta name=\"twitter:label1\" content=\"Est. reading time\" \/>\n\t<meta name=\"twitter:data1\" content=\"2 minutes\" \/>\n<script type=\"application\/ld+json\" class=\"yoast-schema-graph\">{\"@context\":\"https:\/\/schema.org\",\"@graph\":[{\"@type\":\"WebPage\",\"@id\":\"https:\/\/www.hadleygroup.com\/fr\/carrieres\/programme-dapprentissage\/\",\"url\":\"https:\/\/www.hadleygroup.com\/fr\/carrieres\/programme-dapprentissage\/\",\"name\":\"Programme d'apprentissage - Hadley Group\",\"isPartOf\":{\"@id\":\"https:\/\/www.hadleygroup.com\/fr\/#website\"},\"primaryImageOfPage\":{\"@id\":\"https:\/\/www.hadleygroup.com\/fr\/carrieres\/programme-dapprentissage\/#primaryimage\"},\"image\":{\"@id\":\"https:\/\/www.hadleygroup.com\/fr\/carrieres\/programme-dapprentissage\/#primaryimage\"},\"thumbnailUrl\":\"https:\/\/www.hadleygroup.com\/app\/uploads\/2022\/05\/V2_No-crop-Production-Career-Path-with-new-email-address.png\",\"datePublished\":\"2022-05-13T07:49:05+00:00\",\"dateModified\":\"2025-09-08T11:44:24+00:00\",\"description\":\"Nous restons d\u00e9termin\u00e9s \u00e0 exploiter et \u00e0 d\u00e9velopper les jeunes talents gr\u00e2ce \u00e0 nos programmes d'apprentissage de plus en plus \u00e9tendus. Boostez votre carri\u00e8re chez Hadley !\",\"breadcrumb\":{\"@id\":\"https:\/\/www.hadleygroup.com\/fr\/carrieres\/programme-dapprentissage\/#breadcrumb\"},\"inLanguage\":\"fr-FR\",\"potentialAction\":[{\"@type\":\"ReadAction\",\"target\":[\"https:\/\/www.hadleygroup.com\/fr\/carrieres\/programme-dapprentissage\/\"]}]},{\"@type\":\"ImageObject\",\"inLanguage\":\"fr-FR\",\"@id\":\"https:\/\/www.hadleygroup.com\/fr\/carrieres\/programme-dapprentissage\/#primaryimage\",\"url\":\"https:\/\/www.hadleygroup.com\/app\/uploads\/2022\/05\/V2_No-crop-Production-Career-Path-with-new-email-address.png\",\"contentUrl\":\"https:\/\/www.hadleygroup.com\/app\/uploads\/2022\/05\/V2_No-crop-Production-Career-Path-with-new-email-address.png\"},{\"@type\":\"BreadcrumbList\",\"@id\":\"https:\/\/www.hadleygroup.com\/fr\/carrieres\/programme-dapprentissage\/#breadcrumb\",\"itemListElement\":[{\"@type\":\"ListItem\",\"position\":1,\"name\":\"Home\",\"item\":\"https:\/\/www.hadleygroup.com\/fr\/\"},{\"@type\":\"ListItem\",\"position\":2,\"name\":\"Carri\u00e8res\",\"item\":\"https:\/\/www.hadleygroup.com\/fr\/carrieres\/\"},{\"@type\":\"ListItem\",\"position\":3,\"name\":\"Programme d&#8217;apprentissage\"}]},{\"@type\":\"WebSite\",\"@id\":\"https:\/\/www.hadleygroup.com\/fr\/#website\",\"url\":\"https:\/\/www.hadleygroup.com\/fr\/\",\"name\":\"Hadley Group\",\"description\":\"Shaping the Future in Metal\",\"publisher\":{\"@id\":\"https:\/\/www.hadleygroup.com\/fr\/#organization\"},\"potentialAction\":[{\"@type\":\"SearchAction\",\"target\":{\"@type\":\"EntryPoint\",\"urlTemplate\":\"https:\/\/www.hadleygroup.com\/fr\/?s={search_term_string}\"},\"query-input\":{\"@type\":\"PropertyValueSpecification\",\"valueRequired\":true,\"valueName\":\"search_term_string\"}}],\"inLanguage\":\"fr-FR\"},{\"@type\":\"Organization\",\"@id\":\"https:\/\/www.hadleygroup.com\/fr\/#organization\",\"name\":\"Hadley Group\",\"url\":\"https:\/\/www.hadleygroup.com\/fr\/\",\"logo\":{\"@type\":\"ImageObject\",\"inLanguage\":\"fr-FR\",\"@id\":\"https:\/\/www.hadleygroup.com\/fr\/#\/schema\/logo\/image\/\",\"url\":\"https:\/\/www.hadleygroup.com\/app\/uploads\/2023\/01\/Hadley-Group-logo.jpg\",\"contentUrl\":\"https:\/\/www.hadleygroup.com\/app\/uploads\/2023\/01\/Hadley-Group-logo.jpg\",\"width\":1280,\"height\":300,\"caption\":\"Hadley Group\"},\"image\":{\"@id\":\"https:\/\/www.hadleygroup.com\/fr\/#\/schema\/logo\/image\/\"},\"sameAs\":[\"https:\/\/www.facebook.com\/HadleyGroupGlobal\",\"https:\/\/x.com\/hadley_group\",\"https:\/\/www.youtube.com\/@HadleyGroupSmethwick\",\"https:\/\/www.linkedin.com\/company\/hadley-group-\/\"]}]}<\/script>\n<!-- \/ Yoast SEO Premium plugin. -->","yoast_head_json":{"title":"Programme d'apprentissage - Hadley Group","description":"Nous restons d\u00e9termin\u00e9s \u00e0 exploiter et \u00e0 d\u00e9velopper les jeunes talents gr\u00e2ce \u00e0 nos programmes d'apprentissage de plus en plus \u00e9tendus. Boostez votre carri\u00e8re chez Hadley !","robots":{"index":"index","follow":"follow","max-snippet":"max-snippet:-1","max-image-preview":"max-image-preview:large","max-video-preview":"max-video-preview:-1"},"canonical":"https:\/\/www.hadleygroup.com\/fr\/carrieres\/programme-dapprentissage\/","og_locale":"fr_FR","og_type":"article","og_title":"Programme d'apprentissage","og_description":"Nous restons d\u00e9termin\u00e9s \u00e0 exploiter et \u00e0 d\u00e9velopper les jeunes talents gr\u00e2ce \u00e0 nos programmes d'apprentissage de plus en plus \u00e9tendus. Boostez votre carri\u00e8re chez Hadley !","og_url":"https:\/\/www.hadleygroup.com\/fr\/carrieres\/programme-dapprentissage\/","og_site_name":"Hadley Group","article_publisher":"https:\/\/www.facebook.com\/HadleyGroupGlobal","article_modified_time":"2025-09-08T11:44:24+00:00","og_image":[{"url":"https:\/\/www.hadleygroup.com\/app\/uploads\/2022\/05\/V2_No-crop-Production-Career-Path-with-new-email-address.png","type":"","width":"","height":""}],"twitter_card":"summary_large_image","twitter_site":"@hadley_group","twitter_misc":{"Est. reading time":"2 minutes"},"schema":{"@context":"https:\/\/schema.org","@graph":[{"@type":"WebPage","@id":"https:\/\/www.hadleygroup.com\/fr\/carrieres\/programme-dapprentissage\/","url":"https:\/\/www.hadleygroup.com\/fr\/carrieres\/programme-dapprentissage\/","name":"Programme d'apprentissage - Hadley Group","isPartOf":{"@id":"https:\/\/www.hadleygroup.com\/fr\/#website"},"primaryImageOfPage":{"@id":"https:\/\/www.hadleygroup.com\/fr\/carrieres\/programme-dapprentissage\/#primaryimage"},"image":{"@id":"https:\/\/www.hadleygroup.com\/fr\/carrieres\/programme-dapprentissage\/#primaryimage"},"thumbnailUrl":"https:\/\/www.hadleygroup.com\/app\/uploads\/2022\/05\/V2_No-crop-Production-Career-Path-with-new-email-address.png","datePublished":"2022-05-13T07:49:05+00:00","dateModified":"2025-09-08T11:44:24+00:00","description":"Nous restons d\u00e9termin\u00e9s \u00e0 exploiter et \u00e0 d\u00e9velopper les jeunes talents gr\u00e2ce \u00e0 nos programmes d'apprentissage de plus en plus \u00e9tendus. Boostez votre carri\u00e8re chez Hadley !","breadcrumb":{"@id":"https:\/\/www.hadleygroup.com\/fr\/carrieres\/programme-dapprentissage\/#breadcrumb"},"inLanguage":"fr-FR","potentialAction":[{"@type":"ReadAction","target":["https:\/\/www.hadleygroup.com\/fr\/carrieres\/programme-dapprentissage\/"]}]},{"@type":"ImageObject","inLanguage":"fr-FR","@id":"https:\/\/www.hadleygroup.com\/fr\/carrieres\/programme-dapprentissage\/#primaryimage","url":"https:\/\/www.hadleygroup.com\/app\/uploads\/2022\/05\/V2_No-crop-Production-Career-Path-with-new-email-address.png","contentUrl":"https:\/\/www.hadleygroup.com\/app\/uploads\/2022\/05\/V2_No-crop-Production-Career-Path-with-new-email-address.png"},{"@type":"BreadcrumbList","@id":"https:\/\/www.hadleygroup.com\/fr\/carrieres\/programme-dapprentissage\/#breadcrumb","itemListElement":[{"@type":"ListItem","position":1,"name":"Home","item":"https:\/\/www.hadleygroup.com\/fr\/"},{"@type":"ListItem","position":2,"name":"Carri\u00e8res","item":"https:\/\/www.hadleygroup.com\/fr\/carrieres\/"},{"@type":"ListItem","position":3,"name":"Programme d&#8217;apprentissage"}]},{"@type":"WebSite","@id":"https:\/\/www.hadleygroup.com\/fr\/#website","url":"https:\/\/www.hadleygroup.com\/fr\/","name":"Hadley Group","description":"Shaping the Future in Metal","publisher":{"@id":"https:\/\/www.hadleygroup.com\/fr\/#organization"},"potentialAction":[{"@type":"SearchAction","target":{"@type":"EntryPoint","urlTemplate":"https:\/\/www.hadleygroup.com\/fr\/?s={search_term_string}"},"query-input":{"@type":"PropertyValueSpecification","valueRequired":true,"valueName":"search_term_string"}}],"inLanguage":"fr-FR"},{"@type":"Organization","@id":"https:\/\/www.hadleygroup.com\/fr\/#organization","name":"Hadley Group","url":"https:\/\/www.hadleygroup.com\/fr\/","logo":{"@type":"ImageObject","inLanguage":"fr-FR","@id":"https:\/\/www.hadleygroup.com\/fr\/#\/schema\/logo\/image\/","url":"https:\/\/www.hadleygroup.com\/app\/uploads\/2023\/01\/Hadley-Group-logo.jpg","contentUrl":"https:\/\/www.hadleygroup.com\/app\/uploads\/2023\/01\/Hadley-Group-logo.jpg","width":1280,"height":300,"caption":"Hadley Group"},"image":{"@id":"https:\/\/www.hadleygroup.com\/fr\/#\/schema\/logo\/image\/"},"sameAs":["https:\/\/www.facebook.com\/HadleyGroupGlobal","https:\/\/x.com\/hadley_group","https:\/\/www.youtube.com\/@HadleyGroupSmethwick","https:\/\/www.linkedin.com\/company\/hadley-group-\/"]}]}},"_links":{"self":[{"href":"https:\/\/www.hadleygroup.com\/fr\/wp-json\/wp\/v2\/pages\/4183","targetHints":{"allow":["GET"]}}],"collection":[{"href":"https:\/\/www.hadleygroup.com\/fr\/wp-json\/wp\/v2\/pages"}],"about":[{"href":"https:\/\/www.hadleygroup.com\/fr\/wp-json\/wp\/v2\/types\/page"}],"author":[{"embeddable":true,"href":"https:\/\/www.hadleygroup.com\/fr\/wp-json\/wp\/v2\/users\/3"}],"replies":[{"embeddable":true,"href":"https:\/\/www.hadleygroup.com\/fr\/wp-json\/wp\/v2\/comments?post=4183"}],"version-history":[{"count":4,"href":"https:\/\/www.hadleygroup.com\/fr\/wp-json\/wp\/v2\/pages\/4183\/revisions"}],"predecessor-version":[{"id":16220,"href":"https:\/\/www.hadleygroup.com\/fr\/wp-json\/wp\/v2\/pages\/4183\/revisions\/16220"}],"up":[{"embeddable":true,"href":"https:\/\/www.hadleygroup.com\/fr\/wp-json\/wp\/v2\/pages\/4170"}],"wp:attachment":[{"href":"https:\/\/www.hadleygroup.com\/fr\/wp-json\/wp\/v2\/media?parent=4183"}],"wp:term":[{"taxonomy":"category","embeddable":true,"href":"https:\/\/www.hadleygroup.com\/fr\/wp-json\/wp\/v2\/categories?post=4183"}],"curies":[{"name":"wp","href":"https:\/\/api.w.org\/{rel}","templated":true}]}}