{"id":4179,"date":"2022-05-13T14:22:24","date_gmt":"2022-05-13T14:22:24","guid":{"rendered":"https:\/\/www.hadleygroup.com\/hadley-group-technology\/a-propos-de-nous\/"},"modified":"2022-09-09T08:47:09","modified_gmt":"2022-09-09T08:47:09","slug":"a-propos-de-nous","status":"publish","type":"page","link":"https:\/\/www.hadleygroup.com\/fr\/profilage-sur-mesure\/hadley-group-technology\/a-propos-de-nous\/","title":{"rendered":"\u00c0 propos de nous"},"content":{"rendered":"<background-video inline-template :autoplay=\"true\" video=\"\"> \n<section class=\"wp-block-stradigi-gutenberg-hero g-hero container-fluid p-0 g-hero--has-overlay\" style=\"background-image:url(&quot;https:\/\/www.hadleygroup.com\/app\/uploads\/2022\/03\/DSC_0113.png&quot;)\" data-youtube-url=\"\"><div class=\"g-hero--filter\"><\/div><div class=\"g-hero__container container\"><div class=\"g-hero__wrap\"><h1 class=\"g-hero__heading\">Hadley Group Technology<\/h1><div class=\"g-hero__body\"><div class=\"g-hero__body__text\"><p><\/p><\/div><div class=\"g-hero__body__buttons\"><\/div><\/div><\/div><div class=\"g-hero__chevron__container d-none d-lg-block\"><i class=\"fas fa-chevron-down fa-3x scrollDown\"><\/i><\/div><\/div><\/section>\n <\/background-video>\n\n<div class=\"JB-1 h-section-background\">\n<section class=\"wp-block-stradigi-gutenberg-fixed-spacer g-spacer g-spacer--size-moyen g-spacer--size-medium\"><\/section>\n<\/div>\n\n<section class=\"JB-1 h-section-background g-text\"><div class=\"container\"><div class=\"row\"><div class=\"col-lg-8\"><div class=\"g-text__title\">\n<h6 class=\"wp-block-heading\">Le Hadley Group (HG) a d\u00e9but\u00e9 sous le nom de Hadley &amp; Evans, en tant que fabricant de machines de formage de rouleaux. \u00c0 partir de cette base solide, l&#8217;installation et le d\u00e9veloppement de plus de 70 lignes de profilage personnalis\u00e9es &#8220;con\u00e7ues et construites&#8221; en interne, y compris des dizaines d&#8217;innovations d&#8217;experts, nous ont permis de fonctionner plus rapidement, plus efficacement et avec des niveaux de pr\u00e9cision toujours plus \u00e9lev\u00e9s.<\/h6>\n<\/div><\/div><\/div><\/div><\/section>\n\n<div class=\"JB-1 h-section-background\">\n<section class=\"wp-block-stradigi-gutenberg-fixed-spacer g-spacer g-spacer--size-petit g-spacer--size-small\"><\/section>\n<\/div>\n\n<section class=\"JB-1 h-section-background g-text\"><div class=\"container\"><div class=\"row\"><div class=\"col-lg-8\"><div class=\"g-text__bodytext\">\n<p>Chez Hadley Group Technology, nous d\u00e9veloppons les syst\u00e8mes et les solutions du futur &#8211; en travaillant en partenariat avec des entreprises, des universit\u00e9s et des organismes industriels dans un &#8220;cycle d&#8217;innovation&#8221; sur lequel notre entreprise s&#8217;est construite. <br> <br>Plus de 60 ing\u00e9nieurs et techniciens \u00e0 temps plein se consacrent \u00e0 la recherche, au d\u00e9veloppement de produits, \u00e0 la conception d&#8217;outils et de machines, \u00e0 la fabrication et \u00e0 l&#8217;assistance technique. Gr\u00e2ce aux derni\u00e8res avanc\u00e9es en mati\u00e8re de technologie de simulation informatique, au mat\u00e9riel d&#8217;ing\u00e9nierie de pointe et aux comp\u00e9tences et connaissances de notre \u00e9quipe interne, ces ressources techniques sp\u00e9cialis\u00e9es sont au c\u0153ur du groupe Hadley. <\/p>\n<\/div><\/div><\/div><\/div><\/section>\n\n<section class=\"JB-1 h-section-background g-text\"><div class=\"container\"><div class=\"row\"><div class=\"col-lg-8\"><div class=\"g-text__bodytext\">\n<p>Notre Centre d&#8217;excellence ultramoderne, certifi\u00e9 ISO 9001, fournit les services suivants : <\/p>\n<\/div><\/div><\/div><\/div><\/section>\n\n<section class=\"JB-1 h-section-background g-text\"><div class=\"container\"><div class=\"row\"><div class=\"col-lg-8\"><div class=\"g-text__bodytext\">\n<ul class=\"wp-block-list\"><li>Recherche et d\u00e9veloppement de produits <\/li><li>Conception et fabrication d&#8217;outils <\/li><li>Conception et fabrication de machines <\/li><li>Mise en service de l&#8217;outillage et des machines <\/li><li>Entretien 24 heures sur 24 et TPM de l&#8217;outillage et des machines du groupe <\/li><li>Assistance technique <\/li><li>Formation technique en apprentissage <\/li><\/ul>\n<\/div><\/div><\/div><\/div><\/section>\n\n<div class=\"JB-1 h-section-background\">\n<section class=\"wp-block-stradigi-gutenberg-fixed-spacer g-spacer g-spacer--size-moyen g-spacer--size-medium\"><\/section>\n<\/div>\n\n<div class=\"JB-1 h-section-background\">\n<section class=\"wp-block-stradigi-gutenberg-text-cta g-text\"><div class=\"container\"><div class=\"row\"><div class=\"col-lg-8\"><div class=\"g-text__bodytext\"><p> <br><strong>Depuis plus de 30 ans, nous menons d&#8217;importantes recherches en collaboration avec des institutions universitaires locales et internationales et des centres de recherche externes. <\/strong><\/p><\/div><a href=\"https:\/\/www.hadleygroup.com\/fr\/profilage-sur-mesure\/hadley-group-technology\/publications\/\" class=\"c-button g-text__button\">Voir nos publications<i class=\"fas fa-sm fa-chevron-right\"><\/i><\/a><\/div><\/div><\/div><\/section>\n<\/div>\n\n<div class=\"JB-1 h-section-background\">\n<section class=\"wp-block-stradigi-gutenberg-fixed-spacer g-spacer g-spacer--size-grande g-spacer--size-large\"><\/section>\n<\/div>\n\n<section class=\"JB-1 h-section-background g-text\"><div class=\"container\"><div class=\"row\"><div class=\"col-lg-8\"><div class=\"g-text__bodytext\">\n<p><\/p>\n<\/div><\/div><\/div><\/div><\/section>","protected":false},"excerpt":{"rendered":"<p>Le Hadley Group (HG) a d\u00e9but\u00e9 sous le nom de Hadley &amp; Evans, en tant que fabricant de machines de\u2026 <a href=\"https:\/\/www.hadleygroup.com\/fr\/profilage-sur-mesure\/hadley-group-technology\/a-propos-de-nous\/\">&#8230;<\/a><\/p>\n","protected":false},"author":3,"featured_media":1070,"parent":4152,"menu_order":0,"comment_status":"closed","ping_status":"closed","template":"","meta":{"_acf_changed":false,"footnotes":""},"categories":[],"class_list":["post-4179","page","type-page","status-publish","has-post-thumbnail","hentry"],"acf":[],"yoast_head":"<!-- This site is optimized with the Yoast SEO Premium plugin v25.1 (Yoast SEO v26.3) - https:\/\/yoast.com\/wordpress\/plugins\/seo\/ -->\n<title>D\u00e9couvrez notre cycle d&#039;innovation! - Hadley Group<\/title>\n<meta name=\"description\" content=\"Le d\u00e9partement technologique de Hadley est (entre autres) d\u00e9di\u00e9 \u00e0 la recherche, au d\u00e9veloppement de produits, \u00e0 la conception d&#039;outils et de machines\" \/>\n<meta name=\"robots\" content=\"index, follow, max-snippet:-1, max-image-preview:large, max-video-preview:-1\" \/>\n<link rel=\"canonical\" href=\"https:\/\/www.hadleygroup.com\/fr\/profilage-sur-mesure\/hadley-group-technology\/a-propos-de-nous\/\" \/>\n<meta property=\"og:locale\" content=\"fr_FR\" \/>\n<meta property=\"og:type\" content=\"article\" \/>\n<meta property=\"og:title\" content=\"\u00c0 propos de nous\" \/>\n<meta property=\"og:description\" content=\"Le d\u00e9partement technologique de Hadley est (entre autres) d\u00e9di\u00e9 \u00e0 la recherche, au d\u00e9veloppement de produits, \u00e0 la conception d&#039;outils et de machines\" \/>\n<meta property=\"og:url\" content=\"https:\/\/www.hadleygroup.com\/fr\/profilage-sur-mesure\/hadley-group-technology\/a-propos-de-nous\/\" \/>\n<meta property=\"og:site_name\" content=\"Hadley Group\" \/>\n<meta property=\"article:publisher\" content=\"https:\/\/www.facebook.com\/HadleyGroupGlobal\" \/>\n<meta property=\"article:modified_time\" content=\"2022-09-09T08:47:09+00:00\" \/>\n<meta property=\"og:image\" content=\"https:\/\/www.hadleygroup.com\/app\/uploads\/2022\/04\/DSC_1766.jpg\" \/>\n\t<meta property=\"og:image:width\" content=\"2000\" \/>\n\t<meta property=\"og:image:height\" content=\"1331\" \/>\n\t<meta property=\"og:image:type\" content=\"image\/jpeg\" \/>\n<meta name=\"twitter:card\" content=\"summary_large_image\" \/>\n<meta name=\"twitter:site\" content=\"@hadley_group\" \/>\n<meta name=\"twitter:label1\" content=\"Est. reading time\" \/>\n\t<meta name=\"twitter:data1\" content=\"2 minutes\" \/>\n<script type=\"application\/ld+json\" class=\"yoast-schema-graph\">{\"@context\":\"https:\/\/schema.org\",\"@graph\":[{\"@type\":\"WebPage\",\"@id\":\"https:\/\/www.hadleygroup.com\/fr\/profilage-sur-mesure\/hadley-group-technology\/a-propos-de-nous\/\",\"url\":\"https:\/\/www.hadleygroup.com\/fr\/profilage-sur-mesure\/hadley-group-technology\/a-propos-de-nous\/\",\"name\":\"D\u00e9couvrez notre cycle d'innovation! - Hadley Group\",\"isPartOf\":{\"@id\":\"https:\/\/www.hadleygroup.com\/fr\/#website\"},\"primaryImageOfPage\":{\"@id\":\"https:\/\/www.hadleygroup.com\/fr\/profilage-sur-mesure\/hadley-group-technology\/a-propos-de-nous\/#primaryimage\"},\"image\":{\"@id\":\"https:\/\/www.hadleygroup.com\/fr\/profilage-sur-mesure\/hadley-group-technology\/a-propos-de-nous\/#primaryimage\"},\"thumbnailUrl\":\"https:\/\/www.hadleygroup.com\/app\/uploads\/2022\/04\/DSC_1766.jpg\",\"datePublished\":\"2022-05-13T14:22:24+00:00\",\"dateModified\":\"2022-09-09T08:47:09+00:00\",\"description\":\"Le d\u00e9partement technologique de Hadley est (entre autres) d\u00e9di\u00e9 \u00e0 la recherche, au d\u00e9veloppement de produits, \u00e0 la conception d'outils et de machines\",\"breadcrumb\":{\"@id\":\"https:\/\/www.hadleygroup.com\/fr\/profilage-sur-mesure\/hadley-group-technology\/a-propos-de-nous\/#breadcrumb\"},\"inLanguage\":\"fr-FR\",\"potentialAction\":[{\"@type\":\"ReadAction\",\"target\":[\"https:\/\/www.hadleygroup.com\/fr\/profilage-sur-mesure\/hadley-group-technology\/a-propos-de-nous\/\"]}]},{\"@type\":\"ImageObject\",\"inLanguage\":\"fr-FR\",\"@id\":\"https:\/\/www.hadleygroup.com\/fr\/profilage-sur-mesure\/hadley-group-technology\/a-propos-de-nous\/#primaryimage\",\"url\":\"https:\/\/www.hadleygroup.com\/app\/uploads\/2022\/04\/DSC_1766.jpg\",\"contentUrl\":\"https:\/\/www.hadleygroup.com\/app\/uploads\/2022\/04\/DSC_1766.jpg\",\"width\":2000,\"height\":1331,\"caption\":\"Hadley group Technology\"},{\"@type\":\"BreadcrumbList\",\"@id\":\"https:\/\/www.hadleygroup.com\/fr\/profilage-sur-mesure\/hadley-group-technology\/a-propos-de-nous\/#breadcrumb\",\"itemListElement\":[{\"@type\":\"ListItem\",\"position\":1,\"name\":\"Home\",\"item\":\"https:\/\/www.hadleygroup.com\/fr\/\"},{\"@type\":\"ListItem\",\"position\":2,\"name\":\"Profilage sur mesure\",\"item\":\"https:\/\/www.hadleygroup.com\/fr\/profilage-sur-mesure\/\"},{\"@type\":\"ListItem\",\"position\":3,\"name\":\"Hadley Group Technology\",\"item\":\"https:\/\/www.hadleygroup.com\/fr\/profilage-sur-mesure\/hadley-group-technology\/\"},{\"@type\":\"ListItem\",\"position\":4,\"name\":\"\u00c0 propos de nous\"}]},{\"@type\":\"WebSite\",\"@id\":\"https:\/\/www.hadleygroup.com\/fr\/#website\",\"url\":\"https:\/\/www.hadleygroup.com\/fr\/\",\"name\":\"Hadley Group\",\"description\":\"Shaping the Future in Metal\",\"publisher\":{\"@id\":\"https:\/\/www.hadleygroup.com\/fr\/#organization\"},\"potentialAction\":[{\"@type\":\"SearchAction\",\"target\":{\"@type\":\"EntryPoint\",\"urlTemplate\":\"https:\/\/www.hadleygroup.com\/fr\/?s={search_term_string}\"},\"query-input\":{\"@type\":\"PropertyValueSpecification\",\"valueRequired\":true,\"valueName\":\"search_term_string\"}}],\"inLanguage\":\"fr-FR\"},{\"@type\":\"Organization\",\"@id\":\"https:\/\/www.hadleygroup.com\/fr\/#organization\",\"name\":\"Hadley Group\",\"url\":\"https:\/\/www.hadleygroup.com\/fr\/\",\"logo\":{\"@type\":\"ImageObject\",\"inLanguage\":\"fr-FR\",\"@id\":\"https:\/\/www.hadleygroup.com\/fr\/#\/schema\/logo\/image\/\",\"url\":\"https:\/\/www.hadleygroup.com\/app\/uploads\/2023\/01\/Hadley-Group-logo.jpg\",\"contentUrl\":\"https:\/\/www.hadleygroup.com\/app\/uploads\/2023\/01\/Hadley-Group-logo.jpg\",\"width\":1280,\"height\":300,\"caption\":\"Hadley Group\"},\"image\":{\"@id\":\"https:\/\/www.hadleygroup.com\/fr\/#\/schema\/logo\/image\/\"},\"sameAs\":[\"https:\/\/www.facebook.com\/HadleyGroupGlobal\",\"https:\/\/x.com\/hadley_group\",\"https:\/\/www.youtube.com\/@HadleyGroupSmethwick\",\"https:\/\/www.linkedin.com\/company\/hadley-group-\/\"]}]}<\/script>\n<!-- \/ Yoast SEO Premium plugin. -->","yoast_head_json":{"title":"D\u00e9couvrez notre cycle d'innovation! - Hadley Group","description":"Le d\u00e9partement technologique de Hadley est (entre autres) d\u00e9di\u00e9 \u00e0 la recherche, au d\u00e9veloppement de produits, \u00e0 la conception d'outils et de machines","robots":{"index":"index","follow":"follow","max-snippet":"max-snippet:-1","max-image-preview":"max-image-preview:large","max-video-preview":"max-video-preview:-1"},"canonical":"https:\/\/www.hadleygroup.com\/fr\/profilage-sur-mesure\/hadley-group-technology\/a-propos-de-nous\/","og_locale":"fr_FR","og_type":"article","og_title":"\u00c0 propos de nous","og_description":"Le d\u00e9partement technologique de Hadley est (entre autres) d\u00e9di\u00e9 \u00e0 la recherche, au d\u00e9veloppement de produits, \u00e0 la conception d'outils et de machines","og_url":"https:\/\/www.hadleygroup.com\/fr\/profilage-sur-mesure\/hadley-group-technology\/a-propos-de-nous\/","og_site_name":"Hadley Group","article_publisher":"https:\/\/www.facebook.com\/HadleyGroupGlobal","article_modified_time":"2022-09-09T08:47:09+00:00","og_image":[{"width":2000,"height":1331,"url":"https:\/\/www.hadleygroup.com\/app\/uploads\/2022\/04\/DSC_1766.jpg","type":"image\/jpeg"}],"twitter_card":"summary_large_image","twitter_site":"@hadley_group","twitter_misc":{"Est. reading time":"2 minutes"},"schema":{"@context":"https:\/\/schema.org","@graph":[{"@type":"WebPage","@id":"https:\/\/www.hadleygroup.com\/fr\/profilage-sur-mesure\/hadley-group-technology\/a-propos-de-nous\/","url":"https:\/\/www.hadleygroup.com\/fr\/profilage-sur-mesure\/hadley-group-technology\/a-propos-de-nous\/","name":"D\u00e9couvrez notre cycle d'innovation! - Hadley Group","isPartOf":{"@id":"https:\/\/www.hadleygroup.com\/fr\/#website"},"primaryImageOfPage":{"@id":"https:\/\/www.hadleygroup.com\/fr\/profilage-sur-mesure\/hadley-group-technology\/a-propos-de-nous\/#primaryimage"},"image":{"@id":"https:\/\/www.hadleygroup.com\/fr\/profilage-sur-mesure\/hadley-group-technology\/a-propos-de-nous\/#primaryimage"},"thumbnailUrl":"https:\/\/www.hadleygroup.com\/app\/uploads\/2022\/04\/DSC_1766.jpg","datePublished":"2022-05-13T14:22:24+00:00","dateModified":"2022-09-09T08:47:09+00:00","description":"Le d\u00e9partement technologique de Hadley est (entre autres) d\u00e9di\u00e9 \u00e0 la recherche, au d\u00e9veloppement de produits, \u00e0 la conception d'outils et de machines","breadcrumb":{"@id":"https:\/\/www.hadleygroup.com\/fr\/profilage-sur-mesure\/hadley-group-technology\/a-propos-de-nous\/#breadcrumb"},"inLanguage":"fr-FR","potentialAction":[{"@type":"ReadAction","target":["https:\/\/www.hadleygroup.com\/fr\/profilage-sur-mesure\/hadley-group-technology\/a-propos-de-nous\/"]}]},{"@type":"ImageObject","inLanguage":"fr-FR","@id":"https:\/\/www.hadleygroup.com\/fr\/profilage-sur-mesure\/hadley-group-technology\/a-propos-de-nous\/#primaryimage","url":"https:\/\/www.hadleygroup.com\/app\/uploads\/2022\/04\/DSC_1766.jpg","contentUrl":"https:\/\/www.hadleygroup.com\/app\/uploads\/2022\/04\/DSC_1766.jpg","width":2000,"height":1331,"caption":"Hadley group Technology"},{"@type":"BreadcrumbList","@id":"https:\/\/www.hadleygroup.com\/fr\/profilage-sur-mesure\/hadley-group-technology\/a-propos-de-nous\/#breadcrumb","itemListElement":[{"@type":"ListItem","position":1,"name":"Home","item":"https:\/\/www.hadleygroup.com\/fr\/"},{"@type":"ListItem","position":2,"name":"Profilage sur mesure","item":"https:\/\/www.hadleygroup.com\/fr\/profilage-sur-mesure\/"},{"@type":"ListItem","position":3,"name":"Hadley Group Technology","item":"https:\/\/www.hadleygroup.com\/fr\/profilage-sur-mesure\/hadley-group-technology\/"},{"@type":"ListItem","position":4,"name":"\u00c0 propos de nous"}]},{"@type":"WebSite","@id":"https:\/\/www.hadleygroup.com\/fr\/#website","url":"https:\/\/www.hadleygroup.com\/fr\/","name":"Hadley Group","description":"Shaping the Future in Metal","publisher":{"@id":"https:\/\/www.hadleygroup.com\/fr\/#organization"},"potentialAction":[{"@type":"SearchAction","target":{"@type":"EntryPoint","urlTemplate":"https:\/\/www.hadleygroup.com\/fr\/?s={search_term_string}"},"query-input":{"@type":"PropertyValueSpecification","valueRequired":true,"valueName":"search_term_string"}}],"inLanguage":"fr-FR"},{"@type":"Organization","@id":"https:\/\/www.hadleygroup.com\/fr\/#organization","name":"Hadley Group","url":"https:\/\/www.hadleygroup.com\/fr\/","logo":{"@type":"ImageObject","inLanguage":"fr-FR","@id":"https:\/\/www.hadleygroup.com\/fr\/#\/schema\/logo\/image\/","url":"https:\/\/www.hadleygroup.com\/app\/uploads\/2023\/01\/Hadley-Group-logo.jpg","contentUrl":"https:\/\/www.hadleygroup.com\/app\/uploads\/2023\/01\/Hadley-Group-logo.jpg","width":1280,"height":300,"caption":"Hadley Group"},"image":{"@id":"https:\/\/www.hadleygroup.com\/fr\/#\/schema\/logo\/image\/"},"sameAs":["https:\/\/www.facebook.com\/HadleyGroupGlobal","https:\/\/x.com\/hadley_group","https:\/\/www.youtube.com\/@HadleyGroupSmethwick","https:\/\/www.linkedin.com\/company\/hadley-group-\/"]}]}},"_links":{"self":[{"href":"https:\/\/www.hadleygroup.com\/fr\/wp-json\/wp\/v2\/pages\/4179","targetHints":{"allow":["GET"]}}],"collection":[{"href":"https:\/\/www.hadleygroup.com\/fr\/wp-json\/wp\/v2\/pages"}],"about":[{"href":"https:\/\/www.hadleygroup.com\/fr\/wp-json\/wp\/v2\/types\/page"}],"author":[{"embeddable":true,"href":"https:\/\/www.hadleygroup.com\/fr\/wp-json\/wp\/v2\/users\/3"}],"replies":[{"embeddable":true,"href":"https:\/\/www.hadleygroup.com\/fr\/wp-json\/wp\/v2\/comments?post=4179"}],"version-history":[{"count":2,"href":"https:\/\/www.hadleygroup.com\/fr\/wp-json\/wp\/v2\/pages\/4179\/revisions"}],"predecessor-version":[{"id":4181,"href":"https:\/\/www.hadleygroup.com\/fr\/wp-json\/wp\/v2\/pages\/4179\/revisions\/4181"}],"up":[{"embeddable":true,"href":"https:\/\/www.hadleygroup.com\/fr\/wp-json\/wp\/v2\/pages\/4152"}],"wp:featuredmedia":[{"embeddable":true,"href":"https:\/\/www.hadleygroup.com\/fr\/wp-json\/wp\/v2\/media\/1070"}],"wp:attachment":[{"href":"https:\/\/www.hadleygroup.com\/fr\/wp-json\/wp\/v2\/media?parent=4179"}],"wp:term":[{"taxonomy":"category","embeddable":true,"href":"https:\/\/www.hadleygroup.com\/fr\/wp-json\/wp\/v2\/categories?post=4179"}],"curies":[{"name":"wp","href":"https:\/\/api.w.org\/{rel}","templated":true}]}}