{"id":4170,"date":"2022-05-11T11:55:44","date_gmt":"2022-05-11T11:55:44","guid":{"rendered":"https:\/\/www.hadleygroup.com\/carrieres\/"},"modified":"2025-09-08T09:16:13","modified_gmt":"2025-09-08T09:16:13","slug":"carrieres","status":"publish","type":"page","link":"https:\/\/www.hadleygroup.com\/fr\/carrieres\/","title":{"rendered":"Carri\u00e8res"},"content":{"rendered":"<background-video inline-template :autoplay=\"true\" video=\"\"> \n<section class=\"wp-block-stradigi-gutenberg-hero g-hero container-fluid p-0 g-hero--has-overlay\" style=\"background-image:url(&quot;https:\/\/www.hadleygroup.com\/app\/uploads\/2022\/04\/DSC_0841.b.jpg&quot;)\" data-youtube-url=\"\"><div class=\"g-hero--filter\"><\/div><div class=\"g-hero__container container\"><div class=\"g-hero__wrap\"><h1 class=\"g-hero__heading\">Careers at Hadley<\/h1><div class=\"g-hero__body\"><div class=\"g-hero__body__text\"><p><\/p><\/div><div class=\"g-hero__body__buttons\"><a href=\"https:\/\/www.hadleygroup.com\/vacancies\/\" class=\"c-button\">See our vacancies<i class=\"fas fa-sm fa-chevron-right\"><\/i><\/a><a href=\"mailto:recruitment@hadleygroup.com\" class=\"c-button\">email recruitment<i class=\"fas fa-sm fa-chevron-right\"><\/i><\/a><\/div><\/div><\/div><\/div><\/section>\n <\/background-video><div class=\"JB h-section-background h-section-background--is-light\">\n<section class=\"wp-block-stradigi-gutenberg-fixed-spacer g-spacer g-spacer--size-medium\"><\/section>\n<\/div><div class=\"JB h-section-background h-section-background--is-light\">\n<section class=\"wp-block-stradigi-gutenberg-subtitle g-text g-text--text-aligns-left\"><div class=\"container\"><div class=\"row\"><div class=\"col-md-10 col-lg-8\"><div class=\"g-text__subtitle\">We place tremendous value on the quality of our recruitment and training programmes and are constantly on the look out for talented, committed people to join our award-winning team and make a real contribution to our exciting and ambitious plans for growth.<br><br><\/div><\/div><\/div><\/div><\/section>\n<\/div><div class=\"JB h-section-background h-section-background--is-light\">\n<section class=\"g-icon-cards\"><div class=\"wp-block-stradigi-gutenberg-icon-cards container\"><div class=\"row\"><div class=\"col-md-6 col-lg-4\"><div class=\"g-icon-cards__item\"><div class=\"g-icon-cards__icon\"><img decoding=\"async\" src=\"https:\/\/www.hadleygroup.com\/app\/uploads\/2024\/05\/invest-in-people-silver-R.png\" alt=\"\"><\/div><\/div><\/div><div class=\"col-md-6 col-lg-4\"><div class=\"g-icon-cards__item\"><div class=\"g-icon-cards__icon\"><img decoding=\"async\" src=\"https:\/\/www.hadleygroup.com\/app\/uploads\/2024\/05\/ICE-AE.png\" alt=\"\"><\/div><\/div><\/div><div class=\"col-md-6 col-lg-4\"><div class=\"g-icon-cards__item\"><div class=\"g-icon-cards__icon\"><img decoding=\"async\" src=\"https:\/\/www.hadleygroup.com\/app\/uploads\/2024\/10\/Gold_We-are-are-excellent-employer.png\" alt=\"\"><\/div><\/div><\/div><\/div><\/div><\/section>\n<\/div><div class=\"JB-1 h-section-background\">\n<section class=\"wp-block-stradigi-gutenberg-fixed-spacer g-spacer g-spacer--size-undefined\"><\/section>\n<\/div><div class=\"JB-1 h-section-background\">\n<section class=\"wp-block-stradigi-gutenberg-double-sidenote g-sidenote\"><div class=\"container\"><div class=\"g-sidenote__row row\"><div class=\"col-lg-8\"><h2 class=\"g-sidenote__title h-heading h-heading--size-undefined\">About Hadley Group<\/h2><div class=\"g-sidenote__bodytext\"><\/div><\/div><\/div><div class=\"g-sidenote__row row\"><article class=\"col-lg-6\"><div class=\"g-sidenote__sidenote\" style=\"background-image:url(&quot;https:\/\/www.hadleygroup.com\/app\/uploads\/2022\/04\/DSC_1033-681x1024.jpg&quot;)\"><h3 class=\"g-sidenote__sidenote-subtitle\">VACANCIES<\/h3><div class=\"g-sidenote__sidenote-content\"><p>Have a look through our current vacancies <\/p><\/div><a href=\"https:\/\/www.hadleygroup.com\/vacancies\/\" class=\"c-button g-sidenote__sidenote-cta\">Vacancies<i class=\"fas fa-sm fa-chevron-right\"><\/i><\/a><\/div><\/article><article class=\"col-lg-6\"><div class=\"g-sidenote__sidenote\" style=\"background-image:url(&quot;https:\/\/www.hadleygroup.com\/app\/uploads\/2022\/04\/DSC_0996-1024x681.jpg&quot;)\"><h3 class=\"g-sidenote__sidenote-subtitle\">LOCATIONS<\/h3><div class=\"g-sidenote__sidenote-content\"><p>Take a look at our locations around the world<\/p><\/div><a href=\"https:\/\/www.hadleygroup.com\/fr\/a-propos-de-nous\/sites-et-distribution\/\" class=\"c-button g-sidenote__sidenote-cta\">Locations<i class=\"fas fa-sm fa-chevron-right\"><\/i><\/a><\/div><\/article><\/div><\/div><\/section>\n<\/div><section class=\"JB-1 h-section-background g-text\"><div class=\"container\"><div class=\"row\"><div class=\"col-lg-8\"><div class=\"g-text__bodytext\">\n<p>Notre position de leader mondial dans la fabrication d&#8217;acier lamin\u00e9 \u00e0 froid est le r\u00e9sultat de l&#8217;innovation, de l&#8217;excellence de l&#8217;ing\u00e9nierie, de la passion, de l&#8217;engagement et des comp\u00e9tences de notre personnel international.<\/p>\n<\/div><\/div><\/div><\/div><\/section><section class=\"JB-1 h-section-background g-text\"><div class=\"container\"><div class=\"row\"><div class=\"col-lg-8\"><div class=\"g-text__bodytext\">\n<p>Cinq valeurs fondamentales sont au c\u0153ur de notre activit\u00e9 :<\/p>\n<\/div><\/div><\/div><\/div><\/section><section class=\"JB-1 h-section-background g-text\"><div class=\"container\"><div class=\"row\"><div class=\"col-lg-8\"><div class=\"g-text__bodytext\">\n<ul class=\"wp-block-list\">\n<li>La passion<\/li>\n\n\n\n<li>Respect<\/li>\n\n\n\n<li>Innovation<\/li>\n\n\n\n<li>Diligence<\/li>\n\n\n\n<li>Excellence<\/li>\n<\/ul>\n<\/div><\/div><\/div><\/div><\/section><section class=\"JB-1 h-section-background g-text\"><div class=\"container\"><div class=\"row\"><div class=\"col-lg-8\"><div class=\"g-text__bodytext\">\n<p>Ces valeurs &#8220;PRIDE&#8221; sous-tendent la mani\u00e8re dont nous travaillons avec nos \u00e9quipes, nos clients, nos fournisseurs et toutes les autres parties prenantes. Elles soutiennent la vision du groupe Hadley en aidant \u00e0 d\u00e9montrer notre \u00e9thique d&#8217;entreprise et la mani\u00e8re dont nous collaborons avec nos employ\u00e9s, nos fournisseurs et nos clients.<\/p>\n<\/div><\/div><\/div><\/div><\/section><section class=\"JB-1 h-section-background g-text\"><div class=\"container\"><div class=\"row\"><div class=\"col-lg-8\"><div class=\"g-text__bodytext\">\n<p>Une carri\u00e8re au sein du Hadley Group peut prendre de nombreuses formes &#8211; conception, production, administration, gestion &#8211; mais il existe un fil conducteur qui lie tout le monde &#8211; nos valeurs. Nous sommes passionn\u00e9s par la r\u00e9ussite, l&#8217;innovation, les carri\u00e8res gratifiantes \u00e0 long terme et la recherche de l&#8217;excellence dans tous les aspects de l&#8217;entreprise. Nous attendons de nos employ\u00e9s qu&#8217;ils donnent le meilleur d&#8217;eux-m\u00eames, mais nous croyons aussi qu&#8217;ils doivent donner autant en retour.<\/p>\n<\/div><\/div><\/div><\/div><\/section><section class=\"JB-1 h-section-background g-text\"><div class=\"container\"><div class=\"row\"><div class=\"col-lg-8\"><div class=\"g-text__bodytext\">\n<p>Travailler au sein du Hadley Group, c&#8217;est b\u00e9n\u00e9ficier d&#8217;un groupe de personnes inspirantes, amicales et engag\u00e9es, dans une culture qui nourrit le talent, encourage les id\u00e9es, accueille de nouvelles perspectives et offre d&#8217;excellentes possibilit\u00e9s d&#8217;\u00e9panouissement professionnel.<\/p>\n<\/div><\/div><\/div><\/div><\/section><section class=\"JB-1 h-section-background g-text\"><div class=\"container\"><div class=\"row\"><div class=\"col-lg-8\"><div class=\"g-text__bodytext\">\n<p>Veuillez envoyer toute question relative au recrutement ou aux RH \u00e0 : <a href=\"mailto:recruitment@hadleygroup.com\">recruitment@hadleygroup.com<\/a>.<\/p>\n<\/div><\/div><\/div><\/div><\/section><div class=\"JB-1 h-section-background\">\n<section class=\"wp-block-stradigi-gutenberg-text-image g-text-image\"><div class=\"container\"><div class=\"g-text-image__row row\"><div data-translate=\"true\" class=\"order-1 col-md-5\"><div class=\"g-text-image__content\"><section class=\"JB-1 h-section-background g-text\"><div class=\"container\"><div class=\"row\"><div class=\"col-lg-8\"><div class=\"g-text__title\">\n<h3 class=\"wp-block-heading\" id=\"h-want-to-know-what-it-is-like-to-work-at-hadley-group-technology\">Vous voulez savoir ce que c&#8217;est que de travailler chez Hadley Group Technology ? <\/h3>\n<\/div><\/div><\/div><\/div><\/section>\n\n<section class=\"JB-1 h-section-background g-text\"><div class=\"container\"><div class=\"row\"><div class=\"col-lg-8\"><div class=\"g-text__title\">\n<h2 class=\"wp-block-heading\" id=\"h-watch-this-video\">Regardez cette vid\u00e9o&#8230;<\/h2>\n<\/div><\/div><\/div><\/div><\/section><\/div><\/div><article data-translate=\"true\" class=\"order-2 col-md-7 offset-xl-1 col-xl-6\"><div class=\"g-text-image__sidenote g-backend-outline\"><span class=\"a-lines__white-line\"><\/span><span class=\"a-lines__red-line\"><\/span><div class=\"g-text-image__frame-wrapper\"><iframe src=\"https:\/\/www.youtube.com\/embed\/UEnAOCTCDfI?controls=0&amp;autoplay=0&amp;playlist=UEnAOCTCDfI&amp;loop=1\"><\/iframe><\/div><\/div><\/article><\/div><\/div><\/section>\n<\/div><div class=\"JB-1 h-section-background\">\n<section class=\"wp-block-stradigi-gutenberg-fixed-spacer g-spacer g-spacer--size-medium\"><\/section>\n<\/div><div class=\"JB-1 h-section-background\">\n<section class=\"wp-block-stradigi-gutenberg-text-image g-text-image\"><div class=\"container\"><div class=\"g-text-image__row row\"><div data-translate=\"true\" class=\"order-1 col-md-5\"><div class=\"g-text-image__content\"><div class=\"JB-1 h-section-background\">\n<section class=\"wp-block-stradigi-gutenberg-cta-one g-cta-one\"><div class=\"container\"><div class=\"g-cta-one__row row\"><div class=\"col-sm-12 col-lg-8\"><h2 class=\"g-cta-one__title h-heading h-heading--size-undefined\">Opportunities in the USA<\/h2><div class=\"g-cta-one__content\"><p>Have a look through our current job opportunities in the USA:<\/p><\/div><div class=\"g-cta-one__buttons\"><a href=\"https:\/\/myjobs.adp.com\/clarkdietrichcareers\/cx\/job-listing\" class=\"g-cta-one__button-primary\">Vacancies in USA<i class=\"fas fa-sm fa-chevron-right\"><\/i><\/a><a href=\"https:\/\/www.cdhrollform.com\/careers\" class=\"g-cta-one__button-secondary\">Learn More<i class=\"fas fa-sm fa-chevron-right\"><\/i><\/a><\/div><\/div><\/div><\/div><\/section>\n<\/div><\/div><\/div><article data-translate=\"true\" class=\"order-2 col-md-7 offset-xl-1 col-xl-6\"><div class=\"g-text-image__sidenote g-backend-outline\"><span class=\"a-lines__white-line\"><\/span><span class=\"a-lines__red-line\"><\/span><img decoding=\"async\" class=\"g-text-image__image\" src=\"\" alt=\"\"\/><\/div><\/article><\/div><\/div><\/section>\n<\/div><section class=\"JB-1 h-section-background g-text\"><div class=\"container\"><div class=\"row\"><div class=\"col-lg-8\"><div class=\"g-text__bodytext\">\n<p>  Vous souhaitez savoir comment vous pouvez nous aider \u00e0 fa\u00e7onner l&#8217;avenir du profilage aux \u00c9tats-Unis ?  <strong>Regardez cette vid\u00e9o :<\/strong><\/p>\n<\/div><\/div><\/div><\/div><\/section><section class=\"JB-1 h-section-background g-html\"><div class=\"container\"><div class=\"row\"><div class=\"col-12\"><div class=\"g-html__content-wrap\">\n<div style=\"position:relative;width:800px;height:450px;overflow:hidden;\">\n  <iframe src=\"https:\/\/www.youtube.com\/embed\/-YDlnsisFK8?rel=0&#038;modestbranding=1&#038;autohide=1&#038;showinfo=0&#038;vq=hd1080\" style=\"position:absolute;top:0;left:0;width:100%;height:100%;\" frameborder=\"0\" scrolling=\"no\" allow=\"accelerometer; autoplay; clipboard-write; encrypted-media; gyroscope; picture-in-picture; web-share\" allowfullscreen=\"\">\n  <\/iframe>\n<\/div>\n<\/div><\/div><\/div><\/div><\/section><section class=\"JB-1 h-section-background g-text\"><div class=\"container\"><div class=\"row\"><div class=\"col-lg-8\"><div class=\"g-text__bodytext\">\n<p><\/p>\n<\/div><\/div><\/div><\/div><\/section>","protected":false},"excerpt":{"rendered":"<p>Notre position de leader mondial dans la fabrication d&#8217;acier lamin\u00e9 \u00e0 froid est le r\u00e9sultat de l&#8217;innovation, de l&#8217;excellence de\u2026 <a href=\"https:\/\/www.hadleygroup.com\/fr\/carrieres\/\">&#8230;<\/a><\/p>\n","protected":false},"author":3,"featured_media":4727,"parent":0,"menu_order":0,"comment_status":"closed","ping_status":"closed","template":"","meta":{"_acf_changed":false,"footnotes":""},"categories":[],"class_list":["post-4170","page","type-page","status-publish","has-post-thumbnail","hentry"],"acf":[],"yoast_head":"<!-- This site is optimized with the Yoast SEO Premium plugin v25.1 (Yoast SEO v26.3) - https:\/\/yoast.com\/wordpress\/plugins\/seo\/ -->\n<title>Carri\u00e8res \u00e0 Hadley - Hadley Group<\/title>\n<meta name=\"description\" content=\"\u00cates-vous int\u00e9ress\u00e9 par ce que vous apportera le fait de travailler avec le groupe Hadley ? D\u00e9couvrez les 5 valeurs fondamentales au centre de notre activit\u00e9.\" \/>\n<meta name=\"robots\" content=\"index, follow, max-snippet:-1, max-image-preview:large, max-video-preview:-1\" \/>\n<link rel=\"canonical\" href=\"https:\/\/www.hadleygroup.com\/fr\/carrieres\/\" \/>\n<meta property=\"og:locale\" content=\"fr_FR\" \/>\n<meta property=\"og:type\" content=\"article\" \/>\n<meta property=\"og:title\" content=\"Carri\u00e8res\" \/>\n<meta property=\"og:description\" content=\"\u00cates-vous int\u00e9ress\u00e9 par ce que vous apportera le fait de travailler avec le groupe Hadley ? D\u00e9couvrez les 5 valeurs fondamentales au centre de notre activit\u00e9.\" \/>\n<meta property=\"og:url\" content=\"https:\/\/www.hadleygroup.com\/fr\/carrieres\/\" \/>\n<meta property=\"og:site_name\" content=\"Hadley Group\" \/>\n<meta property=\"article:publisher\" content=\"https:\/\/www.facebook.com\/HadleyGroupGlobal\" \/>\n<meta property=\"article:modified_time\" content=\"2025-09-08T09:16:13+00:00\" \/>\n<meta property=\"og:image\" content=\"https:\/\/www.hadleygroup.com\/app\/uploads\/2022\/06\/Trainee-HR-recruiter.jpg\" \/>\n\t<meta property=\"og:image:width\" content=\"2000\" \/>\n\t<meta property=\"og:image:height\" content=\"1333\" \/>\n\t<meta property=\"og:image:type\" content=\"image\/jpeg\" \/>\n<meta name=\"twitter:card\" content=\"summary_large_image\" \/>\n<meta name=\"twitter:site\" content=\"@hadley_group\" \/>\n<meta name=\"twitter:label1\" content=\"Est. reading time\" \/>\n\t<meta name=\"twitter:data1\" content=\"2 minutes\" \/>\n<script type=\"application\/ld+json\" class=\"yoast-schema-graph\">{\"@context\":\"https:\/\/schema.org\",\"@graph\":[{\"@type\":\"WebPage\",\"@id\":\"https:\/\/www.hadleygroup.com\/fr\/carrieres\/\",\"url\":\"https:\/\/www.hadleygroup.com\/fr\/carrieres\/\",\"name\":\"Carri\u00e8res \u00e0 Hadley - Hadley Group\",\"isPartOf\":{\"@id\":\"https:\/\/www.hadleygroup.com\/fr\/#website\"},\"primaryImageOfPage\":{\"@id\":\"https:\/\/www.hadleygroup.com\/fr\/carrieres\/#primaryimage\"},\"image\":{\"@id\":\"https:\/\/www.hadleygroup.com\/fr\/carrieres\/#primaryimage\"},\"thumbnailUrl\":\"https:\/\/www.hadleygroup.com\/app\/uploads\/2022\/06\/Trainee-HR-recruiter.jpg\",\"datePublished\":\"2022-05-11T11:55:44+00:00\",\"dateModified\":\"2025-09-08T09:16:13+00:00\",\"description\":\"\u00cates-vous int\u00e9ress\u00e9 par ce que vous apportera le fait de travailler avec le groupe Hadley ? D\u00e9couvrez les 5 valeurs fondamentales au centre de notre activit\u00e9.\",\"breadcrumb\":{\"@id\":\"https:\/\/www.hadleygroup.com\/fr\/carrieres\/#breadcrumb\"},\"inLanguage\":\"fr-FR\",\"potentialAction\":[{\"@type\":\"ReadAction\",\"target\":[\"https:\/\/www.hadleygroup.com\/fr\/carrieres\/\"]}]},{\"@type\":\"ImageObject\",\"inLanguage\":\"fr-FR\",\"@id\":\"https:\/\/www.hadleygroup.com\/fr\/carrieres\/#primaryimage\",\"url\":\"https:\/\/www.hadleygroup.com\/app\/uploads\/2022\/06\/Trainee-HR-recruiter.jpg\",\"contentUrl\":\"https:\/\/www.hadleygroup.com\/app\/uploads\/2022\/06\/Trainee-HR-recruiter.jpg\",\"width\":2000,\"height\":1333,\"caption\":\"Trainee-HR-recruiter\"},{\"@type\":\"BreadcrumbList\",\"@id\":\"https:\/\/www.hadleygroup.com\/fr\/carrieres\/#breadcrumb\",\"itemListElement\":[{\"@type\":\"ListItem\",\"position\":1,\"name\":\"Home\",\"item\":\"https:\/\/www.hadleygroup.com\/fr\/\"},{\"@type\":\"ListItem\",\"position\":2,\"name\":\"Carri\u00e8res\"}]},{\"@type\":\"WebSite\",\"@id\":\"https:\/\/www.hadleygroup.com\/fr\/#website\",\"url\":\"https:\/\/www.hadleygroup.com\/fr\/\",\"name\":\"Hadley Group\",\"description\":\"Shaping the Future in Metal\",\"publisher\":{\"@id\":\"https:\/\/www.hadleygroup.com\/fr\/#organization\"},\"potentialAction\":[{\"@type\":\"SearchAction\",\"target\":{\"@type\":\"EntryPoint\",\"urlTemplate\":\"https:\/\/www.hadleygroup.com\/fr\/?s={search_term_string}\"},\"query-input\":{\"@type\":\"PropertyValueSpecification\",\"valueRequired\":true,\"valueName\":\"search_term_string\"}}],\"inLanguage\":\"fr-FR\"},{\"@type\":\"Organization\",\"@id\":\"https:\/\/www.hadleygroup.com\/fr\/#organization\",\"name\":\"Hadley Group\",\"url\":\"https:\/\/www.hadleygroup.com\/fr\/\",\"logo\":{\"@type\":\"ImageObject\",\"inLanguage\":\"fr-FR\",\"@id\":\"https:\/\/www.hadleygroup.com\/fr\/#\/schema\/logo\/image\/\",\"url\":\"https:\/\/www.hadleygroup.com\/app\/uploads\/2023\/01\/Hadley-Group-logo.jpg\",\"contentUrl\":\"https:\/\/www.hadleygroup.com\/app\/uploads\/2023\/01\/Hadley-Group-logo.jpg\",\"width\":1280,\"height\":300,\"caption\":\"Hadley Group\"},\"image\":{\"@id\":\"https:\/\/www.hadleygroup.com\/fr\/#\/schema\/logo\/image\/\"},\"sameAs\":[\"https:\/\/www.facebook.com\/HadleyGroupGlobal\",\"https:\/\/x.com\/hadley_group\",\"https:\/\/www.youtube.com\/@HadleyGroupSmethwick\",\"https:\/\/www.linkedin.com\/company\/hadley-group-\/\"]}]}<\/script>\n<!-- \/ Yoast SEO Premium plugin. -->","yoast_head_json":{"title":"Carri\u00e8res \u00e0 Hadley - Hadley Group","description":"\u00cates-vous int\u00e9ress\u00e9 par ce que vous apportera le fait de travailler avec le groupe Hadley ? D\u00e9couvrez les 5 valeurs fondamentales au centre de notre activit\u00e9.","robots":{"index":"index","follow":"follow","max-snippet":"max-snippet:-1","max-image-preview":"max-image-preview:large","max-video-preview":"max-video-preview:-1"},"canonical":"https:\/\/www.hadleygroup.com\/fr\/carrieres\/","og_locale":"fr_FR","og_type":"article","og_title":"Carri\u00e8res","og_description":"\u00cates-vous int\u00e9ress\u00e9 par ce que vous apportera le fait de travailler avec le groupe Hadley ? D\u00e9couvrez les 5 valeurs fondamentales au centre de notre activit\u00e9.","og_url":"https:\/\/www.hadleygroup.com\/fr\/carrieres\/","og_site_name":"Hadley Group","article_publisher":"https:\/\/www.facebook.com\/HadleyGroupGlobal","article_modified_time":"2025-09-08T09:16:13+00:00","og_image":[{"width":2000,"height":1333,"url":"https:\/\/www.hadleygroup.com\/app\/uploads\/2022\/06\/Trainee-HR-recruiter.jpg","type":"image\/jpeg"}],"twitter_card":"summary_large_image","twitter_site":"@hadley_group","twitter_misc":{"Est. reading time":"2 minutes"},"schema":{"@context":"https:\/\/schema.org","@graph":[{"@type":"WebPage","@id":"https:\/\/www.hadleygroup.com\/fr\/carrieres\/","url":"https:\/\/www.hadleygroup.com\/fr\/carrieres\/","name":"Carri\u00e8res \u00e0 Hadley - Hadley Group","isPartOf":{"@id":"https:\/\/www.hadleygroup.com\/fr\/#website"},"primaryImageOfPage":{"@id":"https:\/\/www.hadleygroup.com\/fr\/carrieres\/#primaryimage"},"image":{"@id":"https:\/\/www.hadleygroup.com\/fr\/carrieres\/#primaryimage"},"thumbnailUrl":"https:\/\/www.hadleygroup.com\/app\/uploads\/2022\/06\/Trainee-HR-recruiter.jpg","datePublished":"2022-05-11T11:55:44+00:00","dateModified":"2025-09-08T09:16:13+00:00","description":"\u00cates-vous int\u00e9ress\u00e9 par ce que vous apportera le fait de travailler avec le groupe Hadley ? D\u00e9couvrez les 5 valeurs fondamentales au centre de notre activit\u00e9.","breadcrumb":{"@id":"https:\/\/www.hadleygroup.com\/fr\/carrieres\/#breadcrumb"},"inLanguage":"fr-FR","potentialAction":[{"@type":"ReadAction","target":["https:\/\/www.hadleygroup.com\/fr\/carrieres\/"]}]},{"@type":"ImageObject","inLanguage":"fr-FR","@id":"https:\/\/www.hadleygroup.com\/fr\/carrieres\/#primaryimage","url":"https:\/\/www.hadleygroup.com\/app\/uploads\/2022\/06\/Trainee-HR-recruiter.jpg","contentUrl":"https:\/\/www.hadleygroup.com\/app\/uploads\/2022\/06\/Trainee-HR-recruiter.jpg","width":2000,"height":1333,"caption":"Trainee-HR-recruiter"},{"@type":"BreadcrumbList","@id":"https:\/\/www.hadleygroup.com\/fr\/carrieres\/#breadcrumb","itemListElement":[{"@type":"ListItem","position":1,"name":"Home","item":"https:\/\/www.hadleygroup.com\/fr\/"},{"@type":"ListItem","position":2,"name":"Carri\u00e8res"}]},{"@type":"WebSite","@id":"https:\/\/www.hadleygroup.com\/fr\/#website","url":"https:\/\/www.hadleygroup.com\/fr\/","name":"Hadley Group","description":"Shaping the Future in Metal","publisher":{"@id":"https:\/\/www.hadleygroup.com\/fr\/#organization"},"potentialAction":[{"@type":"SearchAction","target":{"@type":"EntryPoint","urlTemplate":"https:\/\/www.hadleygroup.com\/fr\/?s={search_term_string}"},"query-input":{"@type":"PropertyValueSpecification","valueRequired":true,"valueName":"search_term_string"}}],"inLanguage":"fr-FR"},{"@type":"Organization","@id":"https:\/\/www.hadleygroup.com\/fr\/#organization","name":"Hadley Group","url":"https:\/\/www.hadleygroup.com\/fr\/","logo":{"@type":"ImageObject","inLanguage":"fr-FR","@id":"https:\/\/www.hadleygroup.com\/fr\/#\/schema\/logo\/image\/","url":"https:\/\/www.hadleygroup.com\/app\/uploads\/2023\/01\/Hadley-Group-logo.jpg","contentUrl":"https:\/\/www.hadleygroup.com\/app\/uploads\/2023\/01\/Hadley-Group-logo.jpg","width":1280,"height":300,"caption":"Hadley Group"},"image":{"@id":"https:\/\/www.hadleygroup.com\/fr\/#\/schema\/logo\/image\/"},"sameAs":["https:\/\/www.facebook.com\/HadleyGroupGlobal","https:\/\/x.com\/hadley_group","https:\/\/www.youtube.com\/@HadleyGroupSmethwick","https:\/\/www.linkedin.com\/company\/hadley-group-\/"]}]}},"_links":{"self":[{"href":"https:\/\/www.hadleygroup.com\/fr\/wp-json\/wp\/v2\/pages\/4170","targetHints":{"allow":["GET"]}}],"collection":[{"href":"https:\/\/www.hadleygroup.com\/fr\/wp-json\/wp\/v2\/pages"}],"about":[{"href":"https:\/\/www.hadleygroup.com\/fr\/wp-json\/wp\/v2\/types\/page"}],"author":[{"embeddable":true,"href":"https:\/\/www.hadleygroup.com\/fr\/wp-json\/wp\/v2\/users\/3"}],"replies":[{"embeddable":true,"href":"https:\/\/www.hadleygroup.com\/fr\/wp-json\/wp\/v2\/comments?post=4170"}],"version-history":[{"count":9,"href":"https:\/\/www.hadleygroup.com\/fr\/wp-json\/wp\/v2\/pages\/4170\/revisions"}],"predecessor-version":[{"id":16142,"href":"https:\/\/www.hadleygroup.com\/fr\/wp-json\/wp\/v2\/pages\/4170\/revisions\/16142"}],"wp:featuredmedia":[{"embeddable":true,"href":"https:\/\/www.hadleygroup.com\/fr\/wp-json\/wp\/v2\/media\/4727"}],"wp:attachment":[{"href":"https:\/\/www.hadleygroup.com\/fr\/wp-json\/wp\/v2\/media?parent=4170"}],"wp:term":[{"taxonomy":"category","embeddable":true,"href":"https:\/\/www.hadleygroup.com\/fr\/wp-json\/wp\/v2\/categories?post=4170"}],"curies":[{"name":"wp","href":"https:\/\/api.w.org\/{rel}","templated":true}]}}