{"id":4145,"date":"2022-03-28T18:10:10","date_gmt":"2022-03-28T18:10:10","guid":{"rendered":"https:\/\/www.hadleygroup.com\/valeurs-et-vision\/"},"modified":"2025-09-08T11:47:52","modified_gmt":"2025-09-08T11:47:52","slug":"valeurs-et-vision","status":"publish","type":"page","link":"https:\/\/www.hadleygroup.com\/fr\/a-propos-de-nous\/valeurs-et-vision\/","title":{"rendered":"Valeurs et vision"},"content":{"rendered":"<background-video inline-template :autoplay=\"true\" video=\"\"> \n<section class=\"wp-block-stradigi-gutenberg-hero g-hero container-fluid p-0\" style=\"background-image:url(&quot;https:\/\/www.hadleygroup.com\/app\/uploads\/2022\/04\/DSC_1821.jpg&quot;)\" data-youtube-url=\"\"><div class=\"g-hero--filter\"><\/div><div class=\"g-hero__container container\"><div class=\"g-hero__wrap\"><h1 class=\"g-hero__heading\">Values &amp; Vision<\/h1><div class=\"g-hero__body\"><div class=\"g-hero__body__text\"><p><\/p><\/div><div class=\"g-hero__body__buttons\"><\/div><\/div><\/div><div class=\"g-hero__chevron__container d-none d-lg-block\"><i class=\"fas fa-chevron-down fa-3x scrollDown\"><\/i><\/div><\/div><\/section>\n <\/background-video><div class=\"JB-1 h-section-background\">\n<section class=\"wp-block-stradigi-gutenberg-fixed-spacer g-spacer g-spacer--size-medium\"><\/section>\n<\/div><section class=\"JB-1 h-section-background g-text\"><div class=\"container\"><div class=\"row\"><div class=\"col-lg-8\"><div class=\"g-text__title\">\n<h2 class=\"wp-block-heading\" id=\"h-product-excellence\">EXCELLENCE DES PRODUITS<\/h2>\n<\/div><\/div><\/div><\/div><\/section><section class=\"JB-1 h-section-background g-text\"><div class=\"container\"><div class=\"row\"><div class=\"col-lg-8\"><div class=\"g-text__bodytext\">\n<p>Le Hadley Group est n\u00e9 du d\u00e9sir de fabriquer les meilleurs produits et syst\u00e8mes lamin\u00e9s \u00e0 froid du march\u00e9. Cette volont\u00e9 de fournir la meilleure solution a \u00e9t\u00e9 tiss\u00e9e \u00e0 travers le tissu de notre organisation, ce qui a donn\u00e9 lieu \u00e0 des processus technologiques brevet\u00e9s, des tol\u00e9rances serr\u00e9es en permanence et les accr\u00e9ditations de qualit\u00e9 les plus \u00e9lev\u00e9es. Jetez un coup d&#8217;\u0153il aux <a href=\"https:\/\/www.hadleygroup.com\/fr\/profilage-sur-mesure\/hadley-group-technology\/publications\/\">publications universitaires<\/a> que nos experts ont r\u00e9dig\u00e9es gr\u00e2ce \u00e0 notre investissement continu dans la recherche. <\/p>\n<\/div><\/div><\/div><\/div><\/section><section class=\"JB-1 h-section-background g-text\"><div class=\"container\"><div class=\"row\"><div class=\"col-lg-8\"><div class=\"g-text__title\">\n<h2 class=\"wp-block-heading\" id=\"h-partnership\">PARTENARIAT<\/h2>\n<\/div><\/div><\/div><\/div><\/section><section class=\"JB-1 h-section-background g-text\"><div class=\"container\"><div class=\"row\"><div class=\"col-lg-8\"><div class=\"g-text__bodytext\">\n<p>Que vous ayez besoin de fen\u00eatres \u00e0 triple vitrage de haute s\u00e9curit\u00e9 dans votre cadre en acier <a href=\"https:\/\/www.hadleygroup.com\/building-systems\/modern-methods-construction\/\">pr\u00e9-panelis\u00e9 ou d&#8217;une \u00e9tape d&#8217;assemblage<\/a> s&#8217;ajoutant \u00e0 votre projet de profil\u00e9 personnalis\u00e9 avant exp\u00e9dition, nous sommes l\u00e0 pour vous aider \u00e0 trouver une solution. En collaborant avec vous et votre \u00e9quipe, nous apportons nos comp\u00e9tences et nos capacit\u00e9s pour cr\u00e9er de nouveaux concepts de produits et les d\u00e9velopper jusqu&#8217;\u00e0 ce que nous arrivions au produit le plus performant et le plus rentable. <\/p>\n<\/div><\/div><\/div><\/div><\/section><div class=\"JB-1 h-section-background\">\n<section class=\"wp-block-stradigi-gutenberg-cta-one g-cta-one\"><div class=\"container\"><div class=\"g-cta-one__row row\"><div class=\"col-sm-12 col-lg-8\"><h2 class=\"g-cta-one__title\"><\/h2><div class=\"g-cta-one__content\"><p><\/p><\/div><div class=\"g-cta-one__buttons\"><a href=\"https:\/\/www.hadleygroup.com\/building-systems\/\" class=\"g-cta-one__button-primary\">Building systems<i class=\"fas fa-sm fa-chevron-right\"><\/i><\/a><a href=\"https:\/\/www.hadleygroup.com\/fr\/profilage-sur-mesure\/\" class=\"g-cta-one__button-secondary\">Custom Roll Forming<i class=\"fas fa-sm fa-chevron-right\"><\/i><\/a><\/div><\/div><\/div><\/div><\/section>\n<\/div><div class=\"JB-1 h-section-background\">\n<section class=\"wp-block-stradigi-gutenberg-fixed-spacer g-spacer g-spacer--size-medium\"><\/section>\n<\/div><section class=\"JB-1 h-section-background g-text\"><div class=\"container\"><div class=\"row\"><div class=\"col-lg-8\"><div class=\"g-text__title\">\n<h2 class=\"wp-block-heading\" id=\"h-environmental-stewardship\">GESTION DE L&#8217;ENVIRONNEMENT<\/h2>\n<\/div><\/div><\/div><\/div><\/section><section class=\"JB-1 h-section-background g-text\"><div class=\"container\"><div class=\"row\"><div class=\"col-lg-8\"><div class=\"g-text__bodytext\">\n<p>Nous nous engageons \u00e0 fabriquer dans un monde \u00e0 faible \u00e9mission de carbone et avons sign\u00e9 le Pacte mondial des Nations Unies pour soutenir le d\u00e9veloppement durable. Chacun de nos produits a \u00e9t\u00e9 d\u00e9velopp\u00e9 pour garantir des performances optimales et des \u00e9conomies consid\u00e9rables en termes de consommation de mati\u00e8res premi\u00e8res, de r\u00e9duction des d\u00e9chets et de transport. Pour plus de d\u00e9tails, veuillez consulter notre page <a href=\"https:\/\/www.hadleygroup.com\/fr\/environnement-et-durabilite\/\">Environnement et d\u00e9veloppement durable<\/a>. <\/p>\n<\/div><\/div><\/div><\/div><\/section><section class=\"JB-1 h-section-background g-text\"><div class=\"container\"><div class=\"row\"><div class=\"col-lg-8\"><div class=\"g-text__title\">\n<h2 class=\"wp-block-heading\" id=\"h-social-awareness\">CONSCIENCE SOCIALE<\/h2>\n<\/div><\/div><\/div><\/div><\/section><section class=\"JB-1 h-section-background g-text\"><div class=\"container\"><div class=\"row\"><div class=\"col-lg-8\"><div class=\"g-text__bodytext\">\n<p>Nous sommes conscients de l&#8217;impact social que nous avons sur les communaut\u00e9s dans lesquelles nous op\u00e9rons. Notre objectif est d&#8217;am\u00e9liorer nos communaut\u00e9s, pas seulement de fournir des emplois, mais de soutenir les activit\u00e9s locales et de cr\u00e9er des opportunit\u00e9s pour tous. Nous redonnons aux \u00e9coles et aux coll\u00e8ges locaux, en investissant du temps et de l&#8217;\u00e9nergie dans le mentorat et l&#8217;\u00e9ducation de la prochaine g\u00e9n\u00e9ration en mati\u00e8re de comp\u00e9tences personnelles et pratiques n\u00e9cessaires \u00e0 leur vie professionnelle. Nos cadres sup\u00e9rieurs, nos travailleurs qualifi\u00e9s et nos apprentis participent tous \u00e0 des projets dans lesquels les jeunes peuvent acqu\u00e9rir la confiance n\u00e9cessaire pour se motiver \u00e0 donner le meilleur d&#8217;eux-m\u00eames. <\/p>\n<\/div><\/div><\/div><\/div><\/section><section class=\"JB-1 h-section-background g-text\"><div class=\"container\"><div class=\"row\"><div class=\"col-lg-8\"><div class=\"g-text__bodytext\">\n<p>En 2022, nous sommes l&#8217;un des principaux soutiens de <a href=\"https:\/\/www.wlv.ac.uk\/schools-and-institutes\/faculty-of-science-and-engineering\/uwracing\/\" target=\"_blank\" rel=\"noreferrer noopener\">UWRacing<\/a>, en fournissant les ressources n\u00e9cessaires \u00e0 l&#8217;\u00e9quipe pour introduire et d\u00e9velopper de nouvelles voitures de course (une Bentley GT3 et une Praga R1), et en offrant un encadrement. L&#8217;ing\u00e9nieur de projet principal John O&#8217;Sullivan s&#8217;est port\u00e9 volontaire pour encadrer l&#8217;\u00e9quipe de Formule 1 pendant qu&#8217;elle construit sa voiture de course pour 2022. <\/p>\n<\/div><\/div><\/div><\/div><\/section><section class=\"JB-1 h-section-background g-text\"><div class=\"container\"><div class=\"row\"><div class=\"col-lg-8\"><div class=\"g-text__title\">\n<h2 class=\"wp-block-heading\" id=\"h-personnel-development\">D\u00c9VELOPPEMENT DU PERSONNEL<\/h2>\n<\/div><\/div><\/div><\/div><\/section><section class=\"JB-1 h-section-background g-text\"><div class=\"container\"><div class=\"row\"><div class=\"col-lg-8\"><div class=\"g-text__bodytext\">\n<p>Peu d&#8217;entreprises peuvent se targuer d&#8217;avoir autant d&#8217;employ\u00e9s de longue date et de talents locaux parmi une main-d&#8217;\u0153uvre internationale. Nous avons des directeurs, des responsables techniques et des ing\u00e9nieurs principaux qui sont tous issus de notre programme d&#8217;apprentissage. Cela t\u00e9moigne de notre investissement dans le <a href=\"https:\/\/www.hadleygroup.com\/fr\/carrieres\/\" target=\"_blank\" rel=\"noreferrer noopener\">d\u00e9veloppement professionnel<\/a>, en soutenant l&#8217;apprentissage de dipl\u00f4mes et l&#8217;\u00e9ducation postuniversitaire. <\/p>\n<\/div><\/div><\/div><\/div><\/section><div class=\"JB-1 h-section-background\">\n<section class=\"wp-block-stradigi-gutenberg-fixed-spacer g-spacer g-spacer--size-medium\"><\/section>\n<\/div><div class=\"JB-1 h-section-background\">\n<section class=\"wp-block-stradigi-gutenberg-cta-one g-cta-one\"><div class=\"container\"><div class=\"g-cta-one__row row\"><div class=\"col-sm-12 col-lg-8\"><h2 class=\"g-cta-one__title\">Do you have a question?<\/h2><div class=\"g-cta-one__content\"><p><\/p><\/div><div class=\"g-cta-one__buttons\"><a href=\"https:\/\/www.hadleygroup.com\/fr\/contact\/\" class=\"g-cta-one__button-primary\">Contact Us<i class=\"fas fa-sm fa-chevron-right\"><\/i><\/a><a href=\"https:\/\/www.hadleygroup.com\/fr\/questions-frequemment-posees\/\" class=\"g-cta-one__button-secondary\">See FAQs<i class=\"fas fa-sm fa-chevron-right\"><\/i><\/a><\/div><\/div><\/div><\/div><\/section>\n<\/div><div class=\"JB-1 h-section-background\">\n<section class=\"wp-block-stradigi-gutenberg-fixed-spacer g-spacer g-spacer--size-large\"><\/section>\n<\/div>","protected":false},"excerpt":{"rendered":"<p>EXCELLENCE DES PRODUITS Le Hadley Group est n\u00e9 du d\u00e9sir de fabriquer les meilleurs produits et syst\u00e8mes lamin\u00e9s \u00e0 froid\u2026 <a href=\"https:\/\/www.hadleygroup.com\/fr\/a-propos-de-nous\/valeurs-et-vision\/\">&#8230;<\/a><\/p>\n","protected":false},"author":3,"featured_media":0,"parent":4189,"menu_order":0,"comment_status":"closed","ping_status":"closed","template":"","meta":{"_acf_changed":false,"footnotes":""},"categories":[124],"class_list":["post-4145","page","type-page","status-publish","hentry","category-a-propos-de-nous"],"acf":[],"yoast_head":"<!-- This site is optimized with the Yoast SEO Premium plugin v25.1 (Yoast SEO v26.3) - https:\/\/yoast.com\/wordpress\/plugins\/seo\/ -->\n<title>Valeurs et vision - Hadley Group<\/title>\n<meta name=\"description\" content=\"Le Hadley Group est fond\u00e9 sur l&#039;innovation et l&#039;excellence, ce qui se traduit par une technologie brevet\u00e9e, des tol\u00e9rances serr\u00e9es et les accr\u00e9ditations de qualit\u00e9 les plus \u00e9lev\u00e9es.\" \/>\n<meta name=\"robots\" content=\"index, follow, max-snippet:-1, max-image-preview:large, max-video-preview:-1\" \/>\n<link rel=\"canonical\" href=\"https:\/\/www.hadleygroup.com\/fr\/a-propos-de-nous\/valeurs-et-vision\/\" \/>\n<meta property=\"og:locale\" content=\"fr_FR\" \/>\n<meta property=\"og:type\" content=\"article\" \/>\n<meta property=\"og:title\" content=\"Valeurs et vision\" \/>\n<meta property=\"og:description\" content=\"Le Hadley Group est fond\u00e9 sur l&#039;innovation et l&#039;excellence, ce qui se traduit par une technologie brevet\u00e9e, des tol\u00e9rances serr\u00e9es et les accr\u00e9ditations de qualit\u00e9 les plus \u00e9lev\u00e9es.\" \/>\n<meta property=\"og:url\" content=\"https:\/\/www.hadleygroup.com\/fr\/a-propos-de-nous\/valeurs-et-vision\/\" \/>\n<meta property=\"og:site_name\" content=\"Hadley Group\" \/>\n<meta property=\"article:publisher\" content=\"https:\/\/www.facebook.com\/HadleyGroupGlobal\" \/>\n<meta property=\"article:modified_time\" content=\"2025-09-08T11:47:52+00:00\" \/>\n<meta property=\"og:image\" content=\"https:\/\/www.hadleygroup.com\/app\/uploads\/2023\/01\/Hadley-Group-logo.jpg\" \/>\n\t<meta property=\"og:image:width\" content=\"1280\" \/>\n\t<meta property=\"og:image:height\" content=\"300\" \/>\n\t<meta property=\"og:image:type\" content=\"image\/jpeg\" \/>\n<meta name=\"twitter:card\" content=\"summary_large_image\" \/>\n<meta name=\"twitter:site\" content=\"@hadley_group\" \/>\n<meta name=\"twitter:label1\" content=\"Est. reading time\" \/>\n\t<meta name=\"twitter:data1\" content=\"3 minutes\" \/>\n<script type=\"application\/ld+json\" class=\"yoast-schema-graph\">{\"@context\":\"https:\/\/schema.org\",\"@graph\":[{\"@type\":\"WebPage\",\"@id\":\"https:\/\/www.hadleygroup.com\/fr\/a-propos-de-nous\/valeurs-et-vision\/\",\"url\":\"https:\/\/www.hadleygroup.com\/fr\/a-propos-de-nous\/valeurs-et-vision\/\",\"name\":\"Valeurs et vision - Hadley Group\",\"isPartOf\":{\"@id\":\"https:\/\/www.hadleygroup.com\/fr\/#website\"},\"datePublished\":\"2022-03-28T18:10:10+00:00\",\"dateModified\":\"2025-09-08T11:47:52+00:00\",\"description\":\"Le Hadley Group est fond\u00e9 sur l'innovation et l'excellence, ce qui se traduit par une technologie brevet\u00e9e, des tol\u00e9rances serr\u00e9es et les accr\u00e9ditations de qualit\u00e9 les plus \u00e9lev\u00e9es.\",\"breadcrumb\":{\"@id\":\"https:\/\/www.hadleygroup.com\/fr\/a-propos-de-nous\/valeurs-et-vision\/#breadcrumb\"},\"inLanguage\":\"fr-FR\",\"potentialAction\":[{\"@type\":\"ReadAction\",\"target\":[\"https:\/\/www.hadleygroup.com\/fr\/a-propos-de-nous\/valeurs-et-vision\/\"]}]},{\"@type\":\"BreadcrumbList\",\"@id\":\"https:\/\/www.hadleygroup.com\/fr\/a-propos-de-nous\/valeurs-et-vision\/#breadcrumb\",\"itemListElement\":[{\"@type\":\"ListItem\",\"position\":1,\"name\":\"Home\",\"item\":\"https:\/\/www.hadleygroup.com\/fr\/\"},{\"@type\":\"ListItem\",\"position\":2,\"name\":\"\u00c0 propos de nous\",\"item\":\"https:\/\/www.hadleygroup.com\/fr\/a-propos-de-nous\/\"},{\"@type\":\"ListItem\",\"position\":3,\"name\":\"Valeurs et vision\"}]},{\"@type\":\"WebSite\",\"@id\":\"https:\/\/www.hadleygroup.com\/fr\/#website\",\"url\":\"https:\/\/www.hadleygroup.com\/fr\/\",\"name\":\"Hadley Group\",\"description\":\"Shaping the Future in Metal\",\"publisher\":{\"@id\":\"https:\/\/www.hadleygroup.com\/fr\/#organization\"},\"potentialAction\":[{\"@type\":\"SearchAction\",\"target\":{\"@type\":\"EntryPoint\",\"urlTemplate\":\"https:\/\/www.hadleygroup.com\/fr\/?s={search_term_string}\"},\"query-input\":{\"@type\":\"PropertyValueSpecification\",\"valueRequired\":true,\"valueName\":\"search_term_string\"}}],\"inLanguage\":\"fr-FR\"},{\"@type\":\"Organization\",\"@id\":\"https:\/\/www.hadleygroup.com\/fr\/#organization\",\"name\":\"Hadley Group\",\"url\":\"https:\/\/www.hadleygroup.com\/fr\/\",\"logo\":{\"@type\":\"ImageObject\",\"inLanguage\":\"fr-FR\",\"@id\":\"https:\/\/www.hadleygroup.com\/fr\/#\/schema\/logo\/image\/\",\"url\":\"https:\/\/www.hadleygroup.com\/app\/uploads\/2023\/01\/Hadley-Group-logo.jpg\",\"contentUrl\":\"https:\/\/www.hadleygroup.com\/app\/uploads\/2023\/01\/Hadley-Group-logo.jpg\",\"width\":1280,\"height\":300,\"caption\":\"Hadley Group\"},\"image\":{\"@id\":\"https:\/\/www.hadleygroup.com\/fr\/#\/schema\/logo\/image\/\"},\"sameAs\":[\"https:\/\/www.facebook.com\/HadleyGroupGlobal\",\"https:\/\/x.com\/hadley_group\",\"https:\/\/www.youtube.com\/@HadleyGroupSmethwick\",\"https:\/\/www.linkedin.com\/company\/hadley-group-\/\"]}]}<\/script>\n<!-- \/ Yoast SEO Premium plugin. -->","yoast_head_json":{"title":"Valeurs et vision - Hadley Group","description":"Le Hadley Group est fond\u00e9 sur l'innovation et l'excellence, ce qui se traduit par une technologie brevet\u00e9e, des tol\u00e9rances serr\u00e9es et les accr\u00e9ditations de qualit\u00e9 les plus \u00e9lev\u00e9es.","robots":{"index":"index","follow":"follow","max-snippet":"max-snippet:-1","max-image-preview":"max-image-preview:large","max-video-preview":"max-video-preview:-1"},"canonical":"https:\/\/www.hadleygroup.com\/fr\/a-propos-de-nous\/valeurs-et-vision\/","og_locale":"fr_FR","og_type":"article","og_title":"Valeurs et vision","og_description":"Le Hadley Group est fond\u00e9 sur l'innovation et l'excellence, ce qui se traduit par une technologie brevet\u00e9e, des tol\u00e9rances serr\u00e9es et les accr\u00e9ditations de qualit\u00e9 les plus \u00e9lev\u00e9es.","og_url":"https:\/\/www.hadleygroup.com\/fr\/a-propos-de-nous\/valeurs-et-vision\/","og_site_name":"Hadley Group","article_publisher":"https:\/\/www.facebook.com\/HadleyGroupGlobal","article_modified_time":"2025-09-08T11:47:52+00:00","og_image":[{"width":1280,"height":300,"url":"https:\/\/www.hadleygroup.com\/app\/uploads\/2023\/01\/Hadley-Group-logo.jpg","type":"image\/jpeg"}],"twitter_card":"summary_large_image","twitter_site":"@hadley_group","twitter_misc":{"Est. reading time":"3 minutes"},"schema":{"@context":"https:\/\/schema.org","@graph":[{"@type":"WebPage","@id":"https:\/\/www.hadleygroup.com\/fr\/a-propos-de-nous\/valeurs-et-vision\/","url":"https:\/\/www.hadleygroup.com\/fr\/a-propos-de-nous\/valeurs-et-vision\/","name":"Valeurs et vision - Hadley Group","isPartOf":{"@id":"https:\/\/www.hadleygroup.com\/fr\/#website"},"datePublished":"2022-03-28T18:10:10+00:00","dateModified":"2025-09-08T11:47:52+00:00","description":"Le Hadley Group est fond\u00e9 sur l'innovation et l'excellence, ce qui se traduit par une technologie brevet\u00e9e, des tol\u00e9rances serr\u00e9es et les accr\u00e9ditations de qualit\u00e9 les plus \u00e9lev\u00e9es.","breadcrumb":{"@id":"https:\/\/www.hadleygroup.com\/fr\/a-propos-de-nous\/valeurs-et-vision\/#breadcrumb"},"inLanguage":"fr-FR","potentialAction":[{"@type":"ReadAction","target":["https:\/\/www.hadleygroup.com\/fr\/a-propos-de-nous\/valeurs-et-vision\/"]}]},{"@type":"BreadcrumbList","@id":"https:\/\/www.hadleygroup.com\/fr\/a-propos-de-nous\/valeurs-et-vision\/#breadcrumb","itemListElement":[{"@type":"ListItem","position":1,"name":"Home","item":"https:\/\/www.hadleygroup.com\/fr\/"},{"@type":"ListItem","position":2,"name":"\u00c0 propos de nous","item":"https:\/\/www.hadleygroup.com\/fr\/a-propos-de-nous\/"},{"@type":"ListItem","position":3,"name":"Valeurs et vision"}]},{"@type":"WebSite","@id":"https:\/\/www.hadleygroup.com\/fr\/#website","url":"https:\/\/www.hadleygroup.com\/fr\/","name":"Hadley Group","description":"Shaping the Future in Metal","publisher":{"@id":"https:\/\/www.hadleygroup.com\/fr\/#organization"},"potentialAction":[{"@type":"SearchAction","target":{"@type":"EntryPoint","urlTemplate":"https:\/\/www.hadleygroup.com\/fr\/?s={search_term_string}"},"query-input":{"@type":"PropertyValueSpecification","valueRequired":true,"valueName":"search_term_string"}}],"inLanguage":"fr-FR"},{"@type":"Organization","@id":"https:\/\/www.hadleygroup.com\/fr\/#organization","name":"Hadley Group","url":"https:\/\/www.hadleygroup.com\/fr\/","logo":{"@type":"ImageObject","inLanguage":"fr-FR","@id":"https:\/\/www.hadleygroup.com\/fr\/#\/schema\/logo\/image\/","url":"https:\/\/www.hadleygroup.com\/app\/uploads\/2023\/01\/Hadley-Group-logo.jpg","contentUrl":"https:\/\/www.hadleygroup.com\/app\/uploads\/2023\/01\/Hadley-Group-logo.jpg","width":1280,"height":300,"caption":"Hadley Group"},"image":{"@id":"https:\/\/www.hadleygroup.com\/fr\/#\/schema\/logo\/image\/"},"sameAs":["https:\/\/www.facebook.com\/HadleyGroupGlobal","https:\/\/x.com\/hadley_group","https:\/\/www.youtube.com\/@HadleyGroupSmethwick","https:\/\/www.linkedin.com\/company\/hadley-group-\/"]}]}},"_links":{"self":[{"href":"https:\/\/www.hadleygroup.com\/fr\/wp-json\/wp\/v2\/pages\/4145","targetHints":{"allow":["GET"]}}],"collection":[{"href":"https:\/\/www.hadleygroup.com\/fr\/wp-json\/wp\/v2\/pages"}],"about":[{"href":"https:\/\/www.hadleygroup.com\/fr\/wp-json\/wp\/v2\/types\/page"}],"author":[{"embeddable":true,"href":"https:\/\/www.hadleygroup.com\/fr\/wp-json\/wp\/v2\/users\/3"}],"replies":[{"embeddable":true,"href":"https:\/\/www.hadleygroup.com\/fr\/wp-json\/wp\/v2\/comments?post=4145"}],"version-history":[{"count":9,"href":"https:\/\/www.hadleygroup.com\/fr\/wp-json\/wp\/v2\/pages\/4145\/revisions"}],"predecessor-version":[{"id":16287,"href":"https:\/\/www.hadleygroup.com\/fr\/wp-json\/wp\/v2\/pages\/4145\/revisions\/16287"}],"up":[{"embeddable":true,"href":"https:\/\/www.hadleygroup.com\/fr\/wp-json\/wp\/v2\/pages\/4189"}],"wp:attachment":[{"href":"https:\/\/www.hadleygroup.com\/fr\/wp-json\/wp\/v2\/media?parent=4145"}],"wp:term":[{"taxonomy":"category","embeddable":true,"href":"https:\/\/www.hadleygroup.com\/fr\/wp-json\/wp\/v2\/categories?post=4145"}],"curies":[{"name":"wp","href":"https:\/\/api.w.org\/{rel}","templated":true}]}}