{"id":4135,"date":"2022-05-13T18:31:14","date_gmt":"2022-05-13T18:31:14","guid":{"rendered":"https:\/\/www.hadleygroup.com\/faqs\/"},"modified":"2022-08-25T11:11:16","modified_gmt":"2022-08-25T11:11:16","slug":"questions-frequemment-posees","status":"publish","type":"page","link":"https:\/\/www.hadleygroup.com\/fr\/questions-frequemment-posees\/","title":{"rendered":"Questions fr\u00e9quemment pos\u00e9es"},"content":{"rendered":"<background-video inline-template :autoplay=\"true\" video=\"\"> \n<section class=\"wp-block-stradigi-gutenberg-hero g-hero container-fluid p-0 g-hero--has-overlay\" style=\"background-image:url(&quot;https:\/\/www.hadleygroup.com\/app\/uploads\/2022\/04\/DSC_0719.jpg&quot;)\" data-youtube-url=\"\"><div class=\"g-hero--filter\"><\/div><div class=\"g-hero__container container\"><div class=\"g-hero__wrap\"><h1 class=\"g-hero__heading\">Questions fr\u00e9quemment pos\u00e9es<\/h1><div class=\"g-hero__body\"><div class=\"g-hero__body__text\"><p><\/p><\/div><div class=\"g-hero__body__buttons\"><\/div><\/div><\/div><div class=\"g-hero__chevron__container d-none d-lg-block\"><i class=\"fas fa-chevron-down fa-3x scrollDown\"><\/i><\/div><\/div><\/section>\n <\/background-video>\n\n<div class=\"JB-1 h-section-background\">\n<section class=\"wp-block-stradigi-gutenberg-fixed-spacer g-spacer g-spacer--size-moyen g-spacer--size-medium\"><\/section>\n<\/div>\n\n<accordion inline-template> <div class=\"JB-1 h-section-background\">\n<section class=\"wp-block-stradigi-gutenberg-accordion g-accordion\"><div class=\"container g-accordion__wrapper-relative\"><div class=\"row g-accordion__wrapper-relative-fg\"><div class=\"col-md-7\"><div class=\"g-accordion__container\"><h2 class=\"g-accordion__title\">Nos questions les plus fr\u00e9quemment pos\u00e9es<\/h2><ul class=\"g-accordion__list\"><li class=\"g-accordion__list-item\"><header class=\"g-accordion__list-header\"><i v-if=\"itemActive(0)\" class=\"fas fa-minus-circle g-accordion__list-icon g-accordion__list-icon--minus\"><\/i><i v-if=\"!itemActive(0)\" class=\"fas fa-plus-circle g-accordion__list-icon g-accordion__list-icon--plus\" @click=\"setActive(0)\"><\/i><h3 class=\"g-accordion__list-title\">Qu&#8217;est-ce que le profilage \u00e0 froid ?<\/h3><\/header><p v-if=\"itemActive(0)\" class=\"g-accordion__list-text\">Le profilage \u00e0 froid est un proc\u00e9d\u00e9 de fabrication par lequel des m\u00e9taux solides (g\u00e9n\u00e9ralement de l&#8217;acier) sont mis en forme. Comme son nom l&#8217;indique, le profilage \u00e0 froid consiste \u00e0 produire des formes \u00e0 temp\u00e9rature ambiante ou l\u00e9g\u00e8rement sup\u00e9rieure \u00e0 la temp\u00e9rature ambiante. Des formes extr\u00eamement pr\u00e9cises et complexes peuvent \u00eatre form\u00e9es dans une vari\u00e9t\u00e9 de longueurs et dans une large gamme de quantit\u00e9s.<\/p><\/li><li class=\"g-accordion__list-item\"><header class=\"g-accordion__list-header\"><i v-if=\"itemActive(1)\" class=\"fas fa-minus-circle g-accordion__list-icon g-accordion__list-icon--minus\"><\/i><i v-if=\"!itemActive(1)\" class=\"fas fa-plus-circle g-accordion__list-icon g-accordion__list-icon--plus\" @click=\"setActive(1)\"><\/i><h3 class=\"g-accordion__list-title\">Quelle est la diff\u00e9rence entre le profilage \u00e0 froid et le profilage \u00e0 chaud ?<\/h3><\/header><p v-if=\"itemActive(1)\" class=\"g-accordion__list-text\">Comme indiqu\u00e9 dans notre r\u00e9ponse \u00e0 la question 1, le profilage \u00e0 froid consiste \u00e0 produire des formes \u00e0 temp\u00e9rature ambiante ou l\u00e9g\u00e8rement sup\u00e9rieure. En bref, l&#8217;acier lamin\u00e9 \u00e0 chaud est un acier qui a \u00e9t\u00e9 lamin\u00e9 \u00e0 tr\u00e8s haute temp\u00e9rature.<\/p><\/li><li class=\"g-accordion__list-item\"><header class=\"g-accordion__list-header\"><i v-if=\"itemActive(2)\" class=\"fas fa-minus-circle g-accordion__list-icon g-accordion__list-icon--minus\"><\/i><i v-if=\"!itemActive(2)\" class=\"fas fa-plus-circle g-accordion__list-icon g-accordion__list-icon--plus\" @click=\"setActive(2)\"><\/i><h3 class=\"g-accordion__list-title\">Quels sont les avantages du profilage \u00e0 froid ?<\/h3><\/header><p v-if=\"itemActive(2)\" class=\"g-accordion__list-text\">Le profilage \u00e0 froid pr\u00e9sente plusieurs avantages, l&#8217;un d&#8217;entre eux \u00e9tant la r\u00e9sistance du produit fini. L&#8217;acier lamin\u00e9 \u00e0 froid est jusqu&#8217;\u00e0 20 % plus r\u00e9sistant que l&#8217;acier typique lamin\u00e9 \u00e0 chaud. C&#8217;est \u00e9galement la technique de fabrication pr\u00e9f\u00e9r\u00e9e pour les meubles, les voitures et les cl\u00f4tures en raison de sa haute qualit\u00e9 et de sa finition esth\u00e9tique.<\/p><\/li><li class=\"g-accordion__list-item\"><header class=\"g-accordion__list-header\"><i v-if=\"itemActive(3)\" class=\"fas fa-minus-circle g-accordion__list-icon g-accordion__list-icon--minus\"><\/i><i v-if=\"!itemActive(3)\" class=\"fas fa-plus-circle g-accordion__list-icon g-accordion__list-icon--plus\" @click=\"setActive(3)\"><\/i><h3 class=\"g-accordion__list-title\">Quels sont les mat\u00e9riaux qui peuvent \u00eatre lamin\u00e9s ?<\/h3><\/header><p v-if=\"itemActive(3)\" class=\"g-accordion__list-text\">Il existe une gamme de m\u00e9taux ferreux et non ferreux qui peuvent \u00eatre lamin\u00e9s. Il s&#8217;agit notamment de l&#8217;acier\/acier inoxydable, de l&#8217;aluminium, du laiton, du cuivre et du plomb.<\/p><\/li><li class=\"g-accordion__list-item\"><header class=\"g-accordion__list-header\"><i v-if=\"itemActive(4)\" class=\"fas fa-minus-circle g-accordion__list-icon g-accordion__list-icon--minus\"><\/i><i v-if=\"!itemActive(4)\" class=\"fas fa-plus-circle g-accordion__list-icon g-accordion__list-icon--plus\" @click=\"setActive(4)\"><\/i><h3 class=\"g-accordion__list-title\">Fournissez-vous des services de profilage sur mesure ?<\/h3><\/header><p v-if=\"itemActive(4)\" class=\"g-accordion__list-text\">Oui, nous fournissons un profilage sur mesure. Hadley Group Technology examinera vos exigences sp\u00e9cifiques avant d&#8217;utiliser notre \u00e9quipement de pointe pour concevoir une solution sur mesure r\u00e9pondant exactement \u00e0 vos besoins.<\/p><\/li><li class=\"g-accordion__list-item\"><header class=\"g-accordion__list-header\"><i v-if=\"itemActive(5)\" class=\"fas fa-minus-circle g-accordion__list-icon g-accordion__list-icon--minus\"><\/i><i v-if=\"!itemActive(5)\" class=\"fas fa-plus-circle g-accordion__list-icon g-accordion__list-icon--plus\" @click=\"setActive(5)\"><\/i><h3 class=\"g-accordion__list-title\">J&#8217;ai des questions concernant ma facture, qui dois-je contacter ?<\/h3><\/header><p v-if=\"itemActive(5)\" class=\"g-accordion__list-text\">N&#8217;h\u00e9sitez pas \u00e0 nous envoyer un courriel \u00e0 ask.hadley@hadleygroup.com ou \u00e0 nous appeler au +44 (0)121 555 1300.<\/p><\/li><li class=\"g-accordion__list-item\"><header class=\"g-accordion__list-header\"><i v-if=\"itemActive(6)\" class=\"fas fa-minus-circle g-accordion__list-icon g-accordion__list-icon--minus\"><\/i><i v-if=\"!itemActive(6)\" class=\"fas fa-plus-circle g-accordion__list-icon g-accordion__list-icon--plus\" @click=\"setActive(6)\"><\/i><h3 class=\"g-accordion__list-title\">Proposez-vous des visites sur site ?<\/h3><\/header><p v-if=\"itemActive(6)\" class=\"g-accordion__list-text\">Oui, nous proposons des visites sur site \u00e0 tous nos clients actuels et potentiels. Une fois que vous nous avez envoy\u00e9 votre demande avec toutes vos exigences techniques, l&#8217;un de nos experts techniques vous contactera et une visite sur site pourra \u00eatre organis\u00e9e.<\/p><\/li><li class=\"g-accordion__list-item\"><header class=\"g-accordion__list-header\"><i v-if=\"itemActive(7)\" class=\"fas fa-minus-circle g-accordion__list-icon g-accordion__list-icon--minus\"><\/i><i v-if=\"!itemActive(7)\" class=\"fas fa-plus-circle g-accordion__list-icon g-accordion__list-icon--plus\" @click=\"setActive(7)\"><\/i><h3 class=\"g-accordion__list-title\">Dans quels pays faites-vous du commerce ?<\/h3><\/header><p v-if=\"itemActive(7)\" class=\"g-accordion__list-text\">Nous fabriquons sur quatre sites au Royaume-Uni et sur d&#8217;autres sites aux Pays-Bas, en Tha\u00eflande, aux \u00c9mirats arabes unis et aux \u00c9tats-Unis, avec un bureau de vente en Allemagne.<\/p><\/li><li class=\"g-accordion__list-item\"><header class=\"g-accordion__list-header\"><i v-if=\"itemActive(8)\" class=\"fas fa-minus-circle g-accordion__list-icon g-accordion__list-icon--minus\"><\/i><i v-if=\"!itemActive(8)\" class=\"fas fa-plus-circle g-accordion__list-icon g-accordion__list-icon--plus\" @click=\"setActive(8)\"><\/i><h3 class=\"g-accordion__list-title\">Quelle est votre proposition de vente unique ?<\/h3><\/header><p v-if=\"itemActive(8)\" class=\"g-accordion__list-text\">Le groupe Hadley offre une grande vari\u00e9t\u00e9 de capacit\u00e9s. Nous disposons de l&#8217;une des plus grandes \u00e9quipes techniques internes d&#8217;Europe ; notre centre technique d&#8217;excellence utilise une technologie de simulation informatique de pointe et l&#8217;impression 3D, ainsi que les meilleures capacit\u00e9s de fabrication pour vous fournir le meilleur service.<br><br>En outre, notre proc\u00e9d\u00e9 brevet\u00e9 UltraSTEEL\u00ae nous permet de fabriquer des profil\u00e9s plus r\u00e9sistants et d&#8217;utiliser moins de mati\u00e8res premi\u00e8res, ce qui contribue aux objectifs de RSE de nos clients.<\/p><\/li><\/ul><\/div><\/div><\/div><div class=\"row g-accordion__wrapper-absolute\"><div class=\"offset-md-1 col-md-4 offset-lg-2 col-lg-3\"><div class=\"g-accordion__bg\" style=\"background-image:none\"><\/div><\/div><\/div><\/div><\/section>\n<\/div> <\/accordion>\n\n<div class=\"JB-1 h-section-background\">\n<section class=\"wp-block-stradigi-gutenberg-text-cta g-text\"><div class=\"container\"><div class=\"row\"><div class=\"col-lg-8\"><div class=\"g-text__bodytext\"><p>Vous ne trouvez pas votre question ? <\/p><\/div><a href=\"https:\/\/www.hadleygroup.com\/fr\/contact\/\" class=\"c-button g-text__button\">Prenez contact avec nous<i class=\"fas fa-sm fa-chevron-right\"><\/i><\/a><\/div><\/div><\/div><\/section>\n<\/div>\n\n<div class=\"JB-1 h-section-background\">\n<section class=\"wp-block-stradigi-gutenberg-fixed-spacer g-spacer g-spacer--size-grande g-spacer--size-large\"><\/section>\n<\/div>","protected":false},"excerpt":{"rendered":"","protected":false},"author":3,"featured_media":0,"parent":0,"menu_order":0,"comment_status":"closed","ping_status":"closed","template":"","meta":{"_acf_changed":false,"footnotes":""},"categories":[],"class_list":["post-4135","page","type-page","status-publish","hentry"],"acf":[],"yoast_head":"<!-- This site is optimized with the Yoast SEO Premium plugin v25.1 (Yoast SEO v26.3) - https:\/\/yoast.com\/wordpress\/plugins\/seo\/ -->\n<title>Voir nos questions fr\u00e9quemment pos\u00e9es - Hadley Group<\/title>\n<meta name=\"description\" content=\"Vous avez une question? Jetez un coup d&#039;\u0153il \u00e0 nos questions fr\u00e9quemment pos\u00e9es sur le profilage (entre autres). Vous y trouverez peut-\u00eatre une r\u00e9ponse\" \/>\n<meta name=\"robots\" content=\"index, follow, max-snippet:-1, max-image-preview:large, max-video-preview:-1\" \/>\n<link rel=\"canonical\" href=\"https:\/\/www.hadleygroup.com\/fr\/questions-frequemment-posees\/\" \/>\n<meta property=\"og:locale\" content=\"fr_FR\" \/>\n<meta property=\"og:type\" content=\"article\" \/>\n<meta property=\"og:title\" content=\"Questions fr\u00e9quemment pos\u00e9es\" \/>\n<meta property=\"og:description\" content=\"Vous avez une question? Jetez un coup d&#039;\u0153il \u00e0 nos questions fr\u00e9quemment pos\u00e9es sur le profilage (entre autres). Vous y trouverez peut-\u00eatre une r\u00e9ponse\" \/>\n<meta property=\"og:url\" content=\"https:\/\/www.hadleygroup.com\/fr\/questions-frequemment-posees\/\" \/>\n<meta property=\"og:site_name\" content=\"Hadley Group\" \/>\n<meta property=\"article:publisher\" content=\"https:\/\/www.facebook.com\/HadleyGroupGlobal\" \/>\n<meta property=\"article:modified_time\" content=\"2022-08-25T11:11:16+00:00\" \/>\n<meta property=\"og:image\" content=\"https:\/\/www.hadleygroup.com\/app\/uploads\/2023\/01\/Hadley-Group-logo.jpg\" \/>\n\t<meta property=\"og:image:width\" content=\"1280\" \/>\n\t<meta property=\"og:image:height\" content=\"300\" \/>\n\t<meta property=\"og:image:type\" content=\"image\/jpeg\" \/>\n<meta name=\"twitter:card\" content=\"summary_large_image\" \/>\n<meta name=\"twitter:site\" content=\"@hadley_group\" \/>\n<meta name=\"twitter:label1\" content=\"Est. reading time\" \/>\n\t<meta name=\"twitter:data1\" content=\"3 minutes\" \/>\n<script type=\"application\/ld+json\" class=\"yoast-schema-graph\">{\"@context\":\"https:\/\/schema.org\",\"@graph\":[{\"@type\":\"WebPage\",\"@id\":\"https:\/\/www.hadleygroup.com\/fr\/questions-frequemment-posees\/\",\"url\":\"https:\/\/www.hadleygroup.com\/fr\/questions-frequemment-posees\/\",\"name\":\"Voir nos questions fr\u00e9quemment pos\u00e9es - Hadley Group\",\"isPartOf\":{\"@id\":\"https:\/\/www.hadleygroup.com\/fr\/#website\"},\"datePublished\":\"2022-05-13T18:31:14+00:00\",\"dateModified\":\"2022-08-25T11:11:16+00:00\",\"description\":\"Vous avez une question? Jetez un coup d'\u0153il \u00e0 nos questions fr\u00e9quemment pos\u00e9es sur le profilage (entre autres). Vous y trouverez peut-\u00eatre une r\u00e9ponse\",\"breadcrumb\":{\"@id\":\"https:\/\/www.hadleygroup.com\/fr\/questions-frequemment-posees\/#breadcrumb\"},\"inLanguage\":\"fr-FR\",\"potentialAction\":[{\"@type\":\"ReadAction\",\"target\":[\"https:\/\/www.hadleygroup.com\/fr\/questions-frequemment-posees\/\"]}]},{\"@type\":\"BreadcrumbList\",\"@id\":\"https:\/\/www.hadleygroup.com\/fr\/questions-frequemment-posees\/#breadcrumb\",\"itemListElement\":[{\"@type\":\"ListItem\",\"position\":1,\"name\":\"Home\",\"item\":\"https:\/\/www.hadleygroup.com\/fr\/\"},{\"@type\":\"ListItem\",\"position\":2,\"name\":\"Questions fr\u00e9quemment pos\u00e9es\"}]},{\"@type\":\"WebSite\",\"@id\":\"https:\/\/www.hadleygroup.com\/fr\/#website\",\"url\":\"https:\/\/www.hadleygroup.com\/fr\/\",\"name\":\"Hadley Group\",\"description\":\"Shaping the Future in Metal\",\"publisher\":{\"@id\":\"https:\/\/www.hadleygroup.com\/fr\/#organization\"},\"potentialAction\":[{\"@type\":\"SearchAction\",\"target\":{\"@type\":\"EntryPoint\",\"urlTemplate\":\"https:\/\/www.hadleygroup.com\/fr\/?s={search_term_string}\"},\"query-input\":{\"@type\":\"PropertyValueSpecification\",\"valueRequired\":true,\"valueName\":\"search_term_string\"}}],\"inLanguage\":\"fr-FR\"},{\"@type\":\"Organization\",\"@id\":\"https:\/\/www.hadleygroup.com\/fr\/#organization\",\"name\":\"Hadley Group\",\"url\":\"https:\/\/www.hadleygroup.com\/fr\/\",\"logo\":{\"@type\":\"ImageObject\",\"inLanguage\":\"fr-FR\",\"@id\":\"https:\/\/www.hadleygroup.com\/fr\/#\/schema\/logo\/image\/\",\"url\":\"https:\/\/www.hadleygroup.com\/app\/uploads\/2023\/01\/Hadley-Group-logo.jpg\",\"contentUrl\":\"https:\/\/www.hadleygroup.com\/app\/uploads\/2023\/01\/Hadley-Group-logo.jpg\",\"width\":1280,\"height\":300,\"caption\":\"Hadley Group\"},\"image\":{\"@id\":\"https:\/\/www.hadleygroup.com\/fr\/#\/schema\/logo\/image\/\"},\"sameAs\":[\"https:\/\/www.facebook.com\/HadleyGroupGlobal\",\"https:\/\/x.com\/hadley_group\",\"https:\/\/www.youtube.com\/@HadleyGroupSmethwick\",\"https:\/\/www.linkedin.com\/company\/hadley-group-\/\"]}]}<\/script>\n<!-- \/ Yoast SEO Premium plugin. -->","yoast_head_json":{"title":"Voir nos questions fr\u00e9quemment pos\u00e9es - Hadley Group","description":"Vous avez une question? Jetez un coup d'\u0153il \u00e0 nos questions fr\u00e9quemment pos\u00e9es sur le profilage (entre autres). Vous y trouverez peut-\u00eatre une r\u00e9ponse","robots":{"index":"index","follow":"follow","max-snippet":"max-snippet:-1","max-image-preview":"max-image-preview:large","max-video-preview":"max-video-preview:-1"},"canonical":"https:\/\/www.hadleygroup.com\/fr\/questions-frequemment-posees\/","og_locale":"fr_FR","og_type":"article","og_title":"Questions fr\u00e9quemment pos\u00e9es","og_description":"Vous avez une question? Jetez un coup d'\u0153il \u00e0 nos questions fr\u00e9quemment pos\u00e9es sur le profilage (entre autres). Vous y trouverez peut-\u00eatre une r\u00e9ponse","og_url":"https:\/\/www.hadleygroup.com\/fr\/questions-frequemment-posees\/","og_site_name":"Hadley Group","article_publisher":"https:\/\/www.facebook.com\/HadleyGroupGlobal","article_modified_time":"2022-08-25T11:11:16+00:00","og_image":[{"width":1280,"height":300,"url":"https:\/\/www.hadleygroup.com\/app\/uploads\/2023\/01\/Hadley-Group-logo.jpg","type":"image\/jpeg"}],"twitter_card":"summary_large_image","twitter_site":"@hadley_group","twitter_misc":{"Est. reading time":"3 minutes"},"schema":{"@context":"https:\/\/schema.org","@graph":[{"@type":"WebPage","@id":"https:\/\/www.hadleygroup.com\/fr\/questions-frequemment-posees\/","url":"https:\/\/www.hadleygroup.com\/fr\/questions-frequemment-posees\/","name":"Voir nos questions fr\u00e9quemment pos\u00e9es - Hadley Group","isPartOf":{"@id":"https:\/\/www.hadleygroup.com\/fr\/#website"},"datePublished":"2022-05-13T18:31:14+00:00","dateModified":"2022-08-25T11:11:16+00:00","description":"Vous avez une question? Jetez un coup d'\u0153il \u00e0 nos questions fr\u00e9quemment pos\u00e9es sur le profilage (entre autres). Vous y trouverez peut-\u00eatre une r\u00e9ponse","breadcrumb":{"@id":"https:\/\/www.hadleygroup.com\/fr\/questions-frequemment-posees\/#breadcrumb"},"inLanguage":"fr-FR","potentialAction":[{"@type":"ReadAction","target":["https:\/\/www.hadleygroup.com\/fr\/questions-frequemment-posees\/"]}]},{"@type":"BreadcrumbList","@id":"https:\/\/www.hadleygroup.com\/fr\/questions-frequemment-posees\/#breadcrumb","itemListElement":[{"@type":"ListItem","position":1,"name":"Home","item":"https:\/\/www.hadleygroup.com\/fr\/"},{"@type":"ListItem","position":2,"name":"Questions fr\u00e9quemment pos\u00e9es"}]},{"@type":"WebSite","@id":"https:\/\/www.hadleygroup.com\/fr\/#website","url":"https:\/\/www.hadleygroup.com\/fr\/","name":"Hadley Group","description":"Shaping the Future in Metal","publisher":{"@id":"https:\/\/www.hadleygroup.com\/fr\/#organization"},"potentialAction":[{"@type":"SearchAction","target":{"@type":"EntryPoint","urlTemplate":"https:\/\/www.hadleygroup.com\/fr\/?s={search_term_string}"},"query-input":{"@type":"PropertyValueSpecification","valueRequired":true,"valueName":"search_term_string"}}],"inLanguage":"fr-FR"},{"@type":"Organization","@id":"https:\/\/www.hadleygroup.com\/fr\/#organization","name":"Hadley Group","url":"https:\/\/www.hadleygroup.com\/fr\/","logo":{"@type":"ImageObject","inLanguage":"fr-FR","@id":"https:\/\/www.hadleygroup.com\/fr\/#\/schema\/logo\/image\/","url":"https:\/\/www.hadleygroup.com\/app\/uploads\/2023\/01\/Hadley-Group-logo.jpg","contentUrl":"https:\/\/www.hadleygroup.com\/app\/uploads\/2023\/01\/Hadley-Group-logo.jpg","width":1280,"height":300,"caption":"Hadley Group"},"image":{"@id":"https:\/\/www.hadleygroup.com\/fr\/#\/schema\/logo\/image\/"},"sameAs":["https:\/\/www.facebook.com\/HadleyGroupGlobal","https:\/\/x.com\/hadley_group","https:\/\/www.youtube.com\/@HadleyGroupSmethwick","https:\/\/www.linkedin.com\/company\/hadley-group-\/"]}]}},"_links":{"self":[{"href":"https:\/\/www.hadleygroup.com\/fr\/wp-json\/wp\/v2\/pages\/4135","targetHints":{"allow":["GET"]}}],"collection":[{"href":"https:\/\/www.hadleygroup.com\/fr\/wp-json\/wp\/v2\/pages"}],"about":[{"href":"https:\/\/www.hadleygroup.com\/fr\/wp-json\/wp\/v2\/types\/page"}],"author":[{"embeddable":true,"href":"https:\/\/www.hadleygroup.com\/fr\/wp-json\/wp\/v2\/users\/3"}],"replies":[{"embeddable":true,"href":"https:\/\/www.hadleygroup.com\/fr\/wp-json\/wp\/v2\/comments?post=4135"}],"version-history":[{"count":5,"href":"https:\/\/www.hadleygroup.com\/fr\/wp-json\/wp\/v2\/pages\/4135\/revisions"}],"predecessor-version":[{"id":5803,"href":"https:\/\/www.hadleygroup.com\/fr\/wp-json\/wp\/v2\/pages\/4135\/revisions\/5803"}],"wp:attachment":[{"href":"https:\/\/www.hadleygroup.com\/fr\/wp-json\/wp\/v2\/media?parent=4135"}],"wp:term":[{"taxonomy":"category","embeddable":true,"href":"https:\/\/www.hadleygroup.com\/fr\/wp-json\/wp\/v2\/categories?post=4135"}],"curies":[{"name":"wp","href":"https:\/\/api.w.org\/{rel}","templated":true}]}}