{"id":1956,"date":"2022-04-02T13:48:04","date_gmt":"2022-04-02T13:48:04","guid":{"rendered":"https:\/\/www.hadleygroup.com\/secteur-du-detail-et-fulfilment\/"},"modified":"2025-09-08T11:44:36","modified_gmt":"2025-09-08T11:44:36","slug":"secteur-du-detail-et-fulfilment","status":"publish","type":"page","link":"https:\/\/www.hadleygroup.com\/fr\/profilage-sur-mesure\/secteur-du-detail-et-fulfilment\/","title":{"rendered":"Commerce de d\u00e9tail et traitement des commandes"},"content":{"rendered":"<background-video inline-template :autoplay=\"true\" video=\"\"> \n<section class=\"wp-block-stradigi-gutenberg-hero g-hero container-fluid p-0 g-hero--has-overlay\" style=\"background-image:url(&quot;https:\/\/www.hadleygroup.com\/app\/uploads\/2023\/08\/Automated-Warehouse-image.jpg&quot;)\" data-youtube-url=\"\"><div class=\"g-hero--filter\"><\/div><div class=\"g-hero__container container\"><div class=\"g-hero__wrap\"><h1 class=\"g-hero__heading\">Retail and Fulfilment<\/h1><div class=\"g-hero__body\"><div class=\"g-hero__body__text\"><p><br\/><\/p><\/div><div class=\"g-hero__body__buttons\"><a href=\"mailto:ask.customrollform\" class=\"c-button\">Contact Us<i class=\"fas fa-sm fa-chevron-right\"><\/i><\/a><\/div><\/div><\/div><\/div><\/section>\n <\/background-video><div class=\"JB-1 h-section-background\">\n<section class=\"wp-block-stradigi-gutenberg-fixed-spacer g-spacer g-spacer--size-medium\"><\/section>\n<\/div><section class=\"JB-1 h-section-background g-text\"><div class=\"container\"><div class=\"row\"><div class=\"col-lg-8\"><div class=\"g-text__title\">\n<h6 class=\"wp-block-heading\">Que vous d\u00e9veloppiez un centre d&#8217;ex\u00e9cution robotique de pointe ou un entrep\u00f4t de vente au d\u00e9tail de haute technologie, vous avez besoin d&#8217;une infrastructure solide et pr\u00e9cise.  <br\/><br\/>Hadley Custom Rollform a des ann\u00e9es d&#8217;exp\u00e9rience dans le formage \u00e0 froid de profil\u00e9s pour les fournisseurs mondiaux d&#8217;entrep\u00f4ts automatis\u00e9s.<\/h6>\n<\/div><\/div><\/div><\/div><\/section><div class=\"JB-1 h-section-background\">\n<section class=\"wp-block-stradigi-gutenberg-fixed-spacer g-spacer g-spacer--size-small\" id=\"specialist-knowledge\"><\/section>\n<\/div><div class=\"JB-1 h-section-background\">\n<section class=\"wp-block-stradigi-gutenberg-subtitle g-text g-text--text-aligns-left\"><div class=\"container\"><div class=\"row\"><div class=\"col-md-10 col-lg-8\"><div class=\"g-text__subtitle\">We have experience making profiles for types of automated warehousing systems:<\/div><\/div><\/div><\/div><\/section>\n<\/div><section class=\"JB-1 h-section-background g-text\"><div class=\"container\"><div class=\"row\"><div class=\"col-lg-8\"><div class=\"g-text__bodytext\">\n<ul class=\"wp-block-list\">\n<li>Syst\u00e8mes de stockage et de r\u00e9cup\u00e9ration automatis\u00e9s (AS\/RS) : Syst\u00e8me AS\/RS \u00e0 navette, syst\u00e8me AS\/RS \u00e0 palettes, \u00e0 unit\u00e9s, \u00e0 mini-grues de chargement, syst\u00e8me AS\/RS \u00e0 carrousel<\/li>\n\n\n\n<li>Syst\u00e8mes bas\u00e9s sur des grilles ou des cubes  <\/li>\n<\/ul>\n<\/div><\/div><\/div><\/div><\/section><section class=\"JB-1 h-section-background g-text\"><div class=\"container\"><div class=\"row\"><div class=\"col-lg-8\"><div class=\"g-text__bodytext\">\n<p class=\"has-medium-font-size\">ainsi que des applications d&#8217;entreposage non automatis\u00e9es :<\/p>\n<\/div><\/div><\/div><\/div><\/section><section class=\"JB-1 h-section-background g-text\"><div class=\"container\"><div class=\"row\"><div class=\"col-lg-8\"><div class=\"g-text__bodytext\">\n<ul class=\"wp-block-list\">\n<li>Syst\u00e8mes de bandes transporteuses, par exemple logistique a\u00e9roportuaire, distribution de colis.  <\/li>\n\n\n\n<li>Structures de rayonnage<\/li>\n\n\n\n<li>Structures d&#8217;entrep\u00f4t \u00e0 grande hauteur<\/li>\n\n\n\n<li>Renforcement des emballages<\/li>\n<\/ul>\n<\/div><\/div><\/div><\/div><\/section><div class=\"JB-1 h-section-background\">\n<section class=\"wp-block-stradigi-gutenberg-fixed-spacer g-spacer g-spacer--size-small\" id=\"collaboration\"><\/section>\n<\/div><div class=\"JB-1 h-section-background\">\n<section class=\"wp-block-stradigi-gutenberg-sidenote g-sidenote\"><div class=\"container\"><div class=\"g-sidenote__row row\"><div class=\"col-lg-5\"><div class=\"g-sidenote__content\"><section class=\"JB-1 h-section-background g-text\"><div class=\"container\"><div class=\"row\"><div class=\"col-lg-8\"><div class=\"g-text__bodytext\">\n<p>D\u00e8s le d\u00e9but, votre \u00e9quipe technique peut collaborer avec notre \u00e9quipe d&#8217;experts en profilage \u00e0 froid pour concevoir, mettre au point et d\u00e9velopper un profil\u00e9 complet. Le partenariat d&#8217;ing\u00e9nierie offre une valeur ajout\u00e9e en optimisant la forme du profil\u00e9 et en donnant des conseils sur les qualit\u00e9s de mati\u00e8res premi\u00e8res disponibles. Il est possible d&#8217;all\u00e9ger les profils en effectuant une analyse de l&#8217;assemblage \u00e0 l&#8217;aide d&#8217;un logiciel de simulation. Le formage \u00e0 froid est un processus progressif et continu de formage des m\u00e9taux, qui offre des niveaux \u00e9lev\u00e9s de pr\u00e9cision et d&#8217;exactitude et permet d&#8217;obtenir les tol\u00e9rances incroyablement serr\u00e9es n\u00e9cessaires au fonctionnement d&#8217;un syst\u00e8me de pr\u00e9l\u00e8vement robotis\u00e9 \u00e0 grande vitesse.   <\/p>\n<\/div><\/div><\/div><\/div><\/section>\n\n<section class=\"JB-1 h-section-background g-text\"><div class=\"container\"><div class=\"row\"><div class=\"col-lg-8\"><div class=\"g-text__bodytext\">\n<p>Par ailleurs, si vous disposez d&#8217;une conception finalis\u00e9e avec laquelle vous souhaitez que nous travaillions, nous sommes bien \u00e9quip\u00e9s pour fabriquer l&#8217;outillage et des pi\u00e8ces de haute qualit\u00e9 r\u00e9pondant aux exigences et aux tol\u00e9rances.<\/p>\n<\/div><\/div><\/div><\/div><\/section><\/div><\/div><article class=\"col-md-7 offset-xl-1 col-xl-6\"><div class=\"g-sidenote__sidenote\" style=\"background-image:url(&quot;https:\/\/www.hadleygroup.com\/app\/uploads\/2023\/08\/Retail-Fulfillment-Warehouse-Racking-1024x645.jpg&quot;)\"><h3 class=\"g-sidenote__sidenote-subtitle h-heading h-heading--size-undefined\">Think<br>with us<\/h3><div class=\"g-sidenote__sidenote-content\"><p>Chat to our team about your project today <\/p><\/div><a href=\"mailto:ask.customrollform@hadleygroup.com\" class=\"c-button g-sidenote__sidenote-cta\">Email the team<i class=\"fas fa-sm fa-chevron-right\"><\/i><\/a><\/div><\/article><\/div><\/div><\/section>\n<\/div><div class=\"JB-1 h-section-background\">\n<section class=\"wp-block-stradigi-gutenberg-fixed-spacer g-spacer g-spacer--size-small\"><\/section>\n<\/div>\n<section class=\"wp-block-stradigi-gutenberg-banner g-banner container-fluid p-0 jarallax g-banner--has-overlay g-banner--size-large\" style=\"background-image:url(&quot;https:\/\/www.hadleygroup.com\/app\/uploads\/2023\/08\/Retail-Fulfillment-Warehouse-Racking.jpg&quot;)\"><div class=\"g-banner__container container\"><div class=\"g-banner__wrap\"><h2 class=\"g-banner__heading h-heading h-heading--size-undefined\">Precision rollformed components for warehouses<\/h2><div class=\"g-banner__body\"><div class=\"g-banner__body__buttons\"><\/div><\/div><\/div><\/div><\/section>\n<div class=\"JB-1 h-section-background\">\n<section class=\"wp-block-stradigi-gutenberg-fixed-spacer g-spacer g-spacer--size-medium\"><\/section>\n<\/div><div class=\"JB-1 h-section-background\">\n<section class=\"wp-block-stradigi-gutenberg-subtitle g-text g-text--text-aligns-left\"><div class=\"container\"><div class=\"row\"><div class=\"col-md-10 col-lg-8\"><div class=\"g-text__subtitle\">These are just some of the parts that can be cold rollformed for the retail and fulfilment sector:<\/div><\/div><\/div><\/div><\/section>\n<\/div><section class=\"JB-1 h-section-background g-text\"><div class=\"container\"><div class=\"row\"><div class=\"col-lg-8\"><div class=\"g-text__bodytext\">\n<ul class=\"wp-block-list\">\n<li style=\"font-style:normal;font-weight:600\" class=\"has-medium-font-size\">Montants verticaux<\/li>\n\n\n\n<li style=\"font-style:normal;font-weight:600\" class=\"has-medium-font-size\">Poutres longitudinales<\/li>\n\n\n\n<li style=\"font-style:normal;font-weight:600\" class=\"has-medium-font-size\">Fermes diagonales<\/li>\n\n\n\n<li style=\"font-style:normal;font-weight:600\" class=\"has-medium-font-size\">Traverses<\/li>\n\n\n\n<li style=\"font-style:normal;font-weight:600\" class=\"has-medium-font-size\">Canal de l&#8217;entretoise<\/li>\n\n\n\n<li style=\"font-style:normal;font-weight:600\" class=\"has-medium-font-size\">Profils de soutien<\/li>\n\n\n\n<li style=\"font-style:normal;font-weight:600\" class=\"has-medium-font-size\">Rails de la navette<\/li>\n\n\n\n<li style=\"font-style:normal;font-weight:600\" class=\"has-medium-font-size\">Rails de guidage pour palettes \/ mini-charge<\/li>\n<\/ul>\n<\/div><\/div><\/div><\/div><\/section><section class=\"JB-1 h-section-background g-text\"><div class=\"container\"><div class=\"row\"><div class=\"col-lg-8\"><div class=\"g-text__title\">\n<h4 class=\"wp-block-heading\" id=\"global-partner\">En vous associant \u00e0 Hadley, vous pouvez vous assurer que vos composants m\u00e9talliques sont con\u00e7us et d\u00e9velopp\u00e9s sur mesure pour vos syst\u00e8mes automatis\u00e9s.<\/h4>\n<\/div><\/div><\/div><\/div><\/section><div class=\"JB-1 h-section-background\">\n<section class=\"wp-block-stradigi-gutenberg-fixed-spacer g-spacer g-spacer--size-small\"><\/section>\n<\/div><div class=\"JB-1 h-section-background\">\n<section class=\"wp-block-stradigi-gutenberg-text-image g-text-image\" id=\"tolerance\"><div class=\"container\"><div class=\"g-text-image__row row\"><div data-translate=\"true\" class=\"order-2 offset-xl-1 col-md-5\"><div class=\"g-text-image__content\"><section class=\"JB-1 h-section-background g-text\"><div class=\"container\"><div class=\"row\"><div class=\"col-lg-8\"><div class=\"g-text__bodytext\">\n<ul class=\"wp-block-list\">\n<li>Les fonctions de soudage, de pliage et de d\u00e9coupe en ligne vous permettent de disposer d&#8217;un syst\u00e8me \u00e9volutif comprenant des composants m\u00e9talliques structur\u00e9s sur mesure.  <\/li>\n\n\n\n<li>La tol\u00e9rance, la r\u00e9p\u00e9tabilit\u00e9 et la qualit\u00e9 de chaque pi\u00e8ce doivent \u00eatre exactes &#8211; les caract\u00e9ristiques des trous et des fentes sont contr\u00f4l\u00e9es en fonction de vos sp\u00e9cifications.  <\/li>\n\n\n\n<li>Le poin\u00e7onnage et le formage sont primordiaux pour l&#8217;int\u00e9grit\u00e9 de la structure sur laquelle votre robotique travaille &#8211; offrant pr\u00e9cision et stabilit\u00e9 pour le pr\u00e9l\u00e8vement \u00e0 grande vitesse des produits <\/li>\n\n\n\n<li>Sections de forme de rouleau cr\u00e9\u00e9es avec des trous d&#8217;emplacement et de r\u00e9f\u00e9rence pour un assemblage rentable plus loin sur la ligne<\/li>\n\n\n\n<li>Cr\u00e9er verticalement et horizontalement une structure qui maximise la hauteur et l&#8217;espace disponible.<\/li>\n\n\n\n<li>Le processus d&#8217;assemblage \u00e0 la source de la fabrication permet de r\u00e9aliser des \u00e9conomies consid\u00e9rables en termes de ressources et de temps.  <\/li>\n\n\n\n<li>Vous pouvez conserver des produits enti\u00e8rement assembl\u00e9s dans notre usine &#8211; livrer \u00e0 temps sur votre site pour une installation efficace, \u00e9liminant ainsi le d\u00e9fi de l&#8217;assemblage dans un espace confin\u00e9 ou minimal sur site <\/li>\n\n\n\n<li>Tous les articles sont livr\u00e9s dans un emballage s\u00e9curis\u00e9, permettant aux pi\u00e8ces de couler directement dans l&#8217;installation <\/li>\n<\/ul>\n<\/div><\/div><\/div><\/div><\/section><\/div><\/div><article data-translate=\"true\" class=\"order-1 col-md-7 col-xl-6\"><div class=\"g-text-image__sidenote g-backend-outline\"><span class=\"a-lines__white-line\"><\/span><span class=\"a-lines__red-line\"><\/span><img decoding=\"async\" class=\"g-text-image__image\" src=\"https:\/\/www.hadleygroup.com\/app\/uploads\/2023\/08\/AdobeStock_76339834-1.jpg\" alt=\"adobestock_76339834-2\"\/><\/div><\/article><\/div><\/div><\/section>\n<\/div><div class=\"JB-1 h-section-background\">\n<section class=\"wp-block-stradigi-gutenberg-subtitle g-text g-text--text-aligns-left\"><div class=\"container\"><div class=\"row\"><div class=\"col-md-10 col-lg-8\"><div class=\"g-text__subtitle\">Do you have questions? Not sure if your part can be manufactured in the cold roll form process? Ask our experts today<\/div><\/div><\/div><\/div><\/section>\n<\/div><div class=\"JB-1 h-section-background\">\n<section class=\"wp-block-stradigi-gutenberg-text-cta g-text\"><div class=\"container\"><div class=\"row\"><div class=\"col-lg-8\"><div class=\"g-text__bodytext\"><p><\/p><\/div><a href=\"https:\/\/www.hadleygroup.com\/fr\/contact\/\" class=\"c-button g-text__button\">Contact us<i class=\"fas fa-sm fa-chevron-right\"><\/i><\/a><\/div><\/div><\/div><\/section>\n<\/div><div class=\"JB-1 h-section-background\">\n<section class=\"wp-block-stradigi-gutenberg-fixed-spacer g-spacer g-spacer--size-large\"><\/section>\n<\/div>","protected":false},"excerpt":{"rendered":"<p>Que vous d\u00e9veloppiez un centre d&#8217;ex\u00e9cution robotique de pointe ou un entrep\u00f4t de vente au d\u00e9tail de haute technologie, vous\u2026 <a href=\"https:\/\/www.hadleygroup.com\/fr\/profilage-sur-mesure\/secteur-du-detail-et-fulfilment\/\">&#8230;<\/a><\/p>\n","protected":false},"author":3,"featured_media":8481,"parent":1813,"menu_order":0,"comment_status":"closed","ping_status":"closed","template":"","meta":{"_acf_changed":false,"footnotes":""},"categories":[],"class_list":["post-1956","page","type-page","status-publish","has-post-thumbnail","hentry"],"acf":[],"yoast_head":"<!-- This site is optimized with the Yoast SEO Premium plugin v25.1 (Yoast SEO v26.3) - https:\/\/yoast.com\/wordpress\/plugins\/seo\/ -->\n<title>Commerce de d\u00e9tail et traitement des commandes - Hadley Group<\/title>\n<meta name=\"description\" content=\"L&#039;acc\u00e9l\u00e9ration de la demande en mati\u00e8re de commerce \u00e9lectronique s&#039;accompagne de la n\u00e9cessit\u00e9 d&#039;augmenter le nombre de centres automatis\u00e9s d&#039;e-fulfilment. D\u00e9couvrez comment Hadley peut vous aider\" \/>\n<meta name=\"robots\" content=\"index, follow, max-snippet:-1, max-image-preview:large, max-video-preview:-1\" \/>\n<link rel=\"canonical\" href=\"https:\/\/www.hadleygroup.com\/fr\/profilage-sur-mesure\/secteur-du-detail-et-fulfilment\/\" \/>\n<meta property=\"og:locale\" content=\"fr_FR\" \/>\n<meta property=\"og:type\" content=\"article\" \/>\n<meta property=\"og:title\" content=\"Commerce de d\u00e9tail et traitement des commandes\" \/>\n<meta property=\"og:description\" content=\"L&#039;acc\u00e9l\u00e9ration de la demande en mati\u00e8re de commerce \u00e9lectronique s&#039;accompagne de la n\u00e9cessit\u00e9 d&#039;augmenter le nombre de centres automatis\u00e9s d&#039;e-fulfilment. D\u00e9couvrez comment Hadley peut vous aider\" \/>\n<meta property=\"og:url\" content=\"https:\/\/www.hadleygroup.com\/fr\/profilage-sur-mesure\/secteur-du-detail-et-fulfilment\/\" \/>\n<meta property=\"og:site_name\" content=\"Hadley Group\" \/>\n<meta property=\"article:publisher\" content=\"https:\/\/www.facebook.com\/HadleyGroupGlobal\" \/>\n<meta property=\"article:modified_time\" content=\"2025-09-08T11:44:36+00:00\" \/>\n<meta property=\"og:image\" content=\"https:\/\/www.hadleygroup.com\/app\/uploads\/2023\/08\/Automated-Warehouse-image.jpg\" \/>\n\t<meta property=\"og:image:width\" content=\"2000\" \/>\n\t<meta property=\"og:image:height\" content=\"1143\" \/>\n\t<meta property=\"og:image:type\" content=\"image\/jpeg\" \/>\n<meta name=\"twitter:card\" content=\"summary_large_image\" \/>\n<meta name=\"twitter:site\" content=\"@hadley_group\" \/>\n<meta name=\"twitter:label1\" content=\"Est. reading time\" \/>\n\t<meta name=\"twitter:data1\" content=\"3 minutes\" \/>\n<script type=\"application\/ld+json\" class=\"yoast-schema-graph\">{\"@context\":\"https:\/\/schema.org\",\"@graph\":[{\"@type\":\"WebPage\",\"@id\":\"https:\/\/www.hadleygroup.com\/fr\/profilage-sur-mesure\/secteur-du-detail-et-fulfilment\/\",\"url\":\"https:\/\/www.hadleygroup.com\/fr\/profilage-sur-mesure\/secteur-du-detail-et-fulfilment\/\",\"name\":\"Commerce de d\u00e9tail et traitement des commandes - Hadley Group\",\"isPartOf\":{\"@id\":\"https:\/\/www.hadleygroup.com\/fr\/#website\"},\"primaryImageOfPage\":{\"@id\":\"https:\/\/www.hadleygroup.com\/fr\/profilage-sur-mesure\/secteur-du-detail-et-fulfilment\/#primaryimage\"},\"image\":{\"@id\":\"https:\/\/www.hadleygroup.com\/fr\/profilage-sur-mesure\/secteur-du-detail-et-fulfilment\/#primaryimage\"},\"thumbnailUrl\":\"https:\/\/www.hadleygroup.com\/app\/uploads\/2023\/08\/Automated-Warehouse-image.jpg\",\"datePublished\":\"2022-04-02T13:48:04+00:00\",\"dateModified\":\"2025-09-08T11:44:36+00:00\",\"description\":\"L'acc\u00e9l\u00e9ration de la demande en mati\u00e8re de commerce \u00e9lectronique s'accompagne de la n\u00e9cessit\u00e9 d'augmenter le nombre de centres automatis\u00e9s d'e-fulfilment. D\u00e9couvrez comment Hadley peut vous aider\",\"breadcrumb\":{\"@id\":\"https:\/\/www.hadleygroup.com\/fr\/profilage-sur-mesure\/secteur-du-detail-et-fulfilment\/#breadcrumb\"},\"inLanguage\":\"fr-FR\",\"potentialAction\":[{\"@type\":\"ReadAction\",\"target\":[\"https:\/\/www.hadleygroup.com\/fr\/profilage-sur-mesure\/secteur-du-detail-et-fulfilment\/\"]}]},{\"@type\":\"ImageObject\",\"inLanguage\":\"fr-FR\",\"@id\":\"https:\/\/www.hadleygroup.com\/fr\/profilage-sur-mesure\/secteur-du-detail-et-fulfilment\/#primaryimage\",\"url\":\"https:\/\/www.hadleygroup.com\/app\/uploads\/2023\/08\/Automated-Warehouse-image.jpg\",\"contentUrl\":\"https:\/\/www.hadleygroup.com\/app\/uploads\/2023\/08\/Automated-Warehouse-image.jpg\",\"width\":2000,\"height\":1143,\"caption\":\"Automated-Warehouse-image\"},{\"@type\":\"BreadcrumbList\",\"@id\":\"https:\/\/www.hadleygroup.com\/fr\/profilage-sur-mesure\/secteur-du-detail-et-fulfilment\/#breadcrumb\",\"itemListElement\":[{\"@type\":\"ListItem\",\"position\":1,\"name\":\"Home\",\"item\":\"https:\/\/www.hadleygroup.com\/fr\/\"},{\"@type\":\"ListItem\",\"position\":2,\"name\":\"Profilage sur mesure\",\"item\":\"https:\/\/www.hadleygroup.com\/fr\/profilage-sur-mesure\/\"},{\"@type\":\"ListItem\",\"position\":3,\"name\":\"Commerce de d\u00e9tail et traitement des commandes\"}]},{\"@type\":\"WebSite\",\"@id\":\"https:\/\/www.hadleygroup.com\/fr\/#website\",\"url\":\"https:\/\/www.hadleygroup.com\/fr\/\",\"name\":\"Hadley Group\",\"description\":\"Shaping the Future in Metal\",\"publisher\":{\"@id\":\"https:\/\/www.hadleygroup.com\/fr\/#organization\"},\"potentialAction\":[{\"@type\":\"SearchAction\",\"target\":{\"@type\":\"EntryPoint\",\"urlTemplate\":\"https:\/\/www.hadleygroup.com\/fr\/?s={search_term_string}\"},\"query-input\":{\"@type\":\"PropertyValueSpecification\",\"valueRequired\":true,\"valueName\":\"search_term_string\"}}],\"inLanguage\":\"fr-FR\"},{\"@type\":\"Organization\",\"@id\":\"https:\/\/www.hadleygroup.com\/fr\/#organization\",\"name\":\"Hadley Group\",\"url\":\"https:\/\/www.hadleygroup.com\/fr\/\",\"logo\":{\"@type\":\"ImageObject\",\"inLanguage\":\"fr-FR\",\"@id\":\"https:\/\/www.hadleygroup.com\/fr\/#\/schema\/logo\/image\/\",\"url\":\"https:\/\/www.hadleygroup.com\/app\/uploads\/2023\/01\/Hadley-Group-logo.jpg\",\"contentUrl\":\"https:\/\/www.hadleygroup.com\/app\/uploads\/2023\/01\/Hadley-Group-logo.jpg\",\"width\":1280,\"height\":300,\"caption\":\"Hadley Group\"},\"image\":{\"@id\":\"https:\/\/www.hadleygroup.com\/fr\/#\/schema\/logo\/image\/\"},\"sameAs\":[\"https:\/\/www.facebook.com\/HadleyGroupGlobal\",\"https:\/\/x.com\/hadley_group\",\"https:\/\/www.youtube.com\/@HadleyGroupSmethwick\",\"https:\/\/www.linkedin.com\/company\/hadley-group-\/\"]}]}<\/script>\n<!-- \/ Yoast SEO Premium plugin. -->","yoast_head_json":{"title":"Commerce de d\u00e9tail et traitement des commandes - Hadley Group","description":"L'acc\u00e9l\u00e9ration de la demande en mati\u00e8re de commerce \u00e9lectronique s'accompagne de la n\u00e9cessit\u00e9 d'augmenter le nombre de centres automatis\u00e9s d'e-fulfilment. D\u00e9couvrez comment Hadley peut vous aider","robots":{"index":"index","follow":"follow","max-snippet":"max-snippet:-1","max-image-preview":"max-image-preview:large","max-video-preview":"max-video-preview:-1"},"canonical":"https:\/\/www.hadleygroup.com\/fr\/profilage-sur-mesure\/secteur-du-detail-et-fulfilment\/","og_locale":"fr_FR","og_type":"article","og_title":"Commerce de d\u00e9tail et traitement des commandes","og_description":"L'acc\u00e9l\u00e9ration de la demande en mati\u00e8re de commerce \u00e9lectronique s'accompagne de la n\u00e9cessit\u00e9 d'augmenter le nombre de centres automatis\u00e9s d'e-fulfilment. D\u00e9couvrez comment Hadley peut vous aider","og_url":"https:\/\/www.hadleygroup.com\/fr\/profilage-sur-mesure\/secteur-du-detail-et-fulfilment\/","og_site_name":"Hadley Group","article_publisher":"https:\/\/www.facebook.com\/HadleyGroupGlobal","article_modified_time":"2025-09-08T11:44:36+00:00","og_image":[{"width":2000,"height":1143,"url":"https:\/\/www.hadleygroup.com\/app\/uploads\/2023\/08\/Automated-Warehouse-image.jpg","type":"image\/jpeg"}],"twitter_card":"summary_large_image","twitter_site":"@hadley_group","twitter_misc":{"Est. reading time":"3 minutes"},"schema":{"@context":"https:\/\/schema.org","@graph":[{"@type":"WebPage","@id":"https:\/\/www.hadleygroup.com\/fr\/profilage-sur-mesure\/secteur-du-detail-et-fulfilment\/","url":"https:\/\/www.hadleygroup.com\/fr\/profilage-sur-mesure\/secteur-du-detail-et-fulfilment\/","name":"Commerce de d\u00e9tail et traitement des commandes - Hadley Group","isPartOf":{"@id":"https:\/\/www.hadleygroup.com\/fr\/#website"},"primaryImageOfPage":{"@id":"https:\/\/www.hadleygroup.com\/fr\/profilage-sur-mesure\/secteur-du-detail-et-fulfilment\/#primaryimage"},"image":{"@id":"https:\/\/www.hadleygroup.com\/fr\/profilage-sur-mesure\/secteur-du-detail-et-fulfilment\/#primaryimage"},"thumbnailUrl":"https:\/\/www.hadleygroup.com\/app\/uploads\/2023\/08\/Automated-Warehouse-image.jpg","datePublished":"2022-04-02T13:48:04+00:00","dateModified":"2025-09-08T11:44:36+00:00","description":"L'acc\u00e9l\u00e9ration de la demande en mati\u00e8re de commerce \u00e9lectronique s'accompagne de la n\u00e9cessit\u00e9 d'augmenter le nombre de centres automatis\u00e9s d'e-fulfilment. D\u00e9couvrez comment Hadley peut vous aider","breadcrumb":{"@id":"https:\/\/www.hadleygroup.com\/fr\/profilage-sur-mesure\/secteur-du-detail-et-fulfilment\/#breadcrumb"},"inLanguage":"fr-FR","potentialAction":[{"@type":"ReadAction","target":["https:\/\/www.hadleygroup.com\/fr\/profilage-sur-mesure\/secteur-du-detail-et-fulfilment\/"]}]},{"@type":"ImageObject","inLanguage":"fr-FR","@id":"https:\/\/www.hadleygroup.com\/fr\/profilage-sur-mesure\/secteur-du-detail-et-fulfilment\/#primaryimage","url":"https:\/\/www.hadleygroup.com\/app\/uploads\/2023\/08\/Automated-Warehouse-image.jpg","contentUrl":"https:\/\/www.hadleygroup.com\/app\/uploads\/2023\/08\/Automated-Warehouse-image.jpg","width":2000,"height":1143,"caption":"Automated-Warehouse-image"},{"@type":"BreadcrumbList","@id":"https:\/\/www.hadleygroup.com\/fr\/profilage-sur-mesure\/secteur-du-detail-et-fulfilment\/#breadcrumb","itemListElement":[{"@type":"ListItem","position":1,"name":"Home","item":"https:\/\/www.hadleygroup.com\/fr\/"},{"@type":"ListItem","position":2,"name":"Profilage sur mesure","item":"https:\/\/www.hadleygroup.com\/fr\/profilage-sur-mesure\/"},{"@type":"ListItem","position":3,"name":"Commerce de d\u00e9tail et traitement des commandes"}]},{"@type":"WebSite","@id":"https:\/\/www.hadleygroup.com\/fr\/#website","url":"https:\/\/www.hadleygroup.com\/fr\/","name":"Hadley Group","description":"Shaping the Future in Metal","publisher":{"@id":"https:\/\/www.hadleygroup.com\/fr\/#organization"},"potentialAction":[{"@type":"SearchAction","target":{"@type":"EntryPoint","urlTemplate":"https:\/\/www.hadleygroup.com\/fr\/?s={search_term_string}"},"query-input":{"@type":"PropertyValueSpecification","valueRequired":true,"valueName":"search_term_string"}}],"inLanguage":"fr-FR"},{"@type":"Organization","@id":"https:\/\/www.hadleygroup.com\/fr\/#organization","name":"Hadley Group","url":"https:\/\/www.hadleygroup.com\/fr\/","logo":{"@type":"ImageObject","inLanguage":"fr-FR","@id":"https:\/\/www.hadleygroup.com\/fr\/#\/schema\/logo\/image\/","url":"https:\/\/www.hadleygroup.com\/app\/uploads\/2023\/01\/Hadley-Group-logo.jpg","contentUrl":"https:\/\/www.hadleygroup.com\/app\/uploads\/2023\/01\/Hadley-Group-logo.jpg","width":1280,"height":300,"caption":"Hadley Group"},"image":{"@id":"https:\/\/www.hadleygroup.com\/fr\/#\/schema\/logo\/image\/"},"sameAs":["https:\/\/www.facebook.com\/HadleyGroupGlobal","https:\/\/x.com\/hadley_group","https:\/\/www.youtube.com\/@HadleyGroupSmethwick","https:\/\/www.linkedin.com\/company\/hadley-group-\/"]}]}},"_links":{"self":[{"href":"https:\/\/www.hadleygroup.com\/fr\/wp-json\/wp\/v2\/pages\/1956","targetHints":{"allow":["GET"]}}],"collection":[{"href":"https:\/\/www.hadleygroup.com\/fr\/wp-json\/wp\/v2\/pages"}],"about":[{"href":"https:\/\/www.hadleygroup.com\/fr\/wp-json\/wp\/v2\/types\/page"}],"author":[{"embeddable":true,"href":"https:\/\/www.hadleygroup.com\/fr\/wp-json\/wp\/v2\/users\/3"}],"replies":[{"embeddable":true,"href":"https:\/\/www.hadleygroup.com\/fr\/wp-json\/wp\/v2\/comments?post=1956"}],"version-history":[{"count":7,"href":"https:\/\/www.hadleygroup.com\/fr\/wp-json\/wp\/v2\/pages\/1956\/revisions"}],"predecessor-version":[{"id":16235,"href":"https:\/\/www.hadleygroup.com\/fr\/wp-json\/wp\/v2\/pages\/1956\/revisions\/16235"}],"up":[{"embeddable":true,"href":"https:\/\/www.hadleygroup.com\/fr\/wp-json\/wp\/v2\/pages\/1813"}],"wp:featuredmedia":[{"embeddable":true,"href":"https:\/\/www.hadleygroup.com\/fr\/wp-json\/wp\/v2\/media\/8481"}],"wp:attachment":[{"href":"https:\/\/www.hadleygroup.com\/fr\/wp-json\/wp\/v2\/media?parent=1956"}],"wp:term":[{"taxonomy":"category","embeddable":true,"href":"https:\/\/www.hadleygroup.com\/fr\/wp-json\/wp\/v2\/categories?post=1956"}],"curies":[{"name":"wp","href":"https:\/\/api.w.org\/{rel}","templated":true}]}}