{"id":1926,"date":"2022-04-02T12:28:37","date_gmt":"2022-04-02T12:28:37","guid":{"rendered":"https:\/\/www.hadleygroup.com\/normes-de-qualite-automobile\/"},"modified":"2022-12-22T14:15:25","modified_gmt":"2022-12-22T14:15:25","slug":"normes-de-qualite-automobile","status":"publish","type":"page","link":"https:\/\/www.hadleygroup.com\/fr\/profilage-sur-mesure\/ingenierie\/normes-de-qualite-automobile\/","title":{"rendered":"Normes de qualit\u00e9 automobile"},"content":{"rendered":"<background-video inline-template :autoplay=\"true\" video=\"\"> \n<section class=\"wp-block-stradigi-gutenberg-hero g-hero container-fluid p-0 g-hero--has-overlay\" style=\"background-image:url(&quot;https:\/\/www.hadleygroup.com\/app\/uploads\/2022\/04\/DSC_0841.b.jpg&quot;)\" data-youtube-url=\"\"><div class=\"g-hero--filter\"><\/div><div class=\"g-hero__container container\"><div class=\"g-hero__wrap\"><h1 class=\"g-hero__heading\">Normes de qualit\u00e9 automobile<\/h1><div class=\"g-hero__body\"><div class=\"g-hero__body__text\"><p>Votre \u00e9quipe de projet s&#8217;appuie sur l&#8217;excellence technique de Hadley Group Technology, une installation de classe mondiale ax\u00e9e sur l&#8217;am\u00e9lioration continue de la technologie de formage \u00e0 froid et dans les nombreux autres domaines d&#8217;ing\u00e9nierie dans lesquels nous op\u00e9rons. <\/p><\/div><div class=\"g-hero__body__buttons\"><\/div><\/div><\/div><div class=\"g-hero__chevron__container d-none d-lg-block\"><i class=\"fas fa-chevron-down fa-3x scrollDown\"><\/i><\/div><\/div><\/section>\n <\/background-video>\n\n<div class=\"JB-1 h-section-background\">\n<section class=\"wp-block-stradigi-gutenberg-fixed-spacer g-spacer g-spacer--size-moyen g-spacer--size-medium\"><\/section>\n<\/div>\n\n<section class=\"JB-1 h-section-background g-text\"><div class=\"container\"><div class=\"row\"><div class=\"col-lg-8\"><div class=\"g-text__bodytext\">\n<p>Votre projet sera entre les mains d&#8217;une \u00e9quipe technique hautement exp\u00e9riment\u00e9e sp\u00e9cialis\u00e9e dans le laminage \u00e0 froid. Hadley inculque une culture d&#8217;examen continu et de contr\u00f4le des processus &#8211; minimisant toute marge d&#8217;erreur ou de variation et maximisant la r\u00e9duction des d\u00e9chets, et inclut les m\u00e9thodes suivantes&nbsp;: <\/p>\n<\/div><\/div><\/div><\/div><\/section>\n\n<div class=\"JB-1 h-section-background\">\n<section class=\"wp-block-stradigi-gutenberg-fixed-spacer g-spacer g-spacer--size-petit g-spacer--size-small\"><\/section>\n<\/div>\n\n<section class=\"JB-1 h-section-background g-text\"><div class=\"container\"><div class=\"row\"><div class=\"col-lg-8\"><div class=\"g-text__title\">\n<h2 class=\"wp-block-heading\">Introduction de nouveaux produits (NPI) <\/h2>\n<\/div><\/div><\/div><\/div><\/section>\n\n<section class=\"JB-1 h-section-background g-text\"><div class=\"container\"><div class=\"row\"><div class=\"col-lg-8\"><div class=\"g-text__bodytext\">\n<p>Introduction de nouveaux produits (New Product Introduction; NPI) est le processus qui transforme une id\u00e9e d&#8217;un prototype de travail initial en un produit final parfaitement raffin\u00e9 et reproductible. \u00c9tant donn\u00e9 que NPI n\u00e9cessite un investissement substantiel en temps et en ressources, une planification minutieuse entre chaque \u00e9tape pour s&#8217;assurer que le r\u00e9sultat en vaudra la peine. <\/p>\n<\/div><\/div><\/div><\/div><\/section>\n\n<div class=\"JB-1 h-section-background\">\n<section class=\"wp-block-stradigi-gutenberg-fixed-spacer g-spacer g-spacer--size-petit g-spacer--size-small\"><\/section>\n<\/div>\n\n<section class=\"JB-1 h-section-background g-text\"><div class=\"container\"><div class=\"row\"><div class=\"col-lg-8\"><div class=\"g-text__title\">\n<h2 class=\"wp-block-heading\">Planification avanc\u00e9e de la qualit\u00e9 des produits (APQP) <\/h2>\n<\/div><\/div><\/div><\/div><\/section>\n\n<section class=\"JB-1 h-section-background g-text\"><div class=\"container\"><div class=\"row\"><div class=\"col-lg-8\"><div class=\"g-text__bodytext\">\n<p>Planification avanc\u00e9e de la qualit\u00e9 des produits (Advanced Product&nbsp;Quality Planning; APQP) est un processus structur\u00e9 visant \u00e0 assurer la satisfaction des clients avec de nouveaux produits ou processus. APQP est utilis\u00e9 pour amener de nouveaux produits et processus \u00e0 une validation r\u00e9ussie et conduire une am\u00e9lioration continue. Il existe de nombreux outils et techniques d\u00e9crits dans APQP. <\/p>\n<\/div><\/div><\/div><\/div><\/section>\n\n<div class=\"JB-1 h-section-background\">\n<section class=\"wp-block-stradigi-gutenberg-fixed-spacer g-spacer g-spacer--size-petit g-spacer--size-small\"><\/section>\n<\/div>\n\n<section class=\"JB-1 h-section-background g-text\"><div class=\"container\"><div class=\"row\"><div class=\"col-lg-8\"><div class=\"g-text__title\">\n<h2 class=\"wp-block-heading\">Processus d&#8217;approbation des pi\u00e8ces de production (PPAP) <\/h2>\n<\/div><\/div><\/div><\/div><\/section>\n\n<section class=\"JB-1 h-section-background g-text\"><div class=\"container\"><div class=\"row\"><div class=\"col-lg-8\"><div class=\"g-text__bodytext\">\n<p>Le Processus d&#8217;approbation des pi\u00e8ces de production (Production part approval process; PPAP) est une proc\u00e9dure cl\u00e9 pour garantir que les pi\u00e8ces fabriqu\u00e9es par les fournisseurs sont cr\u00e9\u00e9es de mani\u00e8re coh\u00e9rente. Il s&#8217;agit d&#8217;un processus complet compos\u00e9 de 18 \u00e9tapes qui garantit que chaque pi\u00e8ce r\u00e9pond aux attentes et est produite \u00e0 chaque fois avec une qualit\u00e9 \u00e9lev\u00e9e. <\/p>\n<\/div><\/div><\/div><\/div><\/section>\n\n<div class=\"JB-1 h-section-background\">\n<section class=\"wp-block-stradigi-gutenberg-fixed-spacer g-spacer g-spacer--size-petit g-spacer--size-small\"><\/section>\n<\/div>\n\n<div class=\"JB-1 h-section-background\">\n<section class=\"wp-block-stradigi-gutenberg-text-cta g-text\"><div class=\"container\"><div class=\"row\"><div class=\"col-lg-8\"><div class=\"g-text__bodytext\"><p>Avec un approvisionnement continu des principaux constructeurs automobiles du monde entier, vous pouvez faire confiance \u00e0 l&#8217;assurance qualit\u00e9 et \u00e0 la gestion des processus de notre site de production. En savoir plus sur notre production automobile<\/p><\/div><a href=\"\/\" class=\"c-button g-text__button\">Production automobile<i class=\"fas fa-sm fa-chevron-right\"><\/i><\/a><\/div><\/div><\/div><\/section>\n<\/div>\n\n<div class=\"JB-1 h-section-background\">\n<section class=\"wp-block-stradigi-gutenberg-fixed-spacer g-spacer g-spacer--size-moyen g-spacer--size-medium\"><\/section>\n<\/div>","protected":false},"excerpt":{"rendered":"<p>Votre projet sera entre les mains d&#8217;une \u00e9quipe technique hautement exp\u00e9riment\u00e9e sp\u00e9cialis\u00e9e dans le laminage \u00e0 froid. Hadley inculque une\u2026 <a href=\"https:\/\/www.hadleygroup.com\/fr\/profilage-sur-mesure\/ingenierie\/normes-de-qualite-automobile\/\">&#8230;<\/a><\/p>\n","protected":false},"author":3,"featured_media":0,"parent":2087,"menu_order":0,"comment_status":"closed","ping_status":"closed","template":"","meta":{"_acf_changed":false,"footnotes":""},"categories":[],"class_list":["post-1926","page","type-page","status-publish","hentry"],"acf":[],"yoast_head":"<!-- This site is optimized with the Yoast SEO Premium plugin v25.1 (Yoast SEO v26.3) - https:\/\/yoast.com\/wordpress\/plugins\/seo\/ -->\n<title>Normes de qualit\u00e9 automobile - Hadley Group<\/title>\n<meta name=\"description\" content=\"Votre projet est entre les mains d&#039;une \u00e9quipe technique exp\u00e9riment\u00e9e, sp\u00e9cialis\u00e9e dans le laminage \u00e0 froid pour le secteur automobile. Contactez-nous.\" \/>\n<meta name=\"robots\" content=\"index, follow, max-snippet:-1, max-image-preview:large, max-video-preview:-1\" \/>\n<link rel=\"canonical\" href=\"https:\/\/www.hadleygroup.com\/fr\/profilage-sur-mesure\/ingenierie\/normes-de-qualite-automobile\/\" \/>\n<meta property=\"og:locale\" content=\"fr_FR\" \/>\n<meta property=\"og:type\" content=\"article\" \/>\n<meta property=\"og:title\" content=\"Normes de qualit\u00e9 automobile\" \/>\n<meta property=\"og:description\" content=\"Votre projet est entre les mains d&#039;une \u00e9quipe technique exp\u00e9riment\u00e9e, sp\u00e9cialis\u00e9e dans le laminage \u00e0 froid pour le secteur automobile. Contactez-nous.\" \/>\n<meta property=\"og:url\" content=\"https:\/\/www.hadleygroup.com\/fr\/profilage-sur-mesure\/ingenierie\/normes-de-qualite-automobile\/\" \/>\n<meta property=\"og:site_name\" content=\"Hadley Group\" \/>\n<meta property=\"article:publisher\" content=\"https:\/\/www.facebook.com\/HadleyGroupGlobal\" \/>\n<meta property=\"article:modified_time\" content=\"2022-12-22T14:15:25+00:00\" \/>\n<meta property=\"og:image\" content=\"https:\/\/www.hadleygroup.com\/app\/uploads\/2023\/01\/Hadley-Group-logo.jpg\" \/>\n\t<meta property=\"og:image:width\" content=\"1280\" \/>\n\t<meta property=\"og:image:height\" content=\"300\" \/>\n\t<meta property=\"og:image:type\" content=\"image\/jpeg\" \/>\n<meta name=\"twitter:card\" content=\"summary_large_image\" \/>\n<meta name=\"twitter:site\" content=\"@hadley_group\" \/>\n<meta name=\"twitter:label1\" content=\"Est. reading time\" \/>\n\t<meta name=\"twitter:data1\" content=\"2 minutes\" \/>\n<script type=\"application\/ld+json\" class=\"yoast-schema-graph\">{\"@context\":\"https:\/\/schema.org\",\"@graph\":[{\"@type\":\"WebPage\",\"@id\":\"https:\/\/www.hadleygroup.com\/fr\/profilage-sur-mesure\/ingenierie\/normes-de-qualite-automobile\/\",\"url\":\"https:\/\/www.hadleygroup.com\/fr\/profilage-sur-mesure\/ingenierie\/normes-de-qualite-automobile\/\",\"name\":\"Normes de qualit\u00e9 automobile - Hadley Group\",\"isPartOf\":{\"@id\":\"https:\/\/www.hadleygroup.com\/fr\/#website\"},\"datePublished\":\"2022-04-02T12:28:37+00:00\",\"dateModified\":\"2022-12-22T14:15:25+00:00\",\"description\":\"Votre projet est entre les mains d'une \u00e9quipe technique exp\u00e9riment\u00e9e, sp\u00e9cialis\u00e9e dans le laminage \u00e0 froid pour le secteur automobile. Contactez-nous.\",\"breadcrumb\":{\"@id\":\"https:\/\/www.hadleygroup.com\/fr\/profilage-sur-mesure\/ingenierie\/normes-de-qualite-automobile\/#breadcrumb\"},\"inLanguage\":\"fr-FR\",\"potentialAction\":[{\"@type\":\"ReadAction\",\"target\":[\"https:\/\/www.hadleygroup.com\/fr\/profilage-sur-mesure\/ingenierie\/normes-de-qualite-automobile\/\"]}]},{\"@type\":\"BreadcrumbList\",\"@id\":\"https:\/\/www.hadleygroup.com\/fr\/profilage-sur-mesure\/ingenierie\/normes-de-qualite-automobile\/#breadcrumb\",\"itemListElement\":[{\"@type\":\"ListItem\",\"position\":1,\"name\":\"Home\",\"item\":\"https:\/\/www.hadleygroup.com\/fr\/\"},{\"@type\":\"ListItem\",\"position\":2,\"name\":\"Profilage sur mesure\",\"item\":\"https:\/\/www.hadleygroup.com\/fr\/profilage-sur-mesure\/\"},{\"@type\":\"ListItem\",\"position\":3,\"name\":\"ING\u00c9NIERIE\",\"item\":\"https:\/\/www.hadleygroup.com\/fr\/profilage-sur-mesure\/ingenierie\/\"},{\"@type\":\"ListItem\",\"position\":4,\"name\":\"Normes de qualit\u00e9 automobile\"}]},{\"@type\":\"WebSite\",\"@id\":\"https:\/\/www.hadleygroup.com\/fr\/#website\",\"url\":\"https:\/\/www.hadleygroup.com\/fr\/\",\"name\":\"Hadley Group\",\"description\":\"Shaping the Future in Metal\",\"publisher\":{\"@id\":\"https:\/\/www.hadleygroup.com\/fr\/#organization\"},\"potentialAction\":[{\"@type\":\"SearchAction\",\"target\":{\"@type\":\"EntryPoint\",\"urlTemplate\":\"https:\/\/www.hadleygroup.com\/fr\/?s={search_term_string}\"},\"query-input\":{\"@type\":\"PropertyValueSpecification\",\"valueRequired\":true,\"valueName\":\"search_term_string\"}}],\"inLanguage\":\"fr-FR\"},{\"@type\":\"Organization\",\"@id\":\"https:\/\/www.hadleygroup.com\/fr\/#organization\",\"name\":\"Hadley Group\",\"url\":\"https:\/\/www.hadleygroup.com\/fr\/\",\"logo\":{\"@type\":\"ImageObject\",\"inLanguage\":\"fr-FR\",\"@id\":\"https:\/\/www.hadleygroup.com\/fr\/#\/schema\/logo\/image\/\",\"url\":\"https:\/\/www.hadleygroup.com\/app\/uploads\/2023\/01\/Hadley-Group-logo.jpg\",\"contentUrl\":\"https:\/\/www.hadleygroup.com\/app\/uploads\/2023\/01\/Hadley-Group-logo.jpg\",\"width\":1280,\"height\":300,\"caption\":\"Hadley Group\"},\"image\":{\"@id\":\"https:\/\/www.hadleygroup.com\/fr\/#\/schema\/logo\/image\/\"},\"sameAs\":[\"https:\/\/www.facebook.com\/HadleyGroupGlobal\",\"https:\/\/x.com\/hadley_group\",\"https:\/\/www.youtube.com\/@HadleyGroupSmethwick\",\"https:\/\/www.linkedin.com\/company\/hadley-group-\/\"]}]}<\/script>\n<!-- \/ Yoast SEO Premium plugin. -->","yoast_head_json":{"title":"Normes de qualit\u00e9 automobile - Hadley Group","description":"Votre projet est entre les mains d'une \u00e9quipe technique exp\u00e9riment\u00e9e, sp\u00e9cialis\u00e9e dans le laminage \u00e0 froid pour le secteur automobile. Contactez-nous.","robots":{"index":"index","follow":"follow","max-snippet":"max-snippet:-1","max-image-preview":"max-image-preview:large","max-video-preview":"max-video-preview:-1"},"canonical":"https:\/\/www.hadleygroup.com\/fr\/profilage-sur-mesure\/ingenierie\/normes-de-qualite-automobile\/","og_locale":"fr_FR","og_type":"article","og_title":"Normes de qualit\u00e9 automobile","og_description":"Votre projet est entre les mains d'une \u00e9quipe technique exp\u00e9riment\u00e9e, sp\u00e9cialis\u00e9e dans le laminage \u00e0 froid pour le secteur automobile. Contactez-nous.","og_url":"https:\/\/www.hadleygroup.com\/fr\/profilage-sur-mesure\/ingenierie\/normes-de-qualite-automobile\/","og_site_name":"Hadley Group","article_publisher":"https:\/\/www.facebook.com\/HadleyGroupGlobal","article_modified_time":"2022-12-22T14:15:25+00:00","og_image":[{"width":1280,"height":300,"url":"https:\/\/www.hadleygroup.com\/app\/uploads\/2023\/01\/Hadley-Group-logo.jpg","type":"image\/jpeg"}],"twitter_card":"summary_large_image","twitter_site":"@hadley_group","twitter_misc":{"Est. reading time":"2 minutes"},"schema":{"@context":"https:\/\/schema.org","@graph":[{"@type":"WebPage","@id":"https:\/\/www.hadleygroup.com\/fr\/profilage-sur-mesure\/ingenierie\/normes-de-qualite-automobile\/","url":"https:\/\/www.hadleygroup.com\/fr\/profilage-sur-mesure\/ingenierie\/normes-de-qualite-automobile\/","name":"Normes de qualit\u00e9 automobile - Hadley Group","isPartOf":{"@id":"https:\/\/www.hadleygroup.com\/fr\/#website"},"datePublished":"2022-04-02T12:28:37+00:00","dateModified":"2022-12-22T14:15:25+00:00","description":"Votre projet est entre les mains d'une \u00e9quipe technique exp\u00e9riment\u00e9e, sp\u00e9cialis\u00e9e dans le laminage \u00e0 froid pour le secteur automobile. Contactez-nous.","breadcrumb":{"@id":"https:\/\/www.hadleygroup.com\/fr\/profilage-sur-mesure\/ingenierie\/normes-de-qualite-automobile\/#breadcrumb"},"inLanguage":"fr-FR","potentialAction":[{"@type":"ReadAction","target":["https:\/\/www.hadleygroup.com\/fr\/profilage-sur-mesure\/ingenierie\/normes-de-qualite-automobile\/"]}]},{"@type":"BreadcrumbList","@id":"https:\/\/www.hadleygroup.com\/fr\/profilage-sur-mesure\/ingenierie\/normes-de-qualite-automobile\/#breadcrumb","itemListElement":[{"@type":"ListItem","position":1,"name":"Home","item":"https:\/\/www.hadleygroup.com\/fr\/"},{"@type":"ListItem","position":2,"name":"Profilage sur mesure","item":"https:\/\/www.hadleygroup.com\/fr\/profilage-sur-mesure\/"},{"@type":"ListItem","position":3,"name":"ING\u00c9NIERIE","item":"https:\/\/www.hadleygroup.com\/fr\/profilage-sur-mesure\/ingenierie\/"},{"@type":"ListItem","position":4,"name":"Normes de qualit\u00e9 automobile"}]},{"@type":"WebSite","@id":"https:\/\/www.hadleygroup.com\/fr\/#website","url":"https:\/\/www.hadleygroup.com\/fr\/","name":"Hadley Group","description":"Shaping the Future in Metal","publisher":{"@id":"https:\/\/www.hadleygroup.com\/fr\/#organization"},"potentialAction":[{"@type":"SearchAction","target":{"@type":"EntryPoint","urlTemplate":"https:\/\/www.hadleygroup.com\/fr\/?s={search_term_string}"},"query-input":{"@type":"PropertyValueSpecification","valueRequired":true,"valueName":"search_term_string"}}],"inLanguage":"fr-FR"},{"@type":"Organization","@id":"https:\/\/www.hadleygroup.com\/fr\/#organization","name":"Hadley Group","url":"https:\/\/www.hadleygroup.com\/fr\/","logo":{"@type":"ImageObject","inLanguage":"fr-FR","@id":"https:\/\/www.hadleygroup.com\/fr\/#\/schema\/logo\/image\/","url":"https:\/\/www.hadleygroup.com\/app\/uploads\/2023\/01\/Hadley-Group-logo.jpg","contentUrl":"https:\/\/www.hadleygroup.com\/app\/uploads\/2023\/01\/Hadley-Group-logo.jpg","width":1280,"height":300,"caption":"Hadley Group"},"image":{"@id":"https:\/\/www.hadleygroup.com\/fr\/#\/schema\/logo\/image\/"},"sameAs":["https:\/\/www.facebook.com\/HadleyGroupGlobal","https:\/\/x.com\/hadley_group","https:\/\/www.youtube.com\/@HadleyGroupSmethwick","https:\/\/www.linkedin.com\/company\/hadley-group-\/"]}]}},"_links":{"self":[{"href":"https:\/\/www.hadleygroup.com\/fr\/wp-json\/wp\/v2\/pages\/1926","targetHints":{"allow":["GET"]}}],"collection":[{"href":"https:\/\/www.hadleygroup.com\/fr\/wp-json\/wp\/v2\/pages"}],"about":[{"href":"https:\/\/www.hadleygroup.com\/fr\/wp-json\/wp\/v2\/types\/page"}],"author":[{"embeddable":true,"href":"https:\/\/www.hadleygroup.com\/fr\/wp-json\/wp\/v2\/users\/3"}],"replies":[{"embeddable":true,"href":"https:\/\/www.hadleygroup.com\/fr\/wp-json\/wp\/v2\/comments?post=1926"}],"version-history":[{"count":3,"href":"https:\/\/www.hadleygroup.com\/fr\/wp-json\/wp\/v2\/pages\/1926\/revisions"}],"predecessor-version":[{"id":3796,"href":"https:\/\/www.hadleygroup.com\/fr\/wp-json\/wp\/v2\/pages\/1926\/revisions\/3796"}],"up":[{"embeddable":true,"href":"https:\/\/www.hadleygroup.com\/fr\/wp-json\/wp\/v2\/pages\/2087"}],"wp:attachment":[{"href":"https:\/\/www.hadleygroup.com\/fr\/wp-json\/wp\/v2\/media?parent=1926"}],"wp:term":[{"taxonomy":"category","embeddable":true,"href":"https:\/\/www.hadleygroup.com\/fr\/wp-json\/wp\/v2\/categories?post=1926"}],"curies":[{"name":"wp","href":"https:\/\/api.w.org\/{rel}","templated":true}]}}