{"id":1912,"date":"2022-04-02T12:28:04","date_gmt":"2022-04-02T12:28:04","guid":{"rendered":"https:\/\/www.hadleygroup.com\/technologie-de-simulation\/"},"modified":"2025-09-08T11:44:46","modified_gmt":"2025-09-08T11:44:46","slug":"technologie-de-simulation","status":"publish","type":"page","link":"https:\/\/www.hadleygroup.com\/fr\/profilage-sur-mesure\/ingenierie\/technologie-de-simulation\/","title":{"rendered":"Technologie de simulation"},"content":{"rendered":"<background-video inline-template :autoplay=\"true\" video=\"\"> \n<section class=\"wp-block-stradigi-gutenberg-hero g-hero container-fluid p-0 g-hero--has-overlay\" style=\"background-image:url(&quot;https:\/\/www.hadleygroup.com\/app\/uploads\/2022\/04\/DSC_1766.b.jpg&quot;)\" data-youtube-url=\"\"><div class=\"g-hero--filter\"><\/div><div class=\"g-hero__container container\"><div class=\"g-hero__wrap\"><h1 class=\"g-hero__heading\">Simulation Technology<\/h1><div class=\"g-hero__body\"><div class=\"g-hero__body__text\"><p>Use state-of-the-art computer simulations to evaluate and optimise your cold-rolled parts \u2014 for faster designs and less material waste.\u00a0<\/p><\/div><div class=\"g-hero__body__buttons\"><a href=\"https:\/\/www.hadleygroup.com\/fr\/contact\/\" class=\"c-button\">Contact Us<i class=\"fas fa-sm fa-chevron-right\"><\/i><\/a><\/div><\/div><\/div><div class=\"g-hero__chevron__container d-none d-lg-block\"><i class=\"fas fa-chevron-down fa-3x scrollDown\"><\/i><\/div><\/div><\/section>\n <\/background-video><div class=\"JB-1 h-section-background\">\n<section class=\"wp-block-stradigi-gutenberg-fixed-spacer g-spacer g-spacer--size-medium\"><\/section>\n<\/div><accordion inline-template> <div class=\"JB-1 h-section-background\">\n<section class=\"wp-block-stradigi-gutenberg-accordion g-accordion\"><div class=\"container g-accordion__wrapper-relative\"><div class=\"row g-accordion__wrapper-relative-fg\"><div class=\"col-md-7\"><div class=\"g-accordion__container\"><h2 class=\"g-accordion__title\"><strong>Predict and Prevent with Simulation Technology<\/strong>\u00a0<\/h2><ul class=\"g-accordion__list\"><li class=\"g-accordion__list-item\"><header class=\"g-accordion__list-header\"><i v-if=\"itemActive(0)\" class=\"fas fa-minus-circle g-accordion__list-icon g-accordion__list-icon--minus\"><\/i><i v-if=\"!itemActive(0)\" class=\"fas fa-plus-circle g-accordion__list-icon g-accordion__list-icon--plus\" @click=\"setActive(0)\"><\/i><h3 class=\"g-accordion__list-title\"><strong>Save time on product development<\/strong>\u00a0<\/h3><\/header><p v-if=\"itemActive(0)\" class=\"g-accordion__list-text\">Reach an optimised design for your parts and tooling faster \u2014 with advanced computer simulations to model the behaviour of your roll-formed products.\u00a0<\/p><\/li><li class=\"g-accordion__list-item\"><header class=\"g-accordion__list-header\"><i v-if=\"itemActive(1)\" class=\"fas fa-minus-circle g-accordion__list-icon g-accordion__list-icon--minus\"><\/i><i v-if=\"!itemActive(1)\" class=\"fas fa-plus-circle g-accordion__list-icon g-accordion__list-icon--plus\" @click=\"setActive(1)\"><\/i><h3 class=\"g-accordion__list-title\"><strong>Reduce the cost of production trials<\/strong>\u00a0<\/h3><\/header><p v-if=\"itemActive(1)\" class=\"g-accordion__list-text\">Save time and materials by avoiding the trial and error of repeated prototypes \u2014 while reducing your environmental impact.\u00a0<\/p><\/li><li class=\"g-accordion__list-item\"><header class=\"g-accordion__list-header\"><i v-if=\"itemActive(2)\" class=\"fas fa-minus-circle g-accordion__list-icon g-accordion__list-icon--minus\"><\/i><i v-if=\"!itemActive(2)\" class=\"fas fa-plus-circle g-accordion__list-icon g-accordion__list-icon--plus\" @click=\"setActive(2)\"><\/i><h3 class=\"g-accordion__list-title\"><strong>Spot problems before they happen<\/strong>\u00a0<\/h3><\/header><p v-if=\"itemActive(2)\" class=\"g-accordion__list-text\">Prevent issues and defects at an early stage by combining simulation technology with the expertise of our experienced engineers.\u00a0<\/p><\/li><\/ul><\/div><\/div><\/div><div class=\"row g-accordion__wrapper-absolute\"><div class=\"offset-md-1 col-md-4 offset-lg-2 col-lg-3\"><div class=\"g-accordion__bg\" style=\"background-image:none\"><\/div><\/div><\/div><\/div><\/section>\n<\/div> <\/accordion><div class=\"JB-1 h-section-background\">\n<section class=\"wp-block-stradigi-gutenberg-text-image g-text-image\"><div class=\"container\"><div class=\"g-text-image__row row\"><div data-translate=\"true\" class=\"order-1 col-md-5\"><div class=\"g-text-image__content\">\n<section class=\"JB-1 h-section-background g-text\"><div class=\"container\"><div class=\"row\"><div class=\"col-lg-8\"><div class=\"g-text__title\">\n<h6 class=\"has-medium-font-size wp-block-heading\">Au cours des 10 derni\u00e8res ann\u00e9es, Hadley Group a investi dans l&#8217;une des op\u00e9rations de conception et d&#8217;ing\u00e9nierie de production de laminage \u00e0 froid les plus avanc\u00e9es sur le plan technique, garantissant une productivit\u00e9 et une efficacit\u00e9 maximales \u00e0 chaque \u00e9tape de votre projet.<\/h6>\n<\/div><\/div><\/div><\/div><\/section>\n<section class=\"JB-1 h-section-background g-text\"><div class=\"container\"><div class=\"row\"><div class=\"col-lg-8\"><div class=\"g-text__bodytext\">\n<p><\/p>\n<\/div><\/div><\/div><\/div><\/section>\n<section class=\"JB-1 h-section-background g-text\"><div class=\"container\"><div class=\"row\"><div class=\"col-lg-8\"><div class=\"g-text__bodytext\">\n<ul class=\"wp-block-list\">\n\n<li><strong>Analyse par \u00e9l\u00e9ments finis (FEA)<\/strong> <\/li>\n\n\n<li><strong>Outils de simulation CAO<\/strong> <\/li>\n\n\n<li><strong>Logiciels non lin\u00e9aires<\/strong> <\/li>\n\n\n<li><strong>Simulation selon les normes BSEN<\/strong> <\/li>\n\n<\/ul>\n<\/div><\/div><\/div><\/div><\/section>\n<\/div><\/div><article data-translate=\"true\" class=\"order-2 col-md-7 offset-xl-1 col-xl-6\"><div class=\"g-text-image__sidenote\"><img decoding=\"async\" class=\"g-text-image__image\" src=\"https:\/\/www.hadleygroup.com\/app\/uploads\/2023\/04\/Picture1.jpg\" alt=\"picture1\"\/><\/div><\/article><\/div><\/div><\/section>\n<\/div><div class=\"JB-1 h-section-background\">\n<section class=\"wp-block-stradigi-gutenberg-cta-one g-cta-one\"><div class=\"container\"><div class=\"g-cta-one__row row\"><div class=\"col-sm-12 col-lg-8\"><h2 class=\"g-cta-one__title\"><h2 class=\"g-cta-one__title\">Speak to our Custom Roll Forming experts today<\/h2><\/h2><div class=\"g-cta-one__content\"><p>Our in-house team of specialist engineers have helped countless companies in a range of sectors to predict, prevent, and optimise their designs.\u00a0<br>\u00a0<br>So if you\u2019ve got a complex product that can put our simulation technology to the test, we\u2019d love to hear about it.\u00a0<\/p><\/div><div class=\"g-cta-one__buttons\"><a href=\"https:\/\/www.hadleygroup.com\/fr\/contact\/\" class=\"g-cta-one__button-primary\">Get in touch<i class=\"fas fa-sm fa-chevron-right\"><\/i><\/a><\/div><\/div><\/div><\/div><\/section>\n<\/div><div class=\"JB-1 h-section-background\">\n<section class=\"wp-block-stradigi-gutenberg-fixed-spacer g-spacer g-spacer--size-medium\"><\/section>\n<\/div><div class=\"JB-1 h-section-background\">\n<section class=\"wp-block-stradigi-gutenberg-cta-one g-cta-one\"><div class=\"container\"><div class=\"g-cta-one__row row\"><div class=\"col-sm-12 col-lg-8\"><h2 class=\"g-cta-one__title h-heading h-heading--size-undefined\">How we use computer simulation tools<\/h2><div class=\"g-cta-one__content\"><p>These are used to generate models of elastic and plastic deformation behaviour, material stress and strain evolution, together with full process animations and evaluation of the finished product &#8211; providing the rich data needed to optimise both product design and production processes.\u00a0<\/p><\/div><div class=\"g-cta-one__buttons\"><\/div><\/div><\/div><\/div><\/section>\n<\/div><section class=\"JB-1 h-section-background g-text\"><div class=\"container\"><div class=\"row\"><div class=\"col-lg-8\"><div class=\"g-text__bodytext\">\n<p><\/p>\n<\/div><\/div><\/div><\/div><\/section><div class=\"JB-1 h-section-background\">\n<section class=\"wp-block-stradigi-gutenberg-fixed-spacer g-spacer g-spacer--size-medium\"><\/section>\n<\/div><section class=\"JB-1 h-section-background g-text\"><div class=\"container\"><div class=\"row\"><div class=\"col-lg-8\"><div class=\"g-text__title\">\n<h4 class=\"wp-block-heading\" id=\"h-utilise-these-capabilities-in-your-project-development-to-nbsp\">Utilisez ces fonctionnalit\u00e9s dans le d\u00e9veloppement de votre projet pour\u00a0: <\/h4>\n<\/div><\/div><\/div><\/div><\/section><section class=\"JB-1 h-section-background g-text\"><div class=\"container\"><div class=\"row\"><div class=\"col-lg-8\"><div class=\"g-text__bodytext\">\n<ul class=\"wp-block-list\">\n<li>une \u00e9valuation rapide des performances des nouveaux produits et syst\u00e8mes<\/li>\n\n\n\n<li>l&#8217;optimisation de la conception de l&#8217;outillage pour minimiser les d\u00e9fauts de formage <\/li>\n\n\n\n<li>r\u00e9duction du co\u00fbt et du d\u00e9lai de r\u00e9alisation d&#8217;un nouvel outillage. <\/li>\n\n\n\n<li>la possibilit\u00e9 de soutenir nos clients dans le d\u00e9veloppement de leurs propres produits. <\/li>\n\n\n\n<li>optimisation de la conception des machines <\/li>\n\n\n\n<li>capacit\u00e9 \u00e0 mettre \u00e0 jour en permanence les principes de conception <\/li>\n<\/ul>\n<\/div><\/div><\/div><\/div><\/section><section class=\"JB-1 h-section-background g-text\"><div class=\"container\"><div class=\"row\"><div class=\"col-lg-8\"><div class=\"g-text__bodytext\">\n<ul class=\"wp-block-list\">\n<li><\/li>\n<\/ul>\n<\/div><\/div><\/div><\/div><\/section><section class=\"JB-1 h-section-background g-text\"><div class=\"container\"><div class=\"row\"><div class=\"col-lg-8\"><div class=\"g-text__title\">\n<h6 class=\"wp-block-heading\" id=\"h-we-recognise-that-validation-of-simulation-data-is-key-to-this-technology\">Nous reconnaissons que la validation des donn\u00e9es de simulation est la cl\u00e9 de cette technologie. <\/h6>\n<\/div><\/div><\/div><\/div><\/section><section class=\"JB-1 h-section-background g-text\"><div class=\"container\"><div class=\"row\"><div class=\"col-lg-8\"><div class=\"g-text__bodytext\">\n<p class=\"has-medium-font-size\">C&#8217;est pourquoi HGT combine r\u00e9guli\u00e8rement la technologie de simulation avec des tests physiques pour s&#8217;assurer que les r\u00e9sultats que nous simulons correspondent le plus possible \u00e0 la r\u00e9alit\u00e9. <\/p>\n<\/div><\/div><\/div><\/div><\/section><div class=\"JB-1 h-section-background\">\n<section class=\"wp-block-stradigi-gutenberg-text-image g-text-image\"><div class=\"container\"><div class=\"g-text-image__row row\"><div data-translate=\"true\" class=\"order-2 offset-xl-1 col-md-5\"><div class=\"g-text-image__content\">\n<section class=\"JB-1 h-section-background g-text\"><div class=\"container\"><div class=\"row\"><div class=\"col-lg-8\"><div class=\"g-text__title\">\n<h6 class=\"wp-block-heading\">Voici quelques exemples d&#8217;analyses r\u00e9alis\u00e9es \u00e0 l&#8217;aide de cette technologie :<\/h6>\n<\/div><\/div><\/div><\/div><\/section>\n<section class=\"JB-1 h-section-background g-text\"><div class=\"container\"><div class=\"row\"><div class=\"col-lg-8\"><div class=\"g-text__bodytext\">\n<p> <\/p>\n<\/div><\/div><\/div><\/div><\/section>\n<section class=\"JB-1 h-section-background g-text\"><div class=\"container\"><div class=\"row\"><div class=\"col-lg-8\"><div class=\"g-text__bodytext\">\n<ul class=\"has-medium-font-size wp-block-list\">\n\n<li>Flexion de produits \u00e0 g\u00e9om\u00e9trie complexe (3 et 4 points) <\/li>\n\n\n<li>Flambage global et localis\u00e9 (sous compression) <\/li>\n\n\n<li>Comportement acoustique de produits lamin\u00e9s au sein d&#8217;un syst\u00e8me <\/li>\n\n\n<li>Travers\u00e9e de fentes de vis et de boulons <\/li>\n\n\n<li>D\u00e9coupage du produit (cisaillement et d\u00e9coupage) <\/li>\n\n\n<li>Simulation compl\u00e8te du syst\u00e8me selon les normes d&#8217;essai BSEN<\/li>\n\n<\/ul>\n<\/div><\/div><\/div><\/div><\/section>\n<\/div><\/div><article data-translate=\"true\" class=\"order-1 col-md-7 col-xl-6\"><div class=\"g-text-image__sidenote\"><img decoding=\"async\" class=\"g-text-image__image\" src=\"https:\/\/www.hadleygroup.com\/app\/uploads\/2022\/03\/DSC_0112-mono-web-1024x681.jpg\" alt=\"dsc_0112-mono-web\"\/><\/div><\/article><\/div><\/div><\/section>\n<\/div><div class=\"JB-1 h-section-background\">\n<section class=\"wp-block-stradigi-gutenberg-fixed-spacer g-spacer g-spacer--size-large\"><\/section>\n<\/div>","protected":false},"excerpt":{"rendered":"<p>Utilisez ces fonctionnalit\u00e9s dans le d\u00e9veloppement de votre projet pour\u00a0: Nous reconnaissons que la validation des donn\u00e9es de simulation est\u2026 <a href=\"https:\/\/www.hadleygroup.com\/fr\/profilage-sur-mesure\/ingenierie\/technologie-de-simulation\/\">&#8230;<\/a><\/p>\n","protected":false},"author":3,"featured_media":0,"parent":2087,"menu_order":0,"comment_status":"closed","ping_status":"closed","template":"","meta":{"_acf_changed":false,"footnotes":""},"categories":[],"class_list":["post-1912","page","type-page","status-publish","hentry"],"acf":[],"yoast_head":"<!-- This site is optimized with the Yoast SEO Premium plugin v25.1 (Yoast SEO v26.3) - https:\/\/yoast.com\/wordpress\/plugins\/seo\/ -->\n<title>Notre technologie de simulation sophistiqu\u00e9e - Groupe Hadley<\/title>\n<meta name=\"description\" content=\"Nos outils de simulation informatique avanc\u00e9s permettent d&#039;optimiser la conception et la production des produits. Int\u00e9ress\u00e9(e) ? Contactez-nous pour plus d&#039;informations !\" \/>\n<meta name=\"robots\" content=\"index, follow, max-snippet:-1, max-image-preview:large, max-video-preview:-1\" \/>\n<link rel=\"canonical\" href=\"https:\/\/www.hadleygroup.com\/fr\/profilage-sur-mesure\/ingenierie\/technologie-de-simulation\/\" \/>\n<meta property=\"og:locale\" content=\"fr_FR\" \/>\n<meta property=\"og:type\" content=\"article\" \/>\n<meta property=\"og:title\" content=\"Technologie de simulation\" \/>\n<meta property=\"og:description\" content=\"Nos outils de simulation informatique avanc\u00e9s permettent d&#039;optimiser la conception et la production des produits. Int\u00e9ress\u00e9(e) ? Contactez-nous pour plus d&#039;informations !\" \/>\n<meta property=\"og:url\" content=\"https:\/\/www.hadleygroup.com\/fr\/profilage-sur-mesure\/ingenierie\/technologie-de-simulation\/\" \/>\n<meta property=\"og:site_name\" content=\"Hadley Group\" \/>\n<meta property=\"article:publisher\" content=\"https:\/\/www.facebook.com\/HadleyGroupGlobal\" \/>\n<meta property=\"article:modified_time\" content=\"2025-09-08T11:44:46+00:00\" \/>\n<meta property=\"og:image\" content=\"https:\/\/www.hadleygroup.com\/app\/uploads\/2023\/04\/Picture1.jpg\" \/>\n<meta name=\"twitter:card\" content=\"summary_large_image\" \/>\n<meta name=\"twitter:site\" content=\"@hadley_group\" \/>\n<meta name=\"twitter:label1\" content=\"Est. reading time\" \/>\n\t<meta name=\"twitter:data1\" content=\"2 minutes\" \/>\n<script type=\"application\/ld+json\" class=\"yoast-schema-graph\">{\"@context\":\"https:\/\/schema.org\",\"@graph\":[{\"@type\":\"WebPage\",\"@id\":\"https:\/\/www.hadleygroup.com\/fr\/profilage-sur-mesure\/ingenierie\/technologie-de-simulation\/\",\"url\":\"https:\/\/www.hadleygroup.com\/fr\/profilage-sur-mesure\/ingenierie\/technologie-de-simulation\/\",\"name\":\"Notre technologie de simulation sophistiqu\u00e9e - Groupe Hadley\",\"isPartOf\":{\"@id\":\"https:\/\/www.hadleygroup.com\/fr\/#website\"},\"primaryImageOfPage\":{\"@id\":\"https:\/\/www.hadleygroup.com\/fr\/profilage-sur-mesure\/ingenierie\/technologie-de-simulation\/#primaryimage\"},\"image\":{\"@id\":\"https:\/\/www.hadleygroup.com\/fr\/profilage-sur-mesure\/ingenierie\/technologie-de-simulation\/#primaryimage\"},\"thumbnailUrl\":\"https:\/\/www.hadleygroup.com\/app\/uploads\/2023\/04\/Picture1.jpg\",\"datePublished\":\"2022-04-02T12:28:04+00:00\",\"dateModified\":\"2025-09-08T11:44:46+00:00\",\"description\":\"Nos outils de simulation informatique avanc\u00e9s permettent d'optimiser la conception et la production des produits. Int\u00e9ress\u00e9(e) ? Contactez-nous pour plus d'informations !\",\"breadcrumb\":{\"@id\":\"https:\/\/www.hadleygroup.com\/fr\/profilage-sur-mesure\/ingenierie\/technologie-de-simulation\/#breadcrumb\"},\"inLanguage\":\"fr-FR\",\"potentialAction\":[{\"@type\":\"ReadAction\",\"target\":[\"https:\/\/www.hadleygroup.com\/fr\/profilage-sur-mesure\/ingenierie\/technologie-de-simulation\/\"]}]},{\"@type\":\"ImageObject\",\"inLanguage\":\"fr-FR\",\"@id\":\"https:\/\/www.hadleygroup.com\/fr\/profilage-sur-mesure\/ingenierie\/technologie-de-simulation\/#primaryimage\",\"url\":\"https:\/\/www.hadleygroup.com\/app\/uploads\/2023\/04\/Picture1.jpg\",\"contentUrl\":\"https:\/\/www.hadleygroup.com\/app\/uploads\/2023\/04\/Picture1.jpg\"},{\"@type\":\"BreadcrumbList\",\"@id\":\"https:\/\/www.hadleygroup.com\/fr\/profilage-sur-mesure\/ingenierie\/technologie-de-simulation\/#breadcrumb\",\"itemListElement\":[{\"@type\":\"ListItem\",\"position\":1,\"name\":\"Home\",\"item\":\"https:\/\/www.hadleygroup.com\/fr\/\"},{\"@type\":\"ListItem\",\"position\":2,\"name\":\"Profilage sur mesure\",\"item\":\"https:\/\/www.hadleygroup.com\/fr\/profilage-sur-mesure\/\"},{\"@type\":\"ListItem\",\"position\":3,\"name\":\"ING\u00c9NIERIE\",\"item\":\"https:\/\/www.hadleygroup.com\/fr\/profilage-sur-mesure\/ingenierie\/\"},{\"@type\":\"ListItem\",\"position\":4,\"name\":\"Technologie de simulation\"}]},{\"@type\":\"WebSite\",\"@id\":\"https:\/\/www.hadleygroup.com\/fr\/#website\",\"url\":\"https:\/\/www.hadleygroup.com\/fr\/\",\"name\":\"Hadley Group\",\"description\":\"Shaping the Future in Metal\",\"publisher\":{\"@id\":\"https:\/\/www.hadleygroup.com\/fr\/#organization\"},\"potentialAction\":[{\"@type\":\"SearchAction\",\"target\":{\"@type\":\"EntryPoint\",\"urlTemplate\":\"https:\/\/www.hadleygroup.com\/fr\/?s={search_term_string}\"},\"query-input\":{\"@type\":\"PropertyValueSpecification\",\"valueRequired\":true,\"valueName\":\"search_term_string\"}}],\"inLanguage\":\"fr-FR\"},{\"@type\":\"Organization\",\"@id\":\"https:\/\/www.hadleygroup.com\/fr\/#organization\",\"name\":\"Hadley Group\",\"url\":\"https:\/\/www.hadleygroup.com\/fr\/\",\"logo\":{\"@type\":\"ImageObject\",\"inLanguage\":\"fr-FR\",\"@id\":\"https:\/\/www.hadleygroup.com\/fr\/#\/schema\/logo\/image\/\",\"url\":\"https:\/\/www.hadleygroup.com\/app\/uploads\/2023\/01\/Hadley-Group-logo.jpg\",\"contentUrl\":\"https:\/\/www.hadleygroup.com\/app\/uploads\/2023\/01\/Hadley-Group-logo.jpg\",\"width\":1280,\"height\":300,\"caption\":\"Hadley Group\"},\"image\":{\"@id\":\"https:\/\/www.hadleygroup.com\/fr\/#\/schema\/logo\/image\/\"},\"sameAs\":[\"https:\/\/www.facebook.com\/HadleyGroupGlobal\",\"https:\/\/x.com\/hadley_group\",\"https:\/\/www.youtube.com\/@HadleyGroupSmethwick\",\"https:\/\/www.linkedin.com\/company\/hadley-group-\/\"]}]}<\/script>\n<!-- \/ Yoast SEO Premium plugin. -->","yoast_head_json":{"title":"Notre technologie de simulation sophistiqu\u00e9e - Groupe Hadley","description":"Nos outils de simulation informatique avanc\u00e9s permettent d'optimiser la conception et la production des produits. Int\u00e9ress\u00e9(e) ? Contactez-nous pour plus d'informations !","robots":{"index":"index","follow":"follow","max-snippet":"max-snippet:-1","max-image-preview":"max-image-preview:large","max-video-preview":"max-video-preview:-1"},"canonical":"https:\/\/www.hadleygroup.com\/fr\/profilage-sur-mesure\/ingenierie\/technologie-de-simulation\/","og_locale":"fr_FR","og_type":"article","og_title":"Technologie de simulation","og_description":"Nos outils de simulation informatique avanc\u00e9s permettent d'optimiser la conception et la production des produits. Int\u00e9ress\u00e9(e) ? Contactez-nous pour plus d'informations !","og_url":"https:\/\/www.hadleygroup.com\/fr\/profilage-sur-mesure\/ingenierie\/technologie-de-simulation\/","og_site_name":"Hadley Group","article_publisher":"https:\/\/www.facebook.com\/HadleyGroupGlobal","article_modified_time":"2025-09-08T11:44:46+00:00","og_image":[{"url":"https:\/\/www.hadleygroup.com\/app\/uploads\/2023\/04\/Picture1.jpg","type":"","width":"","height":""}],"twitter_card":"summary_large_image","twitter_site":"@hadley_group","twitter_misc":{"Est. reading time":"2 minutes"},"schema":{"@context":"https:\/\/schema.org","@graph":[{"@type":"WebPage","@id":"https:\/\/www.hadleygroup.com\/fr\/profilage-sur-mesure\/ingenierie\/technologie-de-simulation\/","url":"https:\/\/www.hadleygroup.com\/fr\/profilage-sur-mesure\/ingenierie\/technologie-de-simulation\/","name":"Notre technologie de simulation sophistiqu\u00e9e - Groupe Hadley","isPartOf":{"@id":"https:\/\/www.hadleygroup.com\/fr\/#website"},"primaryImageOfPage":{"@id":"https:\/\/www.hadleygroup.com\/fr\/profilage-sur-mesure\/ingenierie\/technologie-de-simulation\/#primaryimage"},"image":{"@id":"https:\/\/www.hadleygroup.com\/fr\/profilage-sur-mesure\/ingenierie\/technologie-de-simulation\/#primaryimage"},"thumbnailUrl":"https:\/\/www.hadleygroup.com\/app\/uploads\/2023\/04\/Picture1.jpg","datePublished":"2022-04-02T12:28:04+00:00","dateModified":"2025-09-08T11:44:46+00:00","description":"Nos outils de simulation informatique avanc\u00e9s permettent d'optimiser la conception et la production des produits. Int\u00e9ress\u00e9(e) ? Contactez-nous pour plus d'informations !","breadcrumb":{"@id":"https:\/\/www.hadleygroup.com\/fr\/profilage-sur-mesure\/ingenierie\/technologie-de-simulation\/#breadcrumb"},"inLanguage":"fr-FR","potentialAction":[{"@type":"ReadAction","target":["https:\/\/www.hadleygroup.com\/fr\/profilage-sur-mesure\/ingenierie\/technologie-de-simulation\/"]}]},{"@type":"ImageObject","inLanguage":"fr-FR","@id":"https:\/\/www.hadleygroup.com\/fr\/profilage-sur-mesure\/ingenierie\/technologie-de-simulation\/#primaryimage","url":"https:\/\/www.hadleygroup.com\/app\/uploads\/2023\/04\/Picture1.jpg","contentUrl":"https:\/\/www.hadleygroup.com\/app\/uploads\/2023\/04\/Picture1.jpg"},{"@type":"BreadcrumbList","@id":"https:\/\/www.hadleygroup.com\/fr\/profilage-sur-mesure\/ingenierie\/technologie-de-simulation\/#breadcrumb","itemListElement":[{"@type":"ListItem","position":1,"name":"Home","item":"https:\/\/www.hadleygroup.com\/fr\/"},{"@type":"ListItem","position":2,"name":"Profilage sur mesure","item":"https:\/\/www.hadleygroup.com\/fr\/profilage-sur-mesure\/"},{"@type":"ListItem","position":3,"name":"ING\u00c9NIERIE","item":"https:\/\/www.hadleygroup.com\/fr\/profilage-sur-mesure\/ingenierie\/"},{"@type":"ListItem","position":4,"name":"Technologie de simulation"}]},{"@type":"WebSite","@id":"https:\/\/www.hadleygroup.com\/fr\/#website","url":"https:\/\/www.hadleygroup.com\/fr\/","name":"Hadley Group","description":"Shaping the Future in Metal","publisher":{"@id":"https:\/\/www.hadleygroup.com\/fr\/#organization"},"potentialAction":[{"@type":"SearchAction","target":{"@type":"EntryPoint","urlTemplate":"https:\/\/www.hadleygroup.com\/fr\/?s={search_term_string}"},"query-input":{"@type":"PropertyValueSpecification","valueRequired":true,"valueName":"search_term_string"}}],"inLanguage":"fr-FR"},{"@type":"Organization","@id":"https:\/\/www.hadleygroup.com\/fr\/#organization","name":"Hadley Group","url":"https:\/\/www.hadleygroup.com\/fr\/","logo":{"@type":"ImageObject","inLanguage":"fr-FR","@id":"https:\/\/www.hadleygroup.com\/fr\/#\/schema\/logo\/image\/","url":"https:\/\/www.hadleygroup.com\/app\/uploads\/2023\/01\/Hadley-Group-logo.jpg","contentUrl":"https:\/\/www.hadleygroup.com\/app\/uploads\/2023\/01\/Hadley-Group-logo.jpg","width":1280,"height":300,"caption":"Hadley Group"},"image":{"@id":"https:\/\/www.hadleygroup.com\/fr\/#\/schema\/logo\/image\/"},"sameAs":["https:\/\/www.facebook.com\/HadleyGroupGlobal","https:\/\/x.com\/hadley_group","https:\/\/www.youtube.com\/@HadleyGroupSmethwick","https:\/\/www.linkedin.com\/company\/hadley-group-\/"]}]}},"_links":{"self":[{"href":"https:\/\/www.hadleygroup.com\/fr\/wp-json\/wp\/v2\/pages\/1912","targetHints":{"allow":["GET"]}}],"collection":[{"href":"https:\/\/www.hadleygroup.com\/fr\/wp-json\/wp\/v2\/pages"}],"about":[{"href":"https:\/\/www.hadleygroup.com\/fr\/wp-json\/wp\/v2\/types\/page"}],"author":[{"embeddable":true,"href":"https:\/\/www.hadleygroup.com\/fr\/wp-json\/wp\/v2\/users\/3"}],"replies":[{"embeddable":true,"href":"https:\/\/www.hadleygroup.com\/fr\/wp-json\/wp\/v2\/comments?post=1912"}],"version-history":[{"count":9,"href":"https:\/\/www.hadleygroup.com\/fr\/wp-json\/wp\/v2\/pages\/1912\/revisions"}],"predecessor-version":[{"id":16260,"href":"https:\/\/www.hadleygroup.com\/fr\/wp-json\/wp\/v2\/pages\/1912\/revisions\/16260"}],"up":[{"embeddable":true,"href":"https:\/\/www.hadleygroup.com\/fr\/wp-json\/wp\/v2\/pages\/2087"}],"wp:attachment":[{"href":"https:\/\/www.hadleygroup.com\/fr\/wp-json\/wp\/v2\/media?parent=1912"}],"wp:term":[{"taxonomy":"category","embeddable":true,"href":"https:\/\/www.hadleygroup.com\/fr\/wp-json\/wp\/v2\/categories?post=1912"}],"curies":[{"name":"wp","href":"https:\/\/api.w.org\/{rel}","templated":true}]}}