{"id":1900,"date":"2022-04-02T12:27:32","date_gmt":"2022-04-02T12:27:32","guid":{"rendered":"https:\/\/www.hadleygroup.com\/outillage-et-conception\/"},"modified":"2022-12-22T14:15:59","modified_gmt":"2022-12-22T14:15:59","slug":"outillage-et-conception","status":"publish","type":"page","link":"https:\/\/www.hadleygroup.com\/fr\/profilage-sur-mesure\/ingenierie\/outillage-et-conception\/","title":{"rendered":"Outillage et conception"},"content":{"rendered":"<background-video inline-template :autoplay=\"true\" video=\"\"> \n<section class=\"wp-block-stradigi-gutenberg-hero g-hero container-fluid p-0 g-hero--has-overlay\" style=\"background-image:url(&quot;https:\/\/www.hadleygroup.com\/app\/uploads\/2022\/04\/DSC_1498.jpg&quot;)\" data-youtube-url=\"\"><div class=\"g-hero--filter\"><\/div><div class=\"g-hero__container container\"><div class=\"g-hero__wrap\"><h1 class=\"g-hero__heading\">Outillage et conception<\/h1><div class=\"g-hero__body\"><div class=\"g-hero__body__text\"><p><\/p><\/div><div class=\"g-hero__body__buttons\"><\/div><\/div><\/div><div class=\"g-hero__chevron__container d-none d-lg-block\"><i class=\"fas fa-chevron-down fa-3x scrollDown\"><\/i><\/div><\/div><\/section>\n <\/background-video>\n\n<div class=\"JB-1 h-section-background\">\n<section class=\"wp-block-stradigi-gutenberg-fixed-spacer g-spacer g-spacer--size-moyen g-spacer--size-medium\"><\/section>\n<\/div>\n\n<section class=\"JB-1 h-section-background g-text\"><div class=\"container\"><div class=\"row\"><div class=\"col-lg-8\"><div class=\"g-text__bodytext\">\n<p>Votre projet commence par l&#8217;outillage et la conception, en comprenant vos objectifs finaux et comment ceux-ci peuvent \u00eatre atteints gr\u00e2ce au laminage \u00e0 froid et aux op\u00e9rations en ligne. <\/p>\n<\/div><\/div><\/div><\/div><\/section>\n\n<section class=\"JB-1 h-section-background g-text\"><div class=\"container\"><div class=\"row\"><div class=\"col-lg-8\"><div class=\"g-text__bodytext\">\n<p>Gr\u00e2ce \u00e0 la collaboration avec nos ing\u00e9nieurs hautement qualifi\u00e9s, vous pouvez int\u00e9grer les derniers mat\u00e9riels et logiciels de CAO 3D dans le processus de R&amp;D. Les processus avanc\u00e9s offrent une conception plus rapide et augmentent la pr\u00e9cision de fabrication, avec une technologie de simulation fournissant une exp\u00e9rimentation qui repousse les limites du mat\u00e9riau. <\/p>\n<\/div><\/div><\/div><\/div><\/section>\n\n<section class=\"JB-1 h-section-background g-text\"><div class=\"container\"><div class=\"row\"><div class=\"col-lg-8\"><div class=\"g-text__bodytext\">\n<p>De nombreux domaines dans lesquels vous pouvez b\u00e9n\u00e9ficier comprennent les calculs de conception structurelle, l&#8217;\u00e9valuation des mat\u00e9riaux et les sp\u00e9cifications des produits &#8211; en plus de l&#8217;int\u00e9gration des technologies de processus existantes et du d\u00e9veloppement de nouvelles id\u00e9es. <\/p>\n<\/div><\/div><\/div><\/div><\/section>\n\n<section class=\"JB-1 h-section-background g-text\"><div class=\"container\"><div class=\"row\"><div class=\"col-lg-8\"><div class=\"g-text__bodytext\">\n<p>Les techniques utilis\u00e9es pour d\u00e9velopper des produits et des processus comprennent&nbsp;: <\/p>\n<\/div><\/div><\/div><\/div><\/section>\n\n<section class=\"JB-1 h-section-background g-text\"><div class=\"container\"><div class=\"row\"><div class=\"col-lg-8\"><div class=\"g-text__bodytext\">\n<ul class=\"wp-block-list\">\n<li>\u00c9valuation th\u00e9orique <\/li>\n\n\n\n<li>Optimisation du profil g\u00e9om\u00e9trique <\/li>\n\n\n\n<li><em>Simulation informatique (lien) <\/em> <\/li>\n\n\n\n<li>Prototypage rapide <\/li>\n\n\n\n<li>Essais physiques <\/li>\n\n\n\n<li>Analyse m\u00e9tallurgique <\/li>\n\n\n\n<li>\u00c9tudes de capabilit\u00e9 de processus <\/li>\n<\/ul>\n<\/div><\/div><\/div><\/div><\/section>\n\n<div class=\"JB-1 h-section-background\">\n<section class=\"wp-block-stradigi-gutenberg-fixed-spacer g-spacer g-spacer--size-petit g-spacer--size-small\"><\/section>\n<\/div>\n\n<div class=\"JB-1 h-section-background\">\n<section class=\"wp-block-stradigi-gutenberg-text-cta g-text\"><div class=\"container\"><div class=\"row\"><div class=\"col-lg-8\"><div class=\"g-text__bodytext\"><p>Avez-vous des questions? Vous ne savez pas si votre pi\u00e8ce peut \u00eatre fabriqu\u00e9e par laminage \u00e0 froid ? Demandez \u00e0 nos experts aujourd&#8217;hui<\/p><\/div><a href=\"https:\/\/www.hadleygroup.com\/fr\/contact\/\" class=\"c-button g-text__button\">Nous contacter<i class=\"fas fa-sm fa-chevron-right\"><\/i><\/a><\/div><\/div><\/div><\/section>\n<\/div>\n\n<div class=\"JB-1 h-section-background\">\n<section class=\"wp-block-stradigi-gutenberg-fixed-spacer g-spacer g-spacer--size-petit g-spacer--size-small\"><\/section>\n<\/div>\n\n\n<section class=\"wp-block-stradigi-gutenberg-banner g-banner container-fluid p-0 jarallax g-banner--size-grande g-banner--size-large\" style=\"background-image:url(&quot;https:\/\/www.hadleygroup.com\/app\/uploads\/2022\/03\/DSC_0129-mono-web.jpg&quot;)\"><div class=\"g-banner__container container\"><div class=\"g-banner__wrap\"><h2 class=\"g-banner__heading\"><\/h2><div class=\"g-banner__body\"><div class=\"g-banner__body__buttons\"><\/div><\/div><\/div><\/div><\/section>\n\n\n<div class=\"JB-1 h-section-background\">\n<section class=\"wp-block-stradigi-gutenberg-fixed-spacer g-spacer g-spacer--size-petit g-spacer--size-small\"><\/section>\n<\/div>\n\n<section class=\"JB-1 h-section-background g-text\"><div class=\"container\"><div class=\"row\"><div class=\"col-lg-8\"><div class=\"g-text__bodytext\">\n<p>Gr\u00e2ce \u00e0 un investissement continu dans la recherche et le d\u00e9veloppement, Hadley est devenu l&#8217;un des leaders mondiaux de la technologie de laminage \u00e0 froid &#8211; votre projet sera enti\u00e8rement pris en charge par notre c\u00e9l\u00e8bre \u00e9quipe d&#8217;ing\u00e9nieurs internes de recherche et de d\u00e9veloppement de produits. <\/p>\n<\/div><\/div><\/div><\/div><\/section>\n\n<section class=\"JB-1 h-section-background g-text\"><div class=\"container\"><div class=\"row\"><div class=\"col-lg-8\"><div class=\"g-text__bodytext\">\n<p>Ces ing\u00e9nieurs hautement qualifi\u00e9s repr\u00e9sentent une part importante de l&#8217;expertise mondiale dans ce domaine et se consacrent au d\u00e9veloppement de produits et proc\u00e9d\u00e9s toujours plus performants. Collaborant avec plus de 10 institutions acad\u00e9miques et scientifiques, ils ont \u00e9galement publi\u00e9 des dizaines d&#8217;articles de recherche, maintenant un portefeuille de recherche acad\u00e9mique interne depuis 1985. <\/p>\n<\/div><\/div><\/div><\/div><\/section>\n\n<section class=\"JB-1 h-section-background g-text\"><div class=\"container\"><div class=\"row\"><div class=\"col-lg-8\"><div class=\"g-text__bodytext\">\n<p> En tant que client Hadley, qu&#8217;il soit existant ou potentiel, cette richesse de connaissances est disponible sur demande et doit \u00eatre consid\u00e9r\u00e9e comme une extension de votre service technique &#8211; une source de connaissances et d&#8217;expertise technique qui peut \u00eatre invoqu\u00e9e pour soutenir votre propre d\u00e9veloppement de produit. <\/p>\n<\/div><\/div><\/div><\/div><\/section>\n\n<div class=\"JB-1 h-section-background\">\n<section class=\"wp-block-stradigi-gutenberg-fixed-spacer g-spacer g-spacer--size-grande g-spacer--size-large\"><\/section>\n<\/div>","protected":false},"excerpt":{"rendered":"<p>Votre projet commence par l&#8217;outillage et la conception, en comprenant vos objectifs finaux et comment ceux-ci peuvent \u00eatre atteints gr\u00e2ce\u2026 <a href=\"https:\/\/www.hadleygroup.com\/fr\/profilage-sur-mesure\/ingenierie\/outillage-et-conception\/\">&#8230;<\/a><\/p>\n","protected":false},"author":3,"featured_media":0,"parent":2087,"menu_order":0,"comment_status":"closed","ping_status":"closed","template":"","meta":{"_acf_changed":false,"footnotes":""},"categories":[],"class_list":["post-1900","page","type-page","status-publish","hentry"],"acf":[],"yoast_head":"<!-- This site is optimized with the Yoast SEO Premium plugin v25.1 (Yoast SEO v26.3) - https:\/\/yoast.com\/wordpress\/plugins\/seo\/ -->\n<title>Outillage et conception - Hadley Group<\/title>\n<meta name=\"description\" content=\"Les processus avanc\u00e9s permettent une conception plus rapide et augmentent la pr\u00e9cision de la fabrication. Contactez-nous et d\u00e9couvrez les avantages !\" \/>\n<meta name=\"robots\" content=\"index, follow, max-snippet:-1, max-image-preview:large, max-video-preview:-1\" \/>\n<link rel=\"canonical\" href=\"https:\/\/www.hadleygroup.com\/fr\/profilage-sur-mesure\/ingenierie\/outillage-et-conception\/\" \/>\n<meta property=\"og:locale\" content=\"fr_FR\" \/>\n<meta property=\"og:type\" content=\"article\" \/>\n<meta property=\"og:title\" content=\"Outillage et conception\" \/>\n<meta property=\"og:description\" content=\"Les processus avanc\u00e9s permettent une conception plus rapide et augmentent la pr\u00e9cision de la fabrication. Contactez-nous et d\u00e9couvrez les avantages !\" \/>\n<meta property=\"og:url\" content=\"https:\/\/www.hadleygroup.com\/fr\/profilage-sur-mesure\/ingenierie\/outillage-et-conception\/\" \/>\n<meta property=\"og:site_name\" content=\"Hadley Group\" \/>\n<meta property=\"article:publisher\" content=\"https:\/\/www.facebook.com\/HadleyGroupGlobal\" \/>\n<meta property=\"article:modified_time\" content=\"2022-12-22T14:15:59+00:00\" \/>\n<meta property=\"og:image\" content=\"https:\/\/www.hadleygroup.com\/app\/uploads\/2023\/01\/Hadley-Group-logo.jpg\" \/>\n\t<meta property=\"og:image:width\" content=\"1280\" \/>\n\t<meta property=\"og:image:height\" content=\"300\" \/>\n\t<meta property=\"og:image:type\" content=\"image\/jpeg\" \/>\n<meta name=\"twitter:card\" content=\"summary_large_image\" \/>\n<meta name=\"twitter:site\" content=\"@hadley_group\" \/>\n<meta name=\"twitter:label1\" content=\"Est. reading time\" \/>\n\t<meta name=\"twitter:data1\" content=\"2 minutes\" \/>\n<script type=\"application\/ld+json\" class=\"yoast-schema-graph\">{\"@context\":\"https:\/\/schema.org\",\"@graph\":[{\"@type\":\"WebPage\",\"@id\":\"https:\/\/www.hadleygroup.com\/fr\/profilage-sur-mesure\/ingenierie\/outillage-et-conception\/\",\"url\":\"https:\/\/www.hadleygroup.com\/fr\/profilage-sur-mesure\/ingenierie\/outillage-et-conception\/\",\"name\":\"Outillage et conception - Hadley Group\",\"isPartOf\":{\"@id\":\"https:\/\/www.hadleygroup.com\/fr\/#website\"},\"datePublished\":\"2022-04-02T12:27:32+00:00\",\"dateModified\":\"2022-12-22T14:15:59+00:00\",\"description\":\"Les processus avanc\u00e9s permettent une conception plus rapide et augmentent la pr\u00e9cision de la fabrication. Contactez-nous et d\u00e9couvrez les avantages !\",\"breadcrumb\":{\"@id\":\"https:\/\/www.hadleygroup.com\/fr\/profilage-sur-mesure\/ingenierie\/outillage-et-conception\/#breadcrumb\"},\"inLanguage\":\"fr-FR\",\"potentialAction\":[{\"@type\":\"ReadAction\",\"target\":[\"https:\/\/www.hadleygroup.com\/fr\/profilage-sur-mesure\/ingenierie\/outillage-et-conception\/\"]}]},{\"@type\":\"BreadcrumbList\",\"@id\":\"https:\/\/www.hadleygroup.com\/fr\/profilage-sur-mesure\/ingenierie\/outillage-et-conception\/#breadcrumb\",\"itemListElement\":[{\"@type\":\"ListItem\",\"position\":1,\"name\":\"Home\",\"item\":\"https:\/\/www.hadleygroup.com\/fr\/\"},{\"@type\":\"ListItem\",\"position\":2,\"name\":\"Profilage sur mesure\",\"item\":\"https:\/\/www.hadleygroup.com\/fr\/profilage-sur-mesure\/\"},{\"@type\":\"ListItem\",\"position\":3,\"name\":\"ING\u00c9NIERIE\",\"item\":\"https:\/\/www.hadleygroup.com\/fr\/profilage-sur-mesure\/ingenierie\/\"},{\"@type\":\"ListItem\",\"position\":4,\"name\":\"Outillage et conception\"}]},{\"@type\":\"WebSite\",\"@id\":\"https:\/\/www.hadleygroup.com\/fr\/#website\",\"url\":\"https:\/\/www.hadleygroup.com\/fr\/\",\"name\":\"Hadley Group\",\"description\":\"Shaping the Future in Metal\",\"publisher\":{\"@id\":\"https:\/\/www.hadleygroup.com\/fr\/#organization\"},\"potentialAction\":[{\"@type\":\"SearchAction\",\"target\":{\"@type\":\"EntryPoint\",\"urlTemplate\":\"https:\/\/www.hadleygroup.com\/fr\/?s={search_term_string}\"},\"query-input\":{\"@type\":\"PropertyValueSpecification\",\"valueRequired\":true,\"valueName\":\"search_term_string\"}}],\"inLanguage\":\"fr-FR\"},{\"@type\":\"Organization\",\"@id\":\"https:\/\/www.hadleygroup.com\/fr\/#organization\",\"name\":\"Hadley Group\",\"url\":\"https:\/\/www.hadleygroup.com\/fr\/\",\"logo\":{\"@type\":\"ImageObject\",\"inLanguage\":\"fr-FR\",\"@id\":\"https:\/\/www.hadleygroup.com\/fr\/#\/schema\/logo\/image\/\",\"url\":\"https:\/\/www.hadleygroup.com\/app\/uploads\/2023\/01\/Hadley-Group-logo.jpg\",\"contentUrl\":\"https:\/\/www.hadleygroup.com\/app\/uploads\/2023\/01\/Hadley-Group-logo.jpg\",\"width\":1280,\"height\":300,\"caption\":\"Hadley Group\"},\"image\":{\"@id\":\"https:\/\/www.hadleygroup.com\/fr\/#\/schema\/logo\/image\/\"},\"sameAs\":[\"https:\/\/www.facebook.com\/HadleyGroupGlobal\",\"https:\/\/x.com\/hadley_group\",\"https:\/\/www.youtube.com\/@HadleyGroupSmethwick\",\"https:\/\/www.linkedin.com\/company\/hadley-group-\/\"]}]}<\/script>\n<!-- \/ Yoast SEO Premium plugin. -->","yoast_head_json":{"title":"Outillage et conception - Hadley Group","description":"Les processus avanc\u00e9s permettent une conception plus rapide et augmentent la pr\u00e9cision de la fabrication. Contactez-nous et d\u00e9couvrez les avantages !","robots":{"index":"index","follow":"follow","max-snippet":"max-snippet:-1","max-image-preview":"max-image-preview:large","max-video-preview":"max-video-preview:-1"},"canonical":"https:\/\/www.hadleygroup.com\/fr\/profilage-sur-mesure\/ingenierie\/outillage-et-conception\/","og_locale":"fr_FR","og_type":"article","og_title":"Outillage et conception","og_description":"Les processus avanc\u00e9s permettent une conception plus rapide et augmentent la pr\u00e9cision de la fabrication. Contactez-nous et d\u00e9couvrez les avantages !","og_url":"https:\/\/www.hadleygroup.com\/fr\/profilage-sur-mesure\/ingenierie\/outillage-et-conception\/","og_site_name":"Hadley Group","article_publisher":"https:\/\/www.facebook.com\/HadleyGroupGlobal","article_modified_time":"2022-12-22T14:15:59+00:00","og_image":[{"width":1280,"height":300,"url":"https:\/\/www.hadleygroup.com\/app\/uploads\/2023\/01\/Hadley-Group-logo.jpg","type":"image\/jpeg"}],"twitter_card":"summary_large_image","twitter_site":"@hadley_group","twitter_misc":{"Est. reading time":"2 minutes"},"schema":{"@context":"https:\/\/schema.org","@graph":[{"@type":"WebPage","@id":"https:\/\/www.hadleygroup.com\/fr\/profilage-sur-mesure\/ingenierie\/outillage-et-conception\/","url":"https:\/\/www.hadleygroup.com\/fr\/profilage-sur-mesure\/ingenierie\/outillage-et-conception\/","name":"Outillage et conception - Hadley Group","isPartOf":{"@id":"https:\/\/www.hadleygroup.com\/fr\/#website"},"datePublished":"2022-04-02T12:27:32+00:00","dateModified":"2022-12-22T14:15:59+00:00","description":"Les processus avanc\u00e9s permettent une conception plus rapide et augmentent la pr\u00e9cision de la fabrication. Contactez-nous et d\u00e9couvrez les avantages !","breadcrumb":{"@id":"https:\/\/www.hadleygroup.com\/fr\/profilage-sur-mesure\/ingenierie\/outillage-et-conception\/#breadcrumb"},"inLanguage":"fr-FR","potentialAction":[{"@type":"ReadAction","target":["https:\/\/www.hadleygroup.com\/fr\/profilage-sur-mesure\/ingenierie\/outillage-et-conception\/"]}]},{"@type":"BreadcrumbList","@id":"https:\/\/www.hadleygroup.com\/fr\/profilage-sur-mesure\/ingenierie\/outillage-et-conception\/#breadcrumb","itemListElement":[{"@type":"ListItem","position":1,"name":"Home","item":"https:\/\/www.hadleygroup.com\/fr\/"},{"@type":"ListItem","position":2,"name":"Profilage sur mesure","item":"https:\/\/www.hadleygroup.com\/fr\/profilage-sur-mesure\/"},{"@type":"ListItem","position":3,"name":"ING\u00c9NIERIE","item":"https:\/\/www.hadleygroup.com\/fr\/profilage-sur-mesure\/ingenierie\/"},{"@type":"ListItem","position":4,"name":"Outillage et conception"}]},{"@type":"WebSite","@id":"https:\/\/www.hadleygroup.com\/fr\/#website","url":"https:\/\/www.hadleygroup.com\/fr\/","name":"Hadley Group","description":"Shaping the Future in Metal","publisher":{"@id":"https:\/\/www.hadleygroup.com\/fr\/#organization"},"potentialAction":[{"@type":"SearchAction","target":{"@type":"EntryPoint","urlTemplate":"https:\/\/www.hadleygroup.com\/fr\/?s={search_term_string}"},"query-input":{"@type":"PropertyValueSpecification","valueRequired":true,"valueName":"search_term_string"}}],"inLanguage":"fr-FR"},{"@type":"Organization","@id":"https:\/\/www.hadleygroup.com\/fr\/#organization","name":"Hadley Group","url":"https:\/\/www.hadleygroup.com\/fr\/","logo":{"@type":"ImageObject","inLanguage":"fr-FR","@id":"https:\/\/www.hadleygroup.com\/fr\/#\/schema\/logo\/image\/","url":"https:\/\/www.hadleygroup.com\/app\/uploads\/2023\/01\/Hadley-Group-logo.jpg","contentUrl":"https:\/\/www.hadleygroup.com\/app\/uploads\/2023\/01\/Hadley-Group-logo.jpg","width":1280,"height":300,"caption":"Hadley Group"},"image":{"@id":"https:\/\/www.hadleygroup.com\/fr\/#\/schema\/logo\/image\/"},"sameAs":["https:\/\/www.facebook.com\/HadleyGroupGlobal","https:\/\/x.com\/hadley_group","https:\/\/www.youtube.com\/@HadleyGroupSmethwick","https:\/\/www.linkedin.com\/company\/hadley-group-\/"]}]}},"_links":{"self":[{"href":"https:\/\/www.hadleygroup.com\/fr\/wp-json\/wp\/v2\/pages\/1900","targetHints":{"allow":["GET"]}}],"collection":[{"href":"https:\/\/www.hadleygroup.com\/fr\/wp-json\/wp\/v2\/pages"}],"about":[{"href":"https:\/\/www.hadleygroup.com\/fr\/wp-json\/wp\/v2\/types\/page"}],"author":[{"embeddable":true,"href":"https:\/\/www.hadleygroup.com\/fr\/wp-json\/wp\/v2\/users\/3"}],"replies":[{"embeddable":true,"href":"https:\/\/www.hadleygroup.com\/fr\/wp-json\/wp\/v2\/comments?post=1900"}],"version-history":[{"count":5,"href":"https:\/\/www.hadleygroup.com\/fr\/wp-json\/wp\/v2\/pages\/1900\/revisions"}],"predecessor-version":[{"id":6971,"href":"https:\/\/www.hadleygroup.com\/fr\/wp-json\/wp\/v2\/pages\/1900\/revisions\/6971"}],"up":[{"embeddable":true,"href":"https:\/\/www.hadleygroup.com\/fr\/wp-json\/wp\/v2\/pages\/2087"}],"wp:attachment":[{"href":"https:\/\/www.hadleygroup.com\/fr\/wp-json\/wp\/v2\/media?parent=1900"}],"wp:term":[{"taxonomy":"category","embeddable":true,"href":"https:\/\/www.hadleygroup.com\/fr\/wp-json\/wp\/v2\/categories?post=1900"}],"curies":[{"name":"wp","href":"https:\/\/api.w.org\/{rel}","templated":true}]}}