{"id":1889,"date":"2022-04-02T09:57:42","date_gmt":"2022-04-02T09:57:42","guid":{"rendered":"https:\/\/www.hadleygroup.com\/ultrasteel\/"},"modified":"2025-09-08T10:56:49","modified_gmt":"2025-09-08T10:56:49","slug":"ultrasteel","status":"publish","type":"page","link":"https:\/\/www.hadleygroup.com\/fr\/ultrasteel\/","title":{"rendered":"UltraSteel"},"content":{"rendered":"<background-video inline-template :autoplay=\"true\" video=\"\"> \n<section class=\"wp-block-stradigi-gutenberg-hero g-hero container-fluid p-0 g-hero--has-overlay\" style=\"background-image:url(&quot;https:\/\/www.hadleygroup.com\/app\/uploads\/2022\/04\/Hadley-Group-Produt1243000376.jpg&quot;)\" data-youtube-url=\"\"><div class=\"g-hero--filter\"><\/div><div class=\"g-hero__container container\"><div class=\"g-hero__wrap\"><h1 class=\"g-hero__heading\">HadleyULTRASTEEL<sup>\u00ae<\/sup><\/h1><div class=\"g-hero__body\"><div class=\"g-hero__body__text\"><p><strong>Stronger, lighter and better for the Planet<\/strong>.<br\/>Get access to our exclusive UltraSTEEL\u00ae technology to produce stronger roll-formed products using less material.\u00a0<\/p><\/div><div class=\"g-hero__body__buttons\"><a href=\"https:\/\/www.hadleygroup.com\/fr\/contact\/\" class=\"c-button\">Contact Us<i class=\"fas fa-sm fa-chevron-right\"><\/i><\/a><\/div><\/div><\/div><div class=\"g-hero__chevron__container d-none d-lg-block\"><i class=\"fas fa-chevron-down fa-3x scrollDown\"><\/i><\/div><\/div><\/section>\n <\/background-video><div class=\"JB-1 h-section-background\">\n<section class=\"wp-block-stradigi-gutenberg-fixed-spacer g-spacer g-spacer--size-medium\"><\/section>\n<\/div><section class=\"JB-1 h-section-background g-text\"><div class=\"container\"><div class=\"row\"><div class=\"col-lg-8\"><div class=\"g-text__title\">\n<h6 class=\"wp-block-heading\">Le proc\u00e9d\u00e9 <sup>UltraSTEEL\u00ae<\/sup> du Groupe Hadley, brevet\u00e9 au niveau international, est une technologie de laminage \u00e0 froid qui vous permet d&#8217;am\u00e9liorer l&#8217;efficacit\u00e9 de vos produits, de gagner du poids et de r\u00e9duire l&#8217;utilisation des mati\u00e8res premi\u00e8res.  <\/h6>\n<\/div><\/div><\/div><\/div><\/section><accordion inline-template> <div class=\"JB-1 h-section-background\">\n<section class=\"wp-block-stradigi-gutenberg-accordion g-accordion\"><div class=\"container g-accordion__wrapper-relative\"><div class=\"row g-accordion__wrapper-relative-fg\"><div class=\"col-md-7\"><div class=\"g-accordion__container\"><h2 class=\"g-accordion__title\"><strong>Fully patented and exclusive to Hadley<\/strong>\u00a0<\/h2><ul class=\"g-accordion__list\"><li class=\"g-accordion__list-item\"><header class=\"g-accordion__list-header\"><i v-if=\"itemActive(0)\" class=\"fas fa-minus-circle g-accordion__list-icon g-accordion__list-icon--minus\"><\/i><i v-if=\"!itemActive(0)\" class=\"fas fa-plus-circle g-accordion__list-icon g-accordion__list-icon--plus\" @click=\"setActive(0)\"><\/i><h3 class=\"g-accordion__list-title\"><strong>Create stronger metal parts<\/strong>\u00a0<\/h3><\/header><p v-if=\"itemActive(0)\" class=\"g-accordion__list-text\">Produce metal profiles up to 20% stronger with our patented UltraSTEEL<sup>\u00ae<\/sup> roll-forming process.\u00a0<\/p><\/li><li class=\"g-accordion__list-item\"><header class=\"g-accordion__list-header\"><i v-if=\"itemActive(1)\" class=\"fas fa-minus-circle g-accordion__list-icon g-accordion__list-icon--minus\"><\/i><i v-if=\"!itemActive(1)\" class=\"fas fa-plus-circle g-accordion__list-icon g-accordion__list-icon--plus\" @click=\"setActive(1)\"><\/i><h3 class=\"g-accordion__list-title\"><strong>Use less material<\/strong>\u00a0<\/h3><\/header><p v-if=\"itemActive(1)\" class=\"g-accordion__list-text\">Cut the weight of your cold-rolled metal parts by up to 20% \u2014 without sacrificing strength or stability.\u00a0<\/p><\/li><li class=\"g-accordion__list-item\"><header class=\"g-accordion__list-header\"><i v-if=\"itemActive(2)\" class=\"fas fa-minus-circle g-accordion__list-icon g-accordion__list-icon--minus\"><\/i><i v-if=\"!itemActive(2)\" class=\"fas fa-plus-circle g-accordion__list-icon g-accordion__list-icon--plus\" @click=\"setActive(2)\"><\/i><h3 class=\"g-accordion__list-title\"><strong>Reduce your environmental impact<\/strong>\u00a0<\/h3><\/header><p v-if=\"itemActive(2)\" class=\"g-accordion__list-text\">Create thinner and lighter finished products to minimise your use of raw materials and the fuel used in transport.\u00a0<\/p><\/li><\/ul><\/div><\/div><\/div><div class=\"row g-accordion__wrapper-absolute\"><div class=\"offset-md-1 col-md-4 offset-lg-2 col-lg-3\"><div class=\"g-accordion__bg\" style=\"background-image:none\"><\/div><\/div><\/div><\/div><\/section>\n<\/div> <\/accordion><div class=\"JB-1 h-section-background\">\n<section class=\"wp-block-stradigi-gutenberg-fixed-spacer g-spacer g-spacer--size-small\"><\/section>\n<\/div><div class=\"JB-1 h-section-background\">\n<section class=\"wp-block-stradigi-gutenberg-text-image g-text-image\"><div class=\"container\"><div class=\"g-text-image__row row\"><div data-translate=\"true\" class=\"order-2 offset-xl-1 col-md-5\"><div class=\"g-text-image__content\"><section class=\"JB-1 h-section-background g-text\"><div class=\"container\"><div class=\"row\"><div class=\"col-lg-8\"><div class=\"g-text__bodytext\">\n<p class=\"has-x-large-font-size\" style=\"text-transform:uppercase\"><strong>Comment cela fonctionne-t-il ?<\/strong> <\/p>\n<\/div><\/div><\/div><\/div><\/section>\n\n<section class=\"JB-1 h-section-background g-text\"><div class=\"container\"><div class=\"row\"><div class=\"col-lg-8\"><div class=\"g-text__bodytext\">\n<p><sup>UltraSTEEL\u00ae<\/sup> est un proc\u00e9d\u00e9 brevet\u00e9 de laminage \u00e0 froid du m\u00e9tal qui peut \u00eatre int\u00e9gr\u00e9 \u00e0 votre ligne de production enti\u00e8rement automatis\u00e9e. <\/p>\n<\/div><\/div><\/div><\/div><\/section>\n\n<section class=\"JB-1 h-section-background g-text\"><div class=\"container\"><div class=\"row\"><div class=\"col-lg-8\"><div class=\"g-text__bodytext\">\n<p>En faisant passer des feuilles de m\u00e9tal \u00e0 travers une paire de rouleaux textur\u00e9s, le m\u00e9tal form\u00e9 par laminage acquiert un effet de relief uniforme. <\/p>\n<\/div><\/div><\/div><\/div><\/section>\n\n<section class=\"JB-1 h-section-background g-text\"><div class=\"container\"><div class=\"row\"><div class=\"col-lg-8\"><div class=\"g-text__bodytext\">\n<p>Cet effet de relief am\u00e9liore la r\u00e9sistance de vos pi\u00e8ces m\u00e9talliques finies, ce qui vous permet d&#8217;utiliser moins de m\u00e9tal et de r\u00e9duire votre impact sur l&#8217;environnement. <\/p>\n<\/div><\/div><\/div><\/div><\/section><\/div><\/div><article data-translate=\"true\" class=\"order-1 col-md-7 col-xl-6\"><div class=\"g-text-image__sidenote\"><img decoding=\"async\" class=\"g-text-image__image\" src=\"https:\/\/www.hadleygroup.com\/app\/uploads\/2022\/05\/Ultrasteel-profile-close-up-1024x461.jpg\" alt=\"ultrasteel-profile-close-up\"\/><\/div><\/article><\/div><\/div><\/section>\n<\/div><div class=\"JB-1 h-section-background\">\n<section class=\"wp-block-stradigi-gutenberg-fixed-spacer g-spacer g-spacer--size-medium\"><\/section>\n<\/div><section class=\"JB-1 h-section-background g-text\"><div class=\"container\"><div class=\"row\"><div class=\"col-lg-8\"><div class=\"g-text__bodytext\">\n<p>Introduit en 1982 et r\u00e9compens\u00e9 par le Queen&#8217;s Award for Enterprise: Innovation en 2006 et 2014, il continue de fa\u00e7onner l&#8217;utilisation des m\u00e9taux lamin\u00e9s \u00e0 froid dans une vaste gamme d&#8217;applications. <\/p>\n<\/div><\/div><\/div><\/div><\/section><section class=\"JB-1 h-section-background g-text\"><div class=\"container\"><div class=\"row\"><div class=\"col-lg-8\"><div class=\"g-text__bodytext\">\n<ul class=\"wp-block-list\">\n<li>Le r\u00e9sultat de plus de 35 ans d&#8217;investissement en R&amp;D <\/li>\n\n\n\n<li>Jusqu&#8217;\u00e0 20 % de r\u00e9sistance en plus, jusqu&#8217;\u00e0 20 % de mati\u00e8re premi\u00e8re en moins <\/li>\n\n\n\n<li>Plus d&#8217;1 milliard de m\u00e8tres produits chaque ann\u00e9e <\/li>\n\n\n\n<li>Plus de 100 000 tonnes produites chaque ann\u00e9e <\/li>\n\n\n\n<li>Fabriqu\u00e9 sur plus de 300 machines \u00e0 rouler dans le monde <\/li>\n<\/ul>\n<\/div><\/div><\/div><\/div><\/section><section class=\"JB-1 h-section-background g-text\"><div class=\"container\"><div class=\"row\"><div class=\"col-lg-8\"><div class=\"g-text__title\">\n<h2 class=\"wp-block-heading\">PLUS FORT DE CONCEPTION<\/h2>\n<\/div><\/div><\/div><\/div><\/section><section class=\"JB-1 h-section-background g-text\"><div class=\"container\"><div class=\"row\"><div class=\"col-lg-8\"><div class=\"g-text__bodytext\">\n<p>UltraSTEEL<sup>\u00ae<\/sup> est un proc\u00e9d\u00e9 de pr\u00e9formage lamin\u00e9 \u00e0 froid avec une structure m\u00e9tallique alv\u00e9ol\u00e9e qui cr\u00e9e un m\u00e9tal de base localement \u00e9croui. C&#8217;est le m\u00e9tal form\u00e9 entre les deux rouleaux d&#8217;accouplement qui produit ce motif alv\u00e9ol\u00e9 sur la surface du mat\u00e9riau. L&#8217;\u00e9paisseur effective du mat\u00e9riau est augment\u00e9e en d\u00e9formant localement la bande \u00e0 deux fois son \u00e9paisseur d&#8217;origine, ce qui entra\u00eene un \u00e9crouissage substantiel et une r\u00e9sistance accrue.   <\/p>\n<\/div><\/div><\/div><\/div><\/section><section class=\"JB-1 h-section-background g-text\"><div class=\"container\"><div class=\"row\"><div class=\"col-lg-8\"><div class=\"g-text__title\">\n<h2 class=\"wp-block-heading\">PLUS VERT DE CONCEPTION<\/h2>\n<\/div><\/div><\/div><\/div><\/section><section class=\"JB-1 h-section-background g-text\"><div class=\"container\"><div class=\"row\"><div class=\"col-lg-8\"><div class=\"g-text__bodytext\">\n<p>Les produits UltraSTEEL <sup>\u00ae<\/sup> utilisent moins de m\u00e9tal, ce qui r\u00e9duit l&#8217;impact de votre entreprise sur l&#8217;environnement. Il en r\u00e9sulte \u00e9galement des produits plus l\u00e9gers, permettant une exp\u00e9dition plus efficace et une r\u00e9duction de la pollution li\u00e9e au transport. Ces avantages sont encore renforc\u00e9s par des conceptions de produits efficaces, des capacit\u00e9s de fabrication de haute pr\u00e9cision et la possibilit\u00e9 d&#8217;appliquer le proc\u00e9d\u00e9 UltraSTEEL <sup>\u00ae<\/sup> au m\u00e9tal recycl\u00e9.   <\/p>\n<\/div><\/div><\/div><\/div><\/section><div class=\"JB-1 h-section-background\">\n<section class=\"wp-block-stradigi-gutenberg-text-image g-text-image\"><div class=\"container\"><div class=\"g-text-image__row row\"><div data-translate=\"true\" class=\"order-1 col-md-5\"><div class=\"g-text-image__content\"><section class=\"JB-1 h-section-background g-text\"><div class=\"container\"><div class=\"row\"><div class=\"col-lg-8\"><div class=\"g-text__title\">\n<h5 class=\"wp-block-heading\">SIMULATION VIRTUELLE<\/h5>\n<\/div><\/div><\/div><\/div><\/section>\n\n<section class=\"JB-1 h-section-background g-text\"><div class=\"container\"><div class=\"row\"><div class=\"col-lg-8\"><div class=\"g-text__bodytext\">\n<p> <br\/>Votre projet b\u00e9n\u00e9ficiera de nos services d&#8217;assistance &#8211; y compris l&#8217;utilisation d&#8217;un logiciel de simulation sophistiqu\u00e9 pour \u00e9valuer les avantages d&#8217;UltraSTEEL <sup>\u00ae<\/sup> par rapport \u00e0 tout produit lamin\u00e9. <\/p>\n<\/div><\/div><\/div><\/div><\/section>\n\n<section class=\"JB-1 h-section-background g-text\"><div class=\"container\"><div class=\"row\"><div class=\"col-lg-8\"><div class=\"g-text__bodytext\">\n<p><strong>Le proc\u00e9d\u00e9 <sup>UltraSTEEL\u00ae<\/sup> : <\/strong><\/p>\n<\/div><\/div><\/div><\/div><\/section>\n\n<section class=\"JB-1 h-section-background g-text\"><div class=\"container\"><div class=\"row\"><div class=\"col-lg-8\"><div class=\"g-text__bodytext\">\n<ul class=\"wp-block-list\">\n<li>\u00c9TAPE 1 : Une simulation est sp\u00e9cifi\u00e9e en utilisant les propri\u00e9t\u00e9s de votre mat\u00e9riau et l&#8217;\u00e9paisseur du m\u00e9tal. <\/li>\n\n\n\n<li>\u00c9TAPE 2 : La formation du produit lamin\u00e9 est simul\u00e9e pour d\u00e9terminer la r\u00e9partition des contraintes et des d\u00e9formations dans le m\u00e9tal. <\/li>\n\n\n\n<li>\u00c9TAPE 3 : Votre produit est ensuite test\u00e9 virtuellement dans un arrangement ou un syst\u00e8me qui refl\u00e8te l&#8217;application. <\/li>\n<\/ul>\n<\/div><\/div><\/div><\/div><\/section><\/div><\/div><article data-translate=\"true\" class=\"order-2 col-md-7 offset-xl-1 col-xl-6\"><div class=\"g-text-image__sidenote\"><img decoding=\"async\" class=\"g-text-image__image\" src=\"https:\/\/www.hadleygroup.com\/app\/uploads\/2022\/04\/DSC_1857-1024x464.jpg\" alt=\"dsc_1857\"\/><\/div><\/article><\/div><\/div><\/section>\n<\/div><div class=\"JB-1 h-section-background\">\n<section class=\"wp-block-stradigi-gutenberg-fixed-spacer g-spacer g-spacer--size-small\"><\/section>\n<\/div><div class=\"JB-1 h-section-background\">\n<section class=\"wp-block-stradigi-gutenberg-cta-one g-cta-one\"><div class=\"container\"><div class=\"g-cta-one__row row\"><div class=\"col-sm-12 col-lg-8\"><h2 class=\"g-cta-one__title\"><h2 class=\"g-cta-one__title\"><strong>See the benefits before production<\/strong><\/h2><\/h2><div class=\"g-cta-one__content\"><p>Our expert engineers use simulation technology to model the effects of UltraSTEEL<sup>\u00ae<\/sup> on your specific metal parts.\u00a0<br>\u00a0<br>Using the latest software to carry out virtual tests, we can simulate your specific materials and designs \u2014 to show you exactly how much our exclusive process can improve the strength of your parts.<\/p><\/div><div class=\"g-cta-one__buttons\"><a href=\"https:\/\/www.hadleygroup.com\/fr\/contact\/\" class=\"g-cta-one__button-primary\" target=\"_blank\" rel=\"noopener\">Get in touch<i class=\"fas fa-sm fa-chevron-right\"><\/i><\/a><\/div><\/div><\/div><\/div><\/section>\n<\/div><div class=\"JB-1 h-section-background\">\n<section class=\"wp-block-stradigi-gutenberg-fixed-spacer g-spacer g-spacer--size-large\"><\/section>\n<\/div>","protected":false},"excerpt":{"rendered":"<p>Le proc\u00e9d\u00e9 UltraSTEEL\u00ae du Groupe Hadley, brevet\u00e9 au niveau international, est une technologie de laminage \u00e0 froid qui vous permet\u2026 <a href=\"https:\/\/www.hadleygroup.com\/fr\/ultrasteel\/\">&#8230;<\/a><\/p>\n","protected":false},"author":3,"featured_media":0,"parent":0,"menu_order":0,"comment_status":"closed","ping_status":"closed","template":"","meta":{"_acf_changed":false,"footnotes":""},"categories":[101],"class_list":["post-1889","page","type-page","status-publish","hentry","category-custom-roll-forming-fr"],"acf":[],"yoast_head":"<!-- This site is optimized with the Yoast SEO Premium plugin v25.1 (Yoast SEO v26.3) - https:\/\/yoast.com\/wordpress\/plugins\/seo\/ -->\n<title>Technologie UltraSTEEL\u00ae pour des produits lamin\u00e9s plus r\u00e9sistants -Hadley Group%.<\/title>\n<meta name=\"description\" content=\"Le proc\u00e9d\u00e9 UltraSTEEL\u00ae du Groupe Hadley est une technologie de moulage par laminage \u00e0 froid qui peut vous aider \u00e0 am\u00e9liorer l&#039;efficacit\u00e9 de vos produits. Contactez nous !\" \/>\n<meta name=\"robots\" content=\"index, follow, max-snippet:-1, max-image-preview:large, max-video-preview:-1\" \/>\n<link rel=\"canonical\" href=\"https:\/\/www.hadleygroup.com\/fr\/ultrasteel\/\" \/>\n<meta property=\"og:locale\" content=\"fr_FR\" \/>\n<meta property=\"og:type\" content=\"article\" \/>\n<meta property=\"og:title\" content=\"UltraSteel\" \/>\n<meta property=\"og:description\" content=\"Le proc\u00e9d\u00e9 UltraSTEEL\u00ae du Groupe Hadley est une technologie de moulage par laminage \u00e0 froid qui peut vous aider \u00e0 am\u00e9liorer l&#039;efficacit\u00e9 de vos produits. Contactez nous !\" \/>\n<meta property=\"og:url\" content=\"https:\/\/www.hadleygroup.com\/fr\/ultrasteel\/\" \/>\n<meta property=\"og:site_name\" content=\"Hadley Group\" \/>\n<meta property=\"article:publisher\" content=\"https:\/\/www.facebook.com\/HadleyGroupGlobal\" \/>\n<meta property=\"article:modified_time\" content=\"2025-09-08T10:56:49+00:00\" \/>\n<meta property=\"og:image\" content=\"https:\/\/www.hadleygroup.com\/app\/uploads\/2022\/05\/Ultrasteel-profile-close-up-1024x461.jpg\" \/>\n<meta name=\"twitter:card\" content=\"summary_large_image\" \/>\n<meta name=\"twitter:site\" content=\"@hadley_group\" \/>\n<meta name=\"twitter:label1\" content=\"Est. reading time\" \/>\n\t<meta name=\"twitter:data1\" content=\"2 minutes\" \/>\n<script type=\"application\/ld+json\" class=\"yoast-schema-graph\">{\"@context\":\"https:\/\/schema.org\",\"@graph\":[{\"@type\":\"WebPage\",\"@id\":\"https:\/\/www.hadleygroup.com\/fr\/ultrasteel\/\",\"url\":\"https:\/\/www.hadleygroup.com\/fr\/ultrasteel\/\",\"name\":\"Technologie UltraSTEEL\u00ae pour des produits lamin\u00e9s plus r\u00e9sistants -Hadley Group%.\",\"isPartOf\":{\"@id\":\"https:\/\/www.hadleygroup.com\/fr\/#website\"},\"primaryImageOfPage\":{\"@id\":\"https:\/\/www.hadleygroup.com\/fr\/ultrasteel\/#primaryimage\"},\"image\":{\"@id\":\"https:\/\/www.hadleygroup.com\/fr\/ultrasteel\/#primaryimage\"},\"thumbnailUrl\":\"https:\/\/www.hadleygroup.com\/app\/uploads\/2022\/05\/Ultrasteel-profile-close-up-1024x461.jpg\",\"datePublished\":\"2022-04-02T09:57:42+00:00\",\"dateModified\":\"2025-09-08T10:56:49+00:00\",\"description\":\"Le proc\u00e9d\u00e9 UltraSTEEL\u00ae du Groupe Hadley est une technologie de moulage par laminage \u00e0 froid qui peut vous aider \u00e0 am\u00e9liorer l'efficacit\u00e9 de vos produits. Contactez nous !\",\"breadcrumb\":{\"@id\":\"https:\/\/www.hadleygroup.com\/fr\/ultrasteel\/#breadcrumb\"},\"inLanguage\":\"fr-FR\",\"potentialAction\":[{\"@type\":\"ReadAction\",\"target\":[\"https:\/\/www.hadleygroup.com\/fr\/ultrasteel\/\"]}]},{\"@type\":\"ImageObject\",\"inLanguage\":\"fr-FR\",\"@id\":\"https:\/\/www.hadleygroup.com\/fr\/ultrasteel\/#primaryimage\",\"url\":\"https:\/\/www.hadleygroup.com\/app\/uploads\/2022\/05\/Ultrasteel-profile-close-up-1024x461.jpg\",\"contentUrl\":\"https:\/\/www.hadleygroup.com\/app\/uploads\/2022\/05\/Ultrasteel-profile-close-up-1024x461.jpg\"},{\"@type\":\"BreadcrumbList\",\"@id\":\"https:\/\/www.hadleygroup.com\/fr\/ultrasteel\/#breadcrumb\",\"itemListElement\":[{\"@type\":\"ListItem\",\"position\":1,\"name\":\"Home\",\"item\":\"https:\/\/www.hadleygroup.com\/fr\/\"},{\"@type\":\"ListItem\",\"position\":2,\"name\":\"UltraSteel\"}]},{\"@type\":\"WebSite\",\"@id\":\"https:\/\/www.hadleygroup.com\/fr\/#website\",\"url\":\"https:\/\/www.hadleygroup.com\/fr\/\",\"name\":\"Hadley Group\",\"description\":\"Shaping the Future in Metal\",\"publisher\":{\"@id\":\"https:\/\/www.hadleygroup.com\/fr\/#organization\"},\"potentialAction\":[{\"@type\":\"SearchAction\",\"target\":{\"@type\":\"EntryPoint\",\"urlTemplate\":\"https:\/\/www.hadleygroup.com\/fr\/?s={search_term_string}\"},\"query-input\":{\"@type\":\"PropertyValueSpecification\",\"valueRequired\":true,\"valueName\":\"search_term_string\"}}],\"inLanguage\":\"fr-FR\"},{\"@type\":\"Organization\",\"@id\":\"https:\/\/www.hadleygroup.com\/fr\/#organization\",\"name\":\"Hadley Group\",\"url\":\"https:\/\/www.hadleygroup.com\/fr\/\",\"logo\":{\"@type\":\"ImageObject\",\"inLanguage\":\"fr-FR\",\"@id\":\"https:\/\/www.hadleygroup.com\/fr\/#\/schema\/logo\/image\/\",\"url\":\"https:\/\/www.hadleygroup.com\/app\/uploads\/2023\/01\/Hadley-Group-logo.jpg\",\"contentUrl\":\"https:\/\/www.hadleygroup.com\/app\/uploads\/2023\/01\/Hadley-Group-logo.jpg\",\"width\":1280,\"height\":300,\"caption\":\"Hadley Group\"},\"image\":{\"@id\":\"https:\/\/www.hadleygroup.com\/fr\/#\/schema\/logo\/image\/\"},\"sameAs\":[\"https:\/\/www.facebook.com\/HadleyGroupGlobal\",\"https:\/\/x.com\/hadley_group\",\"https:\/\/www.youtube.com\/@HadleyGroupSmethwick\",\"https:\/\/www.linkedin.com\/company\/hadley-group-\/\"]}]}<\/script>\n<!-- \/ Yoast SEO Premium plugin. -->","yoast_head_json":{"title":"Technologie UltraSTEEL\u00ae pour des produits lamin\u00e9s plus r\u00e9sistants -Hadley Group%.","description":"Le proc\u00e9d\u00e9 UltraSTEEL\u00ae du Groupe Hadley est une technologie de moulage par laminage \u00e0 froid qui peut vous aider \u00e0 am\u00e9liorer l'efficacit\u00e9 de vos produits. Contactez nous !","robots":{"index":"index","follow":"follow","max-snippet":"max-snippet:-1","max-image-preview":"max-image-preview:large","max-video-preview":"max-video-preview:-1"},"canonical":"https:\/\/www.hadleygroup.com\/fr\/ultrasteel\/","og_locale":"fr_FR","og_type":"article","og_title":"UltraSteel","og_description":"Le proc\u00e9d\u00e9 UltraSTEEL\u00ae du Groupe Hadley est une technologie de moulage par laminage \u00e0 froid qui peut vous aider \u00e0 am\u00e9liorer l'efficacit\u00e9 de vos produits. Contactez nous !","og_url":"https:\/\/www.hadleygroup.com\/fr\/ultrasteel\/","og_site_name":"Hadley Group","article_publisher":"https:\/\/www.facebook.com\/HadleyGroupGlobal","article_modified_time":"2025-09-08T10:56:49+00:00","og_image":[{"url":"https:\/\/www.hadleygroup.com\/app\/uploads\/2022\/05\/Ultrasteel-profile-close-up-1024x461.jpg","type":"","width":"","height":""}],"twitter_card":"summary_large_image","twitter_site":"@hadley_group","twitter_misc":{"Est. reading time":"2 minutes"},"schema":{"@context":"https:\/\/schema.org","@graph":[{"@type":"WebPage","@id":"https:\/\/www.hadleygroup.com\/fr\/ultrasteel\/","url":"https:\/\/www.hadleygroup.com\/fr\/ultrasteel\/","name":"Technologie UltraSTEEL\u00ae pour des produits lamin\u00e9s plus r\u00e9sistants -Hadley Group%.","isPartOf":{"@id":"https:\/\/www.hadleygroup.com\/fr\/#website"},"primaryImageOfPage":{"@id":"https:\/\/www.hadleygroup.com\/fr\/ultrasteel\/#primaryimage"},"image":{"@id":"https:\/\/www.hadleygroup.com\/fr\/ultrasteel\/#primaryimage"},"thumbnailUrl":"https:\/\/www.hadleygroup.com\/app\/uploads\/2022\/05\/Ultrasteel-profile-close-up-1024x461.jpg","datePublished":"2022-04-02T09:57:42+00:00","dateModified":"2025-09-08T10:56:49+00:00","description":"Le proc\u00e9d\u00e9 UltraSTEEL\u00ae du Groupe Hadley est une technologie de moulage par laminage \u00e0 froid qui peut vous aider \u00e0 am\u00e9liorer l'efficacit\u00e9 de vos produits. Contactez nous !","breadcrumb":{"@id":"https:\/\/www.hadleygroup.com\/fr\/ultrasteel\/#breadcrumb"},"inLanguage":"fr-FR","potentialAction":[{"@type":"ReadAction","target":["https:\/\/www.hadleygroup.com\/fr\/ultrasteel\/"]}]},{"@type":"ImageObject","inLanguage":"fr-FR","@id":"https:\/\/www.hadleygroup.com\/fr\/ultrasteel\/#primaryimage","url":"https:\/\/www.hadleygroup.com\/app\/uploads\/2022\/05\/Ultrasteel-profile-close-up-1024x461.jpg","contentUrl":"https:\/\/www.hadleygroup.com\/app\/uploads\/2022\/05\/Ultrasteel-profile-close-up-1024x461.jpg"},{"@type":"BreadcrumbList","@id":"https:\/\/www.hadleygroup.com\/fr\/ultrasteel\/#breadcrumb","itemListElement":[{"@type":"ListItem","position":1,"name":"Home","item":"https:\/\/www.hadleygroup.com\/fr\/"},{"@type":"ListItem","position":2,"name":"UltraSteel"}]},{"@type":"WebSite","@id":"https:\/\/www.hadleygroup.com\/fr\/#website","url":"https:\/\/www.hadleygroup.com\/fr\/","name":"Hadley Group","description":"Shaping the Future in Metal","publisher":{"@id":"https:\/\/www.hadleygroup.com\/fr\/#organization"},"potentialAction":[{"@type":"SearchAction","target":{"@type":"EntryPoint","urlTemplate":"https:\/\/www.hadleygroup.com\/fr\/?s={search_term_string}"},"query-input":{"@type":"PropertyValueSpecification","valueRequired":true,"valueName":"search_term_string"}}],"inLanguage":"fr-FR"},{"@type":"Organization","@id":"https:\/\/www.hadleygroup.com\/fr\/#organization","name":"Hadley Group","url":"https:\/\/www.hadleygroup.com\/fr\/","logo":{"@type":"ImageObject","inLanguage":"fr-FR","@id":"https:\/\/www.hadleygroup.com\/fr\/#\/schema\/logo\/image\/","url":"https:\/\/www.hadleygroup.com\/app\/uploads\/2023\/01\/Hadley-Group-logo.jpg","contentUrl":"https:\/\/www.hadleygroup.com\/app\/uploads\/2023\/01\/Hadley-Group-logo.jpg","width":1280,"height":300,"caption":"Hadley Group"},"image":{"@id":"https:\/\/www.hadleygroup.com\/fr\/#\/schema\/logo\/image\/"},"sameAs":["https:\/\/www.facebook.com\/HadleyGroupGlobal","https:\/\/x.com\/hadley_group","https:\/\/www.youtube.com\/@HadleyGroupSmethwick","https:\/\/www.linkedin.com\/company\/hadley-group-\/"]}]}},"_links":{"self":[{"href":"https:\/\/www.hadleygroup.com\/fr\/wp-json\/wp\/v2\/pages\/1889","targetHints":{"allow":["GET"]}}],"collection":[{"href":"https:\/\/www.hadleygroup.com\/fr\/wp-json\/wp\/v2\/pages"}],"about":[{"href":"https:\/\/www.hadleygroup.com\/fr\/wp-json\/wp\/v2\/types\/page"}],"author":[{"embeddable":true,"href":"https:\/\/www.hadleygroup.com\/fr\/wp-json\/wp\/v2\/users\/3"}],"replies":[{"embeddable":true,"href":"https:\/\/www.hadleygroup.com\/fr\/wp-json\/wp\/v2\/comments?post=1889"}],"version-history":[{"count":10,"href":"https:\/\/www.hadleygroup.com\/fr\/wp-json\/wp\/v2\/pages\/1889\/revisions"}],"predecessor-version":[{"id":16181,"href":"https:\/\/www.hadleygroup.com\/fr\/wp-json\/wp\/v2\/pages\/1889\/revisions\/16181"}],"wp:attachment":[{"href":"https:\/\/www.hadleygroup.com\/fr\/wp-json\/wp\/v2\/media?parent=1889"}],"wp:term":[{"taxonomy":"category","embeddable":true,"href":"https:\/\/www.hadleygroup.com\/fr\/wp-json\/wp\/v2\/categories?post=1889"}],"curies":[{"name":"wp","href":"https:\/\/api.w.org\/{rel}","templated":true}]}}