{"id":1873,"date":"2022-04-02T09:53:08","date_gmt":"2022-04-02T09:53:08","guid":{"rendered":"https:\/\/www.hadleygroup.com\/assemblee\/"},"modified":"2025-09-08T09:15:26","modified_gmt":"2025-09-08T09:15:26","slug":"assemblage-personnalise","status":"publish","type":"page","link":"https:\/\/www.hadleygroup.com\/fr\/assemblage-personnalise\/","title":{"rendered":"Assembl\u00e9e"},"content":{"rendered":"<background-video inline-template :autoplay=\"true\" video=\"\"> \n<section class=\"wp-block-stradigi-gutenberg-hero g-hero container-fluid p-0 g-hero--has-overlay\" style=\"background-image:url(&quot;https:\/\/www.hadleygroup.com\/app\/uploads\/2022\/04\/DSC_1737.jpg&quot;)\" data-youtube-url=\"\"><div class=\"g-hero--filter\"><\/div><div class=\"g-hero__container container\"><div class=\"g-hero__wrap\"><h1 class=\"g-hero__heading\">Custom Assembly<\/h1><div class=\"g-hero__body\"><div class=\"g-hero__body__text\"><p>Save time and reduce labour costs by assembling your parts at the point of manufacture.\u00a0<\/p><\/div><div class=\"g-hero__body__buttons\"><\/div><\/div><\/div><div class=\"g-hero__chevron__container d-none d-lg-block\"><i class=\"fas fa-chevron-down fa-3x scrollDown\"><\/i><\/div><\/div><\/section>\n <\/background-video><div class=\"JB-1 h-section-background\">\n<section class=\"wp-block-stradigi-gutenberg-fixed-spacer g-spacer g-spacer--size-medium\"><\/section>\n<\/div><section class=\"JB-1 h-section-background g-text\"><div class=\"container\"><div class=\"row\"><div class=\"col-lg-8\"><div class=\"g-text__title\">\n<h6 class=\"wp-block-heading\">La production de votre pi\u00e8ce ne doit pas s&#8217;arr\u00eater au profil. En tant que fournisseur de solutions, vous pouvez b\u00e9n\u00e9ficier de notre capacit\u00e9 \u00e0 effectuer un assemblage secondaire hors ligne ou en ligne des pi\u00e8ces d&#8217;accouplement.<\/h6>\n<\/div><\/div><\/div><\/div><\/section><div class=\"JB-1 h-section-background\">\n<section class=\"wp-block-stradigi-gutenberg-fixed-spacer g-spacer g-spacer--size-small\"><\/section>\n<\/div><section class=\"JB-1 h-section-background g-text\"><div class=\"container\"><div class=\"row\"><div class=\"col-lg-8\"><div class=\"g-text__bodytext\">\n<p>Travailler avec vous pour concevoir et d\u00e9velopper des produits \u00e0 partir de z\u00e9ro nous permet de concevoir pour l&#8217;assemblage, en particulier lorsque nous examinons des fonctionnalit\u00e9s avec des tol\u00e9rances serr\u00e9es. Cette op\u00e9ration \u00e0 valeur ajout\u00e9e peut \u00eatre effectu\u00e9e sur la ligne de profilage (\u00e0 l&#8217;aide de robots automatis\u00e9s et de machines sp\u00e9ciales) ou par une simple op\u00e9ration manuelle avant que le produit ne soit emball\u00e9 dans une cellule d&#8217;assemblage personnalis\u00e9e.<\/p>\n<\/div><\/div><\/div><\/div><\/section><section class=\"JB-1 h-section-background g-text\"><div class=\"container\"><div class=\"row\"><div class=\"col-lg-8\"><div class=\"g-text__bodytext\">\n<p>Lorsque vous \u00eates sur site, les d\u00e9fis li\u00e9s \u00e0 l&#8217;espace et au temps signifient que votre priorit\u00e9 num\u00e9ro un est d&#8217;avoir le produit pr\u00eat \u00e0 s&#8217;enclencher dans sa structure de grille (et de m\u00eame, dans l&#8217;assemblage automobile). La main-d&#8217;\u0153uvre op\u00e9rationnelle hautement qualifi\u00e9e de Hadley, dot\u00e9e des derniers outils, r\u00e9alise votre assemblage de mani\u00e8re rapide, pr\u00e9cise et reproductible. Employant les \u00ab\u00a0principes Lean\u00a0\u00bb pour obtenir la meilleure m\u00e9thode d&#8217;assemblage pour vous (et notre main-d&#8217;\u0153uvre) en conjonction avec un contr\u00f4le de qualit\u00e9 final avant l&#8217;exp\u00e9dition.<\/p>\n<\/div><\/div><\/div><\/div><\/section><div class=\"JB-1 h-section-background\">\n<section class=\"wp-block-stradigi-gutenberg-fixed-spacer g-spacer g-spacer--size-medium\"><\/section>\n<\/div><div class=\"JB-1 h-section-background\">\n<section class=\"wp-block-stradigi-gutenberg-text-image g-text-image\"><div class=\"container\"><div class=\"g-text-image__row row\"><div data-translate=\"true\" class=\"order-1 col-md-5\"><div class=\"g-text-image__content\">\n<section class=\"JB-1 h-section-background g-text\"><div class=\"container\"><div class=\"row\"><div class=\"col-lg-8\"><div class=\"g-text__bodytext\">\n<p>L&#8217;assemblage personnalis\u00e9 de vos produits peut prendre de nombreuses formes &#8211; du simple serrage de sections m\u00e9talliques lamin\u00e9es dos \u00e0 dos avec des pistolets dynamom\u00e9triques manuels personnalis\u00e9s, \u00e0 une solution enti\u00e8rement automatis\u00e9e pour g\u00e9rer le mouvement et l&#8217;assemblage de sections de 2,5 m de long (fabriqu\u00e9es \u00e0 partir d&#8217;acier de calibre 5 mm) &#8211; tout en maintenant une tol\u00e9rance d&#8217;une fraction de millim\u00e8tre sur les fentes et les trous de r\u00e9f\u00e9rence (avec des mesures critiques enregistr\u00e9es pour la tra\u00e7abilit\u00e9 des lots). <\/p>\n<\/div><\/div><\/div><\/div><\/section>\n<section class=\"JB-1 h-section-background g-text\"><div class=\"container\"><div class=\"row\"><div class=\"col-lg-8\"><div class=\"g-text__bodytext\">\n<p>La production typique de l&#8217;une de nos cha\u00eenes de montage (utilisant un m\u00e9lange d&#8217;op\u00e9rateurs qualifi\u00e9s et des outils les plus r\u00e9cents) est d&#8217;environ 10 000 pi\u00e8ces par semaine, ce qui comprend le pressage, le boulonnage, le collage ou le soudage de nos profil\u00e9s m\u00e9talliques lamin\u00e9s ensemble. <\/p>\n<\/div><\/div><\/div><\/div><\/section>\n<\/div><\/div><article data-translate=\"true\" class=\"order-2 col-md-7 offset-xl-1 col-xl-6\"><div class=\"g-text-image__sidenote\"><img decoding=\"async\" class=\"g-text-image__image\" src=\"https:\/\/www.hadleygroup.com\/app\/uploads\/2022\/04\/DSC_1344.1-1024x681.jpg\" alt=\"dsc_1344-1\"\/><\/div><\/article><\/div><\/div><\/section>\n<\/div><div class=\"JB-1 h-section-background\">\n<section class=\"wp-block-stradigi-gutenberg-fixed-spacer g-spacer g-spacer--size-medium\"><\/section>\n<\/div><section class=\"JB-1 h-section-background g-text\"><div class=\"container\"><div class=\"row\"><div class=\"col-lg-8\"><div class=\"g-text__title\">\n<h6 class=\"wp-block-heading\">Pour vous assurer que vos d\u00e9fis d&#8217;assemblage sont r\u00e9duits, cette solution vous sera propos\u00e9e au d\u00e9but du projet, ce qui vous fera gagner du temps et des ressources. <\/h6>\n<\/div><\/div><\/div><\/div><\/section><div class=\"JB-1 h-section-background\">\n<section class=\"wp-block-stradigi-gutenberg-subtitle g-text g-text--text-aligns-left\"><div class=\"container\"><div class=\"row\"><div class=\"col-md-10 col-lg-8\"><div class=\"g-text__subtitle\">The assemble processes include:<\/div><\/div><\/div><\/div><\/section>\n<\/div><section class=\"JB-1 h-section-background g-text\"><div class=\"container\"><div class=\"row\"><div class=\"col-lg-8\"><div class=\"g-text__bodytext\">\n<ul class=\"wp-block-list\">\n<li>Composants structurels personnalis\u00e9s allant de 100 mm \u00e0 5 m de longueur. <\/li>\n\n\n\n<li>Collage des plastiques aux m\u00e9taux <\/li>\n\n\n\n<li>Pressage<\/li>\n\n\n\n<li>Sertissage<\/li>\n\n\n\n<li>Serrage de fixations sp\u00e9cialis\u00e9es \u00e0 une valeur de couple requise <\/li>\n\n\n\n<li>Soudage <\/li>\n\n\n\n<li>Automatisation \u00e0 l&#8217;aide de machines sp\u00e9ciales <\/li>\n<\/ul>\n<\/div><\/div><\/div><\/div><\/section><div class=\"JB-1 h-section-background\">\n<section class=\"wp-block-stradigi-gutenberg-text-cta g-text\"><div class=\"container\"><div class=\"row\"><div class=\"col-lg-8\"><div class=\"g-text__bodytext\"><p>Contact our specialists today to find out how we can work together on your project needs. <\/p><\/div><a href=\"https:\/\/www.hadleygroup.com\/fr\/contact\/\" class=\"c-button g-text__button\">Contact us<i class=\"fas fa-sm fa-chevron-right\"><\/i><\/a><\/div><\/div><\/div><\/section>\n<\/div><div class=\"JB-1 h-section-background\">\n<section class=\"wp-block-stradigi-gutenberg-fixed-spacer g-spacer g-spacer--size-medium\"><\/section>\n<\/div>","protected":false},"excerpt":{"rendered":"<p>La production de votre pi\u00e8ce ne doit pas s&#8217;arr\u00eater au profil. En tant que fournisseur de solutions, vous pouvez b\u00e9n\u00e9ficier\u2026 <a href=\"https:\/\/www.hadleygroup.com\/fr\/assemblage-personnalise\/\">&#8230;<\/a><\/p>\n","protected":false},"author":3,"featured_media":0,"parent":0,"menu_order":0,"comment_status":"closed","ping_status":"closed","template":"","meta":{"_acf_changed":false,"footnotes":""},"categories":[],"class_list":["post-1873","page","type-page","status-publish","hentry"],"acf":[],"yoast_head":"<!-- This site is optimized with the Yoast SEO Premium plugin v25.1 (Yoast SEO v26.3) - https:\/\/yoast.com\/wordpress\/plugins\/seo\/ -->\n<title>Assemblage personnalis\u00e9 - Hadley Group<\/title>\n<meta name=\"description\" content=\"L&#039;assemblage de vos produits vous pose-t-il des probl\u00e8mes ? Alors contactez-nous d\u00e8s aujourd&#039;hui et d\u00e9couvrez comment nous pouvons travailler ensemble sur les besoins de votre projet !\" \/>\n<meta name=\"robots\" content=\"index, follow, max-snippet:-1, max-image-preview:large, max-video-preview:-1\" \/>\n<link rel=\"canonical\" href=\"https:\/\/www.hadleygroup.com\/fr\/assemblage-personnalise\/\" \/>\n<meta property=\"og:locale\" content=\"fr_FR\" \/>\n<meta property=\"og:type\" content=\"article\" \/>\n<meta property=\"og:title\" content=\"Assembl\u00e9e\" \/>\n<meta property=\"og:description\" content=\"L&#039;assemblage de vos produits vous pose-t-il des probl\u00e8mes ? Alors contactez-nous d\u00e8s aujourd&#039;hui et d\u00e9couvrez comment nous pouvons travailler ensemble sur les besoins de votre projet !\" \/>\n<meta property=\"og:url\" content=\"https:\/\/www.hadleygroup.com\/fr\/assemblage-personnalise\/\" \/>\n<meta property=\"og:site_name\" content=\"Hadley Group\" \/>\n<meta property=\"article:publisher\" content=\"https:\/\/www.facebook.com\/HadleyGroupGlobal\" \/>\n<meta property=\"article:modified_time\" content=\"2025-09-08T09:15:26+00:00\" \/>\n<meta property=\"og:image\" content=\"https:\/\/www.hadleygroup.com\/app\/uploads\/2022\/04\/DSC_1344.1-1024x681.jpg\" \/>\n<meta name=\"twitter:card\" content=\"summary_large_image\" \/>\n<meta name=\"twitter:site\" content=\"@hadley_group\" \/>\n<meta name=\"twitter:label1\" content=\"Est. reading time\" \/>\n\t<meta name=\"twitter:data1\" content=\"2 minutes\" \/>\n<script type=\"application\/ld+json\" class=\"yoast-schema-graph\">{\"@context\":\"https:\/\/schema.org\",\"@graph\":[{\"@type\":\"WebPage\",\"@id\":\"https:\/\/www.hadleygroup.com\/fr\/assemblage-personnalise\/\",\"url\":\"https:\/\/www.hadleygroup.com\/fr\/assemblage-personnalise\/\",\"name\":\"Assemblage personnalis\u00e9 - Hadley Group\",\"isPartOf\":{\"@id\":\"https:\/\/www.hadleygroup.com\/fr\/#website\"},\"primaryImageOfPage\":{\"@id\":\"https:\/\/www.hadleygroup.com\/fr\/assemblage-personnalise\/#primaryimage\"},\"image\":{\"@id\":\"https:\/\/www.hadleygroup.com\/fr\/assemblage-personnalise\/#primaryimage\"},\"thumbnailUrl\":\"https:\/\/www.hadleygroup.com\/app\/uploads\/2022\/04\/DSC_1344.1-1024x681.jpg\",\"datePublished\":\"2022-04-02T09:53:08+00:00\",\"dateModified\":\"2025-09-08T09:15:26+00:00\",\"description\":\"L'assemblage de vos produits vous pose-t-il des probl\u00e8mes ? Alors contactez-nous d\u00e8s aujourd'hui et d\u00e9couvrez comment nous pouvons travailler ensemble sur les besoins de votre projet !\",\"breadcrumb\":{\"@id\":\"https:\/\/www.hadleygroup.com\/fr\/assemblage-personnalise\/#breadcrumb\"},\"inLanguage\":\"fr-FR\",\"potentialAction\":[{\"@type\":\"ReadAction\",\"target\":[\"https:\/\/www.hadleygroup.com\/fr\/assemblage-personnalise\/\"]}]},{\"@type\":\"ImageObject\",\"inLanguage\":\"fr-FR\",\"@id\":\"https:\/\/www.hadleygroup.com\/fr\/assemblage-personnalise\/#primaryimage\",\"url\":\"https:\/\/www.hadleygroup.com\/app\/uploads\/2022\/04\/DSC_1344.1-1024x681.jpg\",\"contentUrl\":\"https:\/\/www.hadleygroup.com\/app\/uploads\/2022\/04\/DSC_1344.1-1024x681.jpg\"},{\"@type\":\"BreadcrumbList\",\"@id\":\"https:\/\/www.hadleygroup.com\/fr\/assemblage-personnalise\/#breadcrumb\",\"itemListElement\":[{\"@type\":\"ListItem\",\"position\":1,\"name\":\"Home\",\"item\":\"https:\/\/www.hadleygroup.com\/fr\/\"},{\"@type\":\"ListItem\",\"position\":2,\"name\":\"Assembl\u00e9e\"}]},{\"@type\":\"WebSite\",\"@id\":\"https:\/\/www.hadleygroup.com\/fr\/#website\",\"url\":\"https:\/\/www.hadleygroup.com\/fr\/\",\"name\":\"Hadley Group\",\"description\":\"Shaping the Future in Metal\",\"publisher\":{\"@id\":\"https:\/\/www.hadleygroup.com\/fr\/#organization\"},\"potentialAction\":[{\"@type\":\"SearchAction\",\"target\":{\"@type\":\"EntryPoint\",\"urlTemplate\":\"https:\/\/www.hadleygroup.com\/fr\/?s={search_term_string}\"},\"query-input\":{\"@type\":\"PropertyValueSpecification\",\"valueRequired\":true,\"valueName\":\"search_term_string\"}}],\"inLanguage\":\"fr-FR\"},{\"@type\":\"Organization\",\"@id\":\"https:\/\/www.hadleygroup.com\/fr\/#organization\",\"name\":\"Hadley Group\",\"url\":\"https:\/\/www.hadleygroup.com\/fr\/\",\"logo\":{\"@type\":\"ImageObject\",\"inLanguage\":\"fr-FR\",\"@id\":\"https:\/\/www.hadleygroup.com\/fr\/#\/schema\/logo\/image\/\",\"url\":\"https:\/\/www.hadleygroup.com\/app\/uploads\/2023\/01\/Hadley-Group-logo.jpg\",\"contentUrl\":\"https:\/\/www.hadleygroup.com\/app\/uploads\/2023\/01\/Hadley-Group-logo.jpg\",\"width\":1280,\"height\":300,\"caption\":\"Hadley Group\"},\"image\":{\"@id\":\"https:\/\/www.hadleygroup.com\/fr\/#\/schema\/logo\/image\/\"},\"sameAs\":[\"https:\/\/www.facebook.com\/HadleyGroupGlobal\",\"https:\/\/x.com\/hadley_group\",\"https:\/\/www.youtube.com\/@HadleyGroupSmethwick\",\"https:\/\/www.linkedin.com\/company\/hadley-group-\/\"]}]}<\/script>\n<!-- \/ Yoast SEO Premium plugin. -->","yoast_head_json":{"title":"Assemblage personnalis\u00e9 - Hadley Group","description":"L'assemblage de vos produits vous pose-t-il des probl\u00e8mes ? Alors contactez-nous d\u00e8s aujourd'hui et d\u00e9couvrez comment nous pouvons travailler ensemble sur les besoins de votre projet !","robots":{"index":"index","follow":"follow","max-snippet":"max-snippet:-1","max-image-preview":"max-image-preview:large","max-video-preview":"max-video-preview:-1"},"canonical":"https:\/\/www.hadleygroup.com\/fr\/assemblage-personnalise\/","og_locale":"fr_FR","og_type":"article","og_title":"Assembl\u00e9e","og_description":"L'assemblage de vos produits vous pose-t-il des probl\u00e8mes ? Alors contactez-nous d\u00e8s aujourd'hui et d\u00e9couvrez comment nous pouvons travailler ensemble sur les besoins de votre projet !","og_url":"https:\/\/www.hadleygroup.com\/fr\/assemblage-personnalise\/","og_site_name":"Hadley Group","article_publisher":"https:\/\/www.facebook.com\/HadleyGroupGlobal","article_modified_time":"2025-09-08T09:15:26+00:00","og_image":[{"url":"https:\/\/www.hadleygroup.com\/app\/uploads\/2022\/04\/DSC_1344.1-1024x681.jpg","type":"","width":"","height":""}],"twitter_card":"summary_large_image","twitter_site":"@hadley_group","twitter_misc":{"Est. reading time":"2 minutes"},"schema":{"@context":"https:\/\/schema.org","@graph":[{"@type":"WebPage","@id":"https:\/\/www.hadleygroup.com\/fr\/assemblage-personnalise\/","url":"https:\/\/www.hadleygroup.com\/fr\/assemblage-personnalise\/","name":"Assemblage personnalis\u00e9 - Hadley Group","isPartOf":{"@id":"https:\/\/www.hadleygroup.com\/fr\/#website"},"primaryImageOfPage":{"@id":"https:\/\/www.hadleygroup.com\/fr\/assemblage-personnalise\/#primaryimage"},"image":{"@id":"https:\/\/www.hadleygroup.com\/fr\/assemblage-personnalise\/#primaryimage"},"thumbnailUrl":"https:\/\/www.hadleygroup.com\/app\/uploads\/2022\/04\/DSC_1344.1-1024x681.jpg","datePublished":"2022-04-02T09:53:08+00:00","dateModified":"2025-09-08T09:15:26+00:00","description":"L'assemblage de vos produits vous pose-t-il des probl\u00e8mes ? Alors contactez-nous d\u00e8s aujourd'hui et d\u00e9couvrez comment nous pouvons travailler ensemble sur les besoins de votre projet !","breadcrumb":{"@id":"https:\/\/www.hadleygroup.com\/fr\/assemblage-personnalise\/#breadcrumb"},"inLanguage":"fr-FR","potentialAction":[{"@type":"ReadAction","target":["https:\/\/www.hadleygroup.com\/fr\/assemblage-personnalise\/"]}]},{"@type":"ImageObject","inLanguage":"fr-FR","@id":"https:\/\/www.hadleygroup.com\/fr\/assemblage-personnalise\/#primaryimage","url":"https:\/\/www.hadleygroup.com\/app\/uploads\/2022\/04\/DSC_1344.1-1024x681.jpg","contentUrl":"https:\/\/www.hadleygroup.com\/app\/uploads\/2022\/04\/DSC_1344.1-1024x681.jpg"},{"@type":"BreadcrumbList","@id":"https:\/\/www.hadleygroup.com\/fr\/assemblage-personnalise\/#breadcrumb","itemListElement":[{"@type":"ListItem","position":1,"name":"Home","item":"https:\/\/www.hadleygroup.com\/fr\/"},{"@type":"ListItem","position":2,"name":"Assembl\u00e9e"}]},{"@type":"WebSite","@id":"https:\/\/www.hadleygroup.com\/fr\/#website","url":"https:\/\/www.hadleygroup.com\/fr\/","name":"Hadley Group","description":"Shaping the Future in Metal","publisher":{"@id":"https:\/\/www.hadleygroup.com\/fr\/#organization"},"potentialAction":[{"@type":"SearchAction","target":{"@type":"EntryPoint","urlTemplate":"https:\/\/www.hadleygroup.com\/fr\/?s={search_term_string}"},"query-input":{"@type":"PropertyValueSpecification","valueRequired":true,"valueName":"search_term_string"}}],"inLanguage":"fr-FR"},{"@type":"Organization","@id":"https:\/\/www.hadleygroup.com\/fr\/#organization","name":"Hadley Group","url":"https:\/\/www.hadleygroup.com\/fr\/","logo":{"@type":"ImageObject","inLanguage":"fr-FR","@id":"https:\/\/www.hadleygroup.com\/fr\/#\/schema\/logo\/image\/","url":"https:\/\/www.hadleygroup.com\/app\/uploads\/2023\/01\/Hadley-Group-logo.jpg","contentUrl":"https:\/\/www.hadleygroup.com\/app\/uploads\/2023\/01\/Hadley-Group-logo.jpg","width":1280,"height":300,"caption":"Hadley Group"},"image":{"@id":"https:\/\/www.hadleygroup.com\/fr\/#\/schema\/logo\/image\/"},"sameAs":["https:\/\/www.facebook.com\/HadleyGroupGlobal","https:\/\/x.com\/hadley_group","https:\/\/www.youtube.com\/@HadleyGroupSmethwick","https:\/\/www.linkedin.com\/company\/hadley-group-\/"]}]}},"_links":{"self":[{"href":"https:\/\/www.hadleygroup.com\/fr\/wp-json\/wp\/v2\/pages\/1873","targetHints":{"allow":["GET"]}}],"collection":[{"href":"https:\/\/www.hadleygroup.com\/fr\/wp-json\/wp\/v2\/pages"}],"about":[{"href":"https:\/\/www.hadleygroup.com\/fr\/wp-json\/wp\/v2\/types\/page"}],"author":[{"embeddable":true,"href":"https:\/\/www.hadleygroup.com\/fr\/wp-json\/wp\/v2\/users\/3"}],"replies":[{"embeddable":true,"href":"https:\/\/www.hadleygroup.com\/fr\/wp-json\/wp\/v2\/comments?post=1873"}],"version-history":[{"count":8,"href":"https:\/\/www.hadleygroup.com\/fr\/wp-json\/wp\/v2\/pages\/1873\/revisions"}],"predecessor-version":[{"id":16129,"href":"https:\/\/www.hadleygroup.com\/fr\/wp-json\/wp\/v2\/pages\/1873\/revisions\/16129"}],"wp:attachment":[{"href":"https:\/\/www.hadleygroup.com\/fr\/wp-json\/wp\/v2\/media?parent=1873"}],"wp:term":[{"taxonomy":"category","embeddable":true,"href":"https:\/\/www.hadleygroup.com\/fr\/wp-json\/wp\/v2\/categories?post=1873"}],"curies":[{"name":"wp","href":"https:\/\/api.w.org\/{rel}","templated":true}]}}