{"id":5673,"date":"2022-02-27T13:35:31","date_gmt":"2022-02-27T13:35:31","guid":{"rendered":"https:\/\/www.hadleygroup.com\/erklaerung-zum-modern-slavery-act\/"},"modified":"2025-09-08T11:47:54","modified_gmt":"2025-09-08T11:47:54","slug":"erklarung-zum-gesetz-zur-modernen-sklaverei","status":"publish","type":"page","link":"https:\/\/www.hadleygroup.com\/de\/rechtliches\/erklarung-zum-gesetz-zur-modernen-sklaverei\/","title":{"rendered":"Erkl\u00e4rung zum Modern Slavery Act"},"content":{"rendered":"\n<div style=\"height:100px\" aria-hidden=\"true\" class=\"wp-block-spacer\"><\/div>\n\n<div style=\"height:100px\" aria-hidden=\"true\" class=\"wp-block-spacer\"><\/div>\n<section class=\"JB-1 h-section-background g-text\"><div class=\"container\"><div class=\"row\"><div class=\"col-lg-8\"><div class=\"g-text__title\">\n<h1 class=\"wp-block-heading\">Erkl\u00e4rung zum Modern Slavery Act<\/h1>\n<\/div><\/div><\/div><\/div><\/section><section class=\"JB-1 h-section-background g-text\"><div class=\"container\"><div class=\"row\"><div class=\"col-lg-8\"><div class=\"g-text__bodytext\">\n<p>Diese Erkl\u00e4rung erfolgt gem\u00e4\u00df Abschnitt 54, Teil 6 des Modern Slavery Act 2015 und stellt die Erkl\u00e4rung zur modernen Sklaverei und zum Menschenhandel im Namen der Hadley Industries Holdings Limited (&#8220;Hadley&#8221;) f\u00fcr das Gesch\u00e4ftsjahr bis zum 30. April 2026 dar.<\/p>\n<\/div><\/div><\/div><\/div><\/section><section class=\"JB-1 h-section-background g-text\"><div class=\"container\"><div class=\"row\"><div class=\"col-lg-8\"><div class=\"g-text__bodytext\">\n<p>Wir haben unsere letzte Erkl\u00e4rung zur modernen Sklaverei und zum Menschenhandel \u00fcberpr\u00fcft. In dieser Erkl\u00e4rung werden die Schritte dargelegt, die Hadley weiterhin unternimmt, und gegebenenfalls neue Schritte, die im vergangenen Gesch\u00e4ftsjahr eingeleitet wurden, um dem Risiko moderner Sklaverei in den eigenen Betrieben und in den Lieferketten zu begegnen.<\/p>\n<\/div><\/div><\/div><\/div><\/section><section class=\"JB-1 h-section-background g-text\"><div class=\"container\"><div class=\"row\"><div class=\"col-lg-8\"><div class=\"g-text__bodytext\">\n<p>F\u00fcr die Zwecke dieser Erkl\u00e4rung werden Joint-Venture-Vereinbarungen als Teil unserer Lieferketten behandelt.<\/p>\n<\/div><\/div><\/div><\/div><\/section><section class=\"JB-1 h-section-background g-text\"><div class=\"container\"><div class=\"row\"><div class=\"col-lg-8\"><div class=\"g-text__title\">\n<h2 class=\"wp-block-heading\"><strong>UNSER ENGAGEMENT<\/strong><\/h2>\n<\/div><\/div><\/div><\/div><\/section><section class=\"JB-1 h-section-background g-text\"><div class=\"container\"><div class=\"row\"><div class=\"col-lg-8\"><div class=\"g-text__bodytext\">\n<p>Hadley hat sich verpflichtet, daf\u00fcr zu sorgen, dass es in seinen Lieferketten oder in irgendeinem Teil seines Unternehmens keine moderne Sklaverei und keinen Menschenhandel gibt, und legt die gleichen hohen Standards f\u00fcr seine Lieferanten fest.<\/p>\n<\/div><\/div><\/div><\/div><\/section><section class=\"JB-1 h-section-background g-text\"><div class=\"container\"><div class=\"row\"><div class=\"col-lg-8\"><div class=\"g-text__title\">\n<h2 class=\"wp-block-heading\"><strong>UNSERE ORGANISATIONSSTRUKTUR<\/strong><\/h2>\n<\/div><\/div><\/div><\/div><\/section><section class=\"JB-1 h-section-background g-text\"><div class=\"container\"><div class=\"row\"><div class=\"col-lg-8\"><div class=\"g-text__bodytext\">\n<p>Hadley ist der gr\u00f6\u00dfte unabh\u00e4ngige Hersteller von kaltgewalzten Metallprofilen in Gro\u00dfbritannien. Wir sind die Muttergesellschaft der Hadley-Gruppe, deren Hauptsitz sich im Vereinigten K\u00f6nigreich befindet. Die Gruppe ist weltweit t\u00e4tig und besch\u00e4ftigt \u00fcber 700 Mitarbeiter in vier L\u00e4ndern, die einen Jahresumsatz von 180 Millionen Pfund erwirtschaften.<\/p>\n<\/div><\/div><\/div><\/div><\/section><section class=\"JB-1 h-section-background g-text\"><div class=\"container\"><div class=\"row\"><div class=\"col-lg-8\"><div class=\"g-text__title\">\n<h2 class=\"wp-block-heading\"><strong>UNSER GESCH\u00c4FT<\/strong><\/h2>\n<\/div><\/div><\/div><\/div><\/section><section class=\"JB-1 h-section-background g-text\"><div class=\"container\"><div class=\"row\"><div class=\"col-lg-8\"><div class=\"g-text__bodytext\">\n<p>Unser Gesch\u00e4ft ist in drei Gesch\u00e4ftsbereiche gegliedert:<\/p>\n<\/div><\/div><\/div><\/div><\/section><section class=\"JB-1 h-section-background g-text\"><div class=\"container\"><div class=\"row\"><div class=\"col-lg-8\"><div class=\"g-text__bodytext\">\n<ul class=\"wp-block-list\">\n<li>Bauwesen: Anbieter einer Reihe von strukturellen und nicht-strukturellen Produkten, darunter Stahlprofile, Stahlrahmen, Pfettensysteme, Trockenbauprodukte, T\u00fcr- und Fensterverst\u00e4rkungen, die allesamt darauf ausgelegt sind, die Konstruktion zu rationalisieren, die Leistung zu verbessern und die Nachhaltigkeit zu maximieren.<\/li>\n\n\n\n<li>Automobilindustrie: Anbieter von rollgeformten Profilen f\u00fcr den Automobilmarkt, spezialisiert auf die Herstellung anspruchsvoller und komplexer Komponenten.<\/li>\n\n\n\n<li>Industriell: Anbieter von kaltgewalzten Profilen und zugeh\u00f6rigen Produkten f\u00fcr den Industriemarkt, spezialisiert auf die Herstellung von hochfesten, gewichtssparenden und gro\u00dfvolumigen Komponenten.<\/li>\n<\/ul>\n<\/div><\/div><\/div><\/div><\/section><section class=\"JB-1 h-section-background g-text\"><div class=\"container\"><div class=\"row\"><div class=\"col-lg-8\"><div class=\"g-text__title\">\n<h2 class=\"wp-block-heading\"><strong>UNSERE LIEFERKETTEN<\/strong><\/h2>\n<\/div><\/div><\/div><\/div><\/section><section class=\"JB-1 h-section-background g-text\"><div class=\"container\"><div class=\"row\"><div class=\"col-lg-8\"><div class=\"g-text__bodytext\">\n<p>Hadley bezieht Teile, Komponenten, Dienstleistungen, Lieferungen und Rohstoffe von einer gro\u00dfen Anzahl von Lieferanten. Unsere Lieferketten sind daher sehr umfangreich und umfassen \u00fcber sechshundert Lieferanten in sechs L\u00e4ndern. Wir arbeiten auch mit einer Reihe von Zulieferern im Vereinigten K\u00f6nigreich zusammen, darunter professionelle Dienstleistungsunternehmen. Zu unseren britischen Lieferketten geh\u00f6ren:<\/p>\n<\/div><\/div><\/div><\/div><\/section><section class=\"JB-1 h-section-background g-text\"><div class=\"container\"><div class=\"row\"><div class=\"col-lg-8\"><div class=\"g-text__bodytext\">\n<ul class=\"wp-block-list\">\n<li>Agentur.<\/li>\n\n\n\n<li>Vertrieb.<\/li>\n\n\n\n<li>Beschaffung von Waren und Dienstleistungen.<\/li>\n\n\n\n<li>Outsourcing.<\/li>\n\n\n\n<li>Unterauftragsvergabe.<\/li>\n<\/ul>\n<\/div><\/div><\/div><\/div><\/section><section class=\"JB-1 h-section-background g-text\"><div class=\"container\"><div class=\"row\"><div class=\"col-lg-8\"><div class=\"g-text__title\">\n<h2 class=\"wp-block-heading\"><strong>UNSERE POLITIKEN<\/strong><\/h2>\n<\/div><\/div><\/div><\/div><\/section><section class=\"JB-1 h-section-background g-text\"><div class=\"container\"><div class=\"row\"><div class=\"col-lg-8\"><div class=\"g-text__bodytext\">\n<p>Im Rahmen unserer Verpflichtung zur Bek\u00e4mpfung der modernen Sklaverei und des Menschenhandels wenden wir die folgenden Richtlinien und Verfahren an, die unsere Verpflichtung widerspiegeln, in allen unseren Gesch\u00e4ftsbeziehungen ethisch und integer zu handeln und wirksame Systeme und Kontrollen einzuf\u00fchren und durchzusetzen, um sicherzustellen, dass moderne Sklaverei und Menschenhandel nirgendwo in unseren Betrieben stattfinden:<\/p>\n<\/div><\/div><\/div><\/div><\/section><section class=\"JB-1 h-section-background g-text\"><div class=\"container\"><div class=\"row\"><div class=\"col-lg-8\"><div class=\"g-text__bodytext\">\n<ul class=\"wp-block-list\">\n<li><strong>Whistleblowing-Richtlinie<\/strong> &#8211; Diese Richtlinie richtet sich in erster Linie an Mitarbeiter, steht aber auch anderen Personen zur Verf\u00fcgung, die in unseren Lieferketten t\u00e4tig sind, einschlie\u00dflich Kunden und Gesch\u00e4ftspartnern, um sie zu ermutigen, mutma\u00dfliches Fehlverhalten im Zusammenhang mit den direkten Aktivit\u00e4ten oder den Lieferketten unseres Unternehmens zu melden, ohne Vergeltungsma\u00dfnahmen bef\u00fcrchten zu m\u00fcssen. Dazu geh\u00f6ren alle Umst\u00e4nde, die ein erh\u00f6htes Risiko f\u00fcr moderne Sklaverei oder Menschenhandel mit sich bringen.<\/li>\n\n\n\n<li><strong>Beschwerdepolitik<\/strong> &#8211; \u00e4hnlich wie die Whistleblowing-Politik erm\u00f6glicht sie es den Mitarbeitern, Bedenken in Bezug auf vermutetes Fehlverhalten intern zu \u00e4u\u00dfern, ohne Vergeltungsma\u00dfnahmen bef\u00fcrchten zu m\u00fcssen.<\/li>\n\n\n\n<li><strong>Anti-Sklaverei-Politik<\/strong>: Sie spiegelt unsere Verpflichtung wider, in allen unseren Gesch\u00e4ftsbeziehungen ethisch und integer zu handeln und wirksame Systeme und Kontrollen einzuf\u00fchren und durchzusetzen, um sicherzustellen, dass moderne Sklaverei und Menschenhandel nirgendwo in unserem Unternehmen oder in unseren Lieferketten vorkommen.<\/li>\n<\/ul>\n<\/div><\/div><\/div><\/div><\/section><section class=\"JB-1 h-section-background g-text\"><div class=\"container\"><div class=\"row\"><div class=\"col-lg-8\"><div class=\"g-text__bodytext\">\n<p>Im Rahmen unserer Initiativen zur Identifizierung und Minderung von Risiken \u00fcberpr\u00fcfen wir regelm\u00e4\u00dfig bestehende Richtlinien und Praktiken als Teil unserer laufenden Compliance-Verpflichtungen bei der Erstellung dieser Erkl\u00e4rung.<\/p>\n<\/div><\/div><\/div><\/div><\/section><section class=\"JB-1 h-section-background g-text\"><div class=\"container\"><div class=\"row\"><div class=\"col-lg-8\"><div class=\"g-text__title\">\n<h2 class=\"wp-block-heading\"><strong>GEB\u00dcHRENDE DILIGENZ<\/strong><\/h2>\n<\/div><\/div><\/div><\/div><\/section><section class=\"JB-1 h-section-background g-text\"><div class=\"container\"><div class=\"row\"><div class=\"col-lg-8\"><div class=\"g-text__bodytext\">\n<p>Im Rahmen unserer Bem\u00fchungen, das Risiko der modernen Sklaverei und des Menschenhandels in unserem Unternehmen und in unseren Lieferketten zu \u00fcberwachen und zu verringern, haben wir die folgenden Sorgfaltspr\u00fcfungsverfahren eingef\u00fchrt:<\/p>\n<\/div><\/div><\/div><\/div><\/section><section class=\"JB-1 h-section-background g-text\"><div class=\"container\"><div class=\"row\"><div class=\"col-lg-8\"><div class=\"g-text__bodytext\">\n<ul class=\"wp-block-list\">\n<li>Wir vermitteln unseren Tier-1-Lieferanten die erwarteten Standards im Umgang mit dem Risiko der modernen Sklaverei und des Menschenhandels in ihren Lieferketten.<\/li>\n\n\n\n<li>Die Einhaltung des Modern Slavery Act 2015 ist ein fester Bestandteil unserer Verhandlungen und Vertr\u00e4ge mit solchen Lieferanten, unabh\u00e4ngig von ihrer Gr\u00f6\u00dfe. Lieferanten, die gegen diese Verpflichtung versto\u00dfen, m\u00fcssen mit entsprechenden Ma\u00dfnahmen rechnen, die bis zur Beendigung von Vertr\u00e4gen und\/oder der Gesch\u00e4ftsbeziehung reichen k\u00f6nnen.<\/li>\n\n\n\n<li>Wir f\u00fchren Audits bei Tier-1-Lieferanten durch und verh\u00e4ngen gegebenenfalls Sanktionen gegen diese Lieferanten.<\/li>\n\n\n\n<li>Wir \u00fcberpr\u00fcfen die Arbeitsberechtigung aller Mitarbeiter vor Beginn der Besch\u00e4ftigung. Dazu geh\u00f6rt gegebenenfalls auch die \u00dcberpr\u00fcfung, ob der Arbeitnehmer \u00fcber ein g\u00fcltiges Arbeitsvisum verf\u00fcgt und das entsprechende Alter f\u00fcr die Arbeit erreicht hat.<\/li>\n<\/ul>\n<\/div><\/div><\/div><\/div><\/section><section class=\"JB-1 h-section-background g-text\"><div class=\"container\"><div class=\"row\"><div class=\"col-lg-8\"><div class=\"g-text__bodytext\">\n<p>Unsere Verfahren sind darauf ausgerichtet:<\/p>\n<\/div><\/div><\/div><\/div><\/section><section class=\"JB-1 h-section-background g-text\"><div class=\"container\"><div class=\"row\"><div class=\"col-lg-8\"><div class=\"g-text__bodytext\">\n<ul class=\"wp-block-list\">\n<li>Identifizierung und Bewertung potenzieller Risikobereiche in unseren Gesch\u00e4ften und Lieferketten, einschlie\u00dflich L\u00e4nder-, Gesch\u00e4fts- und Rohstoffrisiken.<\/li>\n\n\n\n<li>Minderung des Risikos von Sklaverei und Menschenhandel in unseren Unternehmen und Lieferketten.<\/li>\n\n\n\n<li>\u00dcberwachung potenzieller Risikobereiche in unseren Unternehmen und Lieferketten.<\/li>\n\n\n\n<li>Schutz von Whistleblowern.<\/li>\n<\/ul>\n<\/div><\/div><\/div><\/div><\/section><section class=\"JB-1 h-section-background g-text\"><div class=\"container\"><div class=\"row\"><div class=\"col-lg-8\"><div class=\"g-text__bodytext\">\n<p>Zum Zeitpunkt dieser Erkl\u00e4rung hat Hadley aufgrund der oben genannten Prozesse keinen Grund, die Existenz von moderner Sklaverei oder Menschenhandel in seinem Unternehmen oder seiner Lieferkette zu vermuten.<\/p>\n<\/div><\/div><\/div><\/div><\/section><section class=\"JB-1 h-section-background g-text\"><div class=\"container\"><div class=\"row\"><div class=\"col-lg-8\"><div class=\"g-text__title\">\n<h2 class=\"wp-block-heading\"><strong>UNSERE EFFEKTIVIT\u00c4T &amp; KPIs<\/strong><\/h2>\n<\/div><\/div><\/div><\/div><\/section><section class=\"JB-1 h-section-background g-text\"><div class=\"container\"><div class=\"row\"><div class=\"col-lg-8\"><div class=\"g-text__bodytext\">\n<p>Anhand der folgenden Leistungsindikatoren (Key Performance Indicators, KPIs) messen wir, wie effektiv wir sicherstellen, dass Sklaverei und Menschenhandel in keinem Teil unseres Unternehmens oder unserer Lieferketten vorkommen:<\/p>\n<\/div><\/div><\/div><\/div><\/section><section class=\"JB-1 h-section-background g-text\"><div class=\"container\"><div class=\"row\"><div class=\"col-lg-8\"><div class=\"g-text__bodytext\">\n<ul class=\"wp-block-list\">\n<li>Berichte \u00fcber Gesch\u00e4ftsfunktionen.<\/li>\n\n\n\n<li>Interne Mitarbeiterschulung und Einf\u00fchrungsprozesse.<\/li>\n\n\n\n<li>Besuche bei neuen Lieferanten.<\/li>\n<\/ul>\n<\/div><\/div><\/div><\/div><\/section><section class=\"JB-1 h-section-background g-text\"><div class=\"container\"><div class=\"row\"><div class=\"col-lg-8\"><div class=\"g-text__bodytext\">\n<p>Wir werden auch weiterhin unsere Praktiken innerhalb unserer Gesch\u00e4fts- und Lieferketten \u00fcberwachen und \u00fcberpr\u00fcfen, und wenn sich unsere Wahrnehmung des Risikos \u00e4ndert, werden wir unsere bestehenden Praktiken \u00fcberdenken.<\/p>\n<\/div><\/div><\/div><\/div><\/section><section class=\"JB-1 h-section-background g-text\"><div class=\"container\"><div class=\"row\"><div class=\"col-lg-8\"><div class=\"g-text__title\">\n<h2 class=\"wp-block-heading\"><strong>AUSBILDUNG<\/strong><\/h2>\n<\/div><\/div><\/div><\/div><\/section><section class=\"JB-1 h-section-background g-text\"><div class=\"container\"><div class=\"row\"><div class=\"col-lg-8\"><div class=\"g-text__bodytext\">\n<p>Diejenigen Mitarbeiter, die am ehesten in der Lage sind, potenzielle Risiken der modernen Sklaverei zu erkennen und anzugehen, werden geschult, darunter Mitarbeiter der Personal-, Vertriebs-, Finanz-, Pr\u00fcfungs- und Compliance-, Rechts- und Beschaffungsfunktionen.<\/p>\n<\/div><\/div><\/div><\/div><\/section><section class=\"JB-1 h-section-background g-text\"><div class=\"container\"><div class=\"row\"><div class=\"col-lg-8\"><div class=\"g-text__bodytext\">\n<p>Diese Schulung soll sicherstellen, dass ein hohes Ma\u00df an Verst\u00e4ndnis f\u00fcr die Risiken der modernen Sklaverei und des Menschenhandels in unseren Lieferketten und innerhalb unseres Unternehmens vorhanden ist.<\/p>\n<\/div><\/div><\/div><\/div><\/section><section class=\"JB-1 h-section-background g-text\"><div class=\"container\"><div class=\"row\"><div class=\"col-lg-8\"><div class=\"g-text__bodytext\">\n<p>Au\u00dferdem haben wir das Bewusstsein f\u00fcr die Risiken von Sklaverei und Menschenhandel innerhalb des Unternehmens und seiner Lieferketten in unseren Einf\u00fchrungsprozess f\u00fcr alle neuen Mitarbeiter, unabh\u00e4ngig von ihrer Funktion, integriert.<\/p>\n<\/div><\/div><\/div><\/div><\/section><section class=\"JB-1 h-section-background g-text\"><div class=\"container\"><div class=\"row\"><div class=\"col-lg-8\"><div class=\"g-text__title\">\n<h2 class=\"wp-block-heading\"><strong>GENEHMIGUNG<\/strong><\/h2>\n<\/div><\/div><\/div><\/div><\/section><section class=\"JB-1 h-section-background g-text\"><div class=\"container\"><div class=\"row\"><div class=\"col-lg-8\"><div class=\"g-text__bodytext\">\n<p>Diese Erkl\u00e4rung wurde vom Verwaltungsrat von Hadley ordnungsgem\u00e4\u00df genehmigt. Diese Erkl\u00e4rung wird in ihrem Namen und mit ihrer Zustimmung abgegeben.<\/p>\n<\/div><\/div><\/div><\/div><\/section>\n<div style=\"height:100px\" aria-hidden=\"true\" class=\"wp-block-spacer\"><\/div>\n","protected":false},"excerpt":{"rendered":"<p>Erkl\u00e4rung zum Modern Slavery Act Diese Erkl\u00e4rung erfolgt gem\u00e4\u00df Abschnitt 54, Teil 6 des Modern Slavery Act 2015 und stellt\u2026 <a href=\"https:\/\/www.hadleygroup.com\/de\/rechtliches\/erklarung-zum-gesetz-zur-modernen-sklaverei\/\">&#8230;<\/a><\/p>\n","protected":false},"author":3,"featured_media":0,"parent":5692,"menu_order":0,"comment_status":"closed","ping_status":"closed","template":"","meta":{"_acf_changed":false,"footnotes":""},"categories":[],"class_list":["post-5673","page","type-page","status-publish","hentry"],"acf":[],"yoast_head":"<!-- This site is optimized with the Yoast SEO Premium plugin v25.1 (Yoast SEO v26.3) - https:\/\/yoast.com\/wordpress\/plugins\/seo\/ -->\n<title>Erkl\u00e4rung zum Modern Slavery Act - Hadley Group<\/title>\n<meta name=\"description\" content=\"Siehe unsere Erkl\u00e4rung zum Modern Slavery Act - Hadley Group\" \/>\n<meta name=\"robots\" content=\"index, follow, max-snippet:-1, max-image-preview:large, max-video-preview:-1\" \/>\n<link rel=\"canonical\" href=\"https:\/\/www.hadleygroup.com\/de\/rechtliches\/erklarung-zum-gesetz-zur-modernen-sklaverei\/\" \/>\n<meta property=\"og:locale\" content=\"de_DE\" \/>\n<meta property=\"og:type\" content=\"article\" \/>\n<meta property=\"og:title\" content=\"Erkl\u00e4rung zum Modern Slavery Act\" \/>\n<meta property=\"og:description\" content=\"Siehe unsere Erkl\u00e4rung zum Modern Slavery Act - Hadley Group\" \/>\n<meta property=\"og:url\" content=\"https:\/\/www.hadleygroup.com\/de\/rechtliches\/erklarung-zum-gesetz-zur-modernen-sklaverei\/\" \/>\n<meta property=\"og:site_name\" content=\"Hadley Group\" \/>\n<meta property=\"article:publisher\" content=\"https:\/\/www.facebook.com\/HadleyGroupGlobal\" \/>\n<meta property=\"article:modified_time\" content=\"2025-09-08T11:47:54+00:00\" \/>\n<meta property=\"og:image\" content=\"https:\/\/www.hadleygroup.com\/app\/uploads\/2023\/01\/Hadley-Group-logo.jpg\" \/>\n\t<meta property=\"og:image:width\" content=\"1280\" \/>\n\t<meta property=\"og:image:height\" content=\"300\" \/>\n\t<meta property=\"og:image:type\" content=\"image\/jpeg\" \/>\n<meta name=\"twitter:card\" content=\"summary_large_image\" \/>\n<meta name=\"twitter:site\" content=\"@hadley_group\" \/>\n<meta name=\"twitter:label1\" content=\"Est. reading time\" \/>\n\t<meta name=\"twitter:data1\" content=\"5 minutes\" \/>\n<script type=\"application\/ld+json\" class=\"yoast-schema-graph\">{\"@context\":\"https:\/\/schema.org\",\"@graph\":[{\"@type\":\"WebPage\",\"@id\":\"https:\/\/www.hadleygroup.com\/de\/rechtliches\/erklarung-zum-gesetz-zur-modernen-sklaverei\/\",\"url\":\"https:\/\/www.hadleygroup.com\/de\/rechtliches\/erklarung-zum-gesetz-zur-modernen-sklaverei\/\",\"name\":\"Erkl\u00e4rung zum Modern Slavery Act - Hadley Group\",\"isPartOf\":{\"@id\":\"https:\/\/www.hadleygroup.com\/de\/#website\"},\"datePublished\":\"2022-02-27T13:35:31+00:00\",\"dateModified\":\"2025-09-08T11:47:54+00:00\",\"description\":\"Siehe unsere Erkl\u00e4rung zum Modern Slavery Act - Hadley Group\",\"breadcrumb\":{\"@id\":\"https:\/\/www.hadleygroup.com\/de\/rechtliches\/erklarung-zum-gesetz-zur-modernen-sklaverei\/#breadcrumb\"},\"inLanguage\":\"de-DE\",\"potentialAction\":[{\"@type\":\"ReadAction\",\"target\":[\"https:\/\/www.hadleygroup.com\/de\/rechtliches\/erklarung-zum-gesetz-zur-modernen-sklaverei\/\"]}]},{\"@type\":\"BreadcrumbList\",\"@id\":\"https:\/\/www.hadleygroup.com\/de\/rechtliches\/erklarung-zum-gesetz-zur-modernen-sklaverei\/#breadcrumb\",\"itemListElement\":[{\"@type\":\"ListItem\",\"position\":1,\"name\":\"Home\",\"item\":\"https:\/\/www.hadleygroup.com\/de\/\"},{\"@type\":\"ListItem\",\"position\":2,\"name\":\"Rechtliches\",\"item\":\"https:\/\/www.hadleygroup.com\/de\/rechtliches\/\"},{\"@type\":\"ListItem\",\"position\":3,\"name\":\"Erkl\u00e4rung zum Modern Slavery Act\"}]},{\"@type\":\"WebSite\",\"@id\":\"https:\/\/www.hadleygroup.com\/de\/#website\",\"url\":\"https:\/\/www.hadleygroup.com\/de\/\",\"name\":\"Hadley Group\",\"description\":\"Shaping the Future in Metal\",\"publisher\":{\"@id\":\"https:\/\/www.hadleygroup.com\/de\/#organization\"},\"potentialAction\":[{\"@type\":\"SearchAction\",\"target\":{\"@type\":\"EntryPoint\",\"urlTemplate\":\"https:\/\/www.hadleygroup.com\/de\/?s={search_term_string}\"},\"query-input\":{\"@type\":\"PropertyValueSpecification\",\"valueRequired\":true,\"valueName\":\"search_term_string\"}}],\"inLanguage\":\"de-DE\"},{\"@type\":\"Organization\",\"@id\":\"https:\/\/www.hadleygroup.com\/de\/#organization\",\"name\":\"Hadley Group\",\"url\":\"https:\/\/www.hadleygroup.com\/de\/\",\"logo\":{\"@type\":\"ImageObject\",\"inLanguage\":\"de-DE\",\"@id\":\"https:\/\/www.hadleygroup.com\/de\/#\/schema\/logo\/image\/\",\"url\":\"https:\/\/www.hadleygroup.com\/app\/uploads\/2023\/01\/Hadley-Group-logo.jpg\",\"contentUrl\":\"https:\/\/www.hadleygroup.com\/app\/uploads\/2023\/01\/Hadley-Group-logo.jpg\",\"width\":1280,\"height\":300,\"caption\":\"Hadley Group\"},\"image\":{\"@id\":\"https:\/\/www.hadleygroup.com\/de\/#\/schema\/logo\/image\/\"},\"sameAs\":[\"https:\/\/www.facebook.com\/HadleyGroupGlobal\",\"https:\/\/x.com\/hadley_group\",\"https:\/\/www.youtube.com\/@HadleyGroupSmethwick\",\"https:\/\/www.linkedin.com\/company\/hadley-group-\/\"]}]}<\/script>\n<!-- \/ Yoast SEO Premium plugin. -->","yoast_head_json":{"title":"Erkl\u00e4rung zum Modern Slavery Act - Hadley Group","description":"Siehe unsere Erkl\u00e4rung zum Modern Slavery Act - Hadley Group","robots":{"index":"index","follow":"follow","max-snippet":"max-snippet:-1","max-image-preview":"max-image-preview:large","max-video-preview":"max-video-preview:-1"},"canonical":"https:\/\/www.hadleygroup.com\/de\/rechtliches\/erklarung-zum-gesetz-zur-modernen-sklaverei\/","og_locale":"de_DE","og_type":"article","og_title":"Erkl\u00e4rung zum Modern Slavery Act","og_description":"Siehe unsere Erkl\u00e4rung zum Modern Slavery Act - Hadley Group","og_url":"https:\/\/www.hadleygroup.com\/de\/rechtliches\/erklarung-zum-gesetz-zur-modernen-sklaverei\/","og_site_name":"Hadley Group","article_publisher":"https:\/\/www.facebook.com\/HadleyGroupGlobal","article_modified_time":"2025-09-08T11:47:54+00:00","og_image":[{"width":1280,"height":300,"url":"https:\/\/www.hadleygroup.com\/app\/uploads\/2023\/01\/Hadley-Group-logo.jpg","type":"image\/jpeg"}],"twitter_card":"summary_large_image","twitter_site":"@hadley_group","twitter_misc":{"Est. reading time":"5 minutes"},"schema":{"@context":"https:\/\/schema.org","@graph":[{"@type":"WebPage","@id":"https:\/\/www.hadleygroup.com\/de\/rechtliches\/erklarung-zum-gesetz-zur-modernen-sklaverei\/","url":"https:\/\/www.hadleygroup.com\/de\/rechtliches\/erklarung-zum-gesetz-zur-modernen-sklaverei\/","name":"Erkl\u00e4rung zum Modern Slavery Act - Hadley Group","isPartOf":{"@id":"https:\/\/www.hadleygroup.com\/de\/#website"},"datePublished":"2022-02-27T13:35:31+00:00","dateModified":"2025-09-08T11:47:54+00:00","description":"Siehe unsere Erkl\u00e4rung zum Modern Slavery Act - Hadley Group","breadcrumb":{"@id":"https:\/\/www.hadleygroup.com\/de\/rechtliches\/erklarung-zum-gesetz-zur-modernen-sklaverei\/#breadcrumb"},"inLanguage":"de-DE","potentialAction":[{"@type":"ReadAction","target":["https:\/\/www.hadleygroup.com\/de\/rechtliches\/erklarung-zum-gesetz-zur-modernen-sklaverei\/"]}]},{"@type":"BreadcrumbList","@id":"https:\/\/www.hadleygroup.com\/de\/rechtliches\/erklarung-zum-gesetz-zur-modernen-sklaverei\/#breadcrumb","itemListElement":[{"@type":"ListItem","position":1,"name":"Home","item":"https:\/\/www.hadleygroup.com\/de\/"},{"@type":"ListItem","position":2,"name":"Rechtliches","item":"https:\/\/www.hadleygroup.com\/de\/rechtliches\/"},{"@type":"ListItem","position":3,"name":"Erkl\u00e4rung zum Modern Slavery Act"}]},{"@type":"WebSite","@id":"https:\/\/www.hadleygroup.com\/de\/#website","url":"https:\/\/www.hadleygroup.com\/de\/","name":"Hadley Group","description":"Shaping the Future in Metal","publisher":{"@id":"https:\/\/www.hadleygroup.com\/de\/#organization"},"potentialAction":[{"@type":"SearchAction","target":{"@type":"EntryPoint","urlTemplate":"https:\/\/www.hadleygroup.com\/de\/?s={search_term_string}"},"query-input":{"@type":"PropertyValueSpecification","valueRequired":true,"valueName":"search_term_string"}}],"inLanguage":"de-DE"},{"@type":"Organization","@id":"https:\/\/www.hadleygroup.com\/de\/#organization","name":"Hadley Group","url":"https:\/\/www.hadleygroup.com\/de\/","logo":{"@type":"ImageObject","inLanguage":"de-DE","@id":"https:\/\/www.hadleygroup.com\/de\/#\/schema\/logo\/image\/","url":"https:\/\/www.hadleygroup.com\/app\/uploads\/2023\/01\/Hadley-Group-logo.jpg","contentUrl":"https:\/\/www.hadleygroup.com\/app\/uploads\/2023\/01\/Hadley-Group-logo.jpg","width":1280,"height":300,"caption":"Hadley Group"},"image":{"@id":"https:\/\/www.hadleygroup.com\/de\/#\/schema\/logo\/image\/"},"sameAs":["https:\/\/www.facebook.com\/HadleyGroupGlobal","https:\/\/x.com\/hadley_group","https:\/\/www.youtube.com\/@HadleyGroupSmethwick","https:\/\/www.linkedin.com\/company\/hadley-group-\/"]}]}},"_links":{"self":[{"href":"https:\/\/www.hadleygroup.com\/de\/wp-json\/wp\/v2\/pages\/5673","targetHints":{"allow":["GET"]}}],"collection":[{"href":"https:\/\/www.hadleygroup.com\/de\/wp-json\/wp\/v2\/pages"}],"about":[{"href":"https:\/\/www.hadleygroup.com\/de\/wp-json\/wp\/v2\/types\/page"}],"author":[{"embeddable":true,"href":"https:\/\/www.hadleygroup.com\/de\/wp-json\/wp\/v2\/users\/3"}],"replies":[{"embeddable":true,"href":"https:\/\/www.hadleygroup.com\/de\/wp-json\/wp\/v2\/comments?post=5673"}],"version-history":[{"count":8,"href":"https:\/\/www.hadleygroup.com\/de\/wp-json\/wp\/v2\/pages\/5673\/revisions"}],"predecessor-version":[{"id":16284,"href":"https:\/\/www.hadleygroup.com\/de\/wp-json\/wp\/v2\/pages\/5673\/revisions\/16284"}],"up":[{"embeddable":true,"href":"https:\/\/www.hadleygroup.com\/de\/wp-json\/wp\/v2\/pages\/5692"}],"wp:attachment":[{"href":"https:\/\/www.hadleygroup.com\/de\/wp-json\/wp\/v2\/media?parent=5673"}],"wp:term":[{"taxonomy":"category","embeddable":true,"href":"https:\/\/www.hadleygroup.com\/de\/wp-json\/wp\/v2\/categories?post=5673"}],"curies":[{"name":"wp","href":"https:\/\/api.w.org\/{rel}","templated":true}]}}