{"id":5213,"date":"2022-07-26T10:13:28","date_gmt":"2022-07-26T10:13:28","guid":{"rendered":"https:\/\/www.hadleygroup.com\/?page_id=5213"},"modified":"2023-01-14T11:16:55","modified_gmt":"2023-01-14T11:16:55","slug":"sonderprofile","status":"publish","type":"page","link":"https:\/\/www.hadleygroup.com\/de\/rollformen-nach-mass\/sonderprofile\/","title":{"rendered":"Sonderprofile"},"content":{"rendered":"<background-video inline-template :autoplay=\"true\" video=\"\"> \n<section class=\"wp-block-stradigi-gutenberg-hero g-hero container-fluid p-0 g-hero--has-overlay\" style=\"background-image:url(&quot;https:\/\/www.hadleygroup.com\/app\/uploads\/2022\/04\/DSC_1344.jpg&quot;)\" data-youtube-url=\"\"><div class=\"g-hero--filter\"><\/div><div class=\"g-hero__container container\"><div class=\"g-hero__wrap\"><h1 class=\"g-hero__heading\"><strong>Sonderprofile<\/strong><\/h1><div class=\"g-hero__body\"><div class=\"g-hero__body__text\"><p>Suchen Sie einen Partner, der Ihre Sonderprofile produzieren kann? Dank unserer hohen Spezialisierung k\u00f6nnen wir Masstoleranzen von \u00b1 0,05 mm garantieren.<\/p><\/div><div class=\"g-hero__body__buttons\"><\/div><\/div><\/div><div class=\"g-hero__chevron__container d-none d-lg-block\"><i class=\"fas fa-chevron-down fa-3x scrollDown\"><\/i><\/div><\/div><\/section>\n <\/background-video>\n\n<div class=\"JB-1 h-section-background\">\n<section class=\"wp-block-stradigi-gutenberg-fixed-spacer g-spacer g-spacer--size-Mittel g-spacer--size-medium\"><\/section>\n<\/div>\n\n<section class=\"JB-1 h-section-background g-text\"><div class=\"container\"><div class=\"row\"><div class=\"col-lg-8\"><div class=\"g-text__title\">\n<h6 class=\"wp-block-heading\">Dank der umfassenden technologischen Kenntnisse von Hadley Group in Hinblick auf Entwicklung und Produktion sind wir in der Lage, Ihr&nbsp;Sonderprofile&nbsp;perfekt zu produzieren.&nbsp;<a href=\"https:\/\/www.hadleygroup.com\/de\/rollformen-nach-mass\/hadley-group-technology\/\" target=\"_blank\" rel=\"noreferrer noopener\">Unsere Ingenieure<\/a>&nbsp;sind in einem fr\u00fchen Stadium in den Denk- und Zeichenprozess Ihres Sonderprofils involviert und gehen keiner Herausforderung aus dem Weg.<\/h6>\n<\/div><\/div><\/div><\/div><\/section>\n\n<div class=\"JB-1 h-section-background\">\n<section class=\"wp-block-stradigi-gutenberg-fixed-spacer g-spacer g-spacer--size-klein g-spacer--size-small\"><\/section>\n<\/div>\n\n<section class=\"JB-1 h-section-background g-text\"><div class=\"container\"><div class=\"row\"><div class=\"col-lg-8\"><div class=\"g-text__title\">\n<h2 class=\"wp-block-heading\">Erfahrung mit sonderprofile<\/h2>\n<\/div><\/div><\/div><\/div><\/section>\n\n<section class=\"JB-1 h-section-background g-text\"><div class=\"container\"><div class=\"row\"><div class=\"col-lg-8\"><div class=\"g-text__bodytext\">\n<p>Hadley Group produziert bereits seit Jahrzehnten mit zahlreichen vollautomatischen Produktionslinien. Die Qualit\u00e4t und Effizienz unserer Produktionslinien ist hoch.<\/p>\n<\/div><\/div><\/div><\/div><\/section>\n\n<section class=\"JB-1 h-section-background g-text\"><div class=\"container\"><div class=\"row\"><div class=\"col-lg-8\"><div class=\"g-text__bodytext\">\n<p>Dar\u00fcber hinaus sind wir hiermit in der Lage, verschiedene integrierte Bearbeitungsvorg\u00e4nge durchzuf\u00fchren. Auf diese Weise k\u00f6nnen wir ein qualitativ hochwertiges Sonderprofil zu niedrigen Kosten und mit kurzen Lieferzeiten herstellen.<\/p>\n<\/div><\/div><\/div><\/div><\/section>\n\n<div class=\"JB-1 h-section-background\">\n<section class=\"wp-block-stradigi-gutenberg-fixed-spacer g-spacer g-spacer--size-klein g-spacer--size-small\"><\/section>\n<\/div>\n\n<section class=\"JB-1 h-section-background g-text\"><div class=\"container\"><div class=\"row\"><div class=\"col-lg-8\"><div class=\"g-text__title\">\n<h2 class=\"wp-block-heading\">Sonderprofile mit Einzigartiger Beschichtung<\/h2>\n<\/div><\/div><\/div><\/div><\/section>\n\n<section class=\"JB-1 h-section-background g-text\"><div class=\"container\"><div class=\"row\"><div class=\"col-lg-8\"><div class=\"g-text__bodytext\">\n<p>Hadley Group entwickelt und produziert d\u00fcnnwandige Sonderprofile nach Zeichnung mit den richtigen Materialien und der richtigen Oberfl\u00e4chenbehandlung. Auf Wunsch entwickeln wir ma\u00dfgefertigte Beschichtungen.<\/p>\n<\/div><\/div><\/div><\/div><\/section>\n\n<div class=\"JB-1 h-section-background\">\n<section class=\"wp-block-stradigi-gutenberg-fixed-spacer g-spacer g-spacer--size-klein g-spacer--size-small\"><\/section>\n<\/div>\n\n\n<section class=\"wp-block-stradigi-gutenberg-banner g-banner container-fluid p-0 jarallax g-banner--size-medium\" style=\"background-image:url(&quot;https:\/\/www.hadleygroup.com\/app\/uploads\/2022\/04\/DSC_1857.jpg&quot;)\"><div class=\"g-banner__container container\"><div class=\"g-banner__wrap\"><div class=\"g-banner__body\"><div class=\"g-banner__body__buttons\"><\/div><\/div><\/div><\/div><\/section>\n\n\n<div class=\"JB-1 h-section-background\">\n<section class=\"wp-block-stradigi-gutenberg-fixed-spacer g-spacer g-spacer--size-klein g-spacer--size-small\"><\/section>\n<\/div>\n\n<section class=\"JB-1 h-section-background g-text\"><div class=\"container\"><div class=\"row\"><div class=\"col-lg-8\"><div class=\"g-text__title\">\n<h2 class=\"wp-block-heading\">Informieren Sie sich \u00fcber die m\u00f6glichkeiten f\u00fcr Ihre sonderprofile<\/h2>\n<\/div><\/div><\/div><\/div><\/section>\n\n<div class=\"JB-1 h-section-background\">\n<section class=\"wp-block-stradigi-gutenberg-text-cta g-text\"><div class=\"container\"><div class=\"row\"><div class=\"col-lg-8\"><div class=\"g-text__bodytext\"><p>Haben Sie Fragen zur Entwicklung Ihre\u00a0<strong>Sonderprofile<\/strong>? M\u00f6chten Sie auf dem neuesten Stand der aktuellsten Entwicklungen in Sachen Rollformen sein und interessieren Sie sich daf\u00fcr, wie wir an Dinge herangehen?<br><br>Wenn Sie hier Ihre Kontaktdaten hinterlassen, werden wir innerhalb von 48 Stunden\u00a0Kontakt\u00a0mit Ihnen aufnehmen.<\/p><\/div><a href=\"https:\/\/www.hadleygroup.com\/de\/kontakt\/\" class=\"c-button g-text__button\">Kontaktieren Sie uns<i class=\"fas fa-sm fa-chevron-right\"><\/i><\/a><\/div><\/div><\/div><\/section>\n<\/div>\n\n<div class=\"JB-1 h-section-background\">\n<section class=\"wp-block-stradigi-gutenberg-fixed-spacer g-spacer g-spacer--size-small\"><\/section>\n<\/div>","protected":false},"excerpt":{"rendered":"<p>Dank der umfassenden technologischen Kenntnisse von Hadley Group in Hinblick auf Entwicklung und Produktion sind wir in der Lage, Ihr&nbsp;Sonderprofile&nbsp;perfekt\u2026 <a href=\"https:\/\/www.hadleygroup.com\/de\/rollformen-nach-mass\/sonderprofile\/\">&#8230;<\/a><\/p>\n","protected":false},"author":3,"featured_media":0,"parent":1819,"menu_order":0,"comment_status":"closed","ping_status":"closed","template":"","meta":{"_acf_changed":false,"footnotes":""},"categories":[3],"class_list":["post-5213","page","type-page","status-publish","hentry","category-unkategorisiert"],"acf":[],"yoast_head":"<!-- This site is optimized with the Yoast SEO Premium plugin v25.1 (Yoast SEO v26.3) - https:\/\/yoast.com\/wordpress\/plugins\/seo\/ -->\n<title>Spezialist in Sonderprofile - Hadley Group<\/title>\n<meta name=\"description\" content=\"Unsere Sonderprofile sind von h\u00f6her Qualit\u00e4t wegen unserem Drang nach Produktinnovation. Kontaktieren Sie uns f\u00fcr weitere Fragen!\" \/>\n<meta name=\"robots\" content=\"index, follow, max-snippet:-1, max-image-preview:large, max-video-preview:-1\" \/>\n<link rel=\"canonical\" href=\"https:\/\/www.hadleygroup.com\/de\/rollformen-nach-mass\/sonderprofile\/\" \/>\n<meta property=\"og:locale\" content=\"de_DE\" \/>\n<meta property=\"og:type\" content=\"article\" \/>\n<meta property=\"og:title\" content=\"Sonderprofile\" \/>\n<meta property=\"og:description\" content=\"Unsere Sonderprofile sind von h\u00f6her Qualit\u00e4t wegen unserem Drang nach Produktinnovation. Kontaktieren Sie uns f\u00fcr weitere Fragen!\" \/>\n<meta property=\"og:url\" content=\"https:\/\/www.hadleygroup.com\/de\/rollformen-nach-mass\/sonderprofile\/\" \/>\n<meta property=\"og:site_name\" content=\"Hadley Group\" \/>\n<meta property=\"article:publisher\" content=\"https:\/\/www.facebook.com\/HadleyGroupGlobal\" \/>\n<meta property=\"article:modified_time\" content=\"2023-01-14T11:16:55+00:00\" \/>\n<meta property=\"og:image\" content=\"https:\/\/www.hadleygroup.com\/app\/uploads\/2023\/01\/Hadley-Group-logo.jpg\" \/>\n\t<meta property=\"og:image:width\" content=\"1280\" \/>\n\t<meta property=\"og:image:height\" content=\"300\" \/>\n\t<meta property=\"og:image:type\" content=\"image\/jpeg\" \/>\n<meta name=\"twitter:card\" content=\"summary_large_image\" \/>\n<meta name=\"twitter:site\" content=\"@hadley_group\" \/>\n<meta name=\"twitter:label1\" content=\"Est. reading time\" \/>\n\t<meta name=\"twitter:data1\" content=\"1 minute\" \/>\n<script type=\"application\/ld+json\" class=\"yoast-schema-graph\">{\"@context\":\"https:\/\/schema.org\",\"@graph\":[{\"@type\":\"WebPage\",\"@id\":\"https:\/\/www.hadleygroup.com\/de\/rollformen-nach-mass\/sonderprofile\/\",\"url\":\"https:\/\/www.hadleygroup.com\/de\/rollformen-nach-mass\/sonderprofile\/\",\"name\":\"Spezialist in Sonderprofile - Hadley Group\",\"isPartOf\":{\"@id\":\"https:\/\/www.hadleygroup.com\/de\/#website\"},\"datePublished\":\"2022-07-26T10:13:28+00:00\",\"dateModified\":\"2023-01-14T11:16:55+00:00\",\"description\":\"Unsere Sonderprofile sind von h\u00f6her Qualit\u00e4t wegen unserem Drang nach Produktinnovation. Kontaktieren Sie uns f\u00fcr weitere Fragen!\",\"breadcrumb\":{\"@id\":\"https:\/\/www.hadleygroup.com\/de\/rollformen-nach-mass\/sonderprofile\/#breadcrumb\"},\"inLanguage\":\"de-DE\",\"potentialAction\":[{\"@type\":\"ReadAction\",\"target\":[\"https:\/\/www.hadleygroup.com\/de\/rollformen-nach-mass\/sonderprofile\/\"]}]},{\"@type\":\"BreadcrumbList\",\"@id\":\"https:\/\/www.hadleygroup.com\/de\/rollformen-nach-mass\/sonderprofile\/#breadcrumb\",\"itemListElement\":[{\"@type\":\"ListItem\",\"position\":1,\"name\":\"Home\",\"item\":\"https:\/\/www.hadleygroup.com\/de\/\"},{\"@type\":\"ListItem\",\"position\":2,\"name\":\"Sonderprofile\"}]},{\"@type\":\"WebSite\",\"@id\":\"https:\/\/www.hadleygroup.com\/de\/#website\",\"url\":\"https:\/\/www.hadleygroup.com\/de\/\",\"name\":\"Hadley Group\",\"description\":\"Shaping the Future in Metal\",\"publisher\":{\"@id\":\"https:\/\/www.hadleygroup.com\/de\/#organization\"},\"potentialAction\":[{\"@type\":\"SearchAction\",\"target\":{\"@type\":\"EntryPoint\",\"urlTemplate\":\"https:\/\/www.hadleygroup.com\/de\/?s={search_term_string}\"},\"query-input\":{\"@type\":\"PropertyValueSpecification\",\"valueRequired\":true,\"valueName\":\"search_term_string\"}}],\"inLanguage\":\"de-DE\"},{\"@type\":\"Organization\",\"@id\":\"https:\/\/www.hadleygroup.com\/de\/#organization\",\"name\":\"Hadley Group\",\"url\":\"https:\/\/www.hadleygroup.com\/de\/\",\"logo\":{\"@type\":\"ImageObject\",\"inLanguage\":\"de-DE\",\"@id\":\"https:\/\/www.hadleygroup.com\/de\/#\/schema\/logo\/image\/\",\"url\":\"https:\/\/www.hadleygroup.com\/app\/uploads\/2023\/01\/Hadley-Group-logo.jpg\",\"contentUrl\":\"https:\/\/www.hadleygroup.com\/app\/uploads\/2023\/01\/Hadley-Group-logo.jpg\",\"width\":1280,\"height\":300,\"caption\":\"Hadley Group\"},\"image\":{\"@id\":\"https:\/\/www.hadleygroup.com\/de\/#\/schema\/logo\/image\/\"},\"sameAs\":[\"https:\/\/www.facebook.com\/HadleyGroupGlobal\",\"https:\/\/x.com\/hadley_group\",\"https:\/\/www.youtube.com\/@HadleyGroupSmethwick\",\"https:\/\/www.linkedin.com\/company\/hadley-group-\/\"]}]}<\/script>\n<!-- \/ Yoast SEO Premium plugin. -->","yoast_head_json":{"title":"Spezialist in Sonderprofile - Hadley Group","description":"Unsere Sonderprofile sind von h\u00f6her Qualit\u00e4t wegen unserem Drang nach Produktinnovation. Kontaktieren Sie uns f\u00fcr weitere Fragen!","robots":{"index":"index","follow":"follow","max-snippet":"max-snippet:-1","max-image-preview":"max-image-preview:large","max-video-preview":"max-video-preview:-1"},"canonical":"https:\/\/www.hadleygroup.com\/de\/rollformen-nach-mass\/sonderprofile\/","og_locale":"de_DE","og_type":"article","og_title":"Sonderprofile","og_description":"Unsere Sonderprofile sind von h\u00f6her Qualit\u00e4t wegen unserem Drang nach Produktinnovation. Kontaktieren Sie uns f\u00fcr weitere Fragen!","og_url":"https:\/\/www.hadleygroup.com\/de\/rollformen-nach-mass\/sonderprofile\/","og_site_name":"Hadley Group","article_publisher":"https:\/\/www.facebook.com\/HadleyGroupGlobal","article_modified_time":"2023-01-14T11:16:55+00:00","og_image":[{"width":1280,"height":300,"url":"https:\/\/www.hadleygroup.com\/app\/uploads\/2023\/01\/Hadley-Group-logo.jpg","type":"image\/jpeg"}],"twitter_card":"summary_large_image","twitter_site":"@hadley_group","twitter_misc":{"Est. reading time":"1 minute"},"schema":{"@context":"https:\/\/schema.org","@graph":[{"@type":"WebPage","@id":"https:\/\/www.hadleygroup.com\/de\/rollformen-nach-mass\/sonderprofile\/","url":"https:\/\/www.hadleygroup.com\/de\/rollformen-nach-mass\/sonderprofile\/","name":"Spezialist in Sonderprofile - Hadley Group","isPartOf":{"@id":"https:\/\/www.hadleygroup.com\/de\/#website"},"datePublished":"2022-07-26T10:13:28+00:00","dateModified":"2023-01-14T11:16:55+00:00","description":"Unsere Sonderprofile sind von h\u00f6her Qualit\u00e4t wegen unserem Drang nach Produktinnovation. Kontaktieren Sie uns f\u00fcr weitere Fragen!","breadcrumb":{"@id":"https:\/\/www.hadleygroup.com\/de\/rollformen-nach-mass\/sonderprofile\/#breadcrumb"},"inLanguage":"de-DE","potentialAction":[{"@type":"ReadAction","target":["https:\/\/www.hadleygroup.com\/de\/rollformen-nach-mass\/sonderprofile\/"]}]},{"@type":"BreadcrumbList","@id":"https:\/\/www.hadleygroup.com\/de\/rollformen-nach-mass\/sonderprofile\/#breadcrumb","itemListElement":[{"@type":"ListItem","position":1,"name":"Home","item":"https:\/\/www.hadleygroup.com\/de\/"},{"@type":"ListItem","position":2,"name":"Sonderprofile"}]},{"@type":"WebSite","@id":"https:\/\/www.hadleygroup.com\/de\/#website","url":"https:\/\/www.hadleygroup.com\/de\/","name":"Hadley Group","description":"Shaping the Future in Metal","publisher":{"@id":"https:\/\/www.hadleygroup.com\/de\/#organization"},"potentialAction":[{"@type":"SearchAction","target":{"@type":"EntryPoint","urlTemplate":"https:\/\/www.hadleygroup.com\/de\/?s={search_term_string}"},"query-input":{"@type":"PropertyValueSpecification","valueRequired":true,"valueName":"search_term_string"}}],"inLanguage":"de-DE"},{"@type":"Organization","@id":"https:\/\/www.hadleygroup.com\/de\/#organization","name":"Hadley Group","url":"https:\/\/www.hadleygroup.com\/de\/","logo":{"@type":"ImageObject","inLanguage":"de-DE","@id":"https:\/\/www.hadleygroup.com\/de\/#\/schema\/logo\/image\/","url":"https:\/\/www.hadleygroup.com\/app\/uploads\/2023\/01\/Hadley-Group-logo.jpg","contentUrl":"https:\/\/www.hadleygroup.com\/app\/uploads\/2023\/01\/Hadley-Group-logo.jpg","width":1280,"height":300,"caption":"Hadley Group"},"image":{"@id":"https:\/\/www.hadleygroup.com\/de\/#\/schema\/logo\/image\/"},"sameAs":["https:\/\/www.facebook.com\/HadleyGroupGlobal","https:\/\/x.com\/hadley_group","https:\/\/www.youtube.com\/@HadleyGroupSmethwick","https:\/\/www.linkedin.com\/company\/hadley-group-\/"]}]}},"_links":{"self":[{"href":"https:\/\/www.hadleygroup.com\/de\/wp-json\/wp\/v2\/pages\/5213","targetHints":{"allow":["GET"]}}],"collection":[{"href":"https:\/\/www.hadleygroup.com\/de\/wp-json\/wp\/v2\/pages"}],"about":[{"href":"https:\/\/www.hadleygroup.com\/de\/wp-json\/wp\/v2\/types\/page"}],"author":[{"embeddable":true,"href":"https:\/\/www.hadleygroup.com\/de\/wp-json\/wp\/v2\/users\/3"}],"replies":[{"embeddable":true,"href":"https:\/\/www.hadleygroup.com\/de\/wp-json\/wp\/v2\/comments?post=5213"}],"version-history":[{"count":5,"href":"https:\/\/www.hadleygroup.com\/de\/wp-json\/wp\/v2\/pages\/5213\/revisions"}],"predecessor-version":[{"id":7247,"href":"https:\/\/www.hadleygroup.com\/de\/wp-json\/wp\/v2\/pages\/5213\/revisions\/7247"}],"up":[{"embeddable":true,"href":"https:\/\/www.hadleygroup.com\/de\/wp-json\/wp\/v2\/pages\/1819"}],"wp:attachment":[{"href":"https:\/\/www.hadleygroup.com\/de\/wp-json\/wp\/v2\/media?parent=5213"}],"wp:term":[{"taxonomy":"category","embeddable":true,"href":"https:\/\/www.hadleygroup.com\/de\/wp-json\/wp\/v2\/categories?post=5213"}],"curies":[{"name":"wp","href":"https:\/\/api.w.org\/{rel}","templated":true}]}}