{"id":5124,"date":"2022-07-26T07:19:11","date_gmt":"2022-07-26T07:19:11","guid":{"rendered":"https:\/\/www.hadleygroup.com\/?page_id=5124"},"modified":"2022-12-21T12:25:01","modified_gmt":"2022-12-21T12:25:01","slug":"rollformen","status":"publish","type":"page","link":"https:\/\/www.hadleygroup.com\/de\/rollformen-nach-mass\/rollformen\/","title":{"rendered":"Rollformen"},"content":{"rendered":"<background-video inline-template :autoplay=\"true\" video=\"\"> \n<section class=\"wp-block-stradigi-gutenberg-hero g-hero container-fluid p-0 g-hero--has-overlay\" style=\"background-image:url(&quot;https:\/\/www.hadleygroup.com\/app\/uploads\/2022\/04\/DSC_1507.jpg&quot;)\" data-youtube-url=\"\"><div class=\"g-hero--filter\"><\/div><div class=\"g-hero__container container\"><div class=\"g-hero__wrap\"><h1 class=\"g-hero__heading\"><strong>Rollformen<\/strong><\/h1><div class=\"g-hero__body\"><div class=\"g-hero__body__text\"><p><\/p><\/div><div class=\"g-hero__body__buttons\"><\/div><\/div><\/div><div class=\"g-hero__chevron__container d-none d-lg-block\"><i class=\"fas fa-chevron-down fa-3x scrollDown\"><\/i><\/div><\/div><\/section>\n <\/background-video>\n\n<div class=\"JB-1 h-section-background\">\n<section class=\"wp-block-stradigi-gutenberg-fixed-spacer g-spacer g-spacer--size-mittel g-spacer--size-medium\"><\/section>\n<\/div>\n\n<section class=\"JB-1 h-section-background g-text\"><div class=\"container\"><div class=\"row\"><div class=\"col-lg-8\"><div class=\"g-text__bodytext\">\n<p><strong>Hadley Group ist Spezialist in Sachen Rollformen. Wir entwickeln und produzieren d\u00fcnnwandige komplexe rollgeformte Profile von 0,25 bis 2,5 mm. Wir rollformen haupts\u00e4chlich komplexe Profile, die h\u00f6chste visuelle Anspr\u00fcche erf\u00fcllen, und bieten integrierte Bearbeitungen f\u00fcr verschiedene Metallarten.<\/strong><\/p>\n<\/div><\/div><\/div><\/div><\/section>\n\n<div class=\"JB-1 h-section-background\">\n<section class=\"wp-block-stradigi-gutenberg-text-image g-text-image\"><div class=\"container\"><div class=\"g-text-image__row row\"><div data-translate=\"true\" class=\"order-2 offset-xl-1 col-md-3\"><div class=\"g-text-image__content\"><\/div><\/div><article data-translate=\"true\" class=\"order-1 col-md-9 col-xl-8\"><div class=\"g-text-image__sidenote\"><div class=\"g-text-image__frame-wrapper\"><iframe src=\"https:\/\/www.youtube.com\/embed\/TmalAaXwCBk?controls=0&amp;autoplay=0&amp;playlist=TmalAaXwCBk&amp;loop=1\"><\/iframe><\/div><\/div><\/article><\/div><\/div><\/section>\n<\/div>\n\n<div class=\"JB-1 h-section-background\">\n<section class=\"wp-block-stradigi-gutenberg-fixed-spacer g-spacer g-spacer--size-klein g-spacer--size-small\"><\/section>\n<\/div>\n\n<section class=\"JB-1 h-section-background g-text\"><div class=\"container\"><div class=\"row\"><div class=\"col-lg-8\"><div class=\"g-text__title\">\n<h2 class=\"wp-block-heading\">Qualit\u00e4t mit Rollformen<\/h2>\n<\/div><\/div><\/div><\/div><\/section>\n\n<section class=\"JB-1 h-section-background g-text\"><div class=\"container\"><div class=\"row\"><div class=\"col-lg-8\"><div class=\"g-text__bodytext\">\n<p><strong>Dank unserer hohen Spezialisierung im Bereich Rollformen k\u00f6nnen wir Ma\u00dftoleranzen von \u00b1 0,05 mm garantieren.<\/strong><\/p>\n<\/div><\/div><\/div><\/div><\/section>\n\n<section class=\"JB-1 h-section-background g-text\"><div class=\"container\"><div class=\"row\"><div class=\"col-lg-8\"><div class=\"g-text__bodytext\">\n<p>Da wir \u00fcber umfassende technologische Kenntnisse in Hinblick auf Entwicklung und Produktion verf\u00fcgen, sind wir in der Lage, Sie ausf\u00fchrlich \u00fcber alle M\u00f6glichkeiten im Bereich das Rollformen von Metallprofile zu beraten.&nbsp;<a href=\"https:\/\/www.hadleygroup.com\/de\/rollformen-nach-mass\/hadley-group-technology\/\" target=\"_blank\" rel=\"noreferrer noopener\">Unsere Ingenieure<\/a>&nbsp;sind in einem fr\u00fchen Stadium in den Denkprozess involviert, produzieren wir Profile nach Zeichnung, realisieren Kosteneinsparungen, sind flexibel in der Produktion und m\u00f6gen komplexe Herausforderungen. Hadley erkennt viele Vorteile bei dieser Produktionsmethode:<\/p>\n<\/div><\/div><\/div><\/div><\/section>\n\n<section class=\"JB-1 h-section-background g-text\"><div class=\"container\"><div class=\"row\"><div class=\"col-lg-8\"><div class=\"g-text__bodytext\">\n<ul class=\"wp-block-list\">\n<li>Ideal f\u00fcr Profile mit langen L\u00e4ngen und in gro\u00dfen Mengen<\/li>\n\n\n\n<li>Hohe Genauigkeit und Gleichm\u00e4\u00dfigkeit<\/li>\n\n\n\n<li>Anwendbar f\u00fcr verschiedene Metalltypen, wie Stahl, Aluminium und Edelstahl.<\/li>\n\n\n\n<li>Schneller und verbraucht weniger Energie als vergleichbaren Produktionsmethoden<\/li>\n\n\n\n<li>Zahlreiche geometrische M\u00f6glichkeiten<\/li>\n\n\n\n<li>M\u00f6glichkeit f\u00fcr polierten Oberfl\u00e4chen und vorbeschichtete Materialien<\/li>\n<\/ul>\n<\/div><\/div><\/div><\/div><\/section>\n\n<section class=\"JB-1 h-section-background g-text\"><div class=\"container\"><div class=\"row\"><div class=\"col-lg-8\"><div class=\"g-text__bodytext\">\n<p>Mit unserum patentierte&nbsp;<a href=\"https:\/\/www.hadleygroup.com\/de\/rollformen-nach-mass\/ultrasteel\/\" target=\"_blank\" rel=\"noreferrer noopener\">UltraSTEEL\u00ae<\/a>&nbsp;verfahren, k\u00f6nnen wir die Vorteile garantieren. UltraSTEEL\u00ae ist ein technischer Durchbruch, von dem unsere Kunden in hohem Ma\u00dfe profitieren werden.<\/p>\n<\/div><\/div><\/div><\/div><\/section>\n\n<section class=\"JB-1 h-section-background g-image\"><div class=\"container\"><div class=\"row\"><div class=\"col-lg-8\"><div class=\"g-image__image-wrapper\">\n<figure class=\"wp-block-image size-full\"><img loading=\"lazy\" decoding=\"async\" width=\"700\" height=\"494\" src=\"https:\/\/www.hadleygroup.com\/app\/uploads\/2022\/07\/Rollformen-metallprofile-Hadley-Group.jpg\" alt=\"Rollformen metalprofile Hadley Group\" class=\"wp-image-5127\" srcset=\"https:\/\/www.hadleygroup.com\/app\/uploads\/2022\/07\/Rollformen-metallprofile-Hadley-Group.jpg 700w, https:\/\/www.hadleygroup.com\/app\/uploads\/2022\/07\/Rollformen-metallprofile-Hadley-Group-300x212.jpg 300w\" sizes=\"auto, (max-width: 700px) 100vw, 700px\" \/><\/figure>\n<\/div><\/div><\/div><\/div><\/section>\n\n<div class=\"JB-1 h-section-background\">\n<section class=\"wp-block-stradigi-gutenberg-fixed-spacer g-spacer g-spacer--size-klein g-spacer--size-small\"><\/section>\n<\/div>\n\n<section class=\"JB-1 h-section-background g-text\"><div class=\"container\"><div class=\"row\"><div class=\"col-lg-8\"><div class=\"g-text__title\">\n<h2 class=\"wp-block-heading\">Forschung und Entwicklung<\/h2>\n<\/div><\/div><\/div><\/div><\/section>\n\n<section class=\"JB-1 h-section-background g-text\"><div class=\"container\"><div class=\"row\"><div class=\"col-lg-8\"><div class=\"g-text__bodytext\">\n<p>Die Forschungs- und Entwicklungsabteilung von Hadley spielt eine Schl\u00fcsselrolle bei der kontinuierlichen Verbesserung unserer Rollformtechnologie. Das Forschungs- und Entwicklungsteam besteht aus&nbsp;<strong>mehr als 50 Vollzeit-Ingenieuren und Technikern, die st\u00e4ndig an der Verbesserung unserer Angebote arbeiten<\/strong>. Dazu geh\u00f6rt auch der Einsatz von Computersimulationstechnik.<\/p>\n<\/div><\/div><\/div><\/div><\/section>\n\n<section class=\"JB-1 h-section-background g-text\"><div class=\"container\"><div class=\"row\"><div class=\"col-lg-8\"><div class=\"g-text__bodytext\">\n<p>Unser technisches Team arbeitet auch eng mit dem Kunden zusammen, um sicherzustellen, dass die beabsichtigte L\u00f6sung realisiert werden kann.<\/p>\n<\/div><\/div><\/div><\/div><\/section>\n\n<div class=\"JB-1 h-section-background\">\n<section class=\"wp-block-stradigi-gutenberg-text-image g-text-image\"><div class=\"container\"><div class=\"g-text-image__row row\"><div data-translate=\"true\" class=\"order-2 offset-xl-1 col-md-3\"><div class=\"g-text-image__content\"><\/div><\/div><article data-translate=\"true\" class=\"order-1 col-md-9 col-xl-8\"><div class=\"g-text-image__sidenote\"><div class=\"g-text-image__frame-wrapper\"><iframe src=\"https:\/\/www.youtube.com\/embed\/pnDvSrhNagE?controls=0&amp;autoplay=0&amp;playlist=pnDvSrhNagE&amp;loop=1\"><\/iframe><\/div><\/div><\/article><\/div><\/div><\/section>\n<\/div>\n\n<div class=\"JB-1 h-section-background\">\n<section class=\"wp-block-stradigi-gutenberg-fixed-spacer g-spacer g-spacer--size-klein g-spacer--size-small\"><\/section>\n<\/div>\n\n<section class=\"JB-1 h-section-background g-text\"><div class=\"container\"><div class=\"row\"><div class=\"col-lg-8\"><div class=\"g-text__title\">\n<h2 class=\"wp-block-heading\">Weltweit<\/h2>\n<\/div><\/div><\/div><\/div><\/section>\n\n<section class=\"JB-1 h-section-background g-image\"><div class=\"container\"><div class=\"row\"><div class=\"col-lg-8\"><div class=\"g-image__image-wrapper\">\n<figure class=\"wp-block-image size-large\"><img loading=\"lazy\" decoding=\"async\" width=\"1024\" height=\"514\" src=\"https:\/\/www.hadleygroup.com\/app\/uploads\/2022\/07\/hadleylocatie-1024x514.jpg\" alt=\"\" class=\"wp-image-5088\" srcset=\"https:\/\/www.hadleygroup.com\/app\/uploads\/2022\/07\/hadleylocatie-1024x514.jpg 1024w, https:\/\/www.hadleygroup.com\/app\/uploads\/2022\/07\/hadleylocatie-300x150.jpg 300w, https:\/\/www.hadleygroup.com\/app\/uploads\/2022\/07\/hadleylocatie-768x385.jpg 768w, https:\/\/www.hadleygroup.com\/app\/uploads\/2022\/07\/hadleylocatie.jpg 1300w\" sizes=\"auto, (max-width: 1024px) 100vw, 1024px\" \/><\/figure>\n<\/div><\/div><\/div><\/div><\/section>\n\n<section class=\"JB-1 h-section-background g-text\"><div class=\"container\"><div class=\"row\"><div class=\"col-lg-8\"><div class=\"g-text__bodytext\">\n<p>Unsere Herstellungsverfahren ist au\u00dferdem sehr interessant, da innerhalb relativ kurzer Zeit gro\u00dfe Serien hergestellt werden k\u00f6nnen. Das erreichen wir mit&nbsp;<a href=\"https:\/\/www.hadleygroup.com\/de\/uber-uns\/standorte-vertrieb\/\" target=\"_blank\" rel=\"noreferrer noopener\">7 Produktionsst\u00e4tten<\/a>&nbsp;weltweit. Das Vereinigtes K\u00f6nigreich und den USA sind einige Beispiele.<\/p>\n<\/div><\/div><\/div><\/div><\/section>\n\n<section class=\"JB-1 h-section-background g-text\"><div class=\"container\"><div class=\"row\"><div class=\"col-lg-8\"><div class=\"g-text__bodytext\">\n<p>Neben Blankstahl oder verzinktem Stahl verarbeiten wir auch besondere Materialien wie vorlackiertes, folienbeschichtetes oder Hochglanz-Edelstahlmaterial mit Schutzfolie in den rollgeformten Stahlprofilen. Hadley Group produziert Profile f\u00fcr diese M\u00e4rkte:<\/p>\n<\/div><\/div><\/div><\/div><\/section>\n\n<section class=\"JB-1 h-section-background g-text\"><div class=\"container\"><div class=\"row\"><div class=\"col-lg-8\"><div class=\"g-text__bodytext\">\n<ul class=\"wp-block-list\">\n<li><a href=\"https:\/\/www.hadleygroup.com\/de\/rollformen-nach-mass\/automobil\/\" target=\"_blank\" rel=\"noreferrer noopener\">Automobil<\/a><\/li>\n\n\n\n<li><a href=\"https:\/\/www.hadleygroup.com\/de\/rollformen-nach-mass\/einzelhandel-und-fullfilment\/\" target=\"_blank\" rel=\"noreferrer noopener\">Einzelhandel und Fullfilment<\/a><\/li>\n\n\n\n<li><a href=\"https:\/\/www.hadleygroup.com\/de\/rollformen-nach-mass\/industrie\/\" target=\"_blank\" rel=\"noreferrer noopener\">Industrie<\/a><\/li>\n\n\n\n<li><a href=\"https:\/\/www.hadleygroup.com\/de\/rollformen-nach-mass\/landwirtschaft\/\" target=\"_blank\" rel=\"noreferrer noopener\">Agrar<\/a><\/li>\n<\/ul>\n<\/div><\/div><\/div><\/div><\/section>\n\n<div class=\"JB-1 h-section-background\">\n<section class=\"wp-block-stradigi-gutenberg-fixed-spacer g-spacer g-spacer--size-klein g-spacer--size-small\"><\/section>\n<\/div>\n\n<section class=\"JB-1 h-section-background g-text\"><div class=\"container\"><div class=\"row\"><div class=\"col-lg-8\"><div class=\"g-text__title\">\n<h2 class=\"wp-block-heading\">Kontakt<\/h2>\n<\/div><\/div><\/div><\/div><\/section>\n\n<div class=\"JB-1 h-section-background\">\n<section class=\"wp-block-stradigi-gutenberg-text-cta g-text\"><div class=\"container\"><div class=\"row\"><div class=\"col-lg-8\"><div class=\"g-text__bodytext\"><p>Interessieren Sie sich f\u00fcr die M\u00f6glichkeiten oder m\u00f6chten Sie mehr Informationen \u00fcber usere rollgeformten Metallprofile?\u00a0Bitte f\u00fcllen Sie unser Kontaktformular aus\u00a0und stellen Sie Ihre Frage.<\/p><\/div><a href=\"https:\/\/www.hadleygroup.com\/de\/kontakt\/\" class=\"c-button g-text__button\">Kontaktieren Sie uns!<i class=\"fas fa-sm fa-chevron-right\"><\/i><\/a><\/div><\/div><\/div><\/section>\n<\/div>\n\n<div class=\"JB-1 h-section-background\">\n<section class=\"wp-block-stradigi-gutenberg-fixed-spacer g-spacer g-spacer--size-mittel g-spacer--size-medium\"><\/section>\n<\/div>","protected":false},"excerpt":{"rendered":"<p>Hadley Group ist Spezialist in Sachen Rollformen. Wir entwickeln und produzieren d\u00fcnnwandige komplexe rollgeformte Profile von 0,25 bis 2,5 mm.\u2026 <a href=\"https:\/\/www.hadleygroup.com\/de\/rollformen-nach-mass\/rollformen\/\">&#8230;<\/a><\/p>\n","protected":false},"author":3,"featured_media":0,"parent":1819,"menu_order":0,"comment_status":"closed","ping_status":"closed","template":"","meta":{"_acf_changed":false,"footnotes":""},"categories":[3],"class_list":["post-5124","page","type-page","status-publish","hentry","category-unkategorisiert"],"acf":[],"yoast_head":"<!-- This site is optimized with the Yoast SEO Premium plugin v25.1 (Yoast SEO v26.3) - https:\/\/yoast.com\/wordpress\/plugins\/seo\/ -->\n<title>Spezialist in Sachen Rollformen - Hadley Group<\/title>\n<meta name=\"description\" content=\"Wir Rollformen komplexe Metallprofile f\u00fcr verschiedene M\u00e4rkte wie Automobiltechniek, Bau, Industrie und Agrarwirtschaftlich. Kontaktieren Sie uns!\" \/>\n<meta name=\"robots\" content=\"index, follow, max-snippet:-1, max-image-preview:large, max-video-preview:-1\" \/>\n<link rel=\"canonical\" href=\"https:\/\/www.hadleygroup.com\/de\/rollformen-nach-mass\/rollformen\/\" \/>\n<meta property=\"og:locale\" content=\"de_DE\" \/>\n<meta property=\"og:type\" content=\"article\" \/>\n<meta property=\"og:title\" content=\"Rollformen\" \/>\n<meta property=\"og:description\" content=\"Wir Rollformen komplexe Metallprofile f\u00fcr verschiedene M\u00e4rkte wie Automobiltechniek, Bau, Industrie und Agrarwirtschaftlich. Kontaktieren Sie uns!\" \/>\n<meta property=\"og:url\" content=\"https:\/\/www.hadleygroup.com\/de\/rollformen-nach-mass\/rollformen\/\" \/>\n<meta property=\"og:site_name\" content=\"Hadley Group\" \/>\n<meta property=\"article:publisher\" content=\"https:\/\/www.facebook.com\/HadleyGroupGlobal\" \/>\n<meta property=\"article:modified_time\" content=\"2022-12-21T12:25:01+00:00\" \/>\n<meta property=\"og:image\" content=\"https:\/\/www.hadleygroup.com\/app\/uploads\/2022\/07\/Rollformen-metallprofile-Hadley-Group.jpg\" \/>\n<meta name=\"twitter:card\" content=\"summary_large_image\" \/>\n<meta name=\"twitter:site\" content=\"@hadley_group\" \/>\n<meta name=\"twitter:label1\" content=\"Est. reading time\" \/>\n\t<meta name=\"twitter:data1\" content=\"2 minutes\" \/>\n<script type=\"application\/ld+json\" class=\"yoast-schema-graph\">{\"@context\":\"https:\/\/schema.org\",\"@graph\":[{\"@type\":\"WebPage\",\"@id\":\"https:\/\/www.hadleygroup.com\/de\/rollformen-nach-mass\/rollformen\/\",\"url\":\"https:\/\/www.hadleygroup.com\/de\/rollformen-nach-mass\/rollformen\/\",\"name\":\"Spezialist in Sachen Rollformen - Hadley Group\",\"isPartOf\":{\"@id\":\"https:\/\/www.hadleygroup.com\/de\/#website\"},\"primaryImageOfPage\":{\"@id\":\"https:\/\/www.hadleygroup.com\/de\/rollformen-nach-mass\/rollformen\/#primaryimage\"},\"image\":{\"@id\":\"https:\/\/www.hadleygroup.com\/de\/rollformen-nach-mass\/rollformen\/#primaryimage\"},\"thumbnailUrl\":\"https:\/\/www.hadleygroup.com\/app\/uploads\/2022\/07\/Rollformen-metallprofile-Hadley-Group.jpg\",\"datePublished\":\"2022-07-26T07:19:11+00:00\",\"dateModified\":\"2022-12-21T12:25:01+00:00\",\"description\":\"Wir Rollformen komplexe Metallprofile f\u00fcr verschiedene M\u00e4rkte wie Automobiltechniek, Bau, Industrie und Agrarwirtschaftlich. Kontaktieren Sie uns!\",\"breadcrumb\":{\"@id\":\"https:\/\/www.hadleygroup.com\/de\/rollformen-nach-mass\/rollformen\/#breadcrumb\"},\"inLanguage\":\"de-DE\",\"potentialAction\":[{\"@type\":\"ReadAction\",\"target\":[\"https:\/\/www.hadleygroup.com\/de\/rollformen-nach-mass\/rollformen\/\"]}]},{\"@type\":\"ImageObject\",\"inLanguage\":\"de-DE\",\"@id\":\"https:\/\/www.hadleygroup.com\/de\/rollformen-nach-mass\/rollformen\/#primaryimage\",\"url\":\"https:\/\/www.hadleygroup.com\/app\/uploads\/2022\/07\/Rollformen-metallprofile-Hadley-Group.jpg\",\"contentUrl\":\"https:\/\/www.hadleygroup.com\/app\/uploads\/2022\/07\/Rollformen-metallprofile-Hadley-Group.jpg\"},{\"@type\":\"BreadcrumbList\",\"@id\":\"https:\/\/www.hadleygroup.com\/de\/rollformen-nach-mass\/rollformen\/#breadcrumb\",\"itemListElement\":[{\"@type\":\"ListItem\",\"position\":1,\"name\":\"Home\",\"item\":\"https:\/\/www.hadleygroup.com\/de\/\"},{\"@type\":\"ListItem\",\"position\":2,\"name\":\"Rollformen\"}]},{\"@type\":\"WebSite\",\"@id\":\"https:\/\/www.hadleygroup.com\/de\/#website\",\"url\":\"https:\/\/www.hadleygroup.com\/de\/\",\"name\":\"Hadley Group\",\"description\":\"Shaping the Future in Metal\",\"publisher\":{\"@id\":\"https:\/\/www.hadleygroup.com\/de\/#organization\"},\"potentialAction\":[{\"@type\":\"SearchAction\",\"target\":{\"@type\":\"EntryPoint\",\"urlTemplate\":\"https:\/\/www.hadleygroup.com\/de\/?s={search_term_string}\"},\"query-input\":{\"@type\":\"PropertyValueSpecification\",\"valueRequired\":true,\"valueName\":\"search_term_string\"}}],\"inLanguage\":\"de-DE\"},{\"@type\":\"Organization\",\"@id\":\"https:\/\/www.hadleygroup.com\/de\/#organization\",\"name\":\"Hadley Group\",\"url\":\"https:\/\/www.hadleygroup.com\/de\/\",\"logo\":{\"@type\":\"ImageObject\",\"inLanguage\":\"de-DE\",\"@id\":\"https:\/\/www.hadleygroup.com\/de\/#\/schema\/logo\/image\/\",\"url\":\"https:\/\/www.hadleygroup.com\/app\/uploads\/2023\/01\/Hadley-Group-logo.jpg\",\"contentUrl\":\"https:\/\/www.hadleygroup.com\/app\/uploads\/2023\/01\/Hadley-Group-logo.jpg\",\"width\":1280,\"height\":300,\"caption\":\"Hadley Group\"},\"image\":{\"@id\":\"https:\/\/www.hadleygroup.com\/de\/#\/schema\/logo\/image\/\"},\"sameAs\":[\"https:\/\/www.facebook.com\/HadleyGroupGlobal\",\"https:\/\/x.com\/hadley_group\",\"https:\/\/www.youtube.com\/@HadleyGroupSmethwick\",\"https:\/\/www.linkedin.com\/company\/hadley-group-\/\"]}]}<\/script>\n<!-- \/ Yoast SEO Premium plugin. -->","yoast_head_json":{"title":"Spezialist in Sachen Rollformen - Hadley Group","description":"Wir Rollformen komplexe Metallprofile f\u00fcr verschiedene M\u00e4rkte wie Automobiltechniek, Bau, Industrie und Agrarwirtschaftlich. Kontaktieren Sie uns!","robots":{"index":"index","follow":"follow","max-snippet":"max-snippet:-1","max-image-preview":"max-image-preview:large","max-video-preview":"max-video-preview:-1"},"canonical":"https:\/\/www.hadleygroup.com\/de\/rollformen-nach-mass\/rollformen\/","og_locale":"de_DE","og_type":"article","og_title":"Rollformen","og_description":"Wir Rollformen komplexe Metallprofile f\u00fcr verschiedene M\u00e4rkte wie Automobiltechniek, Bau, Industrie und Agrarwirtschaftlich. Kontaktieren Sie uns!","og_url":"https:\/\/www.hadleygroup.com\/de\/rollformen-nach-mass\/rollformen\/","og_site_name":"Hadley Group","article_publisher":"https:\/\/www.facebook.com\/HadleyGroupGlobal","article_modified_time":"2022-12-21T12:25:01+00:00","og_image":[{"url":"https:\/\/www.hadleygroup.com\/app\/uploads\/2022\/07\/Rollformen-metallprofile-Hadley-Group.jpg","type":"","width":"","height":""}],"twitter_card":"summary_large_image","twitter_site":"@hadley_group","twitter_misc":{"Est. reading time":"2 minutes"},"schema":{"@context":"https:\/\/schema.org","@graph":[{"@type":"WebPage","@id":"https:\/\/www.hadleygroup.com\/de\/rollformen-nach-mass\/rollformen\/","url":"https:\/\/www.hadleygroup.com\/de\/rollformen-nach-mass\/rollformen\/","name":"Spezialist in Sachen Rollformen - Hadley Group","isPartOf":{"@id":"https:\/\/www.hadleygroup.com\/de\/#website"},"primaryImageOfPage":{"@id":"https:\/\/www.hadleygroup.com\/de\/rollformen-nach-mass\/rollformen\/#primaryimage"},"image":{"@id":"https:\/\/www.hadleygroup.com\/de\/rollformen-nach-mass\/rollformen\/#primaryimage"},"thumbnailUrl":"https:\/\/www.hadleygroup.com\/app\/uploads\/2022\/07\/Rollformen-metallprofile-Hadley-Group.jpg","datePublished":"2022-07-26T07:19:11+00:00","dateModified":"2022-12-21T12:25:01+00:00","description":"Wir Rollformen komplexe Metallprofile f\u00fcr verschiedene M\u00e4rkte wie Automobiltechniek, Bau, Industrie und Agrarwirtschaftlich. Kontaktieren Sie uns!","breadcrumb":{"@id":"https:\/\/www.hadleygroup.com\/de\/rollformen-nach-mass\/rollformen\/#breadcrumb"},"inLanguage":"de-DE","potentialAction":[{"@type":"ReadAction","target":["https:\/\/www.hadleygroup.com\/de\/rollformen-nach-mass\/rollformen\/"]}]},{"@type":"ImageObject","inLanguage":"de-DE","@id":"https:\/\/www.hadleygroup.com\/de\/rollformen-nach-mass\/rollformen\/#primaryimage","url":"https:\/\/www.hadleygroup.com\/app\/uploads\/2022\/07\/Rollformen-metallprofile-Hadley-Group.jpg","contentUrl":"https:\/\/www.hadleygroup.com\/app\/uploads\/2022\/07\/Rollformen-metallprofile-Hadley-Group.jpg"},{"@type":"BreadcrumbList","@id":"https:\/\/www.hadleygroup.com\/de\/rollformen-nach-mass\/rollformen\/#breadcrumb","itemListElement":[{"@type":"ListItem","position":1,"name":"Home","item":"https:\/\/www.hadleygroup.com\/de\/"},{"@type":"ListItem","position":2,"name":"Rollformen"}]},{"@type":"WebSite","@id":"https:\/\/www.hadleygroup.com\/de\/#website","url":"https:\/\/www.hadleygroup.com\/de\/","name":"Hadley Group","description":"Shaping the Future in Metal","publisher":{"@id":"https:\/\/www.hadleygroup.com\/de\/#organization"},"potentialAction":[{"@type":"SearchAction","target":{"@type":"EntryPoint","urlTemplate":"https:\/\/www.hadleygroup.com\/de\/?s={search_term_string}"},"query-input":{"@type":"PropertyValueSpecification","valueRequired":true,"valueName":"search_term_string"}}],"inLanguage":"de-DE"},{"@type":"Organization","@id":"https:\/\/www.hadleygroup.com\/de\/#organization","name":"Hadley Group","url":"https:\/\/www.hadleygroup.com\/de\/","logo":{"@type":"ImageObject","inLanguage":"de-DE","@id":"https:\/\/www.hadleygroup.com\/de\/#\/schema\/logo\/image\/","url":"https:\/\/www.hadleygroup.com\/app\/uploads\/2023\/01\/Hadley-Group-logo.jpg","contentUrl":"https:\/\/www.hadleygroup.com\/app\/uploads\/2023\/01\/Hadley-Group-logo.jpg","width":1280,"height":300,"caption":"Hadley Group"},"image":{"@id":"https:\/\/www.hadleygroup.com\/de\/#\/schema\/logo\/image\/"},"sameAs":["https:\/\/www.facebook.com\/HadleyGroupGlobal","https:\/\/x.com\/hadley_group","https:\/\/www.youtube.com\/@HadleyGroupSmethwick","https:\/\/www.linkedin.com\/company\/hadley-group-\/"]}]}},"_links":{"self":[{"href":"https:\/\/www.hadleygroup.com\/de\/wp-json\/wp\/v2\/pages\/5124","targetHints":{"allow":["GET"]}}],"collection":[{"href":"https:\/\/www.hadleygroup.com\/de\/wp-json\/wp\/v2\/pages"}],"about":[{"href":"https:\/\/www.hadleygroup.com\/de\/wp-json\/wp\/v2\/types\/page"}],"author":[{"embeddable":true,"href":"https:\/\/www.hadleygroup.com\/de\/wp-json\/wp\/v2\/users\/3"}],"replies":[{"embeddable":true,"href":"https:\/\/www.hadleygroup.com\/de\/wp-json\/wp\/v2\/comments?post=5124"}],"version-history":[{"count":7,"href":"https:\/\/www.hadleygroup.com\/de\/wp-json\/wp\/v2\/pages\/5124\/revisions"}],"predecessor-version":[{"id":6938,"href":"https:\/\/www.hadleygroup.com\/de\/wp-json\/wp\/v2\/pages\/5124\/revisions\/6938"}],"up":[{"embeddable":true,"href":"https:\/\/www.hadleygroup.com\/de\/wp-json\/wp\/v2\/pages\/1819"}],"wp:attachment":[{"href":"https:\/\/www.hadleygroup.com\/de\/wp-json\/wp\/v2\/media?parent=5124"}],"wp:term":[{"taxonomy":"category","embeddable":true,"href":"https:\/\/www.hadleygroup.com\/de\/wp-json\/wp\/v2\/categories?post=5124"}],"curies":[{"name":"wp","href":"https:\/\/api.w.org\/{rel}","templated":true}]}}