{"id":5116,"date":"2022-07-26T06:48:30","date_gmt":"2022-07-26T06:48:30","guid":{"rendered":"https:\/\/www.hadleygroup.com\/?page_id=5116"},"modified":"2022-08-04T14:33:54","modified_gmt":"2022-08-04T14:33:54","slug":"rollformen-von-aluminiumprofilen","status":"publish","type":"page","link":"https:\/\/www.hadleygroup.com\/de\/rollformen-nach-mass\/rollformen-von-aluminiumprofilen\/","title":{"rendered":"Rollformen von Aluminiumprofilen"},"content":{"rendered":"<background-video inline-template :autoplay=\"true\" video=\"\"> \n<section class=\"wp-block-stradigi-gutenberg-hero g-hero container-fluid p-0 g-hero--has-overlay\" style=\"background-image:url(&quot;https:\/\/www.hadleygroup.com\/app\/uploads\/2022\/04\/DSC_1507.jpg&quot;)\" data-youtube-url=\"\"><div class=\"g-hero--filter\"><\/div><div class=\"g-hero__container container\"><div class=\"g-hero__wrap\"><h1 class=\"g-hero__heading\"><strong>Rollformen von Aluminiumprofilen<\/strong><\/h1><div class=\"g-hero__body\"><div class=\"g-hero__body__text\"><p><\/p><\/div><div class=\"g-hero__body__buttons\"><\/div><\/div><\/div><div class=\"g-hero__chevron__container d-none d-lg-block\"><i class=\"fas fa-chevron-down fa-3x scrollDown\"><\/i><\/div><\/div><\/section>\n <\/background-video>\n\n<div class=\"JB-1 h-section-background\">\n<section class=\"wp-block-stradigi-gutenberg-fixed-spacer g-spacer g-spacer--size-mittel g-spacer--size-medium\"><\/section>\n<\/div>\n\n<section class=\"JB-1 h-section-background g-text\"><div class=\"container\"><div class=\"row\"><div class=\"col-lg-8\"><div class=\"g-text__bodytext\">\n<p>Aluminium ist ein perfektes Material f\u00fcr das Rollformverfahren. Immer mehr Unternehmen entscheiden sich f\u00fcr rollgeformte Profile aus Aluminium. Dieses Material eignet sich hervorragend f\u00fcr innovative Entw\u00fcrfe, die nachhaltige Ziele verfolgen. <\/p>\n<\/div><\/div><\/div><\/div><\/section>\n\n<section class=\"JB-1 h-section-background g-text\"><div class=\"container\"><div class=\"row\"><div class=\"col-lg-8\"><div class=\"g-text__bodytext\">\n<p>Aluminium bietet zudem ein gro\u00dfes Ma\u00df an Freiheit bei der Gestaltung. Au\u00dferdem hat es den Vorteil, dass sich seine Eigenschaften und seine Struktur durch das Rollformverfahren stark verbessern. Die Ingenieure von Hadley besprechen mit Ihnen gerne die M\u00f6glichkeiten.<\/p>\n<\/div><\/div><\/div><\/div><\/section>\n\n<div class=\"JB-1 h-section-background\">\n<section class=\"wp-block-stradigi-gutenberg-fixed-spacer g-spacer g-spacer--size-klein g-spacer--size-small\"><\/section>\n<\/div>\n\n<section class=\"JB-1 h-section-background g-text\"><div class=\"container\"><div class=\"row\"><div class=\"col-lg-8\"><div class=\"g-text__title\">\n<h2 class=\"wp-block-heading\">Rollformen von Aluminium Inklusive In-Line Bearbeitung<\/h2>\n<\/div><\/div><\/div><\/div><\/section>\n\n<section class=\"JB-1 h-section-background g-text\"><div class=\"container\"><div class=\"row\"><div class=\"col-lg-8\"><div class=\"g-text__bodytext\">\n<p>Beim&nbsp;<a href=\"https:\/\/www.hadleygroup.com\/de\/rollformen-nach-mass\/\" target=\"_blank\" rel=\"noreferrer noopener\">Rollformen<\/a>&nbsp;wird ein Aluminiumprofil aus Bandmaterial hergestellt. Die Fertigung verl\u00e4uft in einem durchgehenden Verfahren. Das Aluminium rollt durch verschiedene Stationen mit Rollensets, die das Profil in die gew\u00fcnschte Form walzen. W\u00e4hrend dieses Verfahrens k\u00f6nnen gleichzeitig verschiedene Bearbeitungsschritte durchgef\u00fchrt werden, wie Durchdrucken, Schneiden, Dekorieren, Perforieren und Biegen. <\/p>\n<\/div><\/div><\/div><\/div><\/section>\n\n<section class=\"JB-1 h-section-background g-text\"><div class=\"container\"><div class=\"row\"><div class=\"col-lg-8\"><div class=\"g-text__bodytext\">\n<p>Daher ist keine oder nur eine geringe Nachbearbeitung notwendig. Das Rollformen unterscheidet sich dadurch von Produktionstechniken wie dem Extrudieren oder Abkanten. Durch dieses Verfahren wird die Produktionszeit verk\u00fcrzt. Das wiederum hat eine schnellere Lieferung der Produkte zur Folge. In gro\u00dfen St\u00fcckzahlen, immer mit denselben Spezifikationen und in derselben (hohen) Qualit\u00e4t. Erfahren Sie mehr \u00fcber die&nbsp;Vorteile von Rollformen.<\/p>\n<\/div><\/div><\/div><\/div><\/section>\n\n<div class=\"JB-1 h-section-background\">\n<section class=\"wp-block-stradigi-gutenberg-fixed-spacer g-spacer g-spacer--size-klein g-spacer--size-small\"><\/section>\n<\/div>\n\n<section class=\"JB-1 h-section-background g-text\"><div class=\"container\"><div class=\"row\"><div class=\"col-lg-8\"><div class=\"g-text__title\">\n<h2 class=\"wp-block-heading\">Die St\u00e4rken von Aluminium<\/h2>\n<\/div><\/div><\/div><\/div><\/section>\n\n<section class=\"JB-1 h-section-background g-text\"><div class=\"container\"><div class=\"row\"><div class=\"col-lg-8\"><div class=\"g-text__bodytext\">\n<p>Aluminium l\u00e4sst sich gut verarbeiten, einfach schwei\u00dfen und bietet viele M\u00f6glichkeiten f\u00fcr Oberfl\u00e4chenbehandlungen. Daneben verf\u00fcgt Aluminium noch \u00fcber einige weitere St\u00e4rken:<\/p>\n<\/div><\/div><\/div><\/div><\/section>\n\n<section class=\"JB-1 h-section-background g-text\"><div class=\"container\"><div class=\"row\"><div class=\"col-lg-8\"><div class=\"g-text__bodytext\">\n<ul class=\"wp-block-list\"><li>Aluminium ist ein leichtes Metall, das ungef\u00e4hr ein Drittel des Gewichts von Stahl aufweist.<\/li><li>Es ist tragf\u00e4hig, was mit dem niedrigen Gewicht eine starke Kombination bildet.<\/li><li>Es ist wetterbest\u00e4ndig.<\/li><li>Es ist nachhaltig: Aluminium ist eines der am h\u00e4ufigsten vorkommenden Elemente auf der Erde und daher in gro\u00dfen Mengen verf\u00fcgbar. Zudem kann es auch einfach recycelt werden.<\/li><li>Es bietet von Natur aus eine sch\u00f6ne Optik! Durch Anodisieren oder Lackieren kann es noch weiter versch\u00f6nert und gesch\u00fctzt werden.<\/li><\/ul>\n<\/div><\/div><\/div><\/div><\/section>\n\n<div class=\"JB-1 h-section-background\">\n<section class=\"wp-block-stradigi-gutenberg-fixed-spacer g-spacer g-spacer--size-klein g-spacer--size-small\"><\/section>\n<\/div>\n\n<section class=\"JB-1 h-section-background g-text\"><div class=\"container\"><div class=\"row\"><div class=\"col-lg-8\"><div class=\"g-text__title\">\n<h2 class=\"wp-block-heading\">Das Zerspanen von Aluminium<\/h2>\n<\/div><\/div><\/div><\/div><\/section>\n\n<section class=\"JB-1 h-section-background g-text\"><div class=\"container\"><div class=\"row\"><div class=\"col-lg-8\"><div class=\"g-text__bodytext\">\n<p>Aluminium l\u00e4sst sich im Allgemeinen leichter zerspanen als Stahl, da es weicher ist. Beim Zerspanen von Aluminium wird 2 bis 3 Mal weniger Kraft ben\u00f6tigt als bei Stahl oder einem Metall mit vergleichbarer Festigkeit. Beim Rollformverfahren wird das Aluminium im kalten Zustand in die gew\u00fcnschte Form gebracht. Da das Zerspanen relativ einfach vonstattengeht, ist dieser Prozess schneller als beispielsweise bei Stahl. Das Verformen im kalten Zustand hat au\u00dferdem den Vorteil, dass Aluminium dadurch an Festigkeit gewinnt.<\/p>\n<\/div><\/div><\/div><\/div><\/section>\n\n<div class=\"JB-1 h-section-background\">\n<section class=\"wp-block-stradigi-gutenberg-fixed-spacer g-spacer g-spacer--size-klein g-spacer--size-small\"><\/section>\n<\/div>\n\n<section class=\"JB-1 h-section-background g-text\"><div class=\"container\"><div class=\"row\"><div class=\"col-lg-8\"><div class=\"g-text__title\">\n<h2 class=\"wp-block-heading\">Wir beraten Sie Zur Richtigen Aluminiumlegierung<\/h2>\n<\/div><\/div><\/div><\/div><\/section>\n\n<section class=\"JB-1 h-section-background g-text\"><div class=\"container\"><div class=\"row\"><div class=\"col-lg-8\"><div class=\"g-text__bodytext\">\n<p>Es gibt viele verschiedene Aluminiumlegierungen. Jede Legierung verf\u00fcgt \u00fcber spezielle Eigenschaften und St\u00e4rken. Manche Aluminiumlegierungen weisen eine hohe Materialfestigkeit auf, andere sind besonders verschlei\u00dffest und wieder andere zeichnen sich durch ihre \u00e4sthetischen Qualit\u00e4ten aus. Die beste Wahl f\u00fcr Ihr Produkt h\u00e4ngt ganz von Ihren W\u00fcnschen ab. Auch die Formbarkeit einer Legierung spielt dabei eine wichtige Rolle. Unsere Ingenieure finden gerne mit Ihnen gemeinsam die beste L\u00f6sung f\u00fcr Ihr Produkt.<\/p>\n<\/div><\/div><\/div><\/div><\/section>\n\n<div class=\"JB-1 h-section-background\">\n<section class=\"wp-block-stradigi-gutenberg-fixed-spacer g-spacer g-spacer--size-klein g-spacer--size-small\"><\/section>\n<\/div>\n\n<section class=\"JB-1 h-section-background g-text\"><div class=\"container\"><div class=\"row\"><div class=\"col-lg-8\"><div class=\"g-text__title\">\n<h2 class=\"wp-block-heading\">Rollgeformte Aluminiumprofile F\u00fcr Viele M\u00e4rkte<\/h2>\n<\/div><\/div><\/div><\/div><\/section>\n\n<section class=\"JB-1 h-section-background g-text\"><div class=\"container\"><div class=\"row\"><div class=\"col-lg-8\"><div class=\"g-text__bodytext\">\n<p>Unsere Aluminiumprofile sind in vielen Produkten zu finden. Manchmal sind sie dabei sichtbar und manchmal unsichtbar verarbeitet. Anwendungsbereiche sind unter anderem:<\/p>\n<\/div><\/div><\/div><\/div><\/section>\n\n<section class=\"JB-1 h-section-background g-text\"><div class=\"container\"><div class=\"row\"><div class=\"col-lg-8\"><div class=\"g-text__bodytext\">\n<ul class=\"wp-block-list\"><li>Automobilindustrie: Leichte, tragf\u00e4hige und sch\u00f6ne Materialien sind hier ein Muss \u2013 genau wie ein hohes Ma\u00df an Konsistenz und Genauigkeit. Rollgeformte Aluminiumprofile entsprechen diesen Anforderungen optimal. Die Hadley Group ist nach IATF 16949 zertifiziert.<\/li><li>Baugewerbe: z. B. Rahmenprofile, Fassadenverkleidungen, D\u00e4cher und Decken.<\/li><li>Innenausbau: z. B. Verkleidungen, Schienensysteme, Schr\u00e4nke und B\u00fcrom\u00f6bel.<\/li><li>Maschinenbau: z. B. Drucker, Druckmaschinen und Maschinen in der Textil-, Papier- und Verpackungsindustrie.<\/li><li>Haushaltsger\u00e4te: Durch Aluminiumprofile erhalten die Ger\u00e4te eine exklusive Optik. Bei Designerger\u00e4ten ist das auf jeden Fall ein Pluspunkt.<\/li><li>Klimatisierungssysteme: z. B. Bel\u00fcftungssysteme, W\u00e4rmetauscher, thermische Decken, B\u00f6den und W\u00e4nde.<\/li><li>Beleuchtungsindustrie: z. B. Armaturen.<\/li><\/ul>\n<\/div><\/div><\/div><\/div><\/section>\n\n<div class=\"JB-1 h-section-background\">\n<section class=\"wp-block-stradigi-gutenberg-fixed-spacer g-spacer g-spacer--size-klein g-spacer--size-small\"><\/section>\n<\/div>\n\n<section class=\"JB-1 h-section-background g-text\"><div class=\"container\"><div class=\"row\"><div class=\"col-lg-8\"><div class=\"g-text__title\">\n<h2 class=\"wp-block-heading\">Die St\u00e4rken von Hadley<\/h2>\n<\/div><\/div><\/div><\/div><\/section>\n\n<section class=\"JB-1 h-section-background g-text\"><div class=\"container\"><div class=\"row\"><div class=\"col-lg-8\"><div class=\"g-text__bodytext\">\n<p>Die Hadley Group ist globaler Spezialist und technischer Marktf\u00fchrer f\u00fcr Rollformverfahren. Wir verf\u00fcgen \u00fcber Produktionsstandorte in Gro\u00dfbritannien, den Niederlanden, Deutschland, Tschechien und der Slowakei und sind ebenfalls in Asien und Nahost aktiv. Unsere rollgeformten Aluminiumprofile \u00fcberzeugen mit hoher Qualit\u00e4t und Produktivit\u00e4t:<\/p>\n<\/div><\/div><\/div><\/div><\/section>\n\n<section class=\"JB-1 h-section-background g-text\"><div class=\"container\"><div class=\"row\"><div class=\"col-lg-8\"><div class=\"g-text__bodytext\">\n<ul class=\"wp-block-list\"><li>Wir fertigen Profile mit 0,3 mm bis 8 mm Wanddicke und einer Breite von bis zu 1,3 m.<\/li><li>Garantiert hohe Ma\u00dftoleranzen ab \u00b1 0,05 mm.<\/li><li>Wir kennen die Qualit\u00e4tsanspr\u00fcche der Branchen in Hinblick auf Profile. Wir k\u00f6nnen Messberichte, Farbtest und SPC-Berichte zur Verf\u00fcgung stellen.<\/li><li>Unsere Ingenieure beraten Sie gerne von Anfang an. Sie kennen sich mit den M\u00f6glichkeiten des Rollformens von Aluminium aus und finden mit Ihnen gemeinsam die beste L\u00f6sung f\u00fcr Sie und Ihre Kunden. Durch eine fr\u00fchzeitige Zusammenarbeit gewinnen Sie nicht nur neue Erkenntnisse, sondern k\u00f6nnen h\u00e4ufig auch Kosten einsparen.<\/li><li>Mehr als 50 Techniker und Ingenieure sind t\u00e4glich im Bereich&nbsp;Forschung und Entwicklung&nbsp;t\u00e4tig. Wir entwerfen und entwickeln unsere Maschinen und Werkzeuge selbst.<\/li><\/ul>\n<\/div><\/div><\/div><\/div><\/section>\n\n<div class=\"JB-1 h-section-background\">\n<section class=\"wp-block-stradigi-gutenberg-fixed-spacer g-spacer g-spacer--size-klein g-spacer--size-small\"><\/section>\n<\/div>\n\n<section class=\"JB-1 h-section-background g-text\"><div class=\"container\"><div class=\"row\"><div class=\"col-lg-8\"><div class=\"g-text__title\">\n<h2 class=\"wp-block-heading\">Wir Treten Gerne Mit Ihnen in Kontakt<\/h2>\n<\/div><\/div><\/div><\/div><\/section>\n\n<section class=\"JB-1 h-section-background g-text\"><div class=\"container\"><div class=\"row\"><div class=\"col-lg-8\"><div class=\"g-text__bodytext\">\n<p>Mit Hadley entscheiden Sie sich nicht nur f\u00fcr Qualit\u00e4t, Geschwindigkeit und Kosteneffizienz. Sie entscheiden sich auch f\u00fcr Zusammenarbeit und Partnerschaft. Haben Sie Interesse, m\u00f6chten Sie mehr \u00fcber (komplexe) rollgeformte Aluminiumprofile wissen und einen Termin mit uns vereinbaren? Dann nehmen Sie unverbindlich&nbsp;<a href=\"https:\/\/www.hadleygroup.com\/de\/kontakt\/\">Kontakt<\/a>&nbsp;mit uns auf.<\/p>\n<\/div><\/div><\/div><\/div><\/section>\n\n<section class=\"JB-1 h-section-background g-text\"><div class=\"container\"><div class=\"row\"><div class=\"col-lg-8\"><div class=\"g-text__bodytext\">\n<p><em>Hadley: Shaping the future in metal<\/em><\/p>\n<\/div><\/div><\/div><\/div><\/section>\n\n<div class=\"JB-1 h-section-background\">\n<section class=\"wp-block-stradigi-gutenberg-fixed-spacer g-spacer g-spacer--size-mittel g-spacer--size-medium\"><\/section>\n<\/div>","protected":false},"excerpt":{"rendered":"<p>Aluminium ist ein perfektes Material f\u00fcr das Rollformverfahren. Immer mehr Unternehmen entscheiden sich f\u00fcr rollgeformte Profile aus Aluminium. Dieses Material\u2026 <a href=\"https:\/\/www.hadleygroup.com\/de\/rollformen-nach-mass\/rollformen-von-aluminiumprofilen\/\">&#8230;<\/a><\/p>\n","protected":false},"author":3,"featured_media":0,"parent":1819,"menu_order":0,"comment_status":"closed","ping_status":"closed","template":"","meta":{"_acf_changed":false,"footnotes":""},"categories":[3],"class_list":["post-5116","page","type-page","status-publish","hentry","category-unkategorisiert"],"acf":[],"yoast_head":"<!-- This site is optimized with the Yoast SEO Premium plugin v25.1 (Yoast SEO v26.3) - https:\/\/yoast.com\/wordpress\/plugins\/seo\/ -->\n<title>Hochwertige Rollformen von Aluminiumprofile - Hadley Group<\/title>\n<meta name=\"description\" content=\"Das Rollformen von Aluminiumprofilen ist dem spezialit\u00e4t von Hadley. Anwendungen unter anderem f\u00fcr die Automobilbranche. Kontaktieren Sie Hadley!\" \/>\n<meta name=\"robots\" content=\"index, follow, max-snippet:-1, max-image-preview:large, max-video-preview:-1\" \/>\n<link rel=\"canonical\" href=\"https:\/\/www.hadleygroup.com\/de\/rollformen-nach-mass\/rollformen-von-aluminiumprofilen\/\" \/>\n<meta property=\"og:locale\" content=\"de_DE\" \/>\n<meta property=\"og:type\" content=\"article\" \/>\n<meta property=\"og:title\" content=\"Rollformen von Aluminiumprofilen\" \/>\n<meta property=\"og:description\" content=\"Das Rollformen von Aluminiumprofilen ist dem spezialit\u00e4t von Hadley. Anwendungen unter anderem f\u00fcr die Automobilbranche. Kontaktieren Sie Hadley!\" \/>\n<meta property=\"og:url\" content=\"https:\/\/www.hadleygroup.com\/de\/rollformen-nach-mass\/rollformen-von-aluminiumprofilen\/\" \/>\n<meta property=\"og:site_name\" content=\"Hadley Group\" \/>\n<meta property=\"article:publisher\" content=\"https:\/\/www.facebook.com\/HadleyGroupGlobal\" \/>\n<meta property=\"article:modified_time\" content=\"2022-08-04T14:33:54+00:00\" \/>\n<meta property=\"og:image\" content=\"https:\/\/www.hadleygroup.com\/app\/uploads\/2023\/01\/Hadley-Group-logo.jpg\" \/>\n\t<meta property=\"og:image:width\" content=\"1280\" \/>\n\t<meta property=\"og:image:height\" content=\"300\" \/>\n\t<meta property=\"og:image:type\" content=\"image\/jpeg\" \/>\n<meta name=\"twitter:card\" content=\"summary_large_image\" \/>\n<meta name=\"twitter:site\" content=\"@hadley_group\" \/>\n<meta name=\"twitter:label1\" content=\"Est. reading time\" \/>\n\t<meta name=\"twitter:data1\" content=\"4 minutes\" \/>\n<script type=\"application\/ld+json\" class=\"yoast-schema-graph\">{\"@context\":\"https:\/\/schema.org\",\"@graph\":[{\"@type\":\"WebPage\",\"@id\":\"https:\/\/www.hadleygroup.com\/de\/rollformen-nach-mass\/rollformen-von-aluminiumprofilen\/\",\"url\":\"https:\/\/www.hadleygroup.com\/de\/rollformen-nach-mass\/rollformen-von-aluminiumprofilen\/\",\"name\":\"Hochwertige Rollformen von Aluminiumprofile - Hadley Group\",\"isPartOf\":{\"@id\":\"https:\/\/www.hadleygroup.com\/de\/#website\"},\"datePublished\":\"2022-07-26T06:48:30+00:00\",\"dateModified\":\"2022-08-04T14:33:54+00:00\",\"description\":\"Das Rollformen von Aluminiumprofilen ist dem spezialit\u00e4t von Hadley. Anwendungen unter anderem f\u00fcr die Automobilbranche. Kontaktieren Sie Hadley!\",\"breadcrumb\":{\"@id\":\"https:\/\/www.hadleygroup.com\/de\/rollformen-nach-mass\/rollformen-von-aluminiumprofilen\/#breadcrumb\"},\"inLanguage\":\"de-DE\",\"potentialAction\":[{\"@type\":\"ReadAction\",\"target\":[\"https:\/\/www.hadleygroup.com\/de\/rollformen-nach-mass\/rollformen-von-aluminiumprofilen\/\"]}]},{\"@type\":\"BreadcrumbList\",\"@id\":\"https:\/\/www.hadleygroup.com\/de\/rollformen-nach-mass\/rollformen-von-aluminiumprofilen\/#breadcrumb\",\"itemListElement\":[{\"@type\":\"ListItem\",\"position\":1,\"name\":\"Home\",\"item\":\"https:\/\/www.hadleygroup.com\/de\/\"},{\"@type\":\"ListItem\",\"position\":2,\"name\":\"Rollformen von Aluminiumprofilen\"}]},{\"@type\":\"WebSite\",\"@id\":\"https:\/\/www.hadleygroup.com\/de\/#website\",\"url\":\"https:\/\/www.hadleygroup.com\/de\/\",\"name\":\"Hadley Group\",\"description\":\"Shaping the Future in Metal\",\"publisher\":{\"@id\":\"https:\/\/www.hadleygroup.com\/de\/#organization\"},\"potentialAction\":[{\"@type\":\"SearchAction\",\"target\":{\"@type\":\"EntryPoint\",\"urlTemplate\":\"https:\/\/www.hadleygroup.com\/de\/?s={search_term_string}\"},\"query-input\":{\"@type\":\"PropertyValueSpecification\",\"valueRequired\":true,\"valueName\":\"search_term_string\"}}],\"inLanguage\":\"de-DE\"},{\"@type\":\"Organization\",\"@id\":\"https:\/\/www.hadleygroup.com\/de\/#organization\",\"name\":\"Hadley Group\",\"url\":\"https:\/\/www.hadleygroup.com\/de\/\",\"logo\":{\"@type\":\"ImageObject\",\"inLanguage\":\"de-DE\",\"@id\":\"https:\/\/www.hadleygroup.com\/de\/#\/schema\/logo\/image\/\",\"url\":\"https:\/\/www.hadleygroup.com\/app\/uploads\/2023\/01\/Hadley-Group-logo.jpg\",\"contentUrl\":\"https:\/\/www.hadleygroup.com\/app\/uploads\/2023\/01\/Hadley-Group-logo.jpg\",\"width\":1280,\"height\":300,\"caption\":\"Hadley Group\"},\"image\":{\"@id\":\"https:\/\/www.hadleygroup.com\/de\/#\/schema\/logo\/image\/\"},\"sameAs\":[\"https:\/\/www.facebook.com\/HadleyGroupGlobal\",\"https:\/\/x.com\/hadley_group\",\"https:\/\/www.youtube.com\/@HadleyGroupSmethwick\",\"https:\/\/www.linkedin.com\/company\/hadley-group-\/\"]}]}<\/script>\n<!-- \/ Yoast SEO Premium plugin. -->","yoast_head_json":{"title":"Hochwertige Rollformen von Aluminiumprofile - Hadley Group","description":"Das Rollformen von Aluminiumprofilen ist dem spezialit\u00e4t von Hadley. Anwendungen unter anderem f\u00fcr die Automobilbranche. Kontaktieren Sie Hadley!","robots":{"index":"index","follow":"follow","max-snippet":"max-snippet:-1","max-image-preview":"max-image-preview:large","max-video-preview":"max-video-preview:-1"},"canonical":"https:\/\/www.hadleygroup.com\/de\/rollformen-nach-mass\/rollformen-von-aluminiumprofilen\/","og_locale":"de_DE","og_type":"article","og_title":"Rollformen von Aluminiumprofilen","og_description":"Das Rollformen von Aluminiumprofilen ist dem spezialit\u00e4t von Hadley. Anwendungen unter anderem f\u00fcr die Automobilbranche. Kontaktieren Sie Hadley!","og_url":"https:\/\/www.hadleygroup.com\/de\/rollformen-nach-mass\/rollformen-von-aluminiumprofilen\/","og_site_name":"Hadley Group","article_publisher":"https:\/\/www.facebook.com\/HadleyGroupGlobal","article_modified_time":"2022-08-04T14:33:54+00:00","og_image":[{"width":1280,"height":300,"url":"https:\/\/www.hadleygroup.com\/app\/uploads\/2023\/01\/Hadley-Group-logo.jpg","type":"image\/jpeg"}],"twitter_card":"summary_large_image","twitter_site":"@hadley_group","twitter_misc":{"Est. reading time":"4 minutes"},"schema":{"@context":"https:\/\/schema.org","@graph":[{"@type":"WebPage","@id":"https:\/\/www.hadleygroup.com\/de\/rollformen-nach-mass\/rollformen-von-aluminiumprofilen\/","url":"https:\/\/www.hadleygroup.com\/de\/rollformen-nach-mass\/rollformen-von-aluminiumprofilen\/","name":"Hochwertige Rollformen von Aluminiumprofile - Hadley Group","isPartOf":{"@id":"https:\/\/www.hadleygroup.com\/de\/#website"},"datePublished":"2022-07-26T06:48:30+00:00","dateModified":"2022-08-04T14:33:54+00:00","description":"Das Rollformen von Aluminiumprofilen ist dem spezialit\u00e4t von Hadley. Anwendungen unter anderem f\u00fcr die Automobilbranche. Kontaktieren Sie Hadley!","breadcrumb":{"@id":"https:\/\/www.hadleygroup.com\/de\/rollformen-nach-mass\/rollformen-von-aluminiumprofilen\/#breadcrumb"},"inLanguage":"de-DE","potentialAction":[{"@type":"ReadAction","target":["https:\/\/www.hadleygroup.com\/de\/rollformen-nach-mass\/rollformen-von-aluminiumprofilen\/"]}]},{"@type":"BreadcrumbList","@id":"https:\/\/www.hadleygroup.com\/de\/rollformen-nach-mass\/rollformen-von-aluminiumprofilen\/#breadcrumb","itemListElement":[{"@type":"ListItem","position":1,"name":"Home","item":"https:\/\/www.hadleygroup.com\/de\/"},{"@type":"ListItem","position":2,"name":"Rollformen von Aluminiumprofilen"}]},{"@type":"WebSite","@id":"https:\/\/www.hadleygroup.com\/de\/#website","url":"https:\/\/www.hadleygroup.com\/de\/","name":"Hadley Group","description":"Shaping the Future in Metal","publisher":{"@id":"https:\/\/www.hadleygroup.com\/de\/#organization"},"potentialAction":[{"@type":"SearchAction","target":{"@type":"EntryPoint","urlTemplate":"https:\/\/www.hadleygroup.com\/de\/?s={search_term_string}"},"query-input":{"@type":"PropertyValueSpecification","valueRequired":true,"valueName":"search_term_string"}}],"inLanguage":"de-DE"},{"@type":"Organization","@id":"https:\/\/www.hadleygroup.com\/de\/#organization","name":"Hadley Group","url":"https:\/\/www.hadleygroup.com\/de\/","logo":{"@type":"ImageObject","inLanguage":"de-DE","@id":"https:\/\/www.hadleygroup.com\/de\/#\/schema\/logo\/image\/","url":"https:\/\/www.hadleygroup.com\/app\/uploads\/2023\/01\/Hadley-Group-logo.jpg","contentUrl":"https:\/\/www.hadleygroup.com\/app\/uploads\/2023\/01\/Hadley-Group-logo.jpg","width":1280,"height":300,"caption":"Hadley Group"},"image":{"@id":"https:\/\/www.hadleygroup.com\/de\/#\/schema\/logo\/image\/"},"sameAs":["https:\/\/www.facebook.com\/HadleyGroupGlobal","https:\/\/x.com\/hadley_group","https:\/\/www.youtube.com\/@HadleyGroupSmethwick","https:\/\/www.linkedin.com\/company\/hadley-group-\/"]}]}},"_links":{"self":[{"href":"https:\/\/www.hadleygroup.com\/de\/wp-json\/wp\/v2\/pages\/5116","targetHints":{"allow":["GET"]}}],"collection":[{"href":"https:\/\/www.hadleygroup.com\/de\/wp-json\/wp\/v2\/pages"}],"about":[{"href":"https:\/\/www.hadleygroup.com\/de\/wp-json\/wp\/v2\/types\/page"}],"author":[{"embeddable":true,"href":"https:\/\/www.hadleygroup.com\/de\/wp-json\/wp\/v2\/users\/3"}],"replies":[{"embeddable":true,"href":"https:\/\/www.hadleygroup.com\/de\/wp-json\/wp\/v2\/comments?post=5116"}],"version-history":[{"count":3,"href":"https:\/\/www.hadleygroup.com\/de\/wp-json\/wp\/v2\/pages\/5116\/revisions"}],"predecessor-version":[{"id":5375,"href":"https:\/\/www.hadleygroup.com\/de\/wp-json\/wp\/v2\/pages\/5116\/revisions\/5375"}],"up":[{"embeddable":true,"href":"https:\/\/www.hadleygroup.com\/de\/wp-json\/wp\/v2\/pages\/1819"}],"wp:attachment":[{"href":"https:\/\/www.hadleygroup.com\/de\/wp-json\/wp\/v2\/media?parent=5116"}],"wp:term":[{"taxonomy":"category","embeddable":true,"href":"https:\/\/www.hadleygroup.com\/de\/wp-json\/wp\/v2\/categories?post=5116"}],"curies":[{"name":"wp","href":"https:\/\/api.w.org\/{rel}","templated":true}]}}