{"id":5111,"date":"2022-07-26T06:38:54","date_gmt":"2022-07-26T06:38:54","guid":{"rendered":"https:\/\/www.hadleygroup.com\/?page_id=5111"},"modified":"2023-08-31T10:06:24","modified_gmt":"2023-08-31T10:06:24","slug":"rollgeformte-aluminiumprofile","status":"publish","type":"page","link":"https:\/\/www.hadleygroup.com\/de\/rollformen-nach-mass\/rollgeformte-aluminiumprofile\/","title":{"rendered":"Rollgeformte Aluminiumprofile"},"content":{"rendered":"<background-video inline-template :autoplay=\"true\" video=\"\"> \n<section class=\"wp-block-stradigi-gutenberg-hero g-hero container-fluid p-0 g-hero--has-overlay\" style=\"background-image:url(&quot;https:\/\/www.hadleygroup.com\/app\/uploads\/2022\/04\/DSC_1507.jpg&quot;)\" data-youtube-url=\"\"><div class=\"g-hero--filter\"><\/div><div class=\"g-hero__container container\"><div class=\"g-hero__wrap\"><h1 class=\"g-hero__heading\"><strong><strong>Rollgeformte Aluminiumprofile<\/strong><\/strong><\/h1><div class=\"g-hero__body\"><div class=\"g-hero__body__text\"><p><\/p><\/div><div class=\"g-hero__body__buttons\"><\/div><\/div><\/div><div class=\"g-hero__chevron__container d-none d-lg-block\"><i class=\"fas fa-chevron-down fa-3x scrollDown\"><\/i><\/div><\/div><\/section>\n <\/background-video>\n\n<div class=\"JB-1 h-section-background\">\n<section class=\"wp-block-stradigi-gutenberg-fixed-spacer g-spacer g-spacer--size-mittel g-spacer--size-medium\"><\/section>\n<\/div>\n\n<section class=\"JB-1 h-section-background g-text\"><div class=\"container\"><div class=\"row\"><div class=\"col-lg-8\"><div class=\"g-text__title\">\n<h4 class=\"wp-block-heading\">Suchen Sie einen Partner fuer Ihre Rollgeformte aluminiumprofile?<\/h4>\n<\/div><\/div><\/div><\/div><\/section>\n\n<section class=\"JB-1 h-section-background g-text\"><div class=\"container\"><div class=\"row\"><div class=\"col-lg-8\"><div class=\"g-text__bodytext\">\n<p> Die hohe Spezialisierung von Overeem im Bereich Rollgeformte aluminiumprofile garantiert Masstoleranzen von \u00b1 0,05 mm f\u00fcr Ihr Aluminiumprofil. Dank unserer umfassenden technologischen Kenntnisse im Bereich Rollformen sind wir in der Lage, Sie ausf\u00fchrlich \u00fcber alle M\u00f6glichkeiten zu beraten. Speziell, was Ihr rollgeformte Aluminiumprofile betrifft.<\/p>\n<\/div><\/div><\/div><\/div><\/section>\n\n<div class=\"JB-1 h-section-background\">\n<section class=\"wp-block-stradigi-gutenberg-fixed-spacer g-spacer g-spacer--size-klein g-spacer--size-small\"><\/section>\n<\/div>\n\n<section class=\"JB-1 h-section-background g-text\"><div class=\"container\"><div class=\"row\"><div class=\"col-lg-8\"><div class=\"g-text__title\">\n<h2 class=\"wp-block-heading\">Co-engineering f\u00fcr Ihre Rollgeformte Aluminiumprofile<\/h2>\n<\/div><\/div><\/div><\/div><\/section>\n\n<section class=\"JB-1 h-section-background g-text\"><div class=\"container\"><div class=\"row\"><div class=\"col-lg-8\"><div class=\"g-text__bodytext\">\n<p>Unsere Ingenieure sind in einem fr\u00fchen Stadium in den Denkprozess rund um das Rollformen von Aluminiumprofilen involviert. So sorgen sie f\u00fcr die Funktionalit\u00e4t und Herstellbarkeit Ihres Aluminiumprofils. Das f\u00fchrt neben neuen Einblicken auch zu Kosteneinsparungen.<\/p>\n<\/div><\/div><\/div><\/div><\/section>\n\n<div class=\"JB-1 h-section-background\">\n<section class=\"wp-block-stradigi-gutenberg-fixed-spacer g-spacer g-spacer--size-klein g-spacer--size-small\"><\/section>\n<\/div>\n\n\n<section class=\"wp-block-stradigi-gutenberg-banner g-banner container-fluid p-0 jarallax g-banner--size-medium\" style=\"background-image:url(&quot;https:\/\/www.hadleygroup.com\/app\/uploads\/2022\/10\/Rollforming-by-Hadley-Group.jpg&quot;)\"><div class=\"g-banner__container container\"><div class=\"g-banner__wrap\"><div class=\"g-banner__body\"><div class=\"g-banner__body__buttons\"><\/div><\/div><\/div><\/div><\/section>\n\n\n<div class=\"JB-1 h-section-background\">\n<section class=\"wp-block-stradigi-gutenberg-fixed-spacer g-spacer g-spacer--size-klein g-spacer--size-small\"><\/section>\n<\/div>\n\n<section class=\"JB-1 h-section-background g-text\"><div class=\"container\"><div class=\"row\"><div class=\"col-lg-8\"><div class=\"g-text__title\">\n<h2 class=\"wp-block-heading\">Rollgeformte Aluminiumprofile Einschliesslich Inline-verarbeitungen<\/h2>\n<\/div><\/div><\/div><\/div><\/section>\n\n<section class=\"JB-1 h-section-background g-text\"><div class=\"container\"><div class=\"row\"><div class=\"col-lg-8\"><div class=\"g-text__bodytext\">\n<p><\/p>\n<\/div><\/div><\/div><\/div><\/section>\n\n<div class=\"JB-1 h-section-background\">\n<section class=\"wp-block-stradigi-gutenberg-sidenote g-sidenote\"><div class=\"container\"><div class=\"g-sidenote__row row\"><div class=\"col-lg-5\"><div class=\"g-sidenote__content\"><section class=\"JB-1 h-section-background g-text\"><div class=\"container\"><div class=\"row\"><div class=\"col-lg-8\"><div class=\"g-text__bodytext\">\n<p>Rollformen von Aluminium ist ein kontinuierlicher Prozess der Fertigung eines Aluminiumprofils aus Bandmaterial. Das Aluminiumprofil durchl\u00e4uft mehrere Stadien mit Rollensets. So erhalten die Profile w\u00e4hrend des Rollformens ihre Form.<\/p>\n<\/div><\/div><\/div><\/div><\/section>\n\n<section class=\"JB-1 h-section-background g-text\"><div class=\"container\"><div class=\"row\"><div class=\"col-lg-8\"><div class=\"g-text__bodytext\">\n<p>W\u00e4hrend des Rollformens Ihres Aluminiumprofils k\u00f6nnen gleichzeitige Verarbeitungen wie Pr\u00e4gen, Schneiden, Dekorieren, Perforieren, Biegen usw. vorgenommen werden. Das Aluminiumprofil unterscheidet sich dadurch von anderen Techniken wie Extrudieren oder Abkanten\/Setzen.<\/p>\n<\/div><\/div><\/div><\/div><\/section><\/div><\/div><article class=\"col-md-7 offset-xl-1 col-xl-6\"><div class=\"g-sidenote__sidenote\" style=\"background-image:url(&quot;https:\/\/www.hadleygroup.com\/app\/uploads\/2022\/04\/DSC_1238.s-985x1024.jpg&quot;)\"><h3 class=\"g-sidenote__sidenote-subtitle\">Inline-Operationen<\/h3><div class=\"g-sidenote__sidenote-content\"><p>Unsere Inline-Verfahren bietet die M\u00f6glichkeit zum Schneiden, Entgraten, Stanzen, Pr\u00e4gen, Schwei\u00dfen und mehr.<\/p><\/div><a href=\"https:\/\/www.hadleygroup.com\/de\/inline-operationen\/\" class=\"c-button g-sidenote__sidenote-cta\">Finde mehr heraus<i class=\"fas fa-sm fa-chevron-right\"><\/i><\/a><\/div><\/article><\/div><\/div><\/section>\n<\/div>\n\n<div class=\"JB-1 h-section-background\">\n<section class=\"wp-block-stradigi-gutenberg-fixed-spacer g-spacer g-spacer--size-klein g-spacer--size-small\"><\/section>\n<\/div>\n\n<div class=\"JB-1 h-section-background\">\n<section class=\"wp-block-stradigi-gutenberg-cta-one g-cta-one\"><div class=\"container\"><div class=\"g-cta-one__row row\"><div class=\"col-sm-12 col-lg-8\"><h2 class=\"g-cta-one__title\"><h2 class=\"g-cta-one__title\">Sie M\u00f6chten Mehr \u00dcber Gerollformte Aluminiumprofile Erfahren?<\/h2><\/h2><div class=\"g-cta-one__content\"><p>Wenn Sie hier Ihre Kontaktdaten hinterlassen, nehmen unsere Ingenieure innerhalb von 48 Stunden Kontakt mit Ihnen auf.<\/p><\/div><div class=\"g-cta-one__buttons\"><a href=\"https:\/\/www.hadleygroup.com\/de\/kontakt\/\" class=\"g-cta-one__button-primary\">Kontaktieren Sie uns<i class=\"fas fa-sm fa-chevron-right\"><\/i><\/a><a href=\"https:\/\/www.hadleygroup.com\/de\/hadley-group-technology\/uber-uns\/\" class=\"g-cta-one__button-secondary\">\u00dcber uns<i class=\"fas fa-sm fa-chevron-right\"><\/i><\/a><\/div><\/div><\/div><\/div><\/section>\n<\/div>\n\n<div class=\"JB-1 h-section-background\">\n<section class=\"wp-block-stradigi-gutenberg-fixed-spacer g-spacer g-spacer--size-small\"><\/section>\n<\/div>","protected":false},"excerpt":{"rendered":"<p>Suchen Sie einen Partner fuer Ihre Rollgeformte aluminiumprofile? Die hohe Spezialisierung von Overeem im Bereich Rollgeformte aluminiumprofile garantiert Masstoleranzen von\u2026 <a href=\"https:\/\/www.hadleygroup.com\/de\/rollformen-nach-mass\/rollgeformte-aluminiumprofile\/\">&#8230;<\/a><\/p>\n","protected":false},"author":3,"featured_media":0,"parent":1819,"menu_order":0,"comment_status":"closed","ping_status":"closed","template":"","meta":{"_acf_changed":false,"footnotes":""},"categories":[3],"class_list":["post-5111","page","type-page","status-publish","hentry","category-unkategorisiert"],"acf":[],"yoast_head":"<!-- This site is optimized with the Yoast SEO Premium plugin v25.1 (Yoast SEO v26.3) - https:\/\/yoast.com\/wordpress\/plugins\/seo\/ -->\n<title>Partner f\u00fcr Ihre Rollgeformte Aluminiumprofile - Hadley Group<\/title>\n<meta name=\"description\" content=\"Rollgeformte Aluminiumprofile von Hadley. Anwendungen unter anderem f\u00fcr die Automobilindustrie. Kontaktieren sie uns f\u00fcr die M\u00f6glichkeiten!\" \/>\n<meta name=\"robots\" content=\"index, follow, max-snippet:-1, max-image-preview:large, max-video-preview:-1\" \/>\n<link rel=\"canonical\" href=\"https:\/\/www.hadleygroup.com\/de\/rollformen-nach-mass\/rollgeformte-aluminiumprofile\/\" \/>\n<meta property=\"og:locale\" content=\"de_DE\" \/>\n<meta property=\"og:type\" content=\"article\" \/>\n<meta property=\"og:title\" content=\"Rollgeformte Aluminiumprofile\" \/>\n<meta property=\"og:description\" content=\"Rollgeformte Aluminiumprofile von Hadley. Anwendungen unter anderem f\u00fcr die Automobilindustrie. Kontaktieren sie uns f\u00fcr die M\u00f6glichkeiten!\" \/>\n<meta property=\"og:url\" content=\"https:\/\/www.hadleygroup.com\/de\/rollformen-nach-mass\/rollgeformte-aluminiumprofile\/\" \/>\n<meta property=\"og:site_name\" content=\"Hadley Group\" \/>\n<meta property=\"article:publisher\" content=\"https:\/\/www.facebook.com\/HadleyGroupGlobal\" \/>\n<meta property=\"article:modified_time\" content=\"2023-08-31T10:06:24+00:00\" \/>\n<meta property=\"og:image\" content=\"https:\/\/www.hadleygroup.com\/app\/uploads\/2023\/01\/Hadley-Group-logo.jpg\" \/>\n\t<meta property=\"og:image:width\" content=\"1280\" \/>\n\t<meta property=\"og:image:height\" content=\"300\" \/>\n\t<meta property=\"og:image:type\" content=\"image\/jpeg\" \/>\n<meta name=\"twitter:card\" content=\"summary_large_image\" \/>\n<meta name=\"twitter:site\" content=\"@hadley_group\" \/>\n<meta name=\"twitter:label1\" content=\"Est. reading time\" \/>\n\t<meta name=\"twitter:data1\" content=\"1 minute\" \/>\n<script type=\"application\/ld+json\" class=\"yoast-schema-graph\">{\"@context\":\"https:\/\/schema.org\",\"@graph\":[{\"@type\":\"WebPage\",\"@id\":\"https:\/\/www.hadleygroup.com\/de\/rollformen-nach-mass\/rollgeformte-aluminiumprofile\/\",\"url\":\"https:\/\/www.hadleygroup.com\/de\/rollformen-nach-mass\/rollgeformte-aluminiumprofile\/\",\"name\":\"Partner f\u00fcr Ihre Rollgeformte Aluminiumprofile - Hadley Group\",\"isPartOf\":{\"@id\":\"https:\/\/www.hadleygroup.com\/de\/#website\"},\"datePublished\":\"2022-07-26T06:38:54+00:00\",\"dateModified\":\"2023-08-31T10:06:24+00:00\",\"description\":\"Rollgeformte Aluminiumprofile von Hadley. Anwendungen unter anderem f\u00fcr die Automobilindustrie. Kontaktieren sie uns f\u00fcr die M\u00f6glichkeiten!\",\"breadcrumb\":{\"@id\":\"https:\/\/www.hadleygroup.com\/de\/rollformen-nach-mass\/rollgeformte-aluminiumprofile\/#breadcrumb\"},\"inLanguage\":\"de-DE\",\"potentialAction\":[{\"@type\":\"ReadAction\",\"target\":[\"https:\/\/www.hadleygroup.com\/de\/rollformen-nach-mass\/rollgeformte-aluminiumprofile\/\"]}]},{\"@type\":\"BreadcrumbList\",\"@id\":\"https:\/\/www.hadleygroup.com\/de\/rollformen-nach-mass\/rollgeformte-aluminiumprofile\/#breadcrumb\",\"itemListElement\":[{\"@type\":\"ListItem\",\"position\":1,\"name\":\"Home\",\"item\":\"https:\/\/www.hadleygroup.com\/de\/\"},{\"@type\":\"ListItem\",\"position\":2,\"name\":\"Rollformen nach Ma\u00df\",\"item\":\"https:\/\/www.hadleygroup.com\/de\/rollformen-nach-mass\/\"},{\"@type\":\"ListItem\",\"position\":3,\"name\":\"Rollgeformte Aluminiumprofile\"}]},{\"@type\":\"WebSite\",\"@id\":\"https:\/\/www.hadleygroup.com\/de\/#website\",\"url\":\"https:\/\/www.hadleygroup.com\/de\/\",\"name\":\"Hadley Group\",\"description\":\"Shaping the Future in Metal\",\"publisher\":{\"@id\":\"https:\/\/www.hadleygroup.com\/de\/#organization\"},\"potentialAction\":[{\"@type\":\"SearchAction\",\"target\":{\"@type\":\"EntryPoint\",\"urlTemplate\":\"https:\/\/www.hadleygroup.com\/de\/?s={search_term_string}\"},\"query-input\":{\"@type\":\"PropertyValueSpecification\",\"valueRequired\":true,\"valueName\":\"search_term_string\"}}],\"inLanguage\":\"de-DE\"},{\"@type\":\"Organization\",\"@id\":\"https:\/\/www.hadleygroup.com\/de\/#organization\",\"name\":\"Hadley Group\",\"url\":\"https:\/\/www.hadleygroup.com\/de\/\",\"logo\":{\"@type\":\"ImageObject\",\"inLanguage\":\"de-DE\",\"@id\":\"https:\/\/www.hadleygroup.com\/de\/#\/schema\/logo\/image\/\",\"url\":\"https:\/\/www.hadleygroup.com\/app\/uploads\/2023\/01\/Hadley-Group-logo.jpg\",\"contentUrl\":\"https:\/\/www.hadleygroup.com\/app\/uploads\/2023\/01\/Hadley-Group-logo.jpg\",\"width\":1280,\"height\":300,\"caption\":\"Hadley Group\"},\"image\":{\"@id\":\"https:\/\/www.hadleygroup.com\/de\/#\/schema\/logo\/image\/\"},\"sameAs\":[\"https:\/\/www.facebook.com\/HadleyGroupGlobal\",\"https:\/\/x.com\/hadley_group\",\"https:\/\/www.youtube.com\/@HadleyGroupSmethwick\",\"https:\/\/www.linkedin.com\/company\/hadley-group-\/\"]}]}<\/script>\n<!-- \/ Yoast SEO Premium plugin. -->","yoast_head_json":{"title":"Partner f\u00fcr Ihre Rollgeformte Aluminiumprofile - Hadley Group","description":"Rollgeformte Aluminiumprofile von Hadley. Anwendungen unter anderem f\u00fcr die Automobilindustrie. Kontaktieren sie uns f\u00fcr die M\u00f6glichkeiten!","robots":{"index":"index","follow":"follow","max-snippet":"max-snippet:-1","max-image-preview":"max-image-preview:large","max-video-preview":"max-video-preview:-1"},"canonical":"https:\/\/www.hadleygroup.com\/de\/rollformen-nach-mass\/rollgeformte-aluminiumprofile\/","og_locale":"de_DE","og_type":"article","og_title":"Rollgeformte Aluminiumprofile","og_description":"Rollgeformte Aluminiumprofile von Hadley. Anwendungen unter anderem f\u00fcr die Automobilindustrie. Kontaktieren sie uns f\u00fcr die M\u00f6glichkeiten!","og_url":"https:\/\/www.hadleygroup.com\/de\/rollformen-nach-mass\/rollgeformte-aluminiumprofile\/","og_site_name":"Hadley Group","article_publisher":"https:\/\/www.facebook.com\/HadleyGroupGlobal","article_modified_time":"2023-08-31T10:06:24+00:00","og_image":[{"width":1280,"height":300,"url":"https:\/\/www.hadleygroup.com\/app\/uploads\/2023\/01\/Hadley-Group-logo.jpg","type":"image\/jpeg"}],"twitter_card":"summary_large_image","twitter_site":"@hadley_group","twitter_misc":{"Est. reading time":"1 minute"},"schema":{"@context":"https:\/\/schema.org","@graph":[{"@type":"WebPage","@id":"https:\/\/www.hadleygroup.com\/de\/rollformen-nach-mass\/rollgeformte-aluminiumprofile\/","url":"https:\/\/www.hadleygroup.com\/de\/rollformen-nach-mass\/rollgeformte-aluminiumprofile\/","name":"Partner f\u00fcr Ihre Rollgeformte Aluminiumprofile - Hadley Group","isPartOf":{"@id":"https:\/\/www.hadleygroup.com\/de\/#website"},"datePublished":"2022-07-26T06:38:54+00:00","dateModified":"2023-08-31T10:06:24+00:00","description":"Rollgeformte Aluminiumprofile von Hadley. Anwendungen unter anderem f\u00fcr die Automobilindustrie. Kontaktieren sie uns f\u00fcr die M\u00f6glichkeiten!","breadcrumb":{"@id":"https:\/\/www.hadleygroup.com\/de\/rollformen-nach-mass\/rollgeformte-aluminiumprofile\/#breadcrumb"},"inLanguage":"de-DE","potentialAction":[{"@type":"ReadAction","target":["https:\/\/www.hadleygroup.com\/de\/rollformen-nach-mass\/rollgeformte-aluminiumprofile\/"]}]},{"@type":"BreadcrumbList","@id":"https:\/\/www.hadleygroup.com\/de\/rollformen-nach-mass\/rollgeformte-aluminiumprofile\/#breadcrumb","itemListElement":[{"@type":"ListItem","position":1,"name":"Home","item":"https:\/\/www.hadleygroup.com\/de\/"},{"@type":"ListItem","position":2,"name":"Rollformen nach Ma\u00df","item":"https:\/\/www.hadleygroup.com\/de\/rollformen-nach-mass\/"},{"@type":"ListItem","position":3,"name":"Rollgeformte Aluminiumprofile"}]},{"@type":"WebSite","@id":"https:\/\/www.hadleygroup.com\/de\/#website","url":"https:\/\/www.hadleygroup.com\/de\/","name":"Hadley Group","description":"Shaping the Future in Metal","publisher":{"@id":"https:\/\/www.hadleygroup.com\/de\/#organization"},"potentialAction":[{"@type":"SearchAction","target":{"@type":"EntryPoint","urlTemplate":"https:\/\/www.hadleygroup.com\/de\/?s={search_term_string}"},"query-input":{"@type":"PropertyValueSpecification","valueRequired":true,"valueName":"search_term_string"}}],"inLanguage":"de-DE"},{"@type":"Organization","@id":"https:\/\/www.hadleygroup.com\/de\/#organization","name":"Hadley Group","url":"https:\/\/www.hadleygroup.com\/de\/","logo":{"@type":"ImageObject","inLanguage":"de-DE","@id":"https:\/\/www.hadleygroup.com\/de\/#\/schema\/logo\/image\/","url":"https:\/\/www.hadleygroup.com\/app\/uploads\/2023\/01\/Hadley-Group-logo.jpg","contentUrl":"https:\/\/www.hadleygroup.com\/app\/uploads\/2023\/01\/Hadley-Group-logo.jpg","width":1280,"height":300,"caption":"Hadley Group"},"image":{"@id":"https:\/\/www.hadleygroup.com\/de\/#\/schema\/logo\/image\/"},"sameAs":["https:\/\/www.facebook.com\/HadleyGroupGlobal","https:\/\/x.com\/hadley_group","https:\/\/www.youtube.com\/@HadleyGroupSmethwick","https:\/\/www.linkedin.com\/company\/hadley-group-\/"]}]}},"_links":{"self":[{"href":"https:\/\/www.hadleygroup.com\/de\/wp-json\/wp\/v2\/pages\/5111","targetHints":{"allow":["GET"]}}],"collection":[{"href":"https:\/\/www.hadleygroup.com\/de\/wp-json\/wp\/v2\/pages"}],"about":[{"href":"https:\/\/www.hadleygroup.com\/de\/wp-json\/wp\/v2\/types\/page"}],"author":[{"embeddable":true,"href":"https:\/\/www.hadleygroup.com\/de\/wp-json\/wp\/v2\/users\/3"}],"replies":[{"embeddable":true,"href":"https:\/\/www.hadleygroup.com\/de\/wp-json\/wp\/v2\/comments?post=5111"}],"version-history":[{"count":6,"href":"https:\/\/www.hadleygroup.com\/de\/wp-json\/wp\/v2\/pages\/5111\/revisions"}],"predecessor-version":[{"id":7245,"href":"https:\/\/www.hadleygroup.com\/de\/wp-json\/wp\/v2\/pages\/5111\/revisions\/7245"}],"up":[{"embeddable":true,"href":"https:\/\/www.hadleygroup.com\/de\/wp-json\/wp\/v2\/pages\/1819"}],"wp:attachment":[{"href":"https:\/\/www.hadleygroup.com\/de\/wp-json\/wp\/v2\/media?parent=5111"}],"wp:term":[{"taxonomy":"category","embeddable":true,"href":"https:\/\/www.hadleygroup.com\/de\/wp-json\/wp\/v2\/categories?post=5111"}],"curies":[{"name":"wp","href":"https:\/\/api.w.org\/{rel}","templated":true}]}}