{"id":5068,"date":"2022-07-19T11:58:28","date_gmt":"2022-07-19T11:58:28","guid":{"rendered":"https:\/\/www.hadleygroup.com\/profile-aus-rostfreiem-stahl\/"},"modified":"2023-02-23T11:06:07","modified_gmt":"2023-02-23T11:06:07","slug":"edelstahlprofile","status":"publish","type":"page","link":"https:\/\/www.hadleygroup.com\/de\/rollformen-nach-mass\/edelstahlprofile\/","title":{"rendered":"Edelstahl profile nach Ma\u00df"},"content":{"rendered":"<background-video inline-template :autoplay=\"true\" video=\"\"> \n<section class=\"wp-block-stradigi-gutenberg-hero g-hero container-fluid p-0 g-hero--has-overlay\" style=\"background-image:url(&quot;https:\/\/www.hadleygroup.com\/app\/uploads\/2022\/04\/DSC_1507.jpg&quot;)\" data-youtube-url=\"\"><div class=\"g-hero--filter\"><\/div><div class=\"g-hero__container container\"><div class=\"g-hero__wrap\"><h1 class=\"g-hero__heading\">Edelstahl profile nach Ma\u00df<\/h1><div class=\"g-hero__body\"><div class=\"g-hero__body__text\"><p><\/p><\/div><div class=\"g-hero__body__buttons\"><\/div><\/div><\/div><div class=\"g-hero__chevron__container d-none d-lg-block\"><i class=\"fas fa-chevron-down fa-3x scrollDown\"><\/i><\/div><\/div><\/section>\n <\/background-video>\n\n<div class=\"JB-1 h-section-background\">\n<section class=\"wp-block-stradigi-gutenberg-fixed-spacer g-spacer g-spacer--size-mittel g-spacer--size-medium\"><\/section>\n<\/div>\n\n<section class=\"JB-1 h-section-background g-text\"><div class=\"container\"><div class=\"row\"><div class=\"col-lg-8\"><div class=\"g-text__title\">\n<h6 class=\"wp-block-heading\">Seit 2020 ist\u00a0Overeem\u00a0der europ\u00e4ische Hauptsitz von Hadley um den europ\u00e4ischen Markt optimal bedienen zu k\u00f6nnen. Die Hadley Group ist f\u00fchrend in der Kaltwalztechnologie und produziert hohe Qualit\u00e4t\u00a0<strong>Edelstahl profile<\/strong>\u00a0in\u00a0<a href=\"https:\/\/de.hadleygroup.com\/ueber-uns\/standorte-und-vertrieb\" target=\"_blank\" rel=\"noreferrer noopener\">7 Produktionsstandorte<\/a>\u00a0f\u00fcr 600 Besch\u00e4ftigten weltweit.<\/h6>\n<\/div><\/div><\/div><\/div><\/section>\n\n<section class=\"JB-1 h-section-background g-text\"><div class=\"container\"><div class=\"row\"><div class=\"col-lg-8\"><div class=\"g-text__bodytext\">\n<p>Die kombinierte technologischen Know-how und Produktionskapazit\u00e4ten von Hadley und Overeem, f\u00fchrt schon heute zu sch\u00f6nen L\u00f6sungen f\u00fcr unseren Kunden. Dank unser technisches Centre of Excellence stellt Hadley weiterhin den Status quo in Frage und k\u00f6nnen wir die Edelstahl profile kontinuerlich verbessern. Ein Ergebniss dieser Entwicklungen ist das international patentiertes Ultrasteel\u00ae-Verfahren. Mit dieser Technologie realisieren wir:<\/p>\n<\/div><\/div><\/div><\/div><\/section>\n\n<section class=\"JB-1 h-section-background g-text\"><div class=\"container\"><div class=\"row\"><div class=\"col-lg-8\"><div class=\"g-text__bodytext\">\n<ul class=\"wp-block-list\">\n<li><strong>20% mehr Festigkeit<\/strong><\/li>\n\n\n\n<li><strong>20% weniger Rohmaterial<\/strong><\/li>\n<\/ul>\n<\/div><\/div><\/div><\/div><\/section>\n\n<section class=\"JB-1 h-section-background g-text\"><div class=\"container\"><div class=\"row\"><div class=\"col-lg-8\"><div class=\"g-text__title\">\n<h2 class=\"wp-block-heading\">Kaltgewalzte Edelstahl Profile <\/h2>\n<\/div><\/div><\/div><\/div><\/section>\n\n<section class=\"JB-1 h-section-background g-text\"><div class=\"container\"><div class=\"row\"><div class=\"col-lg-8\"><div class=\"g-text__bodytext\">\n<p>Hadley entwickelt und produziert d\u00fcnnwandige Edelstahl profile nach Ma\u00df mavon 0,25 bis 2,5 mm. Wir sind auf d\u00fcnnwandige komplexe Profile spezialisiert, die h\u00f6chste visuelle Anspr\u00fcche erf\u00fcllen, und bieten integrierte Bearbeitungen f\u00fcr verschiedene Stahlarten. Die Entwicklung mit dem Kaltwalzprozess ist sehr interessant, da innerhalb relativ kurzer Zeit gro\u00dfe Serien von Edelstahl profile mit gleichem Querschnitt und gleicher Pr\u00e4zision hergestellt werden k\u00f6nnen.<\/p>\n<\/div><\/div><\/div><\/div><\/section>\n\n<section class=\"JB-1 h-section-background g-text\"><div class=\"container\"><div class=\"row\"><div class=\"col-lg-8\"><div class=\"g-text__bodytext\">\n<p>Hadley verarbeitet neben Blankstahl oder verzinktem Stahl auch besondere Materialien wie vorlackiertes, folienbeschichtetes oder Hochglanz-Edelstahlmaterial mit Schutzfolie in ihren rollgeformten Edelstahl profile.<\/p>\n<\/div><\/div><\/div><\/div><\/section>\n\n<section class=\"JB-1 h-section-background g-text\"><div class=\"container\"><div class=\"row\"><div class=\"col-lg-8\"><div class=\"g-text__bodytext\">\n<p>Ebenfalls verf\u00fcgt Hadley Group \u00fcber die M\u00f6glichkeit,&nbsp;<strong>k<\/strong><strong>undenspezifische Verarbeitungen inline auszuf\u00fchren<\/strong>.<\/p>\n<\/div><\/div><\/div><\/div><\/section>\n\n<section class=\"JB-1 h-section-background g-image\"><div class=\"container\"><div class=\"row\"><div class=\"col-lg-8\"><div class=\"g-image__image-wrapper\">\n<figure class=\"wp-block-image size-large\"><img loading=\"lazy\" decoding=\"async\" width=\"1024\" height=\"432\" src=\"https:\/\/www.hadleygroup.com\/app\/uploads\/2022\/08\/Cold-roll-forming-process-Hadley-Group-1024x432.png\" alt=\"Kaltwalzverfahren Hadley Group\" class=\"wp-image-5575\" srcset=\"https:\/\/www.hadleygroup.com\/app\/uploads\/2022\/08\/Cold-roll-forming-process-Hadley-Group-1024x432.png 1024w, https:\/\/www.hadleygroup.com\/app\/uploads\/2022\/08\/Cold-roll-forming-process-Hadley-Group-300x127.png 300w, https:\/\/www.hadleygroup.com\/app\/uploads\/2022\/08\/Cold-roll-forming-process-Hadley-Group-768x324.png 768w, https:\/\/www.hadleygroup.com\/app\/uploads\/2022\/08\/Cold-roll-forming-process-Hadley-Group-1536x648.png 1536w, https:\/\/www.hadleygroup.com\/app\/uploads\/2022\/08\/Cold-roll-forming-process-Hadley-Group.png 1920w\" sizes=\"auto, (max-width: 1024px) 100vw, 1024px\" \/><\/figure>\n<\/div><\/div><\/div><\/div><\/section>\n\n<div class=\"JB-1 h-section-background\">\n<section class=\"wp-block-stradigi-gutenberg-fixed-spacer g-spacer g-spacer--size-klein g-spacer--size-small\"><\/section>\n<\/div>\n\n<section class=\"JB-1 h-section-background g-text\"><div class=\"container\"><div class=\"row\"><div class=\"col-lg-8\"><div class=\"g-text__title\">\n<h2 class=\"wp-block-heading\">Ma\u00dfgeschneiderte Profile<\/h2>\n<\/div><\/div><\/div><\/div><\/section>\n\n<section class=\"JB-1 h-section-background g-text\"><div class=\"container\"><div class=\"row\"><div class=\"col-lg-8\"><div class=\"g-text__bodytext\">\n<p>Durch&nbsp;<a href=\"https:\/\/www.hadleygroup.com\/de\/kaltwalzen\/\" target=\"_blank\" rel=\"noreferrer noopener\">Kaltwalzen&nbsp;<\/a>erzielen wir konkrete Vorteile f\u00fcr den Kunden, wie z.B. eine schnelle Durchlaufzeit und eine effiziente Produktentwicklung. Auch bei der Verarbeitung der Aluminiumprofile erzielen wir konkrete Vorteile, wie zum Beispiel:<\/p>\n<\/div><\/div><\/div><\/div><\/section>\n\n<section class=\"JB-1 h-section-background g-text\"><div class=\"container\"><div class=\"row\"><div class=\"col-lg-8\"><div class=\"g-text__bodytext\">\n<ul class=\"wp-block-list\">\n<li>Materialien mit einer Dicke bis zu 8 mm und einer Breite bis zu 1,3 m<\/li>\n\n\n\n<li>Breite Palette geometrischer M\u00f6glichkeiten<\/li>\n\n\n\n<li>Sehr geringes Spiel: \u00b1 0,15 mm<\/li>\n\n\n\n<li>Geeignet f\u00fcr Eisen- und Nichteisenmetalle, Edelstahl und andere verformbare Metalle<\/li>\n\n\n\n<li>M\u00f6glichkeit, Materialien mit polierten Oberfl\u00e4chen und vorlackierte Materialien zu formen<\/li>\n\n\n\n<li>Inline-Funktionen wie Stanzen, Schneiden, Naben und Abl\u00e4ngen<\/li>\n\n\n\n<li>M\u00f6glichkeit geschlossener Formen durch Inline-Schwei\u00dfen<\/li>\n<\/ul>\n<\/div><\/div><\/div><\/div><\/section>\n\n<div class=\"JB-1 h-section-background\">\n<section class=\"wp-block-stradigi-gutenberg-fixed-spacer g-spacer g-spacer--size-small\"><\/section>\n<\/div>\n\n\n<section class=\"wp-block-stradigi-gutenberg-banner g-banner container-fluid p-0 jarallax g-banner--size-medium\" style=\"background-image:url(&quot;https:\/\/www.hadleygroup.com\/app\/uploads\/2022\/04\/DSC_1507.jpg&quot;)\"><div class=\"g-banner__container container\"><div class=\"g-banner__wrap\"><div class=\"g-banner__body\"><div class=\"g-banner__body__buttons\"><\/div><\/div><\/div><\/div><\/section>\n\n\n<div class=\"JB-1 h-section-background\">\n<section class=\"wp-block-stradigi-gutenberg-fixed-spacer g-spacer g-spacer--size-klein g-spacer--size-small\"><\/section>\n<\/div>\n\n<section class=\"JB-1 h-section-background g-text\"><div class=\"container\"><div class=\"row\"><div class=\"col-lg-8\"><div class=\"g-text__title\">\n<h2 class=\"wp-block-heading\">Entwicklungszentrum<\/h2>\n<\/div><\/div><\/div><\/div><\/section>\n\n<div class=\"JB-1 h-section-background\">\n<section class=\"wp-block-stradigi-gutenberg-text-image g-text-image\"><div class=\"container\"><div class=\"g-text-image__row row\"><div data-translate=\"true\" class=\"order-1 col-md-5\"><div class=\"g-text-image__content\"><section class=\"JB-1 h-section-background g-text\"><div class=\"container\"><div class=\"row\"><div class=\"col-lg-8\"><div class=\"g-text__bodytext\">\n<p>Das\u00a0<a href=\"https:\/\/de.hadleygroup.com\/leistungsangebot\/kompetenzzentrum\" target=\"_blank\" rel=\"noreferrer noopener\">Entwicklungszentrum (Centre of Excellence)<\/a>\u00a0in Grossbritanien hat mehr als 50 Vollzeit-Ingenieure und -Techniker die t\u00e4glich an unserer Kaltwalztechnologie und andere sachen arbeiten wie:<\/p>\n<\/div><\/div><\/div><\/div><\/section>\n\n<section class=\"JB-1 h-section-background g-text\"><div class=\"container\"><div class=\"row\"><div class=\"col-lg-8\"><div class=\"g-text__bodytext\">\n<ul class=\"wp-block-list\">\n<li>Forschung und Produktentwicklung<\/li>\n\n\n\n<li>Werkzeug- und Maschinenbau<\/li>\n\n\n\n<li>Fertigung und technischem Support<\/li>\n<\/ul>\n<\/div><\/div><\/div><\/div><\/section>\n\n<section class=\"JB-1 h-section-background g-text\"><div class=\"container\"><div class=\"row\"><div class=\"col-lg-8\"><div class=\"g-text__bodytext\">\n<p>Wir arbeiten partnerschaftlich mit Ihren Teams zusammen, so dass wir auf Ihre konkrete Anforderungen abgestimmte Produkte liefern k\u00f6nnen.<\/p>\n<\/div><\/div><\/div><\/div><\/section><\/div><\/div><article data-translate=\"true\" class=\"order-2 col-md-7 offset-xl-1 col-xl-6\"><div class=\"g-text-image__sidenote\"><div class=\"g-text-image__frame-wrapper\"><iframe src=\"https:\/\/www.youtube.com\/embed\/pnDvSrhNagE?controls=0&amp;autoplay=0&amp;playlist=pnDvSrhNagE&amp;loop=1\"><\/iframe><\/div><\/div><\/article><\/div><\/div><\/section>\n<\/div>\n\n<div class=\"JB-1 h-section-background\">\n<section class=\"wp-block-stradigi-gutenberg-fixed-spacer g-spacer g-spacer--size-klein g-spacer--size-small\"><\/section>\n<\/div>\n\n<section class=\"JB-1 h-section-background g-text\"><div class=\"container\"><div class=\"row\"><div class=\"col-lg-8\"><div class=\"g-text__title\">\n<h2 class=\"wp-block-heading\">Edelstahl Profile F\u00fcr Verschiedene Markten<\/h2>\n<\/div><\/div><\/div><\/div><\/section>\n\n<section class=\"JB-1 h-section-background g-text\"><div class=\"container\"><div class=\"row\"><div class=\"col-lg-8\"><div class=\"g-text__bodytext\">\n<p>Die kaltgewalzte Edelstahl profile von Hadley Group werden benutzt in verschiedene Markten und Sektoren, wie zum Beispiel:<\/p>\n<\/div><\/div><\/div><\/div><\/section>\n\n<section class=\"JB-1 h-section-background g-text\"><div class=\"container\"><div class=\"row\"><div class=\"col-lg-8\"><div class=\"g-text__bodytext\">\n<ul class=\"wp-block-list\">\n<li><strong><a href=\"https:\/\/www.hadleygroup.com\/de\/rollformen-nach-mass\/automobil\/\" target=\"_blank\" rel=\"noreferrer noopener\">Automobilsektor (IATF 16949 ZERTIFIZIERT)<\/a><\/strong>: Hier liefern wir hochkomplexe Komponenten die wertvolle Gewichtseinsparungen bieten,<\/li>\n\n\n\n<li><strong><a href=\"https:\/\/www.hadleygroup.com\/de\/industriell\/\" target=\"_blank\" rel=\"noreferrer noopener\">Industriesektor<\/a><\/strong>: Hier gibt es ein komplettes Anwendungsspektrum f\u00fcr unsere entwickelten Edelstahl profile, wo Gewichtseinsparungen, Gleichmassigkeit und ein hohe Ma\u00df Genauigkeit imperativ ist.<\/li>\n\n\n\n<li><strong><a href=\"https:\/\/www.hadleygroup.com\/de\/rollformen-nach-mass\/landwirtschaft\/\" target=\"_blank\" rel=\"noreferrer noopener\">Agrarsektor<\/a><\/strong>: Die Expertise in Kaltwalzen von verschiedene Stahlprodukten, hat daf\u00fcr gesorgt dass hohe Qualit\u00e4t Agrarsystemen entwickelt werden k\u00f6nnten.<\/li>\n<\/ul>\n<\/div><\/div><\/div><\/div><\/section>\n\n\n<section class=\"wp-block-stradigi-gutenberg-banner g-banner container-fluid p-0 jarallax g-banner--size-medium\" style=\"background-image:url(&quot;https:\/\/www.hadleygroup.com\/app\/uploads\/2022\/04\/DSC_1498.jpg&quot;)\"><div class=\"g-banner__container container\"><div class=\"g-banner__wrap\"><div class=\"g-banner__body\"><div class=\"g-banner__body__buttons\"><\/div><\/div><\/div><\/div><\/section>\n\n\n<div class=\"JB-1 h-section-background\">\n<section class=\"wp-block-stradigi-gutenberg-fixed-spacer g-spacer g-spacer--size-klein g-spacer--size-small\"><\/section>\n<\/div>\n\n<section class=\"JB-1 h-section-background g-text\"><div class=\"container\"><div class=\"row\"><div class=\"col-lg-8\"><div class=\"g-text__title\">\n<h2 class=\"wp-block-heading\">Kontakt<\/h2>\n<\/div><\/div><\/div><\/div><\/section>\n\n<div class=\"JB-1 h-section-background\">\n<section class=\"wp-block-stradigi-gutenberg-text-cta g-text\"><div class=\"container\"><div class=\"row\"><div class=\"col-lg-8\"><div class=\"g-text__bodytext\"><p>M\u00f6chten Sie einmal zusammen mit Hadley \u00fcberlegen, wie wir\u00a0<em>gemeinsam effizient Ihre Edelstahl profile nach Ma\u00df produzieren k\u00f6nnen<\/em>? Bitte z\u00f6gern Sie nicht, uns zu kontaktieren.<\/p><\/div><a href=\"https:\/\/www.hadleygroup.com\/de\/kontakt\/\" class=\"c-button g-text__button\">Kontaktieren Sie uns!<i class=\"fas fa-sm fa-chevron-right\"><\/i><\/a><\/div><\/div><\/div><\/section>\n<\/div>\n\n<div class=\"JB-1 h-section-background\">\n<section class=\"wp-block-stradigi-gutenberg-fixed-spacer g-spacer g-spacer--size-small\"><\/section>\n<\/div>","protected":false},"excerpt":{"rendered":"<p>Seit 2020 ist\u00a0Overeem\u00a0der europ\u00e4ische Hauptsitz von Hadley um den europ\u00e4ischen Markt optimal bedienen zu k\u00f6nnen. Die Hadley Group ist f\u00fchrend\u2026 <a href=\"https:\/\/www.hadleygroup.com\/de\/rollformen-nach-mass\/edelstahlprofile\/\">&#8230;<\/a><\/p>\n","protected":false},"author":3,"featured_media":0,"parent":1819,"menu_order":0,"comment_status":"closed","ping_status":"closed","template":"","meta":{"_acf_changed":false,"footnotes":""},"categories":[3],"class_list":["post-5068","page","type-page","status-publish","hentry","category-unkategorisiert"],"acf":[],"yoast_head":"<!-- This site is optimized with the Yoast SEO Premium plugin v25.1 (Yoast SEO v26.3) - https:\/\/yoast.com\/wordpress\/plugins\/seo\/ -->\n<title>Edelstahl profile nach Ma\u00df - Hadley Group<\/title>\n<meta name=\"description\" content=\"Hohe Qualit\u00e4t Edelstahl profile werden bei Hadley Group entwickelt mit dem Kaltwalzprozess. Kontaktieren sie uns f\u00fcr weitere information!\" \/>\n<meta name=\"robots\" content=\"index, follow, max-snippet:-1, max-image-preview:large, max-video-preview:-1\" \/>\n<link rel=\"canonical\" href=\"https:\/\/www.hadleygroup.com\/de\/rollformen-nach-mass\/edelstahlprofile\/\" \/>\n<meta property=\"og:locale\" content=\"de_DE\" \/>\n<meta property=\"og:type\" content=\"article\" \/>\n<meta property=\"og:title\" content=\"Edelstahl profile nach Ma\u00df\" \/>\n<meta property=\"og:description\" content=\"Hohe Qualit\u00e4t Edelstahl profile werden bei Hadley Group entwickelt mit dem Kaltwalzprozess. Kontaktieren sie uns f\u00fcr weitere information!\" \/>\n<meta property=\"og:url\" content=\"https:\/\/www.hadleygroup.com\/de\/rollformen-nach-mass\/edelstahlprofile\/\" \/>\n<meta property=\"og:site_name\" content=\"Hadley Group\" \/>\n<meta property=\"article:publisher\" content=\"https:\/\/www.facebook.com\/HadleyGroupGlobal\" \/>\n<meta property=\"article:modified_time\" content=\"2023-02-23T11:06:07+00:00\" \/>\n<meta property=\"og:image\" content=\"https:\/\/www.hadleygroup.com\/app\/uploads\/2022\/08\/Cold-roll-forming-process-Hadley-Group-1024x432.png\" \/>\n<meta name=\"twitter:card\" content=\"summary_large_image\" \/>\n<meta name=\"twitter:site\" content=\"@hadley_group\" \/>\n<meta name=\"twitter:label1\" content=\"Est. reading time\" \/>\n\t<meta name=\"twitter:data1\" content=\"3 minutes\" \/>\n<script type=\"application\/ld+json\" class=\"yoast-schema-graph\">{\"@context\":\"https:\/\/schema.org\",\"@graph\":[{\"@type\":\"WebPage\",\"@id\":\"https:\/\/www.hadleygroup.com\/de\/rollformen-nach-mass\/edelstahlprofile\/\",\"url\":\"https:\/\/www.hadleygroup.com\/de\/rollformen-nach-mass\/edelstahlprofile\/\",\"name\":\"Edelstahl profile nach Ma\u00df - Hadley Group\",\"isPartOf\":{\"@id\":\"https:\/\/www.hadleygroup.com\/de\/#website\"},\"primaryImageOfPage\":{\"@id\":\"https:\/\/www.hadleygroup.com\/de\/rollformen-nach-mass\/edelstahlprofile\/#primaryimage\"},\"image\":{\"@id\":\"https:\/\/www.hadleygroup.com\/de\/rollformen-nach-mass\/edelstahlprofile\/#primaryimage\"},\"thumbnailUrl\":\"https:\/\/www.hadleygroup.com\/app\/uploads\/2022\/08\/Cold-roll-forming-process-Hadley-Group-1024x432.png\",\"datePublished\":\"2022-07-19T11:58:28+00:00\",\"dateModified\":\"2023-02-23T11:06:07+00:00\",\"description\":\"Hohe Qualit\u00e4t Edelstahl profile werden bei Hadley Group entwickelt mit dem Kaltwalzprozess. Kontaktieren sie uns f\u00fcr weitere information!\",\"breadcrumb\":{\"@id\":\"https:\/\/www.hadleygroup.com\/de\/rollformen-nach-mass\/edelstahlprofile\/#breadcrumb\"},\"inLanguage\":\"de-DE\",\"potentialAction\":[{\"@type\":\"ReadAction\",\"target\":[\"https:\/\/www.hadleygroup.com\/de\/rollformen-nach-mass\/edelstahlprofile\/\"]}]},{\"@type\":\"ImageObject\",\"inLanguage\":\"de-DE\",\"@id\":\"https:\/\/www.hadleygroup.com\/de\/rollformen-nach-mass\/edelstahlprofile\/#primaryimage\",\"url\":\"https:\/\/www.hadleygroup.com\/app\/uploads\/2022\/08\/Cold-roll-forming-process-Hadley-Group-1024x432.png\",\"contentUrl\":\"https:\/\/www.hadleygroup.com\/app\/uploads\/2022\/08\/Cold-roll-forming-process-Hadley-Group-1024x432.png\"},{\"@type\":\"BreadcrumbList\",\"@id\":\"https:\/\/www.hadleygroup.com\/de\/rollformen-nach-mass\/edelstahlprofile\/#breadcrumb\",\"itemListElement\":[{\"@type\":\"ListItem\",\"position\":1,\"name\":\"Home\",\"item\":\"https:\/\/www.hadleygroup.com\/de\/\"},{\"@type\":\"ListItem\",\"position\":2,\"name\":\"Edelstahl profile nach Ma\u00df\"}]},{\"@type\":\"WebSite\",\"@id\":\"https:\/\/www.hadleygroup.com\/de\/#website\",\"url\":\"https:\/\/www.hadleygroup.com\/de\/\",\"name\":\"Hadley Group\",\"description\":\"Shaping the Future in Metal\",\"publisher\":{\"@id\":\"https:\/\/www.hadleygroup.com\/de\/#organization\"},\"potentialAction\":[{\"@type\":\"SearchAction\",\"target\":{\"@type\":\"EntryPoint\",\"urlTemplate\":\"https:\/\/www.hadleygroup.com\/de\/?s={search_term_string}\"},\"query-input\":{\"@type\":\"PropertyValueSpecification\",\"valueRequired\":true,\"valueName\":\"search_term_string\"}}],\"inLanguage\":\"de-DE\"},{\"@type\":\"Organization\",\"@id\":\"https:\/\/www.hadleygroup.com\/de\/#organization\",\"name\":\"Hadley Group\",\"url\":\"https:\/\/www.hadleygroup.com\/de\/\",\"logo\":{\"@type\":\"ImageObject\",\"inLanguage\":\"de-DE\",\"@id\":\"https:\/\/www.hadleygroup.com\/de\/#\/schema\/logo\/image\/\",\"url\":\"https:\/\/www.hadleygroup.com\/app\/uploads\/2023\/01\/Hadley-Group-logo.jpg\",\"contentUrl\":\"https:\/\/www.hadleygroup.com\/app\/uploads\/2023\/01\/Hadley-Group-logo.jpg\",\"width\":1280,\"height\":300,\"caption\":\"Hadley Group\"},\"image\":{\"@id\":\"https:\/\/www.hadleygroup.com\/de\/#\/schema\/logo\/image\/\"},\"sameAs\":[\"https:\/\/www.facebook.com\/HadleyGroupGlobal\",\"https:\/\/x.com\/hadley_group\",\"https:\/\/www.youtube.com\/@HadleyGroupSmethwick\",\"https:\/\/www.linkedin.com\/company\/hadley-group-\/\"]}]}<\/script>\n<!-- \/ Yoast SEO Premium plugin. -->","yoast_head_json":{"title":"Edelstahl profile nach Ma\u00df - Hadley Group","description":"Hohe Qualit\u00e4t Edelstahl profile werden bei Hadley Group entwickelt mit dem Kaltwalzprozess. Kontaktieren sie uns f\u00fcr weitere information!","robots":{"index":"index","follow":"follow","max-snippet":"max-snippet:-1","max-image-preview":"max-image-preview:large","max-video-preview":"max-video-preview:-1"},"canonical":"https:\/\/www.hadleygroup.com\/de\/rollformen-nach-mass\/edelstahlprofile\/","og_locale":"de_DE","og_type":"article","og_title":"Edelstahl profile nach Ma\u00df","og_description":"Hohe Qualit\u00e4t Edelstahl profile werden bei Hadley Group entwickelt mit dem Kaltwalzprozess. Kontaktieren sie uns f\u00fcr weitere information!","og_url":"https:\/\/www.hadleygroup.com\/de\/rollformen-nach-mass\/edelstahlprofile\/","og_site_name":"Hadley Group","article_publisher":"https:\/\/www.facebook.com\/HadleyGroupGlobal","article_modified_time":"2023-02-23T11:06:07+00:00","og_image":[{"url":"https:\/\/www.hadleygroup.com\/app\/uploads\/2022\/08\/Cold-roll-forming-process-Hadley-Group-1024x432.png","type":"","width":"","height":""}],"twitter_card":"summary_large_image","twitter_site":"@hadley_group","twitter_misc":{"Est. reading time":"3 minutes"},"schema":{"@context":"https:\/\/schema.org","@graph":[{"@type":"WebPage","@id":"https:\/\/www.hadleygroup.com\/de\/rollformen-nach-mass\/edelstahlprofile\/","url":"https:\/\/www.hadleygroup.com\/de\/rollformen-nach-mass\/edelstahlprofile\/","name":"Edelstahl profile nach Ma\u00df - Hadley Group","isPartOf":{"@id":"https:\/\/www.hadleygroup.com\/de\/#website"},"primaryImageOfPage":{"@id":"https:\/\/www.hadleygroup.com\/de\/rollformen-nach-mass\/edelstahlprofile\/#primaryimage"},"image":{"@id":"https:\/\/www.hadleygroup.com\/de\/rollformen-nach-mass\/edelstahlprofile\/#primaryimage"},"thumbnailUrl":"https:\/\/www.hadleygroup.com\/app\/uploads\/2022\/08\/Cold-roll-forming-process-Hadley-Group-1024x432.png","datePublished":"2022-07-19T11:58:28+00:00","dateModified":"2023-02-23T11:06:07+00:00","description":"Hohe Qualit\u00e4t Edelstahl profile werden bei Hadley Group entwickelt mit dem Kaltwalzprozess. Kontaktieren sie uns f\u00fcr weitere information!","breadcrumb":{"@id":"https:\/\/www.hadleygroup.com\/de\/rollformen-nach-mass\/edelstahlprofile\/#breadcrumb"},"inLanguage":"de-DE","potentialAction":[{"@type":"ReadAction","target":["https:\/\/www.hadleygroup.com\/de\/rollformen-nach-mass\/edelstahlprofile\/"]}]},{"@type":"ImageObject","inLanguage":"de-DE","@id":"https:\/\/www.hadleygroup.com\/de\/rollformen-nach-mass\/edelstahlprofile\/#primaryimage","url":"https:\/\/www.hadleygroup.com\/app\/uploads\/2022\/08\/Cold-roll-forming-process-Hadley-Group-1024x432.png","contentUrl":"https:\/\/www.hadleygroup.com\/app\/uploads\/2022\/08\/Cold-roll-forming-process-Hadley-Group-1024x432.png"},{"@type":"BreadcrumbList","@id":"https:\/\/www.hadleygroup.com\/de\/rollformen-nach-mass\/edelstahlprofile\/#breadcrumb","itemListElement":[{"@type":"ListItem","position":1,"name":"Home","item":"https:\/\/www.hadleygroup.com\/de\/"},{"@type":"ListItem","position":2,"name":"Edelstahl profile nach Ma\u00df"}]},{"@type":"WebSite","@id":"https:\/\/www.hadleygroup.com\/de\/#website","url":"https:\/\/www.hadleygroup.com\/de\/","name":"Hadley Group","description":"Shaping the Future in Metal","publisher":{"@id":"https:\/\/www.hadleygroup.com\/de\/#organization"},"potentialAction":[{"@type":"SearchAction","target":{"@type":"EntryPoint","urlTemplate":"https:\/\/www.hadleygroup.com\/de\/?s={search_term_string}"},"query-input":{"@type":"PropertyValueSpecification","valueRequired":true,"valueName":"search_term_string"}}],"inLanguage":"de-DE"},{"@type":"Organization","@id":"https:\/\/www.hadleygroup.com\/de\/#organization","name":"Hadley Group","url":"https:\/\/www.hadleygroup.com\/de\/","logo":{"@type":"ImageObject","inLanguage":"de-DE","@id":"https:\/\/www.hadleygroup.com\/de\/#\/schema\/logo\/image\/","url":"https:\/\/www.hadleygroup.com\/app\/uploads\/2023\/01\/Hadley-Group-logo.jpg","contentUrl":"https:\/\/www.hadleygroup.com\/app\/uploads\/2023\/01\/Hadley-Group-logo.jpg","width":1280,"height":300,"caption":"Hadley Group"},"image":{"@id":"https:\/\/www.hadleygroup.com\/de\/#\/schema\/logo\/image\/"},"sameAs":["https:\/\/www.facebook.com\/HadleyGroupGlobal","https:\/\/x.com\/hadley_group","https:\/\/www.youtube.com\/@HadleyGroupSmethwick","https:\/\/www.linkedin.com\/company\/hadley-group-\/"]}]}},"_links":{"self":[{"href":"https:\/\/www.hadleygroup.com\/de\/wp-json\/wp\/v2\/pages\/5068","targetHints":{"allow":["GET"]}}],"collection":[{"href":"https:\/\/www.hadleygroup.com\/de\/wp-json\/wp\/v2\/pages"}],"about":[{"href":"https:\/\/www.hadleygroup.com\/de\/wp-json\/wp\/v2\/types\/page"}],"author":[{"embeddable":true,"href":"https:\/\/www.hadleygroup.com\/de\/wp-json\/wp\/v2\/users\/3"}],"replies":[{"embeddable":true,"href":"https:\/\/www.hadleygroup.com\/de\/wp-json\/wp\/v2\/comments?post=5068"}],"version-history":[{"count":17,"href":"https:\/\/www.hadleygroup.com\/de\/wp-json\/wp\/v2\/pages\/5068\/revisions"}],"predecessor-version":[{"id":7381,"href":"https:\/\/www.hadleygroup.com\/de\/wp-json\/wp\/v2\/pages\/5068\/revisions\/7381"}],"up":[{"embeddable":true,"href":"https:\/\/www.hadleygroup.com\/de\/wp-json\/wp\/v2\/pages\/1819"}],"wp:attachment":[{"href":"https:\/\/www.hadleygroup.com\/de\/wp-json\/wp\/v2\/media?parent=5068"}],"wp:term":[{"taxonomy":"category","embeddable":true,"href":"https:\/\/www.hadleygroup.com\/de\/wp-json\/wp\/v2\/categories?post=5068"}],"curies":[{"name":"wp","href":"https:\/\/api.w.org\/{rel}","templated":true}]}}