{"id":5036,"date":"2022-07-21T12:43:44","date_gmt":"2022-07-21T12:43:44","guid":{"rendered":"https:\/\/www.hadleygroup.com\/automobil-copy\/"},"modified":"2023-02-23T11:10:30","modified_gmt":"2023-02-23T11:10:30","slug":"stahlprofile","status":"publish","type":"page","link":"https:\/\/www.hadleygroup.com\/de\/rollformen-nach-mass\/stahlprofile\/","title":{"rendered":"Stahlprofile"},"content":{"rendered":"<background-video inline-template :autoplay=\"true\" video=\"\"> \n<section class=\"wp-block-stradigi-gutenberg-hero g-hero container-fluid p-0 g-hero--has-overlay\" style=\"background-image:url(&quot;https:\/\/www.hadleygroup.com\/app\/uploads\/2022\/04\/DSC_1344.jpg&quot;)\" data-youtube-url=\"\"><div class=\"g-hero--filter\"><\/div><div class=\"g-hero__container container\"><div class=\"g-hero__wrap\"><h1 class=\"g-hero__heading\"><strong>Stahlprofile<\/strong><\/h1><div class=\"g-hero__body\"><div class=\"g-hero__body__text\"><p><\/p><\/div><div class=\"g-hero__body__buttons\"><\/div><\/div><\/div><div class=\"g-hero__chevron__container d-none d-lg-block\"><i class=\"fas fa-chevron-down fa-3x scrollDown\"><\/i><\/div><\/div><\/section>\n <\/background-video>\n\n<div class=\"JB-1 h-section-background\">\n<section class=\"wp-block-stradigi-gutenberg-fixed-spacer g-spacer g-spacer--size-Mittel g-spacer--size-medium\"><\/section>\n<\/div>\n\n<section class=\"JB-1 h-section-background g-text\"><div class=\"container\"><div class=\"row\"><div class=\"col-lg-8\"><div class=\"g-text__title\">\n<h6 class=\"wp-block-heading\">Suchen Sie einen Partner, der d\u00fcnnwandige Stahlprofile nach Zeichnung mit den richtigen Materialien und der richtigen Oberfl\u00e4chenbehandlung produzieren kann? Dann sind Sie bei Hadley Group richtig! Hadley Group entwickelt auf Wunsch ma\u00dfgefertigte Beschichtungen.<\/h6>\n<\/div><\/div><\/div><\/div><\/section>\n\n<div class=\"JB-1 h-section-background\">\n<section class=\"wp-block-stradigi-gutenberg-text-image g-text-image\"><div class=\"container\"><div class=\"g-text-image__row row\"><div data-translate=\"true\" class=\"order-2 offset-xl-1 col-md-3\"><div class=\"g-text-image__content\"><\/div><\/div><article data-translate=\"true\" class=\"order-1 col-md-9 col-xl-8\"><div class=\"g-text-image__sidenote\"><div class=\"g-text-image__frame-wrapper\"><iframe src=\"https:\/\/player.vimeo.com\/video\/726940907?&amp;autoplay=0&amp;loop=1&amp;byline=0&amp;title=0\"><\/iframe><\/div><\/div><\/article><\/div><\/div><\/section>\n<\/div>\n\n<div class=\"JB-1 h-section-background\">\n<section class=\"wp-block-stradigi-gutenberg-fixed-spacer g-spacer g-spacer--size-klein g-spacer--size-small\"><\/section>\n<\/div>\n\n<div class=\"JB-1 h-section-background\">\n<section class=\"wp-block-stradigi-gutenberg-text-image g-text-image\"><div class=\"container\"><div class=\"g-text-image__row row\"><div data-translate=\"true\" class=\"order-1 col-md-5\"><div class=\"g-text-image__content\"><section class=\"JB-1 h-section-background g-text\"><div class=\"container\"><div class=\"row\"><div class=\"col-lg-8\"><div class=\"g-text__title\">\n<h2 class=\"wp-block-heading\">Rollgeformtes Stahlprofil<\/h2>\n<\/div><\/div><\/div><\/div><\/section>\n\n<section class=\"JB-1 h-section-background g-text\"><div class=\"container\"><div class=\"row\"><div class=\"col-lg-8\"><div class=\"g-text__bodytext\">\n<p>Hadley Group ist Spezialist in der Entwicklung und Herstellung von d\u00fcnnwandigen komplexen rollgeformten Profilen von 0,25 bis 2,5 mm. Wir sind auf komplexe Profile spezialisiert, die h\u00f6chste visuelle Anspr\u00fcche erf\u00fcllen, und bieten integrierte Bearbeitungen f\u00fcr verschiedene Stahlarten.<\/p>\n<\/div><\/div><\/div><\/div><\/section><\/div><\/div><article data-translate=\"true\" class=\"order-2 col-md-7 offset-xl-1 col-xl-6\"><div class=\"g-text-image__sidenote\"><img decoding=\"async\" class=\"g-text-image__image\" src=\"https:\/\/www.hadleygroup.com\/app\/uploads\/2022\/04\/DSC_1386-1024x681.jpg\" alt=\"dsc_1386-2\"\/><\/div><\/article><\/div><\/div><\/section>\n<\/div>\n\n<div class=\"JB-1 h-section-background\">\n<section class=\"wp-block-stradigi-gutenberg-fixed-spacer g-spacer g-spacer--size-klein g-spacer--size-small\"><\/section>\n<\/div>\n\n<section class=\"JB-1 h-section-background g-text\"><div class=\"container\"><div class=\"row\"><div class=\"col-lg-8\"><div class=\"g-text__title\">\n<h2 class=\"wp-block-heading\">Der Rollformprozess<\/h2>\n<\/div><\/div><\/div><\/div><\/section>\n\n<section class=\"JB-1 h-section-background g-text\"><div class=\"container\"><div class=\"row\"><div class=\"col-lg-8\"><div class=\"g-text__bodytext\">\n<p><strong>Der Rollformprozess ist sehr interessant, da innerhalb relativ kurzer Zeit gro\u00dfe Serien hergestellt werden k\u00f6nnen. Stahlprofile mit einem gleichen Querschnitt und gleicher Pr\u00e4zision.<\/strong><\/p>\n<\/div><\/div><\/div><\/div><\/section>\n\n<section class=\"JB-1 h-section-background g-text\"><div class=\"container\"><div class=\"row\"><div class=\"col-lg-8\"><div class=\"g-text__bodytext\">\n<p>Hadley Group verarbeitet neben Blankstahl oder verzinktem Stahl auch besondere Materialien wie vorlackiertes, folienbeschichtetes oder Hochglanz-Edelstahlmaterial mit Schutzfolie in ihren rollgeformten Stahlprofilen.<\/p>\n<\/div><\/div><\/div><\/div><\/section>\n\n<section class=\"JB-1 h-section-background g-text\"><div class=\"container\"><div class=\"row\"><div class=\"col-lg-8\"><div class=\"g-text__bodytext\">\n<p>Des Weiteren verf\u00fcgt Hadley Group \u00fcber die M\u00f6glichkeit, kundenspezifische Verarbeitungen inline auszuf\u00fchren.<\/p>\n<\/div><\/div><\/div><\/div><\/section>\n\n<section class=\"JB-1 h-section-background g-image\"><div class=\"container\"><div class=\"row\"><div class=\"col-lg-8\"><div class=\"g-image__image-wrapper\">\n<figure class=\"wp-block-image size-full\"><img loading=\"lazy\" decoding=\"async\" width=\"1920\" height=\"810\" src=\"https:\/\/www.hadleygroup.com\/app\/uploads\/2022\/08\/Cold-roll-forming-process-Hadley-Group.png\" alt=\"Kaltwalzverfahren Hadley Group\" class=\"wp-image-5575\" srcset=\"https:\/\/www.hadleygroup.com\/app\/uploads\/2022\/08\/Cold-roll-forming-process-Hadley-Group.png 1920w, https:\/\/www.hadleygroup.com\/app\/uploads\/2022\/08\/Cold-roll-forming-process-Hadley-Group-300x127.png 300w, https:\/\/www.hadleygroup.com\/app\/uploads\/2022\/08\/Cold-roll-forming-process-Hadley-Group-1024x432.png 1024w, https:\/\/www.hadleygroup.com\/app\/uploads\/2022\/08\/Cold-roll-forming-process-Hadley-Group-768x324.png 768w, https:\/\/www.hadleygroup.com\/app\/uploads\/2022\/08\/Cold-roll-forming-process-Hadley-Group-1536x648.png 1536w\" sizes=\"auto, (max-width: 1920px) 100vw, 1920px\" \/><\/figure>\n<\/div><\/div><\/div><\/div><\/section>\n\n<div class=\"JB-1 h-section-background\">\n<section class=\"wp-block-stradigi-gutenberg-fixed-spacer g-spacer g-spacer--size-klein g-spacer--size-small\"><\/section>\n<\/div>\n\n\n<section class=\"wp-block-stradigi-gutenberg-banner g-banner container-fluid p-0 jarallax g-banner--size-medium\" style=\"background-image:url(&quot;https:\/\/www.hadleygroup.com\/app\/uploads\/2022\/03\/DSC_0129-mono-web.jpg&quot;)\"><div class=\"g-banner__container container\"><div class=\"g-banner__wrap\"><div class=\"g-banner__body\"><div class=\"g-banner__body__buttons\"><\/div><\/div><\/div><\/div><\/section>\n\n\n<div class=\"JB-1 h-section-background\">\n<section class=\"wp-block-stradigi-gutenberg-fixed-spacer g-spacer g-spacer--size-klein g-spacer--size-small\"><\/section>\n<\/div>\n\n<section class=\"JB-1 h-section-background g-text\"><div class=\"container\"><div class=\"row\"><div class=\"col-lg-8\"><div class=\"g-text__title\">\n<h2 class=\"wp-block-heading\">Kontakt<\/h2>\n<\/div><\/div><\/div><\/div><\/section>\n\n<div class=\"JB-1 h-section-background\">\n<section class=\"wp-block-stradigi-gutenberg-text-cta g-text\"><div class=\"container\"><div class=\"row\"><div class=\"col-lg-8\"><div class=\"g-text__bodytext\"><p>Interessieren Sie sich f\u00fcr die M\u00f6glichkeiten des Rollformens Ihrer Stahlprofile?\u00a0Nehmen Sie Kontakt mit uns auf\u00a0und wir rufen Sie innerhalb von zwei Werktagen zur\u00fcck.<br><br><em>Mit unserer Erfahrung sorgen wir gemeinsam f\u00fcr die Funktionalit\u00e4t und Herstellbarkeit Ihrer Stahlprofile<\/em>. Das f\u00fchrt zu neuen Einblicken und Kosteneinsparungen.<\/p><\/div><a href=\"https:\/\/www.hadleygroup.com\/de\/kontakt\/\" class=\"c-button g-text__button\">Kontaktieren Sie uns!<i class=\"fas fa-sm fa-chevron-right\"><\/i><\/a><\/div><\/div><\/div><\/section>\n<\/div>\n\n<div class=\"JB-1 h-section-background\">\n<section class=\"wp-block-stradigi-gutenberg-fixed-spacer g-spacer g-spacer--size-medium\"><\/section>\n<\/div>","protected":false},"excerpt":{"rendered":"<p>Suchen Sie einen Partner, der d\u00fcnnwandige Stahlprofile nach Zeichnung mit den richtigen Materialien und der richtigen Oberfl\u00e4chenbehandlung produzieren kann? Dann\u2026 <a href=\"https:\/\/www.hadleygroup.com\/de\/rollformen-nach-mass\/stahlprofile\/\">&#8230;<\/a><\/p>\n","protected":false},"author":3,"featured_media":0,"parent":1819,"menu_order":0,"comment_status":"closed","ping_status":"closed","template":"","meta":{"_acf_changed":false,"footnotes":""},"categories":[3],"class_list":["post-5036","page","type-page","status-publish","hentry","category-unkategorisiert"],"acf":[],"yoast_head":"<!-- This site is optimized with the Yoast SEO Premium plugin v25.1 (Yoast SEO v26.3) - https:\/\/yoast.com\/wordpress\/plugins\/seo\/ -->\n<title>Rollgeformte Stahlprofile nach Mass - Hadley Group<\/title>\n<meta name=\"description\" content=\"Hadley Group ist der ideale Partner f\u00fcr massgeschneiderte d\u00fcnnwandige Stahlprofile. Geeignet f\u00fcr verschiedene Sektoren. Ma\u00dftoleranzen von \u00b1 0,05 mm.\" \/>\n<meta name=\"robots\" content=\"index, follow, max-snippet:-1, max-image-preview:large, max-video-preview:-1\" \/>\n<link rel=\"canonical\" href=\"https:\/\/www.hadleygroup.com\/de\/rollformen-nach-mass\/stahlprofile\/\" \/>\n<meta property=\"og:locale\" content=\"de_DE\" \/>\n<meta property=\"og:type\" content=\"article\" \/>\n<meta property=\"og:title\" content=\"Stahlprofile\" \/>\n<meta property=\"og:description\" content=\"Hadley Group ist der ideale Partner f\u00fcr massgeschneiderte d\u00fcnnwandige Stahlprofile. Geeignet f\u00fcr verschiedene Sektoren. Ma\u00dftoleranzen von \u00b1 0,05 mm.\" \/>\n<meta property=\"og:url\" content=\"https:\/\/www.hadleygroup.com\/de\/rollformen-nach-mass\/stahlprofile\/\" \/>\n<meta property=\"og:site_name\" content=\"Hadley Group\" \/>\n<meta property=\"article:publisher\" content=\"https:\/\/www.facebook.com\/HadleyGroupGlobal\" \/>\n<meta property=\"article:modified_time\" content=\"2023-02-23T11:10:30+00:00\" \/>\n<meta property=\"og:image\" content=\"https:\/\/www.hadleygroup.com\/app\/uploads\/2022\/04\/DSC_1386-1024x681.jpg\" \/>\n<meta name=\"twitter:card\" content=\"summary_large_image\" \/>\n<meta name=\"twitter:site\" content=\"@hadley_group\" \/>\n<meta name=\"twitter:label1\" content=\"Est. reading time\" \/>\n\t<meta name=\"twitter:data1\" content=\"2 minutes\" \/>\n<script type=\"application\/ld+json\" class=\"yoast-schema-graph\">{\"@context\":\"https:\/\/schema.org\",\"@graph\":[{\"@type\":\"WebPage\",\"@id\":\"https:\/\/www.hadleygroup.com\/de\/rollformen-nach-mass\/stahlprofile\/\",\"url\":\"https:\/\/www.hadleygroup.com\/de\/rollformen-nach-mass\/stahlprofile\/\",\"name\":\"Rollgeformte Stahlprofile nach Mass - Hadley Group\",\"isPartOf\":{\"@id\":\"https:\/\/www.hadleygroup.com\/de\/#website\"},\"primaryImageOfPage\":{\"@id\":\"https:\/\/www.hadleygroup.com\/de\/rollformen-nach-mass\/stahlprofile\/#primaryimage\"},\"image\":{\"@id\":\"https:\/\/www.hadleygroup.com\/de\/rollformen-nach-mass\/stahlprofile\/#primaryimage\"},\"thumbnailUrl\":\"https:\/\/www.hadleygroup.com\/app\/uploads\/2022\/04\/DSC_1386-1024x681.jpg\",\"datePublished\":\"2022-07-21T12:43:44+00:00\",\"dateModified\":\"2023-02-23T11:10:30+00:00\",\"description\":\"Hadley Group ist der ideale Partner f\u00fcr massgeschneiderte d\u00fcnnwandige Stahlprofile. Geeignet f\u00fcr verschiedene Sektoren. Ma\u00dftoleranzen von \u00b1 0,05 mm.\",\"breadcrumb\":{\"@id\":\"https:\/\/www.hadleygroup.com\/de\/rollformen-nach-mass\/stahlprofile\/#breadcrumb\"},\"inLanguage\":\"de-DE\",\"potentialAction\":[{\"@type\":\"ReadAction\",\"target\":[\"https:\/\/www.hadleygroup.com\/de\/rollformen-nach-mass\/stahlprofile\/\"]}]},{\"@type\":\"ImageObject\",\"inLanguage\":\"de-DE\",\"@id\":\"https:\/\/www.hadleygroup.com\/de\/rollformen-nach-mass\/stahlprofile\/#primaryimage\",\"url\":\"https:\/\/www.hadleygroup.com\/app\/uploads\/2022\/04\/DSC_1386-1024x681.jpg\",\"contentUrl\":\"https:\/\/www.hadleygroup.com\/app\/uploads\/2022\/04\/DSC_1386-1024x681.jpg\"},{\"@type\":\"BreadcrumbList\",\"@id\":\"https:\/\/www.hadleygroup.com\/de\/rollformen-nach-mass\/stahlprofile\/#breadcrumb\",\"itemListElement\":[{\"@type\":\"ListItem\",\"position\":1,\"name\":\"Home\",\"item\":\"https:\/\/www.hadleygroup.com\/de\/\"},{\"@type\":\"ListItem\",\"position\":2,\"name\":\"Stahlprofile\"}]},{\"@type\":\"WebSite\",\"@id\":\"https:\/\/www.hadleygroup.com\/de\/#website\",\"url\":\"https:\/\/www.hadleygroup.com\/de\/\",\"name\":\"Hadley Group\",\"description\":\"Shaping the Future in Metal\",\"publisher\":{\"@id\":\"https:\/\/www.hadleygroup.com\/de\/#organization\"},\"potentialAction\":[{\"@type\":\"SearchAction\",\"target\":{\"@type\":\"EntryPoint\",\"urlTemplate\":\"https:\/\/www.hadleygroup.com\/de\/?s={search_term_string}\"},\"query-input\":{\"@type\":\"PropertyValueSpecification\",\"valueRequired\":true,\"valueName\":\"search_term_string\"}}],\"inLanguage\":\"de-DE\"},{\"@type\":\"Organization\",\"@id\":\"https:\/\/www.hadleygroup.com\/de\/#organization\",\"name\":\"Hadley Group\",\"url\":\"https:\/\/www.hadleygroup.com\/de\/\",\"logo\":{\"@type\":\"ImageObject\",\"inLanguage\":\"de-DE\",\"@id\":\"https:\/\/www.hadleygroup.com\/de\/#\/schema\/logo\/image\/\",\"url\":\"https:\/\/www.hadleygroup.com\/app\/uploads\/2023\/01\/Hadley-Group-logo.jpg\",\"contentUrl\":\"https:\/\/www.hadleygroup.com\/app\/uploads\/2023\/01\/Hadley-Group-logo.jpg\",\"width\":1280,\"height\":300,\"caption\":\"Hadley Group\"},\"image\":{\"@id\":\"https:\/\/www.hadleygroup.com\/de\/#\/schema\/logo\/image\/\"},\"sameAs\":[\"https:\/\/www.facebook.com\/HadleyGroupGlobal\",\"https:\/\/x.com\/hadley_group\",\"https:\/\/www.youtube.com\/@HadleyGroupSmethwick\",\"https:\/\/www.linkedin.com\/company\/hadley-group-\/\"]}]}<\/script>\n<!-- \/ Yoast SEO Premium plugin. -->","yoast_head_json":{"title":"Rollgeformte Stahlprofile nach Mass - Hadley Group","description":"Hadley Group ist der ideale Partner f\u00fcr massgeschneiderte d\u00fcnnwandige Stahlprofile. Geeignet f\u00fcr verschiedene Sektoren. Ma\u00dftoleranzen von \u00b1 0,05 mm.","robots":{"index":"index","follow":"follow","max-snippet":"max-snippet:-1","max-image-preview":"max-image-preview:large","max-video-preview":"max-video-preview:-1"},"canonical":"https:\/\/www.hadleygroup.com\/de\/rollformen-nach-mass\/stahlprofile\/","og_locale":"de_DE","og_type":"article","og_title":"Stahlprofile","og_description":"Hadley Group ist der ideale Partner f\u00fcr massgeschneiderte d\u00fcnnwandige Stahlprofile. Geeignet f\u00fcr verschiedene Sektoren. Ma\u00dftoleranzen von \u00b1 0,05 mm.","og_url":"https:\/\/www.hadleygroup.com\/de\/rollformen-nach-mass\/stahlprofile\/","og_site_name":"Hadley Group","article_publisher":"https:\/\/www.facebook.com\/HadleyGroupGlobal","article_modified_time":"2023-02-23T11:10:30+00:00","og_image":[{"url":"https:\/\/www.hadleygroup.com\/app\/uploads\/2022\/04\/DSC_1386-1024x681.jpg","type":"","width":"","height":""}],"twitter_card":"summary_large_image","twitter_site":"@hadley_group","twitter_misc":{"Est. reading time":"2 minutes"},"schema":{"@context":"https:\/\/schema.org","@graph":[{"@type":"WebPage","@id":"https:\/\/www.hadleygroup.com\/de\/rollformen-nach-mass\/stahlprofile\/","url":"https:\/\/www.hadleygroup.com\/de\/rollformen-nach-mass\/stahlprofile\/","name":"Rollgeformte Stahlprofile nach Mass - Hadley Group","isPartOf":{"@id":"https:\/\/www.hadleygroup.com\/de\/#website"},"primaryImageOfPage":{"@id":"https:\/\/www.hadleygroup.com\/de\/rollformen-nach-mass\/stahlprofile\/#primaryimage"},"image":{"@id":"https:\/\/www.hadleygroup.com\/de\/rollformen-nach-mass\/stahlprofile\/#primaryimage"},"thumbnailUrl":"https:\/\/www.hadleygroup.com\/app\/uploads\/2022\/04\/DSC_1386-1024x681.jpg","datePublished":"2022-07-21T12:43:44+00:00","dateModified":"2023-02-23T11:10:30+00:00","description":"Hadley Group ist der ideale Partner f\u00fcr massgeschneiderte d\u00fcnnwandige Stahlprofile. Geeignet f\u00fcr verschiedene Sektoren. Ma\u00dftoleranzen von \u00b1 0,05 mm.","breadcrumb":{"@id":"https:\/\/www.hadleygroup.com\/de\/rollformen-nach-mass\/stahlprofile\/#breadcrumb"},"inLanguage":"de-DE","potentialAction":[{"@type":"ReadAction","target":["https:\/\/www.hadleygroup.com\/de\/rollformen-nach-mass\/stahlprofile\/"]}]},{"@type":"ImageObject","inLanguage":"de-DE","@id":"https:\/\/www.hadleygroup.com\/de\/rollformen-nach-mass\/stahlprofile\/#primaryimage","url":"https:\/\/www.hadleygroup.com\/app\/uploads\/2022\/04\/DSC_1386-1024x681.jpg","contentUrl":"https:\/\/www.hadleygroup.com\/app\/uploads\/2022\/04\/DSC_1386-1024x681.jpg"},{"@type":"BreadcrumbList","@id":"https:\/\/www.hadleygroup.com\/de\/rollformen-nach-mass\/stahlprofile\/#breadcrumb","itemListElement":[{"@type":"ListItem","position":1,"name":"Home","item":"https:\/\/www.hadleygroup.com\/de\/"},{"@type":"ListItem","position":2,"name":"Stahlprofile"}]},{"@type":"WebSite","@id":"https:\/\/www.hadleygroup.com\/de\/#website","url":"https:\/\/www.hadleygroup.com\/de\/","name":"Hadley Group","description":"Shaping the Future in Metal","publisher":{"@id":"https:\/\/www.hadleygroup.com\/de\/#organization"},"potentialAction":[{"@type":"SearchAction","target":{"@type":"EntryPoint","urlTemplate":"https:\/\/www.hadleygroup.com\/de\/?s={search_term_string}"},"query-input":{"@type":"PropertyValueSpecification","valueRequired":true,"valueName":"search_term_string"}}],"inLanguage":"de-DE"},{"@type":"Organization","@id":"https:\/\/www.hadleygroup.com\/de\/#organization","name":"Hadley Group","url":"https:\/\/www.hadleygroup.com\/de\/","logo":{"@type":"ImageObject","inLanguage":"de-DE","@id":"https:\/\/www.hadleygroup.com\/de\/#\/schema\/logo\/image\/","url":"https:\/\/www.hadleygroup.com\/app\/uploads\/2023\/01\/Hadley-Group-logo.jpg","contentUrl":"https:\/\/www.hadleygroup.com\/app\/uploads\/2023\/01\/Hadley-Group-logo.jpg","width":1280,"height":300,"caption":"Hadley Group"},"image":{"@id":"https:\/\/www.hadleygroup.com\/de\/#\/schema\/logo\/image\/"},"sameAs":["https:\/\/www.facebook.com\/HadleyGroupGlobal","https:\/\/x.com\/hadley_group","https:\/\/www.youtube.com\/@HadleyGroupSmethwick","https:\/\/www.linkedin.com\/company\/hadley-group-\/"]}]}},"_links":{"self":[{"href":"https:\/\/www.hadleygroup.com\/de\/wp-json\/wp\/v2\/pages\/5036","targetHints":{"allow":["GET"]}}],"collection":[{"href":"https:\/\/www.hadleygroup.com\/de\/wp-json\/wp\/v2\/pages"}],"about":[{"href":"https:\/\/www.hadleygroup.com\/de\/wp-json\/wp\/v2\/types\/page"}],"author":[{"embeddable":true,"href":"https:\/\/www.hadleygroup.com\/de\/wp-json\/wp\/v2\/users\/3"}],"replies":[{"embeddable":true,"href":"https:\/\/www.hadleygroup.com\/de\/wp-json\/wp\/v2\/comments?post=5036"}],"version-history":[{"count":9,"href":"https:\/\/www.hadleygroup.com\/de\/wp-json\/wp\/v2\/pages\/5036\/revisions"}],"predecessor-version":[{"id":7385,"href":"https:\/\/www.hadleygroup.com\/de\/wp-json\/wp\/v2\/pages\/5036\/revisions\/7385"}],"up":[{"embeddable":true,"href":"https:\/\/www.hadleygroup.com\/de\/wp-json\/wp\/v2\/pages\/1819"}],"wp:attachment":[{"href":"https:\/\/www.hadleygroup.com\/de\/wp-json\/wp\/v2\/media?parent=5036"}],"wp:term":[{"taxonomy":"category","embeddable":true,"href":"https:\/\/www.hadleygroup.com\/de\/wp-json\/wp\/v2\/categories?post=5036"}],"curies":[{"name":"wp","href":"https:\/\/api.w.org\/{rel}","templated":true}]}}