{"id":3765,"date":"2022-02-08T10:57:31","date_gmt":"2022-02-08T10:57:31","guid":{"rendered":"https:\/\/www.hadleygroup.com\/heim\/"},"modified":"2025-09-08T11:47:42","modified_gmt":"2025-09-08T11:47:42","slug":"home","status":"publish","type":"page","link":"https:\/\/www.hadleygroup.com\/de\/","title":{"rendered":"Heim"},"content":{"rendered":"\n<section class=\"wp-block-stradigi-gutenberg-hero-slider g-hero container-fluid p-0\"><section class=\"wp-block-stradigi-gutenberg-hero g-hero container-fluid p-0 g-hero--has-overlay\"><div class=\"swiper js-hero-slider__slider g-hero__slider\"><div class=\"swiper-wrapper g-hero__slider-wrapper\"><div class=\"swiper-slide g-hero__slider-slide\" style=\"background-image:url(https:\/\/www.hadleygroup.com\/app\/uploads\/2025\/01\/Screenshot-2025-01-31-152839-scaled.jpg)\"><figure class=\"g-hero__slider-slide-wrapper\"><div class=\"g-hero__slider-slide-overlay\"><\/div><div class=\"g-hero__container container\"><div class=\"g-hero__wrap\"><h1 class=\"g-hero__heading\"><strong>Die Zukunft im Metal gestalten<\/strong><\/h1><div class=\"g-hero__body\"><div class=\"g-hero__body__buttons\"><a href=\"https:\/\/www.hadleygroup.com\/de\/kontakt\/\" class=\"c-button\">Kontaktieren Sie uns<i class=\"fas fa-sm fa-chevron-right\"><\/i><\/a><a href=\"https:\/\/www.hadleygroup.com\/de\/uber-uns\/standorte-vertrieb\/\" class=\"c-button\">Finden Sie uns<i class=\"fas fa-sm fa-chevron-right\"><\/i><\/a><\/div><\/div><\/div><\/div><\/figure><\/div><div class=\"swiper-slide g-hero__slider-slide\" style=\"background-image:url(https:\/\/www.hadleygroup.com\/app\/uploads\/2025\/01\/Screenshot-2025-01-31-124632-scaled.jpg)\"><figure class=\"g-hero__slider-slide-wrapper\"><div class=\"g-hero__slider-slide-overlay\"><\/div><div class=\"g-hero__container container\"><div class=\"g-hero__wrap\"><h2 class=\"g-hero__heading\"><strong>Akkreditierte Konstruktion  <\/strong><\/h2><div class=\"g-hero__body\"><div class=\"g-hero__body__text\"><p>Laden Sie Zertifikate f\u00fcr unser System, unsere Prozesse und unser Management von BOPAS, NHBC &amp; LABC und vielen anderen herunter.  <\/p><\/div><div class=\"g-hero__body__buttons\"><a href=\"https:\/\/www.hadleygroup.com\/modern-methods-construction\/mmc-accreditations-and-certificates\/\" class=\"c-button\">HadleyFRAME Akkreditierungen  <i class=\"fas fa-sm fa-chevron-right\"><\/i><\/a><\/div><\/div><\/div><\/div><\/figure><\/div><div class=\"swiper-slide g-hero__slider-slide\" style=\"background-image:url(https:\/\/www.hadleygroup.com\/app\/uploads\/2025\/01\/Rapid-Prototyping-scaled.jpg)\"><figure class=\"g-hero__slider-slide-wrapper\"><div class=\"g-hero__slider-slide-overlay\"><\/div><div class=\"g-hero__container container\"><div class=\"g-hero__wrap\"><h2 class=\"g-hero__heading\"><strong>Schnelles Prototyping<\/strong><\/h2><div class=\"g-hero__body\"><div class=\"g-hero__body__text\"><p>Industrie 4.0 erfordert eine kontinuierliche Systemoptimierung, wodurch sich das Entwicklungsfenster dramatisch verk\u00fcrzt. Durch die Zusammenarbeit mit uns wird Ihre L\u00f6sung in dem von Ihnen gew\u00fcnschten Tempo zum Leben erweckt.   <\/p><\/div><div class=\"g-hero__body__buttons\"><a href=\"https:\/\/www.hadleygroup.com\/custom-roll-forming\/rapid-prototyping-for-cold-rolled-metal-profiles\/\" class=\"c-button\">Finde mehr heraus<i class=\"fas fa-sm fa-chevron-right\"><\/i><\/a><\/div><\/div><\/div><\/div><\/figure><\/div><div class=\"swiper-slide g-hero__slider-slide\" style=\"background-image:url(https:\/\/www.hadleygroup.com\/app\/uploads\/2025\/01\/Automotive-hero-scaled.jpg)\"><figure class=\"g-hero__slider-slide-wrapper\"><div class=\"g-hero__slider-slide-overlay\"><\/div><div class=\"g-hero__container container\"><div class=\"g-hero__wrap\"><h2 class=\"g-hero__heading\"><strong>Fertigung f\u00fcr 110 Automodelle weltweit<\/strong><\/h2><div class=\"g-hero__body\"><div class=\"g-hero__body__buttons\"><a href=\"https:\/\/www.hadleygroup.com\/de\/rollformen-nach-mass\/automobil\/\" class=\"c-button\">Finde mehr heraus<i class=\"fas fa-sm fa-chevron-right\"><\/i><\/a><\/div><\/div><\/div><\/div><\/figure><\/div><div class=\"swiper-pagination\"><\/div><\/div><\/div><\/section><\/section>\n<div class=\"JB h-section-background h-section-background--is-light\">\n<section class=\"wp-block-stradigi-gutenberg-fixed-spacer g-spacer g-spacer--size-small\"><\/section>\n<\/div><section class=\"JB h-section-background h-section-background--is-light g-text\"><div class=\"container\"><div class=\"row\"><div class=\"col-lg-8\"><div class=\"g-text__title\">\n<h6 class=\"wp-block-heading\">Sie k\u00f6nnen die Hadley Group von Anfang an in Ihr Projekt integrieren und von unserem Know-how in der Kaltwalztechnologie profitieren. Unsere hauseigenen Designteams reichen von der Werkzeugkonstruktion f\u00fcr unsere Produktionsprozesse bis hin zu Bauingenieuren, die bestrebt sind, Abfallmanagement und nachhaltige Entwicklung zu maximieren.<\/h6>\n<\/div><\/div><\/div><\/div><\/section><section class=\"JB h-section-background h-section-background--is-light g-text\"><div class=\"container\"><div class=\"row\"><div class=\"col-lg-8\"><div class=\"g-text__bodytext\">\n<p>Wir arbeiten mit Kunden aus einer Vielzahl von M\u00e4rkten und Sektoren zusammen, in denen die Leistung von Stahlprofilen und anderen Komponenten durch den Einsatz der <a href=\"https:\/\/www.hadleygroup.com\/de\/kaltwalzen\/\">Kaltwalz-<\/a> und <a href=\"https:\/\/www.hadleygroup.com\/de\/rollformen-nach-mass\/ultrasteel\/\">UltraSTEEL\u00ae-Fertigungstechnologie<\/a>verbessert werden kann.<br\/><br\/>Dazu geh\u00f6ren vor allem die Bauindustrie, in der unsere Produkte sowohl strukturelle als auch nicht-strukturelle Anwendungen finden, der Automobilsektor, in dem wir hochkomplexe Komponenten liefern, die wertvolle Gewichtseinsparungen erm\u00f6glichen, und der Einzelhandel, in dem enge Toleranzen und gleichbleibende Qualit\u00e4t f\u00fcr eine effektive Robotik von gr\u00f6\u00dfter Bedeutung sind.  <\/p>\n<\/div><\/div><\/div><\/div><\/section><div class=\"JB h-section-background h-section-background--is-light\">\n<section class=\"wp-block-stradigi-gutenberg-fixed-spacer g-spacer g-spacer--size-small\"><\/section>\n<\/div><div class=\"JB h-section-background h-section-background--is-light\">\n<section class=\"wp-block-stradigi-gutenberg-double-sidenote g-sidenote\"><div class=\"container\"><div class=\"g-sidenote__row row\"><div class=\"col-lg-8\"><h2 class=\"g-sidenote__title h-heading h-heading--size-undefined\">Step into our business&#8230;<\/h2><div class=\"g-sidenote__bodytext\"><\/div><\/div><\/div><div class=\"g-sidenote__row row\"><article class=\"col-lg-6\"><div class=\"g-sidenote__sidenote\" style=\"background-image:url(&quot;https:\/\/www.hadleygroup.com\/app\/uploads\/2024\/01\/DSC_4373-1024x681.jpg&quot;)\"><div class=\"g-sidenote__sidenote-content\"><p><strong>Building Systems<br\/><\/strong>Structural and Building Products for your construction projects<\/p><\/div><a href=\"https:\/\/www.hadleygroup.com\/modern-methods-construction\/steel-frame-contractor\/\" class=\"c-button g-sidenote__sidenote-cta\">HadleyFRAME<i class=\"fas fa-sm fa-chevron-right\"><\/i><\/a><\/div><\/article><article class=\"col-lg-6\"><div class=\"g-sidenote__sidenote\" style=\"background-image:url(&quot;https:\/\/www.hadleygroup.com\/app\/uploads\/2023\/08\/Automated-Warehouse-image-1024x585.jpg&quot;)\"><div class=\"g-sidenote__sidenote-content\"><p><strong>Roll forming<\/strong><br\/>Custom roll formed steel profiles for your unique products<\/p><\/div><a href=\"https:\/\/www.hadleygroup.com\/de\/rollformen-nach-mass\/\" class=\"c-button g-sidenote__sidenote-cta\">Custom Roll Forming<i class=\"fas fa-sm fa-chevron-right\"><\/i><\/a><\/div><\/article><\/div><\/div><\/section>\n<\/div><div class=\"JB h-section-background h-section-background--is-light\">\n<section class=\"wp-block-stradigi-gutenberg-fixed-spacer g-spacer g-spacer--size-medium\"><\/section>\n<\/div><div class=\"JB-1 h-section-background\">\n<section class=\"wp-block-stradigi-gutenberg-fixed-spacer g-spacer g-spacer--size-small\"><\/section>\n<\/div><div class=\"JB-1 h-section-background\">\n<section class=\"wp-block-stradigi-gutenberg-cta-one g-cta-one\"><div class=\"container\"><div class=\"g-cta-one__row row\"><div class=\"col-sm-12 col-lg-8\"><h2 class=\"g-cta-one__title h-heading h-heading--size-undefined\">We are growing<\/h2><div class=\"g-cta-one__content\"><p><strong>Looking to build an exciting future with a forward thinking, globally active company whose ambitions match your own?<\/strong><br><br>Interested in engineering, sales, admin, management or a host of other potential career paths? The opportunities that exist within Hadley\u2019s are many and varied and our training and apprenticeship programmes are designed to bring the best out of you.<br><br>Whether you are looking for your first job or your next challenge, we have a variety of roles available. <\/p><\/div><div class=\"g-cta-one__buttons\"><a href=\"https:\/\/www.hadleygroup.com\/de\/karriere\/\" class=\"g-cta-one__button-primary\">Careers<i class=\"fas fa-sm fa-chevron-right\"><\/i><\/a><a href=\"https:\/\/www.hadleygroup.com\/de\/uber-uns\/standorte-vertrieb\/\" class=\"g-cta-one__button-secondary\">Locations<i class=\"fas fa-sm fa-chevron-right\"><\/i><\/a><\/div><\/div><\/div><\/div><\/section>\n<\/div><div class=\"JB-1 h-section-background\">\n<section class=\"wp-block-stradigi-gutenberg-fixed-spacer g-spacer g-spacer--size-small\"><\/section>\n<\/div>\n<section class=\"wp-block-stradigi-gutenberg-banner g-banner container-fluid p-0 jarallax g-banner--has-overlay g-banner--size-large\" style=\"background-image:url(&quot;https:\/\/www.hadleygroup.com\/app\/uploads\/2022\/04\/DSC_1589.jpg&quot;)\"><div class=\"g-banner__container container\"><div class=\"g-banner__wrap\"><h2 class=\"g-banner__heading h-heading h-heading--size-undefined\">Project spotlight <\/h2><div class=\"g-banner__body\"><div class=\"g-banner__body__buttons\"><\/div><\/div><\/div><\/div><\/section>\n<div class=\"JB-1 h-section-background\">\n<section class=\"wp-block-stradigi-gutenberg-fixed-spacer g-spacer g-spacer--size-medium\"><\/section>\n<\/div><section class=\"JB-1 h-section-background g-text\"><div class=\"container\"><div class=\"row\"><div class=\"col-lg-8\"><div class=\"g-text__title\">\n<h2 class=\"wp-block-heading\">HadleyFRAME in Hatfield<\/h2>\n<\/div><\/div><\/div><\/div><\/section><div class=\"JB-1 h-section-background\">\n<section class=\"wp-block-stradigi-gutenberg-text-image g-text-image\"><div class=\"container\"><div class=\"g-text-image__row row\"><div data-translate=\"true\" class=\"order-1 col-md-5\"><div class=\"g-text-image__content\"><section class=\"JB-1 h-section-background g-text\"><div class=\"container\"><div class=\"row\"><div class=\"col-lg-8\"><div class=\"g-text__bodytext\">\n<p>Die Lichfield&#8217;s Bonds Seniorenwohnanlage von Pegasus Life liegt im Herzen der pulsierenden Kathedralenstadt. Der Bau von drei Wohnbl\u00f6cken auf dem kompakten Grundst\u00fcck, eingebettet zwischen Anwohnern und Gesch\u00e4ften, erforderte eine durchdachte Programmgestaltung.<br\/><br\/>Dieses moderne Geb\u00e4ude wird sich gut in die Nachbarschaft einf\u00fcgen und den Bewohnern einen ruhigen, effizienten Lebensraum im Herzen einer bl\u00fchenden Gemeinde bieten.<\/p>\n<\/div><\/div><\/div><\/div><\/section><\/div><\/div><article data-translate=\"true\" class=\"order-2 col-md-7 offset-xl-1 col-xl-6\"><div class=\"g-text-image__sidenote g-backend-outline\"><span class=\"a-lines__white-line\"><\/span><span class=\"a-lines__red-line\"><\/span><div class=\"g-text-image__frame-wrapper\"><iframe src=\"https:\/\/player.vimeo.com\/video\/786539361?&amp;autoplay=0&amp;loop=1&amp;byline=0&amp;title=0\"><\/iframe><\/div><\/div><\/article><\/div><\/div><\/section>\n<\/div><div class=\"JB-1 h-section-background\">\n<section class=\"wp-block-stradigi-gutenberg-fixed-spacer g-spacer g-spacer--size-small\"><\/section>\n<\/div><section class=\"JB-1 h-section-background g-text\"><div class=\"container\"><div class=\"row\"><div class=\"col-lg-8\"><div class=\"g-text__title\">\n<h5 class=\"wp-block-heading\">Interessiert an vorgefertigter Au\u00dfenkonstruktion? <\/h5>\n<\/div><\/div><\/div><\/div><\/section><div class=\"JB-1 h-section-background\">\n<section class=\"wp-block-stradigi-gutenberg-cta-one g-cta-one\"><div class=\"container\"><div class=\"g-cta-one__row row\"><div class=\"col-sm-12 col-lg-8\"><h2 class=\"g-cta-one__title h-heading h-heading--size-undefined\"><\/h2><div class=\"g-cta-one__content\"><p><\/p><\/div><div class=\"g-cta-one__buttons\"><a href=\"https:\/\/www.hadleygroup.com\/modern-methods-construction\/\" class=\"g-cta-one__button-primary\">Go to HadleyFRAME<i class=\"fas fa-sm fa-chevron-right\"><\/i><\/a><a href=\"https:\/\/www.hadleygroup.com\/sfs-construction\/\" class=\"g-cta-one__button-secondary\">See our load-bearing stick-built option<i class=\"fas fa-sm fa-chevron-right\"><\/i><\/a><\/div><\/div><\/div><\/div><\/section>\n<\/div><div class=\"JB-1 h-section-background\">\n<section class=\"wp-block-stradigi-gutenberg-fixed-spacer g-spacer g-spacer--size-large\"><\/section>\n<\/div>","protected":false},"excerpt":{"rendered":"<p>Sie k\u00f6nnen die Hadley Group von Anfang an in Ihr Projekt integrieren und von unserem Know-how in der Kaltwalztechnologie profitieren.\u2026 <a href=\"https:\/\/www.hadleygroup.com\/de\/\">&#8230;<\/a><\/p>\n","protected":false},"author":1,"featured_media":0,"parent":0,"menu_order":0,"comment_status":"closed","ping_status":"closed","template":"views\/template-homepage.blade.php","meta":{"_acf_changed":false,"footnotes":""},"categories":[],"class_list":["post-3765","page","type-page","status-publish","hentry"],"acf":[],"yoast_head":"<!-- This site is optimized with the Yoast SEO Premium plugin v25.1 (Yoast SEO v26.3) - https:\/\/yoast.com\/wordpress\/plugins\/seo\/ -->\n<title>Roll forming profiles &amp; building products<\/title>\n<meta name=\"description\" content=\"Your top quality producer of cold-rolled profiles with \u00b1 0.05 mm tolerances, as well as building products for construction projects. Kontaktieren Sie uns!\" \/>\n<meta name=\"robots\" content=\"index, follow, max-snippet:-1, max-image-preview:large, max-video-preview:-1\" \/>\n<link rel=\"canonical\" href=\"https:\/\/www.hadleygroup.com\/de\/\" \/>\n<meta property=\"og:locale\" content=\"de_DE\" \/>\n<meta property=\"og:type\" content=\"article\" \/>\n<meta property=\"og:title\" content=\"Heim\" \/>\n<meta property=\"og:description\" content=\"Your top quality producer of cold-rolled profiles with \u00b1 0.05 mm tolerances, as well as building products for construction projects. Kontaktieren Sie uns!\" \/>\n<meta property=\"og:url\" content=\"https:\/\/www.hadleygroup.com\/de\/\" \/>\n<meta property=\"og:site_name\" content=\"Hadley Group\" \/>\n<meta property=\"article:publisher\" content=\"https:\/\/www.facebook.com\/HadleyGroupGlobal\" \/>\n<meta property=\"article:modified_time\" content=\"2025-09-08T11:47:42+00:00\" \/>\n<meta property=\"og:image\" content=\"https:\/\/www.hadleygroup.com\/app\/uploads\/2023\/01\/Hadley-Group-logo.jpg\" \/>\n\t<meta property=\"og:image:width\" content=\"1280\" \/>\n\t<meta property=\"og:image:height\" content=\"300\" \/>\n\t<meta property=\"og:image:type\" content=\"image\/jpeg\" \/>\n<meta name=\"twitter:card\" content=\"summary_large_image\" \/>\n<meta name=\"twitter:site\" content=\"@hadley_group\" \/>\n<meta name=\"twitter:label1\" content=\"Est. reading time\" \/>\n\t<meta name=\"twitter:data1\" content=\"2 minutes\" \/>\n<script type=\"application\/ld+json\" class=\"yoast-schema-graph\">{\"@context\":\"https:\/\/schema.org\",\"@graph\":[{\"@type\":\"WebPage\",\"@id\":\"https:\/\/www.hadleygroup.com\/de\/\",\"url\":\"https:\/\/www.hadleygroup.com\/de\/\",\"name\":\"Roll forming profiles & building products\",\"isPartOf\":{\"@id\":\"https:\/\/www.hadleygroup.com\/de\/#website\"},\"datePublished\":\"2022-02-08T10:57:31+00:00\",\"dateModified\":\"2025-09-08T11:47:42+00:00\",\"description\":\"Your top quality producer of cold-rolled profiles with \u00b1 0.05 mm tolerances, as well as building products for construction projects. Kontaktieren Sie uns!\",\"breadcrumb\":{\"@id\":\"https:\/\/www.hadleygroup.com\/de\/#breadcrumb\"},\"inLanguage\":\"de-DE\",\"potentialAction\":[{\"@type\":\"ReadAction\",\"target\":[\"https:\/\/www.hadleygroup.com\/de\/\"]}]},{\"@type\":\"BreadcrumbList\",\"@id\":\"https:\/\/www.hadleygroup.com\/de\/#breadcrumb\",\"itemListElement\":[{\"@type\":\"ListItem\",\"position\":1,\"name\":\"Home\",\"item\":\"https:\/\/www.hadleygroup.com\/de\/\"},{\"@type\":\"ListItem\",\"position\":2,\"name\":\"Heim\"}]},{\"@type\":\"WebSite\",\"@id\":\"https:\/\/www.hadleygroup.com\/de\/#website\",\"url\":\"https:\/\/www.hadleygroup.com\/de\/\",\"name\":\"Hadley Group\",\"description\":\"Shaping the Future in Metal\",\"publisher\":{\"@id\":\"https:\/\/www.hadleygroup.com\/de\/#organization\"},\"potentialAction\":[{\"@type\":\"SearchAction\",\"target\":{\"@type\":\"EntryPoint\",\"urlTemplate\":\"https:\/\/www.hadleygroup.com\/de\/?s={search_term_string}\"},\"query-input\":{\"@type\":\"PropertyValueSpecification\",\"valueRequired\":true,\"valueName\":\"search_term_string\"}}],\"inLanguage\":\"de-DE\"},{\"@type\":\"Organization\",\"@id\":\"https:\/\/www.hadleygroup.com\/de\/#organization\",\"name\":\"Hadley Group\",\"url\":\"https:\/\/www.hadleygroup.com\/de\/\",\"logo\":{\"@type\":\"ImageObject\",\"inLanguage\":\"de-DE\",\"@id\":\"https:\/\/www.hadleygroup.com\/de\/#\/schema\/logo\/image\/\",\"url\":\"https:\/\/www.hadleygroup.com\/app\/uploads\/2023\/01\/Hadley-Group-logo.jpg\",\"contentUrl\":\"https:\/\/www.hadleygroup.com\/app\/uploads\/2023\/01\/Hadley-Group-logo.jpg\",\"width\":1280,\"height\":300,\"caption\":\"Hadley Group\"},\"image\":{\"@id\":\"https:\/\/www.hadleygroup.com\/de\/#\/schema\/logo\/image\/\"},\"sameAs\":[\"https:\/\/www.facebook.com\/HadleyGroupGlobal\",\"https:\/\/x.com\/hadley_group\",\"https:\/\/www.youtube.com\/@HadleyGroupSmethwick\",\"https:\/\/www.linkedin.com\/company\/hadley-group-\/\"]}]}<\/script>\n<!-- \/ Yoast SEO Premium plugin. -->","yoast_head_json":{"title":"Roll forming profiles & building products","description":"Your top quality producer of cold-rolled profiles with \u00b1 0.05 mm tolerances, as well as building products for construction projects. Kontaktieren Sie uns!","robots":{"index":"index","follow":"follow","max-snippet":"max-snippet:-1","max-image-preview":"max-image-preview:large","max-video-preview":"max-video-preview:-1"},"canonical":"https:\/\/www.hadleygroup.com\/de\/","og_locale":"de_DE","og_type":"article","og_title":"Heim","og_description":"Your top quality producer of cold-rolled profiles with \u00b1 0.05 mm tolerances, as well as building products for construction projects. Kontaktieren Sie uns!","og_url":"https:\/\/www.hadleygroup.com\/de\/","og_site_name":"Hadley Group","article_publisher":"https:\/\/www.facebook.com\/HadleyGroupGlobal","article_modified_time":"2025-09-08T11:47:42+00:00","og_image":[{"width":1280,"height":300,"url":"https:\/\/www.hadleygroup.com\/app\/uploads\/2023\/01\/Hadley-Group-logo.jpg","type":"image\/jpeg"}],"twitter_card":"summary_large_image","twitter_site":"@hadley_group","twitter_misc":{"Est. reading time":"2 minutes"},"schema":{"@context":"https:\/\/schema.org","@graph":[{"@type":"WebPage","@id":"https:\/\/www.hadleygroup.com\/de\/","url":"https:\/\/www.hadleygroup.com\/de\/","name":"Roll forming profiles & building products","isPartOf":{"@id":"https:\/\/www.hadleygroup.com\/de\/#website"},"datePublished":"2022-02-08T10:57:31+00:00","dateModified":"2025-09-08T11:47:42+00:00","description":"Your top quality producer of cold-rolled profiles with \u00b1 0.05 mm tolerances, as well as building products for construction projects. Kontaktieren Sie uns!","breadcrumb":{"@id":"https:\/\/www.hadleygroup.com\/de\/#breadcrumb"},"inLanguage":"de-DE","potentialAction":[{"@type":"ReadAction","target":["https:\/\/www.hadleygroup.com\/de\/"]}]},{"@type":"BreadcrumbList","@id":"https:\/\/www.hadleygroup.com\/de\/#breadcrumb","itemListElement":[{"@type":"ListItem","position":1,"name":"Home","item":"https:\/\/www.hadleygroup.com\/de\/"},{"@type":"ListItem","position":2,"name":"Heim"}]},{"@type":"WebSite","@id":"https:\/\/www.hadleygroup.com\/de\/#website","url":"https:\/\/www.hadleygroup.com\/de\/","name":"Hadley Group","description":"Shaping the Future in Metal","publisher":{"@id":"https:\/\/www.hadleygroup.com\/de\/#organization"},"potentialAction":[{"@type":"SearchAction","target":{"@type":"EntryPoint","urlTemplate":"https:\/\/www.hadleygroup.com\/de\/?s={search_term_string}"},"query-input":{"@type":"PropertyValueSpecification","valueRequired":true,"valueName":"search_term_string"}}],"inLanguage":"de-DE"},{"@type":"Organization","@id":"https:\/\/www.hadleygroup.com\/de\/#organization","name":"Hadley Group","url":"https:\/\/www.hadleygroup.com\/de\/","logo":{"@type":"ImageObject","inLanguage":"de-DE","@id":"https:\/\/www.hadleygroup.com\/de\/#\/schema\/logo\/image\/","url":"https:\/\/www.hadleygroup.com\/app\/uploads\/2023\/01\/Hadley-Group-logo.jpg","contentUrl":"https:\/\/www.hadleygroup.com\/app\/uploads\/2023\/01\/Hadley-Group-logo.jpg","width":1280,"height":300,"caption":"Hadley Group"},"image":{"@id":"https:\/\/www.hadleygroup.com\/de\/#\/schema\/logo\/image\/"},"sameAs":["https:\/\/www.facebook.com\/HadleyGroupGlobal","https:\/\/x.com\/hadley_group","https:\/\/www.youtube.com\/@HadleyGroupSmethwick","https:\/\/www.linkedin.com\/company\/hadley-group-\/"]}]}},"_links":{"self":[{"href":"https:\/\/www.hadleygroup.com\/de\/wp-json\/wp\/v2\/pages\/3765","targetHints":{"allow":["GET"]}}],"collection":[{"href":"https:\/\/www.hadleygroup.com\/de\/wp-json\/wp\/v2\/pages"}],"about":[{"href":"https:\/\/www.hadleygroup.com\/de\/wp-json\/wp\/v2\/types\/page"}],"author":[{"embeddable":true,"href":"https:\/\/www.hadleygroup.com\/de\/wp-json\/wp\/v2\/users\/1"}],"replies":[{"embeddable":true,"href":"https:\/\/www.hadleygroup.com\/de\/wp-json\/wp\/v2\/comments?post=3765"}],"version-history":[{"count":15,"href":"https:\/\/www.hadleygroup.com\/de\/wp-json\/wp\/v2\/pages\/3765\/revisions"}],"predecessor-version":[{"id":16272,"href":"https:\/\/www.hadleygroup.com\/de\/wp-json\/wp\/v2\/pages\/3765\/revisions\/16272"}],"wp:attachment":[{"href":"https:\/\/www.hadleygroup.com\/de\/wp-json\/wp\/v2\/media?parent=3765"}],"wp:term":[{"taxonomy":"category","embeddable":true,"href":"https:\/\/www.hadleygroup.com\/de\/wp-json\/wp\/v2\/categories?post=3765"}],"curies":[{"name":"wp","href":"https:\/\/api.w.org\/{rel}","templated":true}]}}