{"id":3698,"date":"2022-04-02T17:45:33","date_gmt":"2022-04-02T17:45:33","guid":{"rendered":"https:\/\/www.hadleygroup.com\/uber-uns\/der-aufsichtsrat\/"},"modified":"2025-09-08T11:44:24","modified_gmt":"2025-09-08T11:44:24","slug":"der-aufsichtsrat","status":"publish","type":"page","link":"https:\/\/www.hadleygroup.com\/de\/uber-uns\/der-aufsichtsrat\/","title":{"rendered":"Der Aufsichtsrat"},"content":{"rendered":"<background-video inline-template :autoplay=\"true\" video=\"\"> \n<section class=\"wp-block-stradigi-gutenberg-hero g-hero container-fluid p-0 g-hero--has-overlay\" style=\"background-image:url(&quot;https:\/\/www.hadleygroup.com\/app\/uploads\/2022\/04\/DSC_1344.1.jpg&quot;)\" data-youtube-url=\"\"><div class=\"g-hero--filter\"><\/div><div class=\"g-hero__container container\"><div class=\"g-hero__wrap\"><h1 class=\"g-hero__heading\">Board of Directors<\/h1><div class=\"g-hero__body\"><div class=\"g-hero__body__text\"><p><\/p><\/div><div class=\"g-hero__body__buttons\"><\/div><\/div><\/div><\/div><\/section>\n <\/background-video><div class=\"JB-1 h-section-background\">\n<section class=\"wp-block-stradigi-gutenberg-fixed-spacer g-spacer g-spacer--size-medium\"><\/section>\n<\/div><div class=\"JB-1 h-section-background\">\n<section class=\"wp-block-stradigi-gutenberg-text-image g-text-image\"><div class=\"container\"><div class=\"g-text-image__row row\"><div data-translate=\"true\" class=\"order-2 col-md-7 col-lg-7 offset-lg-1 col-xl-8\"><div class=\"g-text-image__content\"><section class=\"JB-1 h-section-background g-text\"><div class=\"container\"><div class=\"row\"><div class=\"col-lg-8\"><div class=\"g-text__title\">\n<h5 class=\"wp-block-heading has-medium-font-size\"><strong><strong>Stewart R. Towe<\/strong><\/strong> CBE DL<\/h5>\n<\/div><\/div><\/div><\/div><\/section>\n\n<section class=\"JB-1 h-section-background g-text\"><div class=\"container\"><div class=\"row\"><div class=\"col-lg-8\"><div class=\"g-text__bodytext\">\n<p>Vorsitzender der Exekutivgruppe<\/p>\n<\/div><\/div><\/div><\/div><\/section>\n\n<section class=\"JB-1 h-section-background g-text\"><div class=\"container\"><div class=\"row\"><div class=\"col-lg-8\"><div class=\"g-text__bodytext\">\n<p class=\"has-small-font-size\">Stewart Towe trat 1976 als Konzernbuchhalter in das Unternehmen ein. Er wurde 1978 in den Vorstand berufen und \u00fcbernahm die Verantwortung f\u00fcr die kommerzielle und finanzielle Entwicklung der Gruppe. Im April 2006 schloss er die \u00dcbernahme des Unternehmens von der Familie Hadley ab. Als Executive Group Chairman wird Stewart die strategische Absicht der Gruppe weiterhin f\u00f6rdern, vorantreiben und unterst\u00fctzen. Stewart ist eng mit der \u00f6rtlichen Gemeinde verbunden und hatte Positionen inne, darunter High Sheriff of the West Midlands; Stellvertretender Leutnant, West Midlands; Pro-Kanzler, Universit\u00e4t Wolverhampton; und Vorsitzender, Black Country LEP. Er ist Patron des Prince&#8217;s Trust und war Gouverneur an einer Reihe von Schulen, Akademien und Universit\u00e4ten in der Region.<\/p>\n<\/div><\/div><\/div><\/div><\/section><\/div><\/div><article data-translate=\"true\" class=\"order-1 col-md-5 col-lg-4 col-xl-3\"><div class=\"g-text-image__sidenote g-backend-outline\"><span class=\"a-lines__white-line\"><\/span><span class=\"a-lines__red-line\"><\/span><img decoding=\"async\" class=\"g-text-image__image\" src=\"https:\/\/www.hadleygroup.com\/app\/uploads\/2022\/05\/Stewart-Towe_180302_083116-1024x683.jpg\" alt=\"stewart-towe_180302_083116-2\"\/><\/div><\/article><\/div><\/div><\/section>\n<\/div><div class=\"JB-1 h-section-background\">\n<section class=\"wp-block-stradigi-gutenberg-text-image g-text-image\"><div class=\"container\"><div class=\"g-text-image__row row\"><div data-translate=\"true\" class=\"order-2 col-md-7 col-lg-7 offset-lg-1 col-xl-8\"><div class=\"g-text-image__content\"><section class=\"JB-1 h-section-background g-text\"><div class=\"container\"><div class=\"row\"><div class=\"col-lg-8\"><div class=\"g-text__title\">\n<h5 class=\"wp-block-heading has-medium-font-size\"><strong>Ben Towe<\/strong> CEng, MBA, IMechE, MCMI<\/h5>\n<\/div><\/div><\/div><\/div><\/section>\n\n<section class=\"JB-1 h-section-background g-text\"><div class=\"container\"><div class=\"row\"><div class=\"col-lg-8\"><div class=\"g-text__bodytext\">\n<p>Gruppengesch\u00e4ftsf\u00fchrer<\/p>\n<\/div><\/div><\/div><\/div><\/section>\n\n<section class=\"JB-1 h-section-background g-text\"><div class=\"container\"><div class=\"row\"><div class=\"col-lg-8\"><div class=\"g-text__bodytext\">\n<p class=\"has-small-font-size\">Ben kam im Januar 2006 als Manufacturing Support Engineer zur Hadley Group und stieg bald zum Director of Hadley Group Technology auf. 2011 trat er in den Hauptvorstand ein und wurde 2018 zum Group Managing Director bef\u00f6rdert. Im Jahr 2021 wurde er zum Hauptaktion\u00e4r und sicherte damit die Mehrgenerationenf\u00fchrung und das Familienerbe, wo er weiterhin das Wachstum und die Entwicklung der Hadley Group vorantreibt. Im Jahr 2024 wurde er zum Vorsitzenden der Light Steel Frame Association gew\u00e4hlt.  <\/p>\n<\/div><\/div><\/div><\/div><\/section><\/div><\/div><article data-translate=\"true\" class=\"order-1 col-md-5 col-lg-4 col-xl-3\"><div class=\"g-text-image__sidenote g-backend-outline\"><span class=\"a-lines__white-line\"><\/span><span class=\"a-lines__red-line\"><\/span><img decoding=\"async\" class=\"g-text-image__image\" src=\"https:\/\/www.hadleygroup.com\/app\/uploads\/2022\/05\/Ben-Towe.jpg\" alt=\"ben-towe-2\"\/><\/div><\/article><\/div><\/div><\/section>\n<\/div><div class=\"JB-1 h-section-background\">\n<section class=\"wp-block-stradigi-gutenberg-text-image g-text-image\"><div class=\"container\"><div class=\"g-text-image__row row\"><div data-translate=\"true\" class=\"order-2 col-md-7 col-lg-7 offset-lg-1 col-xl-8\"><div class=\"g-text-image__content\"><section class=\"JB-1 h-section-background g-text\"><div class=\"container\"><div class=\"row\"><div class=\"col-lg-8\"><div class=\"g-text__title\">\n<h5 class=\"wp-block-heading has-medium-font-size\"><strong><strong><strong>Michael Castellucci<\/strong><\/strong><\/strong> BEng (Hons) PhD<\/h5>\n<\/div><\/div><\/div><\/div><\/section>\n\n<section class=\"JB-1 h-section-background g-text\"><div class=\"container\"><div class=\"row\"><div class=\"col-lg-8\"><div class=\"g-text__bodytext\">\n<p>Group Engineering Director<\/p>\n<\/div><\/div><\/div><\/div><\/section>\n\n<section class=\"JB-1 h-section-background g-text\"><div class=\"container\"><div class=\"row\"><div class=\"col-lg-8\"><div class=\"g-text__bodytext\">\n<p class=\"has-small-font-size\">Michael Castellucci kam 1994 zur Hadley Group, um Forschungen zur Steigerung der Leistung kaltgewalzter geformter Produkte durch alternative Methoden und Technologien durchzuf\u00fchren. 1999 promovierte er f\u00fcr diese Arbeit und bekleidete anschlie\u00dfend verschiedene technische und Forschungsfunktionen, bevor er 2008 zum Technischen Direktor ernannt und 2011 in den Vorstand berufen wurde. Als Group Engineering Director \u00fcbernimmt Michael die Verantwortung f\u00fcr alle technischen und operativen Funktionen innerhalb der Gruppe.<\/p>\n<\/div><\/div><\/div><\/div><\/section><\/div><\/div><article data-translate=\"true\" class=\"order-1 col-md-5 col-lg-4 col-xl-3\"><div class=\"g-text-image__sidenote g-backend-outline\"><span class=\"a-lines__white-line\"><\/span><span class=\"a-lines__red-line\"><\/span><img decoding=\"async\" class=\"g-text-image__image\" src=\"https:\/\/www.hadleygroup.com\/app\/uploads\/2022\/05\/Mike-Castelluci-1024x683.jpg\" alt=\"mike-castelluci-2\"\/><\/div><\/article><\/div><\/div><\/section>\n<\/div><div class=\"JB-1 h-section-background\">\n<section class=\"wp-block-stradigi-gutenberg-text-image g-text-image\"><div class=\"container\"><div class=\"g-text-image__row row\"><div data-translate=\"true\" class=\"order-2 col-md-7 col-lg-7 offset-lg-1 col-xl-8\"><div class=\"g-text-image__content\"><section class=\"JB-1 h-section-background g-text\"><div class=\"container\"><div class=\"row\"><div class=\"col-lg-8\"><div class=\"g-text__title\">\n<h5 class=\"wp-block-heading has-medium-font-size\"><strong><strong><strong><strong>Jonathan Jaggar<\/strong><\/strong><\/strong><\/strong> BA (Hons), MBA, MCIPS<\/h5>\n<\/div><\/div><\/div><\/div><\/section>\n\n<section class=\"JB-1 h-section-background g-text\"><div class=\"container\"><div class=\"row\"><div class=\"col-lg-8\"><div class=\"g-text__bodytext\">\n<p>Kaufm\u00e4nnischer Leiter der Gruppe<\/p>\n<\/div><\/div><\/div><\/div><\/section>\n\n<section class=\"JB-1 h-section-background g-text\"><div class=\"container\"><div class=\"row\"><div class=\"col-lg-8\"><div class=\"g-text__bodytext\">\n<p class=\"has-small-font-size\">Im Jahr 2015 wurde Jonathan Jaggar in den Vorstand der Hadley Group berufen, wo er die Hauptverantwortung f\u00fcr die Formulierung und Umsetzung der langfristigen strategischen Vision des Unternehmens im Einklang mit den \u00fcbergreifenden Gesch\u00e4ftszielen \u00fcbernimmt. Seine Rolle umfasst die Verbesserung der Ertragsstr\u00f6me des Unternehmens durch die strategische \u00dcberwachung von Vertrieb, Marketing, Gesch\u00e4ftsentwicklungsinitiativen und Beschaffungsprozessen. Dieser strategische Ansatz zielt darauf ab, die Marktpr\u00e4senz zu verst\u00e4rken, die Kundenbindung zu f\u00f6rdern und die Rentabilit\u00e4t zu erh\u00f6hen, indem die kommerziellen Ziele harmonisch in die strategische Planung integriert werden. Auf diese Weise sorgt er f\u00fcr ein nachhaltiges Wachstum der Hadley Group und sichert ihren Wettbewerbsvorteil in der Branche.   <\/p>\n<\/div><\/div><\/div><\/div><\/section>\n\n<section class=\"JB-1 h-section-background g-text\"><div class=\"container\"><div class=\"row\"><div class=\"col-lg-8\"><div class=\"g-text__bodytext\">\n<p><\/p>\n<\/div><\/div><\/div><\/div><\/section>\n\n<section class=\"JB-1 h-section-background g-text\"><div class=\"container\"><div class=\"row\"><div class=\"col-lg-8\"><div class=\"g-text__bodytext\">\n<p class=\"has-small-font-size\">Vor seiner T\u00e4tigkeit bei der Hadley Group war Jonathan in verschiedenen leitenden Positionen t\u00e4tig, unter anderem als Executive Director bei Umeco plc in Gro\u00dfbritannien und Cytec Inc. in den Vereinigten Staaten. Zuletzt war er Pr\u00e4sident des Gesch\u00e4ftsbereichs Process Materials mit Sitz in Kalifornien, USA. Dieser Gesch\u00e4ftsbereich ist ein f\u00fchrender Anbieter f\u00fcr die weltweite Luft- und Raumfahrtindustrie, der OEM und Tier 1 beliefert und gleichzeitig die gesamte Bandbreite des wachstumsstarken Marktes f\u00fcr Verbundwerkstoffe abdeckt.  <\/p>\n<\/div><\/div><\/div><\/div><\/section><\/div><\/div><article data-translate=\"true\" class=\"order-1 col-md-5 col-lg-4 col-xl-3\"><div class=\"g-text-image__sidenote g-backend-outline\"><span class=\"a-lines__white-line\"><\/span><span class=\"a-lines__red-line\"><\/span><img decoding=\"async\" class=\"g-text-image__image\" src=\"https:\/\/www.hadleygroup.com\/app\/uploads\/2024\/10\/Jonathan-Jaggar-web.jpg\" alt=\"jonathan-jaggar-web\"\/><\/div><\/article><\/div><\/div><\/section>\n<\/div><div class=\"JB-1 h-section-background\">\n<section class=\"wp-block-stradigi-gutenberg-text-image g-text-image\"><div class=\"container\"><div class=\"g-text-image__row row\"><div data-translate=\"true\" class=\"order-2 col-md-7 col-lg-7 offset-lg-1 col-xl-8\"><div class=\"g-text-image__content\"><section class=\"JB-1 h-section-background g-text\"><div class=\"container\"><div class=\"row\"><div class=\"col-lg-8\"><div class=\"g-text__title\">\n<h5 class=\"wp-block-heading has-medium-font-size\"><strong>Matt Trump<\/strong> FCA<\/h5>\n<\/div><\/div><\/div><\/div><\/section>\n\n<section class=\"JB-1 h-section-background g-text\"><div class=\"container\"><div class=\"row\"><div class=\"col-lg-8\"><div class=\"g-text__bodytext\">\n<p>Direktor Finanzen der Gruppe<\/p>\n<\/div><\/div><\/div><\/div><\/section>\n\n<section class=\"JB-1 h-section-background g-text\"><div class=\"container\"><div class=\"row\"><div class=\"col-lg-8\"><div class=\"g-text__bodytext\">\n<p class=\"has-small-font-size\">W\u00e4hrend seiner Ausbildung zum Wirtschaftspr\u00fcfer sammelte Matt eine F\u00fclle von Erfahrungen in den Bereichen Wirtschaftspr\u00fcfung, Fusionen und \u00dcbernahmen. Er trat 2013 in die Hadley Group ein und war mit dem gesamten Spektrum der finanziellen Verantwortung betraut. Nach zwei Jahren erfolgreicher Zusammenarbeit mit dem Vorstand \u00fcbernahm Matt im Jahr 2024 die F\u00fchrungsposition des Group Finance Director und unterst\u00fctzt das Unternehmen bei der Umsetzung seiner Wachstumsziele.  <\/p>\n<\/div><\/div><\/div><\/div><\/section><\/div><\/div><article data-translate=\"true\" class=\"order-1 col-md-5 col-lg-4 col-xl-3\"><div class=\"g-text-image__sidenote g-backend-outline\"><span class=\"a-lines__white-line\"><\/span><span class=\"a-lines__red-line\"><\/span><img decoding=\"async\" class=\"g-text-image__image\" src=\"https:\/\/www.hadleygroup.com\/app\/uploads\/2024\/05\/Mathew-Trump-1024x725.jpg\" alt=\"mathew-trump\"\/><\/div><\/article><\/div><\/div><\/section>\n<\/div><section class=\"JB-1 h-section-background g-text\"><div class=\"container\"><div class=\"row\"><div class=\"col-lg-8\"><div class=\"g-text__bodytext\">\n<p><\/p>\n<\/div><\/div><\/div><\/div><\/section><div class=\"JB-1 h-section-background\">\n<section class=\"wp-block-stradigi-gutenberg-fixed-spacer g-spacer g-spacer--size-large\"><\/section>\n<\/div>","protected":false},"excerpt":{"rendered":"","protected":false},"author":3,"featured_media":0,"parent":3315,"menu_order":0,"comment_status":"closed","ping_status":"closed","template":"","meta":{"_acf_changed":false,"footnotes":""},"categories":[123],"class_list":["post-3698","page","type-page","status-publish","hentry","category-uber-uns"],"acf":[],"yoast_head":"<!-- This site is optimized with the Yoast SEO Premium plugin v25.1 (Yoast SEO v26.3) - https:\/\/yoast.com\/wordpress\/plugins\/seo\/ -->\n<title>Der Aufsichtsrat - Hadley Group<\/title>\n<meta name=\"description\" content=\"Hier finden Sie Informationen \u00fcber den Vorstand der Hadley Group - Ben Towe, Stewart R Towe, Michael Castellucci, Richard Neale und Jonathan Jaggar\" \/>\n<meta name=\"robots\" content=\"index, follow, max-snippet:-1, max-image-preview:large, max-video-preview:-1\" \/>\n<link rel=\"canonical\" href=\"https:\/\/www.hadleygroup.com\/de\/uber-uns\/der-aufsichtsrat\/\" \/>\n<meta property=\"og:locale\" content=\"de_DE\" \/>\n<meta property=\"og:type\" content=\"article\" \/>\n<meta property=\"og:title\" content=\"Der Aufsichtsrat\" \/>\n<meta property=\"og:description\" content=\"Hier finden Sie Informationen \u00fcber den Vorstand der Hadley Group - Ben Towe, Stewart R Towe, Michael Castellucci, Richard Neale und Jonathan Jaggar\" \/>\n<meta property=\"og:url\" content=\"https:\/\/www.hadleygroup.com\/de\/uber-uns\/der-aufsichtsrat\/\" \/>\n<meta property=\"og:site_name\" content=\"Hadley Group\" \/>\n<meta property=\"article:publisher\" content=\"https:\/\/www.facebook.com\/HadleyGroupGlobal\" \/>\n<meta property=\"article:modified_time\" content=\"2025-09-08T11:44:24+00:00\" \/>\n<meta property=\"og:image\" content=\"https:\/\/www.hadleygroup.com\/app\/uploads\/2022\/05\/Stewart-Towe_180302_083116-1024x683.jpg\" \/>\n<meta name=\"twitter:card\" content=\"summary_large_image\" \/>\n<meta name=\"twitter:site\" content=\"@hadley_group\" \/>\n<meta name=\"twitter:label1\" content=\"Est. reading time\" \/>\n\t<meta name=\"twitter:data1\" content=\"3 minutes\" \/>\n<script type=\"application\/ld+json\" class=\"yoast-schema-graph\">{\"@context\":\"https:\/\/schema.org\",\"@graph\":[{\"@type\":\"WebPage\",\"@id\":\"https:\/\/www.hadleygroup.com\/de\/uber-uns\/der-aufsichtsrat\/\",\"url\":\"https:\/\/www.hadleygroup.com\/de\/uber-uns\/der-aufsichtsrat\/\",\"name\":\"Der Aufsichtsrat - Hadley Group\",\"isPartOf\":{\"@id\":\"https:\/\/www.hadleygroup.com\/de\/#website\"},\"primaryImageOfPage\":{\"@id\":\"https:\/\/www.hadleygroup.com\/de\/uber-uns\/der-aufsichtsrat\/#primaryimage\"},\"image\":{\"@id\":\"https:\/\/www.hadleygroup.com\/de\/uber-uns\/der-aufsichtsrat\/#primaryimage\"},\"thumbnailUrl\":\"https:\/\/www.hadleygroup.com\/app\/uploads\/2022\/05\/Stewart-Towe_180302_083116-1024x683.jpg\",\"datePublished\":\"2022-04-02T17:45:33+00:00\",\"dateModified\":\"2025-09-08T11:44:24+00:00\",\"description\":\"Hier finden Sie Informationen \u00fcber den Vorstand der Hadley Group - Ben Towe, Stewart R Towe, Michael Castellucci, Richard Neale und Jonathan Jaggar\",\"breadcrumb\":{\"@id\":\"https:\/\/www.hadleygroup.com\/de\/uber-uns\/der-aufsichtsrat\/#breadcrumb\"},\"inLanguage\":\"de-DE\",\"potentialAction\":[{\"@type\":\"ReadAction\",\"target\":[\"https:\/\/www.hadleygroup.com\/de\/uber-uns\/der-aufsichtsrat\/\"]}]},{\"@type\":\"ImageObject\",\"inLanguage\":\"de-DE\",\"@id\":\"https:\/\/www.hadleygroup.com\/de\/uber-uns\/der-aufsichtsrat\/#primaryimage\",\"url\":\"https:\/\/www.hadleygroup.com\/app\/uploads\/2022\/05\/Stewart-Towe_180302_083116-1024x683.jpg\",\"contentUrl\":\"https:\/\/www.hadleygroup.com\/app\/uploads\/2022\/05\/Stewart-Towe_180302_083116-1024x683.jpg\"},{\"@type\":\"BreadcrumbList\",\"@id\":\"https:\/\/www.hadleygroup.com\/de\/uber-uns\/der-aufsichtsrat\/#breadcrumb\",\"itemListElement\":[{\"@type\":\"ListItem\",\"position\":1,\"name\":\"Home\",\"item\":\"https:\/\/www.hadleygroup.com\/de\/\"},{\"@type\":\"ListItem\",\"position\":2,\"name\":\"\u00dcber uns\",\"item\":\"https:\/\/www.hadleygroup.com\/de\/uber-uns\/\"},{\"@type\":\"ListItem\",\"position\":3,\"name\":\"Der Aufsichtsrat\"}]},{\"@type\":\"WebSite\",\"@id\":\"https:\/\/www.hadleygroup.com\/de\/#website\",\"url\":\"https:\/\/www.hadleygroup.com\/de\/\",\"name\":\"Hadley Group\",\"description\":\"Shaping the Future in Metal\",\"publisher\":{\"@id\":\"https:\/\/www.hadleygroup.com\/de\/#organization\"},\"potentialAction\":[{\"@type\":\"SearchAction\",\"target\":{\"@type\":\"EntryPoint\",\"urlTemplate\":\"https:\/\/www.hadleygroup.com\/de\/?s={search_term_string}\"},\"query-input\":{\"@type\":\"PropertyValueSpecification\",\"valueRequired\":true,\"valueName\":\"search_term_string\"}}],\"inLanguage\":\"de-DE\"},{\"@type\":\"Organization\",\"@id\":\"https:\/\/www.hadleygroup.com\/de\/#organization\",\"name\":\"Hadley Group\",\"url\":\"https:\/\/www.hadleygroup.com\/de\/\",\"logo\":{\"@type\":\"ImageObject\",\"inLanguage\":\"de-DE\",\"@id\":\"https:\/\/www.hadleygroup.com\/de\/#\/schema\/logo\/image\/\",\"url\":\"https:\/\/www.hadleygroup.com\/app\/uploads\/2023\/01\/Hadley-Group-logo.jpg\",\"contentUrl\":\"https:\/\/www.hadleygroup.com\/app\/uploads\/2023\/01\/Hadley-Group-logo.jpg\",\"width\":1280,\"height\":300,\"caption\":\"Hadley Group\"},\"image\":{\"@id\":\"https:\/\/www.hadleygroup.com\/de\/#\/schema\/logo\/image\/\"},\"sameAs\":[\"https:\/\/www.facebook.com\/HadleyGroupGlobal\",\"https:\/\/x.com\/hadley_group\",\"https:\/\/www.youtube.com\/@HadleyGroupSmethwick\",\"https:\/\/www.linkedin.com\/company\/hadley-group-\/\"]}]}<\/script>\n<!-- \/ Yoast SEO Premium plugin. -->","yoast_head_json":{"title":"Der Aufsichtsrat - Hadley Group","description":"Hier finden Sie Informationen \u00fcber den Vorstand der Hadley Group - Ben Towe, Stewart R Towe, Michael Castellucci, Richard Neale und Jonathan Jaggar","robots":{"index":"index","follow":"follow","max-snippet":"max-snippet:-1","max-image-preview":"max-image-preview:large","max-video-preview":"max-video-preview:-1"},"canonical":"https:\/\/www.hadleygroup.com\/de\/uber-uns\/der-aufsichtsrat\/","og_locale":"de_DE","og_type":"article","og_title":"Der Aufsichtsrat","og_description":"Hier finden Sie Informationen \u00fcber den Vorstand der Hadley Group - Ben Towe, Stewart R Towe, Michael Castellucci, Richard Neale und Jonathan Jaggar","og_url":"https:\/\/www.hadleygroup.com\/de\/uber-uns\/der-aufsichtsrat\/","og_site_name":"Hadley Group","article_publisher":"https:\/\/www.facebook.com\/HadleyGroupGlobal","article_modified_time":"2025-09-08T11:44:24+00:00","og_image":[{"url":"https:\/\/www.hadleygroup.com\/app\/uploads\/2022\/05\/Stewart-Towe_180302_083116-1024x683.jpg","type":"","width":"","height":""}],"twitter_card":"summary_large_image","twitter_site":"@hadley_group","twitter_misc":{"Est. reading time":"3 minutes"},"schema":{"@context":"https:\/\/schema.org","@graph":[{"@type":"WebPage","@id":"https:\/\/www.hadleygroup.com\/de\/uber-uns\/der-aufsichtsrat\/","url":"https:\/\/www.hadleygroup.com\/de\/uber-uns\/der-aufsichtsrat\/","name":"Der Aufsichtsrat - Hadley Group","isPartOf":{"@id":"https:\/\/www.hadleygroup.com\/de\/#website"},"primaryImageOfPage":{"@id":"https:\/\/www.hadleygroup.com\/de\/uber-uns\/der-aufsichtsrat\/#primaryimage"},"image":{"@id":"https:\/\/www.hadleygroup.com\/de\/uber-uns\/der-aufsichtsrat\/#primaryimage"},"thumbnailUrl":"https:\/\/www.hadleygroup.com\/app\/uploads\/2022\/05\/Stewart-Towe_180302_083116-1024x683.jpg","datePublished":"2022-04-02T17:45:33+00:00","dateModified":"2025-09-08T11:44:24+00:00","description":"Hier finden Sie Informationen \u00fcber den Vorstand der Hadley Group - Ben Towe, Stewart R Towe, Michael Castellucci, Richard Neale und Jonathan Jaggar","breadcrumb":{"@id":"https:\/\/www.hadleygroup.com\/de\/uber-uns\/der-aufsichtsrat\/#breadcrumb"},"inLanguage":"de-DE","potentialAction":[{"@type":"ReadAction","target":["https:\/\/www.hadleygroup.com\/de\/uber-uns\/der-aufsichtsrat\/"]}]},{"@type":"ImageObject","inLanguage":"de-DE","@id":"https:\/\/www.hadleygroup.com\/de\/uber-uns\/der-aufsichtsrat\/#primaryimage","url":"https:\/\/www.hadleygroup.com\/app\/uploads\/2022\/05\/Stewart-Towe_180302_083116-1024x683.jpg","contentUrl":"https:\/\/www.hadleygroup.com\/app\/uploads\/2022\/05\/Stewart-Towe_180302_083116-1024x683.jpg"},{"@type":"BreadcrumbList","@id":"https:\/\/www.hadleygroup.com\/de\/uber-uns\/der-aufsichtsrat\/#breadcrumb","itemListElement":[{"@type":"ListItem","position":1,"name":"Home","item":"https:\/\/www.hadleygroup.com\/de\/"},{"@type":"ListItem","position":2,"name":"\u00dcber uns","item":"https:\/\/www.hadleygroup.com\/de\/uber-uns\/"},{"@type":"ListItem","position":3,"name":"Der Aufsichtsrat"}]},{"@type":"WebSite","@id":"https:\/\/www.hadleygroup.com\/de\/#website","url":"https:\/\/www.hadleygroup.com\/de\/","name":"Hadley Group","description":"Shaping the Future in Metal","publisher":{"@id":"https:\/\/www.hadleygroup.com\/de\/#organization"},"potentialAction":[{"@type":"SearchAction","target":{"@type":"EntryPoint","urlTemplate":"https:\/\/www.hadleygroup.com\/de\/?s={search_term_string}"},"query-input":{"@type":"PropertyValueSpecification","valueRequired":true,"valueName":"search_term_string"}}],"inLanguage":"de-DE"},{"@type":"Organization","@id":"https:\/\/www.hadleygroup.com\/de\/#organization","name":"Hadley Group","url":"https:\/\/www.hadleygroup.com\/de\/","logo":{"@type":"ImageObject","inLanguage":"de-DE","@id":"https:\/\/www.hadleygroup.com\/de\/#\/schema\/logo\/image\/","url":"https:\/\/www.hadleygroup.com\/app\/uploads\/2023\/01\/Hadley-Group-logo.jpg","contentUrl":"https:\/\/www.hadleygroup.com\/app\/uploads\/2023\/01\/Hadley-Group-logo.jpg","width":1280,"height":300,"caption":"Hadley Group"},"image":{"@id":"https:\/\/www.hadleygroup.com\/de\/#\/schema\/logo\/image\/"},"sameAs":["https:\/\/www.facebook.com\/HadleyGroupGlobal","https:\/\/x.com\/hadley_group","https:\/\/www.youtube.com\/@HadleyGroupSmethwick","https:\/\/www.linkedin.com\/company\/hadley-group-\/"]}]}},"_links":{"self":[{"href":"https:\/\/www.hadleygroup.com\/de\/wp-json\/wp\/v2\/pages\/3698","targetHints":{"allow":["GET"]}}],"collection":[{"href":"https:\/\/www.hadleygroup.com\/de\/wp-json\/wp\/v2\/pages"}],"about":[{"href":"https:\/\/www.hadleygroup.com\/de\/wp-json\/wp\/v2\/types\/page"}],"author":[{"embeddable":true,"href":"https:\/\/www.hadleygroup.com\/de\/wp-json\/wp\/v2\/users\/3"}],"replies":[{"embeddable":true,"href":"https:\/\/www.hadleygroup.com\/de\/wp-json\/wp\/v2\/comments?post=3698"}],"version-history":[{"count":15,"href":"https:\/\/www.hadleygroup.com\/de\/wp-json\/wp\/v2\/pages\/3698\/revisions"}],"predecessor-version":[{"id":16211,"href":"https:\/\/www.hadleygroup.com\/de\/wp-json\/wp\/v2\/pages\/3698\/revisions\/16211"}],"up":[{"embeddable":true,"href":"https:\/\/www.hadleygroup.com\/de\/wp-json\/wp\/v2\/pages\/3315"}],"wp:attachment":[{"href":"https:\/\/www.hadleygroup.com\/de\/wp-json\/wp\/v2\/media?parent=3698"}],"wp:term":[{"taxonomy":"category","embeddable":true,"href":"https:\/\/www.hadleygroup.com\/de\/wp-json\/wp\/v2\/categories?post=3698"}],"curies":[{"name":"wp","href":"https:\/\/api.w.org\/{rel}","templated":true}]}}