{"id":3601,"date":"2022-04-02T16:02:21","date_gmt":"2022-04-02T16:02:21","guid":{"rendered":"https:\/\/www.hadleygroup.com\/uber-uns\/umwelt-und-nachhaltigkeit\/"},"modified":"2025-12-17T14:40:45","modified_gmt":"2025-12-17T14:40:45","slug":"umwelt-und-nachhaltigkeit","status":"publish","type":"page","link":"https:\/\/www.hadleygroup.com\/de\/umwelt-und-nachhaltigkeit\/","title":{"rendered":"Umwelt und Nachhaltigkeit"},"content":{"rendered":"<background-video inline-template :autoplay=\"true\" video=\"\"> \n<section class=\"wp-block-stradigi-gutenberg-hero g-hero container-fluid p-0 g-hero--has-overlay\" style=\"background-image:url(&quot;https:\/\/www.hadleygroup.com\/app\/uploads\/2022\/04\/DSC_1386.jpg&quot;)\" data-youtube-url=\"\"><div class=\"g-hero--filter\"><\/div><div class=\"g-hero__container container\"><div class=\"g-hero__wrap\"><h1 class=\"g-hero__heading\"><strong>Umwelt &amp; Nachhaltigkeit<\/strong><\/h1><div class=\"g-hero__body\"><div class=\"g-hero__body__text\"><p><\/p><\/div><div class=\"g-hero__body__buttons\"><\/div><\/div><\/div><\/div><\/section>\n <\/background-video>\n\n<div class=\"JB-1 h-section-background\">\n<section class=\"wp-block-stradigi-gutenberg-fixed-spacer g-spacer g-spacer--size-mittel g-spacer--size-medium\"><\/section>\n<\/div>\n\n<section class=\"JB-1 h-section-background g-text\"><div class=\"container\"><div class=\"row\"><div class=\"col-lg-8\"><div class=\"g-text__title\">\n<h4 class=\"wp-block-heading\" id=\"h-wir-bekennen-uns-zur-nachhaltigkeit-und-erkennen-deren-bedeutung-fur-unseren-anhaltenden-erfolg-an\"><strong>Wir bekennen uns zur Nachhaltigkeit und erkennen deren Bedeutung f\u00fcr unseren anhaltenden Erfolg an. <\/strong><\/h4>\n<\/div><\/div><\/div><\/div><\/section>\n\n<section class=\"JB-1 h-section-background g-text\"><div class=\"container\"><div class=\"row\"><div class=\"col-lg-8\"><div class=\"g-text__bodytext\">\n<p>Unser Ziel ist es, unsere Umweltverantwortung weiterzuentwickeln und durch verantwortungsvolle Arbeitspraktiken profitabel zu wachsen, w\u00e4hrend wir gleichzeitig unseren Ruf als faires, gerechtes und sozial verantwortliches Unternehmen wahren.<\/p>\n<\/div><\/div><\/div><\/div><\/section>\n\n<div class=\"JB-1 h-section-background\">\n<section class=\"wp-block-stradigi-gutenberg-cta-one g-cta-one\"><div class=\"container\"><div class=\"g-cta-one__row row\"><div class=\"col-sm-12 col-lg-8\"><h2 class=\"g-cta-one__title h-heading h-heading--size-24\"><\/h2><div class=\"g-cta-one__content\"><p><\/p><\/div><div class=\"g-cta-one__buttons\"><a href=\"https:\/\/www.hadleygroup.com\/app\/uploads\/2023\/07\/Hadley-Group-Sustainability-Vision.pdf\" class=\"g-cta-one__button-primary\">Nachhaltigkeitsvision der Hadley-Gruppe<i class=\"fas fa-sm fa-chevron-right\"><\/i><\/a><a href=\"https:\/\/www.hadleygroup.com\/app\/uploads\/2025\/12\/Hadley-Group-Sustainability-Report-2024-2025.pdf\" class=\"g-cta-one__button-secondary\" target=\"_blank\">Hadley Group Nachhaltigkeitsbericht 2024-2025<i class=\"fas fa-sm fa-chevron-right\"><\/i><\/a><\/div><\/div><\/div><\/div><\/section>\n<\/div>\n\n<div class=\"JB-1 h-section-background\">\n<section class=\"wp-block-stradigi-gutenberg-fixed-spacer g-spacer g-spacer--size-mittel g-spacer--size-medium\"><\/section>\n<\/div>\n\n<section class=\"JB-1 h-section-background g-text\"><div class=\"container\"><div class=\"row\"><div class=\"col-lg-8\"><div class=\"g-text__title\">\n<h6 class=\"wp-block-heading\" id=\"h-jahrlicher-bericht-uber-treibhausgasemissionen-ghg-upl\">J\u00c4HRLICHER BERICHT \u00dcBER TREIBHAUSGASEMISSIONEN (GHG) &#8211; UPL<\/h6>\n<\/div><\/div><\/div><\/div><\/section>\n\n<div class=\"JB-1 h-section-background\">\n<section class=\"wp-block-stradigi-gutenberg-text-cta g-text\"><div class=\"container\"><div class=\"row\"><div class=\"col-lg-8\"><div class=\"g-text__bodytext\"><p>Treibhausgasemissionen, die bei der Herstellung von kaltgewalzten Metallprodukten entstehen, in \u00dcbereinstimmung mit den Grunds\u00e4tzen der ISO 14064-1 &#8211; August 2025.<\/p><\/div><a href=\"https:\/\/www.hadleygroup.com\/app\/uploads\/2025\/09\/GHG-Emission-Report-24-25.pdf\" class=\"c-button g-text__button\">SIEHE JAHRESBERICHT \u00dcBER TREIBHAUSGASEMISSIONEN (GHG)<i class=\"fas fa-sm fa-chevron-right\"><\/i><\/a><\/div><\/div><\/div><\/section>\n<\/div>\n\n<div class=\"JB-1 h-section-background\">\n<section class=\"wp-block-stradigi-gutenberg-fixed-spacer g-spacer g-spacer--size-mittel g-spacer--size-medium\"><\/section>\n<\/div>\n\n<section class=\"JB-1 h-section-background g-text\"><div class=\"container\"><div class=\"row\"><div class=\"col-lg-8\"><div class=\"g-text__title\">\n<h6 class=\"wp-block-heading\" id=\"h-jahrlicher-bericht-uber-treibhausgasemissionen-ghg-bpd\">J\u00c4HRLICHER BERICHT \u00dcBER TREIBHAUSGASEMISSIONEN (GHG) &#8211; BPD<\/h6>\n<\/div><\/div><\/div><\/div><\/section>\n\n<div class=\"JB-1 h-section-background\">\n<section class=\"wp-block-stradigi-gutenberg-text-cta g-text\"><div class=\"container\"><div class=\"row\"><div class=\"col-lg-8\"><div class=\"g-text__bodytext\"><p>Treibhausgasemissionen, die bei der Herstellung von kaltgewalzten Metallprodukten entstehen, in \u00dcbereinstimmung mit den Grunds\u00e4tzen der ISO 14064-1 &#8211; September 2025.<\/p><\/div><a href=\"https:\/\/www.hadleygroup.com\/app\/uploads\/2025\/09\/BPD-GHG-Report-24-25-.pdf\" class=\"c-button g-text__button\">SIEHE JAHRESBERICHT \u00dcBER TREIBHAUSGASEMISSIONEN (GHG)<i class=\"fas fa-sm fa-chevron-right\"><\/i><\/a><\/div><\/div><\/div><\/section>\n<\/div>\n\n<div class=\"JB-1 h-section-background\">\n<section class=\"wp-block-stradigi-gutenberg-fixed-spacer g-spacer g-spacer--size-mittel g-spacer--size-medium\"><\/section>\n<\/div>\n\n<section class=\"JB-1 h-section-background g-text\"><div class=\"container\"><div class=\"row\"><div class=\"col-lg-8\"><div class=\"g-text__title\">\n<h6 class=\"wp-block-heading\" id=\"h-jahrlicher-umwelt-und-nachhaltigkeitsbericht-ultrasteel-products-limited\">J\u00c4HRLICHER UMWELT- UND NACHHALTIGKEITSBERICHT (ULTRASTEEL PRODUCTS LIMITED)<\/h6>\n<\/div><\/div><\/div><\/div><\/section>\n\n<div class=\"JB-1 h-section-background\">\n<section class=\"wp-block-stradigi-gutenberg-text-cta g-text\"><div class=\"container\"><div class=\"row\"><div class=\"col-lg-8\"><div class=\"g-text__bodytext\"><p>Die folgenden Zahlen zeigen die \u00f6kologischen und sozialen Leistungsdaten der Hadley Group (UltraSTEEL Products; UPL).<\/p><\/div><a href=\"https:\/\/www.hadleygroup.com\/app\/uploads\/2025\/09\/UPL-Sustainability-Report-24-25.pdf\" class=\"c-button g-text__button\">SIEHE NACHHALTIGKEITSBERICHT (ULTRASTEEL PRODUCTS LIMITED)<i class=\"fas fa-sm fa-chevron-right\"><\/i><\/a><\/div><\/div><\/div><\/section>\n<\/div>\n\n<div class=\"JB-1 h-section-background\">\n<section class=\"wp-block-stradigi-gutenberg-fixed-spacer g-spacer g-spacer--size-mittel g-spacer--size-medium\"><\/section>\n<\/div>\n\n<section class=\"JB-1 h-section-background g-text\"><div class=\"container\"><div class=\"row\"><div class=\"col-lg-8\"><div class=\"g-text__title\">\n<h6 class=\"wp-block-heading\" id=\"h-jahrlicher-umwelt-und-nachhaltigkeitsbericht-sparte-bauprodukte\">J\u00c4HRLICHER UMWELT- UND NACHHALTIGKEITSBERICHT (SPARTE BAUPRODUKTE)<\/h6>\n<\/div><\/div><\/div><\/div><\/section>\n\n<div class=\"JB-1 h-section-background\">\n<section class=\"wp-block-stradigi-gutenberg-text-cta g-text\"><div class=\"container\"><div class=\"row\"><div class=\"col-lg-8\"><div class=\"g-text__bodytext\"><p>Die folgenden Abbildungen zeigen die \u00f6kologischen und sozialen Leistungsdaten der Hadley Group (Building Products Division; BPD).<\/p><\/div><a href=\"https:\/\/www.hadleygroup.com\/app\/uploads\/2025\/09\/BPD-Annual-Sustainability-Report-24-25.pdf\" class=\"c-button g-text__button\">SIEHE NACHHALTIGKEITSBERICHT (PRODUKTBEREICH)<i class=\"fas fa-sm fa-chevron-right\"><\/i><\/a><\/div><\/div><\/div><\/section>\n<\/div>\n\n<div class=\"JB-1 h-section-background\">\n<section class=\"wp-block-stradigi-gutenberg-fixed-spacer g-spacer g-spacer--size-mittel g-spacer--size-medium\"><\/section>\n<\/div>\n\n<section class=\"JB-1 h-section-background g-text\"><div class=\"container\"><div class=\"row\"><div class=\"col-lg-8\"><div class=\"g-text__title\">\n<h6 class=\"wp-block-heading\" id=\"h-bes-6001-verantwortungsvolle-beschaffung-von-produkten-ultrasteel-products-limited\">BES 6001 \u2013 VERANTWORTUNGSVOLLE BESCHAFFUNG VON PRODUKTEN (ULTRASTEEL PRODUCTS LIMITED)<\/h6>\n<\/div><\/div><\/div><\/div><\/section>\n\n<div class=\"JB-1 h-section-background\">\n<section class=\"wp-block-stradigi-gutenberg-text-cta g-text\"><div class=\"container\"><div class=\"row\"><div class=\"col-lg-8\"><div class=\"g-text__bodytext\"><p>Im Folgenden wird die Einhaltung der Anforderungen von BES 6001: Ausgabe 3.1 &#8211; Rahmenstandard f\u00fcr die verantwortungsvolle Beschaffung von Bauprodukten (Business Products Division; BPD) f\u00fcr den Zeitraum vom 1. November 2023 bis zum 31. Oktober 2026 best\u00e4tigt.<\/p><\/div><a href=\"https:\/\/www.hadleygroup.com\/app\/uploads\/2023\/11\/BES-6001-Cert-UPL.pdf\" class=\"c-button g-text__button\">SIEHE BES 6001 ZERTIFIKAT (ULTRASTEEL PRODUCTS LIMITED)<i class=\"fas fa-sm fa-chevron-right\"><\/i><\/a><\/div><\/div><\/div><\/section>\n<\/div>\n\n<div class=\"JB-1 h-section-background\">\n<section class=\"wp-block-stradigi-gutenberg-fixed-spacer g-spacer g-spacer--size-mittel g-spacer--size-medium\"><\/section>\n<\/div>\n\n<section class=\"JB-1 h-section-background g-text\"><div class=\"container\"><div class=\"row\"><div class=\"col-lg-8\"><div class=\"g-text__title\">\n<h6 class=\"wp-block-heading\" id=\"h-bes-6001-verantwortungsvolle-beschaffung-von-produkten-abteilung-gebaudeprodukte\">BES 6001 \u2013 VERANTWORTUNGSVOLLE BESCHAFFUNG VON PRODUKTEN (ABTEILUNG GEB\u00c4UDEPRODUKTE)<\/h6>\n<\/div><\/div><\/div><\/div><\/section>\n\n<div class=\"JB-1 h-section-background\">\n<section class=\"wp-block-stradigi-gutenberg-text-cta g-text\"><div class=\"container\"><div class=\"row\"><div class=\"col-lg-8\"><div class=\"g-text__bodytext\"><p>Das Folgende bescheinigt die Einhaltung der Anforderungen von BES 6001: Issue 3.1 &#8211; Framework Standard for the Responsible Sourcing of Construction Products (Business Products Division; BPD) f\u00fcr den Zeitraum 17. Februar 2022 bis 16. Februar 2025.<\/p><\/div><a href=\"https:\/\/www.hadleygroup.com\/app\/uploads\/2025\/02\/BES-6001-Cert-BPD.pdf\" class=\"c-button g-text__button\">SIEHE BES 6001 (PRODUKTABTEILUNG)<i class=\"fas fa-sm fa-chevron-right\"><\/i><\/a><\/div><\/div><\/div><\/section>\n<\/div>\n\n<div class=\"JB-1 h-section-background\">\n<section class=\"wp-block-stradigi-gutenberg-fixed-spacer g-spacer g-spacer--size-mittel g-spacer--size-medium\"><\/section>\n<\/div>\n\n<section class=\"JB-1 h-section-background g-text\"><div class=\"container\"><div class=\"row\"><div class=\"col-lg-8\"><div class=\"g-text__title\">\n<h6 class=\"wp-block-heading\" id=\"h-umweltmanagementsystem-sparte-bauprodukte\">UMWELTMANAGEMENTSYSTEM (SPARTE BAUPRODUKTE)<\/h6>\n<\/div><\/div><\/div><\/div><\/section>\n\n<div class=\"JB-1 h-section-background\">\n<section class=\"wp-block-stradigi-gutenberg-text-cta g-text\"><div class=\"container\"><div class=\"row\"><div class=\"col-lg-8\"><div class=\"g-text__bodytext\"><p>Im Folgenden wird dargelegt, dass wir ein Umweltmanagementsystem betreiben, das die Anforderungen der ISO 14001:2015 f\u00fcr den Zeitraum vom 20. November 2021 bis zum 19. November 2027 erf\u00fcllt.<\/p><\/div><a href=\"https:\/\/www.hadleygroup.com\/app\/uploads\/2024\/11\/EMS-584573-001.pdf\" class=\"c-button g-text__button\">UMWELTMANAGEMENTSYSTEM ZERTIFIKAT<i class=\"fas fa-sm fa-chevron-right\"><\/i><\/a><\/div><\/div><\/div><\/section>\n<\/div>\n\n<div class=\"JB-1 h-section-background\">\n<section class=\"wp-block-stradigi-gutenberg-fixed-spacer g-spacer g-spacer--size-mittel g-spacer--size-medium\"><\/section>\n<\/div>\n\n<section class=\"JB-1 h-section-background g-text\"><div class=\"container\"><div class=\"row\"><div class=\"col-lg-8\"><div class=\"g-text__title\">\n<h6 class=\"wp-block-heading\" id=\"h-daten-zur-umwelt-und-sozialleistung-der-hadley-group-crd-ds-fur-den-zeitraum-vom-1-mai-2023-bis-zum-30-april-2024\">Daten zur Umwelt- und Sozialleistung der Hadley Group \u2013 CRD-DS f\u00fcr den Zeitraum vom 1. Mai 2023 bis zum 30. April 2024.<\/h6>\n<\/div><\/div><\/div><\/div><\/section>\n\n<div class=\"JB-1 h-section-background\">\n<section class=\"wp-block-stradigi-gutenberg-text-cta g-text\"><div class=\"container\"><div class=\"row\"><div class=\"col-lg-8\"><div class=\"g-text__bodytext\"><p><\/p><\/div><a href=\"https:\/\/www.hadleygroup.com\/app\/uploads\/2025\/03\/CRD-DS-Annual-Sustainability-Report-2023-24.pdf\" class=\"c-button g-text__button\">Kundenspezifischer Rollform-Nachhaltigkeitsbericht<i class=\"fas fa-sm fa-chevron-right\"><\/i><\/a><\/div><\/div><\/div><\/section>\n<\/div>\n\n<div class=\"JB-1 h-section-background\">\n<section class=\"wp-block-stradigi-gutenberg-fixed-spacer g-spacer g-spacer--size-mittel g-spacer--size-medium\"><\/section>\n<\/div>\n\n<section class=\"JB-1 h-section-background g-text\"><div class=\"container\"><div class=\"row\"><div class=\"col-lg-8\"><div class=\"g-text__title\">\n<h6 class=\"wp-block-heading\" id=\"h-nachhaltigkeit-im-stahlbau\">NACHHALTIGKEIT IM STAHLBAU<\/h6>\n<\/div><\/div><\/div><\/div><\/section>\n\n<section class=\"JB-1 h-section-background g-text\"><div class=\"container\"><div class=\"row\"><div class=\"col-lg-8\"><div class=\"g-text__bodytext\">\n<p>Unsere Sparte Bauprodukte hat die Auszeichnung \u201eNachhaltigkeit im Stahlbau\u201c erhalten.<\/p>\n<\/div><\/div><\/div><\/div><\/section>\n\n<div class=\"JB-1 h-section-background\">\n<section class=\"wp-block-stradigi-gutenberg-fixed-spacer g-spacer g-spacer--size-klein g-spacer--size-small\"><\/section>\n<\/div>\n\n<section class=\"JB-1 h-section-background g-text\"><div class=\"container\"><div class=\"row\"><div class=\"col-lg-8\"><div class=\"g-text__title\">\n<h6 class=\"wp-block-heading\" id=\"h-zero-carbon-city\">ZERO CARBON CITY<\/h6>\n<\/div><\/div><\/div><\/div><\/section>\n\n<section class=\"JB-1 h-section-background g-text\"><div class=\"container\"><div class=\"row\"><div class=\"col-lg-8\"><div class=\"g-text__bodytext\">\n<p>Eine Auswahl von Stahlprofilen der Hadley Group wurde vom Entwicklungsteam f\u00fcr den Bau des weltweit ersten kohlenstofffreien Stadtunternehmens Masdar City in Abu Dhabi zugelassen und ausgew\u00e4hlt.<\/p>\n<\/div><\/div><\/div><\/div><\/section>\n\n<div class=\"JB-1 h-section-background\">\n<section class=\"wp-block-stradigi-gutenberg-fixed-spacer g-spacer g-spacer--size-klein g-spacer--size-small\"><\/section>\n<\/div>\n\n<section class=\"JB-1 h-section-background g-text\"><div class=\"container\"><div class=\"row\"><div class=\"col-lg-8\"><div class=\"g-text__title\">\n<h6 class=\"wp-block-heading\" id=\"h-gruner-durch-design\">GR\u00dcNER DURCH DESIGN<\/h6>\n<\/div><\/div><\/div><\/div><\/section>\n\n<section class=\"JB-1 h-section-background g-text\"><div class=\"container\"><div class=\"row\"><div class=\"col-lg-8\"><div class=\"g-text__bodytext\">\n<p>Unser patentiertes <a href=\"https:\/\/www.hadleygroup.com\/de\/rollformen-nach-mass\/ultrasteel\/\" target=\"_blank\" rel=\"noreferrer noopener\">UltraSTEEL<sup>\u00ae<\/sup><\/a> -Verfahren \u2013 Gewinner des Queen&#8217;s Award for Enterprise Innovation \u2013 erm\u00f6glicht es uns, hocheffiziente Produktdesigns zu entwickeln, die eine bessere Leistung erbringen und gleichzeitig weniger Metall verbrauchen. Diese Gewichtsreduzierung verringert auch die Umweltauswirkungen des Transports. Das UltraSTEEL<sup>\u00ae<\/sup> -Verfahren kann auch auf recyceltes Metall angewendet werden.<\/p>\n<\/div><\/div><\/div><\/div><\/section>\n\n<div class=\"JB-1 h-section-background\">\n<section class=\"wp-block-stradigi-gutenberg-fixed-spacer g-spacer g-spacer--size-klein g-spacer--size-small\"><\/section>\n<\/div>\n\n<section class=\"JB-1 h-section-background g-text\"><div class=\"container\"><div class=\"row\"><div class=\"col-lg-8\"><div class=\"g-text__title\">\n<h6 class=\"wp-block-heading\" id=\"h-nahversorgung\">NAHVERSORGUNG<\/h6>\n<\/div><\/div><\/div><\/div><\/section>\n\n<section class=\"JB-1 h-section-background g-text\"><div class=\"container\"><div class=\"row\"><div class=\"col-lg-8\"><div class=\"g-text__bodytext\">\n<p>Als globaler Hersteller sind wir in der Lage, lokale Lieferungen anzubieten und Kunden dabei zu helfen, ihren CO2-Fu\u00dfabdruck und die Umweltauswirkungen von Bauprojekten zu reduzieren.<\/p>\n<\/div><\/div><\/div><\/div><\/section>\n\n<div class=\"JB-1 h-section-background\">\n<section class=\"wp-block-stradigi-gutenberg-fixed-spacer g-spacer g-spacer--size-klein g-spacer--size-small\"><\/section>\n<\/div>\n\n<div class=\"JB-1 h-section-background\">\n<section class=\"wp-block-stradigi-gutenberg-cta-one g-cta-one\"><div class=\"container\"><div class=\"g-cta-one__row row\"><div class=\"col-sm-12 col-lg-8\"><h2 class=\"g-cta-one__title h-heading h-heading--size-undefined\">Hast du eine Frage?<\/h2><div class=\"g-cta-one__content\"><p><\/p><\/div><div class=\"g-cta-one__buttons\"><a href=\"https:\/\/www.hadleygroup.com\/de\/kontakt\/\" class=\"g-cta-one__button-primary\">Kontaktieren Sie uns<i class=\"fas fa-sm fa-chevron-right\"><\/i><\/a><a href=\"https:\/\/www.hadleygroup.com\/frequently-asked-questions\/\" class=\"g-cta-one__button-secondary\">Siehe unsere FAQs<i class=\"fas fa-sm fa-chevron-right\"><\/i><\/a><\/div><\/div><\/div><\/div><\/section>\n<\/div>\n\n<div class=\"JB-1 h-section-background\">\n<section class=\"wp-block-stradigi-gutenberg-fixed-spacer g-spacer g-spacer--size-gro\u00df g-spacer--size-large\"><\/section>\n<\/div>","protected":false},"excerpt":{"rendered":"<p>Wir bekennen uns zur Nachhaltigkeit und erkennen deren Bedeutung f\u00fcr unseren anhaltenden Erfolg an. Unser Ziel ist es, unsere Umweltverantwortung\u2026 <a href=\"https:\/\/www.hadleygroup.com\/de\/umwelt-und-nachhaltigkeit\/\">&#8230;<\/a><\/p>\n","protected":false},"author":3,"featured_media":0,"parent":0,"menu_order":0,"comment_status":"closed","ping_status":"closed","template":"","meta":{"_acf_changed":false,"footnotes":""},"categories":[123],"class_list":["post-3601","page","type-page","status-publish","hentry","category-uber-uns"],"acf":[],"yoast_head":"<!-- This site is optimized with the Yoast SEO Premium plugin v25.1 (Yoast SEO v26.3) - https:\/\/yoast.com\/wordpress\/plugins\/seo\/ -->\n<title>Umwelt und Nachhaltigkeit - Hadley Group<\/title>\n<meta name=\"description\" content=\"Wir bekennen uns zur Nachhaltigkeit, erkennen ihre Bedeutung an und wollen durch verantwortungsvolles Arbeiten profitabel wachsen.\" \/>\n<meta name=\"robots\" content=\"index, follow, max-snippet:-1, max-image-preview:large, max-video-preview:-1\" \/>\n<link rel=\"canonical\" href=\"https:\/\/www.hadleygroup.com\/de\/umwelt-und-nachhaltigkeit\/\" \/>\n<meta property=\"og:locale\" content=\"de_DE\" \/>\n<meta property=\"og:type\" content=\"article\" \/>\n<meta property=\"og:title\" content=\"Umwelt und Nachhaltigkeit\" \/>\n<meta property=\"og:description\" content=\"Wir bekennen uns zur Nachhaltigkeit, erkennen ihre Bedeutung an und wollen durch verantwortungsvolles Arbeiten profitabel wachsen.\" \/>\n<meta property=\"og:url\" content=\"https:\/\/www.hadleygroup.com\/de\/umwelt-und-nachhaltigkeit\/\" \/>\n<meta property=\"og:site_name\" content=\"Hadley Group\" \/>\n<meta property=\"article:publisher\" content=\"https:\/\/www.facebook.com\/HadleyGroupGlobal\" \/>\n<meta property=\"article:modified_time\" content=\"2025-12-17T14:40:45+00:00\" \/>\n<meta property=\"og:image\" content=\"https:\/\/www.hadleygroup.com\/app\/uploads\/2023\/01\/Hadley-Group-logo.jpg\" \/>\n\t<meta property=\"og:image:width\" content=\"1280\" \/>\n\t<meta property=\"og:image:height\" content=\"300\" \/>\n\t<meta property=\"og:image:type\" content=\"image\/jpeg\" \/>\n<meta name=\"twitter:card\" content=\"summary_large_image\" \/>\n<meta name=\"twitter:site\" content=\"@hadley_group\" \/>\n<meta name=\"twitter:label1\" content=\"Est. reading time\" \/>\n\t<meta name=\"twitter:data1\" content=\"2 minutes\" \/>\n<script type=\"application\/ld+json\" class=\"yoast-schema-graph\">{\"@context\":\"https:\/\/schema.org\",\"@graph\":[{\"@type\":\"WebPage\",\"@id\":\"https:\/\/www.hadleygroup.com\/de\/umwelt-und-nachhaltigkeit\/\",\"url\":\"https:\/\/www.hadleygroup.com\/de\/umwelt-und-nachhaltigkeit\/\",\"name\":\"Umwelt und Nachhaltigkeit - Hadley Group\",\"isPartOf\":{\"@id\":\"https:\/\/www.hadleygroup.com\/de\/#website\"},\"datePublished\":\"2022-04-02T16:02:21+00:00\",\"dateModified\":\"2025-12-17T14:40:45+00:00\",\"description\":\"Wir bekennen uns zur Nachhaltigkeit, erkennen ihre Bedeutung an und wollen durch verantwortungsvolles Arbeiten profitabel wachsen.\",\"breadcrumb\":{\"@id\":\"https:\/\/www.hadleygroup.com\/de\/umwelt-und-nachhaltigkeit\/#breadcrumb\"},\"inLanguage\":\"de-DE\",\"potentialAction\":[{\"@type\":\"ReadAction\",\"target\":[\"https:\/\/www.hadleygroup.com\/de\/umwelt-und-nachhaltigkeit\/\"]}]},{\"@type\":\"BreadcrumbList\",\"@id\":\"https:\/\/www.hadleygroup.com\/de\/umwelt-und-nachhaltigkeit\/#breadcrumb\",\"itemListElement\":[{\"@type\":\"ListItem\",\"position\":1,\"name\":\"Home\",\"item\":\"https:\/\/www.hadleygroup.com\/de\/\"},{\"@type\":\"ListItem\",\"position\":2,\"name\":\"Umwelt und Nachhaltigkeit\"}]},{\"@type\":\"WebSite\",\"@id\":\"https:\/\/www.hadleygroup.com\/de\/#website\",\"url\":\"https:\/\/www.hadleygroup.com\/de\/\",\"name\":\"Hadley Group\",\"description\":\"Shaping the Future in Metal\",\"publisher\":{\"@id\":\"https:\/\/www.hadleygroup.com\/de\/#organization\"},\"potentialAction\":[{\"@type\":\"SearchAction\",\"target\":{\"@type\":\"EntryPoint\",\"urlTemplate\":\"https:\/\/www.hadleygroup.com\/de\/?s={search_term_string}\"},\"query-input\":{\"@type\":\"PropertyValueSpecification\",\"valueRequired\":true,\"valueName\":\"search_term_string\"}}],\"inLanguage\":\"de-DE\"},{\"@type\":\"Organization\",\"@id\":\"https:\/\/www.hadleygroup.com\/de\/#organization\",\"name\":\"Hadley Group\",\"url\":\"https:\/\/www.hadleygroup.com\/de\/\",\"logo\":{\"@type\":\"ImageObject\",\"inLanguage\":\"de-DE\",\"@id\":\"https:\/\/www.hadleygroup.com\/de\/#\/schema\/logo\/image\/\",\"url\":\"https:\/\/www.hadleygroup.com\/app\/uploads\/2023\/01\/Hadley-Group-logo.jpg\",\"contentUrl\":\"https:\/\/www.hadleygroup.com\/app\/uploads\/2023\/01\/Hadley-Group-logo.jpg\",\"width\":1280,\"height\":300,\"caption\":\"Hadley Group\"},\"image\":{\"@id\":\"https:\/\/www.hadleygroup.com\/de\/#\/schema\/logo\/image\/\"},\"sameAs\":[\"https:\/\/www.facebook.com\/HadleyGroupGlobal\",\"https:\/\/x.com\/hadley_group\",\"https:\/\/www.youtube.com\/@HadleyGroupSmethwick\",\"https:\/\/www.linkedin.com\/company\/hadley-group-\/\"]}]}<\/script>\n<!-- \/ Yoast SEO Premium plugin. -->","yoast_head_json":{"title":"Umwelt und Nachhaltigkeit - Hadley Group","description":"Wir bekennen uns zur Nachhaltigkeit, erkennen ihre Bedeutung an und wollen durch verantwortungsvolles Arbeiten profitabel wachsen.","robots":{"index":"index","follow":"follow","max-snippet":"max-snippet:-1","max-image-preview":"max-image-preview:large","max-video-preview":"max-video-preview:-1"},"canonical":"https:\/\/www.hadleygroup.com\/de\/umwelt-und-nachhaltigkeit\/","og_locale":"de_DE","og_type":"article","og_title":"Umwelt und Nachhaltigkeit","og_description":"Wir bekennen uns zur Nachhaltigkeit, erkennen ihre Bedeutung an und wollen durch verantwortungsvolles Arbeiten profitabel wachsen.","og_url":"https:\/\/www.hadleygroup.com\/de\/umwelt-und-nachhaltigkeit\/","og_site_name":"Hadley Group","article_publisher":"https:\/\/www.facebook.com\/HadleyGroupGlobal","article_modified_time":"2025-12-17T14:40:45+00:00","og_image":[{"width":1280,"height":300,"url":"https:\/\/www.hadleygroup.com\/app\/uploads\/2023\/01\/Hadley-Group-logo.jpg","type":"image\/jpeg"}],"twitter_card":"summary_large_image","twitter_site":"@hadley_group","twitter_misc":{"Est. reading time":"2 minutes"},"schema":{"@context":"https:\/\/schema.org","@graph":[{"@type":"WebPage","@id":"https:\/\/www.hadleygroup.com\/de\/umwelt-und-nachhaltigkeit\/","url":"https:\/\/www.hadleygroup.com\/de\/umwelt-und-nachhaltigkeit\/","name":"Umwelt und Nachhaltigkeit - Hadley Group","isPartOf":{"@id":"https:\/\/www.hadleygroup.com\/de\/#website"},"datePublished":"2022-04-02T16:02:21+00:00","dateModified":"2025-12-17T14:40:45+00:00","description":"Wir bekennen uns zur Nachhaltigkeit, erkennen ihre Bedeutung an und wollen durch verantwortungsvolles Arbeiten profitabel wachsen.","breadcrumb":{"@id":"https:\/\/www.hadleygroup.com\/de\/umwelt-und-nachhaltigkeit\/#breadcrumb"},"inLanguage":"de-DE","potentialAction":[{"@type":"ReadAction","target":["https:\/\/www.hadleygroup.com\/de\/umwelt-und-nachhaltigkeit\/"]}]},{"@type":"BreadcrumbList","@id":"https:\/\/www.hadleygroup.com\/de\/umwelt-und-nachhaltigkeit\/#breadcrumb","itemListElement":[{"@type":"ListItem","position":1,"name":"Home","item":"https:\/\/www.hadleygroup.com\/de\/"},{"@type":"ListItem","position":2,"name":"Umwelt und Nachhaltigkeit"}]},{"@type":"WebSite","@id":"https:\/\/www.hadleygroup.com\/de\/#website","url":"https:\/\/www.hadleygroup.com\/de\/","name":"Hadley Group","description":"Shaping the Future in Metal","publisher":{"@id":"https:\/\/www.hadleygroup.com\/de\/#organization"},"potentialAction":[{"@type":"SearchAction","target":{"@type":"EntryPoint","urlTemplate":"https:\/\/www.hadleygroup.com\/de\/?s={search_term_string}"},"query-input":{"@type":"PropertyValueSpecification","valueRequired":true,"valueName":"search_term_string"}}],"inLanguage":"de-DE"},{"@type":"Organization","@id":"https:\/\/www.hadleygroup.com\/de\/#organization","name":"Hadley Group","url":"https:\/\/www.hadleygroup.com\/de\/","logo":{"@type":"ImageObject","inLanguage":"de-DE","@id":"https:\/\/www.hadleygroup.com\/de\/#\/schema\/logo\/image\/","url":"https:\/\/www.hadleygroup.com\/app\/uploads\/2023\/01\/Hadley-Group-logo.jpg","contentUrl":"https:\/\/www.hadleygroup.com\/app\/uploads\/2023\/01\/Hadley-Group-logo.jpg","width":1280,"height":300,"caption":"Hadley Group"},"image":{"@id":"https:\/\/www.hadleygroup.com\/de\/#\/schema\/logo\/image\/"},"sameAs":["https:\/\/www.facebook.com\/HadleyGroupGlobal","https:\/\/x.com\/hadley_group","https:\/\/www.youtube.com\/@HadleyGroupSmethwick","https:\/\/www.linkedin.com\/company\/hadley-group-\/"]}]}},"_links":{"self":[{"href":"https:\/\/www.hadleygroup.com\/de\/wp-json\/wp\/v2\/pages\/3601","targetHints":{"allow":["GET"]}}],"collection":[{"href":"https:\/\/www.hadleygroup.com\/de\/wp-json\/wp\/v2\/pages"}],"about":[{"href":"https:\/\/www.hadleygroup.com\/de\/wp-json\/wp\/v2\/types\/page"}],"author":[{"embeddable":true,"href":"https:\/\/www.hadleygroup.com\/de\/wp-json\/wp\/v2\/users\/3"}],"replies":[{"embeddable":true,"href":"https:\/\/www.hadleygroup.com\/de\/wp-json\/wp\/v2\/comments?post=3601"}],"version-history":[{"count":19,"href":"https:\/\/www.hadleygroup.com\/de\/wp-json\/wp\/v2\/pages\/3601\/revisions"}],"predecessor-version":[{"id":17117,"href":"https:\/\/www.hadleygroup.com\/de\/wp-json\/wp\/v2\/pages\/3601\/revisions\/17117"}],"wp:attachment":[{"href":"https:\/\/www.hadleygroup.com\/de\/wp-json\/wp\/v2\/media?parent=3601"}],"wp:term":[{"taxonomy":"category","embeddable":true,"href":"https:\/\/www.hadleygroup.com\/de\/wp-json\/wp\/v2\/categories?post=3601"}],"curies":[{"name":"wp","href":"https:\/\/api.w.org\/{rel}","templated":true}]}}