{"id":3573,"date":"2022-05-11T11:55:44","date_gmt":"2022-05-11T11:55:44","guid":{"rendered":"https:\/\/www.hadleygroup.com\/karriere\/"},"modified":"2025-09-08T09:16:13","modified_gmt":"2025-09-08T09:16:13","slug":"karriere","status":"publish","type":"page","link":"https:\/\/www.hadleygroup.com\/de\/karriere\/","title":{"rendered":"Karriere"},"content":{"rendered":"<background-video inline-template :autoplay=\"true\" video=\"\"> \n<section class=\"wp-block-stradigi-gutenberg-hero g-hero container-fluid p-0 g-hero--has-overlay\" style=\"background-image:url(&quot;https:\/\/www.hadleygroup.com\/app\/uploads\/2022\/04\/DSC_0841.b.jpg&quot;)\" data-youtube-url=\"\"><div class=\"g-hero--filter\"><\/div><div class=\"g-hero__container container\"><div class=\"g-hero__wrap\"><h1 class=\"g-hero__heading\">Careers at Hadley<\/h1><div class=\"g-hero__body\"><div class=\"g-hero__body__text\"><p><\/p><\/div><div class=\"g-hero__body__buttons\"><a href=\"https:\/\/www.hadleygroup.com\/vacancies\/\" class=\"c-button\">See our vacancies<i class=\"fas fa-sm fa-chevron-right\"><\/i><\/a><a href=\"mailto:recruitment@hadleygroup.com\" class=\"c-button\">email recruitment<i class=\"fas fa-sm fa-chevron-right\"><\/i><\/a><\/div><\/div><\/div><\/div><\/section>\n <\/background-video><div class=\"JB h-section-background h-section-background--is-light\">\n<section class=\"wp-block-stradigi-gutenberg-fixed-spacer g-spacer g-spacer--size-medium\"><\/section>\n<\/div><div class=\"JB h-section-background h-section-background--is-light\">\n<section class=\"wp-block-stradigi-gutenberg-subtitle g-text g-text--text-aligns-left\"><div class=\"container\"><div class=\"row\"><div class=\"col-md-10 col-lg-8\"><div class=\"g-text__subtitle\">We place tremendous value on the quality of our recruitment and training programmes and are constantly on the look out for talented, committed people to join our award-winning team and make a real contribution to our exciting and ambitious plans for growth.<br><br><\/div><\/div><\/div><\/div><\/section>\n<\/div><div class=\"JB h-section-background h-section-background--is-light\">\n<section class=\"g-icon-cards\"><div class=\"wp-block-stradigi-gutenberg-icon-cards container\"><div class=\"row\"><div class=\"col-md-6 col-lg-4\"><div class=\"g-icon-cards__item\"><div class=\"g-icon-cards__icon\"><img decoding=\"async\" src=\"https:\/\/www.hadleygroup.com\/app\/uploads\/2024\/05\/invest-in-people-silver-R.png\" alt=\"\"><\/div><\/div><\/div><div class=\"col-md-6 col-lg-4\"><div class=\"g-icon-cards__item\"><div class=\"g-icon-cards__icon\"><img decoding=\"async\" src=\"https:\/\/www.hadleygroup.com\/app\/uploads\/2024\/05\/ICE-AE.png\" alt=\"\"><\/div><\/div><\/div><div class=\"col-md-6 col-lg-4\"><div class=\"g-icon-cards__item\"><div class=\"g-icon-cards__icon\"><img decoding=\"async\" src=\"https:\/\/www.hadleygroup.com\/app\/uploads\/2024\/10\/Gold_We-are-are-excellent-employer.png\" alt=\"\"><\/div><\/div><\/div><\/div><\/div><\/section>\n<\/div><div class=\"JB-1 h-section-background\">\n<section class=\"wp-block-stradigi-gutenberg-fixed-spacer g-spacer g-spacer--size-undefined\"><\/section>\n<\/div><div class=\"JB-1 h-section-background\">\n<section class=\"wp-block-stradigi-gutenberg-double-sidenote g-sidenote\"><div class=\"container\"><div class=\"g-sidenote__row row\"><div class=\"col-lg-8\"><h2 class=\"g-sidenote__title h-heading h-heading--size-undefined\">About Hadley Group<\/h2><div class=\"g-sidenote__bodytext\"><\/div><\/div><\/div><div class=\"g-sidenote__row row\"><article class=\"col-lg-6\"><div class=\"g-sidenote__sidenote\" style=\"background-image:url(&quot;https:\/\/www.hadleygroup.com\/app\/uploads\/2022\/04\/DSC_1033-681x1024.jpg&quot;)\"><h3 class=\"g-sidenote__sidenote-subtitle\">VACANCIES<\/h3><div class=\"g-sidenote__sidenote-content\"><p>Have a look through our current vacancies <\/p><\/div><a href=\"https:\/\/www.hadleygroup.com\/vacancies\/\" class=\"c-button g-sidenote__sidenote-cta\">Vacancies<i class=\"fas fa-sm fa-chevron-right\"><\/i><\/a><\/div><\/article><article class=\"col-lg-6\"><div class=\"g-sidenote__sidenote\" style=\"background-image:url(&quot;https:\/\/www.hadleygroup.com\/app\/uploads\/2022\/04\/DSC_0996-1024x681.jpg&quot;)\"><h3 class=\"g-sidenote__sidenote-subtitle\">LOCATIONS<\/h3><div class=\"g-sidenote__sidenote-content\"><p>Take a look at our locations around the world<\/p><\/div><a href=\"https:\/\/www.hadleygroup.com\/de\/uber-uns\/standorte-vertrieb\/\" class=\"c-button g-sidenote__sidenote-cta\">Locations<i class=\"fas fa-sm fa-chevron-right\"><\/i><\/a><\/div><\/article><\/div><\/div><\/section>\n<\/div><section class=\"JB-1 h-section-background g-text\"><div class=\"container\"><div class=\"row\"><div class=\"col-lg-8\"><div class=\"g-text__bodytext\">\n<p>Unsere Position als weltweit f\u00fchrendes Unternehmen in der Herstellung von kaltgewalztem Stahl ist das Ergebnis von Innovation, technischer Exzellenz, Leidenschaft, Engagement und den F\u00e4higkeiten unserer internationalen Belegschaft.<\/p>\n<\/div><\/div><\/div><\/div><\/section><section class=\"JB-1 h-section-background g-text\"><div class=\"container\"><div class=\"row\"><div class=\"col-lg-8\"><div class=\"g-text__bodytext\">\n<p>Im Mittelpunkt unseres Gesch\u00e4fts stehen 5 Grundwerte:<\/p>\n<\/div><\/div><\/div><\/div><\/section><section class=\"JB-1 h-section-background g-text\"><div class=\"container\"><div class=\"row\"><div class=\"col-lg-8\"><div class=\"g-text__bodytext\">\n<ul class=\"wp-block-list\">\n<li>Leidenschaft<\/li>\n\n\n\n<li>Respekt<\/li>\n\n\n\n<li>Innovation<\/li>\n\n\n\n<li>Sorgfalt<\/li>\n\n\n\n<li>Vorz\u00fcglichkeit<\/li>\n<\/ul>\n<\/div><\/div><\/div><\/div><\/section><section class=\"JB-1 h-section-background g-text\"><div class=\"container\"><div class=\"row\"><div class=\"col-lg-8\"><div class=\"g-text__bodytext\">\n<p>Diese Werte untermauern, wie wir mit unseren Teams, Kunden, Lieferanten und allen anderen Interessengruppen zusammenarbeiten. Sie unterst\u00fctzen die Vision der Hadley Group, indem sie dazu beitragen, unsere Unternehmensethik und die Art und Weise, wie wir mit unseren Mitarbeitern, Lieferanten und Kunden zusammenarbeiten, zu demonstrieren.<\/p>\n<\/div><\/div><\/div><\/div><\/section><section class=\"JB-1 h-section-background g-text\"><div class=\"container\"><div class=\"row\"><div class=\"col-lg-8\"><div class=\"g-text__bodytext\">\n<p>Eine Karriere bei der Hadley Group kann viele Formen annehmen \u2013 Design, Produktion, Verwaltung, Management \u2013 aber es gibt einen roten Faden, der alle verbindet \u2013 unsere Werte. Wir setzen uns leidenschaftlich daf\u00fcr ein, erfolgreich zu sein, Innovationen voranzutreiben und lohnende, langfristige Karrieren aufzubauen und streben nach Exzellenz in allen Aspekten des Unternehmens. Wir erwarten 100 % von unseren Mitarbeitern, glauben aber auch daran, genauso viel zur\u00fcckzugeben.<\/p>\n<\/div><\/div><\/div><\/div><\/section><section class=\"JB-1 h-section-background g-text\"><div class=\"container\"><div class=\"row\"><div class=\"col-lg-8\"><div class=\"g-text__bodytext\">\n<p>Die Arbeit bei der Hadley Group bietet Ihnen eine inspirierende, freundliche und engagierte Gruppe von Menschen, mit denen Sie in einer Kultur zusammenarbeiten k\u00f6nnen, die Talente f\u00f6rdert, Ideen f\u00f6rdert, neue Perspektiven begr\u00fc\u00dft und hervorragende M\u00f6glichkeiten zur beruflichen Entfaltung bietet.<\/p>\n<\/div><\/div><\/div><\/div><\/section><section class=\"JB-1 h-section-background g-text\"><div class=\"container\"><div class=\"row\"><div class=\"col-lg-8\"><div class=\"g-text__bodytext\">\n<p>Bitte richten Sie Anfragen zu Bewerbung oder Personalfragen an: <a href=\"mailto:recruitment@hadleygroup.com\">recruitment@hadleygroup.com<\/a><\/p>\n<\/div><\/div><\/div><\/div><\/section><div class=\"JB-1 h-section-background\">\n<section class=\"wp-block-stradigi-gutenberg-text-image g-text-image\"><div class=\"container\"><div class=\"g-text-image__row row\"><div data-translate=\"true\" class=\"order-1 col-md-5\"><div class=\"g-text-image__content\"><section class=\"JB-1 h-section-background g-text\"><div class=\"container\"><div class=\"row\"><div class=\"col-lg-8\"><div class=\"g-text__title\">\n<h3 class=\"wp-block-heading\" id=\"h-want-to-know-what-it-is-like-to-work-at-hadley-group-technology\">M\u00f6chten Sie wissen, wie es ist, bei Hadley Group Technology zu arbeiten?  <\/h3>\n<\/div><\/div><\/div><\/div><\/section>\n\n<section class=\"JB-1 h-section-background g-text\"><div class=\"container\"><div class=\"row\"><div class=\"col-lg-8\"><div class=\"g-text__title\">\n<h2 class=\"wp-block-heading\" id=\"h-watch-this-video\">Schau dieses Video an.<\/h2>\n<\/div><\/div><\/div><\/div><\/section><\/div><\/div><article data-translate=\"true\" class=\"order-2 col-md-7 offset-xl-1 col-xl-6\"><div class=\"g-text-image__sidenote g-backend-outline\"><span class=\"a-lines__white-line\"><\/span><span class=\"a-lines__red-line\"><\/span><div class=\"g-text-image__frame-wrapper\"><iframe src=\"https:\/\/www.youtube.com\/embed\/UEnAOCTCDfI?controls=0&amp;autoplay=0&amp;playlist=UEnAOCTCDfI&amp;loop=1\"><\/iframe><\/div><\/div><\/article><\/div><\/div><\/section>\n<\/div><div class=\"JB-1 h-section-background\">\n<section class=\"wp-block-stradigi-gutenberg-fixed-spacer g-spacer g-spacer--size-medium\"><\/section>\n<\/div><div class=\"JB-1 h-section-background\">\n<section class=\"wp-block-stradigi-gutenberg-text-image g-text-image\"><div class=\"container\"><div class=\"g-text-image__row row\"><div data-translate=\"true\" class=\"order-1 col-md-5\"><div class=\"g-text-image__content\"><div class=\"JB-1 h-section-background\">\n<section class=\"wp-block-stradigi-gutenberg-cta-one g-cta-one\"><div class=\"container\"><div class=\"g-cta-one__row row\"><div class=\"col-sm-12 col-lg-8\"><h2 class=\"g-cta-one__title h-heading h-heading--size-undefined\">Opportunities in the USA<\/h2><div class=\"g-cta-one__content\"><p>Have a look through our current job opportunities in the USA:<\/p><\/div><div class=\"g-cta-one__buttons\"><a href=\"https:\/\/myjobs.adp.com\/clarkdietrichcareers\/cx\/job-listing\" class=\"g-cta-one__button-primary\">Vacancies in USA<i class=\"fas fa-sm fa-chevron-right\"><\/i><\/a><a href=\"https:\/\/www.cdhrollform.com\/careers\" class=\"g-cta-one__button-secondary\">Learn More<i class=\"fas fa-sm fa-chevron-right\"><\/i><\/a><\/div><\/div><\/div><\/div><\/section>\n<\/div><\/div><\/div><article data-translate=\"true\" class=\"order-2 col-md-7 offset-xl-1 col-xl-6\"><div class=\"g-text-image__sidenote g-backend-outline\"><span class=\"a-lines__white-line\"><\/span><span class=\"a-lines__red-line\"><\/span><img decoding=\"async\" class=\"g-text-image__image\" src=\"\" alt=\"\"\/><\/div><\/article><\/div><\/div><\/section>\n<\/div><section class=\"JB-1 h-section-background g-text\"><div class=\"container\"><div class=\"row\"><div class=\"col-lg-8\"><div class=\"g-text__bodytext\">\n<p>  Sind Sie daran interessiert, wie Sie uns helfen k\u00f6nnen, die Zukunft des Walzprofilierens in den USA zu gestalten?  <strong>Sehen Sie sich dieses Video an:<\/strong><\/p>\n<\/div><\/div><\/div><\/div><\/section><section class=\"JB-1 h-section-background g-html\"><div class=\"container\"><div class=\"row\"><div class=\"col-12\"><div class=\"g-html__content-wrap\">\n<div style=\"position:relative;width:800px;height:450px;overflow:hidden;\">\n  <iframe src=\"https:\/\/www.youtube.com\/embed\/-YDlnsisFK8?rel=0&#038;modestbranding=1&#038;autohide=1&#038;showinfo=0&#038;vq=hd1080\" style=\"position:absolute;top:0;left:0;width:100%;height:100%;\" frameborder=\"0\" scrolling=\"no\" allow=\"accelerometer; autoplay; clipboard-write; encrypted-media; gyroscope; picture-in-picture; web-share\" allowfullscreen=\"\">\n  <\/iframe>\n<\/div>\n<\/div><\/div><\/div><\/div><\/section><section class=\"JB-1 h-section-background g-text\"><div class=\"container\"><div class=\"row\"><div class=\"col-lg-8\"><div class=\"g-text__bodytext\">\n<p><\/p>\n<\/div><\/div><\/div><\/div><\/section>","protected":false},"excerpt":{"rendered":"<p>Unsere Position als weltweit f\u00fchrendes Unternehmen in der Herstellung von kaltgewalztem Stahl ist das Ergebnis von Innovation, technischer Exzellenz, Leidenschaft,\u2026 <a href=\"https:\/\/www.hadleygroup.com\/de\/karriere\/\">&#8230;<\/a><\/p>\n","protected":false},"author":3,"featured_media":4728,"parent":0,"menu_order":0,"comment_status":"closed","ping_status":"closed","template":"","meta":{"_acf_changed":false,"footnotes":""},"categories":[],"class_list":["post-3573","page","type-page","status-publish","has-post-thumbnail","hentry"],"acf":[],"yoast_head":"<!-- This site is optimized with the Yoast SEO Premium plugin v25.1 (Yoast SEO v26.3) - https:\/\/yoast.com\/wordpress\/plugins\/seo\/ -->\n<title>Karriere bei Hadley - Hadley Group<\/title>\n<meta name=\"description\" content=\"Interessieren Sie sich daf\u00fcr, was Ihnen die Zusammenarbeit mit der Hadley Group bieten wird? Erfahren Sie mehr \u00fcber die 5 Grundwerte, die unser Gesch\u00e4ft ausmachen.\" \/>\n<meta name=\"robots\" content=\"index, follow, max-snippet:-1, max-image-preview:large, max-video-preview:-1\" \/>\n<link rel=\"canonical\" href=\"https:\/\/www.hadleygroup.com\/de\/karriere\/\" \/>\n<meta property=\"og:locale\" content=\"de_DE\" \/>\n<meta property=\"og:type\" content=\"article\" \/>\n<meta property=\"og:title\" content=\"Karriere\" \/>\n<meta property=\"og:description\" content=\"Interessieren Sie sich daf\u00fcr, was Ihnen die Zusammenarbeit mit der Hadley Group bieten wird? Erfahren Sie mehr \u00fcber die 5 Grundwerte, die unser Gesch\u00e4ft ausmachen.\" \/>\n<meta property=\"og:url\" content=\"https:\/\/www.hadleygroup.com\/de\/karriere\/\" \/>\n<meta property=\"og:site_name\" content=\"Hadley Group\" \/>\n<meta property=\"article:publisher\" content=\"https:\/\/www.facebook.com\/HadleyGroupGlobal\" \/>\n<meta property=\"article:modified_time\" content=\"2025-09-08T09:16:13+00:00\" \/>\n<meta property=\"og:image\" content=\"https:\/\/www.hadleygroup.com\/app\/uploads\/2022\/06\/Trainee-HR-recruiter.jpg\" \/>\n\t<meta property=\"og:image:width\" content=\"2000\" \/>\n\t<meta property=\"og:image:height\" content=\"1333\" \/>\n\t<meta property=\"og:image:type\" content=\"image\/jpeg\" \/>\n<meta name=\"twitter:card\" content=\"summary_large_image\" \/>\n<meta name=\"twitter:site\" content=\"@hadley_group\" \/>\n<meta name=\"twitter:label1\" content=\"Est. reading time\" \/>\n\t<meta name=\"twitter:data1\" content=\"2 minutes\" \/>\n<script type=\"application\/ld+json\" class=\"yoast-schema-graph\">{\"@context\":\"https:\/\/schema.org\",\"@graph\":[{\"@type\":\"WebPage\",\"@id\":\"https:\/\/www.hadleygroup.com\/de\/karriere\/\",\"url\":\"https:\/\/www.hadleygroup.com\/de\/karriere\/\",\"name\":\"Karriere bei Hadley - Hadley Group\",\"isPartOf\":{\"@id\":\"https:\/\/www.hadleygroup.com\/de\/#website\"},\"primaryImageOfPage\":{\"@id\":\"https:\/\/www.hadleygroup.com\/de\/karriere\/#primaryimage\"},\"image\":{\"@id\":\"https:\/\/www.hadleygroup.com\/de\/karriere\/#primaryimage\"},\"thumbnailUrl\":\"https:\/\/www.hadleygroup.com\/app\/uploads\/2022\/06\/Trainee-HR-recruiter.jpg\",\"datePublished\":\"2022-05-11T11:55:44+00:00\",\"dateModified\":\"2025-09-08T09:16:13+00:00\",\"description\":\"Interessieren Sie sich daf\u00fcr, was Ihnen die Zusammenarbeit mit der Hadley Group bieten wird? Erfahren Sie mehr \u00fcber die 5 Grundwerte, die unser Gesch\u00e4ft ausmachen.\",\"breadcrumb\":{\"@id\":\"https:\/\/www.hadleygroup.com\/de\/karriere\/#breadcrumb\"},\"inLanguage\":\"de-DE\",\"potentialAction\":[{\"@type\":\"ReadAction\",\"target\":[\"https:\/\/www.hadleygroup.com\/de\/karriere\/\"]}]},{\"@type\":\"ImageObject\",\"inLanguage\":\"de-DE\",\"@id\":\"https:\/\/www.hadleygroup.com\/de\/karriere\/#primaryimage\",\"url\":\"https:\/\/www.hadleygroup.com\/app\/uploads\/2022\/06\/Trainee-HR-recruiter.jpg\",\"contentUrl\":\"https:\/\/www.hadleygroup.com\/app\/uploads\/2022\/06\/Trainee-HR-recruiter.jpg\",\"width\":2000,\"height\":1333,\"caption\":\"Trainee-HR-recruiter\"},{\"@type\":\"BreadcrumbList\",\"@id\":\"https:\/\/www.hadleygroup.com\/de\/karriere\/#breadcrumb\",\"itemListElement\":[{\"@type\":\"ListItem\",\"position\":1,\"name\":\"Home\",\"item\":\"https:\/\/www.hadleygroup.com\/de\/\"},{\"@type\":\"ListItem\",\"position\":2,\"name\":\"Karriere\"}]},{\"@type\":\"WebSite\",\"@id\":\"https:\/\/www.hadleygroup.com\/de\/#website\",\"url\":\"https:\/\/www.hadleygroup.com\/de\/\",\"name\":\"Hadley Group\",\"description\":\"Shaping the Future in Metal\",\"publisher\":{\"@id\":\"https:\/\/www.hadleygroup.com\/de\/#organization\"},\"potentialAction\":[{\"@type\":\"SearchAction\",\"target\":{\"@type\":\"EntryPoint\",\"urlTemplate\":\"https:\/\/www.hadleygroup.com\/de\/?s={search_term_string}\"},\"query-input\":{\"@type\":\"PropertyValueSpecification\",\"valueRequired\":true,\"valueName\":\"search_term_string\"}}],\"inLanguage\":\"de-DE\"},{\"@type\":\"Organization\",\"@id\":\"https:\/\/www.hadleygroup.com\/de\/#organization\",\"name\":\"Hadley Group\",\"url\":\"https:\/\/www.hadleygroup.com\/de\/\",\"logo\":{\"@type\":\"ImageObject\",\"inLanguage\":\"de-DE\",\"@id\":\"https:\/\/www.hadleygroup.com\/de\/#\/schema\/logo\/image\/\",\"url\":\"https:\/\/www.hadleygroup.com\/app\/uploads\/2023\/01\/Hadley-Group-logo.jpg\",\"contentUrl\":\"https:\/\/www.hadleygroup.com\/app\/uploads\/2023\/01\/Hadley-Group-logo.jpg\",\"width\":1280,\"height\":300,\"caption\":\"Hadley Group\"},\"image\":{\"@id\":\"https:\/\/www.hadleygroup.com\/de\/#\/schema\/logo\/image\/\"},\"sameAs\":[\"https:\/\/www.facebook.com\/HadleyGroupGlobal\",\"https:\/\/x.com\/hadley_group\",\"https:\/\/www.youtube.com\/@HadleyGroupSmethwick\",\"https:\/\/www.linkedin.com\/company\/hadley-group-\/\"]}]}<\/script>\n<!-- \/ Yoast SEO Premium plugin. -->","yoast_head_json":{"title":"Karriere bei Hadley - Hadley Group","description":"Interessieren Sie sich daf\u00fcr, was Ihnen die Zusammenarbeit mit der Hadley Group bieten wird? Erfahren Sie mehr \u00fcber die 5 Grundwerte, die unser Gesch\u00e4ft ausmachen.","robots":{"index":"index","follow":"follow","max-snippet":"max-snippet:-1","max-image-preview":"max-image-preview:large","max-video-preview":"max-video-preview:-1"},"canonical":"https:\/\/www.hadleygroup.com\/de\/karriere\/","og_locale":"de_DE","og_type":"article","og_title":"Karriere","og_description":"Interessieren Sie sich daf\u00fcr, was Ihnen die Zusammenarbeit mit der Hadley Group bieten wird? Erfahren Sie mehr \u00fcber die 5 Grundwerte, die unser Gesch\u00e4ft ausmachen.","og_url":"https:\/\/www.hadleygroup.com\/de\/karriere\/","og_site_name":"Hadley Group","article_publisher":"https:\/\/www.facebook.com\/HadleyGroupGlobal","article_modified_time":"2025-09-08T09:16:13+00:00","og_image":[{"width":2000,"height":1333,"url":"https:\/\/www.hadleygroup.com\/app\/uploads\/2022\/06\/Trainee-HR-recruiter.jpg","type":"image\/jpeg"}],"twitter_card":"summary_large_image","twitter_site":"@hadley_group","twitter_misc":{"Est. reading time":"2 minutes"},"schema":{"@context":"https:\/\/schema.org","@graph":[{"@type":"WebPage","@id":"https:\/\/www.hadleygroup.com\/de\/karriere\/","url":"https:\/\/www.hadleygroup.com\/de\/karriere\/","name":"Karriere bei Hadley - Hadley Group","isPartOf":{"@id":"https:\/\/www.hadleygroup.com\/de\/#website"},"primaryImageOfPage":{"@id":"https:\/\/www.hadleygroup.com\/de\/karriere\/#primaryimage"},"image":{"@id":"https:\/\/www.hadleygroup.com\/de\/karriere\/#primaryimage"},"thumbnailUrl":"https:\/\/www.hadleygroup.com\/app\/uploads\/2022\/06\/Trainee-HR-recruiter.jpg","datePublished":"2022-05-11T11:55:44+00:00","dateModified":"2025-09-08T09:16:13+00:00","description":"Interessieren Sie sich daf\u00fcr, was Ihnen die Zusammenarbeit mit der Hadley Group bieten wird? Erfahren Sie mehr \u00fcber die 5 Grundwerte, die unser Gesch\u00e4ft ausmachen.","breadcrumb":{"@id":"https:\/\/www.hadleygroup.com\/de\/karriere\/#breadcrumb"},"inLanguage":"de-DE","potentialAction":[{"@type":"ReadAction","target":["https:\/\/www.hadleygroup.com\/de\/karriere\/"]}]},{"@type":"ImageObject","inLanguage":"de-DE","@id":"https:\/\/www.hadleygroup.com\/de\/karriere\/#primaryimage","url":"https:\/\/www.hadleygroup.com\/app\/uploads\/2022\/06\/Trainee-HR-recruiter.jpg","contentUrl":"https:\/\/www.hadleygroup.com\/app\/uploads\/2022\/06\/Trainee-HR-recruiter.jpg","width":2000,"height":1333,"caption":"Trainee-HR-recruiter"},{"@type":"BreadcrumbList","@id":"https:\/\/www.hadleygroup.com\/de\/karriere\/#breadcrumb","itemListElement":[{"@type":"ListItem","position":1,"name":"Home","item":"https:\/\/www.hadleygroup.com\/de\/"},{"@type":"ListItem","position":2,"name":"Karriere"}]},{"@type":"WebSite","@id":"https:\/\/www.hadleygroup.com\/de\/#website","url":"https:\/\/www.hadleygroup.com\/de\/","name":"Hadley Group","description":"Shaping the Future in Metal","publisher":{"@id":"https:\/\/www.hadleygroup.com\/de\/#organization"},"potentialAction":[{"@type":"SearchAction","target":{"@type":"EntryPoint","urlTemplate":"https:\/\/www.hadleygroup.com\/de\/?s={search_term_string}"},"query-input":{"@type":"PropertyValueSpecification","valueRequired":true,"valueName":"search_term_string"}}],"inLanguage":"de-DE"},{"@type":"Organization","@id":"https:\/\/www.hadleygroup.com\/de\/#organization","name":"Hadley Group","url":"https:\/\/www.hadleygroup.com\/de\/","logo":{"@type":"ImageObject","inLanguage":"de-DE","@id":"https:\/\/www.hadleygroup.com\/de\/#\/schema\/logo\/image\/","url":"https:\/\/www.hadleygroup.com\/app\/uploads\/2023\/01\/Hadley-Group-logo.jpg","contentUrl":"https:\/\/www.hadleygroup.com\/app\/uploads\/2023\/01\/Hadley-Group-logo.jpg","width":1280,"height":300,"caption":"Hadley Group"},"image":{"@id":"https:\/\/www.hadleygroup.com\/de\/#\/schema\/logo\/image\/"},"sameAs":["https:\/\/www.facebook.com\/HadleyGroupGlobal","https:\/\/x.com\/hadley_group","https:\/\/www.youtube.com\/@HadleyGroupSmethwick","https:\/\/www.linkedin.com\/company\/hadley-group-\/"]}]}},"_links":{"self":[{"href":"https:\/\/www.hadleygroup.com\/de\/wp-json\/wp\/v2\/pages\/3573","targetHints":{"allow":["GET"]}}],"collection":[{"href":"https:\/\/www.hadleygroup.com\/de\/wp-json\/wp\/v2\/pages"}],"about":[{"href":"https:\/\/www.hadleygroup.com\/de\/wp-json\/wp\/v2\/types\/page"}],"author":[{"embeddable":true,"href":"https:\/\/www.hadleygroup.com\/de\/wp-json\/wp\/v2\/users\/3"}],"replies":[{"embeddable":true,"href":"https:\/\/www.hadleygroup.com\/de\/wp-json\/wp\/v2\/comments?post=3573"}],"version-history":[{"count":7,"href":"https:\/\/www.hadleygroup.com\/de\/wp-json\/wp\/v2\/pages\/3573\/revisions"}],"predecessor-version":[{"id":16140,"href":"https:\/\/www.hadleygroup.com\/de\/wp-json\/wp\/v2\/pages\/3573\/revisions\/16140"}],"wp:featuredmedia":[{"embeddable":true,"href":"https:\/\/www.hadleygroup.com\/de\/wp-json\/wp\/v2\/media\/4728"}],"wp:attachment":[{"href":"https:\/\/www.hadleygroup.com\/de\/wp-json\/wp\/v2\/media?parent=3573"}],"wp:term":[{"taxonomy":"category","embeddable":true,"href":"https:\/\/www.hadleygroup.com\/de\/wp-json\/wp\/v2\/categories?post=3573"}],"curies":[{"name":"wp","href":"https:\/\/api.w.org\/{rel}","templated":true}]}}