{"id":3508,"date":"2022-03-28T18:10:10","date_gmt":"2022-03-28T18:10:10","guid":{"rendered":"https:\/\/www.hadleygroup.com\/uber-uns\/werte-visionen\/"},"modified":"2025-09-08T11:47:52","modified_gmt":"2025-09-08T11:47:52","slug":"werte-visionen","status":"publish","type":"page","link":"https:\/\/www.hadleygroup.com\/de\/uber-uns\/werte-visionen\/","title":{"rendered":"Werte &amp; Visionen"},"content":{"rendered":"<background-video inline-template :autoplay=\"true\" video=\"\"> \n<section class=\"wp-block-stradigi-gutenberg-hero g-hero container-fluid p-0\" style=\"background-image:url(&quot;https:\/\/www.hadleygroup.com\/app\/uploads\/2022\/04\/DSC_1821.jpg&quot;)\" data-youtube-url=\"\"><div class=\"g-hero--filter\"><\/div><div class=\"g-hero__container container\"><div class=\"g-hero__wrap\"><h1 class=\"g-hero__heading\">Values &amp; Vision<\/h1><div class=\"g-hero__body\"><div class=\"g-hero__body__text\"><p><\/p><\/div><div class=\"g-hero__body__buttons\"><\/div><\/div><\/div><div class=\"g-hero__chevron__container d-none d-lg-block\"><i class=\"fas fa-chevron-down fa-3x scrollDown\"><\/i><\/div><\/div><\/section>\n <\/background-video><div class=\"JB-1 h-section-background\">\n<section class=\"wp-block-stradigi-gutenberg-fixed-spacer g-spacer g-spacer--size-medium\"><\/section>\n<\/div><section class=\"JB-1 h-section-background g-text\"><div class=\"container\"><div class=\"row\"><div class=\"col-lg-8\"><div class=\"g-text__title\">\n<h2 class=\"wp-block-heading\" id=\"h-product-excellence\">PRODUKT-EXZELLENZ<\/h2>\n<\/div><\/div><\/div><\/div><\/section><section class=\"JB-1 h-section-background g-text\"><div class=\"container\"><div class=\"row\"><div class=\"col-lg-8\"><div class=\"g-text__bodytext\">\n<p>Die Hadley Group begann mit dem Wunsch, die besten kaltgewalzten Produkte und Systeme auf dem Markt herzustellen. Dieses Streben nach der Bereitstellung der besten L\u00f6sung ist durch das Gewebe unserer Organisation gewebt, was zu patentierten technologischen Prozessen, kontinuierlich engen Toleranzen und den h\u00f6chsten Qualit\u00e4tszulassungen gef\u00fchrt hat. Sehen Sie sich die <a href=\"https:\/\/www.hadleygroup.com\/de\/rollformen-nach-mass\/hadley-group-technology\/veroffentlichungen\/\">wissenschaftlichen Ver\u00f6ffentlichungen<\/a> an, die unsere Experten im Rahmen unserer laufenden Investitionen in die Forschung verfasst haben. <\/p>\n<\/div><\/div><\/div><\/div><\/section><section class=\"JB-1 h-section-background g-text\"><div class=\"container\"><div class=\"row\"><div class=\"col-lg-8\"><div class=\"g-text__title\">\n<h2 class=\"wp-block-heading\" id=\"h-partnership\">PARTNERSCHAFT<\/h2>\n<\/div><\/div><\/div><\/div><\/section><section class=\"JB-1 h-section-background g-text\"><div class=\"container\"><div class=\"row\"><div class=\"col-lg-8\"><div class=\"g-text__bodytext\">\n<p>Ob Sie dreifach verglaste Hochsicherheitsfenster in Ihrem <a href=\"https:\/\/www.hadleygroup.com\/building-systems\/modern-methods-construction\/\">vorverkleideten Stahlrahmen<\/a> oder einen Montageschritt ben\u00f6tigen, der vor dem Versand zu Ihrem benutzerdefinierten Profilprojekt hinzugef\u00fcgt wird, wir sind hier, um Ihnen bei der Suche nach einer L\u00f6sung zu helfen. Durch die Zusammenarbeit mit Ihnen und Ihrem Team bringen wir unsere F\u00e4higkeiten und F\u00e4higkeiten ein, um neue Produktkonzepte zu erstellen und sie weiterzuentwickeln, bis wir das leistungsst\u00e4rkste und kosteng\u00fcnstigste Produkt erhalten. <\/p>\n<\/div><\/div><\/div><\/div><\/section><div class=\"JB-1 h-section-background\">\n<section class=\"wp-block-stradigi-gutenberg-cta-one g-cta-one\"><div class=\"container\"><div class=\"g-cta-one__row row\"><div class=\"col-sm-12 col-lg-8\"><h2 class=\"g-cta-one__title\"><\/h2><div class=\"g-cta-one__content\"><p><\/p><\/div><div class=\"g-cta-one__buttons\"><a href=\"https:\/\/www.hadleygroup.com\/building-systems\/\" class=\"g-cta-one__button-primary\">Building systems<i class=\"fas fa-sm fa-chevron-right\"><\/i><\/a><a href=\"https:\/\/www.hadleygroup.com\/de\/rollformen-nach-mass\/\" class=\"g-cta-one__button-secondary\">Custom Roll Forming<i class=\"fas fa-sm fa-chevron-right\"><\/i><\/a><\/div><\/div><\/div><\/div><\/section>\n<\/div><div class=\"JB-1 h-section-background\">\n<section class=\"wp-block-stradigi-gutenberg-fixed-spacer g-spacer g-spacer--size-medium\"><\/section>\n<\/div><section class=\"JB-1 h-section-background g-text\"><div class=\"container\"><div class=\"row\"><div class=\"col-lg-8\"><div class=\"g-text__title\">\n<h2 class=\"wp-block-heading\" id=\"h-environmental-stewardship\">UMWELTSCHUTZ<\/h2>\n<\/div><\/div><\/div><\/div><\/section><section class=\"JB-1 h-section-background g-text\"><div class=\"container\"><div class=\"row\"><div class=\"col-lg-8\"><div class=\"g-text__bodytext\">\n<p>Wir verpflichten uns zur Herstellung in einer kohlenstoffarmen Welt und haben den Global Compact der Vereinten Nationen unterzeichnet, um eine nachhaltige Entwicklung zu unterst\u00fctzen. Jedes unserer Produkte wurde entwickelt, um sicherzustellen, dass es optimale Leistung und erhebliche Einsparungen beim Rohstoffverbrauch bietet, wodurch Abfall und Transportaufwand reduziert werden. Weitere Informationen finden Sie auf unserer <a href=\"https:\/\/www.hadleygroup.com\/de\/umwelt-und-nachhaltigkeit\/\">Seite Umwelt und Nachhaltigkeit<\/a> . <\/p>\n<\/div><\/div><\/div><\/div><\/section><section class=\"JB-1 h-section-background g-text\"><div class=\"container\"><div class=\"row\"><div class=\"col-lg-8\"><div class=\"g-text__title\">\n<h2 class=\"wp-block-heading\" id=\"h-social-awareness\">SOZIALES BEWUSSTSEIN<\/h2>\n<\/div><\/div><\/div><\/div><\/section><section class=\"JB-1 h-section-background g-text\"><div class=\"container\"><div class=\"row\"><div class=\"col-lg-8\"><div class=\"g-text__bodytext\">\n<p>Wir sind uns der sozialen Auswirkungen bewusst, die wir auf die Gemeinschaften haben, in denen wir t\u00e4tig sind. Unser Ziel ist es, unsere Gemeinschaften zu verbessern, nicht nur Arbeitspl\u00e4tze zu schaffen, sondern lokale Aktivit\u00e4ten zu unterst\u00fctzen und M\u00f6glichkeiten f\u00fcr alle zu schaffen. Wir geben den \u00f6rtlichen Schulen und Hochschulen etwas zur\u00fcck, indem wir Zeit und Energie in die Betreuung und Ausbildung der n\u00e4chsten Generation in den pers\u00f6nlichen und praktischen F\u00e4higkeiten investieren, die sie f\u00fcr ihr Arbeitsleben ben\u00f6tigen. Unsere F\u00fchrungskr\u00e4fte, Facharbeiter und Auszubildenden nehmen alle an Projekten teil, in denen junge Menschen das Selbstvertrauen gewinnen k\u00f6nnen, um sich zu H\u00f6chstleistungen zu motivieren. <\/p>\n<\/div><\/div><\/div><\/div><\/section><section class=\"JB-1 h-section-background g-text\"><div class=\"container\"><div class=\"row\"><div class=\"col-lg-8\"><div class=\"g-text__bodytext\">\n<p>Im Jahr 2022 sind wir ein f\u00fchrender Unterst\u00fctzer von <a href=\"https:\/\/www.wlv.ac.uk\/schools-and-institutes\/faculty-of-science-and-engineering\/uwracing\/\" target=\"_blank\" rel=\"noreferrer noopener\">UWR<\/a>, indem wir dem Team die Mittel f\u00fcr die Einf\u00fchrung und Entwicklung neuer Rennwagen (ein Bentley GT3 und ein Praga R1) zur Verf\u00fcgung stellen und Mentoring anbieten. Senior Project Engineer John O&#8217;Sullivan hat sich freiwillig bereit erkl\u00e4rt, das Formula Student Team bei der Erstellung seines Renneinsatzes f\u00fcr 2022 zu betreuen. <\/p>\n<\/div><\/div><\/div><\/div><\/section><section class=\"JB-1 h-section-background g-text\"><div class=\"container\"><div class=\"row\"><div class=\"col-lg-8\"><div class=\"g-text__title\">\n<h2 class=\"wp-block-heading\" id=\"h-personnel-development\">PERS\u00d6NLICHE ENTWICKLUNG<\/h2>\n<\/div><\/div><\/div><\/div><\/section><section class=\"JB-1 h-section-background g-text\"><div class=\"container\"><div class=\"row\"><div class=\"col-lg-8\"><div class=\"g-text__bodytext\">\n<p>Es gibt heute nur wenige Unternehmen, die so viele langj\u00e4hrige Mitarbeiter und einheimische Talente unter einer globalen Belegschaft vorweisen k\u00f6nnen. Wir haben Direktoren, technische Manager und leitende Ingenieure, die sich alle aus unserem Ausbildungsprogramm hochgearbeitet haben. Dies ist ein Beweis f\u00fcr unsere Investition in die <a href=\"https:\/\/www.hadleygroup.com\/de\/karriere\/\" target=\"_blank\" rel=\"noreferrer noopener\">berufliche Entwicklung<\/a> , die Unterst\u00fctzung von Lehrlingsausbildungen und postgradualer Ausbildung. <\/p>\n<\/div><\/div><\/div><\/div><\/section><div class=\"JB-1 h-section-background\">\n<section class=\"wp-block-stradigi-gutenberg-fixed-spacer g-spacer g-spacer--size-medium\"><\/section>\n<\/div><div class=\"JB-1 h-section-background\">\n<section class=\"wp-block-stradigi-gutenberg-cta-one g-cta-one\"><div class=\"container\"><div class=\"g-cta-one__row row\"><div class=\"col-sm-12 col-lg-8\"><h2 class=\"g-cta-one__title\">Do you have a question?<\/h2><div class=\"g-cta-one__content\"><p><\/p><\/div><div class=\"g-cta-one__buttons\"><a href=\"https:\/\/www.hadleygroup.com\/de\/kontakt\/\" class=\"g-cta-one__button-primary\">Contact Us<i class=\"fas fa-sm fa-chevron-right\"><\/i><\/a><a href=\"https:\/\/www.hadleygroup.com\/de\/haufig-gestellte-fragen\/\" class=\"g-cta-one__button-secondary\">See FAQs<i class=\"fas fa-sm fa-chevron-right\"><\/i><\/a><\/div><\/div><\/div><\/div><\/section>\n<\/div><div class=\"JB-1 h-section-background\">\n<section class=\"wp-block-stradigi-gutenberg-fixed-spacer g-spacer g-spacer--size-large\"><\/section>\n<\/div>","protected":false},"excerpt":{"rendered":"<p>PRODUKT-EXZELLENZ Die Hadley Group begann mit dem Wunsch, die besten kaltgewalzten Produkte und Systeme auf dem Markt herzustellen. Dieses Streben\u2026 <a href=\"https:\/\/www.hadleygroup.com\/de\/uber-uns\/werte-visionen\/\">&#8230;<\/a><\/p>\n","protected":false},"author":3,"featured_media":0,"parent":3315,"menu_order":0,"comment_status":"closed","ping_status":"closed","template":"","meta":{"_acf_changed":false,"footnotes":""},"categories":[123],"class_list":["post-3508","page","type-page","status-publish","hentry","category-uber-uns"],"acf":[],"yoast_head":"<!-- This site is optimized with the Yoast SEO Premium plugin v25.1 (Yoast SEO v26.3) - https:\/\/yoast.com\/wordpress\/plugins\/seo\/ -->\n<title>Werte &amp; Visionen - Hadley Group<\/title>\n<meta name=\"description\" content=\"Die Hadley Group baut auf Innovation und Exzellenz, was zu patentierter Technologie, engen Toleranzen und Akkreditierungen h\u00f6chster Qualit\u00e4t f\u00fchrt\" \/>\n<meta name=\"robots\" content=\"index, follow, max-snippet:-1, max-image-preview:large, max-video-preview:-1\" \/>\n<link rel=\"canonical\" href=\"https:\/\/www.hadleygroup.com\/de\/uber-uns\/werte-visionen\/\" \/>\n<meta property=\"og:locale\" content=\"de_DE\" \/>\n<meta property=\"og:type\" content=\"article\" \/>\n<meta property=\"og:title\" content=\"Werte &amp; Visionen\" \/>\n<meta property=\"og:description\" content=\"Die Hadley Group baut auf Innovation und Exzellenz, was zu patentierter Technologie, engen Toleranzen und Akkreditierungen h\u00f6chster Qualit\u00e4t f\u00fchrt\" \/>\n<meta property=\"og:url\" content=\"https:\/\/www.hadleygroup.com\/de\/uber-uns\/werte-visionen\/\" \/>\n<meta property=\"og:site_name\" content=\"Hadley Group\" \/>\n<meta property=\"article:publisher\" content=\"https:\/\/www.facebook.com\/HadleyGroupGlobal\" \/>\n<meta property=\"article:modified_time\" content=\"2025-09-08T11:47:52+00:00\" \/>\n<meta property=\"og:image\" content=\"https:\/\/www.hadleygroup.com\/app\/uploads\/2023\/01\/Hadley-Group-logo.jpg\" \/>\n\t<meta property=\"og:image:width\" content=\"1280\" \/>\n\t<meta property=\"og:image:height\" content=\"300\" \/>\n\t<meta property=\"og:image:type\" content=\"image\/jpeg\" \/>\n<meta name=\"twitter:card\" content=\"summary_large_image\" \/>\n<meta name=\"twitter:site\" content=\"@hadley_group\" \/>\n<meta name=\"twitter:label1\" content=\"Est. reading time\" \/>\n\t<meta name=\"twitter:data1\" content=\"2 minutes\" \/>\n<script type=\"application\/ld+json\" class=\"yoast-schema-graph\">{\"@context\":\"https:\/\/schema.org\",\"@graph\":[{\"@type\":\"WebPage\",\"@id\":\"https:\/\/www.hadleygroup.com\/de\/uber-uns\/werte-visionen\/\",\"url\":\"https:\/\/www.hadleygroup.com\/de\/uber-uns\/werte-visionen\/\",\"name\":\"Werte &amp; Visionen - Hadley Group\",\"isPartOf\":{\"@id\":\"https:\/\/www.hadleygroup.com\/de\/#website\"},\"datePublished\":\"2022-03-28T18:10:10+00:00\",\"dateModified\":\"2025-09-08T11:47:52+00:00\",\"description\":\"Die Hadley Group baut auf Innovation und Exzellenz, was zu patentierter Technologie, engen Toleranzen und Akkreditierungen h\u00f6chster Qualit\u00e4t f\u00fchrt\",\"breadcrumb\":{\"@id\":\"https:\/\/www.hadleygroup.com\/de\/uber-uns\/werte-visionen\/#breadcrumb\"},\"inLanguage\":\"de-DE\",\"potentialAction\":[{\"@type\":\"ReadAction\",\"target\":[\"https:\/\/www.hadleygroup.com\/de\/uber-uns\/werte-visionen\/\"]}]},{\"@type\":\"BreadcrumbList\",\"@id\":\"https:\/\/www.hadleygroup.com\/de\/uber-uns\/werte-visionen\/#breadcrumb\",\"itemListElement\":[{\"@type\":\"ListItem\",\"position\":1,\"name\":\"Home\",\"item\":\"https:\/\/www.hadleygroup.com\/de\/\"},{\"@type\":\"ListItem\",\"position\":2,\"name\":\"\u00dcber uns\",\"item\":\"https:\/\/www.hadleygroup.com\/de\/uber-uns\/\"},{\"@type\":\"ListItem\",\"position\":3,\"name\":\"Werte &amp; Visionen\"}]},{\"@type\":\"WebSite\",\"@id\":\"https:\/\/www.hadleygroup.com\/de\/#website\",\"url\":\"https:\/\/www.hadleygroup.com\/de\/\",\"name\":\"Hadley Group\",\"description\":\"Shaping the Future in Metal\",\"publisher\":{\"@id\":\"https:\/\/www.hadleygroup.com\/de\/#organization\"},\"potentialAction\":[{\"@type\":\"SearchAction\",\"target\":{\"@type\":\"EntryPoint\",\"urlTemplate\":\"https:\/\/www.hadleygroup.com\/de\/?s={search_term_string}\"},\"query-input\":{\"@type\":\"PropertyValueSpecification\",\"valueRequired\":true,\"valueName\":\"search_term_string\"}}],\"inLanguage\":\"de-DE\"},{\"@type\":\"Organization\",\"@id\":\"https:\/\/www.hadleygroup.com\/de\/#organization\",\"name\":\"Hadley Group\",\"url\":\"https:\/\/www.hadleygroup.com\/de\/\",\"logo\":{\"@type\":\"ImageObject\",\"inLanguage\":\"de-DE\",\"@id\":\"https:\/\/www.hadleygroup.com\/de\/#\/schema\/logo\/image\/\",\"url\":\"https:\/\/www.hadleygroup.com\/app\/uploads\/2023\/01\/Hadley-Group-logo.jpg\",\"contentUrl\":\"https:\/\/www.hadleygroup.com\/app\/uploads\/2023\/01\/Hadley-Group-logo.jpg\",\"width\":1280,\"height\":300,\"caption\":\"Hadley Group\"},\"image\":{\"@id\":\"https:\/\/www.hadleygroup.com\/de\/#\/schema\/logo\/image\/\"},\"sameAs\":[\"https:\/\/www.facebook.com\/HadleyGroupGlobal\",\"https:\/\/x.com\/hadley_group\",\"https:\/\/www.youtube.com\/@HadleyGroupSmethwick\",\"https:\/\/www.linkedin.com\/company\/hadley-group-\/\"]}]}<\/script>\n<!-- \/ Yoast SEO Premium plugin. -->","yoast_head_json":{"title":"Werte &amp; Visionen - Hadley Group","description":"Die Hadley Group baut auf Innovation und Exzellenz, was zu patentierter Technologie, engen Toleranzen und Akkreditierungen h\u00f6chster Qualit\u00e4t f\u00fchrt","robots":{"index":"index","follow":"follow","max-snippet":"max-snippet:-1","max-image-preview":"max-image-preview:large","max-video-preview":"max-video-preview:-1"},"canonical":"https:\/\/www.hadleygroup.com\/de\/uber-uns\/werte-visionen\/","og_locale":"de_DE","og_type":"article","og_title":"Werte &amp; Visionen","og_description":"Die Hadley Group baut auf Innovation und Exzellenz, was zu patentierter Technologie, engen Toleranzen und Akkreditierungen h\u00f6chster Qualit\u00e4t f\u00fchrt","og_url":"https:\/\/www.hadleygroup.com\/de\/uber-uns\/werte-visionen\/","og_site_name":"Hadley Group","article_publisher":"https:\/\/www.facebook.com\/HadleyGroupGlobal","article_modified_time":"2025-09-08T11:47:52+00:00","og_image":[{"width":1280,"height":300,"url":"https:\/\/www.hadleygroup.com\/app\/uploads\/2023\/01\/Hadley-Group-logo.jpg","type":"image\/jpeg"}],"twitter_card":"summary_large_image","twitter_site":"@hadley_group","twitter_misc":{"Est. reading time":"2 minutes"},"schema":{"@context":"https:\/\/schema.org","@graph":[{"@type":"WebPage","@id":"https:\/\/www.hadleygroup.com\/de\/uber-uns\/werte-visionen\/","url":"https:\/\/www.hadleygroup.com\/de\/uber-uns\/werte-visionen\/","name":"Werte &amp; Visionen - Hadley Group","isPartOf":{"@id":"https:\/\/www.hadleygroup.com\/de\/#website"},"datePublished":"2022-03-28T18:10:10+00:00","dateModified":"2025-09-08T11:47:52+00:00","description":"Die Hadley Group baut auf Innovation und Exzellenz, was zu patentierter Technologie, engen Toleranzen und Akkreditierungen h\u00f6chster Qualit\u00e4t f\u00fchrt","breadcrumb":{"@id":"https:\/\/www.hadleygroup.com\/de\/uber-uns\/werte-visionen\/#breadcrumb"},"inLanguage":"de-DE","potentialAction":[{"@type":"ReadAction","target":["https:\/\/www.hadleygroup.com\/de\/uber-uns\/werte-visionen\/"]}]},{"@type":"BreadcrumbList","@id":"https:\/\/www.hadleygroup.com\/de\/uber-uns\/werte-visionen\/#breadcrumb","itemListElement":[{"@type":"ListItem","position":1,"name":"Home","item":"https:\/\/www.hadleygroup.com\/de\/"},{"@type":"ListItem","position":2,"name":"\u00dcber uns","item":"https:\/\/www.hadleygroup.com\/de\/uber-uns\/"},{"@type":"ListItem","position":3,"name":"Werte &amp; Visionen"}]},{"@type":"WebSite","@id":"https:\/\/www.hadleygroup.com\/de\/#website","url":"https:\/\/www.hadleygroup.com\/de\/","name":"Hadley Group","description":"Shaping the Future in Metal","publisher":{"@id":"https:\/\/www.hadleygroup.com\/de\/#organization"},"potentialAction":[{"@type":"SearchAction","target":{"@type":"EntryPoint","urlTemplate":"https:\/\/www.hadleygroup.com\/de\/?s={search_term_string}"},"query-input":{"@type":"PropertyValueSpecification","valueRequired":true,"valueName":"search_term_string"}}],"inLanguage":"de-DE"},{"@type":"Organization","@id":"https:\/\/www.hadleygroup.com\/de\/#organization","name":"Hadley Group","url":"https:\/\/www.hadleygroup.com\/de\/","logo":{"@type":"ImageObject","inLanguage":"de-DE","@id":"https:\/\/www.hadleygroup.com\/de\/#\/schema\/logo\/image\/","url":"https:\/\/www.hadleygroup.com\/app\/uploads\/2023\/01\/Hadley-Group-logo.jpg","contentUrl":"https:\/\/www.hadleygroup.com\/app\/uploads\/2023\/01\/Hadley-Group-logo.jpg","width":1280,"height":300,"caption":"Hadley Group"},"image":{"@id":"https:\/\/www.hadleygroup.com\/de\/#\/schema\/logo\/image\/"},"sameAs":["https:\/\/www.facebook.com\/HadleyGroupGlobal","https:\/\/x.com\/hadley_group","https:\/\/www.youtube.com\/@HadleyGroupSmethwick","https:\/\/www.linkedin.com\/company\/hadley-group-\/"]}]}},"_links":{"self":[{"href":"https:\/\/www.hadleygroup.com\/de\/wp-json\/wp\/v2\/pages\/3508","targetHints":{"allow":["GET"]}}],"collection":[{"href":"https:\/\/www.hadleygroup.com\/de\/wp-json\/wp\/v2\/pages"}],"about":[{"href":"https:\/\/www.hadleygroup.com\/de\/wp-json\/wp\/v2\/types\/page"}],"author":[{"embeddable":true,"href":"https:\/\/www.hadleygroup.com\/de\/wp-json\/wp\/v2\/users\/3"}],"replies":[{"embeddable":true,"href":"https:\/\/www.hadleygroup.com\/de\/wp-json\/wp\/v2\/comments?post=3508"}],"version-history":[{"count":22,"href":"https:\/\/www.hadleygroup.com\/de\/wp-json\/wp\/v2\/pages\/3508\/revisions"}],"predecessor-version":[{"id":16285,"href":"https:\/\/www.hadleygroup.com\/de\/wp-json\/wp\/v2\/pages\/3508\/revisions\/16285"}],"up":[{"embeddable":true,"href":"https:\/\/www.hadleygroup.com\/de\/wp-json\/wp\/v2\/pages\/3315"}],"wp:attachment":[{"href":"https:\/\/www.hadleygroup.com\/de\/wp-json\/wp\/v2\/media?parent=3508"}],"wp:term":[{"taxonomy":"category","embeddable":true,"href":"https:\/\/www.hadleygroup.com\/de\/wp-json\/wp\/v2\/categories?post=3508"}],"curies":[{"name":"wp","href":"https:\/\/api.w.org\/{rel}","templated":true}]}}