{"id":3488,"date":"2022-05-13T18:31:14","date_gmt":"2022-05-13T18:31:14","guid":{"rendered":"https:\/\/www.hadleygroup.com\/haeufig-gestellte-fragen\/"},"modified":"2022-08-25T11:09:52","modified_gmt":"2022-08-25T11:09:52","slug":"haufig-gestellte-fragen","status":"publish","type":"page","link":"https:\/\/www.hadleygroup.com\/de\/haufig-gestellte-fragen\/","title":{"rendered":"H\u00e4ufig gestellte Fragen"},"content":{"rendered":"<background-video inline-template :autoplay=\"true\" video=\"\"> \n<section class=\"wp-block-stradigi-gutenberg-hero g-hero container-fluid p-0 g-hero--has-overlay\" style=\"background-image:url(&quot;https:\/\/www.hadleygroup.com\/app\/uploads\/2022\/04\/DSC_0719.jpg&quot;)\" data-youtube-url=\"\"><div class=\"g-hero--filter\"><\/div><div class=\"g-hero__container container\"><div class=\"g-hero__wrap\"><h1 class=\"g-hero__heading\">H\u00e4ufig gestellte Fragen<\/h1><div class=\"g-hero__body\"><div class=\"g-hero__body__text\"><p><\/p><\/div><div class=\"g-hero__body__buttons\"><\/div><\/div><\/div><div class=\"g-hero__chevron__container d-none d-lg-block\"><i class=\"fas fa-chevron-down fa-3x scrollDown\"><\/i><\/div><\/div><\/section>\n <\/background-video>\n\n<div class=\"JB-1 h-section-background\">\n<section class=\"wp-block-stradigi-gutenberg-fixed-spacer g-spacer g-spacer--size-Mittel g-spacer--size-medium\"><\/section>\n<\/div>\n\n<accordion inline-template> <div class=\"JB-1 h-section-background\">\n<section class=\"wp-block-stradigi-gutenberg-accordion g-accordion\"><div class=\"container g-accordion__wrapper-relative\"><div class=\"row g-accordion__wrapper-relative-fg\"><div class=\"col-md-7\"><div class=\"g-accordion__container\"><h2 class=\"g-accordion__title\">Unsere am h\u00e4ufigsten gestellten Fragen<\/h2><ul class=\"g-accordion__list\"><li class=\"g-accordion__list-item\"><header class=\"g-accordion__list-header\"><i v-if=\"itemActive(0)\" class=\"fas fa-minus-circle g-accordion__list-icon g-accordion__list-icon--minus\"><\/i><i v-if=\"!itemActive(0)\" class=\"fas fa-plus-circle g-accordion__list-icon g-accordion__list-icon--plus\" @click=\"setActive(0)\"><\/i><h3 class=\"g-accordion__list-title\">Was ist Kaltwalzen?<\/h3><\/header><p v-if=\"itemActive(0)\" class=\"g-accordion__list-text\">Das Kaltwalzen ist ein Fertigungsverfahren, bei dem feste Metalle (in der Regel Stahl) geformt werden. Wie der Name schon sagt, werden beim Kaltwalzprofilieren Formen bei Raumtemperatur oder leicht dar\u00fcber hergestellt. \u00c4u\u00dferst pr\u00e4zise und komplexe Formen k\u00f6nnen in einer Vielzahl von L\u00e4ngen und in einer gro\u00dfen Bandbreite von Mengen geformt werden.<\/p><\/li><li class=\"g-accordion__list-item\"><header class=\"g-accordion__list-header\"><i v-if=\"itemActive(1)\" class=\"fas fa-minus-circle g-accordion__list-icon g-accordion__list-icon--minus\"><\/i><i v-if=\"!itemActive(1)\" class=\"fas fa-plus-circle g-accordion__list-icon g-accordion__list-icon--plus\" @click=\"setActive(1)\"><\/i><h3 class=\"g-accordion__list-title\">Was ist der Unterschied zwischen Kaltwalzen und Warmwalzen?<\/h3><\/header><p v-if=\"itemActive(1)\" class=\"g-accordion__list-text\">Wie in unserer Antwort auf Frage 1 erw\u00e4hnt, werden beim Kaltwalzen Formen bei Raumtemperatur oder knapp dar\u00fcber hergestellt. Kurz gesagt, warmgewalzter Stahl ist Stahl, der bei sehr hohen Temperaturen gewalzt wurde.<\/p><\/li><li class=\"g-accordion__list-item\"><header class=\"g-accordion__list-header\"><i v-if=\"itemActive(2)\" class=\"fas fa-minus-circle g-accordion__list-icon g-accordion__list-icon--minus\"><\/i><i v-if=\"!itemActive(2)\" class=\"fas fa-plus-circle g-accordion__list-icon g-accordion__list-icon--plus\" @click=\"setActive(2)\"><\/i><h3 class=\"g-accordion__list-title\">Was sind die Vorteile des Kaltwalzen?<\/h3><\/header><p v-if=\"itemActive(2)\" class=\"g-accordion__list-text\">Das Kaltwalzen hat mehrere Vorteile, einer davon ist die Festigkeit des Endprodukts. Kaltgewalzter Stahl ist bis zu 20 % st\u00e4rker als typischer warmgewalzter Stahl. Es ist auch die bevorzugte Herstellungstechnik f\u00fcr M\u00f6bel, Autos und Z\u00e4une, da es eine hochwertige, \u00e4sthetische Oberfl\u00e4che bietet.<\/p><\/li><li class=\"g-accordion__list-item\"><header class=\"g-accordion__list-header\"><i v-if=\"itemActive(3)\" class=\"fas fa-minus-circle g-accordion__list-icon g-accordion__list-icon--minus\"><\/i><i v-if=\"!itemActive(3)\" class=\"fas fa-plus-circle g-accordion__list-icon g-accordion__list-icon--plus\" @click=\"setActive(3)\"><\/i><h3 class=\"g-accordion__list-title\">Welche Materialien k\u00f6nnen rollgeformt werden?<\/h3><\/header><p v-if=\"itemActive(3)\" class=\"g-accordion__list-text\">Es gibt eine Reihe von eisenhaltigen und nicht eisenhaltigen Metallen, die rollgeformt werden k\u00f6nnen. Dazu geh\u00f6ren Stahl\/Edelstahl, Aluminium, Messing, Kupfer und Blei.<\/p><\/li><li class=\"g-accordion__list-item\"><header class=\"g-accordion__list-header\"><i v-if=\"itemActive(4)\" class=\"fas fa-minus-circle g-accordion__list-icon g-accordion__list-icon--minus\"><\/i><i v-if=\"!itemActive(4)\" class=\"fas fa-plus-circle g-accordion__list-icon g-accordion__list-icon--plus\" @click=\"setActive(4)\"><\/i><h3 class=\"g-accordion__list-title\">Bieten Sie kundenspezifisches Rollformen an?<\/h3><\/header><p v-if=\"itemActive(4)\" class=\"g-accordion__list-text\">Ja, wir bieten Rollformen nach Ma\u00df. Hadley Group Technology pr\u00fcft Ihre spezifischen Anforderungen, bevor wir unsere hochmodernen Anlagen einsetzen, um eine ma\u00dfgeschneiderte L\u00f6sung f\u00fcr Ihre Bed\u00fcrfnisse zu entwickeln.<\/p><\/li><li class=\"g-accordion__list-item\"><header class=\"g-accordion__list-header\"><i v-if=\"itemActive(5)\" class=\"fas fa-minus-circle g-accordion__list-icon g-accordion__list-icon--minus\"><\/i><i v-if=\"!itemActive(5)\" class=\"fas fa-plus-circle g-accordion__list-icon g-accordion__list-icon--plus\" @click=\"setActive(5)\"><\/i><h3 class=\"g-accordion__list-title\">Ich habe Fragen zu meiner Rechnung, an wen kann ich mich wenden?<\/h3><\/header><p v-if=\"itemActive(5)\" class=\"g-accordion__list-text\">Bitte senden Sie uns eine E-Mail an <a href=\"mailto:ask.hadley@hadleygroup.com\">ask.hadley@hadleygroup.com<\/a> oder rufen Sie uns an unter <a href=\"tel:+44 (0)121 555 1300\">+44 (0)121 555 1300<\/a>.<\/p><\/li><li class=\"g-accordion__list-item\"><header class=\"g-accordion__list-header\"><i v-if=\"itemActive(6)\" class=\"fas fa-minus-circle g-accordion__list-icon g-accordion__list-icon--minus\"><\/i><i v-if=\"!itemActive(6)\" class=\"fas fa-plus-circle g-accordion__list-icon g-accordion__list-icon--plus\" @click=\"setActive(6)\"><\/i><h3 class=\"g-accordion__list-title\">Bieten Sie Besuche vor Ort an?<\/h3><\/header><p v-if=\"itemActive(6)\" class=\"g-accordion__list-text\">Ja, wir bieten allen aktuellen und potenziellen Kunden Besuche vor Ort an. Sobald Sie uns Ihre Anfrage mit all Ihren technischen Anforderungen zugesandt haben, wird sich einer unserer technischen Experten mit Ihnen in Verbindung setzen und einen Vor-Ort-Termin vereinbaren.<\/p><\/li><li class=\"g-accordion__list-item\"><header class=\"g-accordion__list-header\"><i v-if=\"itemActive(7)\" class=\"fas fa-minus-circle g-accordion__list-icon g-accordion__list-icon--minus\"><\/i><i v-if=\"!itemActive(7)\" class=\"fas fa-plus-circle g-accordion__list-icon g-accordion__list-icon--plus\" @click=\"setActive(7)\"><\/i><h3 class=\"g-accordion__list-title\">In welchen L\u00e4ndern sind Sie t\u00e4tig?<\/h3><\/header><p v-if=\"itemActive(7)\" class=\"g-accordion__list-text\">Wir produzieren an vier Standorten im Vereinigten K\u00f6nigreich und an weiteren Standorten in den Niederlanden, Thailand, den Vereinigten Arabischen Emiraten und den USA, mit einem Vertriebsb\u00fcro in Deutschland.<\/p><\/li><li class=\"g-accordion__list-item\"><header class=\"g-accordion__list-header\"><i v-if=\"itemActive(8)\" class=\"fas fa-minus-circle g-accordion__list-icon g-accordion__list-icon--minus\"><\/i><i v-if=\"!itemActive(8)\" class=\"fas fa-plus-circle g-accordion__list-icon g-accordion__list-icon--plus\" @click=\"setActive(8)\"><\/i><h3 class=\"g-accordion__list-title\">Was ist Ihr Alleinstellungsmerkmal?<\/h3><\/header><p v-if=\"itemActive(8)\" class=\"g-accordion__list-text\">Die Hadley-Gruppe bietet eine gro\u00dfe Vielfalt an F\u00e4higkeiten. Wir verf\u00fcgen \u00fcber eines der gr\u00f6\u00dften firmeninternen technischen Teams in Europa; unser technisches &#8220;Centre of Excellence&#8221; nutzt Hightech-Computersimulationstechnologie und 3D-Druck zusammen mit den besten Fertigungsm\u00f6glichkeiten, um Ihnen den besten Service zu bieten.<br><br>Dar\u00fcber hinaus erm\u00f6glicht uns unser patentiertes UltraSTEEL\u00ae-Verfahren die Herstellung von Profilen mit h\u00f6herer Festigkeit und geringerem Rohstoffverbrauch, was den CSR-Zielen unserer Kunden entgegenkommt.<\/p><\/li><\/ul><\/div><\/div><\/div><div class=\"row g-accordion__wrapper-absolute\"><div class=\"offset-md-1 col-md-4 offset-lg-2 col-lg-3\"><div class=\"g-accordion__bg\" style=\"background-image:none\"><\/div><\/div><\/div><\/div><\/section>\n<\/div> <\/accordion>\n\n<div class=\"JB-1 h-section-background\">\n<section class=\"wp-block-stradigi-gutenberg-text-cta g-text\"><div class=\"container\"><div class=\"row\"><div class=\"col-lg-8\"><div class=\"g-text__bodytext\"><p>Sie k\u00f6nnen Ihre Frage nicht finden? <\/p><\/div><a href=\"https:\/\/www.hadleygroup.com\/de\/kontakt\/\" class=\"c-button g-text__button\">Kontaktieren Sie uns<i class=\"fas fa-sm fa-chevron-right\"><\/i><\/a><\/div><\/div><\/div><\/section>\n<\/div>\n\n<div class=\"JB-1 h-section-background\">\n<section class=\"wp-block-stradigi-gutenberg-fixed-spacer g-spacer g-spacer--size-gro\u00df g-spacer--size-large\"><\/section>\n<\/div>","protected":false},"excerpt":{"rendered":"","protected":false},"author":3,"featured_media":0,"parent":0,"menu_order":0,"comment_status":"closed","ping_status":"closed","template":"","meta":{"_acf_changed":false,"footnotes":""},"categories":[],"class_list":["post-3488","page","type-page","status-publish","hentry"],"acf":[],"yoast_head":"<!-- This site is optimized with the Yoast SEO Premium plugin v25.1 (Yoast SEO v26.3) - https:\/\/yoast.com\/wordpress\/plugins\/seo\/ -->\n<title>Siehe unsere h\u00e4ufig gestellten Fragen - Hadley Group<\/title>\n<meta name=\"description\" content=\"Haben Sie eine Frage? Werfen Sie einen Blick auf unsere h\u00e4ufig gestellten Fragen zum Rollformen und Kaltwalzen. Vielleicht finden Sie dort eine Antwort\" \/>\n<meta name=\"robots\" content=\"index, follow, max-snippet:-1, max-image-preview:large, max-video-preview:-1\" \/>\n<link rel=\"canonical\" href=\"https:\/\/www.hadleygroup.com\/de\/haufig-gestellte-fragen\/\" \/>\n<meta property=\"og:locale\" content=\"de_DE\" \/>\n<meta property=\"og:type\" content=\"article\" \/>\n<meta property=\"og:title\" content=\"H\u00e4ufig gestellte Fragen\" \/>\n<meta property=\"og:description\" content=\"Haben Sie eine Frage? Werfen Sie einen Blick auf unsere h\u00e4ufig gestellten Fragen zum Rollformen und Kaltwalzen. Vielleicht finden Sie dort eine Antwort\" \/>\n<meta property=\"og:url\" content=\"https:\/\/www.hadleygroup.com\/de\/haufig-gestellte-fragen\/\" \/>\n<meta property=\"og:site_name\" content=\"Hadley Group\" \/>\n<meta property=\"article:publisher\" content=\"https:\/\/www.facebook.com\/HadleyGroupGlobal\" \/>\n<meta property=\"article:modified_time\" content=\"2022-08-25T11:09:52+00:00\" \/>\n<meta property=\"og:image\" content=\"https:\/\/www.hadleygroup.com\/app\/uploads\/2023\/01\/Hadley-Group-logo.jpg\" \/>\n\t<meta property=\"og:image:width\" content=\"1280\" \/>\n\t<meta property=\"og:image:height\" content=\"300\" \/>\n\t<meta property=\"og:image:type\" content=\"image\/jpeg\" \/>\n<meta name=\"twitter:card\" content=\"summary_large_image\" \/>\n<meta name=\"twitter:site\" content=\"@hadley_group\" \/>\n<meta name=\"twitter:label1\" content=\"Est. reading time\" \/>\n\t<meta name=\"twitter:data1\" content=\"2 minutes\" \/>\n<script type=\"application\/ld+json\" class=\"yoast-schema-graph\">{\"@context\":\"https:\/\/schema.org\",\"@graph\":[{\"@type\":\"WebPage\",\"@id\":\"https:\/\/www.hadleygroup.com\/de\/haufig-gestellte-fragen\/\",\"url\":\"https:\/\/www.hadleygroup.com\/de\/haufig-gestellte-fragen\/\",\"name\":\"Siehe unsere h\u00e4ufig gestellten Fragen - Hadley Group\",\"isPartOf\":{\"@id\":\"https:\/\/www.hadleygroup.com\/de\/#website\"},\"datePublished\":\"2022-05-13T18:31:14+00:00\",\"dateModified\":\"2022-08-25T11:09:52+00:00\",\"description\":\"Haben Sie eine Frage? Werfen Sie einen Blick auf unsere h\u00e4ufig gestellten Fragen zum Rollformen und Kaltwalzen. Vielleicht finden Sie dort eine Antwort\",\"breadcrumb\":{\"@id\":\"https:\/\/www.hadleygroup.com\/de\/haufig-gestellte-fragen\/#breadcrumb\"},\"inLanguage\":\"de-DE\",\"potentialAction\":[{\"@type\":\"ReadAction\",\"target\":[\"https:\/\/www.hadleygroup.com\/de\/haufig-gestellte-fragen\/\"]}]},{\"@type\":\"BreadcrumbList\",\"@id\":\"https:\/\/www.hadleygroup.com\/de\/haufig-gestellte-fragen\/#breadcrumb\",\"itemListElement\":[{\"@type\":\"ListItem\",\"position\":1,\"name\":\"Home\",\"item\":\"https:\/\/www.hadleygroup.com\/de\/\"},{\"@type\":\"ListItem\",\"position\":2,\"name\":\"H\u00e4ufig gestellte Fragen\"}]},{\"@type\":\"WebSite\",\"@id\":\"https:\/\/www.hadleygroup.com\/de\/#website\",\"url\":\"https:\/\/www.hadleygroup.com\/de\/\",\"name\":\"Hadley Group\",\"description\":\"Shaping the Future in Metal\",\"publisher\":{\"@id\":\"https:\/\/www.hadleygroup.com\/de\/#organization\"},\"potentialAction\":[{\"@type\":\"SearchAction\",\"target\":{\"@type\":\"EntryPoint\",\"urlTemplate\":\"https:\/\/www.hadleygroup.com\/de\/?s={search_term_string}\"},\"query-input\":{\"@type\":\"PropertyValueSpecification\",\"valueRequired\":true,\"valueName\":\"search_term_string\"}}],\"inLanguage\":\"de-DE\"},{\"@type\":\"Organization\",\"@id\":\"https:\/\/www.hadleygroup.com\/de\/#organization\",\"name\":\"Hadley Group\",\"url\":\"https:\/\/www.hadleygroup.com\/de\/\",\"logo\":{\"@type\":\"ImageObject\",\"inLanguage\":\"de-DE\",\"@id\":\"https:\/\/www.hadleygroup.com\/de\/#\/schema\/logo\/image\/\",\"url\":\"https:\/\/www.hadleygroup.com\/app\/uploads\/2023\/01\/Hadley-Group-logo.jpg\",\"contentUrl\":\"https:\/\/www.hadleygroup.com\/app\/uploads\/2023\/01\/Hadley-Group-logo.jpg\",\"width\":1280,\"height\":300,\"caption\":\"Hadley Group\"},\"image\":{\"@id\":\"https:\/\/www.hadleygroup.com\/de\/#\/schema\/logo\/image\/\"},\"sameAs\":[\"https:\/\/www.facebook.com\/HadleyGroupGlobal\",\"https:\/\/x.com\/hadley_group\",\"https:\/\/www.youtube.com\/@HadleyGroupSmethwick\",\"https:\/\/www.linkedin.com\/company\/hadley-group-\/\"]}]}<\/script>\n<!-- \/ Yoast SEO Premium plugin. -->","yoast_head_json":{"title":"Siehe unsere h\u00e4ufig gestellten Fragen - Hadley Group","description":"Haben Sie eine Frage? Werfen Sie einen Blick auf unsere h\u00e4ufig gestellten Fragen zum Rollformen und Kaltwalzen. Vielleicht finden Sie dort eine Antwort","robots":{"index":"index","follow":"follow","max-snippet":"max-snippet:-1","max-image-preview":"max-image-preview:large","max-video-preview":"max-video-preview:-1"},"canonical":"https:\/\/www.hadleygroup.com\/de\/haufig-gestellte-fragen\/","og_locale":"de_DE","og_type":"article","og_title":"H\u00e4ufig gestellte Fragen","og_description":"Haben Sie eine Frage? Werfen Sie einen Blick auf unsere h\u00e4ufig gestellten Fragen zum Rollformen und Kaltwalzen. Vielleicht finden Sie dort eine Antwort","og_url":"https:\/\/www.hadleygroup.com\/de\/haufig-gestellte-fragen\/","og_site_name":"Hadley Group","article_publisher":"https:\/\/www.facebook.com\/HadleyGroupGlobal","article_modified_time":"2022-08-25T11:09:52+00:00","og_image":[{"width":1280,"height":300,"url":"https:\/\/www.hadleygroup.com\/app\/uploads\/2023\/01\/Hadley-Group-logo.jpg","type":"image\/jpeg"}],"twitter_card":"summary_large_image","twitter_site":"@hadley_group","twitter_misc":{"Est. reading time":"2 minutes"},"schema":{"@context":"https:\/\/schema.org","@graph":[{"@type":"WebPage","@id":"https:\/\/www.hadleygroup.com\/de\/haufig-gestellte-fragen\/","url":"https:\/\/www.hadleygroup.com\/de\/haufig-gestellte-fragen\/","name":"Siehe unsere h\u00e4ufig gestellten Fragen - Hadley Group","isPartOf":{"@id":"https:\/\/www.hadleygroup.com\/de\/#website"},"datePublished":"2022-05-13T18:31:14+00:00","dateModified":"2022-08-25T11:09:52+00:00","description":"Haben Sie eine Frage? Werfen Sie einen Blick auf unsere h\u00e4ufig gestellten Fragen zum Rollformen und Kaltwalzen. Vielleicht finden Sie dort eine Antwort","breadcrumb":{"@id":"https:\/\/www.hadleygroup.com\/de\/haufig-gestellte-fragen\/#breadcrumb"},"inLanguage":"de-DE","potentialAction":[{"@type":"ReadAction","target":["https:\/\/www.hadleygroup.com\/de\/haufig-gestellte-fragen\/"]}]},{"@type":"BreadcrumbList","@id":"https:\/\/www.hadleygroup.com\/de\/haufig-gestellte-fragen\/#breadcrumb","itemListElement":[{"@type":"ListItem","position":1,"name":"Home","item":"https:\/\/www.hadleygroup.com\/de\/"},{"@type":"ListItem","position":2,"name":"H\u00e4ufig gestellte Fragen"}]},{"@type":"WebSite","@id":"https:\/\/www.hadleygroup.com\/de\/#website","url":"https:\/\/www.hadleygroup.com\/de\/","name":"Hadley Group","description":"Shaping the Future in Metal","publisher":{"@id":"https:\/\/www.hadleygroup.com\/de\/#organization"},"potentialAction":[{"@type":"SearchAction","target":{"@type":"EntryPoint","urlTemplate":"https:\/\/www.hadleygroup.com\/de\/?s={search_term_string}"},"query-input":{"@type":"PropertyValueSpecification","valueRequired":true,"valueName":"search_term_string"}}],"inLanguage":"de-DE"},{"@type":"Organization","@id":"https:\/\/www.hadleygroup.com\/de\/#organization","name":"Hadley Group","url":"https:\/\/www.hadleygroup.com\/de\/","logo":{"@type":"ImageObject","inLanguage":"de-DE","@id":"https:\/\/www.hadleygroup.com\/de\/#\/schema\/logo\/image\/","url":"https:\/\/www.hadleygroup.com\/app\/uploads\/2023\/01\/Hadley-Group-logo.jpg","contentUrl":"https:\/\/www.hadleygroup.com\/app\/uploads\/2023\/01\/Hadley-Group-logo.jpg","width":1280,"height":300,"caption":"Hadley Group"},"image":{"@id":"https:\/\/www.hadleygroup.com\/de\/#\/schema\/logo\/image\/"},"sameAs":["https:\/\/www.facebook.com\/HadleyGroupGlobal","https:\/\/x.com\/hadley_group","https:\/\/www.youtube.com\/@HadleyGroupSmethwick","https:\/\/www.linkedin.com\/company\/hadley-group-\/"]}]}},"_links":{"self":[{"href":"https:\/\/www.hadleygroup.com\/de\/wp-json\/wp\/v2\/pages\/3488","targetHints":{"allow":["GET"]}}],"collection":[{"href":"https:\/\/www.hadleygroup.com\/de\/wp-json\/wp\/v2\/pages"}],"about":[{"href":"https:\/\/www.hadleygroup.com\/de\/wp-json\/wp\/v2\/types\/page"}],"author":[{"embeddable":true,"href":"https:\/\/www.hadleygroup.com\/de\/wp-json\/wp\/v2\/users\/3"}],"replies":[{"embeddable":true,"href":"https:\/\/www.hadleygroup.com\/de\/wp-json\/wp\/v2\/comments?post=3488"}],"version-history":[{"count":8,"href":"https:\/\/www.hadleygroup.com\/de\/wp-json\/wp\/v2\/pages\/3488\/revisions"}],"predecessor-version":[{"id":5805,"href":"https:\/\/www.hadleygroup.com\/de\/wp-json\/wp\/v2\/pages\/3488\/revisions\/5805"}],"wp:attachment":[{"href":"https:\/\/www.hadleygroup.com\/de\/wp-json\/wp\/v2\/media?parent=3488"}],"wp:term":[{"taxonomy":"category","embeddable":true,"href":"https:\/\/www.hadleygroup.com\/de\/wp-json\/wp\/v2\/categories?post=3488"}],"curies":[{"name":"wp","href":"https:\/\/api.w.org\/{rel}","templated":true}]}}