{"id":3445,"date":"2022-05-13T07:49:05","date_gmt":"2022-05-13T07:49:05","guid":{"rendered":"https:\/\/www.hadleygroup.com\/ausbildungsprogramm\/"},"modified":"2025-09-08T11:44:24","modified_gmt":"2025-09-08T11:44:24","slug":"ausbildungsprogramm","status":"publish","type":"page","link":"https:\/\/www.hadleygroup.com\/de\/karriere\/ausbildungsprogramm\/","title":{"rendered":"Ausbildungsprogramm"},"content":{"rendered":"<section class=\"JB-1 h-section-background g-html\"><div class=\"container\"><div class=\"row\"><div class=\"col-12\"><div class=\"g-html__content-wrap\">\n<section class=\"wp-block-stradigi-gutenberg-hero g-hero container-fluid p-0 g-hero--has-overlay\" style=\"background-image:url(\" data-youtube-url=\"\" https:=\"\"><div class=\"g-hero--filter\"><\/div><div class=\"g-hero__container container\"><div class=\"g-hero__wrap\"><h1 class=\"g-hero__heading\">Hadley Group Lehrlingsausbildungen<\/h1><div class=\"g-hero__body\"><div class=\"g-hero__body__text\"><p><\/p><\/div><div class=\"g-hero__body__buttons\"><\/div><\/div><\/div><div class=\"g-hero__chevron__container d-none d-lg-block\"><i class=\"fas fa-chevron-down fa-3x scrollDown\"><\/i><\/div><\/div><\/section>\n<\/div><\/div><\/div><\/div><\/section><div class=\"JB-1 h-section-background\">\n<section class=\"wp-block-stradigi-gutenberg-fixed-spacer g-spacer g-spacer--size-medium\"><\/section>\n<\/div><div class=\"JB-1 h-section-background\">\n<section class=\"wp-block-stradigi-gutenberg-text-image g-text-image\"><div class=\"container\"><div class=\"g-text-image__row row\"><div data-translate=\"true\" class=\"order-2 offset-xl-1 col-md-5\"><div class=\"g-text-image__content\">\n<section class=\"JB-1 h-section-background g-text\"><div class=\"container\"><div class=\"row\"><div class=\"col-lg-8\"><div class=\"g-text__bodytext\">\n<p class=\"has-medium-font-size\">Die Ausbildung hat in den letzten 25 Jahren eine wichtige Rolle f\u00fcr das Wachstum unseres Unternehmens gespielt, und wir setzen uns weiterhin daf\u00fcr ein, junge Talente durch unsere erweiterten Ausbildungsprogramme zu nutzen und zu f\u00f6rdern.<\/p>\n<\/div><\/div><\/div><\/div><\/section>\n<\/div><\/div><article data-translate=\"true\" class=\"order-1 col-md-7 col-xl-6\"><div class=\"g-text-image__sidenote\"><img decoding=\"async\" class=\"g-text-image__image\" src=\"https:\/\/www.hadleygroup.com\/app\/uploads\/2022\/05\/V2_No-crop-Production-Career-Path-with-new-email-address.png\" alt=\"v2_no-crop-production-career-path-with-new-email-address\"\/><\/div><\/article><\/div><\/div><\/section>\n<\/div><div class=\"JB-1 h-section-background\">\n<section class=\"wp-block-stradigi-gutenberg-subtitle g-text g-text--text-aligns-left\"><div class=\"container\"><div class=\"row\"><div class=\"col-md-10 col-lg-8\"><div class=\"g-text__subtitle\"><strong>Production Apprenticeship<\/strong><\/div><\/div><\/div><\/div><\/section>\n<\/div><section class=\"JB-1 h-section-background g-text\"><div class=\"container\"><div class=\"row\"><div class=\"col-lg-8\"><div class=\"g-text__bodytext\">\n<p>Ein zweij\u00e4hriges Programm, das direkt auf Produktionsbereiche spezialisiert ist, einschlie\u00dflich Wartung und Werkzeugbau, das hilft, eine Vielzahl von F\u00e4higkeiten zu entwickeln. Dieses Programm ist ideal f\u00fcr Auszubildende, die einen praktischen Ansatz bevorzugen.<\/p>\n<\/div><\/div><\/div><\/div><\/section><div class=\"JB-1 h-section-background\">\n<section class=\"wp-block-stradigi-gutenberg-subtitle g-text g-text--text-aligns-left\"><div class=\"container\"><div class=\"row\"><div class=\"col-md-10 col-lg-8\"><div class=\"g-text__subtitle\"><strong>Technical Apprenticeship<\/strong><\/div><\/div><\/div><\/div><\/section>\n<\/div><section class=\"JB-1 h-section-background g-text\"><div class=\"container\"><div class=\"row\"><div class=\"col-lg-8\"><div class=\"g-text__bodytext\">\n<p>Dieses vierj\u00e4hrige Programm umfasst Schulungen am und au\u00dferhalb des Arbeitsplatzes, um die technischen Kernkompetenzen zu entwickeln, die f\u00fcr qualifizierte oder professionelle Rollen in den Bereichen Fertigungsmanagement, Konstruktion (Werkzeugmaschinen und Produkt), Wartung, Bearbeitung, Werkzeugbau, Einkauf, Vertrieb und Produktion erforderlich sind.<\/p>\n<\/div><\/div><\/div><\/div><\/section><div class=\"JB-1 h-section-background\">\n<section class=\"wp-block-stradigi-gutenberg-subtitle g-text g-text--text-aligns-left\"><div class=\"container\"><div class=\"row\"><div class=\"col-md-10 col-lg-8\"><div class=\"g-text__subtitle\"><strong>Commercial Apprenticeship<\/strong><\/div><\/div><\/div><\/div><\/section>\n<\/div><section class=\"JB-1 h-section-background g-text\"><div class=\"container\"><div class=\"row\"><div class=\"col-lg-8\"><div class=\"g-text__bodytext\">\n<p>Ein zwei- oder dreij\u00e4hriges Programm, das Aspekte der Betriebswirtschaft, des Kundendienstes, der Beschaffung, des Personalwesens und des Vertriebs umfasst und schlie\u00dflich zu einer Position in einer dieser Disziplinen f\u00fchrt.<\/p>\n<\/div><\/div><\/div><\/div><\/section><div class=\"JB-1 h-section-background\">\n<section class=\"wp-block-stradigi-gutenberg-subtitle g-text g-text--text-aligns-left\"><div class=\"container\"><div class=\"row\"><div class=\"col-md-10 col-lg-8\"><div class=\"g-text__subtitle\"><strong>These programmes offer:<\/strong><\/div><\/div><\/div><\/div><\/section>\n<\/div><section class=\"JB-1 h-section-background g-text\"><div class=\"container\"><div class=\"row\"><div class=\"col-lg-8\"><div class=\"g-text__bodytext\">\n<ul class=\"wp-block-list\">\n<li>Sofortige Anstellung mit wettbewerbsf\u00e4higem Lohn<\/li>\n\n\n\n<li>6-9 Monate arbeitsfreie Ausbildung bei einem \u00f6rtlichen College oder Ausbildungsanbieter<\/li>\n\n\n\n<li>Strukturierte Ausbildung mit anerkannten Abschl\u00fcssen<\/li>\n\n\n\n<li>Vollzeitbesch\u00e4ftigung nach Abschluss<\/li>\n\n\n\n<li>Laufende Weiterbildung im Einklang mit den zuk\u00fcnftigen Berufsw\u00fcnschen<\/li>\n<\/ul>\n<\/div><\/div><\/div><\/div><\/section><div class=\"JB-1 h-section-background\">\n<section class=\"wp-block-stradigi-gutenberg-text-cta g-text\"><div class=\"container\"><div class=\"row\"><div class=\"col-lg-8\"><div class=\"g-text__bodytext\"><p>Please send any recruitment\/HR related queries to:\u00a0<a href=\"mailto:recruitment@hadleygroup.com\">recruitment@hadleygroup.com<\/a><\/p><\/div><a href=\"https:\/\/www.hadleygroup.com\/app\/uploads\/2022\/05\/Apprentice-Application-Form__22Febv2_updated__kd7.pdf\" class=\"c-button g-text__button\">Download the Application form<i class=\"fas fa-sm fa-chevron-right\"><\/i><\/a><\/div><\/div><\/div><\/section>\n<\/div><div class=\"JB-1 h-section-background\">\n<section class=\"wp-block-stradigi-gutenberg-fixed-spacer g-spacer g-spacer--size-medium\"><\/section>\n<\/div><section class=\"JB-1 h-section-background g-text\"><div class=\"container\"><div class=\"row\"><div class=\"col-lg-8\"><div class=\"g-text__bodytext\">\n<p><\/p>\n<\/div><\/div><\/div><\/div><\/section>","protected":false},"excerpt":{"rendered":"<p>Hadley Group Lehrlingsausbildungen Ein zweij\u00e4hriges Programm, das direkt auf Produktionsbereiche spezialisiert ist, einschlie\u00dflich Wartung und Werkzeugbau, das hilft, eine Vielzahl\u2026 <a href=\"https:\/\/www.hadleygroup.com\/de\/karriere\/ausbildungsprogramm\/\">&#8230;<\/a><\/p>\n","protected":false},"author":3,"featured_media":0,"parent":3573,"menu_order":0,"comment_status":"closed","ping_status":"closed","template":"","meta":{"_acf_changed":false,"footnotes":""},"categories":[],"class_list":["post-3445","page","type-page","status-publish","hentry"],"acf":[],"yoast_head":"<!-- This site is optimized with the Yoast SEO Premium plugin v25.1 (Yoast SEO v26.3) - https:\/\/yoast.com\/wordpress\/plugins\/seo\/ -->\n<title>Ausbildungsprogramm - Hadley Group<\/title>\n<meta name=\"description\" content=\"Wir sind nach wie vor bestrebt, junge Talente zu nutzen und zu f\u00f6rdern, indem wir unsere Ausbildungsprogramme ausweiten. Steigern Sie jetzt Ihre Karriere bei Hadley!\" \/>\n<meta name=\"robots\" content=\"index, follow, max-snippet:-1, max-image-preview:large, max-video-preview:-1\" \/>\n<link rel=\"canonical\" href=\"https:\/\/www.hadleygroup.com\/de\/karriere\/ausbildungsprogramm\/\" \/>\n<meta property=\"og:locale\" content=\"de_DE\" \/>\n<meta property=\"og:type\" content=\"article\" \/>\n<meta property=\"og:title\" content=\"Ausbildungsprogramm\" \/>\n<meta property=\"og:description\" content=\"Wir sind nach wie vor bestrebt, junge Talente zu nutzen und zu f\u00f6rdern, indem wir unsere Ausbildungsprogramme ausweiten. Steigern Sie jetzt Ihre Karriere bei Hadley!\" \/>\n<meta property=\"og:url\" content=\"https:\/\/www.hadleygroup.com\/de\/karriere\/ausbildungsprogramm\/\" \/>\n<meta property=\"og:site_name\" content=\"Hadley Group\" \/>\n<meta property=\"article:publisher\" content=\"https:\/\/www.facebook.com\/HadleyGroupGlobal\" \/>\n<meta property=\"article:modified_time\" content=\"2025-09-08T11:44:24+00:00\" \/>\n<meta property=\"og:image\" content=\"https:\/\/www.hadleygroup.com\/app\/uploads\/2022\/05\/V2_No-crop-Production-Career-Path-with-new-email-address.png\" \/>\n<meta name=\"twitter:card\" content=\"summary_large_image\" \/>\n<meta name=\"twitter:site\" content=\"@hadley_group\" \/>\n<meta name=\"twitter:label1\" content=\"Est. reading time\" \/>\n\t<meta name=\"twitter:data1\" content=\"2 minutes\" \/>\n<script type=\"application\/ld+json\" class=\"yoast-schema-graph\">{\"@context\":\"https:\/\/schema.org\",\"@graph\":[{\"@type\":\"WebPage\",\"@id\":\"https:\/\/www.hadleygroup.com\/de\/karriere\/ausbildungsprogramm\/\",\"url\":\"https:\/\/www.hadleygroup.com\/de\/karriere\/ausbildungsprogramm\/\",\"name\":\"Ausbildungsprogramm - Hadley Group\",\"isPartOf\":{\"@id\":\"https:\/\/www.hadleygroup.com\/de\/#website\"},\"primaryImageOfPage\":{\"@id\":\"https:\/\/www.hadleygroup.com\/de\/karriere\/ausbildungsprogramm\/#primaryimage\"},\"image\":{\"@id\":\"https:\/\/www.hadleygroup.com\/de\/karriere\/ausbildungsprogramm\/#primaryimage\"},\"thumbnailUrl\":\"https:\/\/www.hadleygroup.com\/app\/uploads\/2022\/05\/V2_No-crop-Production-Career-Path-with-new-email-address.png\",\"datePublished\":\"2022-05-13T07:49:05+00:00\",\"dateModified\":\"2025-09-08T11:44:24+00:00\",\"description\":\"Wir sind nach wie vor bestrebt, junge Talente zu nutzen und zu f\u00f6rdern, indem wir unsere Ausbildungsprogramme ausweiten. Steigern Sie jetzt Ihre Karriere bei Hadley!\",\"breadcrumb\":{\"@id\":\"https:\/\/www.hadleygroup.com\/de\/karriere\/ausbildungsprogramm\/#breadcrumb\"},\"inLanguage\":\"de-DE\",\"potentialAction\":[{\"@type\":\"ReadAction\",\"target\":[\"https:\/\/www.hadleygroup.com\/de\/karriere\/ausbildungsprogramm\/\"]}]},{\"@type\":\"ImageObject\",\"inLanguage\":\"de-DE\",\"@id\":\"https:\/\/www.hadleygroup.com\/de\/karriere\/ausbildungsprogramm\/#primaryimage\",\"url\":\"https:\/\/www.hadleygroup.com\/app\/uploads\/2022\/05\/V2_No-crop-Production-Career-Path-with-new-email-address.png\",\"contentUrl\":\"https:\/\/www.hadleygroup.com\/app\/uploads\/2022\/05\/V2_No-crop-Production-Career-Path-with-new-email-address.png\"},{\"@type\":\"BreadcrumbList\",\"@id\":\"https:\/\/www.hadleygroup.com\/de\/karriere\/ausbildungsprogramm\/#breadcrumb\",\"itemListElement\":[{\"@type\":\"ListItem\",\"position\":1,\"name\":\"Home\",\"item\":\"https:\/\/www.hadleygroup.com\/de\/\"},{\"@type\":\"ListItem\",\"position\":2,\"name\":\"Karriere\",\"item\":\"https:\/\/www.hadleygroup.com\/de\/karriere\/\"},{\"@type\":\"ListItem\",\"position\":3,\"name\":\"Ausbildungsprogramm\"}]},{\"@type\":\"WebSite\",\"@id\":\"https:\/\/www.hadleygroup.com\/de\/#website\",\"url\":\"https:\/\/www.hadleygroup.com\/de\/\",\"name\":\"Hadley Group\",\"description\":\"Shaping the Future in Metal\",\"publisher\":{\"@id\":\"https:\/\/www.hadleygroup.com\/de\/#organization\"},\"potentialAction\":[{\"@type\":\"SearchAction\",\"target\":{\"@type\":\"EntryPoint\",\"urlTemplate\":\"https:\/\/www.hadleygroup.com\/de\/?s={search_term_string}\"},\"query-input\":{\"@type\":\"PropertyValueSpecification\",\"valueRequired\":true,\"valueName\":\"search_term_string\"}}],\"inLanguage\":\"de-DE\"},{\"@type\":\"Organization\",\"@id\":\"https:\/\/www.hadleygroup.com\/de\/#organization\",\"name\":\"Hadley Group\",\"url\":\"https:\/\/www.hadleygroup.com\/de\/\",\"logo\":{\"@type\":\"ImageObject\",\"inLanguage\":\"de-DE\",\"@id\":\"https:\/\/www.hadleygroup.com\/de\/#\/schema\/logo\/image\/\",\"url\":\"https:\/\/www.hadleygroup.com\/app\/uploads\/2023\/01\/Hadley-Group-logo.jpg\",\"contentUrl\":\"https:\/\/www.hadleygroup.com\/app\/uploads\/2023\/01\/Hadley-Group-logo.jpg\",\"width\":1280,\"height\":300,\"caption\":\"Hadley Group\"},\"image\":{\"@id\":\"https:\/\/www.hadleygroup.com\/de\/#\/schema\/logo\/image\/\"},\"sameAs\":[\"https:\/\/www.facebook.com\/HadleyGroupGlobal\",\"https:\/\/x.com\/hadley_group\",\"https:\/\/www.youtube.com\/@HadleyGroupSmethwick\",\"https:\/\/www.linkedin.com\/company\/hadley-group-\/\"]}]}<\/script>\n<!-- \/ Yoast SEO Premium plugin. -->","yoast_head_json":{"title":"Ausbildungsprogramm - Hadley Group","description":"Wir sind nach wie vor bestrebt, junge Talente zu nutzen und zu f\u00f6rdern, indem wir unsere Ausbildungsprogramme ausweiten. Steigern Sie jetzt Ihre Karriere bei Hadley!","robots":{"index":"index","follow":"follow","max-snippet":"max-snippet:-1","max-image-preview":"max-image-preview:large","max-video-preview":"max-video-preview:-1"},"canonical":"https:\/\/www.hadleygroup.com\/de\/karriere\/ausbildungsprogramm\/","og_locale":"de_DE","og_type":"article","og_title":"Ausbildungsprogramm","og_description":"Wir sind nach wie vor bestrebt, junge Talente zu nutzen und zu f\u00f6rdern, indem wir unsere Ausbildungsprogramme ausweiten. Steigern Sie jetzt Ihre Karriere bei Hadley!","og_url":"https:\/\/www.hadleygroup.com\/de\/karriere\/ausbildungsprogramm\/","og_site_name":"Hadley Group","article_publisher":"https:\/\/www.facebook.com\/HadleyGroupGlobal","article_modified_time":"2025-09-08T11:44:24+00:00","og_image":[{"url":"https:\/\/www.hadleygroup.com\/app\/uploads\/2022\/05\/V2_No-crop-Production-Career-Path-with-new-email-address.png","type":"","width":"","height":""}],"twitter_card":"summary_large_image","twitter_site":"@hadley_group","twitter_misc":{"Est. reading time":"2 minutes"},"schema":{"@context":"https:\/\/schema.org","@graph":[{"@type":"WebPage","@id":"https:\/\/www.hadleygroup.com\/de\/karriere\/ausbildungsprogramm\/","url":"https:\/\/www.hadleygroup.com\/de\/karriere\/ausbildungsprogramm\/","name":"Ausbildungsprogramm - Hadley Group","isPartOf":{"@id":"https:\/\/www.hadleygroup.com\/de\/#website"},"primaryImageOfPage":{"@id":"https:\/\/www.hadleygroup.com\/de\/karriere\/ausbildungsprogramm\/#primaryimage"},"image":{"@id":"https:\/\/www.hadleygroup.com\/de\/karriere\/ausbildungsprogramm\/#primaryimage"},"thumbnailUrl":"https:\/\/www.hadleygroup.com\/app\/uploads\/2022\/05\/V2_No-crop-Production-Career-Path-with-new-email-address.png","datePublished":"2022-05-13T07:49:05+00:00","dateModified":"2025-09-08T11:44:24+00:00","description":"Wir sind nach wie vor bestrebt, junge Talente zu nutzen und zu f\u00f6rdern, indem wir unsere Ausbildungsprogramme ausweiten. Steigern Sie jetzt Ihre Karriere bei Hadley!","breadcrumb":{"@id":"https:\/\/www.hadleygroup.com\/de\/karriere\/ausbildungsprogramm\/#breadcrumb"},"inLanguage":"de-DE","potentialAction":[{"@type":"ReadAction","target":["https:\/\/www.hadleygroup.com\/de\/karriere\/ausbildungsprogramm\/"]}]},{"@type":"ImageObject","inLanguage":"de-DE","@id":"https:\/\/www.hadleygroup.com\/de\/karriere\/ausbildungsprogramm\/#primaryimage","url":"https:\/\/www.hadleygroup.com\/app\/uploads\/2022\/05\/V2_No-crop-Production-Career-Path-with-new-email-address.png","contentUrl":"https:\/\/www.hadleygroup.com\/app\/uploads\/2022\/05\/V2_No-crop-Production-Career-Path-with-new-email-address.png"},{"@type":"BreadcrumbList","@id":"https:\/\/www.hadleygroup.com\/de\/karriere\/ausbildungsprogramm\/#breadcrumb","itemListElement":[{"@type":"ListItem","position":1,"name":"Home","item":"https:\/\/www.hadleygroup.com\/de\/"},{"@type":"ListItem","position":2,"name":"Karriere","item":"https:\/\/www.hadleygroup.com\/de\/karriere\/"},{"@type":"ListItem","position":3,"name":"Ausbildungsprogramm"}]},{"@type":"WebSite","@id":"https:\/\/www.hadleygroup.com\/de\/#website","url":"https:\/\/www.hadleygroup.com\/de\/","name":"Hadley Group","description":"Shaping the Future in Metal","publisher":{"@id":"https:\/\/www.hadleygroup.com\/de\/#organization"},"potentialAction":[{"@type":"SearchAction","target":{"@type":"EntryPoint","urlTemplate":"https:\/\/www.hadleygroup.com\/de\/?s={search_term_string}"},"query-input":{"@type":"PropertyValueSpecification","valueRequired":true,"valueName":"search_term_string"}}],"inLanguage":"de-DE"},{"@type":"Organization","@id":"https:\/\/www.hadleygroup.com\/de\/#organization","name":"Hadley Group","url":"https:\/\/www.hadleygroup.com\/de\/","logo":{"@type":"ImageObject","inLanguage":"de-DE","@id":"https:\/\/www.hadleygroup.com\/de\/#\/schema\/logo\/image\/","url":"https:\/\/www.hadleygroup.com\/app\/uploads\/2023\/01\/Hadley-Group-logo.jpg","contentUrl":"https:\/\/www.hadleygroup.com\/app\/uploads\/2023\/01\/Hadley-Group-logo.jpg","width":1280,"height":300,"caption":"Hadley Group"},"image":{"@id":"https:\/\/www.hadleygroup.com\/de\/#\/schema\/logo\/image\/"},"sameAs":["https:\/\/www.facebook.com\/HadleyGroupGlobal","https:\/\/x.com\/hadley_group","https:\/\/www.youtube.com\/@HadleyGroupSmethwick","https:\/\/www.linkedin.com\/company\/hadley-group-\/"]}]}},"_links":{"self":[{"href":"https:\/\/www.hadleygroup.com\/de\/wp-json\/wp\/v2\/pages\/3445","targetHints":{"allow":["GET"]}}],"collection":[{"href":"https:\/\/www.hadleygroup.com\/de\/wp-json\/wp\/v2\/pages"}],"about":[{"href":"https:\/\/www.hadleygroup.com\/de\/wp-json\/wp\/v2\/types\/page"}],"author":[{"embeddable":true,"href":"https:\/\/www.hadleygroup.com\/de\/wp-json\/wp\/v2\/users\/3"}],"replies":[{"embeddable":true,"href":"https:\/\/www.hadleygroup.com\/de\/wp-json\/wp\/v2\/comments?post=3445"}],"version-history":[{"count":6,"href":"https:\/\/www.hadleygroup.com\/de\/wp-json\/wp\/v2\/pages\/3445\/revisions"}],"predecessor-version":[{"id":16218,"href":"https:\/\/www.hadleygroup.com\/de\/wp-json\/wp\/v2\/pages\/3445\/revisions\/16218"}],"up":[{"embeddable":true,"href":"https:\/\/www.hadleygroup.com\/de\/wp-json\/wp\/v2\/pages\/3573"}],"wp:attachment":[{"href":"https:\/\/www.hadleygroup.com\/de\/wp-json\/wp\/v2\/media?parent=3445"}],"wp:term":[{"taxonomy":"category","embeddable":true,"href":"https:\/\/www.hadleygroup.com\/de\/wp-json\/wp\/v2\/categories?post=3445"}],"curies":[{"name":"wp","href":"https:\/\/api.w.org\/{rel}","templated":true}]}}