{"id":3347,"date":"2022-05-13T14:22:24","date_gmt":"2022-05-13T14:22:24","guid":{"rendered":"https:\/\/www.hadleygroup.com\/hadley-group-technology\/ueber-uns\/"},"modified":"2022-09-09T08:58:29","modified_gmt":"2022-09-09T08:58:29","slug":"uber-uns","status":"publish","type":"page","link":"https:\/\/www.hadleygroup.com\/de\/rollformen-nach-mass\/hadley-group-technology\/uber-uns\/","title":{"rendered":"\u00dcber uns"},"content":{"rendered":"<background-video inline-template :autoplay=\"true\" video=\"\"> \n<section class=\"wp-block-stradigi-gutenberg-hero g-hero container-fluid p-0 g-hero--has-overlay\" style=\"background-image:url(&quot;https:\/\/www.hadleygroup.com\/app\/uploads\/2022\/03\/DSC_0113.png&quot;)\" data-youtube-url=\"\"><div class=\"g-hero--filter\"><\/div><div class=\"g-hero__container container\"><div class=\"g-hero__wrap\"><h1 class=\"g-hero__heading\">Hadley Group Technology<\/h1><div class=\"g-hero__body\"><div class=\"g-hero__body__text\"><p><\/p><\/div><div class=\"g-hero__body__buttons\"><\/div><\/div><\/div><div class=\"g-hero__chevron__container d-none d-lg-block\"><i class=\"fas fa-chevron-down fa-3x scrollDown\"><\/i><\/div><\/div><\/section>\n <\/background-video>\n\n<div class=\"JB-1 h-section-background\">\n<section class=\"wp-block-stradigi-gutenberg-fixed-spacer g-spacer g-spacer--size-Mittel g-spacer--size-medium\"><\/section>\n<\/div>\n\n<section class=\"JB-1 h-section-background g-text\"><div class=\"container\"><div class=\"row\"><div class=\"col-lg-8\"><div class=\"g-text__title\">\n<h6 class=\"wp-block-heading\">Die Hadley Group (HG) begann unter dem Namen Hadley &amp; Evans als Hersteller von Walzprofiliermaschinen. Auf dieser soliden Grundlage konnten wir durch die Installation und Entwicklung von mehr als 70 selbst entworfenen und gebauten kundenspezifischen Walzprofilieranlagen, darunter Dutzende von fachm\u00e4nnischen Innovationen, schneller, effizienter und mit immer h\u00f6herer Pr\u00e4zision arbeiten.<\/h6>\n<\/div><\/div><\/div><\/div><\/section>\n\n<div class=\"JB-1 h-section-background\">\n<section class=\"wp-block-stradigi-gutenberg-fixed-spacer g-spacer g-spacer--size-klein g-spacer--size-small\"><\/section>\n<\/div>\n\n<section class=\"JB-1 h-section-background g-text\"><div class=\"container\"><div class=\"row\"><div class=\"col-lg-8\"><div class=\"g-text__bodytext\">\n<p>Bei Hadley Group Technology entwickeln wir die Systeme und L\u00f6sungen der Zukunft &#8211; in Zusammenarbeit mit Unternehmen, Universit\u00e4ten und Branchenverb\u00e4nden in einem &#8220;Innovationszyklus&#8221;, auf dem unser Unternehmen aufgebaut wurde.<\/p>\n<\/div><\/div><\/div><\/div><\/section>\n\n<section class=\"JB-1 h-section-background g-text\"><div class=\"container\"><div class=\"row\"><div class=\"col-lg-8\"><div class=\"g-text__bodytext\">\n<p>Mehr als 60 Vollzeit-Ingenieure und Techniker widmen sich der Forschung, der Produktentwicklung, der Konstruktion von Werkzeugen und Maschinen, der Fertigung und dem technischen Support.<\/p>\n<\/div><\/div><\/div><\/div><\/section>\n\n<section class=\"JB-1 h-section-background g-text\"><div class=\"container\"><div class=\"row\"><div class=\"col-lg-8\"><div class=\"g-text__bodytext\">\n<p>Mit den neuesten Entwicklungen in der Computersimulationstechnologie, fortschrittlicher technischer Hardware und den F\u00e4higkeiten und Kenntnissen unseres internen Teams bildet diese spezialisierte technische Ressource das Herzst\u00fcck der Hadley-Gruppe.<\/p>\n<\/div><\/div><\/div><\/div><\/section>\n\n<section class=\"JB-1 h-section-background g-text\"><div class=\"container\"><div class=\"row\"><div class=\"col-lg-8\"><div class=\"g-text__bodytext\">\n<p>Unser nach ISO 9001 zertifiziertes, hochmodernes Center of Excellence bietet folgende Dienstleistungen an:<\/p>\n<\/div><\/div><\/div><\/div><\/section>\n\n<section class=\"JB-1 h-section-background g-text\"><div class=\"container\"><div class=\"row\"><div class=\"col-lg-8\"><div class=\"g-text__bodytext\">\n<ul class=\"wp-block-list\"><li>Forschung und Produktentwicklung <\/li><li>Werkzeugkonstruktion und -herstellung <\/li><li>Konstruktion und Herstellung von Maschinen<\/li><li>Inbetriebnahme von Werkzeugen und Maschinen <\/li><li>24-Stunden-Service und TPM von Werkzeugen und Maschinen der Gruppe <\/li><li>Technische Unterst\u00fctzung<\/li><li>Technische Lehrlingsausbildung <\/li><\/ul>\n<\/div><\/div><\/div><\/div><\/section>\n\n<div class=\"JB-1 h-section-background\">\n<section class=\"wp-block-stradigi-gutenberg-fixed-spacer g-spacer g-spacer--size-Mittel g-spacer--size-medium\"><\/section>\n<\/div>\n\n<div class=\"JB-1 h-section-background\">\n<section class=\"wp-block-stradigi-gutenberg-text-cta g-text\"><div class=\"container\"><div class=\"row\"><div class=\"col-lg-8\"><div class=\"g-text__bodytext\"><p> <br><strong>Seit \u00fcber 30 Jahren f\u00fchren wir in Zusammenarbeit mit lokalen und internationalen akademischen Einrichtungen und externen Forschungszentren umfangreiche Forschungsarbeiten durch.<\/strong><\/p><\/div><a href=\"https:\/\/www.hadleygroup.com\/de\/rollformen-nach-mass\/hadley-group-technology\/veroffentlichungen\/\" class=\"c-button g-text__button\">Siehe unsere Ver\u00f6ffentlichungen<i class=\"fas fa-sm fa-chevron-right\"><\/i><\/a><\/div><\/div><\/div><\/section>\n<\/div>\n\n<div class=\"JB-1 h-section-background\">\n<section class=\"wp-block-stradigi-gutenberg-fixed-spacer g-spacer g-spacer--size-gro\u00df g-spacer--size-large\"><\/section>\n<\/div>\n\n<section class=\"JB-1 h-section-background g-text\"><div class=\"container\"><div class=\"row\"><div class=\"col-lg-8\"><div class=\"g-text__bodytext\">\n<p><\/p>\n<\/div><\/div><\/div><\/div><\/section>","protected":false},"excerpt":{"rendered":"<p>Die Hadley Group (HG) begann unter dem Namen Hadley &amp; Evans als Hersteller von Walzprofiliermaschinen. Auf dieser soliden Grundlage konnten\u2026 <a href=\"https:\/\/www.hadleygroup.com\/de\/rollformen-nach-mass\/hadley-group-technology\/uber-uns\/\">&#8230;<\/a><\/p>\n","protected":false},"author":3,"featured_media":149,"parent":3236,"menu_order":0,"comment_status":"closed","ping_status":"closed","template":"","meta":{"_acf_changed":false,"footnotes":""},"categories":[],"class_list":["post-3347","page","type-page","status-publish","has-post-thumbnail","hentry"],"acf":[],"yoast_head":"<!-- This site is optimized with the Yoast SEO Premium plugin v25.1 (Yoast SEO v26.3) - https:\/\/yoast.com\/wordpress\/plugins\/seo\/ -->\n<title>Lesen Sie hier \u00fcber unseren Innovationszyklus - Hadley Group<\/title>\n<meta name=\"description\" content=\"Unsere Technologieabteilung befasst sich u.a. mit Forschung, Produktentwicklung, Konstruktion von Werkzeugen und Maschinen sowie technischem Support\" \/>\n<meta name=\"robots\" content=\"index, follow, max-snippet:-1, max-image-preview:large, max-video-preview:-1\" \/>\n<link rel=\"canonical\" href=\"https:\/\/www.hadleygroup.com\/de\/rollformen-nach-mass\/hadley-group-technology\/uber-uns\/\" \/>\n<meta property=\"og:locale\" content=\"de_DE\" \/>\n<meta property=\"og:type\" content=\"article\" \/>\n<meta property=\"og:title\" content=\"\u00dcber uns\" \/>\n<meta property=\"og:description\" content=\"Unsere Technologieabteilung befasst sich u.a. mit Forschung, Produktentwicklung, Konstruktion von Werkzeugen und Maschinen sowie technischem Support\" \/>\n<meta property=\"og:url\" content=\"https:\/\/www.hadleygroup.com\/de\/rollformen-nach-mass\/hadley-group-technology\/uber-uns\/\" \/>\n<meta property=\"og:site_name\" content=\"Hadley Group\" \/>\n<meta property=\"article:publisher\" content=\"https:\/\/www.facebook.com\/HadleyGroupGlobal\" \/>\n<meta property=\"article:modified_time\" content=\"2022-09-09T08:58:29+00:00\" \/>\n<meta property=\"og:image\" content=\"https:\/\/www.hadleygroup.com\/app\/uploads\/2022\/03\/DSC_0113.png\" \/>\n\t<meta property=\"og:image:width\" content=\"2000\" \/>\n\t<meta property=\"og:image:height\" content=\"1331\" \/>\n\t<meta property=\"og:image:type\" content=\"image\/png\" \/>\n<meta name=\"twitter:card\" content=\"summary_large_image\" \/>\n<meta name=\"twitter:site\" content=\"@hadley_group\" \/>\n<meta name=\"twitter:label1\" content=\"Est. reading time\" \/>\n\t<meta name=\"twitter:data1\" content=\"1 minute\" \/>\n<script type=\"application\/ld+json\" class=\"yoast-schema-graph\">{\"@context\":\"https:\/\/schema.org\",\"@graph\":[{\"@type\":\"WebPage\",\"@id\":\"https:\/\/www.hadleygroup.com\/de\/rollformen-nach-mass\/hadley-group-technology\/uber-uns\/\",\"url\":\"https:\/\/www.hadleygroup.com\/de\/rollformen-nach-mass\/hadley-group-technology\/uber-uns\/\",\"name\":\"Lesen Sie hier \u00fcber unseren Innovationszyklus - Hadley Group\",\"isPartOf\":{\"@id\":\"https:\/\/www.hadleygroup.com\/de\/#website\"},\"primaryImageOfPage\":{\"@id\":\"https:\/\/www.hadleygroup.com\/de\/rollformen-nach-mass\/hadley-group-technology\/uber-uns\/#primaryimage\"},\"image\":{\"@id\":\"https:\/\/www.hadleygroup.com\/de\/rollformen-nach-mass\/hadley-group-technology\/uber-uns\/#primaryimage\"},\"thumbnailUrl\":\"https:\/\/www.hadleygroup.com\/app\/uploads\/2022\/03\/DSC_0113.png\",\"datePublished\":\"2022-05-13T14:22:24+00:00\",\"dateModified\":\"2022-09-09T08:58:29+00:00\",\"description\":\"Unsere Technologieabteilung befasst sich u.a. mit Forschung, Produktentwicklung, Konstruktion von Werkzeugen und Maschinen sowie technischem Support\",\"breadcrumb\":{\"@id\":\"https:\/\/www.hadleygroup.com\/de\/rollformen-nach-mass\/hadley-group-technology\/uber-uns\/#breadcrumb\"},\"inLanguage\":\"de-DE\",\"potentialAction\":[{\"@type\":\"ReadAction\",\"target\":[\"https:\/\/www.hadleygroup.com\/de\/rollformen-nach-mass\/hadley-group-technology\/uber-uns\/\"]}]},{\"@type\":\"ImageObject\",\"inLanguage\":\"de-DE\",\"@id\":\"https:\/\/www.hadleygroup.com\/de\/rollformen-nach-mass\/hadley-group-technology\/uber-uns\/#primaryimage\",\"url\":\"https:\/\/www.hadleygroup.com\/app\/uploads\/2022\/03\/DSC_0113.png\",\"contentUrl\":\"https:\/\/www.hadleygroup.com\/app\/uploads\/2022\/03\/DSC_0113.png\",\"width\":2000,\"height\":1331,\"caption\":\"Hadley-Produktionslinie hinter Sicherheitsbarriere\"},{\"@type\":\"BreadcrumbList\",\"@id\":\"https:\/\/www.hadleygroup.com\/de\/rollformen-nach-mass\/hadley-group-technology\/uber-uns\/#breadcrumb\",\"itemListElement\":[{\"@type\":\"ListItem\",\"position\":1,\"name\":\"Home\",\"item\":\"https:\/\/www.hadleygroup.com\/de\/\"},{\"@type\":\"ListItem\",\"position\":2,\"name\":\"Rollformen nach Ma\u00df\",\"item\":\"https:\/\/www.hadleygroup.com\/de\/rollformen-nach-mass\/\"},{\"@type\":\"ListItem\",\"position\":3,\"name\":\"Hadley Group Technology\",\"item\":\"https:\/\/www.hadleygroup.com\/de\/rollformen-nach-mass\/hadley-group-technology\/\"},{\"@type\":\"ListItem\",\"position\":4,\"name\":\"\u00dcber uns\"}]},{\"@type\":\"WebSite\",\"@id\":\"https:\/\/www.hadleygroup.com\/de\/#website\",\"url\":\"https:\/\/www.hadleygroup.com\/de\/\",\"name\":\"Hadley Group\",\"description\":\"Shaping the Future in Metal\",\"publisher\":{\"@id\":\"https:\/\/www.hadleygroup.com\/de\/#organization\"},\"potentialAction\":[{\"@type\":\"SearchAction\",\"target\":{\"@type\":\"EntryPoint\",\"urlTemplate\":\"https:\/\/www.hadleygroup.com\/de\/?s={search_term_string}\"},\"query-input\":{\"@type\":\"PropertyValueSpecification\",\"valueRequired\":true,\"valueName\":\"search_term_string\"}}],\"inLanguage\":\"de-DE\"},{\"@type\":\"Organization\",\"@id\":\"https:\/\/www.hadleygroup.com\/de\/#organization\",\"name\":\"Hadley Group\",\"url\":\"https:\/\/www.hadleygroup.com\/de\/\",\"logo\":{\"@type\":\"ImageObject\",\"inLanguage\":\"de-DE\",\"@id\":\"https:\/\/www.hadleygroup.com\/de\/#\/schema\/logo\/image\/\",\"url\":\"https:\/\/www.hadleygroup.com\/app\/uploads\/2023\/01\/Hadley-Group-logo.jpg\",\"contentUrl\":\"https:\/\/www.hadleygroup.com\/app\/uploads\/2023\/01\/Hadley-Group-logo.jpg\",\"width\":1280,\"height\":300,\"caption\":\"Hadley Group\"},\"image\":{\"@id\":\"https:\/\/www.hadleygroup.com\/de\/#\/schema\/logo\/image\/\"},\"sameAs\":[\"https:\/\/www.facebook.com\/HadleyGroupGlobal\",\"https:\/\/x.com\/hadley_group\",\"https:\/\/www.youtube.com\/@HadleyGroupSmethwick\",\"https:\/\/www.linkedin.com\/company\/hadley-group-\/\"]}]}<\/script>\n<!-- \/ Yoast SEO Premium plugin. -->","yoast_head_json":{"title":"Lesen Sie hier \u00fcber unseren Innovationszyklus - Hadley Group","description":"Unsere Technologieabteilung befasst sich u.a. mit Forschung, Produktentwicklung, Konstruktion von Werkzeugen und Maschinen sowie technischem Support","robots":{"index":"index","follow":"follow","max-snippet":"max-snippet:-1","max-image-preview":"max-image-preview:large","max-video-preview":"max-video-preview:-1"},"canonical":"https:\/\/www.hadleygroup.com\/de\/rollformen-nach-mass\/hadley-group-technology\/uber-uns\/","og_locale":"de_DE","og_type":"article","og_title":"\u00dcber uns","og_description":"Unsere Technologieabteilung befasst sich u.a. mit Forschung, Produktentwicklung, Konstruktion von Werkzeugen und Maschinen sowie technischem Support","og_url":"https:\/\/www.hadleygroup.com\/de\/rollformen-nach-mass\/hadley-group-technology\/uber-uns\/","og_site_name":"Hadley Group","article_publisher":"https:\/\/www.facebook.com\/HadleyGroupGlobal","article_modified_time":"2022-09-09T08:58:29+00:00","og_image":[{"width":2000,"height":1331,"url":"https:\/\/www.hadleygroup.com\/app\/uploads\/2022\/03\/DSC_0113.png","type":"image\/png"}],"twitter_card":"summary_large_image","twitter_site":"@hadley_group","twitter_misc":{"Est. reading time":"1 minute"},"schema":{"@context":"https:\/\/schema.org","@graph":[{"@type":"WebPage","@id":"https:\/\/www.hadleygroup.com\/de\/rollformen-nach-mass\/hadley-group-technology\/uber-uns\/","url":"https:\/\/www.hadleygroup.com\/de\/rollformen-nach-mass\/hadley-group-technology\/uber-uns\/","name":"Lesen Sie hier \u00fcber unseren Innovationszyklus - Hadley Group","isPartOf":{"@id":"https:\/\/www.hadleygroup.com\/de\/#website"},"primaryImageOfPage":{"@id":"https:\/\/www.hadleygroup.com\/de\/rollformen-nach-mass\/hadley-group-technology\/uber-uns\/#primaryimage"},"image":{"@id":"https:\/\/www.hadleygroup.com\/de\/rollformen-nach-mass\/hadley-group-technology\/uber-uns\/#primaryimage"},"thumbnailUrl":"https:\/\/www.hadleygroup.com\/app\/uploads\/2022\/03\/DSC_0113.png","datePublished":"2022-05-13T14:22:24+00:00","dateModified":"2022-09-09T08:58:29+00:00","description":"Unsere Technologieabteilung befasst sich u.a. mit Forschung, Produktentwicklung, Konstruktion von Werkzeugen und Maschinen sowie technischem Support","breadcrumb":{"@id":"https:\/\/www.hadleygroup.com\/de\/rollformen-nach-mass\/hadley-group-technology\/uber-uns\/#breadcrumb"},"inLanguage":"de-DE","potentialAction":[{"@type":"ReadAction","target":["https:\/\/www.hadleygroup.com\/de\/rollformen-nach-mass\/hadley-group-technology\/uber-uns\/"]}]},{"@type":"ImageObject","inLanguage":"de-DE","@id":"https:\/\/www.hadleygroup.com\/de\/rollformen-nach-mass\/hadley-group-technology\/uber-uns\/#primaryimage","url":"https:\/\/www.hadleygroup.com\/app\/uploads\/2022\/03\/DSC_0113.png","contentUrl":"https:\/\/www.hadleygroup.com\/app\/uploads\/2022\/03\/DSC_0113.png","width":2000,"height":1331,"caption":"Hadley-Produktionslinie hinter Sicherheitsbarriere"},{"@type":"BreadcrumbList","@id":"https:\/\/www.hadleygroup.com\/de\/rollformen-nach-mass\/hadley-group-technology\/uber-uns\/#breadcrumb","itemListElement":[{"@type":"ListItem","position":1,"name":"Home","item":"https:\/\/www.hadleygroup.com\/de\/"},{"@type":"ListItem","position":2,"name":"Rollformen nach Ma\u00df","item":"https:\/\/www.hadleygroup.com\/de\/rollformen-nach-mass\/"},{"@type":"ListItem","position":3,"name":"Hadley Group Technology","item":"https:\/\/www.hadleygroup.com\/de\/rollformen-nach-mass\/hadley-group-technology\/"},{"@type":"ListItem","position":4,"name":"\u00dcber uns"}]},{"@type":"WebSite","@id":"https:\/\/www.hadleygroup.com\/de\/#website","url":"https:\/\/www.hadleygroup.com\/de\/","name":"Hadley Group","description":"Shaping the Future in Metal","publisher":{"@id":"https:\/\/www.hadleygroup.com\/de\/#organization"},"potentialAction":[{"@type":"SearchAction","target":{"@type":"EntryPoint","urlTemplate":"https:\/\/www.hadleygroup.com\/de\/?s={search_term_string}"},"query-input":{"@type":"PropertyValueSpecification","valueRequired":true,"valueName":"search_term_string"}}],"inLanguage":"de-DE"},{"@type":"Organization","@id":"https:\/\/www.hadleygroup.com\/de\/#organization","name":"Hadley Group","url":"https:\/\/www.hadleygroup.com\/de\/","logo":{"@type":"ImageObject","inLanguage":"de-DE","@id":"https:\/\/www.hadleygroup.com\/de\/#\/schema\/logo\/image\/","url":"https:\/\/www.hadleygroup.com\/app\/uploads\/2023\/01\/Hadley-Group-logo.jpg","contentUrl":"https:\/\/www.hadleygroup.com\/app\/uploads\/2023\/01\/Hadley-Group-logo.jpg","width":1280,"height":300,"caption":"Hadley Group"},"image":{"@id":"https:\/\/www.hadleygroup.com\/de\/#\/schema\/logo\/image\/"},"sameAs":["https:\/\/www.facebook.com\/HadleyGroupGlobal","https:\/\/x.com\/hadley_group","https:\/\/www.youtube.com\/@HadleyGroupSmethwick","https:\/\/www.linkedin.com\/company\/hadley-group-\/"]}]}},"_links":{"self":[{"href":"https:\/\/www.hadleygroup.com\/de\/wp-json\/wp\/v2\/pages\/3347","targetHints":{"allow":["GET"]}}],"collection":[{"href":"https:\/\/www.hadleygroup.com\/de\/wp-json\/wp\/v2\/pages"}],"about":[{"href":"https:\/\/www.hadleygroup.com\/de\/wp-json\/wp\/v2\/types\/page"}],"author":[{"embeddable":true,"href":"https:\/\/www.hadleygroup.com\/de\/wp-json\/wp\/v2\/users\/3"}],"replies":[{"embeddable":true,"href":"https:\/\/www.hadleygroup.com\/de\/wp-json\/wp\/v2\/comments?post=3347"}],"version-history":[{"count":4,"href":"https:\/\/www.hadleygroup.com\/de\/wp-json\/wp\/v2\/pages\/3347\/revisions"}],"predecessor-version":[{"id":3646,"href":"https:\/\/www.hadleygroup.com\/de\/wp-json\/wp\/v2\/pages\/3347\/revisions\/3646"}],"up":[{"embeddable":true,"href":"https:\/\/www.hadleygroup.com\/de\/wp-json\/wp\/v2\/pages\/3236"}],"wp:featuredmedia":[{"embeddable":true,"href":"https:\/\/www.hadleygroup.com\/de\/wp-json\/wp\/v2\/media\/149"}],"wp:attachment":[{"href":"https:\/\/www.hadleygroup.com\/de\/wp-json\/wp\/v2\/media?parent=3347"}],"wp:term":[{"taxonomy":"category","embeddable":true,"href":"https:\/\/www.hadleygroup.com\/de\/wp-json\/wp\/v2\/categories?post=3347"}],"curies":[{"name":"wp","href":"https:\/\/api.w.org\/{rel}","templated":true}]}}