{"id":3323,"date":"2022-03-04T20:00:53","date_gmt":"2022-03-04T20:00:53","guid":{"rendered":"https:\/\/www.hadleygroup.com\/hadley-group-technology\/werkzeuge\/"},"modified":"2023-04-13T15:43:11","modified_gmt":"2023-04-13T15:43:11","slug":"werkzeuge","status":"publish","type":"page","link":"https:\/\/www.hadleygroup.com\/de\/rollformen-nach-mass\/hadley-group-technology\/werkzeuge\/","title":{"rendered":"Werkzeuge &amp; Design"},"content":{"rendered":"<background-video inline-template :autoplay=\"true\" video=\"\"> \n<section class=\"wp-block-stradigi-gutenberg-hero g-hero container-fluid p-0 g-hero--has-overlay\" style=\"background-image:url(&quot;https:\/\/www.hadleygroup.com\/app\/uploads\/2022\/04\/DSC_1070.jpg&quot;)\" data-youtube-url=\"\"><div class=\"g-hero--filter\"><\/div><div class=\"g-hero__container container\"><div class=\"g-hero__wrap\"><h1 class=\"g-hero__heading\">Tooling<\/h1><div class=\"g-hero__body\"><div class=\"g-hero__body__text\"><p>Work with our industry-leading engineers to design, test, and build the precise tooling you need for your metal roll-forming production line<\/p><\/div><div class=\"g-hero__body__buttons\"><\/div><\/div><\/div><div class=\"g-hero__chevron__container d-none d-lg-block\"><i class=\"fas fa-chevron-down fa-3x scrollDown\"><\/i><\/div><\/div><\/section>\n <\/background-video><div class=\"JB-1 h-section-background\">\n<section class=\"wp-block-stradigi-gutenberg-fixed-spacer g-spacer g-spacer--size-medium\"><\/section>\n<\/div><accordion inline-template> <div class=\"JB-1 h-section-background\">\n<section class=\"wp-block-stradigi-gutenberg-accordion g-accordion\"><div class=\"container g-accordion__wrapper-relative\"><div class=\"row g-accordion__wrapper-relative-fg\"><div class=\"col-md-7\"><div class=\"g-accordion__container\"><h2 class=\"g-accordion__title\"><strong>Customised Tooling with Simulated Designs<\/strong>\u00a0<\/h2><ul class=\"g-accordion__list\"><li class=\"g-accordion__list-item\"><header class=\"g-accordion__list-header\"><i v-if=\"itemActive(0)\" class=\"fas fa-minus-circle g-accordion__list-icon g-accordion__list-icon--minus\"><\/i><i v-if=\"!itemActive(0)\" class=\"fas fa-plus-circle g-accordion__list-icon g-accordion__list-icon--plus\" @click=\"setActive(0)\"><\/i><h3 class=\"g-accordion__list-title\"><strong>Optimise your designs at an early stage<\/strong>\u00a0<\/h3><\/header><p v-if=\"itemActive(0)\" class=\"g-accordion__list-text\">Get a team of expert engineers to simulate and test your roll-forming tooling \u2014 with the latest in 3D CAD software.\u00a0\u00a0<\/p><\/li><li class=\"g-accordion__list-item\"><header class=\"g-accordion__list-header\"><i v-if=\"itemActive(1)\" class=\"fas fa-minus-circle g-accordion__list-icon g-accordion__list-icon--minus\"><\/i><i v-if=\"!itemActive(1)\" class=\"fas fa-plus-circle g-accordion__list-icon g-accordion__list-icon--plus\" @click=\"setActive(1)\"><\/i><h3 class=\"g-accordion__list-title\"><strong>Reduce your risk with prototype tooling<\/strong>\u00a0<\/h3><\/header><p v-if=\"itemActive(1)\" class=\"g-accordion__list-text\">Save time and money with our proprietary \u2018soft tooling\u2019 technology \u2014 so you can test complex profiles before you commit to production.\u00a0<br>\u00a0<\/p><\/li><li class=\"g-accordion__list-item\"><header class=\"g-accordion__list-header\"><i v-if=\"itemActive(2)\" class=\"fas fa-minus-circle g-accordion__list-icon g-accordion__list-icon--minus\"><\/i><i v-if=\"!itemActive(2)\" class=\"fas fa-plus-circle g-accordion__list-icon g-accordion__list-icon--plus\" @click=\"setActive(2)\"><\/i><h3 class=\"g-accordion__list-title\"><strong>Complete service cover<\/strong>\u00a0<\/h3><\/header><p v-if=\"itemActive(2)\" class=\"g-accordion__list-text\">Get access to 24\/7 tool servicing at our world-class Hadley production sites \u2014 with in-house engineers ready for every situation.\u00a0<\/p><\/li><\/ul><\/div><\/div><\/div><div class=\"row g-accordion__wrapper-absolute\"><div class=\"offset-md-1 col-md-4 offset-lg-2 col-lg-3\"><div class=\"g-accordion__bg\" style=\"background-image:none\"><\/div><\/div><\/div><\/div><\/section>\n<\/div> <\/accordion><div class=\"JB-1 h-section-background\">\n<section class=\"wp-block-stradigi-gutenberg-sidenote g-sidenote\"><div class=\"container\"><div class=\"g-sidenote__row row\"><div class=\"col-lg-5\"><div class=\"g-sidenote__content\"><section class=\"JB-1 h-section-background g-text\"><div class=\"container\"><div class=\"row\"><div class=\"col-lg-8\"><div class=\"g-text__bodytext\">\n<p class=\"has-medium-font-size\">In unserem Tooling-Engineering-Team, das aus mehreren einheimischen Konstrukteuren von Walz- und Presswerkzeugen besteht, stecken mehrere hundert Jahre Werkzeugexpertise. Nur \u00fcbertroffen von der Erfahrung unserer eigenen Werkzeugbau- und Serviceteams.<\/p>\n<\/div><\/div><\/div><\/div><\/section><\/div><\/div><article class=\"col-md-7 offset-xl-1 col-xl-6\"><div class=\"g-sidenote__sidenote\" style=\"background-image:none\"><div class=\"g-sidenote__sidenote-content\"><p>Watch our video on tooling design at Hadley<\/p><\/div><a href=\"#ToolingHistory\" class=\"c-button g-sidenote__sidenote-cta\">Watch now<i class=\"fas fa-sm fa-chevron-right\"><\/i><\/a><\/div><\/article><\/div><\/div><\/section>\n<\/div><div class=\"JB-1 h-section-background\">\n<section class=\"wp-block-stradigi-gutenberg-fixed-spacer g-spacer g-spacer--size-large\"><\/section>\n<\/div><section class=\"JB-1 h-section-background g-text\"><div class=\"container\"><div class=\"row\"><div class=\"col-lg-8\"><div class=\"g-text__title\">\n<h6 class=\"wp-block-heading\">Seit ihrer Gr\u00fcndung war die Hadley Group durch Hadley Group Technology immer v\u00f6llig unabh\u00e4ngig, wenn es um die Konstruktion und Entwicklung von Werkzeugen ging.<\/h6>\n<\/div><\/div><\/div><\/div><\/section><section class=\"JB-1 h-section-background g-text\"><div class=\"container\"><div class=\"row\"><div class=\"col-lg-8\"><div class=\"g-text__bodytext\">\n<p>Erg\u00e4nzt wird dies durch ein engagiertes Werkzeugkonstruktionsteam in den Niederlanden, das sich auf die Konstruktion komplizierter Rollformwerkzeuge f\u00fcr die Automobilindustrie spezialisiert hat. <\/p>\n<\/div><\/div><\/div><\/div><\/section><section class=\"JB-1 h-section-background g-text\"><div class=\"container\"><div class=\"row\"><div class=\"col-lg-8\"><div class=\"g-text__bodytext\">\n<p>Bei der Herstellung aller unserer Komponenten f\u00fcr Pr\u00e4zisionspresswerkzeuge werden hochspezialisierte Werkzeugst\u00e4hle verwendet, zusammen mit einer sorgf\u00e4ltig kontrollierten W\u00e4rmebehandlung, um die Leistung jedes einzelnen Teils zu optimieren. Dies garantiert maximale Langlebigkeit und optimale Leistung unserer Werkzeuge in der Produktion. <\/p>\n<\/div><\/div><\/div><\/div><\/section><div class=\"JB-1 h-section-background\">\n<section class=\"wp-block-stradigi-gutenberg-text-image g-text-image\"><div class=\"container\"><div class=\"g-text-image__row row\"><div data-translate=\"true\" class=\"order-2 offset-xl-1 col-md-5\"><div class=\"g-text-image__content\"><section class=\"JB-1 h-section-background g-text\"><div class=\"container\"><div class=\"row\"><div class=\"col-lg-8\"><div class=\"g-text__bodytext\">\n<p>Zu den vielen Bereichen, in denen Sie von uns profitieren k\u00f6nnen, geh\u00f6ren Konstruktionsberechnungen, Materialbewertung und Produktspezifikationen, aber auch die Integration bestehender Verfahrenstechniken und die Entwicklung neuer Ideen.  <\/p>\n<\/div><\/div><\/div><\/div><\/section>\n\n<section class=\"JB-1 h-section-background g-text\"><div class=\"container\"><div class=\"row\"><div class=\"col-lg-8\"><div class=\"g-text__bodytext\">\n<p>Zu den Techniken, die zur Entwicklung von Produkten und Prozessen verwendet werden, geh\u00f6ren: <\/p>\n<\/div><\/div><\/div><\/div><\/section>\n\n<section class=\"JB-1 h-section-background g-text\"><div class=\"container\"><div class=\"row\"><div class=\"col-lg-8\"><div class=\"g-text__bodytext\">\n<ul class=\"wp-block-list\">\n<li>Theoretische Bewertung <\/li>\n\n\n\n<li>Geometrische Profiloptimierung <\/li>\n\n\n\n<li>Computersimulation<\/li>\n\n\n\n<li>Prototypen <\/li>\n\n\n\n<li>Physikalische Pr\u00fcfung <\/li>\n\n\n\n<li>Metallurgische Analyse <\/li>\n\n\n\n<li>Prozessf\u00e4higkeitsstudien <\/li>\n<\/ul>\n<\/div><\/div><\/div><\/div><\/section><\/div><\/div><article data-translate=\"true\" class=\"order-1 col-md-7 col-xl-6\"><div class=\"g-text-image__sidenote\"><img decoding=\"async\" class=\"g-text-image__image\" src=\"https:\/\/www.hadleygroup.com\/app\/uploads\/2023\/04\/DSC_2376web-1024x681.jpg\" alt=\"dsc_2376web\"\/><\/div><\/article><\/div><\/div><\/section>\n<\/div><div class=\"JB-1 h-section-background\">\n<section class=\"wp-block-stradigi-gutenberg-fixed-spacer g-spacer g-spacer--size-medium\"><\/section>\n<\/div><section class=\"JB-1 h-section-background g-text\"><div class=\"container\"><div class=\"row\"><div class=\"col-lg-8\"><div class=\"g-text__title\">\n<h4 class=\"wp-block-heading\">Alle unsere Werkzeugkonstruktionsarbeiten werden mit der neuesten Hardware und 3D-CAD-Software durchgef\u00fchrt. <\/h4>\n<\/div><\/div><\/div><\/div><\/section><section class=\"JB-1 h-section-background g-text\"><div class=\"container\"><div class=\"row\"><div class=\"col-lg-8\"><div class=\"g-text__bodytext\">\n<p><br\/>Dazu geh\u00f6rt modernste nichtlineare Simulationstechnologie, die zur Optimierung des Designs und zur Vorhersage von Umformfehlern verwendet wird, bevor Werkzeugstahl geschnitten wird. <\/p>\n<\/div><\/div><\/div><\/div><\/section><section class=\"JB-1 h-section-background g-text\"><div class=\"container\"><div class=\"row\"><div class=\"col-lg-8\"><div class=\"g-text__bodytext\">\n<p>Die neueste CAM-Software und Werkzeugwegtechnologien spiegeln dies in der Fertigung wider und werden mit hochmodernen CNC-Maschinen gekoppelt, mit denen 100 % unserer intern entwickelten Werkzeuge hergestellt werden. Dies erm\u00f6glicht unseren Experten die volle Kontrolle \u00fcber die Qualit\u00e4t und die Lieferzeiten unserer Werkzeuge mit einem H\u00f6chstma\u00df an Genauigkeit. <br\/> <br\/>HGT verf\u00fcgt \u00fcber eine vollst\u00e4ndig dedizierte Produktionslinie f\u00fcr vorgestanzte Teile, die ausschlie\u00dflich f\u00fcr die Inbetriebnahme und Entwicklung von Werkzeugen reserviert ist. Unsere &#8216;Erstkontrolle&#8217;, gefolgt von der Kundenfreigabe, runden den Prozess ab. Auch erste Werkzeugversuche mit \u201eerster Prozessf\u00e4higkeit\u201c k\u00f6nnen von unseren Experten durchgef\u00fchrt werden. <br\/> <br\/>Alle Werkzeugeinstellungsdokumentationen und Arbeitsanweisungen werden von hochqualifizierten Mehrschicht-Inbetriebnahmeingenieuren mit zusammen \u00fcber 85 Jahren Erfahrung erstellt. <br\/> <br\/>Unsere Kommissionierlinie ist mit firmeneigener Technologie ausgestattet, um flexible Lochmuster mit \u201eSoft Tooling\u201c zu schneiden. Dies ist eine einzigartige Rollformlinie, die es unserem Kunden erm\u00f6glicht, komplexe gestanzte Profile zu prototypisieren, ohne in Presswerkzeuge investieren zu m\u00fcssen. <br\/> <br\/>Alle Hadley-Produktionsstandorte verf\u00fcgen \u00fcber lokalisierte Werkzeugwartungskapazit\u00e4ten \u2013 wir bieten 24\/7-Versorgung, um sicherzustellen, dass schnelle Werkzeugwechsel, geplante Wartungsarbeiten und Notfallreparaturen intern erledigt werden, wodurch maximale Produktivit\u00e4t und eine schnelle Abwicklung der Bestellungen unserer Kunden sichergestellt werden.<\/p>\n<\/div><\/div><\/div><\/div><\/section><div class=\"JB-1 h-section-background\">\n<section class=\"wp-block-stradigi-gutenberg-fixed-spacer g-spacer g-spacer--size-small\"><\/section>\n<\/div><div class=\"JB-1 h-section-background\">\n<section class=\"wp-block-stradigi-gutenberg-cta-one g-cta-one\" id=\"ToolingHistory\"><div class=\"container\"><div class=\"g-cta-one__row row\"><div class=\"col-sm-12 col-lg-8\"><h2 class=\"g-cta-one__title\"><h2 class=\"g-cta-one__title\">Speak to our Custom Roll Forming experts today<\/h2><\/h2><div class=\"g-cta-one__content\"><p>Your project enquiry will be handled by our Custom Roll Forming team. They will work with you to understand what kind of cold rolled profile you need, as well as your wider project goals such as sustainable production and responsibly sourced steel. <\/p><\/div><div class=\"g-cta-one__buttons\"><a href=\"https:\/\/www.hadleygroup.com\/de\/kontakt\/\" class=\"g-cta-one__button-primary\">Contact us<i class=\"fas fa-sm fa-chevron-right\"><\/i><\/a><a href=\"https:\/\/www.hadleygroup.com\/de\/rollformen-nach-mass\/\" class=\"g-cta-one__button-secondary\">Go to Custom Roll Forming<i class=\"fas fa-sm fa-chevron-right\"><\/i><\/a><\/div><\/div><\/div><\/div><\/section>\n<\/div><div class=\"JB-1 h-section-background\">\n<section class=\"wp-block-stradigi-gutenberg-fixed-spacer g-spacer g-spacer--size-small\"><\/section>\n<\/div><div class=\"JB-1 h-section-background\">\n<section class=\"wp-block-stradigi-gutenberg-text-image g-text-image\"><div class=\"container\"><div class=\"g-text-image__row row\"><div data-translate=\"true\" class=\"order-2 offset-xl-1 col-md-3\"><div class=\"g-text-image__content\"><section class=\"JB-1 h-section-background g-text\"><div class=\"container\"><div class=\"row\"><div class=\"col-lg-8\"><div class=\"g-text__title\">\n<h2 class=\"wp-block-heading\">Interessiert an Werkzeugkonstruktion?<\/h2>\n<\/div><\/div><\/div><\/div><\/section>\n\n<section class=\"JB-1 h-section-background g-text\"><div class=\"container\"><div class=\"row\"><div class=\"col-lg-8\"><div class=\"g-text__bodytext\">\n<p><\/p>\n<\/div><\/div><\/div><\/div><\/section>\n\n<section class=\"JB-1 h-section-background g-text\"><div class=\"container\"><div class=\"row\"><div class=\"col-lg-8\"><div class=\"g-text__bodytext\">\n<p>Unser internes Know-how in der Werkzeugkonstruktion erstreckt sich \u00fcber Generationen. <\/p>\n<\/div><\/div><\/div><\/div><\/section>\n\n<section class=\"JB-1 h-section-background g-text\"><div class=\"container\"><div class=\"row\"><div class=\"col-lg-8\"><div class=\"g-text__bodytext\">\n<p>Steve Oldhams, Technical Fellow, spricht hier \u00fcber die Urspr\u00fcnge des Werkzeugdesigns, w\u00e4hrend Sam erkl\u00e4rt, wie die Dinge heute gemacht werden. <\/p>\n<\/div><\/div><\/div><\/div><\/section><\/div><\/div><article data-translate=\"true\" class=\"order-1 col-md-9 col-xl-8\"><div class=\"g-text-image__sidenote\"><div class=\"g-text-image__frame-wrapper\"><iframe src=\"https:\/\/player.vimeo.com\/video\/710332569?&amp;autoplay=0&amp;loop=1&amp;byline=0&amp;title=0\"><\/iframe><\/div><\/div><\/article><\/div><\/div><\/section>\n<\/div><div class=\"JB-1 h-section-background\">\n<section class=\"wp-block-stradigi-gutenberg-fixed-spacer g-spacer g-spacer--size-small\"><\/section>\n<\/div><div class=\"JB-1 h-section-background\">\n<section class=\"wp-block-stradigi-gutenberg-fixed-spacer g-spacer g-spacer--size-large\"><\/section>\n<\/div>","protected":false},"excerpt":{"rendered":"<p>Seit ihrer Gr\u00fcndung war die Hadley Group durch Hadley Group Technology immer v\u00f6llig unabh\u00e4ngig, wenn es um die Konstruktion und\u2026 <a href=\"https:\/\/www.hadleygroup.com\/de\/rollformen-nach-mass\/hadley-group-technology\/werkzeuge\/\">&#8230;<\/a><\/p>\n","protected":false},"author":3,"featured_media":0,"parent":3236,"menu_order":0,"comment_status":"closed","ping_status":"closed","template":"","meta":{"_acf_changed":false,"footnotes":""},"categories":[],"class_list":["post-3323","page","type-page","status-publish","hentry"],"acf":[],"yoast_head":"<!-- This site is optimized with the Yoast SEO Premium plugin v25.1 (Yoast SEO v26.3) - https:\/\/yoast.com\/wordpress\/plugins\/seo\/ -->\n<title>Werkzeuge &amp; Design - Hadley Group<\/title>\n<meta name=\"description\" content=\"Unser Team von Werkzeugkonstrukteuren verf\u00fcgt \u00fcber mehrere hundert Jahre Erfahrung im Bereich der Werkzeugherstellung und ist selbst Entwickler von Walz- und Presswerkzeugen.\" \/>\n<meta name=\"robots\" content=\"index, follow, max-snippet:-1, max-image-preview:large, max-video-preview:-1\" \/>\n<link rel=\"canonical\" href=\"https:\/\/www.hadleygroup.com\/de\/rollformen-nach-mass\/hadley-group-technology\/werkzeuge\/\" \/>\n<meta property=\"og:locale\" content=\"de_DE\" \/>\n<meta property=\"og:type\" content=\"article\" \/>\n<meta property=\"og:title\" content=\"Werkzeuge &amp; Design\" \/>\n<meta property=\"og:description\" content=\"Unser Team von Werkzeugkonstrukteuren verf\u00fcgt \u00fcber mehrere hundert Jahre Erfahrung im Bereich der Werkzeugherstellung und ist selbst Entwickler von Walz- und Presswerkzeugen.\" \/>\n<meta property=\"og:url\" content=\"https:\/\/www.hadleygroup.com\/de\/rollformen-nach-mass\/hadley-group-technology\/werkzeuge\/\" \/>\n<meta property=\"og:site_name\" content=\"Hadley Group\" \/>\n<meta property=\"article:publisher\" content=\"https:\/\/www.facebook.com\/HadleyGroupGlobal\" \/>\n<meta property=\"article:modified_time\" content=\"2023-04-13T15:43:11+00:00\" \/>\n<meta property=\"og:image\" content=\"https:\/\/www.hadleygroup.com\/app\/uploads\/2023\/04\/DSC_2376web-1024x681.jpg\" \/>\n<meta name=\"twitter:card\" content=\"summary_large_image\" \/>\n<meta name=\"twitter:site\" content=\"@hadley_group\" \/>\n<meta name=\"twitter:label1\" content=\"Est. reading time\" \/>\n\t<meta name=\"twitter:data1\" content=\"2 minutes\" \/>\n<script type=\"application\/ld+json\" class=\"yoast-schema-graph\">{\"@context\":\"https:\/\/schema.org\",\"@graph\":[{\"@type\":\"WebPage\",\"@id\":\"https:\/\/www.hadleygroup.com\/de\/rollformen-nach-mass\/hadley-group-technology\/werkzeuge\/\",\"url\":\"https:\/\/www.hadleygroup.com\/de\/rollformen-nach-mass\/hadley-group-technology\/werkzeuge\/\",\"name\":\"Werkzeuge &amp; Design - Hadley Group\",\"isPartOf\":{\"@id\":\"https:\/\/www.hadleygroup.com\/de\/#website\"},\"primaryImageOfPage\":{\"@id\":\"https:\/\/www.hadleygroup.com\/de\/rollformen-nach-mass\/hadley-group-technology\/werkzeuge\/#primaryimage\"},\"image\":{\"@id\":\"https:\/\/www.hadleygroup.com\/de\/rollformen-nach-mass\/hadley-group-technology\/werkzeuge\/#primaryimage\"},\"thumbnailUrl\":\"https:\/\/www.hadleygroup.com\/app\/uploads\/2023\/04\/DSC_2376web-1024x681.jpg\",\"datePublished\":\"2022-03-04T20:00:53+00:00\",\"dateModified\":\"2023-04-13T15:43:11+00:00\",\"description\":\"Unser Team von Werkzeugkonstrukteuren verf\u00fcgt \u00fcber mehrere hundert Jahre Erfahrung im Bereich der Werkzeugherstellung und ist selbst Entwickler von Walz- und Presswerkzeugen.\",\"breadcrumb\":{\"@id\":\"https:\/\/www.hadleygroup.com\/de\/rollformen-nach-mass\/hadley-group-technology\/werkzeuge\/#breadcrumb\"},\"inLanguage\":\"de-DE\",\"potentialAction\":[{\"@type\":\"ReadAction\",\"target\":[\"https:\/\/www.hadleygroup.com\/de\/rollformen-nach-mass\/hadley-group-technology\/werkzeuge\/\"]}]},{\"@type\":\"ImageObject\",\"inLanguage\":\"de-DE\",\"@id\":\"https:\/\/www.hadleygroup.com\/de\/rollformen-nach-mass\/hadley-group-technology\/werkzeuge\/#primaryimage\",\"url\":\"https:\/\/www.hadleygroup.com\/app\/uploads\/2023\/04\/DSC_2376web-1024x681.jpg\",\"contentUrl\":\"https:\/\/www.hadleygroup.com\/app\/uploads\/2023\/04\/DSC_2376web-1024x681.jpg\"},{\"@type\":\"BreadcrumbList\",\"@id\":\"https:\/\/www.hadleygroup.com\/de\/rollformen-nach-mass\/hadley-group-technology\/werkzeuge\/#breadcrumb\",\"itemListElement\":[{\"@type\":\"ListItem\",\"position\":1,\"name\":\"Home\",\"item\":\"https:\/\/www.hadleygroup.com\/de\/\"},{\"@type\":\"ListItem\",\"position\":2,\"name\":\"Rollformen nach Ma\u00df\",\"item\":\"https:\/\/www.hadleygroup.com\/de\/rollformen-nach-mass\/\"},{\"@type\":\"ListItem\",\"position\":3,\"name\":\"Hadley Group Technology\",\"item\":\"https:\/\/www.hadleygroup.com\/de\/rollformen-nach-mass\/hadley-group-technology\/\"},{\"@type\":\"ListItem\",\"position\":4,\"name\":\"Werkzeuge &amp; Design\"}]},{\"@type\":\"WebSite\",\"@id\":\"https:\/\/www.hadleygroup.com\/de\/#website\",\"url\":\"https:\/\/www.hadleygroup.com\/de\/\",\"name\":\"Hadley Group\",\"description\":\"Shaping the Future in Metal\",\"publisher\":{\"@id\":\"https:\/\/www.hadleygroup.com\/de\/#organization\"},\"potentialAction\":[{\"@type\":\"SearchAction\",\"target\":{\"@type\":\"EntryPoint\",\"urlTemplate\":\"https:\/\/www.hadleygroup.com\/de\/?s={search_term_string}\"},\"query-input\":{\"@type\":\"PropertyValueSpecification\",\"valueRequired\":true,\"valueName\":\"search_term_string\"}}],\"inLanguage\":\"de-DE\"},{\"@type\":\"Organization\",\"@id\":\"https:\/\/www.hadleygroup.com\/de\/#organization\",\"name\":\"Hadley Group\",\"url\":\"https:\/\/www.hadleygroup.com\/de\/\",\"logo\":{\"@type\":\"ImageObject\",\"inLanguage\":\"de-DE\",\"@id\":\"https:\/\/www.hadleygroup.com\/de\/#\/schema\/logo\/image\/\",\"url\":\"https:\/\/www.hadleygroup.com\/app\/uploads\/2023\/01\/Hadley-Group-logo.jpg\",\"contentUrl\":\"https:\/\/www.hadleygroup.com\/app\/uploads\/2023\/01\/Hadley-Group-logo.jpg\",\"width\":1280,\"height\":300,\"caption\":\"Hadley Group\"},\"image\":{\"@id\":\"https:\/\/www.hadleygroup.com\/de\/#\/schema\/logo\/image\/\"},\"sameAs\":[\"https:\/\/www.facebook.com\/HadleyGroupGlobal\",\"https:\/\/x.com\/hadley_group\",\"https:\/\/www.youtube.com\/@HadleyGroupSmethwick\",\"https:\/\/www.linkedin.com\/company\/hadley-group-\/\"]}]}<\/script>\n<!-- \/ Yoast SEO Premium plugin. -->","yoast_head_json":{"title":"Werkzeuge &amp; Design - Hadley Group","description":"Unser Team von Werkzeugkonstrukteuren verf\u00fcgt \u00fcber mehrere hundert Jahre Erfahrung im Bereich der Werkzeugherstellung und ist selbst Entwickler von Walz- und Presswerkzeugen.","robots":{"index":"index","follow":"follow","max-snippet":"max-snippet:-1","max-image-preview":"max-image-preview:large","max-video-preview":"max-video-preview:-1"},"canonical":"https:\/\/www.hadleygroup.com\/de\/rollformen-nach-mass\/hadley-group-technology\/werkzeuge\/","og_locale":"de_DE","og_type":"article","og_title":"Werkzeuge &amp; Design","og_description":"Unser Team von Werkzeugkonstrukteuren verf\u00fcgt \u00fcber mehrere hundert Jahre Erfahrung im Bereich der Werkzeugherstellung und ist selbst Entwickler von Walz- und Presswerkzeugen.","og_url":"https:\/\/www.hadleygroup.com\/de\/rollformen-nach-mass\/hadley-group-technology\/werkzeuge\/","og_site_name":"Hadley Group","article_publisher":"https:\/\/www.facebook.com\/HadleyGroupGlobal","article_modified_time":"2023-04-13T15:43:11+00:00","og_image":[{"url":"https:\/\/www.hadleygroup.com\/app\/uploads\/2023\/04\/DSC_2376web-1024x681.jpg","type":"","width":"","height":""}],"twitter_card":"summary_large_image","twitter_site":"@hadley_group","twitter_misc":{"Est. reading time":"2 minutes"},"schema":{"@context":"https:\/\/schema.org","@graph":[{"@type":"WebPage","@id":"https:\/\/www.hadleygroup.com\/de\/rollformen-nach-mass\/hadley-group-technology\/werkzeuge\/","url":"https:\/\/www.hadleygroup.com\/de\/rollformen-nach-mass\/hadley-group-technology\/werkzeuge\/","name":"Werkzeuge &amp; Design - Hadley Group","isPartOf":{"@id":"https:\/\/www.hadleygroup.com\/de\/#website"},"primaryImageOfPage":{"@id":"https:\/\/www.hadleygroup.com\/de\/rollformen-nach-mass\/hadley-group-technology\/werkzeuge\/#primaryimage"},"image":{"@id":"https:\/\/www.hadleygroup.com\/de\/rollformen-nach-mass\/hadley-group-technology\/werkzeuge\/#primaryimage"},"thumbnailUrl":"https:\/\/www.hadleygroup.com\/app\/uploads\/2023\/04\/DSC_2376web-1024x681.jpg","datePublished":"2022-03-04T20:00:53+00:00","dateModified":"2023-04-13T15:43:11+00:00","description":"Unser Team von Werkzeugkonstrukteuren verf\u00fcgt \u00fcber mehrere hundert Jahre Erfahrung im Bereich der Werkzeugherstellung und ist selbst Entwickler von Walz- und Presswerkzeugen.","breadcrumb":{"@id":"https:\/\/www.hadleygroup.com\/de\/rollformen-nach-mass\/hadley-group-technology\/werkzeuge\/#breadcrumb"},"inLanguage":"de-DE","potentialAction":[{"@type":"ReadAction","target":["https:\/\/www.hadleygroup.com\/de\/rollformen-nach-mass\/hadley-group-technology\/werkzeuge\/"]}]},{"@type":"ImageObject","inLanguage":"de-DE","@id":"https:\/\/www.hadleygroup.com\/de\/rollformen-nach-mass\/hadley-group-technology\/werkzeuge\/#primaryimage","url":"https:\/\/www.hadleygroup.com\/app\/uploads\/2023\/04\/DSC_2376web-1024x681.jpg","contentUrl":"https:\/\/www.hadleygroup.com\/app\/uploads\/2023\/04\/DSC_2376web-1024x681.jpg"},{"@type":"BreadcrumbList","@id":"https:\/\/www.hadleygroup.com\/de\/rollformen-nach-mass\/hadley-group-technology\/werkzeuge\/#breadcrumb","itemListElement":[{"@type":"ListItem","position":1,"name":"Home","item":"https:\/\/www.hadleygroup.com\/de\/"},{"@type":"ListItem","position":2,"name":"Rollformen nach Ma\u00df","item":"https:\/\/www.hadleygroup.com\/de\/rollformen-nach-mass\/"},{"@type":"ListItem","position":3,"name":"Hadley Group Technology","item":"https:\/\/www.hadleygroup.com\/de\/rollformen-nach-mass\/hadley-group-technology\/"},{"@type":"ListItem","position":4,"name":"Werkzeuge &amp; Design"}]},{"@type":"WebSite","@id":"https:\/\/www.hadleygroup.com\/de\/#website","url":"https:\/\/www.hadleygroup.com\/de\/","name":"Hadley Group","description":"Shaping the Future in Metal","publisher":{"@id":"https:\/\/www.hadleygroup.com\/de\/#organization"},"potentialAction":[{"@type":"SearchAction","target":{"@type":"EntryPoint","urlTemplate":"https:\/\/www.hadleygroup.com\/de\/?s={search_term_string}"},"query-input":{"@type":"PropertyValueSpecification","valueRequired":true,"valueName":"search_term_string"}}],"inLanguage":"de-DE"},{"@type":"Organization","@id":"https:\/\/www.hadleygroup.com\/de\/#organization","name":"Hadley Group","url":"https:\/\/www.hadleygroup.com\/de\/","logo":{"@type":"ImageObject","inLanguage":"de-DE","@id":"https:\/\/www.hadleygroup.com\/de\/#\/schema\/logo\/image\/","url":"https:\/\/www.hadleygroup.com\/app\/uploads\/2023\/01\/Hadley-Group-logo.jpg","contentUrl":"https:\/\/www.hadleygroup.com\/app\/uploads\/2023\/01\/Hadley-Group-logo.jpg","width":1280,"height":300,"caption":"Hadley Group"},"image":{"@id":"https:\/\/www.hadleygroup.com\/de\/#\/schema\/logo\/image\/"},"sameAs":["https:\/\/www.facebook.com\/HadleyGroupGlobal","https:\/\/x.com\/hadley_group","https:\/\/www.youtube.com\/@HadleyGroupSmethwick","https:\/\/www.linkedin.com\/company\/hadley-group-\/"]}]}},"_links":{"self":[{"href":"https:\/\/www.hadleygroup.com\/de\/wp-json\/wp\/v2\/pages\/3323","targetHints":{"allow":["GET"]}}],"collection":[{"href":"https:\/\/www.hadleygroup.com\/de\/wp-json\/wp\/v2\/pages"}],"about":[{"href":"https:\/\/www.hadleygroup.com\/de\/wp-json\/wp\/v2\/types\/page"}],"author":[{"embeddable":true,"href":"https:\/\/www.hadleygroup.com\/de\/wp-json\/wp\/v2\/users\/3"}],"replies":[{"embeddable":true,"href":"https:\/\/www.hadleygroup.com\/de\/wp-json\/wp\/v2\/comments?post=3323"}],"version-history":[{"count":18,"href":"https:\/\/www.hadleygroup.com\/de\/wp-json\/wp\/v2\/pages\/3323\/revisions"}],"predecessor-version":[{"id":7650,"href":"https:\/\/www.hadleygroup.com\/de\/wp-json\/wp\/v2\/pages\/3323\/revisions\/7650"}],"up":[{"embeddable":true,"href":"https:\/\/www.hadleygroup.com\/de\/wp-json\/wp\/v2\/pages\/3236"}],"wp:attachment":[{"href":"https:\/\/www.hadleygroup.com\/de\/wp-json\/wp\/v2\/media?parent=3323"}],"wp:term":[{"taxonomy":"category","embeddable":true,"href":"https:\/\/www.hadleygroup.com\/de\/wp-json\/wp\/v2\/categories?post=3323"}],"curies":[{"name":"wp","href":"https:\/\/api.w.org\/{rel}","templated":true}]}}