{"id":3253,"date":"2022-03-08T20:50:37","date_gmt":"2022-03-08T20:50:37","guid":{"rendered":"https:\/\/www.hadleygroup.com\/hadley-group-technology\/forschung-entwicklung\/"},"modified":"2022-12-22T13:55:08","modified_gmt":"2022-12-22T13:55:08","slug":"forschung-entwicklung","status":"publish","type":"page","link":"https:\/\/www.hadleygroup.com\/de\/rollformen-nach-mass\/hadley-group-technology\/forschung-entwicklung\/","title":{"rendered":"Forschung &amp; Entwicklung"},"content":{"rendered":"<background-video inline-template :autoplay=\"true\" video=\"\"> \n<section class=\"wp-block-stradigi-gutenberg-hero g-hero container-fluid p-0\" style=\"background-image:url(&quot;https:\/\/www.hadleygroup.com\/app\/uploads\/2022\/03\/DSC_0097-mono-web-banner.jpg&quot;)\" data-youtube-url=\"\"><div class=\"g-hero--filter\"><\/div><div class=\"g-hero__container container\"><div class=\"g-hero__wrap\"><h1 class=\"g-hero__heading\"><br>Forschung &amp; Entwicklung<\/h1><div class=\"g-hero__body\"><div class=\"g-hero__body__text\"><p><\/p><\/div><div class=\"g-hero__body__buttons\"><\/div><\/div><\/div><div class=\"g-hero__chevron__container d-none d-lg-block\"><i class=\"fas fa-chevron-down fa-3x scrollDown\"><\/i><\/div><\/div><\/section>\n <\/background-video>\n\n<div class=\"JB-1 h-section-background\">\n<section class=\"wp-block-stradigi-gutenberg-fixed-spacer g-spacer g-spacer--size-Mittel g-spacer--size-medium\"><\/section>\n<\/div>\n\n<section class=\"JB-1 h-section-background g-text\"><div class=\"container\"><div class=\"row\"><div class=\"col-lg-8\"><div class=\"g-text__title\">\n<h6 class=\"wp-block-heading\">Wir behaupten unsere Position als weltweit f\u00fchrendes Unternehmen in der Kaltwalztechnologie durch unser Engagement und unsere Investitionen in Forschung und Entwicklung \u2013 gef\u00fchrt von einem internen Team von Forschungs- und Produktentwicklungsingenieuren. <\/h6>\n<\/div><\/div><\/div><\/div><\/section>\n\n<div class=\"JB-1 h-section-background\">\n<section class=\"wp-block-stradigi-gutenberg-fixed-spacer g-spacer g-spacer--size-klein g-spacer--size-small\"><\/section>\n<\/div>\n\n<section class=\"JB-1 h-section-background g-text\"><div class=\"container\"><div class=\"row\"><div class=\"col-lg-8\"><div class=\"g-text__bodytext\">\n<p>Die hocherfahrenen und qualifizierten Ingenieure der Hadley Group Technology (HGT) stellen einen erheblichen Teil des weltweiten Know-hows auf diesem Gebiet dar und widmen sich der Entwicklung immer effizienterer Produkte und Prozesse. Sie arbeiten mit akademischen und wissenschaftlichen Institutionen in ganz Gro\u00dfbritannien zusammen, ver\u00f6ffentlichen Dutzende von Forschungsarbeiten und unterhalten seit 1985 ein internes akademisches Forschungsportfolio. <\/p>\n<\/div><\/div><\/div><\/div><\/section>\n\n<section class=\"JB-1 h-section-background g-text\"><div class=\"container\"><div class=\"row\"><div class=\"col-lg-8\"><div class=\"g-text__bodytext\">\n<p>Zu den Bereichen, in denen wir unsere Kunden unterst\u00fctzen, geh\u00f6ren die Bereitstellung von statischen Berechnungen, Materialbewertungen und Produktspezifikationen \u2013 wir unterst\u00fctzen auch die Integration bestehender Verfahrenstechnologien und die Entwicklung neuer. <\/p>\n<\/div><\/div><\/div><\/div><\/section>\n\n<section class=\"JB-1 h-section-background g-text\"><div class=\"container\"><div class=\"row\"><div class=\"col-lg-8\"><div class=\"g-text__bodytext\">\n<p>Interne physische Testm\u00f6glichkeiten erm\u00f6glichen sowohl die theoretische Entwicklung als auch die physische Validierung von Prototypen. <\/p>\n<\/div><\/div><\/div><\/div><\/section>\n\n<div class=\"JB-1 h-section-background\">\n<section class=\"wp-block-stradigi-gutenberg-text-image g-text-image\"><div class=\"container\"><div class=\"g-text-image__row row\"><div data-translate=\"true\" class=\"order-1 col-md-5\"><div class=\"g-text-image__content\"><section class=\"JB-1 h-section-background g-text\"><div class=\"container\"><div class=\"row\"><div class=\"col-lg-8\"><div class=\"g-text__title\">\n<h4 class=\"wp-block-heading\">Zu den Techniken, die wir zur Entwicklung von Produkten und Prozessen verwenden, geh\u00f6ren die folgenden:<\/h4>\n<\/div><\/div><\/div><\/div><\/section>\n\n<section class=\"JB-1 h-section-background g-text\"><div class=\"container\"><div class=\"row\"><div class=\"col-lg-8\"><div class=\"g-text__bodytext\">\n<p><\/p>\n<\/div><\/div><\/div><\/div><\/section>\n\n<section class=\"JB-1 h-section-background g-text\"><div class=\"container\"><div class=\"row\"><div class=\"col-lg-8\"><div class=\"g-text__bodytext\">\n<ul class=\"wp-block-list\">\n<li>Geometrische Profiloptimierung <\/li>\n\n\n\n<li>Computersimulation<\/li>\n\n\n\n<li>Rapid-Prototyping <\/li>\n\n\n\n<li>Reverse-Engineering <\/li>\n\n\n\n<li>Physikalische Pr\u00fcfung <\/li>\n\n\n\n<li>Metallurgische Analyse <\/li>\n\n\n\n<li>Prozessf\u00e4higkeitsstudien <\/li>\n<\/ul>\n<\/div><\/div><\/div><\/div><\/section><\/div><\/div><article data-translate=\"true\" class=\"order-2 col-md-7 offset-xl-1 col-xl-6\"><div class=\"g-text-image__sidenote\"><img decoding=\"async\" class=\"g-text-image__image\" src=\"https:\/\/www.hadleygroup.com\/app\/uploads\/2022\/04\/DSC_1766.b-1024x634.jpg\" alt=\"dsc_1766-b\"\/><\/div><\/article><\/div><\/div><\/section>\n<\/div>\n\n<div class=\"JB-1 h-section-background\">\n<section class=\"wp-block-stradigi-gutenberg-cta-one g-cta-one\"><div class=\"container\"><div class=\"g-cta-one__row row\"><div class=\"col-sm-12 col-lg-8\"><h2 class=\"g-cta-one__title\">Sprechen Sie noch heute mit unseren Rollformen nach ma\u00df experten <br><\/h2><div class=\"g-cta-one__content\"><p>Sie k\u00f6nnen effektiv mit unseren hauseigenen Engineering-Experten zusammenarbeiten, die in ihren Fachgebieten weiterhin Tests durchf\u00fchren und Innovationen entwickeln, eine treibende Kraft in der Kaltwalzindustrie. Ihre F\u00e4higkeit, Ihr Projekt zu analysieren und eine L\u00f6sung zu entwickeln, spiegelt ihr Engagement f\u00fcr Innovation wider. <br><br>Ihre Projektanfrage wird von unserem &#8216;Rollformen nach Ma\u00df&#8217;-Team bearbeitet. Sie werden mit Ihnen zusammenarbeiten, um Ihr ben\u00f6tigtes Kaltwalzprofil sowie Ihre umfassenderen Projektziele wie nachhaltige Produktion und verantwortungsbewusst beschafften Stahl zu verstehen.<\/p><\/div><div class=\"g-cta-one__buttons\"><a href=\"https:\/\/www.hadleygroup.com\/de\/rollformen-nach-mass\/\" class=\"g-cta-one__button-primary\">Gehen Sie zu Rollformen nach ma\u00df<i class=\"fas fa-sm fa-chevron-right\"><\/i><\/a><a href=\"https:\/\/www.hadleygroup.com\/de\/rollformen-nach-mass\/hadley-group-technology\/veroffentlichungen\/\" class=\"g-cta-one__button-secondary\">Siehe die wissenschaftlichen Publikationen des Teams<i class=\"fas fa-sm fa-chevron-right\"><\/i><\/a><\/div><\/div><\/div><\/div><\/section>\n<\/div>\n\n<div class=\"JB-1 h-section-background\">\n<section class=\"wp-block-stradigi-gutenberg-fixed-spacer g-spacer g-spacer--size-klein g-spacer--size-small\"><\/section>\n<\/div>\n\n\n<section class=\"wp-block-stradigi-gutenberg-banner g-banner container-fluid p-0 jarallax g-banner--has-overlay g-banner--size-gro\u00df g-banner--size-large\" style=\"background-image:url(&quot;https:\/\/www.hadleygroup.com\/app\/uploads\/2022\/04\/DSC_1498.jpg&quot;)\"><div class=\"g-banner__container container\"><div class=\"g-banner__wrap\"><h2 class=\"g-banner__heading\">M\u00f6chten Sie hier arbeiten?<\/h2><div class=\"g-banner__body\"><div class=\"g-banner__body__buttons\"><a href=\"https:\/\/www.hadleygroup.com\/de\/karriere\/\" class=\"c-button\">Karriere<i class=\"fas fa-sm fa-chevron-right\"><\/i><\/a><\/div><\/div><\/div><\/div><\/section>\n\n\n<div class=\"JB-1 h-section-background\">\n<section class=\"wp-block-stradigi-gutenberg-fixed-spacer g-spacer g-spacer--size-klein g-spacer--size-small\"><\/section>\n<\/div>\n\n<div class=\"JB-1 h-section-background\">\n<section class=\"wp-block-stradigi-gutenberg-fixed-spacer g-spacer g-spacer--size-gro\u00df g-spacer--size-large\"><\/section>\n<\/div>","protected":false},"excerpt":{"rendered":"<p>Wir behaupten unsere Position als weltweit f\u00fchrendes Unternehmen in der Kaltwalztechnologie durch unser Engagement und unsere Investitionen in Forschung und\u2026 <a href=\"https:\/\/www.hadleygroup.com\/de\/rollformen-nach-mass\/hadley-group-technology\/forschung-entwicklung\/\">&#8230;<\/a><\/p>\n","protected":false},"author":3,"featured_media":0,"parent":3236,"menu_order":0,"comment_status":"closed","ping_status":"closed","template":"","meta":{"_acf_changed":false,"footnotes":""},"categories":[],"class_list":["post-3253","page","type-page","status-publish","hentry"],"acf":[],"yoast_head":"<!-- This site is optimized with the Yoast SEO Premium plugin v25.1 (Yoast SEO v26.3) - https:\/\/yoast.com\/wordpress\/plugins\/seo\/ -->\n<title>Forschung &amp; Entwicklung - Hadley Group<\/title>\n<meta name=\"description\" content=\"Wir halten unsere Position als Weltmarktf\u00fchrer durch unser Engagement und unsere Investitionen in Forschung und Entwicklung. Kontaktieren Sie uns!\" \/>\n<meta name=\"robots\" content=\"index, follow, max-snippet:-1, max-image-preview:large, max-video-preview:-1\" \/>\n<link rel=\"canonical\" href=\"https:\/\/www.hadleygroup.com\/de\/rollformen-nach-mass\/hadley-group-technology\/forschung-entwicklung\/\" \/>\n<meta property=\"og:locale\" content=\"de_DE\" \/>\n<meta property=\"og:type\" content=\"article\" \/>\n<meta property=\"og:title\" content=\"Forschung &amp; Entwicklung\" \/>\n<meta property=\"og:description\" content=\"Wir halten unsere Position als Weltmarktf\u00fchrer durch unser Engagement und unsere Investitionen in Forschung und Entwicklung. Kontaktieren Sie uns!\" \/>\n<meta property=\"og:url\" content=\"https:\/\/www.hadleygroup.com\/de\/rollformen-nach-mass\/hadley-group-technology\/forschung-entwicklung\/\" \/>\n<meta property=\"og:site_name\" content=\"Hadley Group\" \/>\n<meta property=\"article:publisher\" content=\"https:\/\/www.facebook.com\/HadleyGroupGlobal\" \/>\n<meta property=\"article:modified_time\" content=\"2022-12-22T13:55:08+00:00\" \/>\n<meta property=\"og:image\" content=\"https:\/\/www.hadleygroup.com\/app\/uploads\/2022\/04\/DSC_1766.b-1024x634.jpg\" \/>\n<meta name=\"twitter:card\" content=\"summary_large_image\" \/>\n<meta name=\"twitter:site\" content=\"@hadley_group\" \/>\n<meta name=\"twitter:label1\" content=\"Est. reading time\" \/>\n\t<meta name=\"twitter:data1\" content=\"2 minutes\" \/>\n<script type=\"application\/ld+json\" class=\"yoast-schema-graph\">{\"@context\":\"https:\/\/schema.org\",\"@graph\":[{\"@type\":\"WebPage\",\"@id\":\"https:\/\/www.hadleygroup.com\/de\/rollformen-nach-mass\/hadley-group-technology\/forschung-entwicklung\/\",\"url\":\"https:\/\/www.hadleygroup.com\/de\/rollformen-nach-mass\/hadley-group-technology\/forschung-entwicklung\/\",\"name\":\"Forschung &amp; Entwicklung - Hadley Group\",\"isPartOf\":{\"@id\":\"https:\/\/www.hadleygroup.com\/de\/#website\"},\"primaryImageOfPage\":{\"@id\":\"https:\/\/www.hadleygroup.com\/de\/rollformen-nach-mass\/hadley-group-technology\/forschung-entwicklung\/#primaryimage\"},\"image\":{\"@id\":\"https:\/\/www.hadleygroup.com\/de\/rollformen-nach-mass\/hadley-group-technology\/forschung-entwicklung\/#primaryimage\"},\"thumbnailUrl\":\"https:\/\/www.hadleygroup.com\/app\/uploads\/2022\/04\/DSC_1766.b-1024x634.jpg\",\"datePublished\":\"2022-03-08T20:50:37+00:00\",\"dateModified\":\"2022-12-22T13:55:08+00:00\",\"description\":\"Wir halten unsere Position als Weltmarktf\u00fchrer durch unser Engagement und unsere Investitionen in Forschung und Entwicklung. Kontaktieren Sie uns!\",\"breadcrumb\":{\"@id\":\"https:\/\/www.hadleygroup.com\/de\/rollformen-nach-mass\/hadley-group-technology\/forschung-entwicklung\/#breadcrumb\"},\"inLanguage\":\"de-DE\",\"potentialAction\":[{\"@type\":\"ReadAction\",\"target\":[\"https:\/\/www.hadleygroup.com\/de\/rollformen-nach-mass\/hadley-group-technology\/forschung-entwicklung\/\"]}]},{\"@type\":\"ImageObject\",\"inLanguage\":\"de-DE\",\"@id\":\"https:\/\/www.hadleygroup.com\/de\/rollformen-nach-mass\/hadley-group-technology\/forschung-entwicklung\/#primaryimage\",\"url\":\"https:\/\/www.hadleygroup.com\/app\/uploads\/2022\/04\/DSC_1766.b-1024x634.jpg\",\"contentUrl\":\"https:\/\/www.hadleygroup.com\/app\/uploads\/2022\/04\/DSC_1766.b-1024x634.jpg\"},{\"@type\":\"BreadcrumbList\",\"@id\":\"https:\/\/www.hadleygroup.com\/de\/rollformen-nach-mass\/hadley-group-technology\/forschung-entwicklung\/#breadcrumb\",\"itemListElement\":[{\"@type\":\"ListItem\",\"position\":1,\"name\":\"Home\",\"item\":\"https:\/\/www.hadleygroup.com\/de\/\"},{\"@type\":\"ListItem\",\"position\":2,\"name\":\"Rollformen nach Ma\u00df\",\"item\":\"https:\/\/www.hadleygroup.com\/de\/rollformen-nach-mass\/\"},{\"@type\":\"ListItem\",\"position\":3,\"name\":\"Hadley Group Technology\",\"item\":\"https:\/\/www.hadleygroup.com\/de\/rollformen-nach-mass\/hadley-group-technology\/\"},{\"@type\":\"ListItem\",\"position\":4,\"name\":\"Forschung &amp; Entwicklung\"}]},{\"@type\":\"WebSite\",\"@id\":\"https:\/\/www.hadleygroup.com\/de\/#website\",\"url\":\"https:\/\/www.hadleygroup.com\/de\/\",\"name\":\"Hadley Group\",\"description\":\"Shaping the Future in Metal\",\"publisher\":{\"@id\":\"https:\/\/www.hadleygroup.com\/de\/#organization\"},\"potentialAction\":[{\"@type\":\"SearchAction\",\"target\":{\"@type\":\"EntryPoint\",\"urlTemplate\":\"https:\/\/www.hadleygroup.com\/de\/?s={search_term_string}\"},\"query-input\":{\"@type\":\"PropertyValueSpecification\",\"valueRequired\":true,\"valueName\":\"search_term_string\"}}],\"inLanguage\":\"de-DE\"},{\"@type\":\"Organization\",\"@id\":\"https:\/\/www.hadleygroup.com\/de\/#organization\",\"name\":\"Hadley Group\",\"url\":\"https:\/\/www.hadleygroup.com\/de\/\",\"logo\":{\"@type\":\"ImageObject\",\"inLanguage\":\"de-DE\",\"@id\":\"https:\/\/www.hadleygroup.com\/de\/#\/schema\/logo\/image\/\",\"url\":\"https:\/\/www.hadleygroup.com\/app\/uploads\/2023\/01\/Hadley-Group-logo.jpg\",\"contentUrl\":\"https:\/\/www.hadleygroup.com\/app\/uploads\/2023\/01\/Hadley-Group-logo.jpg\",\"width\":1280,\"height\":300,\"caption\":\"Hadley Group\"},\"image\":{\"@id\":\"https:\/\/www.hadleygroup.com\/de\/#\/schema\/logo\/image\/\"},\"sameAs\":[\"https:\/\/www.facebook.com\/HadleyGroupGlobal\",\"https:\/\/x.com\/hadley_group\",\"https:\/\/www.youtube.com\/@HadleyGroupSmethwick\",\"https:\/\/www.linkedin.com\/company\/hadley-group-\/\"]}]}<\/script>\n<!-- \/ Yoast SEO Premium plugin. -->","yoast_head_json":{"title":"Forschung &amp; Entwicklung - Hadley Group","description":"Wir halten unsere Position als Weltmarktf\u00fchrer durch unser Engagement und unsere Investitionen in Forschung und Entwicklung. Kontaktieren Sie uns!","robots":{"index":"index","follow":"follow","max-snippet":"max-snippet:-1","max-image-preview":"max-image-preview:large","max-video-preview":"max-video-preview:-1"},"canonical":"https:\/\/www.hadleygroup.com\/de\/rollformen-nach-mass\/hadley-group-technology\/forschung-entwicklung\/","og_locale":"de_DE","og_type":"article","og_title":"Forschung &amp; Entwicklung","og_description":"Wir halten unsere Position als Weltmarktf\u00fchrer durch unser Engagement und unsere Investitionen in Forschung und Entwicklung. Kontaktieren Sie uns!","og_url":"https:\/\/www.hadleygroup.com\/de\/rollformen-nach-mass\/hadley-group-technology\/forschung-entwicklung\/","og_site_name":"Hadley Group","article_publisher":"https:\/\/www.facebook.com\/HadleyGroupGlobal","article_modified_time":"2022-12-22T13:55:08+00:00","og_image":[{"url":"https:\/\/www.hadleygroup.com\/app\/uploads\/2022\/04\/DSC_1766.b-1024x634.jpg","type":"","width":"","height":""}],"twitter_card":"summary_large_image","twitter_site":"@hadley_group","twitter_misc":{"Est. reading time":"2 minutes"},"schema":{"@context":"https:\/\/schema.org","@graph":[{"@type":"WebPage","@id":"https:\/\/www.hadleygroup.com\/de\/rollformen-nach-mass\/hadley-group-technology\/forschung-entwicklung\/","url":"https:\/\/www.hadleygroup.com\/de\/rollformen-nach-mass\/hadley-group-technology\/forschung-entwicklung\/","name":"Forschung &amp; Entwicklung - Hadley Group","isPartOf":{"@id":"https:\/\/www.hadleygroup.com\/de\/#website"},"primaryImageOfPage":{"@id":"https:\/\/www.hadleygroup.com\/de\/rollformen-nach-mass\/hadley-group-technology\/forschung-entwicklung\/#primaryimage"},"image":{"@id":"https:\/\/www.hadleygroup.com\/de\/rollformen-nach-mass\/hadley-group-technology\/forschung-entwicklung\/#primaryimage"},"thumbnailUrl":"https:\/\/www.hadleygroup.com\/app\/uploads\/2022\/04\/DSC_1766.b-1024x634.jpg","datePublished":"2022-03-08T20:50:37+00:00","dateModified":"2022-12-22T13:55:08+00:00","description":"Wir halten unsere Position als Weltmarktf\u00fchrer durch unser Engagement und unsere Investitionen in Forschung und Entwicklung. Kontaktieren Sie uns!","breadcrumb":{"@id":"https:\/\/www.hadleygroup.com\/de\/rollformen-nach-mass\/hadley-group-technology\/forschung-entwicklung\/#breadcrumb"},"inLanguage":"de-DE","potentialAction":[{"@type":"ReadAction","target":["https:\/\/www.hadleygroup.com\/de\/rollformen-nach-mass\/hadley-group-technology\/forschung-entwicklung\/"]}]},{"@type":"ImageObject","inLanguage":"de-DE","@id":"https:\/\/www.hadleygroup.com\/de\/rollformen-nach-mass\/hadley-group-technology\/forschung-entwicklung\/#primaryimage","url":"https:\/\/www.hadleygroup.com\/app\/uploads\/2022\/04\/DSC_1766.b-1024x634.jpg","contentUrl":"https:\/\/www.hadleygroup.com\/app\/uploads\/2022\/04\/DSC_1766.b-1024x634.jpg"},{"@type":"BreadcrumbList","@id":"https:\/\/www.hadleygroup.com\/de\/rollformen-nach-mass\/hadley-group-technology\/forschung-entwicklung\/#breadcrumb","itemListElement":[{"@type":"ListItem","position":1,"name":"Home","item":"https:\/\/www.hadleygroup.com\/de\/"},{"@type":"ListItem","position":2,"name":"Rollformen nach Ma\u00df","item":"https:\/\/www.hadleygroup.com\/de\/rollformen-nach-mass\/"},{"@type":"ListItem","position":3,"name":"Hadley Group Technology","item":"https:\/\/www.hadleygroup.com\/de\/rollformen-nach-mass\/hadley-group-technology\/"},{"@type":"ListItem","position":4,"name":"Forschung &amp; Entwicklung"}]},{"@type":"WebSite","@id":"https:\/\/www.hadleygroup.com\/de\/#website","url":"https:\/\/www.hadleygroup.com\/de\/","name":"Hadley Group","description":"Shaping the Future in Metal","publisher":{"@id":"https:\/\/www.hadleygroup.com\/de\/#organization"},"potentialAction":[{"@type":"SearchAction","target":{"@type":"EntryPoint","urlTemplate":"https:\/\/www.hadleygroup.com\/de\/?s={search_term_string}"},"query-input":{"@type":"PropertyValueSpecification","valueRequired":true,"valueName":"search_term_string"}}],"inLanguage":"de-DE"},{"@type":"Organization","@id":"https:\/\/www.hadleygroup.com\/de\/#organization","name":"Hadley Group","url":"https:\/\/www.hadleygroup.com\/de\/","logo":{"@type":"ImageObject","inLanguage":"de-DE","@id":"https:\/\/www.hadleygroup.com\/de\/#\/schema\/logo\/image\/","url":"https:\/\/www.hadleygroup.com\/app\/uploads\/2023\/01\/Hadley-Group-logo.jpg","contentUrl":"https:\/\/www.hadleygroup.com\/app\/uploads\/2023\/01\/Hadley-Group-logo.jpg","width":1280,"height":300,"caption":"Hadley Group"},"image":{"@id":"https:\/\/www.hadleygroup.com\/de\/#\/schema\/logo\/image\/"},"sameAs":["https:\/\/www.facebook.com\/HadleyGroupGlobal","https:\/\/x.com\/hadley_group","https:\/\/www.youtube.com\/@HadleyGroupSmethwick","https:\/\/www.linkedin.com\/company\/hadley-group-\/"]}]}},"_links":{"self":[{"href":"https:\/\/www.hadleygroup.com\/de\/wp-json\/wp\/v2\/pages\/3253","targetHints":{"allow":["GET"]}}],"collection":[{"href":"https:\/\/www.hadleygroup.com\/de\/wp-json\/wp\/v2\/pages"}],"about":[{"href":"https:\/\/www.hadleygroup.com\/de\/wp-json\/wp\/v2\/types\/page"}],"author":[{"embeddable":true,"href":"https:\/\/www.hadleygroup.com\/de\/wp-json\/wp\/v2\/users\/3"}],"replies":[{"embeddable":true,"href":"https:\/\/www.hadleygroup.com\/de\/wp-json\/wp\/v2\/comments?post=3253"}],"version-history":[{"count":6,"href":"https:\/\/www.hadleygroup.com\/de\/wp-json\/wp\/v2\/pages\/3253\/revisions"}],"predecessor-version":[{"id":6956,"href":"https:\/\/www.hadleygroup.com\/de\/wp-json\/wp\/v2\/pages\/3253\/revisions\/6956"}],"up":[{"embeddable":true,"href":"https:\/\/www.hadleygroup.com\/de\/wp-json\/wp\/v2\/pages\/3236"}],"wp:attachment":[{"href":"https:\/\/www.hadleygroup.com\/de\/wp-json\/wp\/v2\/media?parent=3253"}],"wp:term":[{"taxonomy":"category","embeddable":true,"href":"https:\/\/www.hadleygroup.com\/de\/wp-json\/wp\/v2\/categories?post=3253"}],"curies":[{"name":"wp","href":"https:\/\/api.w.org\/{rel}","templated":true}]}}