{"id":1989,"date":"2023-09-20T10:14:21","date_gmt":"2023-09-20T10:14:21","guid":{"rendered":"https:\/\/www.hadleygroup.com\/solar\/"},"modified":"2025-09-08T09:17:02","modified_gmt":"2025-09-08T09:17:02","slug":"solar","status":"publish","type":"page","link":"https:\/\/www.hadleygroup.com\/de\/rollformen-nach-mass\/solar\/","title":{"rendered":"Solare Unterst\u00fctzungssysteme"},"content":{"rendered":"<background-video inline-template :autoplay=\"true\" video=\"\"> \n<section class=\"wp-block-stradigi-gutenberg-hero g-hero container-fluid p-0 g-hero--has-overlay\" style=\"background-image:url(&quot;https:\/\/www.hadleygroup.com\/app\/uploads\/2023\/09\/AdobeStock_128869478.jpg&quot;)\" data-youtube-url=\"\"><div class=\"g-hero--filter\"><\/div><div class=\"g-hero__container container\"><div class=\"g-hero__wrap\"><h1 class=\"g-hero__heading\">Solar at Scale<\/h1><div class=\"g-hero__body\"><div class=\"g-hero__body__text\"><p>\u00a0\u00a0<\/p><\/div><div class=\"g-hero__body__buttons\"><a href=\"https:\/\/www.hadleygroup.com\/de\/kontakt\/\" class=\"c-button\">Contact us<i class=\"fas fa-sm fa-chevron-right\"><\/i><\/a><\/div><\/div><\/div><\/div><\/section>\n <\/background-video><div class=\"JB-1 h-section-background\">\n<section class=\"wp-block-stradigi-gutenberg-fixed-spacer g-spacer g-spacer--size-large\"><\/section>\n<\/div><section class=\"JB-1 h-section-background g-text\"><div class=\"container\"><div class=\"row\"><div class=\"col-lg-8\"><div class=\"g-text__title\">\n<h6 class=\"wp-block-heading\">Holen Sie sich die hohe Produktionskapazit\u00e4t und die zuverl\u00e4ssige Versorgung, die Sie brauchen, um die wachsende Nachfrage nach Solarenergie zu befriedigen &#8211; mit nachhaltigen und kosteneffizienten Solar-Montagesystemen aus unseren weltweiten Kaltwalzwerken.  <\/h6>\n<\/div><\/div><\/div><\/div><\/section><div class=\"JB-1 h-section-background\">\n<section class=\"wp-block-stradigi-gutenberg-fixed-spacer g-spacer g-spacer--size-medium\" id=\"co2-footprint\"><\/section>\n<\/div><div class=\"JB-1 h-section-background\">\n<section class=\"wp-block-stradigi-gutenberg-sidenote g-sidenote\"><div class=\"container\"><div class=\"g-sidenote__row row\"><div class=\"col-lg-5\"><div class=\"g-sidenote__content\"><section class=\"JB-1 h-section-background g-text\"><div class=\"container\"><div class=\"row\"><div class=\"col-lg-8\"><div class=\"g-text__title\">\n<h2 class=\"wp-block-heading\"><strong><strong>Warum kaltgewalzt<\/strong><\/strong> Solarst\u00fctzen?<\/h2>\n<\/div><\/div><\/div><\/div><\/section>\n\n<section class=\"JB-1 h-section-background g-text\"><div class=\"container\"><div class=\"row\"><div class=\"col-lg-8\"><div class=\"g-text__bodytext\">\n<p>Solarmontagesysteme werden \u00fcblicherweise im Strangpressverfahren aus Aluminium hergestellt, wodurch die Anzahl der Arbeitsg\u00e4nge, die Sie in einer einzigen Produktionslinie durchf\u00fchren k\u00f6nnen, begrenzt ist.  <br\/><br\/>Mit einem Wechsel zum Kaltwalzverfahren k\u00f6nnen Sie Ihre M\u00f6glichkeiten mit einer breiteren Palette komplexer Funktionen bei minimalen Zusatzkosten erweitern &#8211; und gleichzeitig Ihren CO2-Fu\u00dfabdruck und die bei der Produktion verbrauchte Energie reduzieren.<\/p>\n<\/div><\/div><\/div><\/div><\/section><\/div><\/div><article class=\"col-md-7 offset-xl-1 col-xl-6\"><div class=\"g-sidenote__sidenote\" style=\"background-image:url(&quot;https:\/\/www.hadleygroup.com\/app\/uploads\/2023\/09\/AdobeStock_596819297-650x1024.jpg&quot;)\"><div class=\"g-sidenote__sidenote-content\"><p>\u00a0<br>&#8211; Consistent tolerances and high-volume production<br><br>&#8211; Reduce carbon with a cold manufacturing process<br><br>&#8211; Add complex operations to a single production line <\/p><\/div><\/div><\/article><\/div><\/div><\/section>\n<\/div><div class=\"JB-1 h-section-background\">\n<section class=\"wp-block-stradigi-gutenberg-fixed-spacer g-spacer g-spacer--size-medium\" id=\"durable-steel\"><\/section>\n<\/div><section class=\"JB-1 h-section-background g-text\"><div class=\"container\"><div class=\"row\"><div class=\"col-lg-8\"><div class=\"g-text__title\">\n<h2 class=\"wp-block-heading\"><strong>Nachhaltig, langlebig und f\u00fcr den Au\u00dfenbereich gebaut<\/strong><\/h2>\n<\/div><\/div><\/div><\/div><\/section><section class=\"JB-1 h-section-background g-text\"><div class=\"container\"><div class=\"row\"><div class=\"col-lg-8\"><div class=\"g-text__bodytext\">\n<ul class=\"wp-block-list\">\n<li>Zink-Magnesium-verzinkter Stahl f\u00fcr eine Lebensdauer von bis zu 30 Jahren<\/li>\n\n\n\n<li><a href=\"https:\/\/www.corigy.com\/blog\/advantage-of-zinc-aluminum-megnesium-coated-steel_b7\">10-mal h\u00f6here Korrosionsbest\u00e4ndigkeit<\/a> als feuerverzinkter Stahl<\/li>\n\n\n\n<li>St\u00e4rker und widerstandsf\u00e4higer als Aluminium-Tr\u00e4gersysteme<\/li>\n<\/ul>\n<\/div><\/div><\/div><\/div><\/section><section class=\"JB-1 h-section-background g-text\"><div class=\"container\"><div class=\"row\"><div class=\"col-lg-8\"><div class=\"g-text__bodytext\">\n<p>Unsere kaltgewalzten Solarmontagesysteme bestehen aus speziell beschichtetem verzinktem Stahl f\u00fcr eine langlebige, wetterfeste Konstruktion. Die spezielle Zink-Magnesium-Beschichtung ist \u00e4u\u00dferst korrosionsbest\u00e4ndig und bietet im Vergleich zu Aluminium eine st\u00e4rkere, kaltgeh\u00e4rtete Oberfl\u00e4che.   <\/p>\n<\/div><\/div><\/div><\/div><\/section><section class=\"JB-1 h-section-background g-text\"><div class=\"container\"><div class=\"row\"><div class=\"col-lg-8\"><div class=\"g-text__bodytext\">\n<p>Mit einem Herstellungsprozess mit geringer Hitzeentwicklung unter Verwendung von recycelbarem Stahl &#8211; und einem in Gro\u00dfbritannien ans\u00e4ssigen Lieferanten, der Ihren CO2-Fu\u00dfabdruck gering h\u00e4lt &#8211; erhalten Sie eine nachhaltige, zuverl\u00e4ssige und kosteng\u00fcnstigere Produktion f\u00fcr Ihre Solarmontageteile.<\/p>\n<\/div><\/div><\/div><\/div><\/section><div class=\"JB-1 h-section-background\">\n<section class=\"wp-block-stradigi-gutenberg-fixed-spacer g-spacer g-spacer--size-medium\"><\/section>\n<\/div>\n<section class=\"wp-block-stradigi-gutenberg-banner g-banner container-fluid p-0 jarallax g-banner--has-overlay g-banner--size-large\" style=\"background-image:url(&quot;https:\/\/www.hadleygroup.com\/app\/uploads\/2023\/08\/Solar-farm.jpg&quot;)\"><div class=\"g-banner__container container\"><div class=\"g-banner__wrap\"><h2 class=\"g-banner__heading h-heading h-heading--size-64\">Large scale, high value<\/h2><div class=\"g-banner__body\"><div class=\"g-banner__body__buttons\"><\/div><\/div><\/div><\/div><\/section>\n<div class=\"JB-1 h-section-background\">\n<section class=\"wp-block-stradigi-gutenberg-fixed-spacer g-spacer g-spacer--size-medium\" id=\"global-supply\"><\/section>\n<\/div><section class=\"JB-1 h-section-background g-text\"><div class=\"container\"><div class=\"row\"><div class=\"col-lg-8\"><div class=\"g-text__title\">\n<h2 class=\"wp-block-heading has-large-font-size\">Unsere Produktionsst\u00e4tten in Gro\u00dfbritannien werden durch ein globales Netzwerk von Rollform-Teams und -Anlagen auf vier Kontinenten unterst\u00fctzt.<\/h2>\n<\/div><\/div><\/div><\/div><\/section><section class=\"JB-1 h-section-background g-text\"><div class=\"container\"><div class=\"row\"><div class=\"col-lg-8\"><div class=\"g-text__bodytext\">\n<p>Das verschafft uns einen deutlichen Vorteil gegen\u00fcber kleineren Anbietern, die sich auf eine einzige Anlage oder eine einzige Produktionslinie verlassen. Mit mehreren Produktionsst\u00e4tten und einem speziellen Logistiknetzwerk, das auf unserer langj\u00e4hrigen Erfahrung in der Kaltwalzindustrie aufbaut, verf\u00fcgen wir \u00fcber die Kapazit\u00e4t und Flexibilit\u00e4t, um eine kontinuierliche Produktion Ihrer Solarteile und -komponenten zu gew\u00e4hrleisten. <\/p>\n<\/div><\/div><\/div><\/div><\/section><div class=\"JB-1 h-section-background\">\n<section class=\"wp-block-stradigi-gutenberg-double-sidenote g-sidenote\"><div class=\"container\"><div class=\"g-sidenote__row row\"><div class=\"col-lg-8\"><div class=\"g-sidenote__bodytext\"><\/div><\/div><\/div><div class=\"g-sidenote__row row\"><article class=\"col-lg-6\"><div class=\"g-sidenote__sidenote\" style=\"background-image:url(&quot;https:\/\/www.hadleygroup.com\/app\/uploads\/2023\/09\/AdobeStock_606565067-2-910x1024.jpg&quot;)\"><div class=\"g-sidenote__sidenote-content\"><p>Multi-national manufacturing and global logistics footprint<br\/><br\/>Low-risk production with large-scale capacity and contingency facilities<br\/><br\/>PPAP Automotive quality assurance standards ensure capability value<\/p><\/div><\/div><\/article><article class=\"col-lg-6\"><div class=\"g-sidenote__sidenote\" style=\"background-image:url(&quot;https:\/\/www.hadleygroup.com\/app\/uploads\/2022\/07\/Profile_Purlins-2-1024x724.jpg&quot;)\"><div class=\"g-sidenote__sidenote-content\"><p>Profile lengths up to 18 metres and<br\/>tolerances as low as \u00b10.05mm<br\/><br\/>Work with in-house engineers who specialise in tooling design<br\/><br\/>Produce complex metal profiles to your exact specifications<\/p><\/div><\/div><\/article><\/div><\/div><\/section>\n<\/div><div class=\"JB-1 h-section-background\">\n<section class=\"wp-block-stradigi-gutenberg-fixed-spacer g-spacer g-spacer--size-small\" id=\"engineering\"><\/section>\n<\/div><section class=\"JB-1 h-section-background g-text\"><div class=\"container\"><div class=\"row\"><div class=\"col-lg-8\"><div class=\"g-text__title\">\n<h2 class=\"wp-block-heading\"><strong>Ma\u00dfgeschneiderte L\u00f6sungen f\u00fcr Ihr Solarprojekt<\/strong><\/h2>\n<\/div><\/div><\/div><\/div><\/section><section class=\"JB-1 h-section-background g-text\"><div class=\"container\"><div class=\"row\"><div class=\"col-lg-8\"><div class=\"g-text__bodytext\">\n<p>Wir sind mehr als nur eine Produktionsst\u00e4tte &#8211; wir sind Ihr Produktionspartner.<\/p>\n<\/div><\/div><\/div><\/div><\/section><section class=\"JB-1 h-section-background g-text\"><div class=\"container\"><div class=\"row\"><div class=\"col-lg-8\"><div class=\"g-text__bodytext\">\n<p>Unsere internen Teams von Kaltwalzspezialisten sind engagierte Probleml\u00f6ser, die mit Ihren Teams zusammenarbeiten, um Ihre Entw\u00fcrfe zu verbessern und Ihre Produktion zu rationalisieren. Von extralangen Profilen f\u00fcr gro\u00dfe Solarparks bis hin zu engen Toleranzen f\u00fcr komplizierte Konstruktionen &#8211; wir nehmen Ihre pr\u00e4zisen Anforderungen auf und entwickeln ma\u00dfgeschneiderte L\u00f6sungen, die genau auf Ihr Projekt zugeschnitten sind. <\/p>\n<\/div><\/div><\/div><\/div><\/section><div class=\"JB-1 h-section-background\">\n<section class=\"wp-block-stradigi-gutenberg-fixed-spacer g-spacer g-spacer--size-medium\"><\/section>\n<\/div><section class=\"JB-1 h-section-background g-text\"><div class=\"container\"><div class=\"row\"><div class=\"col-lg-8\"><div class=\"g-text__title\">\n<h2 class=\"wp-block-heading\"><strong>Brauchen Sie einen Partner, der Ihnen hilft, Ihr Gesch\u00e4ft zu vergr\u00f6\u00dfern?<\/strong><\/h2>\n<\/div><\/div><\/div><\/div><\/section><section class=\"JB-1 h-section-background g-text\"><div class=\"container\"><div class=\"row\"><div class=\"col-lg-8\"><div class=\"g-text__bodytext\">\n<p>Wenn Sie expandieren wollen, um die steigende Nachfrage zu befriedigen, brauchen Sie einen Partner, der die entsprechenden Kapazit\u00e4ten hat.<\/p>\n<\/div><\/div><\/div><\/div><\/section><section class=\"JB-1 h-section-background g-text\"><div class=\"container\"><div class=\"row\"><div class=\"col-lg-8\"><div class=\"g-text__bodytext\">\n<p>Unsere Produktionsst\u00e4tten in Gro\u00dfbritannien verf\u00fcgen \u00fcber jahrzehntelange Erfahrung im Kaltwalzen in der Stahlbauindustrie &#8211; unterst\u00fctzt durch ein globales Produktionsunternehmen und das kollektive Know-how eines Teams von mehr als 50 Kaltwalzingenieuren.<\/p>\n<\/div><\/div><\/div><\/div><\/section><section class=\"JB-1 h-section-background g-text\"><div class=\"container\"><div class=\"row\"><div class=\"col-lg-8\"><div class=\"g-text__bodytext\">\n<p>Je fr\u00fcher Sie uns also in Ihr Projekt einbeziehen, desto mehr Zeit und Geld k\u00f6nnen wir Ihnen sparen.<\/p>\n<\/div><\/div><\/div><\/div><\/section><div class=\"JB-1 h-section-background\">\n<section class=\"wp-block-stradigi-gutenberg-text-cta g-text\"><div class=\"container\"><div class=\"row\"><div class=\"col-lg-8\"><div class=\"g-text__bodytext\"><p><\/p><\/div><a href=\"https:\/\/www.hadleygroup.com\/de\/kontakt\/\" class=\"c-button g-text__button\">Contact us<i class=\"fas fa-sm fa-chevron-right\"><\/i><\/a><\/div><\/div><\/div><\/section>\n<\/div><div class=\"JB-1 h-section-background\">\n<section class=\"wp-block-stradigi-gutenberg-fixed-spacer g-spacer g-spacer--size-medium\"><\/section>\n<\/div>\n<section class=\"wp-block-stradigi-gutenberg-banner g-banner container-fluid p-0 jarallax g-banner--has-overlay g-banner--size-large\" style=\"background-image:url(&quot;https:\/\/www.hadleygroup.com\/app\/uploads\/2023\/09\/AdobeStock_315659751-1.jpg&quot;)\"><div class=\"g-banner__container container\"><div class=\"g-banner__wrap\"><div class=\"g-banner__body\"><div class=\"g-banner__body__buttons\"><\/div><\/div><\/div><\/div><\/section>\n","protected":false},"excerpt":{"rendered":"<p>Holen Sie sich die hohe Produktionskapazit\u00e4t und die zuverl\u00e4ssige Versorgung, die Sie brauchen, um die wachsende Nachfrage nach Solarenergie zu\u2026 <a href=\"https:\/\/www.hadleygroup.com\/de\/rollformen-nach-mass\/solar\/\">&#8230;<\/a><\/p>\n","protected":false},"author":3,"featured_media":8738,"parent":1819,"menu_order":0,"comment_status":"closed","ping_status":"closed","template":"","meta":{"_acf_changed":false,"footnotes":""},"categories":[],"class_list":["post-1989","page","type-page","status-publish","has-post-thumbnail","hentry"],"acf":[],"yoast_head":"<!-- This site is optimized with the Yoast SEO Premium plugin v25.1 (Yoast SEO v26.3) - https:\/\/yoast.com\/wordpress\/plugins\/seo\/ -->\n<title>Solare Unterst\u00fctzungssysteme - Hadley Group<\/title>\n<meta name=\"description\" content=\"Suchen Sie nach Profilen f\u00fcr Solarunterst\u00fctzungssysteme? Hadley verf\u00fcgt \u00fcber das Know-how und die Ausr\u00fcstung, um gro\u00dfe Mengen mit globaler Logistik zu produzieren\" \/>\n<meta name=\"robots\" content=\"index, follow, max-snippet:-1, max-image-preview:large, max-video-preview:-1\" \/>\n<link rel=\"canonical\" href=\"https:\/\/www.hadleygroup.com\/de\/rollformen-nach-mass\/solar\/\" \/>\n<meta property=\"og:locale\" content=\"de_DE\" \/>\n<meta property=\"og:type\" content=\"article\" \/>\n<meta property=\"og:title\" content=\"Solare Unterst\u00fctzungssysteme\" \/>\n<meta property=\"og:description\" content=\"Suchen Sie nach Profilen f\u00fcr Solarunterst\u00fctzungssysteme? Hadley verf\u00fcgt \u00fcber das Know-how und die Ausr\u00fcstung, um gro\u00dfe Mengen mit globaler Logistik zu produzieren\" \/>\n<meta property=\"og:url\" content=\"https:\/\/www.hadleygroup.com\/de\/rollformen-nach-mass\/solar\/\" \/>\n<meta property=\"og:site_name\" content=\"Hadley Group\" \/>\n<meta property=\"article:publisher\" content=\"https:\/\/www.facebook.com\/HadleyGroupGlobal\" \/>\n<meta property=\"article:modified_time\" content=\"2025-09-08T09:17:02+00:00\" \/>\n<meta property=\"og:image\" content=\"https:\/\/www.hadleygroup.com\/app\/uploads\/2023\/09\/AdobeStock_629442908.jpg\" \/>\n\t<meta property=\"og:image:width\" content=\"2000\" \/>\n\t<meta property=\"og:image:height\" content=\"950\" \/>\n\t<meta property=\"og:image:type\" content=\"image\/jpeg\" \/>\n<meta name=\"twitter:card\" content=\"summary_large_image\" \/>\n<meta name=\"twitter:site\" content=\"@hadley_group\" \/>\n<meta name=\"twitter:label1\" content=\"Est. reading time\" \/>\n\t<meta name=\"twitter:data1\" content=\"1 minute\" \/>\n<script type=\"application\/ld+json\" class=\"yoast-schema-graph\">{\"@context\":\"https:\/\/schema.org\",\"@graph\":[{\"@type\":\"WebPage\",\"@id\":\"https:\/\/www.hadleygroup.com\/de\/rollformen-nach-mass\/solar\/\",\"url\":\"https:\/\/www.hadleygroup.com\/de\/rollformen-nach-mass\/solar\/\",\"name\":\"Solare Unterst\u00fctzungssysteme - Hadley Group\",\"isPartOf\":{\"@id\":\"https:\/\/www.hadleygroup.com\/de\/#website\"},\"primaryImageOfPage\":{\"@id\":\"https:\/\/www.hadleygroup.com\/de\/rollformen-nach-mass\/solar\/#primaryimage\"},\"image\":{\"@id\":\"https:\/\/www.hadleygroup.com\/de\/rollformen-nach-mass\/solar\/#primaryimage\"},\"thumbnailUrl\":\"https:\/\/www.hadleygroup.com\/app\/uploads\/2023\/09\/AdobeStock_629442908.jpg\",\"datePublished\":\"2023-09-20T10:14:21+00:00\",\"dateModified\":\"2025-09-08T09:17:02+00:00\",\"description\":\"Suchen Sie nach Profilen f\u00fcr Solarunterst\u00fctzungssysteme? Hadley verf\u00fcgt \u00fcber das Know-how und die Ausr\u00fcstung, um gro\u00dfe Mengen mit globaler Logistik zu produzieren\",\"breadcrumb\":{\"@id\":\"https:\/\/www.hadleygroup.com\/de\/rollformen-nach-mass\/solar\/#breadcrumb\"},\"inLanguage\":\"de-DE\",\"potentialAction\":[{\"@type\":\"ReadAction\",\"target\":[\"https:\/\/www.hadleygroup.com\/de\/rollformen-nach-mass\/solar\/\"]}]},{\"@type\":\"ImageObject\",\"inLanguage\":\"de-DE\",\"@id\":\"https:\/\/www.hadleygroup.com\/de\/rollformen-nach-mass\/solar\/#primaryimage\",\"url\":\"https:\/\/www.hadleygroup.com\/app\/uploads\/2023\/09\/AdobeStock_629442908.jpg\",\"contentUrl\":\"https:\/\/www.hadleygroup.com\/app\/uploads\/2023\/09\/AdobeStock_629442908.jpg\",\"width\":2000,\"height\":950,\"caption\":\"Solar PV installation mounting systems steel profiles\"},{\"@type\":\"BreadcrumbList\",\"@id\":\"https:\/\/www.hadleygroup.com\/de\/rollformen-nach-mass\/solar\/#breadcrumb\",\"itemListElement\":[{\"@type\":\"ListItem\",\"position\":1,\"name\":\"Home\",\"item\":\"https:\/\/www.hadleygroup.com\/de\/\"},{\"@type\":\"ListItem\",\"position\":2,\"name\":\"Rollformen nach Ma\u00df\",\"item\":\"https:\/\/www.hadleygroup.com\/de\/rollformen-nach-mass\/\"},{\"@type\":\"ListItem\",\"position\":3,\"name\":\"Solare Unterst\u00fctzungssysteme\"}]},{\"@type\":\"WebSite\",\"@id\":\"https:\/\/www.hadleygroup.com\/de\/#website\",\"url\":\"https:\/\/www.hadleygroup.com\/de\/\",\"name\":\"Hadley Group\",\"description\":\"Shaping the Future in Metal\",\"publisher\":{\"@id\":\"https:\/\/www.hadleygroup.com\/de\/#organization\"},\"potentialAction\":[{\"@type\":\"SearchAction\",\"target\":{\"@type\":\"EntryPoint\",\"urlTemplate\":\"https:\/\/www.hadleygroup.com\/de\/?s={search_term_string}\"},\"query-input\":{\"@type\":\"PropertyValueSpecification\",\"valueRequired\":true,\"valueName\":\"search_term_string\"}}],\"inLanguage\":\"de-DE\"},{\"@type\":\"Organization\",\"@id\":\"https:\/\/www.hadleygroup.com\/de\/#organization\",\"name\":\"Hadley Group\",\"url\":\"https:\/\/www.hadleygroup.com\/de\/\",\"logo\":{\"@type\":\"ImageObject\",\"inLanguage\":\"de-DE\",\"@id\":\"https:\/\/www.hadleygroup.com\/de\/#\/schema\/logo\/image\/\",\"url\":\"https:\/\/www.hadleygroup.com\/app\/uploads\/2023\/01\/Hadley-Group-logo.jpg\",\"contentUrl\":\"https:\/\/www.hadleygroup.com\/app\/uploads\/2023\/01\/Hadley-Group-logo.jpg\",\"width\":1280,\"height\":300,\"caption\":\"Hadley Group\"},\"image\":{\"@id\":\"https:\/\/www.hadleygroup.com\/de\/#\/schema\/logo\/image\/\"},\"sameAs\":[\"https:\/\/www.facebook.com\/HadleyGroupGlobal\",\"https:\/\/x.com\/hadley_group\",\"https:\/\/www.youtube.com\/@HadleyGroupSmethwick\",\"https:\/\/www.linkedin.com\/company\/hadley-group-\/\"]}]}<\/script>\n<!-- \/ Yoast SEO Premium plugin. -->","yoast_head_json":{"title":"Solare Unterst\u00fctzungssysteme - Hadley Group","description":"Suchen Sie nach Profilen f\u00fcr Solarunterst\u00fctzungssysteme? Hadley verf\u00fcgt \u00fcber das Know-how und die Ausr\u00fcstung, um gro\u00dfe Mengen mit globaler Logistik zu produzieren","robots":{"index":"index","follow":"follow","max-snippet":"max-snippet:-1","max-image-preview":"max-image-preview:large","max-video-preview":"max-video-preview:-1"},"canonical":"https:\/\/www.hadleygroup.com\/de\/rollformen-nach-mass\/solar\/","og_locale":"de_DE","og_type":"article","og_title":"Solare Unterst\u00fctzungssysteme","og_description":"Suchen Sie nach Profilen f\u00fcr Solarunterst\u00fctzungssysteme? Hadley verf\u00fcgt \u00fcber das Know-how und die Ausr\u00fcstung, um gro\u00dfe Mengen mit globaler Logistik zu produzieren","og_url":"https:\/\/www.hadleygroup.com\/de\/rollformen-nach-mass\/solar\/","og_site_name":"Hadley Group","article_publisher":"https:\/\/www.facebook.com\/HadleyGroupGlobal","article_modified_time":"2025-09-08T09:17:02+00:00","og_image":[{"width":2000,"height":950,"url":"https:\/\/www.hadleygroup.com\/app\/uploads\/2023\/09\/AdobeStock_629442908.jpg","type":"image\/jpeg"}],"twitter_card":"summary_large_image","twitter_site":"@hadley_group","twitter_misc":{"Est. reading time":"1 minute"},"schema":{"@context":"https:\/\/schema.org","@graph":[{"@type":"WebPage","@id":"https:\/\/www.hadleygroup.com\/de\/rollformen-nach-mass\/solar\/","url":"https:\/\/www.hadleygroup.com\/de\/rollformen-nach-mass\/solar\/","name":"Solare Unterst\u00fctzungssysteme - Hadley Group","isPartOf":{"@id":"https:\/\/www.hadleygroup.com\/de\/#website"},"primaryImageOfPage":{"@id":"https:\/\/www.hadleygroup.com\/de\/rollformen-nach-mass\/solar\/#primaryimage"},"image":{"@id":"https:\/\/www.hadleygroup.com\/de\/rollformen-nach-mass\/solar\/#primaryimage"},"thumbnailUrl":"https:\/\/www.hadleygroup.com\/app\/uploads\/2023\/09\/AdobeStock_629442908.jpg","datePublished":"2023-09-20T10:14:21+00:00","dateModified":"2025-09-08T09:17:02+00:00","description":"Suchen Sie nach Profilen f\u00fcr Solarunterst\u00fctzungssysteme? Hadley verf\u00fcgt \u00fcber das Know-how und die Ausr\u00fcstung, um gro\u00dfe Mengen mit globaler Logistik zu produzieren","breadcrumb":{"@id":"https:\/\/www.hadleygroup.com\/de\/rollformen-nach-mass\/solar\/#breadcrumb"},"inLanguage":"de-DE","potentialAction":[{"@type":"ReadAction","target":["https:\/\/www.hadleygroup.com\/de\/rollformen-nach-mass\/solar\/"]}]},{"@type":"ImageObject","inLanguage":"de-DE","@id":"https:\/\/www.hadleygroup.com\/de\/rollformen-nach-mass\/solar\/#primaryimage","url":"https:\/\/www.hadleygroup.com\/app\/uploads\/2023\/09\/AdobeStock_629442908.jpg","contentUrl":"https:\/\/www.hadleygroup.com\/app\/uploads\/2023\/09\/AdobeStock_629442908.jpg","width":2000,"height":950,"caption":"Solar PV installation mounting systems steel profiles"},{"@type":"BreadcrumbList","@id":"https:\/\/www.hadleygroup.com\/de\/rollformen-nach-mass\/solar\/#breadcrumb","itemListElement":[{"@type":"ListItem","position":1,"name":"Home","item":"https:\/\/www.hadleygroup.com\/de\/"},{"@type":"ListItem","position":2,"name":"Rollformen nach Ma\u00df","item":"https:\/\/www.hadleygroup.com\/de\/rollformen-nach-mass\/"},{"@type":"ListItem","position":3,"name":"Solare Unterst\u00fctzungssysteme"}]},{"@type":"WebSite","@id":"https:\/\/www.hadleygroup.com\/de\/#website","url":"https:\/\/www.hadleygroup.com\/de\/","name":"Hadley Group","description":"Shaping the Future in Metal","publisher":{"@id":"https:\/\/www.hadleygroup.com\/de\/#organization"},"potentialAction":[{"@type":"SearchAction","target":{"@type":"EntryPoint","urlTemplate":"https:\/\/www.hadleygroup.com\/de\/?s={search_term_string}"},"query-input":{"@type":"PropertyValueSpecification","valueRequired":true,"valueName":"search_term_string"}}],"inLanguage":"de-DE"},{"@type":"Organization","@id":"https:\/\/www.hadleygroup.com\/de\/#organization","name":"Hadley Group","url":"https:\/\/www.hadleygroup.com\/de\/","logo":{"@type":"ImageObject","inLanguage":"de-DE","@id":"https:\/\/www.hadleygroup.com\/de\/#\/schema\/logo\/image\/","url":"https:\/\/www.hadleygroup.com\/app\/uploads\/2023\/01\/Hadley-Group-logo.jpg","contentUrl":"https:\/\/www.hadleygroup.com\/app\/uploads\/2023\/01\/Hadley-Group-logo.jpg","width":1280,"height":300,"caption":"Hadley Group"},"image":{"@id":"https:\/\/www.hadleygroup.com\/de\/#\/schema\/logo\/image\/"},"sameAs":["https:\/\/www.facebook.com\/HadleyGroupGlobal","https:\/\/x.com\/hadley_group","https:\/\/www.youtube.com\/@HadleyGroupSmethwick","https:\/\/www.linkedin.com\/company\/hadley-group-\/"]}]}},"_links":{"self":[{"href":"https:\/\/www.hadleygroup.com\/de\/wp-json\/wp\/v2\/pages\/1989","targetHints":{"allow":["GET"]}}],"collection":[{"href":"https:\/\/www.hadleygroup.com\/de\/wp-json\/wp\/v2\/pages"}],"about":[{"href":"https:\/\/www.hadleygroup.com\/de\/wp-json\/wp\/v2\/types\/page"}],"author":[{"embeddable":true,"href":"https:\/\/www.hadleygroup.com\/de\/wp-json\/wp\/v2\/users\/3"}],"replies":[{"embeddable":true,"href":"https:\/\/www.hadleygroup.com\/de\/wp-json\/wp\/v2\/comments?post=1989"}],"version-history":[{"count":13,"href":"https:\/\/www.hadleygroup.com\/de\/wp-json\/wp\/v2\/pages\/1989\/revisions"}],"predecessor-version":[{"id":16151,"href":"https:\/\/www.hadleygroup.com\/de\/wp-json\/wp\/v2\/pages\/1989\/revisions\/16151"}],"up":[{"embeddable":true,"href":"https:\/\/www.hadleygroup.com\/de\/wp-json\/wp\/v2\/pages\/1819"}],"wp:featuredmedia":[{"embeddable":true,"href":"https:\/\/www.hadleygroup.com\/de\/wp-json\/wp\/v2\/media\/8738"}],"wp:attachment":[{"href":"https:\/\/www.hadleygroup.com\/de\/wp-json\/wp\/v2\/media?parent=1989"}],"wp:term":[{"taxonomy":"category","embeddable":true,"href":"https:\/\/www.hadleygroup.com\/de\/wp-json\/wp\/v2\/categories?post=1989"}],"curies":[{"name":"wp","href":"https:\/\/api.w.org\/{rel}","templated":true}]}}