{"id":1921,"date":"2022-04-02T12:28:37","date_gmt":"2022-04-02T12:28:37","guid":{"rendered":"https:\/\/www.hadleygroup.com\/automobil-qualitaetsstandards\/"},"modified":"2022-12-22T14:03:44","modified_gmt":"2022-12-22T14:03:44","slug":"automobil-qualitaetsstandards","status":"publish","type":"page","link":"https:\/\/www.hadleygroup.com\/de\/rollformen-nach-mass\/ingenieurwesen\/automobil-qualitaetsstandards\/","title":{"rendered":"Automobil-Qualit\u00e4tsstandards"},"content":{"rendered":"<background-video inline-template :autoplay=\"true\" video=\"\"> \n<section class=\"wp-block-stradigi-gutenberg-hero g-hero container-fluid p-0 g-hero--has-overlay\" style=\"background-image:url(&quot;https:\/\/www.hadleygroup.com\/app\/uploads\/2022\/04\/DSC_0841.b.jpg&quot;)\" data-youtube-url=\"\"><div class=\"g-hero--filter\"><\/div><div class=\"g-hero__container container\"><div class=\"g-hero__wrap\"><h1 class=\"g-hero__heading\">Normen f\u00fcr die Automobilindustrie<\/h1><div class=\"g-hero__body\"><div class=\"g-hero__body__text\"><p><\/p><\/div><div class=\"g-hero__body__buttons\"><a href=\"https:\/\/www.hadleygroup.com\/de\/kontakt\/\" class=\"c-button\">Kontaktiere uns<i class=\"fas fa-sm fa-chevron-right\"><\/i><\/a><\/div><\/div><\/div><div class=\"g-hero__chevron__container d-none d-lg-block\"><i class=\"fas fa-chevron-down fa-3x scrollDown\"><\/i><\/div><\/div><\/section>\n <\/background-video>\n\n<div class=\"JB-1 h-section-background\">\n<section class=\"wp-block-stradigi-gutenberg-fixed-spacer g-spacer g-spacer--size-Mittel g-spacer--size-medium\"><\/section>\n<\/div>\n\n<section class=\"JB-1 h-section-background g-text\"><div class=\"container\"><div class=\"row\"><div class=\"col-lg-8\"><div class=\"g-text__title\">\n<h6 class=\"wp-block-heading\">Ihr Projekt liegt in den H\u00e4nden eines erfahrenen Technikteams f\u00fcr Kaltwalzumformung auf dem Gebiet der Automobilindustrie. Hadley f\u00fchrt eine Kultur der kontinuierlichen \u00dcberpr\u00fcfung und Prozesskontrolle ein \u2013 Minimierung des Spielraums f\u00fcr Fehler oder Abweichungen und Maximierung der Abfallreduzierung \u2013 und umfasst die folgenden Methoden: <\/h6>\n<\/div><\/div><\/div><\/div><\/section>\n\n<div class=\"JB-1 h-section-background\">\n<section class=\"wp-block-stradigi-gutenberg-fixed-spacer g-spacer g-spacer--size-small\"><\/section>\n<\/div>\n\n<section class=\"JB-1 h-section-background g-text\"><div class=\"container\"><div class=\"row\"><div class=\"col-lg-8\"><div class=\"g-text__title\">\n<h2 class=\"wp-block-heading\">Neue Produkteinf\u00fchrung (NPI) <\/h2>\n<\/div><\/div><\/div><\/div><\/section>\n\n<section class=\"JB-1 h-section-background g-text\"><div class=\"container\"><div class=\"row\"><div class=\"col-lg-8\"><div class=\"g-text__bodytext\">\n<p>NPI ist der Prozess, der eine Idee von einem ersten funktionierenden Prototyp zu einem gr\u00fcndlich verfeinerten und reproduzierbaren Endprodukt f\u00fchrt. Da NPI eine erhebliche Investition an Zeit und Ressourcen erfordert, wird jeder Schritt sorgf\u00e4ltig geplant, um sicherzustellen, dass das Ergebnis den Aufwand wert ist. <\/p>\n<\/div><\/div><\/div><\/div><\/section>\n\n<div class=\"JB-1 h-section-background\">\n<section class=\"wp-block-stradigi-gutenberg-fixed-spacer g-spacer g-spacer--size-small\"><\/section>\n<\/div>\n\n<section class=\"JB-1 h-section-background g-text\"><div class=\"container\"><div class=\"row\"><div class=\"col-lg-8\"><div class=\"g-text__title\">\n<h2 class=\"wp-block-heading\">Produktqualit\u00e4tsvorausplanung (APQP) <\/h2>\n<\/div><\/div><\/div><\/div><\/section>\n\n<section class=\"JB-1 h-section-background g-text\"><div class=\"container\"><div class=\"row\"><div class=\"col-lg-8\"><div class=\"g-text__bodytext\">\n<p>APQP ist ein strukturierter Prozess, der darauf abzielt, die Kundenzufriedenheit mit neuen Produkten oder Prozessen sicherzustellen. APQP wird eingesetzt, um neue Produkte und Prozesse erfolgreich zu validieren und kontinuierliche Verbesserungen voranzutreiben. Es gibt zahlreiche Tools und Techniken, die in APQP beschrieben werden. <\/p>\n<\/div><\/div><\/div><\/div><\/section>\n\n<div class=\"JB-1 h-section-background\">\n<section class=\"wp-block-stradigi-gutenberg-fixed-spacer g-spacer g-spacer--size-small\"><\/section>\n<\/div>\n\n<section class=\"JB-1 h-section-background g-text\"><div class=\"container\"><div class=\"row\"><div class=\"col-lg-8\"><div class=\"g-text__title\">\n<h2 class=\"wp-block-heading\">Produktionsteil-Freigabeprozess (PPAP) <\/h2>\n<\/div><\/div><\/div><\/div><\/section>\n\n<section class=\"JB-1 h-section-background g-text\"><div class=\"container\"><div class=\"row\"><div class=\"col-lg-8\"><div class=\"g-text__bodytext\">\n<p>PPAP ist ein Schl\u00fcsselverfahren, um sicherzustellen, dass von Lieferanten hergestellte Teile konsistent erstellt werden. Es ist ein umfassender Prozess, der aus 18 Schritten besteht, der sicherstellt, dass jedes Teil die Erwartungen erf\u00fcllt und jedes Mal in hoher Qualit\u00e4t produziert wird. <\/p>\n<\/div><\/div><\/div><\/div><\/section>\n\n<div class=\"JB-1 h-section-background\">\n<section class=\"wp-block-stradigi-gutenberg-fixed-spacer g-spacer g-spacer--size-small\"><\/section>\n<\/div>\n\n<div class=\"JB-1 h-section-background\">\n<section class=\"wp-block-stradigi-gutenberg-text-cta g-text\"><div class=\"container\"><div class=\"row\"><div class=\"col-lg-8\"><div class=\"g-text__bodytext\"><p>With ongoing supply to leading automotive manufactures around the world, you can trust in the quality assurance and process management of our production facility.<\/p><\/div><\/div><\/div><\/div><\/section>\n<\/div>\n\n<div class=\"JB-1 h-section-background\">\n<section class=\"wp-block-stradigi-gutenberg-fixed-spacer g-spacer g-spacer--size-medium\"><\/section>\n<\/div>","protected":false},"excerpt":{"rendered":"<p>Ihr Projekt liegt in den H\u00e4nden eines erfahrenen Technikteams f\u00fcr Kaltwalzumformung auf dem Gebiet der Automobilindustrie. Hadley f\u00fchrt eine Kultur\u2026 <a href=\"https:\/\/www.hadleygroup.com\/de\/rollformen-nach-mass\/ingenieurwesen\/automobil-qualitaetsstandards\/\">&#8230;<\/a><\/p>\n","protected":false},"author":3,"featured_media":0,"parent":2089,"menu_order":0,"comment_status":"closed","ping_status":"closed","template":"","meta":{"_acf_changed":false,"footnotes":""},"categories":[],"class_list":["post-1921","page","type-page","status-publish","hentry"],"acf":[],"yoast_head":"<!-- This site is optimized with the Yoast SEO Premium plugin v25.1 (Yoast SEO v26.3) - https:\/\/yoast.com\/wordpress\/plugins\/seo\/ -->\n<title>Automobil-Qualit\u00e4tsstandards - Hadley Group<\/title>\n<meta name=\"description\" content=\"Ihr Projekt liegt in den H\u00e4nden eines erfahrenen, auf die Automobilbranche spezialisierten technischen Teams f\u00fcr das Kaltwalzen. Kontaktieren Sie uns.\" \/>\n<meta name=\"robots\" content=\"index, follow, max-snippet:-1, max-image-preview:large, max-video-preview:-1\" \/>\n<link rel=\"canonical\" href=\"https:\/\/www.hadleygroup.com\/de\/rollformen-nach-mass\/ingenieurwesen\/automobil-qualitaetsstandards\/\" \/>\n<meta property=\"og:locale\" content=\"de_DE\" \/>\n<meta property=\"og:type\" content=\"article\" \/>\n<meta property=\"og:title\" content=\"Automobil-Qualit\u00e4tsstandards\" \/>\n<meta property=\"og:description\" content=\"Ihr Projekt liegt in den H\u00e4nden eines erfahrenen, auf die Automobilbranche spezialisierten technischen Teams f\u00fcr das Kaltwalzen. Kontaktieren Sie uns.\" \/>\n<meta property=\"og:url\" content=\"https:\/\/www.hadleygroup.com\/de\/rollformen-nach-mass\/ingenieurwesen\/automobil-qualitaetsstandards\/\" \/>\n<meta property=\"og:site_name\" content=\"Hadley Group\" \/>\n<meta property=\"article:publisher\" content=\"https:\/\/www.facebook.com\/HadleyGroupGlobal\" \/>\n<meta property=\"article:modified_time\" content=\"2022-12-22T14:03:44+00:00\" \/>\n<meta property=\"og:image\" content=\"https:\/\/www.hadleygroup.com\/app\/uploads\/2023\/01\/Hadley-Group-logo.jpg\" \/>\n\t<meta property=\"og:image:width\" content=\"1280\" \/>\n\t<meta property=\"og:image:height\" content=\"300\" \/>\n\t<meta property=\"og:image:type\" content=\"image\/jpeg\" \/>\n<meta name=\"twitter:card\" content=\"summary_large_image\" \/>\n<meta name=\"twitter:site\" content=\"@hadley_group\" \/>\n<meta name=\"twitter:label1\" content=\"Est. reading time\" \/>\n\t<meta name=\"twitter:data1\" content=\"1 minute\" \/>\n<script type=\"application\/ld+json\" class=\"yoast-schema-graph\">{\"@context\":\"https:\/\/schema.org\",\"@graph\":[{\"@type\":\"WebPage\",\"@id\":\"https:\/\/www.hadleygroup.com\/de\/rollformen-nach-mass\/ingenieurwesen\/automobil-qualitaetsstandards\/\",\"url\":\"https:\/\/www.hadleygroup.com\/de\/rollformen-nach-mass\/ingenieurwesen\/automobil-qualitaetsstandards\/\",\"name\":\"Automobil-Qualit\u00e4tsstandards - Hadley Group\",\"isPartOf\":{\"@id\":\"https:\/\/www.hadleygroup.com\/de\/#website\"},\"datePublished\":\"2022-04-02T12:28:37+00:00\",\"dateModified\":\"2022-12-22T14:03:44+00:00\",\"description\":\"Ihr Projekt liegt in den H\u00e4nden eines erfahrenen, auf die Automobilbranche spezialisierten technischen Teams f\u00fcr das Kaltwalzen. Kontaktieren Sie uns.\",\"breadcrumb\":{\"@id\":\"https:\/\/www.hadleygroup.com\/de\/rollformen-nach-mass\/ingenieurwesen\/automobil-qualitaetsstandards\/#breadcrumb\"},\"inLanguage\":\"de-DE\",\"potentialAction\":[{\"@type\":\"ReadAction\",\"target\":[\"https:\/\/www.hadleygroup.com\/de\/rollformen-nach-mass\/ingenieurwesen\/automobil-qualitaetsstandards\/\"]}]},{\"@type\":\"BreadcrumbList\",\"@id\":\"https:\/\/www.hadleygroup.com\/de\/rollformen-nach-mass\/ingenieurwesen\/automobil-qualitaetsstandards\/#breadcrumb\",\"itemListElement\":[{\"@type\":\"ListItem\",\"position\":1,\"name\":\"Home\",\"item\":\"https:\/\/www.hadleygroup.com\/de\/\"},{\"@type\":\"ListItem\",\"position\":2,\"name\":\"Rollformen nach Ma\u00df\",\"item\":\"https:\/\/www.hadleygroup.com\/de\/rollformen-nach-mass\/\"},{\"@type\":\"ListItem\",\"position\":3,\"name\":\"INGENIEURWESEN\",\"item\":\"https:\/\/www.hadleygroup.com\/de\/rollformen-nach-mass\/ingenieurwesen\/\"},{\"@type\":\"ListItem\",\"position\":4,\"name\":\"Automobil-Qualit\u00e4tsstandards\"}]},{\"@type\":\"WebSite\",\"@id\":\"https:\/\/www.hadleygroup.com\/de\/#website\",\"url\":\"https:\/\/www.hadleygroup.com\/de\/\",\"name\":\"Hadley Group\",\"description\":\"Shaping the Future in Metal\",\"publisher\":{\"@id\":\"https:\/\/www.hadleygroup.com\/de\/#organization\"},\"potentialAction\":[{\"@type\":\"SearchAction\",\"target\":{\"@type\":\"EntryPoint\",\"urlTemplate\":\"https:\/\/www.hadleygroup.com\/de\/?s={search_term_string}\"},\"query-input\":{\"@type\":\"PropertyValueSpecification\",\"valueRequired\":true,\"valueName\":\"search_term_string\"}}],\"inLanguage\":\"de-DE\"},{\"@type\":\"Organization\",\"@id\":\"https:\/\/www.hadleygroup.com\/de\/#organization\",\"name\":\"Hadley Group\",\"url\":\"https:\/\/www.hadleygroup.com\/de\/\",\"logo\":{\"@type\":\"ImageObject\",\"inLanguage\":\"de-DE\",\"@id\":\"https:\/\/www.hadleygroup.com\/de\/#\/schema\/logo\/image\/\",\"url\":\"https:\/\/www.hadleygroup.com\/app\/uploads\/2023\/01\/Hadley-Group-logo.jpg\",\"contentUrl\":\"https:\/\/www.hadleygroup.com\/app\/uploads\/2023\/01\/Hadley-Group-logo.jpg\",\"width\":1280,\"height\":300,\"caption\":\"Hadley Group\"},\"image\":{\"@id\":\"https:\/\/www.hadleygroup.com\/de\/#\/schema\/logo\/image\/\"},\"sameAs\":[\"https:\/\/www.facebook.com\/HadleyGroupGlobal\",\"https:\/\/x.com\/hadley_group\",\"https:\/\/www.youtube.com\/@HadleyGroupSmethwick\",\"https:\/\/www.linkedin.com\/company\/hadley-group-\/\"]}]}<\/script>\n<!-- \/ Yoast SEO Premium plugin. -->","yoast_head_json":{"title":"Automobil-Qualit\u00e4tsstandards - Hadley Group","description":"Ihr Projekt liegt in den H\u00e4nden eines erfahrenen, auf die Automobilbranche spezialisierten technischen Teams f\u00fcr das Kaltwalzen. Kontaktieren Sie uns.","robots":{"index":"index","follow":"follow","max-snippet":"max-snippet:-1","max-image-preview":"max-image-preview:large","max-video-preview":"max-video-preview:-1"},"canonical":"https:\/\/www.hadleygroup.com\/de\/rollformen-nach-mass\/ingenieurwesen\/automobil-qualitaetsstandards\/","og_locale":"de_DE","og_type":"article","og_title":"Automobil-Qualit\u00e4tsstandards","og_description":"Ihr Projekt liegt in den H\u00e4nden eines erfahrenen, auf die Automobilbranche spezialisierten technischen Teams f\u00fcr das Kaltwalzen. Kontaktieren Sie uns.","og_url":"https:\/\/www.hadleygroup.com\/de\/rollformen-nach-mass\/ingenieurwesen\/automobil-qualitaetsstandards\/","og_site_name":"Hadley Group","article_publisher":"https:\/\/www.facebook.com\/HadleyGroupGlobal","article_modified_time":"2022-12-22T14:03:44+00:00","og_image":[{"width":1280,"height":300,"url":"https:\/\/www.hadleygroup.com\/app\/uploads\/2023\/01\/Hadley-Group-logo.jpg","type":"image\/jpeg"}],"twitter_card":"summary_large_image","twitter_site":"@hadley_group","twitter_misc":{"Est. reading time":"1 minute"},"schema":{"@context":"https:\/\/schema.org","@graph":[{"@type":"WebPage","@id":"https:\/\/www.hadleygroup.com\/de\/rollformen-nach-mass\/ingenieurwesen\/automobil-qualitaetsstandards\/","url":"https:\/\/www.hadleygroup.com\/de\/rollformen-nach-mass\/ingenieurwesen\/automobil-qualitaetsstandards\/","name":"Automobil-Qualit\u00e4tsstandards - Hadley Group","isPartOf":{"@id":"https:\/\/www.hadleygroup.com\/de\/#website"},"datePublished":"2022-04-02T12:28:37+00:00","dateModified":"2022-12-22T14:03:44+00:00","description":"Ihr Projekt liegt in den H\u00e4nden eines erfahrenen, auf die Automobilbranche spezialisierten technischen Teams f\u00fcr das Kaltwalzen. Kontaktieren Sie uns.","breadcrumb":{"@id":"https:\/\/www.hadleygroup.com\/de\/rollformen-nach-mass\/ingenieurwesen\/automobil-qualitaetsstandards\/#breadcrumb"},"inLanguage":"de-DE","potentialAction":[{"@type":"ReadAction","target":["https:\/\/www.hadleygroup.com\/de\/rollformen-nach-mass\/ingenieurwesen\/automobil-qualitaetsstandards\/"]}]},{"@type":"BreadcrumbList","@id":"https:\/\/www.hadleygroup.com\/de\/rollformen-nach-mass\/ingenieurwesen\/automobil-qualitaetsstandards\/#breadcrumb","itemListElement":[{"@type":"ListItem","position":1,"name":"Home","item":"https:\/\/www.hadleygroup.com\/de\/"},{"@type":"ListItem","position":2,"name":"Rollformen nach Ma\u00df","item":"https:\/\/www.hadleygroup.com\/de\/rollformen-nach-mass\/"},{"@type":"ListItem","position":3,"name":"INGENIEURWESEN","item":"https:\/\/www.hadleygroup.com\/de\/rollformen-nach-mass\/ingenieurwesen\/"},{"@type":"ListItem","position":4,"name":"Automobil-Qualit\u00e4tsstandards"}]},{"@type":"WebSite","@id":"https:\/\/www.hadleygroup.com\/de\/#website","url":"https:\/\/www.hadleygroup.com\/de\/","name":"Hadley Group","description":"Shaping the Future in Metal","publisher":{"@id":"https:\/\/www.hadleygroup.com\/de\/#organization"},"potentialAction":[{"@type":"SearchAction","target":{"@type":"EntryPoint","urlTemplate":"https:\/\/www.hadleygroup.com\/de\/?s={search_term_string}"},"query-input":{"@type":"PropertyValueSpecification","valueRequired":true,"valueName":"search_term_string"}}],"inLanguage":"de-DE"},{"@type":"Organization","@id":"https:\/\/www.hadleygroup.com\/de\/#organization","name":"Hadley Group","url":"https:\/\/www.hadleygroup.com\/de\/","logo":{"@type":"ImageObject","inLanguage":"de-DE","@id":"https:\/\/www.hadleygroup.com\/de\/#\/schema\/logo\/image\/","url":"https:\/\/www.hadleygroup.com\/app\/uploads\/2023\/01\/Hadley-Group-logo.jpg","contentUrl":"https:\/\/www.hadleygroup.com\/app\/uploads\/2023\/01\/Hadley-Group-logo.jpg","width":1280,"height":300,"caption":"Hadley Group"},"image":{"@id":"https:\/\/www.hadleygroup.com\/de\/#\/schema\/logo\/image\/"},"sameAs":["https:\/\/www.facebook.com\/HadleyGroupGlobal","https:\/\/x.com\/hadley_group","https:\/\/www.youtube.com\/@HadleyGroupSmethwick","https:\/\/www.linkedin.com\/company\/hadley-group-\/"]}]}},"_links":{"self":[{"href":"https:\/\/www.hadleygroup.com\/de\/wp-json\/wp\/v2\/pages\/1921","targetHints":{"allow":["GET"]}}],"collection":[{"href":"https:\/\/www.hadleygroup.com\/de\/wp-json\/wp\/v2\/pages"}],"about":[{"href":"https:\/\/www.hadleygroup.com\/de\/wp-json\/wp\/v2\/types\/page"}],"author":[{"embeddable":true,"href":"https:\/\/www.hadleygroup.com\/de\/wp-json\/wp\/v2\/users\/3"}],"replies":[{"embeddable":true,"href":"https:\/\/www.hadleygroup.com\/de\/wp-json\/wp\/v2\/comments?post=1921"}],"version-history":[{"count":7,"href":"https:\/\/www.hadleygroup.com\/de\/wp-json\/wp\/v2\/pages\/1921\/revisions"}],"predecessor-version":[{"id":4060,"href":"https:\/\/www.hadleygroup.com\/de\/wp-json\/wp\/v2\/pages\/1921\/revisions\/4060"}],"up":[{"embeddable":true,"href":"https:\/\/www.hadleygroup.com\/de\/wp-json\/wp\/v2\/pages\/2089"}],"wp:attachment":[{"href":"https:\/\/www.hadleygroup.com\/de\/wp-json\/wp\/v2\/media?parent=1921"}],"wp:term":[{"taxonomy":"category","embeddable":true,"href":"https:\/\/www.hadleygroup.com\/de\/wp-json\/wp\/v2\/categories?post=1921"}],"curies":[{"name":"wp","href":"https:\/\/api.w.org\/{rel}","templated":true}]}}