{"id":1886,"date":"2022-04-02T09:57:42","date_gmt":"2022-04-02T09:57:42","guid":{"rendered":"https:\/\/www.hadleygroup.com\/ultrasteel\/"},"modified":"2025-09-08T10:56:49","modified_gmt":"2025-09-08T10:56:49","slug":"ultrasteel","status":"publish","type":"page","link":"https:\/\/www.hadleygroup.com\/de\/rollformen-nach-mass\/ultrasteel\/","title":{"rendered":"UltraSteel\u00ae"},"content":{"rendered":"<background-video inline-template :autoplay=\"true\" video=\"\"> \n<section class=\"wp-block-stradigi-gutenberg-hero g-hero container-fluid p-0 g-hero--has-overlay\" style=\"background-image:url(&quot;https:\/\/www.hadleygroup.com\/app\/uploads\/2022\/04\/Hadley-Group-Produt1243000376.jpg&quot;)\" data-youtube-url=\"\"><div class=\"g-hero--filter\"><\/div><div class=\"g-hero__container container\"><div class=\"g-hero__wrap\"><h1 class=\"g-hero__heading\">HadleyULTRASTEEL<sup>\u00ae<\/sup><\/h1><div class=\"g-hero__body\"><div class=\"g-hero__body__text\"><p><strong>Stronger, lighter and better for the Planet<\/strong>.<br\/>Get access to our exclusive UltraSTEEL\u00ae technology to produce stronger roll-formed products using less material.\u00a0<\/p><\/div><div class=\"g-hero__body__buttons\"><a href=\"https:\/\/www.hadleygroup.com\/de\/kontakt\/\" class=\"c-button\">Contact Us<i class=\"fas fa-sm fa-chevron-right\"><\/i><\/a><\/div><\/div><\/div><div class=\"g-hero__chevron__container d-none d-lg-block\"><i class=\"fas fa-chevron-down fa-3x scrollDown\"><\/i><\/div><\/div><\/section>\n <\/background-video><div class=\"JB-1 h-section-background\">\n<section class=\"wp-block-stradigi-gutenberg-fixed-spacer g-spacer g-spacer--size-medium\"><\/section>\n<\/div><section class=\"JB-1 h-section-background g-text\"><div class=\"container\"><div class=\"row\"><div class=\"col-lg-8\"><div class=\"g-text__title\">\n<h6 class=\"wp-block-heading\">Das international patentierte <sup>UltraSTEEL\u00ae-Verfahren<\/sup> der Hadley Group ist eine Kaltwalztechnologie, die es Ihnen erm\u00f6glicht, die Produkteffizienz zu verbessern, Gewicht zu sparen und den Einsatz von Rohstoffen zu reduzieren.  <\/h6>\n<\/div><\/div><\/div><\/div><\/section><accordion inline-template> <div class=\"JB-1 h-section-background\">\n<section class=\"wp-block-stradigi-gutenberg-accordion g-accordion\"><div class=\"container g-accordion__wrapper-relative\"><div class=\"row g-accordion__wrapper-relative-fg\"><div class=\"col-md-7\"><div class=\"g-accordion__container\"><h2 class=\"g-accordion__title\"><strong>Fully patented and exclusive to Hadley<\/strong>\u00a0<\/h2><ul class=\"g-accordion__list\"><li class=\"g-accordion__list-item\"><header class=\"g-accordion__list-header\"><i v-if=\"itemActive(0)\" class=\"fas fa-minus-circle g-accordion__list-icon g-accordion__list-icon--minus\"><\/i><i v-if=\"!itemActive(0)\" class=\"fas fa-plus-circle g-accordion__list-icon g-accordion__list-icon--plus\" @click=\"setActive(0)\"><\/i><h3 class=\"g-accordion__list-title\"><strong>Create stronger metal parts<\/strong>\u00a0<\/h3><\/header><p v-if=\"itemActive(0)\" class=\"g-accordion__list-text\">Produce metal profiles up to 20% stronger with our patented UltraSTEEL<sup>\u00ae<\/sup> roll-forming process.\u00a0<\/p><\/li><li class=\"g-accordion__list-item\"><header class=\"g-accordion__list-header\"><i v-if=\"itemActive(1)\" class=\"fas fa-minus-circle g-accordion__list-icon g-accordion__list-icon--minus\"><\/i><i v-if=\"!itemActive(1)\" class=\"fas fa-plus-circle g-accordion__list-icon g-accordion__list-icon--plus\" @click=\"setActive(1)\"><\/i><h3 class=\"g-accordion__list-title\"><strong>Use less material<\/strong>\u00a0<\/h3><\/header><p v-if=\"itemActive(1)\" class=\"g-accordion__list-text\">Cut the weight of your cold-rolled metal parts by up to 20% \u2014 without sacrificing strength or stability.\u00a0<\/p><\/li><li class=\"g-accordion__list-item\"><header class=\"g-accordion__list-header\"><i v-if=\"itemActive(2)\" class=\"fas fa-minus-circle g-accordion__list-icon g-accordion__list-icon--minus\"><\/i><i v-if=\"!itemActive(2)\" class=\"fas fa-plus-circle g-accordion__list-icon g-accordion__list-icon--plus\" @click=\"setActive(2)\"><\/i><h3 class=\"g-accordion__list-title\"><strong>Reduce your environmental impact<\/strong>\u00a0<\/h3><\/header><p v-if=\"itemActive(2)\" class=\"g-accordion__list-text\">Create thinner and lighter finished products to minimise your use of raw materials and the fuel used in transport.\u00a0<\/p><\/li><\/ul><\/div><\/div><\/div><div class=\"row g-accordion__wrapper-absolute\"><div class=\"offset-md-1 col-md-4 offset-lg-2 col-lg-3\"><div class=\"g-accordion__bg\" style=\"background-image:none\"><\/div><\/div><\/div><\/div><\/section>\n<\/div> <\/accordion><div class=\"JB-1 h-section-background\">\n<section class=\"wp-block-stradigi-gutenberg-fixed-spacer g-spacer g-spacer--size-small\"><\/section>\n<\/div><div class=\"JB-1 h-section-background\">\n<section class=\"wp-block-stradigi-gutenberg-text-image g-text-image\"><div class=\"container\"><div class=\"g-text-image__row row\"><div data-translate=\"true\" class=\"order-2 offset-xl-1 col-md-5\"><div class=\"g-text-image__content\"><section class=\"JB-1 h-section-background g-text\"><div class=\"container\"><div class=\"row\"><div class=\"col-lg-8\"><div class=\"g-text__bodytext\">\n<p class=\"has-x-large-font-size\" style=\"text-transform:uppercase\"><strong>Wie funktioniert das?<\/strong> <\/p>\n<\/div><\/div><\/div><\/div><\/section>\n\n<section class=\"JB-1 h-section-background g-text\"><div class=\"container\"><div class=\"row\"><div class=\"col-lg-8\"><div class=\"g-text__bodytext\">\n<p><sup>UltraSTEEL\u00ae<\/sup> ist ein patentiertes Verfahren zum Kaltwalzen von Metall, das in Ihre vollautomatische Produktionslinie integriert werden kann.  <\/p>\n<\/div><\/div><\/div><\/div><\/section>\n\n<section class=\"JB-1 h-section-background g-text\"><div class=\"container\"><div class=\"row\"><div class=\"col-lg-8\"><div class=\"g-text__bodytext\">\n<p>Indem die Bleche durch ein Paar strukturierter Walzen gef\u00fchrt werden, erh\u00e4lt das rollgeformte Metall einen gleichm\u00e4\u00dfigen Noppeneffekt.  <\/p>\n<\/div><\/div><\/div><\/div><\/section>\n\n<section class=\"JB-1 h-section-background g-text\"><div class=\"container\"><div class=\"row\"><div class=\"col-lg-8\"><div class=\"g-text__bodytext\">\n<p>Dieser Noppeneffekt verbessert die Festigkeit Ihrer fertigen Metallteile und hilft Ihnen, weniger Metall zu verwenden und die Umwelt zu schonen.  <\/p>\n<\/div><\/div><\/div><\/div><\/section><\/div><\/div><article data-translate=\"true\" class=\"order-1 col-md-7 col-xl-6\"><div class=\"g-text-image__sidenote\"><img decoding=\"async\" class=\"g-text-image__image\" src=\"https:\/\/www.hadleygroup.com\/app\/uploads\/2022\/05\/Ultrasteel-profile-close-up-1024x461.jpg\" alt=\"ultrasteel-profile-close-up\"\/><\/div><\/article><\/div><\/div><\/section>\n<\/div><div class=\"JB-1 h-section-background\">\n<section class=\"wp-block-stradigi-gutenberg-fixed-spacer g-spacer g-spacer--size-medium\"><\/section>\n<\/div><section class=\"JB-1 h-section-background g-text\"><div class=\"container\"><div class=\"row\"><div class=\"col-lg-8\"><div class=\"g-text__bodytext\">\n<p>Das 1982 eingef\u00fchrte und sowohl 2006 als auch 2014 mit dem Queen&#8217;s Award for Enterprise: Innovation ausgezeichnete Produkt pr\u00e4gt weiterhin die Verwendung von kaltgewalzten Metallen in einer Vielzahl von Anwendungen.  <\/p>\n<\/div><\/div><\/div><\/div><\/section><section class=\"JB-1 h-section-background g-text\"><div class=\"container\"><div class=\"row\"><div class=\"col-lg-8\"><div class=\"g-text__bodytext\">\n<ul class=\"wp-block-list\">\n<li>Das Ergebnis von mehr als 35 Jahren Investition in Forschung und Entwicklung  <\/li>\n\n\n\n<li>Bis zu 20% mehr Festigkeit, bis zu 20% weniger Rohmaterial  <\/li>\n\n\n\n<li>\u00dcber 1 Milliarde produzierte Meter pro Jahr  <\/li>\n\n\n\n<li>\u00dcber 100.000 Tonnen pro Jahr produziert  <\/li>\n\n\n\n<li>Hergestellt auf \u00fcber 300 Walzmaschinen weltweit  <\/li>\n<\/ul>\n<\/div><\/div><\/div><\/div><\/section><section class=\"JB-1 h-section-background g-text\"><div class=\"container\"><div class=\"row\"><div class=\"col-lg-8\"><div class=\"g-text__title\">\n<h2 class=\"wp-block-heading\">ST\u00c4RKER DURCH DESIGN<\/h2>\n<\/div><\/div><\/div><\/div><\/section><section class=\"JB-1 h-section-background g-text\"><div class=\"container\"><div class=\"row\"><div class=\"col-lg-8\"><div class=\"g-text__bodytext\">\n<p><sup>UltraSTEEL\u00ae<\/sup> ist ein kaltgewalztes Vorformverfahren mit einer genoppten Metallstruktur, die ein lokal kaltverfestigtes Grundmetall erzeugt. Das Metall, das zwischen den beiden Walzen geformt wird, erzeugt dieses Gr\u00fcbchenmuster auf der Oberfl\u00e4che des Materials. Die effektive Dicke des Materials wird erh\u00f6ht, indem das Band lokal auf das Doppelte seiner urspr\u00fcnglichen Dicke verformt wird, was zu einer erheblichen Kaltverfestigung und erh\u00f6hten Festigkeit f\u00fchrt.    <\/p>\n<\/div><\/div><\/div><\/div><\/section><section class=\"JB-1 h-section-background g-text\"><div class=\"container\"><div class=\"row\"><div class=\"col-lg-8\"><div class=\"g-text__title\">\n<h2 class=\"wp-block-heading\">GR\u00dcNER DURCH DESIGN<\/h2>\n<\/div><\/div><\/div><\/div><\/section><section class=\"JB-1 h-section-background g-text\"><div class=\"container\"><div class=\"row\"><div class=\"col-lg-8\"><div class=\"g-text__bodytext\">\n<p><sup>UltraSTEEL\u00ae<\/sup> Produkte verbrauchen weniger Metall, was die Auswirkungen Ihres Unternehmens auf die Umwelt reduziert. Das Ergebnis sind au\u00dferdem leichtere Produkte, die einen effizienteren Versand erm\u00f6glichen und die Umweltbelastung durch den Transport verringern. Diese Vorteile werden durch effiziente Produktdesigns, hochpr\u00e4zise Fertigungsm\u00f6glichkeiten und die M\u00f6glichkeit, den <sup>UltraSTEEL\u00ae<\/sup> Prozess auf recyceltes Metall anzuwenden, noch verst\u00e4rkt.    <\/p>\n<\/div><\/div><\/div><\/div><\/section><div class=\"JB-1 h-section-background\">\n<section class=\"wp-block-stradigi-gutenberg-text-image g-text-image\"><div class=\"container\"><div class=\"g-text-image__row row\"><div data-translate=\"true\" class=\"order-1 col-md-5\"><div class=\"g-text-image__content\"><section class=\"JB-1 h-section-background g-text\"><div class=\"container\"><div class=\"row\"><div class=\"col-lg-8\"><div class=\"g-text__title\">\n<h5 class=\"wp-block-heading\">VIRTUELLE SIMULATION<\/h5>\n<\/div><\/div><\/div><\/div><\/section>\n\n<section class=\"JB-1 h-section-background g-text\"><div class=\"container\"><div class=\"row\"><div class=\"col-lg-8\"><div class=\"g-text__bodytext\">\n<p> <br\/>Ihr Projekt wird von unseren Unterst\u00fctzungsleistungen profitieren &#8211; einschlie\u00dflich des Einsatzes einer hochentwickelten Simulationssoftware, um die Vorteile von <sup>UltraSTEEL\u00ae<\/sup> im Vergleich zu jedem Walzprodukt zu bewerten.  <\/p>\n<\/div><\/div><\/div><\/div><\/section>\n\n<section class=\"JB-1 h-section-background g-text\"><div class=\"container\"><div class=\"row\"><div class=\"col-lg-8\"><div class=\"g-text__bodytext\">\n<p><strong>Das <sup>UltraSTEEL\u00ae-Verfahren<\/sup>:  <\/strong><\/p>\n<\/div><\/div><\/div><\/div><\/section>\n\n<section class=\"JB-1 h-section-background g-text\"><div class=\"container\"><div class=\"row\"><div class=\"col-lg-8\"><div class=\"g-text__bodytext\">\n<ul class=\"wp-block-list\">\n<li>SCHRITT 1: Eine Simulation wird unter Verwendung Ihrer Materialeigenschaften und Metalldicke festgelegt.  <\/li>\n\n\n\n<li>SCHRITT 2: Die Umformung des gewalzten Produkts wird simuliert, um die Spannungs- und Dehnungsverteilung im Metall zu bestimmen.  <\/li>\n\n\n\n<li>SCHRITT 3: Ihr Produkt wird dann in einer Anordnung oder einem System, das der Anwendung entspricht, virtuell getestet.  <\/li>\n<\/ul>\n<\/div><\/div><\/div><\/div><\/section><\/div><\/div><article data-translate=\"true\" class=\"order-2 col-md-7 offset-xl-1 col-xl-6\"><div class=\"g-text-image__sidenote\"><img decoding=\"async\" class=\"g-text-image__image\" src=\"https:\/\/www.hadleygroup.com\/app\/uploads\/2022\/04\/DSC_1857-1024x464.jpg\" alt=\"dsc_1857\"\/><\/div><\/article><\/div><\/div><\/section>\n<\/div><div class=\"JB-1 h-section-background\">\n<section class=\"wp-block-stradigi-gutenberg-fixed-spacer g-spacer g-spacer--size-small\"><\/section>\n<\/div><div class=\"JB-1 h-section-background\">\n<section class=\"wp-block-stradigi-gutenberg-cta-one g-cta-one\"><div class=\"container\"><div class=\"g-cta-one__row row\"><div class=\"col-sm-12 col-lg-8\"><h2 class=\"g-cta-one__title\"><h2 class=\"g-cta-one__title\"><strong>See the benefits before production<\/strong><\/h2><\/h2><div class=\"g-cta-one__content\"><p>Our expert engineers use simulation technology to model the effects of UltraSTEEL<sup>\u00ae<\/sup> on your specific metal parts.\u00a0<br>\u00a0<br>Using the latest software to carry out virtual tests, we can simulate your specific materials and designs \u2014 to show you exactly how much our exclusive process can improve the strength of your parts.<\/p><\/div><div class=\"g-cta-one__buttons\"><a href=\"https:\/\/www.hadleygroup.com\/de\/kontakt\/\" class=\"g-cta-one__button-primary\" target=\"_blank\" rel=\"noopener\">Get in touch<i class=\"fas fa-sm fa-chevron-right\"><\/i><\/a><\/div><\/div><\/div><\/div><\/section>\n<\/div><div class=\"JB-1 h-section-background\">\n<section class=\"wp-block-stradigi-gutenberg-fixed-spacer g-spacer g-spacer--size-large\"><\/section>\n<\/div>","protected":false},"excerpt":{"rendered":"<p>Das international patentierte UltraSTEEL\u00ae-Verfahren der Hadley Group ist eine Kaltwalztechnologie, die es Ihnen erm\u00f6glicht, die Produkteffizienz zu verbessern, Gewicht zu\u2026 <a href=\"https:\/\/www.hadleygroup.com\/de\/rollformen-nach-mass\/ultrasteel\/\">&#8230;<\/a><\/p>\n","protected":false},"author":3,"featured_media":0,"parent":1819,"menu_order":0,"comment_status":"closed","ping_status":"closed","template":"","meta":{"_acf_changed":false,"footnotes":""},"categories":[100],"class_list":["post-1886","page","type-page","status-publish","hentry","category-custom-roll-forming-de"],"acf":[],"yoast_head":"<!-- This site is optimized with the Yoast SEO Premium plugin v25.1 (Yoast SEO v26.3) - https:\/\/yoast.com\/wordpress\/plugins\/seo\/ -->\n<title>UltraSTEEL\u00ae Technologie f\u00fcr st\u00e4rkere rollgeformte Produkte - Hadley Group<\/title>\n<meta name=\"description\" content=\"Das UltraSTEEL\u00ae-Verfahren der Hadley Group ist eine Kaltwalztechnologie, mit der Sie die Effizienz Ihrer Produkte verbessern k\u00f6nnen. Kontaktieren Sie uns!\" \/>\n<meta name=\"robots\" content=\"index, follow, max-snippet:-1, max-image-preview:large, max-video-preview:-1\" \/>\n<link rel=\"canonical\" href=\"https:\/\/www.hadleygroup.com\/de\/rollformen-nach-mass\/ultrasteel\/\" \/>\n<meta property=\"og:locale\" content=\"de_DE\" \/>\n<meta property=\"og:type\" content=\"article\" \/>\n<meta property=\"og:title\" content=\"UltraSteel\u00ae\" \/>\n<meta property=\"og:description\" content=\"Das UltraSTEEL\u00ae-Verfahren der Hadley Group ist eine Kaltwalztechnologie, mit der Sie die Effizienz Ihrer Produkte verbessern k\u00f6nnen. Kontaktieren Sie uns!\" \/>\n<meta property=\"og:url\" content=\"https:\/\/www.hadleygroup.com\/de\/rollformen-nach-mass\/ultrasteel\/\" \/>\n<meta property=\"og:site_name\" content=\"Hadley Group\" \/>\n<meta property=\"article:publisher\" content=\"https:\/\/www.facebook.com\/HadleyGroupGlobal\" \/>\n<meta property=\"article:modified_time\" content=\"2025-09-08T10:56:49+00:00\" \/>\n<meta property=\"og:image\" content=\"https:\/\/www.hadleygroup.com\/app\/uploads\/2022\/05\/Ultrasteel-profile-close-up-1024x461.jpg\" \/>\n<meta name=\"twitter:card\" content=\"summary_large_image\" \/>\n<meta name=\"twitter:site\" content=\"@hadley_group\" \/>\n<meta name=\"twitter:label1\" content=\"Est. reading time\" \/>\n\t<meta name=\"twitter:data1\" content=\"2 minutes\" \/>\n<script type=\"application\/ld+json\" class=\"yoast-schema-graph\">{\"@context\":\"https:\/\/schema.org\",\"@graph\":[{\"@type\":\"WebPage\",\"@id\":\"https:\/\/www.hadleygroup.com\/de\/rollformen-nach-mass\/ultrasteel\/\",\"url\":\"https:\/\/www.hadleygroup.com\/de\/rollformen-nach-mass\/ultrasteel\/\",\"name\":\"UltraSTEEL\u00ae Technologie f\u00fcr st\u00e4rkere rollgeformte Produkte - Hadley Group\",\"isPartOf\":{\"@id\":\"https:\/\/www.hadleygroup.com\/de\/#website\"},\"primaryImageOfPage\":{\"@id\":\"https:\/\/www.hadleygroup.com\/de\/rollformen-nach-mass\/ultrasteel\/#primaryimage\"},\"image\":{\"@id\":\"https:\/\/www.hadleygroup.com\/de\/rollformen-nach-mass\/ultrasteel\/#primaryimage\"},\"thumbnailUrl\":\"https:\/\/www.hadleygroup.com\/app\/uploads\/2022\/05\/Ultrasteel-profile-close-up-1024x461.jpg\",\"datePublished\":\"2022-04-02T09:57:42+00:00\",\"dateModified\":\"2025-09-08T10:56:49+00:00\",\"description\":\"Das UltraSTEEL\u00ae-Verfahren der Hadley Group ist eine Kaltwalztechnologie, mit der Sie die Effizienz Ihrer Produkte verbessern k\u00f6nnen. Kontaktieren Sie uns!\",\"breadcrumb\":{\"@id\":\"https:\/\/www.hadleygroup.com\/de\/rollformen-nach-mass\/ultrasteel\/#breadcrumb\"},\"inLanguage\":\"de-DE\",\"potentialAction\":[{\"@type\":\"ReadAction\",\"target\":[\"https:\/\/www.hadleygroup.com\/de\/rollformen-nach-mass\/ultrasteel\/\"]}]},{\"@type\":\"ImageObject\",\"inLanguage\":\"de-DE\",\"@id\":\"https:\/\/www.hadleygroup.com\/de\/rollformen-nach-mass\/ultrasteel\/#primaryimage\",\"url\":\"https:\/\/www.hadleygroup.com\/app\/uploads\/2022\/05\/Ultrasteel-profile-close-up-1024x461.jpg\",\"contentUrl\":\"https:\/\/www.hadleygroup.com\/app\/uploads\/2022\/05\/Ultrasteel-profile-close-up-1024x461.jpg\"},{\"@type\":\"BreadcrumbList\",\"@id\":\"https:\/\/www.hadleygroup.com\/de\/rollformen-nach-mass\/ultrasteel\/#breadcrumb\",\"itemListElement\":[{\"@type\":\"ListItem\",\"position\":1,\"name\":\"Home\",\"item\":\"https:\/\/www.hadleygroup.com\/de\/\"},{\"@type\":\"ListItem\",\"position\":2,\"name\":\"Rollformen nach Ma\u00df\",\"item\":\"https:\/\/www.hadleygroup.com\/de\/rollformen-nach-mass\/\"},{\"@type\":\"ListItem\",\"position\":3,\"name\":\"UltraSteel\u00ae\"}]},{\"@type\":\"WebSite\",\"@id\":\"https:\/\/www.hadleygroup.com\/de\/#website\",\"url\":\"https:\/\/www.hadleygroup.com\/de\/\",\"name\":\"Hadley Group\",\"description\":\"Shaping the Future in Metal\",\"publisher\":{\"@id\":\"https:\/\/www.hadleygroup.com\/de\/#organization\"},\"potentialAction\":[{\"@type\":\"SearchAction\",\"target\":{\"@type\":\"EntryPoint\",\"urlTemplate\":\"https:\/\/www.hadleygroup.com\/de\/?s={search_term_string}\"},\"query-input\":{\"@type\":\"PropertyValueSpecification\",\"valueRequired\":true,\"valueName\":\"search_term_string\"}}],\"inLanguage\":\"de-DE\"},{\"@type\":\"Organization\",\"@id\":\"https:\/\/www.hadleygroup.com\/de\/#organization\",\"name\":\"Hadley Group\",\"url\":\"https:\/\/www.hadleygroup.com\/de\/\",\"logo\":{\"@type\":\"ImageObject\",\"inLanguage\":\"de-DE\",\"@id\":\"https:\/\/www.hadleygroup.com\/de\/#\/schema\/logo\/image\/\",\"url\":\"https:\/\/www.hadleygroup.com\/app\/uploads\/2023\/01\/Hadley-Group-logo.jpg\",\"contentUrl\":\"https:\/\/www.hadleygroup.com\/app\/uploads\/2023\/01\/Hadley-Group-logo.jpg\",\"width\":1280,\"height\":300,\"caption\":\"Hadley Group\"},\"image\":{\"@id\":\"https:\/\/www.hadleygroup.com\/de\/#\/schema\/logo\/image\/\"},\"sameAs\":[\"https:\/\/www.facebook.com\/HadleyGroupGlobal\",\"https:\/\/x.com\/hadley_group\",\"https:\/\/www.youtube.com\/@HadleyGroupSmethwick\",\"https:\/\/www.linkedin.com\/company\/hadley-group-\/\"]}]}<\/script>\n<!-- \/ Yoast SEO Premium plugin. -->","yoast_head_json":{"title":"UltraSTEEL\u00ae Technologie f\u00fcr st\u00e4rkere rollgeformte Produkte - Hadley Group","description":"Das UltraSTEEL\u00ae-Verfahren der Hadley Group ist eine Kaltwalztechnologie, mit der Sie die Effizienz Ihrer Produkte verbessern k\u00f6nnen. Kontaktieren Sie uns!","robots":{"index":"index","follow":"follow","max-snippet":"max-snippet:-1","max-image-preview":"max-image-preview:large","max-video-preview":"max-video-preview:-1"},"canonical":"https:\/\/www.hadleygroup.com\/de\/rollformen-nach-mass\/ultrasteel\/","og_locale":"de_DE","og_type":"article","og_title":"UltraSteel\u00ae","og_description":"Das UltraSTEEL\u00ae-Verfahren der Hadley Group ist eine Kaltwalztechnologie, mit der Sie die Effizienz Ihrer Produkte verbessern k\u00f6nnen. Kontaktieren Sie uns!","og_url":"https:\/\/www.hadleygroup.com\/de\/rollformen-nach-mass\/ultrasteel\/","og_site_name":"Hadley Group","article_publisher":"https:\/\/www.facebook.com\/HadleyGroupGlobal","article_modified_time":"2025-09-08T10:56:49+00:00","og_image":[{"url":"https:\/\/www.hadleygroup.com\/app\/uploads\/2022\/05\/Ultrasteel-profile-close-up-1024x461.jpg","type":"","width":"","height":""}],"twitter_card":"summary_large_image","twitter_site":"@hadley_group","twitter_misc":{"Est. reading time":"2 minutes"},"schema":{"@context":"https:\/\/schema.org","@graph":[{"@type":"WebPage","@id":"https:\/\/www.hadleygroup.com\/de\/rollformen-nach-mass\/ultrasteel\/","url":"https:\/\/www.hadleygroup.com\/de\/rollformen-nach-mass\/ultrasteel\/","name":"UltraSTEEL\u00ae Technologie f\u00fcr st\u00e4rkere rollgeformte Produkte - Hadley Group","isPartOf":{"@id":"https:\/\/www.hadleygroup.com\/de\/#website"},"primaryImageOfPage":{"@id":"https:\/\/www.hadleygroup.com\/de\/rollformen-nach-mass\/ultrasteel\/#primaryimage"},"image":{"@id":"https:\/\/www.hadleygroup.com\/de\/rollformen-nach-mass\/ultrasteel\/#primaryimage"},"thumbnailUrl":"https:\/\/www.hadleygroup.com\/app\/uploads\/2022\/05\/Ultrasteel-profile-close-up-1024x461.jpg","datePublished":"2022-04-02T09:57:42+00:00","dateModified":"2025-09-08T10:56:49+00:00","description":"Das UltraSTEEL\u00ae-Verfahren der Hadley Group ist eine Kaltwalztechnologie, mit der Sie die Effizienz Ihrer Produkte verbessern k\u00f6nnen. Kontaktieren Sie uns!","breadcrumb":{"@id":"https:\/\/www.hadleygroup.com\/de\/rollformen-nach-mass\/ultrasteel\/#breadcrumb"},"inLanguage":"de-DE","potentialAction":[{"@type":"ReadAction","target":["https:\/\/www.hadleygroup.com\/de\/rollformen-nach-mass\/ultrasteel\/"]}]},{"@type":"ImageObject","inLanguage":"de-DE","@id":"https:\/\/www.hadleygroup.com\/de\/rollformen-nach-mass\/ultrasteel\/#primaryimage","url":"https:\/\/www.hadleygroup.com\/app\/uploads\/2022\/05\/Ultrasteel-profile-close-up-1024x461.jpg","contentUrl":"https:\/\/www.hadleygroup.com\/app\/uploads\/2022\/05\/Ultrasteel-profile-close-up-1024x461.jpg"},{"@type":"BreadcrumbList","@id":"https:\/\/www.hadleygroup.com\/de\/rollformen-nach-mass\/ultrasteel\/#breadcrumb","itemListElement":[{"@type":"ListItem","position":1,"name":"Home","item":"https:\/\/www.hadleygroup.com\/de\/"},{"@type":"ListItem","position":2,"name":"Rollformen nach Ma\u00df","item":"https:\/\/www.hadleygroup.com\/de\/rollformen-nach-mass\/"},{"@type":"ListItem","position":3,"name":"UltraSteel\u00ae"}]},{"@type":"WebSite","@id":"https:\/\/www.hadleygroup.com\/de\/#website","url":"https:\/\/www.hadleygroup.com\/de\/","name":"Hadley Group","description":"Shaping the Future in Metal","publisher":{"@id":"https:\/\/www.hadleygroup.com\/de\/#organization"},"potentialAction":[{"@type":"SearchAction","target":{"@type":"EntryPoint","urlTemplate":"https:\/\/www.hadleygroup.com\/de\/?s={search_term_string}"},"query-input":{"@type":"PropertyValueSpecification","valueRequired":true,"valueName":"search_term_string"}}],"inLanguage":"de-DE"},{"@type":"Organization","@id":"https:\/\/www.hadleygroup.com\/de\/#organization","name":"Hadley Group","url":"https:\/\/www.hadleygroup.com\/de\/","logo":{"@type":"ImageObject","inLanguage":"de-DE","@id":"https:\/\/www.hadleygroup.com\/de\/#\/schema\/logo\/image\/","url":"https:\/\/www.hadleygroup.com\/app\/uploads\/2023\/01\/Hadley-Group-logo.jpg","contentUrl":"https:\/\/www.hadleygroup.com\/app\/uploads\/2023\/01\/Hadley-Group-logo.jpg","width":1280,"height":300,"caption":"Hadley Group"},"image":{"@id":"https:\/\/www.hadleygroup.com\/de\/#\/schema\/logo\/image\/"},"sameAs":["https:\/\/www.facebook.com\/HadleyGroupGlobal","https:\/\/x.com\/hadley_group","https:\/\/www.youtube.com\/@HadleyGroupSmethwick","https:\/\/www.linkedin.com\/company\/hadley-group-\/"]}]}},"_links":{"self":[{"href":"https:\/\/www.hadleygroup.com\/de\/wp-json\/wp\/v2\/pages\/1886","targetHints":{"allow":["GET"]}}],"collection":[{"href":"https:\/\/www.hadleygroup.com\/de\/wp-json\/wp\/v2\/pages"}],"about":[{"href":"https:\/\/www.hadleygroup.com\/de\/wp-json\/wp\/v2\/types\/page"}],"author":[{"embeddable":true,"href":"https:\/\/www.hadleygroup.com\/de\/wp-json\/wp\/v2\/users\/3"}],"replies":[{"embeddable":true,"href":"https:\/\/www.hadleygroup.com\/de\/wp-json\/wp\/v2\/comments?post=1886"}],"version-history":[{"count":10,"href":"https:\/\/www.hadleygroup.com\/de\/wp-json\/wp\/v2\/pages\/1886\/revisions"}],"predecessor-version":[{"id":16179,"href":"https:\/\/www.hadleygroup.com\/de\/wp-json\/wp\/v2\/pages\/1886\/revisions\/16179"}],"up":[{"embeddable":true,"href":"https:\/\/www.hadleygroup.com\/de\/wp-json\/wp\/v2\/pages\/1819"}],"wp:attachment":[{"href":"https:\/\/www.hadleygroup.com\/de\/wp-json\/wp\/v2\/media?parent=1886"}],"wp:term":[{"taxonomy":"category","embeddable":true,"href":"https:\/\/www.hadleygroup.com\/de\/wp-json\/wp\/v2\/categories?post=1886"}],"curies":[{"name":"wp","href":"https:\/\/api.w.org\/{rel}","templated":true}]}}